{"id":17484,"date":"2025-01-21T20:19:34","date_gmt":"2025-01-21T19:19:34","guid":{"rendered":"https:\/\/www.matts-guitar-shop.com\/produit\/gibson-les-paul-1992-are-you-gonna-go-my-way-tour-ex-lenny-kravitz-y-craig-ross\/"},"modified":"2025-11-22T11:32:04","modified_gmt":"2025-11-22T10:32:04","slug":"gibson-les-paul-1992-are-you-gonna-go-my-way-tour-ex-lenny-kravitz-y-craig-ross","status":"publish","type":"product","link":"https:\/\/www.matts-guitar-shop.com\/es\/produit\/gibson-les-paul-1992-are-you-gonna-go-my-way-tour-ex-lenny-kravitz-y-craig-ross\/","title":{"rendered":"Gibson Les Paul 1992 &#8211; Are You Gonna Go My Way Tour ex Lenny Kravitz y Craig Ross"},"content":{"rendered":"<h2>Lenny Kravitz<\/h2>\n<p>Lenny Kravitz parece estar hecho de esa materia rara y misteriosa que compone a las grandes estrellas. Con el paso de los a\u00f1os, ha atravesado \u00e9pocas, estilos, g\u00e9neros y culturas hasta imponerse como una figura central de la cultura contempor\u00e1nea. Dise\u00f1ador, arquitecto, actor, modelo, productor, fot\u00f3grafo, pero ante todo m\u00fasico, es uno de esos creadores polifac\u00e9ticos capaces de dar forma a cualquier cosa. Todos reconocen su estilizada silueta y su voz rasgada, ya sea al escucharlo en la radio o al verlo en una alfombra roja. El aura de Kravitz ha trascendido su m\u00fasica, convirti\u00e9ndolo hoy en un referente ineludible de la escena cultural mundial.<\/p>\n<p>La m\u00fasica de Lenny Kravitz es una concentraci\u00f3n de energ\u00eda rock cruda. Su voz profunda y sus melod\u00edas trascienden los g\u00e9neros. Ya sea escribiendo riffs de guitarra electrizantes o lanz\u00e1ndose a intensas l\u00edneas pop al piano, Kravitz juega con los registros musicales, a\u00f1adiendo bajos funk y toques de rhythm &amp; blues para conquistar a todas las generaciones. Lenny Kravitz destaca en todo lo que hace \u2014 prueba de ello son sus giras mundiales con entradas agotadas, donde el p\u00fablico corea tanto sus cl\u00e1sicos de ayer como sus \u00e9xitos actuales.<\/p>\n<p>Su r\u00e1pida asociaci\u00f3n con <strong>Craig Ross<\/strong>, un m\u00fasico virtuoso a la altura de los m\u00e1s grandes guitar heroes, los llev\u00f3 a la cima de las listas y a los escenarios m\u00e1s importantes del mundo. Hoy forman un d\u00fao c\u00f3mplice y creativo, record\u00e1ndonos que la historia de la m\u00fasica a menudo se construye a partir de alianzas complementarias.<\/p>\n","protected":false},"excerpt":{"rendered":"<p>Para cualquier pregunta relacionada con esta guitarra, por favor p\u00f3ngase en contacto con nosotros.<\/p>\n","protected":false},"featured_media":17485,"comment_status":"open","ping_status":"closed","template":"","meta":{"_et_pb_use_builder":"","_et_pb_old_content":"","_et_gb_content_width":""},"product_brand":[],"product_cat":[654,659,655],"product_tag":[],"class_list":{"0":"post-17484","1":"product","2":"type-product","3":"status-publish","4":"has-post-thumbnail","6":"product_cat-vendidos","7":"product_cat-guitarras-electricas","8":"product_cat-guitarras","9":"pa_artiste-craig-ross-es","10":"pa_artiste-lenny-kravitz-es","11":"pa_disponibilite-vendido","12":"pa_marque-gibson-es","14":"first","15":"outofstock","16":"shipping-taxable","17":"product-type-simple"},"yoast_head":"<!-- This site is optimized with the Yoast SEO plugin v26.8 - https:\/\/yoast.com\/product\/yoast-seo-wordpress\/ -->\n<title>Gibson Les Paul 1992 - Are You Gonna Go My Way Tour ex Lenny Kravitz y Craig Ross - Matt&#039;s Guitar Shop<\/title>\n<meta name=\"description\" content=\"Gibson Les Paul Standard 1992 \u201cAre You Gonna Go My Way Tour\u201d ex-Lenny Kravitz &amp; Craig Ross. Guitarra hist\u00f3rica y de colecci\u00f3n, disponible en Matt\u2019s Guitar Shop.\" \/>\n<meta name=\"robots\" content=\"index, follow, max-snippet:-1, max-image-preview:large, max-video-preview:-1\" \/>\n<link rel=\"canonical\" href=\"https:\/\/www.matts-guitar-shop.com\/es\/produit\/gibson-les-paul-1992-are-you-gonna-go-my-way-tour-ex-lenny-kravitz-y-craig-ross\/\" \/>\n<meta property=\"og:locale\" content=\"es_ES\" \/>\n<meta property=\"og:type\" content=\"article\" \/>\n<meta property=\"og:title\" content=\"Gibson Les Paul 1992 - Are You Gonna Go My Way Tour ex Lenny Kravitz y Craig Ross - Matt&#039;s Guitar Shop\" \/>\n<meta property=\"og:description\" content=\"Gibson Les Paul Standard 1992 \u201cAre You Gonna Go My Way Tour\u201d ex-Lenny Kravitz &amp; Craig Ross. Guitarra hist\u00f3rica y de colecci\u00f3n, disponible en Matt\u2019s Guitar Shop.\" \/>\n<meta property=\"og:url\" content=\"https:\/\/www.matts-guitar-shop.com\/es\/produit\/gibson-les-paul-1992-are-you-gonna-go-my-way-tour-ex-lenny-kravitz-y-craig-ross\/\" \/>\n<meta property=\"og:site_name\" content=\"Matt&#039;s Guitar Shop\" \/>\n<meta property=\"article:publisher\" content=\"https:\/\/www.facebook.com\/profile.php?id=100044359842817\" \/>\n<meta property=\"article:modified_time\" content=\"2025-11-22T10:32:04+00:00\" \/>\n<meta property=\"og:image\" content=\"https:\/\/www.matts-guitar-shop.com\/wp-content\/uploads\/2025\/01\/gibson-les-paul-1992-tour-ex-lenny-kravitz-et-craig-ross-60.jpg\" \/>\n\t<meta property=\"og:image:width\" content=\"800\" \/>\n\t<meta property=\"og:image:height\" content=\"1000\" \/>\n\t<meta property=\"og:image:type\" content=\"image\/jpeg\" \/>\n<meta name=\"twitter:card\" content=\"summary_large_image\" \/>\n<meta name=\"twitter:label1\" content=\"Tiempo de lectura\" \/>\n\t<meta name=\"twitter:data1\" content=\"1 minuto\" \/>\n<script type=\"application\/ld+json\" class=\"yoast-schema-graph\">{\"@context\":\"https:\/\/schema.org\",\"@graph\":[{\"@type\":\"WebPage\",\"@id\":\"https:\/\/www.matts-guitar-shop.com\/es\/produit\/gibson-les-paul-1992-are-you-gonna-go-my-way-tour-ex-lenny-kravitz-y-craig-ross\/\",\"url\":\"https:\/\/www.matts-guitar-shop.com\/es\/produit\/gibson-les-paul-1992-are-you-gonna-go-my-way-tour-ex-lenny-kravitz-y-craig-ross\/\",\"name\":\"Gibson Les Paul 1992 - Are You Gonna Go My Way Tour ex Lenny Kravitz y Craig Ross - Matt&#039;s Guitar Shop\",\"isPartOf\":{\"@id\":\"https:\/\/www.matts-guitar-shop.com\/es\/#website\"},\"primaryImageOfPage\":{\"@id\":\"https:\/\/www.matts-guitar-shop.com\/es\/produit\/gibson-les-paul-1992-are-you-gonna-go-my-way-tour-ex-lenny-kravitz-y-craig-ross\/#primaryimage\"},\"image\":{\"@id\":\"https:\/\/www.matts-guitar-shop.com\/es\/produit\/gibson-les-paul-1992-are-you-gonna-go-my-way-tour-ex-lenny-kravitz-y-craig-ross\/#primaryimage\"},\"thumbnailUrl\":\"https:\/\/www.matts-guitar-shop.com\/wp-content\/uploads\/2025\/01\/gibson-les-paul-1992-tour-ex-lenny-kravitz-et-craig-ross-60.jpg\",\"datePublished\":\"2025-01-21T19:19:34+00:00\",\"dateModified\":\"2025-11-22T10:32:04+00:00\",\"description\":\"Gibson Les Paul Standard 1992 \u201cAre You Gonna Go My Way Tour\u201d ex-Lenny Kravitz & Craig Ross. Guitarra hist\u00f3rica y de colecci\u00f3n, disponible en Matt\u2019s Guitar Shop.\",\"breadcrumb\":{\"@id\":\"https:\/\/www.matts-guitar-shop.com\/es\/produit\/gibson-les-paul-1992-are-you-gonna-go-my-way-tour-ex-lenny-kravitz-y-craig-ross\/#breadcrumb\"},\"inLanguage\":\"es\",\"potentialAction\":[{\"@type\":\"ReadAction\",\"target\":[\"https:\/\/www.matts-guitar-shop.com\/es\/produit\/gibson-les-paul-1992-are-you-gonna-go-my-way-tour-ex-lenny-kravitz-y-craig-ross\/\"]}]},{\"@type\":\"ImageObject\",\"inLanguage\":\"es\",\"@id\":\"https:\/\/www.matts-guitar-shop.com\/es\/produit\/gibson-les-paul-1992-are-you-gonna-go-my-way-tour-ex-lenny-kravitz-y-craig-ross\/#primaryimage\",\"url\":\"https:\/\/www.matts-guitar-shop.com\/wp-content\/uploads\/2025\/01\/gibson-les-paul-1992-tour-ex-lenny-kravitz-et-craig-ross-60.jpg\",\"contentUrl\":\"https:\/\/www.matts-guitar-shop.com\/wp-content\/uploads\/2025\/01\/gibson-les-paul-1992-tour-ex-lenny-kravitz-et-craig-ross-60.jpg\",\"width\":800,\"height\":1000},{\"@type\":\"BreadcrumbList\",\"@id\":\"https:\/\/www.matts-guitar-shop.com\/es\/produit\/gibson-les-paul-1992-are-you-gonna-go-my-way-tour-ex-lenny-kravitz-y-craig-ross\/#breadcrumb\",\"itemListElement\":[{\"@type\":\"ListItem\",\"position\":1,\"name\":\"Inicio\",\"item\":\"https:\/\/www.matts-guitar-shop.com\/es\/\"},{\"@type\":\"ListItem\",\"position\":2,\"name\":\"Tienda\",\"item\":\"https:\/\/www.matts-guitar-shop.com\/es\/tienda\/\"},{\"@type\":\"ListItem\",\"position\":3,\"name\":\"Gibson Les Paul 1992 &#8211; Are You Gonna Go My Way Tour ex Lenny Kravitz y Craig Ross\"}]},{\"@type\":\"WebSite\",\"@id\":\"https:\/\/www.matts-guitar-shop.com\/es\/#website\",\"url\":\"https:\/\/www.matts-guitar-shop.com\/es\/\",\"name\":\"matts-guitar-shop.com\",\"description\":\"Guitar Shop\",\"publisher\":{\"@id\":\"https:\/\/www.matts-guitar-shop.com\/es\/#organization\"},\"potentialAction\":[{\"@type\":\"SearchAction\",\"target\":{\"@type\":\"EntryPoint\",\"urlTemplate\":\"https:\/\/www.matts-guitar-shop.com\/es\/?s={search_term_string}\"},\"query-input\":{\"@type\":\"PropertyValueSpecification\",\"valueRequired\":true,\"valueName\":\"search_term_string\"}}],\"inLanguage\":\"es\"},{\"@type\":\"Organization\",\"@id\":\"https:\/\/www.matts-guitar-shop.com\/es\/#organization\",\"name\":\"matts-guitar-shop.com\",\"url\":\"https:\/\/www.matts-guitar-shop.com\/es\/\",\"logo\":{\"@type\":\"ImageObject\",\"inLanguage\":\"es\",\"@id\":\"https:\/\/www.matts-guitar-shop.com\/es\/#\/schema\/logo\/image\/\",\"url\":\"https:\/\/www.matts-guitar-shop.com\/wp-content\/uploads\/2024\/09\/MGS-logo-site-02.png\",\"contentUrl\":\"https:\/\/www.matts-guitar-shop.com\/wp-content\/uploads\/2024\/09\/MGS-logo-site-02.png\",\"width\":200,\"height\":122,\"caption\":\"matts-guitar-shop.com\"},\"image\":{\"@id\":\"https:\/\/www.matts-guitar-shop.com\/es\/#\/schema\/logo\/image\/\"},\"sameAs\":[\"https:\/\/www.facebook.com\/profile.php?id=100044359842817\",\"https:\/\/www.instagram.com\/mattsguitarshop\/\",\"https:\/\/www.youtube.com\/@MattLucasMan\/videos\"]}]}<\/script>\n<!-- \/ Yoast SEO plugin. -->","yoast_head_json":{"title":"Gibson Les Paul 1992 - Are You Gonna Go My Way Tour ex Lenny Kravitz y Craig Ross - Matt&#039;s Guitar Shop","description":"Gibson Les Paul Standard 1992 \u201cAre You Gonna Go My Way Tour\u201d ex-Lenny Kravitz & Craig Ross. Guitarra hist\u00f3rica y de colecci\u00f3n, disponible en Matt\u2019s Guitar Shop.","robots":{"index":"index","follow":"follow","max-snippet":"max-snippet:-1","max-image-preview":"max-image-preview:large","max-video-preview":"max-video-preview:-1"},"canonical":"https:\/\/www.matts-guitar-shop.com\/es\/produit\/gibson-les-paul-1992-are-you-gonna-go-my-way-tour-ex-lenny-kravitz-y-craig-ross\/","og_locale":"es_ES","og_type":"article","og_title":"Gibson Les Paul 1992 - Are You Gonna Go My Way Tour ex Lenny Kravitz y Craig Ross - Matt&#039;s Guitar Shop","og_description":"Gibson Les Paul Standard 1992 \u201cAre You Gonna Go My Way Tour\u201d ex-Lenny Kravitz & Craig Ross. Guitarra hist\u00f3rica y de colecci\u00f3n, disponible en Matt\u2019s Guitar Shop.","og_url":"https:\/\/www.matts-guitar-shop.com\/es\/produit\/gibson-les-paul-1992-are-you-gonna-go-my-way-tour-ex-lenny-kravitz-y-craig-ross\/","og_site_name":"Matt&#039;s Guitar Shop","article_publisher":"https:\/\/www.facebook.com\/profile.php?id=100044359842817","article_modified_time":"2025-11-22T10:32:04+00:00","og_image":[{"width":800,"height":1000,"url":"https:\/\/www.matts-guitar-shop.com\/wp-content\/uploads\/2025\/01\/gibson-les-paul-1992-tour-ex-lenny-kravitz-et-craig-ross-60.jpg","type":"image\/jpeg"}],"twitter_card":"summary_large_image","twitter_misc":{"Tiempo de lectura":"1 minuto"},"schema":{"@context":"https:\/\/schema.org","@graph":[{"@type":"WebPage","@id":"https:\/\/www.matts-guitar-shop.com\/es\/produit\/gibson-les-paul-1992-are-you-gonna-go-my-way-tour-ex-lenny-kravitz-y-craig-ross\/","url":"https:\/\/www.matts-guitar-shop.com\/es\/produit\/gibson-les-paul-1992-are-you-gonna-go-my-way-tour-ex-lenny-kravitz-y-craig-ross\/","name":"Gibson Les Paul 1992 - Are You Gonna Go My Way Tour ex Lenny Kravitz y Craig Ross - Matt&#039;s Guitar Shop","isPartOf":{"@id":"https:\/\/www.matts-guitar-shop.com\/es\/#website"},"primaryImageOfPage":{"@id":"https:\/\/www.matts-guitar-shop.com\/es\/produit\/gibson-les-paul-1992-are-you-gonna-go-my-way-tour-ex-lenny-kravitz-y-craig-ross\/#primaryimage"},"image":{"@id":"https:\/\/www.matts-guitar-shop.com\/es\/produit\/gibson-les-paul-1992-are-you-gonna-go-my-way-tour-ex-lenny-kravitz-y-craig-ross\/#primaryimage"},"thumbnailUrl":"https:\/\/www.matts-guitar-shop.com\/wp-content\/uploads\/2025\/01\/gibson-les-paul-1992-tour-ex-lenny-kravitz-et-craig-ross-60.jpg","datePublished":"2025-01-21T19:19:34+00:00","dateModified":"2025-11-22T10:32:04+00:00","description":"Gibson Les Paul Standard 1992 \u201cAre You Gonna Go My Way Tour\u201d ex-Lenny Kravitz & Craig Ross. Guitarra hist\u00f3rica y de colecci\u00f3n, disponible en Matt\u2019s Guitar Shop.","breadcrumb":{"@id":"https:\/\/www.matts-guitar-shop.com\/es\/produit\/gibson-les-paul-1992-are-you-gonna-go-my-way-tour-ex-lenny-kravitz-y-craig-ross\/#breadcrumb"},"inLanguage":"es","potentialAction":[{"@type":"ReadAction","target":["https:\/\/www.matts-guitar-shop.com\/es\/produit\/gibson-les-paul-1992-are-you-gonna-go-my-way-tour-ex-lenny-kravitz-y-craig-ross\/"]}]},{"@type":"ImageObject","inLanguage":"es","@id":"https:\/\/www.matts-guitar-shop.com\/es\/produit\/gibson-les-paul-1992-are-you-gonna-go-my-way-tour-ex-lenny-kravitz-y-craig-ross\/#primaryimage","url":"https:\/\/www.matts-guitar-shop.com\/wp-content\/uploads\/2025\/01\/gibson-les-paul-1992-tour-ex-lenny-kravitz-et-craig-ross-60.jpg","contentUrl":"https:\/\/www.matts-guitar-shop.com\/wp-content\/uploads\/2025\/01\/gibson-les-paul-1992-tour-ex-lenny-kravitz-et-craig-ross-60.jpg","width":800,"height":1000},{"@type":"BreadcrumbList","@id":"https:\/\/www.matts-guitar-shop.com\/es\/produit\/gibson-les-paul-1992-are-you-gonna-go-my-way-tour-ex-lenny-kravitz-y-craig-ross\/#breadcrumb","itemListElement":[{"@type":"ListItem","position":1,"name":"Inicio","item":"https:\/\/www.matts-guitar-shop.com\/es\/"},{"@type":"ListItem","position":2,"name":"Tienda","item":"https:\/\/www.matts-guitar-shop.com\/es\/tienda\/"},{"@type":"ListItem","position":3,"name":"Gibson Les Paul 1992 &#8211; Are You Gonna Go My Way Tour ex Lenny Kravitz y Craig Ross"}]},{"@type":"WebSite","@id":"https:\/\/www.matts-guitar-shop.com\/es\/#website","url":"https:\/\/www.matts-guitar-shop.com\/es\/","name":"matts-guitar-shop.com","description":"Guitar Shop","publisher":{"@id":"https:\/\/www.matts-guitar-shop.com\/es\/#organization"},"potentialAction":[{"@type":"SearchAction","target":{"@type":"EntryPoint","urlTemplate":"https:\/\/www.matts-guitar-shop.com\/es\/?s={search_term_string}"},"query-input":{"@type":"PropertyValueSpecification","valueRequired":true,"valueName":"search_term_string"}}],"inLanguage":"es"},{"@type":"Organization","@id":"https:\/\/www.matts-guitar-shop.com\/es\/#organization","name":"matts-guitar-shop.com","url":"https:\/\/www.matts-guitar-shop.com\/es\/","logo":{"@type":"ImageObject","inLanguage":"es","@id":"https:\/\/www.matts-guitar-shop.com\/es\/#\/schema\/logo\/image\/","url":"https:\/\/www.matts-guitar-shop.com\/wp-content\/uploads\/2024\/09\/MGS-logo-site-02.png","contentUrl":"https:\/\/www.matts-guitar-shop.com\/wp-content\/uploads\/2024\/09\/MGS-logo-site-02.png","width":200,"height":122,"caption":"matts-guitar-shop.com"},"image":{"@id":"https:\/\/www.matts-guitar-shop.com\/es\/#\/schema\/logo\/image\/"},"sameAs":["https:\/\/www.facebook.com\/profile.php?id=100044359842817","https:\/\/www.instagram.com\/mattsguitarshop\/","https:\/\/www.youtube.com\/@MattLucasMan\/videos"]}]}},"_links":{"self":[{"href":"https:\/\/www.matts-guitar-shop.com\/es\/wp-json\/wp\/v2\/product\/17484","targetHints":{"allow":["GET"]}}],"collection":[{"href":"https:\/\/www.matts-guitar-shop.com\/es\/wp-json\/wp\/v2\/product"}],"about":[{"href":"https:\/\/www.matts-guitar-shop.com\/es\/wp-json\/wp\/v2\/types\/product"}],"replies":[{"embeddable":true,"href":"https:\/\/www.matts-guitar-shop.com\/es\/wp-json\/wp\/v2\/comments?post=17484"}],"wp:featuredmedia":[{"embeddable":true,"href":"https:\/\/www.matts-guitar-shop.com\/es\/wp-json\/wp\/v2\/media\/17485"}],"wp:attachment":[{"href":"https:\/\/www.matts-guitar-shop.com\/es\/wp-json\/wp\/v2\/media?parent=17484"}],"wp:term":[{"taxonomy":"product_brand","embeddable":true,"href":"https:\/\/www.matts-guitar-shop.com\/es\/wp-json\/wp\/v2\/product_brand?post=17484"},{"taxonomy":"product_cat","embeddable":true,"href":"https:\/\/www.matts-guitar-shop.com\/es\/wp-json\/wp\/v2\/product_cat?post=17484"},{"taxonomy":"product_tag","embeddable":true,"href":"https:\/\/www.matts-guitar-shop.com\/es\/wp-json\/wp\/v2\/product_tag?post=17484"}],"curies":[{"name":"wp","href":"https:\/\/api.w.org\/{rel}","templated":true}]}}