{"id":17347,"date":"2025-02-11T10:36:38","date_gmt":"2025-02-11T09:36:38","guid":{"rendered":"https:\/\/www.matts-guitar-shop.com\/produit\/deryck-whibleys-fender-telecaster-1973\/"},"modified":"2025-11-22T16:54:33","modified_gmt":"2025-11-22T15:54:33","slug":"deryck-whibleys-fender-telecaster-1973","status":"publish","type":"product","link":"https:\/\/www.matts-guitar-shop.com\/es\/produit\/deryck-whibleys-fender-telecaster-1973\/","title":{"rendered":"Deryck Whibley\u2019s Fender Telecaster 1973"},"content":{"rendered":"<h2>Deryck Whibley<\/h2>\n<p>A mediados de los a\u00f1os 2000, varios grupos se destacaron como l\u00edderes de un movimiento celebrado por la juventud de todo el mundo: el regreso del punk y el auge del pop-punk. Entre ellos, <strong>Sum 41<\/strong> se situ\u00f3 a la cabeza junto a Green Day y Blink-182. Como buen l\u00edder de una banda que arrasaba en las radios internacionales, el canadiense <strong>Deryck Whibley<\/strong> llev\u00f3 al grupo a lo m\u00e1s alto, llegando incluso a superar un per\u00edodo dif\u00edcil para devolver a Sum 41 su estatus de referencia dentro de su g\u00e9nero musical.<\/p>\n<p>Una cosa es segura: los entra\u00f1ables Sum 41 nunca han buscado la t\u00e9cnica por encima de todo. Fieles a su esp\u00edritu punk, su f\u00f3rmula siempre ha sido la misma: cuatro acordes r\u00e1pidos y un estribillo contundente. Siguiendo esta receta, se convirtieron en referentes absolutos con \u00e9xitos como \u201cIn Too Deep\u201d, \u201cStill Waiting\u201d o \u201cFat Lip\u201d.<\/p>\n<p>La banda canadiense encaden\u00f3 \u00e1lbum tras \u00e1lbum repleto de himnos punk que toman justo lo necesario del metal y del pop, ofreciendo sin descanso peque\u00f1as joyas llenas de energ\u00eda. L\u00edder incansable, Deryck Whibley asumi\u00f3 su papel hasta la gira de despedida del grupo y su \u00faltimo concierto en enero de 2025. Fue el compositor inspirado detr\u00e1s de los mayores \u00e9xitos de Sum 41 (y de buena parte del punk contempor\u00e1neo), el capit\u00e1n que enderez\u00f3 el rumbo en los a\u00f1os 2010 y quien devolvi\u00f3 al grupo su estatus de referencia indiscutible en su \u00faltima noche sobre el escenario, en Toronto, en enero de 2025. Tambi\u00e9n es un productor musical experimentado, capaz de aconsejar y acompa\u00f1ar desde su home-studio, donde re\u00fane guitarras siempre elegidas con cuidado. El punk no impide tocar guitarras de alta calidad\u2026 sin romperlas.<\/p>\n","protected":false},"excerpt":{"rendered":"<p>Para cualquier consulta sobre esta guitarra, por favor cont\u00e1ctenos.<\/p>\n","protected":false},"featured_media":17348,"comment_status":"open","ping_status":"closed","template":"","meta":{"_et_pb_use_builder":"","_et_pb_old_content":"","_et_gb_content_width":""},"product_brand":[],"product_cat":[659,652,655],"product_tag":[],"class_list":{"0":"post-17347","1":"product","2":"type-product","3":"status-publish","4":"has-post-thumbnail","6":"product_cat-guitarras-electricas","7":"product_cat-artistas","8":"product_cat-guitarras","9":"pa_artiste-deryck-whibley-es","10":"pa_disponibilite-en-venta","11":"pa_marque-fender-es","13":"first","14":"instock","15":"shipping-taxable","16":"purchasable","17":"product-type-simple"},"yoast_head":"<!-- This site is optimized with the Yoast SEO plugin v26.8 - https:\/\/yoast.com\/product\/yoast-seo-wordpress\/ -->\n<title>Deryck Whibley\u2019s Fender Telecaster 1973 - Matt&#039;s Guitar Shop<\/title>\n<meta name=\"robots\" content=\"index, follow, max-snippet:-1, max-image-preview:large, max-video-preview:-1\" \/>\n<link rel=\"canonical\" href=\"https:\/\/www.matts-guitar-shop.com\/es\/produit\/deryck-whibleys-fender-telecaster-1973\/\" \/>\n<meta property=\"og:locale\" content=\"es_ES\" \/>\n<meta property=\"og:type\" content=\"article\" \/>\n<meta property=\"og:title\" content=\"Deryck Whibley\u2019s Fender Telecaster 1973 - Matt&#039;s Guitar Shop\" \/>\n<meta property=\"og:description\" content=\"Para cualquier consulta sobre esta guitarra, por favor cont\u00e1ctenos.\" \/>\n<meta property=\"og:url\" content=\"https:\/\/www.matts-guitar-shop.com\/es\/produit\/deryck-whibleys-fender-telecaster-1973\/\" \/>\n<meta property=\"og:site_name\" content=\"Matt&#039;s Guitar Shop\" \/>\n<meta property=\"article:publisher\" content=\"https:\/\/www.facebook.com\/profile.php?id=100044359842817\" \/>\n<meta property=\"article:modified_time\" content=\"2025-11-22T15:54:33+00:00\" \/>\n<meta property=\"og:image\" content=\"https:\/\/www.matts-guitar-shop.com\/wp-content\/uploads\/2025\/02\/deryck-whibley-fender-telecaster-1973-71.jpg\" \/>\n\t<meta property=\"og:image:width\" content=\"900\" \/>\n\t<meta property=\"og:image:height\" content=\"1125\" \/>\n\t<meta property=\"og:image:type\" content=\"image\/jpeg\" \/>\n<meta name=\"twitter:card\" content=\"summary_large_image\" \/>\n<meta name=\"twitter:label1\" content=\"Tiempo de lectura\" \/>\n\t<meta name=\"twitter:data1\" content=\"1 minuto\" \/>\n<script type=\"application\/ld+json\" class=\"yoast-schema-graph\">{\"@context\":\"https:\/\/schema.org\",\"@graph\":[{\"@type\":\"WebPage\",\"@id\":\"https:\/\/www.matts-guitar-shop.com\/es\/produit\/deryck-whibleys-fender-telecaster-1973\/\",\"url\":\"https:\/\/www.matts-guitar-shop.com\/es\/produit\/deryck-whibleys-fender-telecaster-1973\/\",\"name\":\"Deryck Whibley\u2019s Fender Telecaster 1973 - Matt&#039;s Guitar Shop\",\"isPartOf\":{\"@id\":\"https:\/\/www.matts-guitar-shop.com\/es\/#website\"},\"primaryImageOfPage\":{\"@id\":\"https:\/\/www.matts-guitar-shop.com\/es\/produit\/deryck-whibleys-fender-telecaster-1973\/#primaryimage\"},\"image\":{\"@id\":\"https:\/\/www.matts-guitar-shop.com\/es\/produit\/deryck-whibleys-fender-telecaster-1973\/#primaryimage\"},\"thumbnailUrl\":\"https:\/\/www.matts-guitar-shop.com\/wp-content\/uploads\/2025\/02\/deryck-whibley-fender-telecaster-1973-71.jpg\",\"datePublished\":\"2025-02-11T09:36:38+00:00\",\"dateModified\":\"2025-11-22T15:54:33+00:00\",\"breadcrumb\":{\"@id\":\"https:\/\/www.matts-guitar-shop.com\/es\/produit\/deryck-whibleys-fender-telecaster-1973\/#breadcrumb\"},\"inLanguage\":\"es\",\"potentialAction\":[{\"@type\":\"ReadAction\",\"target\":[\"https:\/\/www.matts-guitar-shop.com\/es\/produit\/deryck-whibleys-fender-telecaster-1973\/\"]}]},{\"@type\":\"ImageObject\",\"inLanguage\":\"es\",\"@id\":\"https:\/\/www.matts-guitar-shop.com\/es\/produit\/deryck-whibleys-fender-telecaster-1973\/#primaryimage\",\"url\":\"https:\/\/www.matts-guitar-shop.com\/wp-content\/uploads\/2025\/02\/deryck-whibley-fender-telecaster-1973-71.jpg\",\"contentUrl\":\"https:\/\/www.matts-guitar-shop.com\/wp-content\/uploads\/2025\/02\/deryck-whibley-fender-telecaster-1973-71.jpg\",\"width\":900,\"height\":1125},{\"@type\":\"BreadcrumbList\",\"@id\":\"https:\/\/www.matts-guitar-shop.com\/es\/produit\/deryck-whibleys-fender-telecaster-1973\/#breadcrumb\",\"itemListElement\":[{\"@type\":\"ListItem\",\"position\":1,\"name\":\"Inicio\",\"item\":\"https:\/\/www.matts-guitar-shop.com\/es\/\"},{\"@type\":\"ListItem\",\"position\":2,\"name\":\"Tienda\",\"item\":\"https:\/\/www.matts-guitar-shop.com\/es\/tienda\/\"},{\"@type\":\"ListItem\",\"position\":3,\"name\":\"Deryck Whibley\u2019s Fender Telecaster 1973\"}]},{\"@type\":\"WebSite\",\"@id\":\"https:\/\/www.matts-guitar-shop.com\/es\/#website\",\"url\":\"https:\/\/www.matts-guitar-shop.com\/es\/\",\"name\":\"matts-guitar-shop.com\",\"description\":\"Guitar Shop\",\"publisher\":{\"@id\":\"https:\/\/www.matts-guitar-shop.com\/es\/#organization\"},\"potentialAction\":[{\"@type\":\"SearchAction\",\"target\":{\"@type\":\"EntryPoint\",\"urlTemplate\":\"https:\/\/www.matts-guitar-shop.com\/es\/?s={search_term_string}\"},\"query-input\":{\"@type\":\"PropertyValueSpecification\",\"valueRequired\":true,\"valueName\":\"search_term_string\"}}],\"inLanguage\":\"es\"},{\"@type\":\"Organization\",\"@id\":\"https:\/\/www.matts-guitar-shop.com\/es\/#organization\",\"name\":\"matts-guitar-shop.com\",\"url\":\"https:\/\/www.matts-guitar-shop.com\/es\/\",\"logo\":{\"@type\":\"ImageObject\",\"inLanguage\":\"es\",\"@id\":\"https:\/\/www.matts-guitar-shop.com\/es\/#\/schema\/logo\/image\/\",\"url\":\"https:\/\/www.matts-guitar-shop.com\/wp-content\/uploads\/2024\/09\/MGS-logo-site-02.png\",\"contentUrl\":\"https:\/\/www.matts-guitar-shop.com\/wp-content\/uploads\/2024\/09\/MGS-logo-site-02.png\",\"width\":200,\"height\":122,\"caption\":\"matts-guitar-shop.com\"},\"image\":{\"@id\":\"https:\/\/www.matts-guitar-shop.com\/es\/#\/schema\/logo\/image\/\"},\"sameAs\":[\"https:\/\/www.facebook.com\/profile.php?id=100044359842817\",\"https:\/\/www.instagram.com\/mattsguitarshop\/\",\"https:\/\/www.youtube.com\/@MattLucasMan\/videos\"]}]}<\/script>\n<!-- \/ Yoast SEO plugin. -->","yoast_head_json":{"title":"Deryck Whibley\u2019s Fender Telecaster 1973 - Matt&#039;s Guitar Shop","robots":{"index":"index","follow":"follow","max-snippet":"max-snippet:-1","max-image-preview":"max-image-preview:large","max-video-preview":"max-video-preview:-1"},"canonical":"https:\/\/www.matts-guitar-shop.com\/es\/produit\/deryck-whibleys-fender-telecaster-1973\/","og_locale":"es_ES","og_type":"article","og_title":"Deryck Whibley\u2019s Fender Telecaster 1973 - Matt&#039;s Guitar Shop","og_description":"Para cualquier consulta sobre esta guitarra, por favor cont\u00e1ctenos.","og_url":"https:\/\/www.matts-guitar-shop.com\/es\/produit\/deryck-whibleys-fender-telecaster-1973\/","og_site_name":"Matt&#039;s Guitar Shop","article_publisher":"https:\/\/www.facebook.com\/profile.php?id=100044359842817","article_modified_time":"2025-11-22T15:54:33+00:00","og_image":[{"width":900,"height":1125,"url":"https:\/\/www.matts-guitar-shop.com\/wp-content\/uploads\/2025\/02\/deryck-whibley-fender-telecaster-1973-71.jpg","type":"image\/jpeg"}],"twitter_card":"summary_large_image","twitter_misc":{"Tiempo de lectura":"1 minuto"},"schema":{"@context":"https:\/\/schema.org","@graph":[{"@type":"WebPage","@id":"https:\/\/www.matts-guitar-shop.com\/es\/produit\/deryck-whibleys-fender-telecaster-1973\/","url":"https:\/\/www.matts-guitar-shop.com\/es\/produit\/deryck-whibleys-fender-telecaster-1973\/","name":"Deryck Whibley\u2019s Fender Telecaster 1973 - Matt&#039;s Guitar Shop","isPartOf":{"@id":"https:\/\/www.matts-guitar-shop.com\/es\/#website"},"primaryImageOfPage":{"@id":"https:\/\/www.matts-guitar-shop.com\/es\/produit\/deryck-whibleys-fender-telecaster-1973\/#primaryimage"},"image":{"@id":"https:\/\/www.matts-guitar-shop.com\/es\/produit\/deryck-whibleys-fender-telecaster-1973\/#primaryimage"},"thumbnailUrl":"https:\/\/www.matts-guitar-shop.com\/wp-content\/uploads\/2025\/02\/deryck-whibley-fender-telecaster-1973-71.jpg","datePublished":"2025-02-11T09:36:38+00:00","dateModified":"2025-11-22T15:54:33+00:00","breadcrumb":{"@id":"https:\/\/www.matts-guitar-shop.com\/es\/produit\/deryck-whibleys-fender-telecaster-1973\/#breadcrumb"},"inLanguage":"es","potentialAction":[{"@type":"ReadAction","target":["https:\/\/www.matts-guitar-shop.com\/es\/produit\/deryck-whibleys-fender-telecaster-1973\/"]}]},{"@type":"ImageObject","inLanguage":"es","@id":"https:\/\/www.matts-guitar-shop.com\/es\/produit\/deryck-whibleys-fender-telecaster-1973\/#primaryimage","url":"https:\/\/www.matts-guitar-shop.com\/wp-content\/uploads\/2025\/02\/deryck-whibley-fender-telecaster-1973-71.jpg","contentUrl":"https:\/\/www.matts-guitar-shop.com\/wp-content\/uploads\/2025\/02\/deryck-whibley-fender-telecaster-1973-71.jpg","width":900,"height":1125},{"@type":"BreadcrumbList","@id":"https:\/\/www.matts-guitar-shop.com\/es\/produit\/deryck-whibleys-fender-telecaster-1973\/#breadcrumb","itemListElement":[{"@type":"ListItem","position":1,"name":"Inicio","item":"https:\/\/www.matts-guitar-shop.com\/es\/"},{"@type":"ListItem","position":2,"name":"Tienda","item":"https:\/\/www.matts-guitar-shop.com\/es\/tienda\/"},{"@type":"ListItem","position":3,"name":"Deryck Whibley\u2019s Fender Telecaster 1973"}]},{"@type":"WebSite","@id":"https:\/\/www.matts-guitar-shop.com\/es\/#website","url":"https:\/\/www.matts-guitar-shop.com\/es\/","name":"matts-guitar-shop.com","description":"Guitar Shop","publisher":{"@id":"https:\/\/www.matts-guitar-shop.com\/es\/#organization"},"potentialAction":[{"@type":"SearchAction","target":{"@type":"EntryPoint","urlTemplate":"https:\/\/www.matts-guitar-shop.com\/es\/?s={search_term_string}"},"query-input":{"@type":"PropertyValueSpecification","valueRequired":true,"valueName":"search_term_string"}}],"inLanguage":"es"},{"@type":"Organization","@id":"https:\/\/www.matts-guitar-shop.com\/es\/#organization","name":"matts-guitar-shop.com","url":"https:\/\/www.matts-guitar-shop.com\/es\/","logo":{"@type":"ImageObject","inLanguage":"es","@id":"https:\/\/www.matts-guitar-shop.com\/es\/#\/schema\/logo\/image\/","url":"https:\/\/www.matts-guitar-shop.com\/wp-content\/uploads\/2024\/09\/MGS-logo-site-02.png","contentUrl":"https:\/\/www.matts-guitar-shop.com\/wp-content\/uploads\/2024\/09\/MGS-logo-site-02.png","width":200,"height":122,"caption":"matts-guitar-shop.com"},"image":{"@id":"https:\/\/www.matts-guitar-shop.com\/es\/#\/schema\/logo\/image\/"},"sameAs":["https:\/\/www.facebook.com\/profile.php?id=100044359842817","https:\/\/www.instagram.com\/mattsguitarshop\/","https:\/\/www.youtube.com\/@MattLucasMan\/videos"]}]}},"_links":{"self":[{"href":"https:\/\/www.matts-guitar-shop.com\/es\/wp-json\/wp\/v2\/product\/17347","targetHints":{"allow":["GET"]}}],"collection":[{"href":"https:\/\/www.matts-guitar-shop.com\/es\/wp-json\/wp\/v2\/product"}],"about":[{"href":"https:\/\/www.matts-guitar-shop.com\/es\/wp-json\/wp\/v2\/types\/product"}],"replies":[{"embeddable":true,"href":"https:\/\/www.matts-guitar-shop.com\/es\/wp-json\/wp\/v2\/comments?post=17347"}],"wp:featuredmedia":[{"embeddable":true,"href":"https:\/\/www.matts-guitar-shop.com\/es\/wp-json\/wp\/v2\/media\/17348"}],"wp:attachment":[{"href":"https:\/\/www.matts-guitar-shop.com\/es\/wp-json\/wp\/v2\/media?parent=17347"}],"wp:term":[{"taxonomy":"product_brand","embeddable":true,"href":"https:\/\/www.matts-guitar-shop.com\/es\/wp-json\/wp\/v2\/product_brand?post=17347"},{"taxonomy":"product_cat","embeddable":true,"href":"https:\/\/www.matts-guitar-shop.com\/es\/wp-json\/wp\/v2\/product_cat?post=17347"},{"taxonomy":"product_tag","embeddable":true,"href":"https:\/\/www.matts-guitar-shop.com\/es\/wp-json\/wp\/v2\/product_tag?post=17347"}],"curies":[{"name":"wp","href":"https:\/\/api.w.org\/{rel}","templated":true}]}}