{"id":17103,"date":"2025-02-11T13:35:20","date_gmt":"2025-02-11T12:35:20","guid":{"rendered":"https:\/\/www.matts-guitar-shop.com\/produit\/george-bensons-gibson-l5\/"},"modified":"2025-12-02T18:52:46","modified_gmt":"2025-12-02T17:52:46","slug":"george-bensons-gibson-l5","status":"publish","type":"product","link":"https:\/\/www.matts-guitar-shop.com\/es\/produit\/george-bensons-gibson-l5\/","title":{"rendered":"George Benson\u2019s Gibson L5"},"content":{"rendered":"<h2>George Benson<\/h2>\n<p>A comienzos de los a\u00f1os 70, mientras el jazz buscaba reinventarse entre la tradici\u00f3n y la modernidad, un guitarrista de voz aterciopelada se impuso como uno de sus arquitectos m\u00e1s brillantes: <strong>George Benson<\/strong>. Criado en el groove ardiente de Pittsburgh, creci\u00f3 con una guitarra en las manos, tocando en los clubes cuando todav\u00eda era un ni\u00f1o. Muy pronto, su estilo se defini\u00f3 claramente: una mezcla \u00fanica de virtuosismo jazz\u00edstico, swing irresistible y ese calor soul capaz de derretir corazones.<\/p>\n<p>George Benson nunca ha buscado la demostraci\u00f3n vac\u00eda. Su talento, como maestro del equilibrio, reside en hacer que su guitarra hable como una voz humana, llena de matices, respiraciones y sonrisas. Cuando canta, todo adquiere otra dimensi\u00f3n. Temas como <em>Breezin\u2019<\/em> o <em>Give Me the Night<\/em> muestran c\u00f3mo puede hacer que una melod\u00eda groovee con elegancia absoluta.<\/p>\n<p>A lo largo de las d\u00e9cadas, Benson ha recorrido todos los rincones de la m\u00fasica afroamericana: jazz, soul, R&amp;B, pop sofisticado \u2014 sin perder nunca ese toque ligero que es solo suyo. En el escenario, su presencia es la de un artesano sereno y generoso, que hace bailar las notas con una facilidad desconcertante. Mientras otros buscan potencia, \u00e9l privilegia la fluidez, la melod\u00eda y la emoci\u00f3n.<\/p>\n<p>George Benson es una voz c\u00e1lida, pero tambi\u00e9n una relaci\u00f3n \u00edntima con las guitarras, fundamental en su identidad musical. Siempre ha cuidado con especial atenci\u00f3n la elecci\u00f3n de sus instrumentos, en particular sus hollow-body Ibanez, que con los a\u00f1os se han vuelto inseparables de su silueta elegante. M\u00e1s que una colaboraci\u00f3n, su relaci\u00f3n con Ibanez dio lugar a modelos dise\u00f1ados con precisi\u00f3n, perfectamente adaptados a su estilo: un sonido c\u00e1lido, amplio y preciso, capaz de pasar del jazz suave al funk m\u00e1s ardiente. Cada guitarra de su colecci\u00f3n cuenta su pasi\u00f3n por los instrumentos de gran factura, compa\u00f1eros con los que esculpe un sonido siempre refinado.<\/p>\n<p>Incansable y siempre curioso, George Benson sigue recorriendo los escenarios del mundo con la misma clase. Sus \u00faltimos discos, colaboraciones y homenajes muestran a un m\u00fasico fiel a s\u00ed mismo: exigente, luminoso y profundamente musical.<\/p>\n","protected":false},"excerpt":{"rendered":"<p>No dude en ponerse en contacto con nosotros para cualquier pregunta relacionada con esta guitarra.<\/p>\n","protected":false},"featured_media":17104,"comment_status":"open","ping_status":"closed","template":"","meta":{"_et_pb_use_builder":"","_et_pb_old_content":"","_et_gb_content_width":""},"product_brand":[],"product_cat":[657,655],"product_tag":[],"class_list":{"0":"post-17103","1":"product","2":"type-product","3":"status-publish","4":"has-post-thumbnail","6":"product_cat-guitarras-acusticas","7":"product_cat-guitarras","8":"pa_artiste-george-benson-es","9":"pa_disponibilite-en-venta","10":"pa_marque-gibson-es","12":"first","13":"instock","14":"shipping-taxable","15":"product-type-simple"},"yoast_head":"<!-- This site is optimized with the Yoast SEO plugin v26.8 - https:\/\/yoast.com\/product\/yoast-seo-wordpress\/ -->\n<title>George Benson\u2019s Gibson L5 - Matt&#039;s Guitar Shop<\/title>\n<meta name=\"description\" content=\"La guitarra George Benson\u2019s Gibson L5 disponible con nosotros. No dude en contactarnos para cualquier pregunta sobre esta guitarra.\" \/>\n<meta name=\"robots\" content=\"index, follow, max-snippet:-1, max-image-preview:large, max-video-preview:-1\" \/>\n<link rel=\"canonical\" href=\"https:\/\/www.matts-guitar-shop.com\/es\/produit\/george-bensons-gibson-l5\/\" \/>\n<meta property=\"og:locale\" content=\"es_ES\" \/>\n<meta property=\"og:type\" content=\"article\" \/>\n<meta property=\"og:title\" content=\"George Benson\u2019s Gibson L5 - Matt&#039;s Guitar Shop\" \/>\n<meta property=\"og:description\" content=\"La guitarra George Benson\u2019s Gibson L5 disponible con nosotros. No dude en contactarnos para cualquier pregunta sobre esta guitarra.\" \/>\n<meta property=\"og:url\" content=\"https:\/\/www.matts-guitar-shop.com\/es\/produit\/george-bensons-gibson-l5\/\" \/>\n<meta property=\"og:site_name\" content=\"Matt&#039;s Guitar Shop\" \/>\n<meta property=\"article:publisher\" content=\"https:\/\/www.facebook.com\/profile.php?id=100044359842817\" \/>\n<meta property=\"article:modified_time\" content=\"2025-12-02T17:52:46+00:00\" \/>\n<meta property=\"og:image\" content=\"https:\/\/www.matts-guitar-shop.com\/wp-content\/uploads\/2025\/02\/gibson-l5-ces-owned-by-george-benson-01.jpg\" \/>\n\t<meta property=\"og:image:width\" content=\"800\" \/>\n\t<meta property=\"og:image:height\" content=\"1000\" \/>\n\t<meta property=\"og:image:type\" content=\"image\/jpeg\" \/>\n<meta name=\"twitter:card\" content=\"summary_large_image\" \/>\n<meta name=\"twitter:label1\" content=\"Tiempo de lectura\" \/>\n\t<meta name=\"twitter:data1\" content=\"2 minutos\" \/>\n<script type=\"application\/ld+json\" class=\"yoast-schema-graph\">{\"@context\":\"https:\/\/schema.org\",\"@graph\":[{\"@type\":\"WebPage\",\"@id\":\"https:\/\/www.matts-guitar-shop.com\/es\/produit\/george-bensons-gibson-l5\/\",\"url\":\"https:\/\/www.matts-guitar-shop.com\/es\/produit\/george-bensons-gibson-l5\/\",\"name\":\"George Benson\u2019s Gibson L5 - Matt&#039;s Guitar Shop\",\"isPartOf\":{\"@id\":\"https:\/\/www.matts-guitar-shop.com\/es\/#website\"},\"primaryImageOfPage\":{\"@id\":\"https:\/\/www.matts-guitar-shop.com\/es\/produit\/george-bensons-gibson-l5\/#primaryimage\"},\"image\":{\"@id\":\"https:\/\/www.matts-guitar-shop.com\/es\/produit\/george-bensons-gibson-l5\/#primaryimage\"},\"thumbnailUrl\":\"https:\/\/www.matts-guitar-shop.com\/wp-content\/uploads\/2025\/02\/gibson-l5-ces-owned-by-george-benson-01.jpg\",\"datePublished\":\"2025-02-11T12:35:20+00:00\",\"dateModified\":\"2025-12-02T17:52:46+00:00\",\"description\":\"La guitarra George Benson\u2019s Gibson L5 disponible con nosotros. No dude en contactarnos para cualquier pregunta sobre esta guitarra.\",\"breadcrumb\":{\"@id\":\"https:\/\/www.matts-guitar-shop.com\/es\/produit\/george-bensons-gibson-l5\/#breadcrumb\"},\"inLanguage\":\"es\",\"potentialAction\":[{\"@type\":\"ReadAction\",\"target\":[\"https:\/\/www.matts-guitar-shop.com\/es\/produit\/george-bensons-gibson-l5\/\"]}]},{\"@type\":\"ImageObject\",\"inLanguage\":\"es\",\"@id\":\"https:\/\/www.matts-guitar-shop.com\/es\/produit\/george-bensons-gibson-l5\/#primaryimage\",\"url\":\"https:\/\/www.matts-guitar-shop.com\/wp-content\/uploads\/2025\/02\/gibson-l5-ces-owned-by-george-benson-01.jpg\",\"contentUrl\":\"https:\/\/www.matts-guitar-shop.com\/wp-content\/uploads\/2025\/02\/gibson-l5-ces-owned-by-george-benson-01.jpg\",\"width\":800,\"height\":1000},{\"@type\":\"BreadcrumbList\",\"@id\":\"https:\/\/www.matts-guitar-shop.com\/es\/produit\/george-bensons-gibson-l5\/#breadcrumb\",\"itemListElement\":[{\"@type\":\"ListItem\",\"position\":1,\"name\":\"Inicio\",\"item\":\"https:\/\/www.matts-guitar-shop.com\/es\/\"},{\"@type\":\"ListItem\",\"position\":2,\"name\":\"Tienda\",\"item\":\"https:\/\/www.matts-guitar-shop.com\/es\/tienda\/\"},{\"@type\":\"ListItem\",\"position\":3,\"name\":\"George Benson\u2019s Gibson L5\"}]},{\"@type\":\"WebSite\",\"@id\":\"https:\/\/www.matts-guitar-shop.com\/es\/#website\",\"url\":\"https:\/\/www.matts-guitar-shop.com\/es\/\",\"name\":\"matts-guitar-shop.com\",\"description\":\"Guitar Shop\",\"publisher\":{\"@id\":\"https:\/\/www.matts-guitar-shop.com\/es\/#organization\"},\"potentialAction\":[{\"@type\":\"SearchAction\",\"target\":{\"@type\":\"EntryPoint\",\"urlTemplate\":\"https:\/\/www.matts-guitar-shop.com\/es\/?s={search_term_string}\"},\"query-input\":{\"@type\":\"PropertyValueSpecification\",\"valueRequired\":true,\"valueName\":\"search_term_string\"}}],\"inLanguage\":\"es\"},{\"@type\":\"Organization\",\"@id\":\"https:\/\/www.matts-guitar-shop.com\/es\/#organization\",\"name\":\"matts-guitar-shop.com\",\"url\":\"https:\/\/www.matts-guitar-shop.com\/es\/\",\"logo\":{\"@type\":\"ImageObject\",\"inLanguage\":\"es\",\"@id\":\"https:\/\/www.matts-guitar-shop.com\/es\/#\/schema\/logo\/image\/\",\"url\":\"https:\/\/www.matts-guitar-shop.com\/wp-content\/uploads\/2024\/09\/MGS-logo-site-02.png\",\"contentUrl\":\"https:\/\/www.matts-guitar-shop.com\/wp-content\/uploads\/2024\/09\/MGS-logo-site-02.png\",\"width\":200,\"height\":122,\"caption\":\"matts-guitar-shop.com\"},\"image\":{\"@id\":\"https:\/\/www.matts-guitar-shop.com\/es\/#\/schema\/logo\/image\/\"},\"sameAs\":[\"https:\/\/www.facebook.com\/profile.php?id=100044359842817\",\"https:\/\/www.instagram.com\/mattsguitarshop\/\",\"https:\/\/www.youtube.com\/@MattLucasMan\/videos\"]}]}<\/script>\n<!-- \/ Yoast SEO plugin. -->","yoast_head_json":{"title":"George Benson\u2019s Gibson L5 - Matt&#039;s Guitar Shop","description":"La guitarra George Benson\u2019s Gibson L5 disponible con nosotros. No dude en contactarnos para cualquier pregunta sobre esta guitarra.","robots":{"index":"index","follow":"follow","max-snippet":"max-snippet:-1","max-image-preview":"max-image-preview:large","max-video-preview":"max-video-preview:-1"},"canonical":"https:\/\/www.matts-guitar-shop.com\/es\/produit\/george-bensons-gibson-l5\/","og_locale":"es_ES","og_type":"article","og_title":"George Benson\u2019s Gibson L5 - Matt&#039;s Guitar Shop","og_description":"La guitarra George Benson\u2019s Gibson L5 disponible con nosotros. No dude en contactarnos para cualquier pregunta sobre esta guitarra.","og_url":"https:\/\/www.matts-guitar-shop.com\/es\/produit\/george-bensons-gibson-l5\/","og_site_name":"Matt&#039;s Guitar Shop","article_publisher":"https:\/\/www.facebook.com\/profile.php?id=100044359842817","article_modified_time":"2025-12-02T17:52:46+00:00","og_image":[{"width":800,"height":1000,"url":"https:\/\/www.matts-guitar-shop.com\/wp-content\/uploads\/2025\/02\/gibson-l5-ces-owned-by-george-benson-01.jpg","type":"image\/jpeg"}],"twitter_card":"summary_large_image","twitter_misc":{"Tiempo de lectura":"2 minutos"},"schema":{"@context":"https:\/\/schema.org","@graph":[{"@type":"WebPage","@id":"https:\/\/www.matts-guitar-shop.com\/es\/produit\/george-bensons-gibson-l5\/","url":"https:\/\/www.matts-guitar-shop.com\/es\/produit\/george-bensons-gibson-l5\/","name":"George Benson\u2019s Gibson L5 - Matt&#039;s Guitar Shop","isPartOf":{"@id":"https:\/\/www.matts-guitar-shop.com\/es\/#website"},"primaryImageOfPage":{"@id":"https:\/\/www.matts-guitar-shop.com\/es\/produit\/george-bensons-gibson-l5\/#primaryimage"},"image":{"@id":"https:\/\/www.matts-guitar-shop.com\/es\/produit\/george-bensons-gibson-l5\/#primaryimage"},"thumbnailUrl":"https:\/\/www.matts-guitar-shop.com\/wp-content\/uploads\/2025\/02\/gibson-l5-ces-owned-by-george-benson-01.jpg","datePublished":"2025-02-11T12:35:20+00:00","dateModified":"2025-12-02T17:52:46+00:00","description":"La guitarra George Benson\u2019s Gibson L5 disponible con nosotros. No dude en contactarnos para cualquier pregunta sobre esta guitarra.","breadcrumb":{"@id":"https:\/\/www.matts-guitar-shop.com\/es\/produit\/george-bensons-gibson-l5\/#breadcrumb"},"inLanguage":"es","potentialAction":[{"@type":"ReadAction","target":["https:\/\/www.matts-guitar-shop.com\/es\/produit\/george-bensons-gibson-l5\/"]}]},{"@type":"ImageObject","inLanguage":"es","@id":"https:\/\/www.matts-guitar-shop.com\/es\/produit\/george-bensons-gibson-l5\/#primaryimage","url":"https:\/\/www.matts-guitar-shop.com\/wp-content\/uploads\/2025\/02\/gibson-l5-ces-owned-by-george-benson-01.jpg","contentUrl":"https:\/\/www.matts-guitar-shop.com\/wp-content\/uploads\/2025\/02\/gibson-l5-ces-owned-by-george-benson-01.jpg","width":800,"height":1000},{"@type":"BreadcrumbList","@id":"https:\/\/www.matts-guitar-shop.com\/es\/produit\/george-bensons-gibson-l5\/#breadcrumb","itemListElement":[{"@type":"ListItem","position":1,"name":"Inicio","item":"https:\/\/www.matts-guitar-shop.com\/es\/"},{"@type":"ListItem","position":2,"name":"Tienda","item":"https:\/\/www.matts-guitar-shop.com\/es\/tienda\/"},{"@type":"ListItem","position":3,"name":"George Benson\u2019s Gibson L5"}]},{"@type":"WebSite","@id":"https:\/\/www.matts-guitar-shop.com\/es\/#website","url":"https:\/\/www.matts-guitar-shop.com\/es\/","name":"matts-guitar-shop.com","description":"Guitar Shop","publisher":{"@id":"https:\/\/www.matts-guitar-shop.com\/es\/#organization"},"potentialAction":[{"@type":"SearchAction","target":{"@type":"EntryPoint","urlTemplate":"https:\/\/www.matts-guitar-shop.com\/es\/?s={search_term_string}"},"query-input":{"@type":"PropertyValueSpecification","valueRequired":true,"valueName":"search_term_string"}}],"inLanguage":"es"},{"@type":"Organization","@id":"https:\/\/www.matts-guitar-shop.com\/es\/#organization","name":"matts-guitar-shop.com","url":"https:\/\/www.matts-guitar-shop.com\/es\/","logo":{"@type":"ImageObject","inLanguage":"es","@id":"https:\/\/www.matts-guitar-shop.com\/es\/#\/schema\/logo\/image\/","url":"https:\/\/www.matts-guitar-shop.com\/wp-content\/uploads\/2024\/09\/MGS-logo-site-02.png","contentUrl":"https:\/\/www.matts-guitar-shop.com\/wp-content\/uploads\/2024\/09\/MGS-logo-site-02.png","width":200,"height":122,"caption":"matts-guitar-shop.com"},"image":{"@id":"https:\/\/www.matts-guitar-shop.com\/es\/#\/schema\/logo\/image\/"},"sameAs":["https:\/\/www.facebook.com\/profile.php?id=100044359842817","https:\/\/www.instagram.com\/mattsguitarshop\/","https:\/\/www.youtube.com\/@MattLucasMan\/videos"]}]}},"_links":{"self":[{"href":"https:\/\/www.matts-guitar-shop.com\/es\/wp-json\/wp\/v2\/product\/17103","targetHints":{"allow":["GET"]}}],"collection":[{"href":"https:\/\/www.matts-guitar-shop.com\/es\/wp-json\/wp\/v2\/product"}],"about":[{"href":"https:\/\/www.matts-guitar-shop.com\/es\/wp-json\/wp\/v2\/types\/product"}],"replies":[{"embeddable":true,"href":"https:\/\/www.matts-guitar-shop.com\/es\/wp-json\/wp\/v2\/comments?post=17103"}],"wp:featuredmedia":[{"embeddable":true,"href":"https:\/\/www.matts-guitar-shop.com\/es\/wp-json\/wp\/v2\/media\/17104"}],"wp:attachment":[{"href":"https:\/\/www.matts-guitar-shop.com\/es\/wp-json\/wp\/v2\/media?parent=17103"}],"wp:term":[{"taxonomy":"product_brand","embeddable":true,"href":"https:\/\/www.matts-guitar-shop.com\/es\/wp-json\/wp\/v2\/product_brand?post=17103"},{"taxonomy":"product_cat","embeddable":true,"href":"https:\/\/www.matts-guitar-shop.com\/es\/wp-json\/wp\/v2\/product_cat?post=17103"},{"taxonomy":"product_tag","embeddable":true,"href":"https:\/\/www.matts-guitar-shop.com\/es\/wp-json\/wp\/v2\/product_tag?post=17103"}],"curies":[{"name":"wp","href":"https:\/\/api.w.org\/{rel}","templated":true}]}}