{"id":37094,"date":"2026-04-30T19:18:08","date_gmt":"2026-04-30T17:18:08","guid":{"rendered":"https:\/\/www.matts-guitar-shop.com\/las-leyendas-del-rock\/eric-clapton\/"},"modified":"2026-04-30T22:28:09","modified_gmt":"2026-04-30T20:28:09","slug":"eric-clapton","status":"publish","type":"page","link":"https:\/\/www.matts-guitar-shop.com\/es\/las-leyendas-del-rock\/eric-clapton\/","title":{"rendered":"Eric Clapton"},"content":{"rendered":"<p>[et_pb_section fb_built=\u00bb1&#8243; _builder_version=\u00bb4.27.5&#8243; _module_preset=\u00bbdefault\u00bb background_color=\u00bb#000000&#8243; global_colors_info=\u00bb{}\u00bb][et_pb_row use_custom_gutter=\u00bbon\u00bb gutter_width=\u00bb2&#8243; admin_label=\u00bbLigne\u00bb _builder_version=\u00bb4.27.5&#8243; _module_preset=\u00bbdefault\u00bb width=\u00bb100%\u00bb max_width=\u00bb80%\u00bb custom_margin=\u00bb||||false|false\u00bb custom_padding=\u00bb0px||||false|false\u00bb locked=\u00bboff\u00bb global_colors_info=\u00bb{}\u00bb][et_pb_column type=\u00bb4_4&#8243; _builder_version=\u00bb4.25.2&#8243; _module_preset=\u00bbdefault\u00bb global_colors_info=\u00bb{}\u00bb][et_pb_post_title meta=\u00bboff\u00bb featured_image=\u00bboff\u00bb _builder_version=\u00bb4.27.5&#8243; _module_preset=\u00bbdefault\u00bb title_font=\u00bbOpen Sans|300|||||||\u00bb title_text_color=\u00bb#ddab05&#8243; title_font_size=\u00bb6rem\u00bb text_orientation=\u00bbcenter\u00bb custom_margin=\u00bb0px||0px||false|false\u00bb global_colors_info=\u00bb{}\u00bb][\/et_pb_post_title][et_pb_text admin_label=\u00bbTexte\u00bb _builder_version=\u00bb4.27.6&#8243; _module_preset=\u00bbdefault\u00bb text_font=\u00bb&#8211;et_global_body_font|300|||||||\u00bb text_text_color=\u00bb#FFFFFF\u00bb text_font_size=\u00bb1.5rem\u00bb text_line_height=\u00bb1em\u00bb header_text_align=\u00bbcenter\u00bb text_orientation=\u00bbcenter\u00bb global_colors_info=\u00bb{}\u00bb]Slowhand \u2013 El dios de la guitarra blues[\/et_pb_text][\/et_pb_column][\/et_pb_row][et_pb_row column_structure=\u00bb1_3,1_3,1_3&#8243; use_custom_gutter=\u00bbon\u00bb gutter_width=\u00bb2&#8243; admin_label=\u00bbLigne\u00bb _builder_version=\u00bb4.27.5&#8243; _module_preset=\u00bbdefault\u00bb width=\u00bb100%\u00bb max_width=\u00bb80%\u00bb custom_margin=\u00bb||||false|false\u00bb custom_padding=\u00bb||||false|false\u00bb locked=\u00bboff\u00bb global_colors_info=\u00bb{}\u00bb][et_pb_column type=\u00bb1_3&#8243; _builder_version=\u00bb4.25.2&#8243; _module_preset=\u00bbdefault\u00bb global_colors_info=\u00bb{}\u00bb][et_pb_text _builder_version=\u00bb4.27.6&#8243; _module_preset=\u00bbdefault\u00bb text_font=\u00bb|300|||||||\u00bb text_font_size=\u00bb16px\u00bb header_font=\u00bb|700|||||||\u00bb header_text_align=\u00bbcenter\u00bb header_font_size=\u00bb36px\u00bb header_2_font=\u00bb&#8211;et_global_heading_font|300|||||||\u00bb header_2_text_color=\u00bb#ddab05&#8243; header_2_font_size=\u00bb24px\u00bb text_orientation=\u00bbjustified\u00bb background_layout=\u00bbdark\u00bb width=\u00bb100%\u00bb width_tablet=\u00bb\u00bb width_phone=\u00bb100%\u00bb width_last_edited=\u00bbon|phone\u00bb module_alignment=\u00bbcenter\u00bb hover_enabled=\u00bb0&#8243; locked=\u00bboff\u00bb global_colors_info=\u00bb{}\u00bb sticky_enabled=\u00bb0&#8243;]<\/p>\n<h2>Or\u00edgenes y comienzos<\/h2>\n<p><\/p>\n<p><strong>Eric Patrick Clapton<\/strong> nace el <strong>30 de marzo de 1945<\/strong> en <strong>Ripley<\/strong>, Surrey, Inglaterra. Criado por sus abuelos, a quienes cree sus padres (no descubre la verdad sobre su nacimiento hasta la adolescencia), se orienta hacia el <strong>blues estadounidense<\/strong> de <strong>Robert Johnson<\/strong>, <strong>B.B. King<\/strong> y <strong>Muddy Waters<\/strong>.<br \/>Se une a los <strong>Yardbirds<\/strong> en <strong>1963<\/strong> y luego a <strong>John Mayall&#8217;s Bluesbreakers<\/strong> en <strong>1965<\/strong>, donde su interpretaci\u00f3n en el \u00e1lbum <strong>Blues Breakers with Eric Clapton<\/strong> (apodado <strong>\u00abThe Beano Album\u00bb<\/strong>) le vale el apodo de <strong>\u00abGod\u00bb<\/strong>, escrito en las paredes de Londres.<\/p>\n<p>[\/et_pb_text][et_pb_text _builder_version=\u00bb4.27.6&#8243; _module_preset=\u00bbdefault\u00bb text_font=\u00bb|300|||||||\u00bb text_font_size=\u00bb16px\u00bb header_font=\u00bb|700|||||||\u00bb header_text_align=\u00bbcenter\u00bb header_font_size=\u00bb36px\u00bb header_2_font=\u00bb&#8211;et_global_heading_font|300|||||||\u00bb header_2_text_color=\u00bb#ddab05&#8243; header_2_font_size=\u00bb24px\u00bb text_orientation=\u00bbjustified\u00bb background_layout=\u00bbdark\u00bb width=\u00bb100%\u00bb width_tablet=\u00bb\u00bb width_phone=\u00bb100%\u00bb width_last_edited=\u00bbon|phone\u00bb module_alignment=\u00bbcenter\u00bb hover_enabled=\u00bb0&#8243; locked=\u00bboff\u00bb global_colors_info=\u00bb{}\u00bb sticky_enabled=\u00bb0&#8243;]<\/p>\n<h2>Cream y la era de las superbandas<\/h2>\n<p><\/p>\n<p>En <strong>1966<\/strong> funda <strong>Cream<\/strong> con <strong>Jack Bruce<\/strong> y <strong>Ginger Baker<\/strong>, creando el primer <strong>power tr\u00edo<\/strong> de la historia del rock. Temas como <strong>\u00abSunshine of Your Love\u00bb<\/strong>, <strong>\u00abCrossroads\u00bb<\/strong> y <strong>\u00abWhite Room\u00bb<\/strong> redefinen el blues-rock. Cream dura solo dos a\u00f1os, pero vende m\u00e1s de <strong>35 millones de \u00e1lbumes<\/strong>.<br \/>Despu\u00e9s de Cream, forma <strong>Blind Faith<\/strong> (con Steve Winwood) y luego <strong>Derek and the Dominos<\/strong>, con quienes graba <strong>\u00abLayla\u00bb (1970)<\/strong>, una canci\u00f3n de amor desesperado escrita para <strong>Pattie Boyd<\/strong>, entonces esposa de su amigo <strong>George Harrison<\/strong>. El riff de \u201cLayla\u201d, coescrito con <strong>Duane Allman<\/strong>, es uno de los m\u00e1s famosos del rock.<\/p>\n<p>[\/et_pb_text][\/et_pb_column][et_pb_column type=\u00bb1_3&#8243; _builder_version=\u00bb4.25.2&#8243; _module_preset=\u00bbdefault\u00bb global_colors_info=\u00bb{}\u00bb][et_pb_image src=\u00bbhttps:\/\/www.matts-guitar-shop.com\/wp-content\/uploads\/2026\/04\/eric-clapton-biographie-02.webp\u00bb alt=\u00bbBiograf\u00eda de Eric Clapton\u00bb title_text=\u00bberic-clapton-biographie-02&#8243; align=\u00bbcenter\u00bb _builder_version=\u00bb4.27.6&#8243; _module_preset=\u00bbdefault\u00bb global_colors_info=\u00bb{}\u00bb][\/et_pb_image][\/et_pb_column][et_pb_column type=\u00bb1_3&#8243; _builder_version=\u00bb4.25.2&#8243; _module_preset=\u00bbdefault\u00bb global_colors_info=\u00bb{}\u00bb][et_pb_text _builder_version=\u00bb4.27.6&#8243; _module_preset=\u00bbdefault\u00bb text_font=\u00bb|300|||||||\u00bb text_font_size=\u00bb16px\u00bb header_font=\u00bb|700|||||||\u00bb header_text_align=\u00bbcenter\u00bb header_font_size=\u00bb36px\u00bb header_2_font=\u00bb&#8211;et_global_heading_font|300|||||||\u00bb header_2_text_color=\u00bb#ddab05&#8243; header_2_font_size=\u00bb24px\u00bb text_orientation=\u00bbjustified\u00bb background_layout=\u00bbdark\u00bb width=\u00bb100%\u00bb width_tablet=\u00bb\u00bb width_phone=\u00bb100%\u00bb width_last_edited=\u00bbon|phone\u00bb module_alignment=\u00bbcenter\u00bb hover_enabled=\u00bb0&#8243; locked=\u00bboff\u00bb global_colors_info=\u00bb{}\u00bb sticky_enabled=\u00bb0&#8243;]<\/p>\n<h2>Carrera en solitario y legado<\/h2>\n<p><\/p>\n<p>Su carrera en solitario produce cl\u00e1sicos como <strong>\u00abWonderful Tonight\u00bb (1977)<\/strong> y <strong>\u00abTears in Heaven\u00bb (1992)<\/strong>, escrita tras la tr\u00e1gica muerte de su hijo Conor, quien cay\u00f3 desde el <strong>piso 53<\/strong> de un edificio en Nueva York a los <strong>4 a\u00f1os<\/strong>. Esta emotiva canci\u00f3n le vali\u00f3 <strong>3 premios Grammy<\/strong> en una sola noche.<br \/>Ha ganado un total de <strong>18 premios Grammy<\/strong> y es el \u00fanico artista incluido <strong>tres veces<\/strong> en el <strong>Rock and Roll Hall of Fame<\/strong> (Yardbirds en <strong>1992<\/strong>, Cream en <strong>1993<\/strong>, solista en <strong>2000<\/strong>). Ha vendido m\u00e1s de <strong>280 millones de \u00e1lbumes<\/strong>. Sus <strong>Crossroads Guitar Festivals<\/strong> se han convertido en eventos clave que re\u00fanen a los mejores guitarristas del mundo.<\/p>\n<p>[\/et_pb_text][et_pb_text _builder_version=\u00bb4.27.6&#8243; _module_preset=\u00bbdefault\u00bb text_font=\u00bb|300|||||||\u00bb text_font_size=\u00bb16px\u00bb link_font=\u00bb||||||||\u00bb link_text_align=\u00bbjustify\u00bb header_font=\u00bb|700|||||||\u00bb header_text_align=\u00bbcenter\u00bb header_font_size=\u00bb36px\u00bb header_2_font=\u00bb&#8211;et_global_heading_font|300|||||||\u00bb header_2_text_color=\u00bb#ddab05&#8243; header_2_font_size=\u00bb24px\u00bb text_orientation=\u00bbjustified\u00bb background_layout=\u00bbdark\u00bb width=\u00bb100%\u00bb width_tablet=\u00bb\u00bb width_phone=\u00bb100%\u00bb width_last_edited=\u00bbon|phone\u00bb module_alignment=\u00bbcenter\u00bb hover_enabled=\u00bb0&#8243; locked=\u00bboff\u00bb global_colors_info=\u00bb{}\u00bb sticky_enabled=\u00bb0&#8243;]<\/p>\n<h2>Guitarras ic\u00f3nicas<\/h2>\n<p><\/p>\n<p>Eric Clapton est\u00e1 asociado a la <strong>Gibson Les Paul Standard 1960<\/strong> (\u201cBeano\u201d), la <strong>Fender Stratocaster \u201cBlackie\u201d<\/strong> (ensamblada con piezas de tres Strat vintage), <strong>\u201cBrownie\u201d<\/strong> (utilizada en \u201cLayla\u201d) y la <strong>Gibson ES-335<\/strong>. Su \u201cBlackie\u201d fue subastada en 2004 por <strong>959.500 d\u00f3lares<\/strong>.<\/p>\n<p><\/p>\n<p>Ver la <a href=\"https:\/\/www.matts-guitar-shop.com\/es\/produit\/fender-stratocaster-eric-clapton-crash-crossroads-edition-2\/\"><strong>Fender Stratocaster Eric Clapton Crash Crossroads Edition<\/strong><\/a><\/p>\n<p>[\/et_pb_text][\/et_pb_column][\/et_pb_row][\/et_pb_section]<\/p>\n","protected":false},"excerpt":{"rendered":"<p>Slowhand \u2013 El dios de la guitarra bluesOr\u00edgenes y comienzosEric Patrick Clapton nace el 30 de marzo de 1945 en Ripley, Surrey, Inglaterra. Criado por sus abuelos, a quienes cree sus padres (no descubre la verdad sobre su nacimiento hasta la adolescencia), se orienta hacia el blues estadounidense de Robert Johnson, B.B. King y Muddy [&hellip;]<\/p>\n","protected":false},"author":2,"featured_media":36980,"parent":24301,"menu_order":0,"comment_status":"closed","ping_status":"closed","template":"","meta":{"_et_pb_use_builder":"on","_et_pb_old_content":"","_et_gb_content_width":"","footnotes":""},"class_list":["post-37094","page","type-page","status-publish","has-post-thumbnail","hentry"],"yoast_head":"<!-- This site is optimized with the Yoast SEO plugin v26.8 - https:\/\/yoast.com\/product\/yoast-seo-wordpress\/ -->\n<title>Eric Clapton: el dios del blues<\/title>\n<meta name=\"description\" content=\"Descubre a Eric Clapton, leyenda del blues-rock y autor de \u201cLayla\u201d y \u201cTears in Heaven\u201d, apodado Slowhand.\" \/>\n<meta name=\"robots\" content=\"index, follow, max-snippet:-1, max-image-preview:large, max-video-preview:-1\" \/>\n<link rel=\"canonical\" href=\"https:\/\/www.matts-guitar-shop.com\/es\/las-leyendas-del-rock\/eric-clapton\/\" \/>\n<meta property=\"og:locale\" content=\"es_ES\" \/>\n<meta property=\"og:type\" content=\"article\" \/>\n<meta property=\"og:title\" content=\"Eric Clapton: el dios del blues\" \/>\n<meta property=\"og:description\" content=\"Descubre a Eric Clapton, leyenda del blues-rock y autor de \u201cLayla\u201d y \u201cTears in Heaven\u201d, apodado Slowhand.\" \/>\n<meta property=\"og:url\" content=\"https:\/\/www.matts-guitar-shop.com\/es\/las-leyendas-del-rock\/eric-clapton\/\" \/>\n<meta property=\"og:site_name\" content=\"Matt&#039;s Guitar Shop\" \/>\n<meta property=\"article:publisher\" content=\"https:\/\/www.facebook.com\/profile.php?id=100044359842817\" \/>\n<meta property=\"article:modified_time\" content=\"2026-04-30T20:28:09+00:00\" \/>\n<meta property=\"og:image\" content=\"https:\/\/www.matts-guitar-shop.com\/wp-content\/uploads\/2026\/04\/eric-clapton-biographie-01.webp\" \/>\n\t<meta property=\"og:image:width\" content=\"400\" \/>\n\t<meta property=\"og:image:height\" content=\"400\" \/>\n\t<meta property=\"og:image:type\" content=\"image\/webp\" \/>\n<meta name=\"twitter:card\" content=\"summary_large_image\" \/>\n<meta name=\"twitter:label1\" content=\"Tiempo de lectura\" \/>\n\t<meta name=\"twitter:data1\" content=\"5 minutos\" \/>\n<script type=\"application\/ld+json\" class=\"yoast-schema-graph\">{\"@context\":\"https:\/\/schema.org\",\"@graph\":[{\"@type\":\"WebPage\",\"@id\":\"https:\/\/www.matts-guitar-shop.com\/es\/las-leyendas-del-rock\/eric-clapton\/\",\"url\":\"https:\/\/www.matts-guitar-shop.com\/es\/las-leyendas-del-rock\/eric-clapton\/\",\"name\":\"Eric Clapton: el dios del blues\",\"isPartOf\":{\"@id\":\"https:\/\/www.matts-guitar-shop.com\/es\/#website\"},\"primaryImageOfPage\":{\"@id\":\"https:\/\/www.matts-guitar-shop.com\/es\/las-leyendas-del-rock\/eric-clapton\/#primaryimage\"},\"image\":{\"@id\":\"https:\/\/www.matts-guitar-shop.com\/es\/las-leyendas-del-rock\/eric-clapton\/#primaryimage\"},\"thumbnailUrl\":\"https:\/\/www.matts-guitar-shop.com\/wp-content\/uploads\/2026\/04\/eric-clapton-biographie-01.webp\",\"datePublished\":\"2026-04-30T17:18:08+00:00\",\"dateModified\":\"2026-04-30T20:28:09+00:00\",\"description\":\"Descubre a Eric Clapton, leyenda del blues-rock y autor de \u201cLayla\u201d y \u201cTears in Heaven\u201d, apodado Slowhand.\",\"breadcrumb\":{\"@id\":\"https:\/\/www.matts-guitar-shop.com\/es\/las-leyendas-del-rock\/eric-clapton\/#breadcrumb\"},\"inLanguage\":\"es\",\"potentialAction\":[{\"@type\":\"ReadAction\",\"target\":[\"https:\/\/www.matts-guitar-shop.com\/es\/las-leyendas-del-rock\/eric-clapton\/\"]}]},{\"@type\":\"ImageObject\",\"inLanguage\":\"es\",\"@id\":\"https:\/\/www.matts-guitar-shop.com\/es\/las-leyendas-del-rock\/eric-clapton\/#primaryimage\",\"url\":\"https:\/\/www.matts-guitar-shop.com\/wp-content\/uploads\/2026\/04\/eric-clapton-biographie-01.webp\",\"contentUrl\":\"https:\/\/www.matts-guitar-shop.com\/wp-content\/uploads\/2026\/04\/eric-clapton-biographie-01.webp\",\"width\":400,\"height\":400,\"caption\":\"Biographie d'Eric Clapton\"},{\"@type\":\"BreadcrumbList\",\"@id\":\"https:\/\/www.matts-guitar-shop.com\/es\/las-leyendas-del-rock\/eric-clapton\/#breadcrumb\",\"itemListElement\":[{\"@type\":\"ListItem\",\"position\":1,\"name\":\"Inicio\",\"item\":\"https:\/\/www.matts-guitar-shop.com\/es\/\"},{\"@type\":\"ListItem\",\"position\":2,\"name\":\"Las Leyendas del Rock\",\"item\":\"https:\/\/www.matts-guitar-shop.com\/es\/les-legendes-du-rock\/\"},{\"@type\":\"ListItem\",\"position\":3,\"name\":\"Eric Clapton\"}]},{\"@type\":\"WebSite\",\"@id\":\"https:\/\/www.matts-guitar-shop.com\/es\/#website\",\"url\":\"https:\/\/www.matts-guitar-shop.com\/es\/\",\"name\":\"matts-guitar-shop.com\",\"description\":\"Guitar Shop\",\"publisher\":{\"@id\":\"https:\/\/www.matts-guitar-shop.com\/es\/#organization\"},\"potentialAction\":[{\"@type\":\"SearchAction\",\"target\":{\"@type\":\"EntryPoint\",\"urlTemplate\":\"https:\/\/www.matts-guitar-shop.com\/es\/?s={search_term_string}\"},\"query-input\":{\"@type\":\"PropertyValueSpecification\",\"valueRequired\":true,\"valueName\":\"search_term_string\"}}],\"inLanguage\":\"es\"},{\"@type\":\"Organization\",\"@id\":\"https:\/\/www.matts-guitar-shop.com\/es\/#organization\",\"name\":\"matts-guitar-shop.com\",\"url\":\"https:\/\/www.matts-guitar-shop.com\/es\/\",\"logo\":{\"@type\":\"ImageObject\",\"inLanguage\":\"es\",\"@id\":\"https:\/\/www.matts-guitar-shop.com\/es\/#\/schema\/logo\/image\/\",\"url\":\"https:\/\/www.matts-guitar-shop.com\/wp-content\/uploads\/2024\/09\/MGS-logo-site-02.png\",\"contentUrl\":\"https:\/\/www.matts-guitar-shop.com\/wp-content\/uploads\/2024\/09\/MGS-logo-site-02.png\",\"width\":200,\"height\":122,\"caption\":\"matts-guitar-shop.com\"},\"image\":{\"@id\":\"https:\/\/www.matts-guitar-shop.com\/es\/#\/schema\/logo\/image\/\"},\"sameAs\":[\"https:\/\/www.facebook.com\/profile.php?id=100044359842817\",\"https:\/\/www.instagram.com\/mattsguitarshop\/\",\"https:\/\/www.youtube.com\/@MattLucasMan\/videos\"]}]}<\/script>\n<!-- \/ Yoast SEO plugin. -->","yoast_head_json":{"title":"Eric Clapton: el dios del blues","description":"Descubre a Eric Clapton, leyenda del blues-rock y autor de \u201cLayla\u201d y \u201cTears in Heaven\u201d, apodado Slowhand.","robots":{"index":"index","follow":"follow","max-snippet":"max-snippet:-1","max-image-preview":"max-image-preview:large","max-video-preview":"max-video-preview:-1"},"canonical":"https:\/\/www.matts-guitar-shop.com\/es\/las-leyendas-del-rock\/eric-clapton\/","og_locale":"es_ES","og_type":"article","og_title":"Eric Clapton: el dios del blues","og_description":"Descubre a Eric Clapton, leyenda del blues-rock y autor de \u201cLayla\u201d y \u201cTears in Heaven\u201d, apodado Slowhand.","og_url":"https:\/\/www.matts-guitar-shop.com\/es\/las-leyendas-del-rock\/eric-clapton\/","og_site_name":"Matt&#039;s Guitar Shop","article_publisher":"https:\/\/www.facebook.com\/profile.php?id=100044359842817","article_modified_time":"2026-04-30T20:28:09+00:00","og_image":[{"width":400,"height":400,"url":"https:\/\/www.matts-guitar-shop.com\/wp-content\/uploads\/2026\/04\/eric-clapton-biographie-01.webp","type":"image\/webp"}],"twitter_card":"summary_large_image","twitter_misc":{"Tiempo de lectura":"5 minutos"},"schema":{"@context":"https:\/\/schema.org","@graph":[{"@type":"WebPage","@id":"https:\/\/www.matts-guitar-shop.com\/es\/las-leyendas-del-rock\/eric-clapton\/","url":"https:\/\/www.matts-guitar-shop.com\/es\/las-leyendas-del-rock\/eric-clapton\/","name":"Eric Clapton: el dios del blues","isPartOf":{"@id":"https:\/\/www.matts-guitar-shop.com\/es\/#website"},"primaryImageOfPage":{"@id":"https:\/\/www.matts-guitar-shop.com\/es\/las-leyendas-del-rock\/eric-clapton\/#primaryimage"},"image":{"@id":"https:\/\/www.matts-guitar-shop.com\/es\/las-leyendas-del-rock\/eric-clapton\/#primaryimage"},"thumbnailUrl":"https:\/\/www.matts-guitar-shop.com\/wp-content\/uploads\/2026\/04\/eric-clapton-biographie-01.webp","datePublished":"2026-04-30T17:18:08+00:00","dateModified":"2026-04-30T20:28:09+00:00","description":"Descubre a Eric Clapton, leyenda del blues-rock y autor de \u201cLayla\u201d y \u201cTears in Heaven\u201d, apodado Slowhand.","breadcrumb":{"@id":"https:\/\/www.matts-guitar-shop.com\/es\/las-leyendas-del-rock\/eric-clapton\/#breadcrumb"},"inLanguage":"es","potentialAction":[{"@type":"ReadAction","target":["https:\/\/www.matts-guitar-shop.com\/es\/las-leyendas-del-rock\/eric-clapton\/"]}]},{"@type":"ImageObject","inLanguage":"es","@id":"https:\/\/www.matts-guitar-shop.com\/es\/las-leyendas-del-rock\/eric-clapton\/#primaryimage","url":"https:\/\/www.matts-guitar-shop.com\/wp-content\/uploads\/2026\/04\/eric-clapton-biographie-01.webp","contentUrl":"https:\/\/www.matts-guitar-shop.com\/wp-content\/uploads\/2026\/04\/eric-clapton-biographie-01.webp","width":400,"height":400,"caption":"Biographie d'Eric Clapton"},{"@type":"BreadcrumbList","@id":"https:\/\/www.matts-guitar-shop.com\/es\/las-leyendas-del-rock\/eric-clapton\/#breadcrumb","itemListElement":[{"@type":"ListItem","position":1,"name":"Inicio","item":"https:\/\/www.matts-guitar-shop.com\/es\/"},{"@type":"ListItem","position":2,"name":"Las Leyendas del Rock","item":"https:\/\/www.matts-guitar-shop.com\/es\/les-legendes-du-rock\/"},{"@type":"ListItem","position":3,"name":"Eric Clapton"}]},{"@type":"WebSite","@id":"https:\/\/www.matts-guitar-shop.com\/es\/#website","url":"https:\/\/www.matts-guitar-shop.com\/es\/","name":"matts-guitar-shop.com","description":"Guitar Shop","publisher":{"@id":"https:\/\/www.matts-guitar-shop.com\/es\/#organization"},"potentialAction":[{"@type":"SearchAction","target":{"@type":"EntryPoint","urlTemplate":"https:\/\/www.matts-guitar-shop.com\/es\/?s={search_term_string}"},"query-input":{"@type":"PropertyValueSpecification","valueRequired":true,"valueName":"search_term_string"}}],"inLanguage":"es"},{"@type":"Organization","@id":"https:\/\/www.matts-guitar-shop.com\/es\/#organization","name":"matts-guitar-shop.com","url":"https:\/\/www.matts-guitar-shop.com\/es\/","logo":{"@type":"ImageObject","inLanguage":"es","@id":"https:\/\/www.matts-guitar-shop.com\/es\/#\/schema\/logo\/image\/","url":"https:\/\/www.matts-guitar-shop.com\/wp-content\/uploads\/2024\/09\/MGS-logo-site-02.png","contentUrl":"https:\/\/www.matts-guitar-shop.com\/wp-content\/uploads\/2024\/09\/MGS-logo-site-02.png","width":200,"height":122,"caption":"matts-guitar-shop.com"},"image":{"@id":"https:\/\/www.matts-guitar-shop.com\/es\/#\/schema\/logo\/image\/"},"sameAs":["https:\/\/www.facebook.com\/profile.php?id=100044359842817","https:\/\/www.instagram.com\/mattsguitarshop\/","https:\/\/www.youtube.com\/@MattLucasMan\/videos"]}]}},"_links":{"self":[{"href":"https:\/\/www.matts-guitar-shop.com\/es\/wp-json\/wp\/v2\/pages\/37094","targetHints":{"allow":["GET"]}}],"collection":[{"href":"https:\/\/www.matts-guitar-shop.com\/es\/wp-json\/wp\/v2\/pages"}],"about":[{"href":"https:\/\/www.matts-guitar-shop.com\/es\/wp-json\/wp\/v2\/types\/page"}],"author":[{"embeddable":true,"href":"https:\/\/www.matts-guitar-shop.com\/es\/wp-json\/wp\/v2\/users\/2"}],"replies":[{"embeddable":true,"href":"https:\/\/www.matts-guitar-shop.com\/es\/wp-json\/wp\/v2\/comments?post=37094"}],"version-history":[{"count":2,"href":"https:\/\/www.matts-guitar-shop.com\/es\/wp-json\/wp\/v2\/pages\/37094\/revisions"}],"predecessor-version":[{"id":37096,"href":"https:\/\/www.matts-guitar-shop.com\/es\/wp-json\/wp\/v2\/pages\/37094\/revisions\/37096"}],"up":[{"embeddable":true,"href":"https:\/\/www.matts-guitar-shop.com\/es\/wp-json\/wp\/v2\/pages\/24301"}],"wp:featuredmedia":[{"embeddable":true,"href":"https:\/\/www.matts-guitar-shop.com\/es\/wp-json\/wp\/v2\/media\/36980"}],"wp:attachment":[{"href":"https:\/\/www.matts-guitar-shop.com\/es\/wp-json\/wp\/v2\/media?parent=37094"}],"curies":[{"name":"wp","href":"https:\/\/api.w.org\/{rel}","templated":true}]}}