{"id":36727,"date":"2026-04-26T17:17:00","date_gmt":"2026-04-26T15:17:00","guid":{"rendered":"https:\/\/www.matts-guitar-shop.com\/las-leyendas-del-rock\/david-bowie\/"},"modified":"2026-04-26T18:47:13","modified_gmt":"2026-04-26T16:47:13","slug":"david-bowie","status":"publish","type":"page","link":"https:\/\/www.matts-guitar-shop.com\/es\/las-leyendas-del-rock\/david-bowie\/","title":{"rendered":"David Bowie"},"content":{"rendered":"<p>[et_pb_section fb_built=\u00bb1&#8243; _builder_version=\u00bb4.27.5&#8243; _module_preset=\u00bbdefault\u00bb background_color=\u00bb#000000&#8243; global_colors_info=\u00bb{}\u00bb][et_pb_row use_custom_gutter=\u00bbon\u00bb gutter_width=\u00bb2&#8243; admin_label=\u00bbLigne\u00bb _builder_version=\u00bb4.27.5&#8243; _module_preset=\u00bbdefault\u00bb width=\u00bb100%\u00bb max_width=\u00bb80%\u00bb custom_margin=\u00bb||||false|false\u00bb custom_padding=\u00bb0px||||false|false\u00bb locked=\u00bboff\u00bb global_colors_info=\u00bb{}\u00bb][et_pb_column type=\u00bb4_4&#8243; _builder_version=\u00bb4.25.2&#8243; _module_preset=\u00bbdefault\u00bb global_colors_info=\u00bb{}\u00bb][et_pb_post_title meta=\u00bboff\u00bb featured_image=\u00bboff\u00bb _builder_version=\u00bb4.27.5&#8243; _module_preset=\u00bbdefault\u00bb title_font=\u00bbOpen Sans|300|||||||\u00bb title_text_color=\u00bb#ddab05&#8243; title_font_size=\u00bb6rem\u00bb text_orientation=\u00bbcenter\u00bb custom_margin=\u00bb0px||0px||false|false\u00bb global_colors_info=\u00bb{}\u00bb][\/et_pb_post_title][et_pb_text admin_label=\u00bbTexte\u00bb _builder_version=\u00bb4.27.6&#8243; _module_preset=\u00bbdefault\u00bb text_font=\u00bb&#8211;et_global_body_font|300|||||||\u00bb text_text_color=\u00bb#FFFFFF\u00bb text_font_size=\u00bb1.5rem\u00bb text_line_height=\u00bb1em\u00bb header_text_align=\u00bbcenter\u00bb text_orientation=\u00bbcenter\u00bb global_colors_info=\u00bb{}\u00bb]<\/p>\n<p>El camale\u00f3n del rock<\/p>\n<p>[\/et_pb_text][\/et_pb_column][\/et_pb_row][et_pb_row column_structure=\u00bb1_3,1_3,1_3&#8243; use_custom_gutter=\u00bbon\u00bb gutter_width=\u00bb2&#8243; admin_label=\u00bbLigne\u00bb _builder_version=\u00bb4.27.5&#8243; _module_preset=\u00bbdefault\u00bb width=\u00bb100%\u00bb max_width=\u00bb80%\u00bb custom_margin=\u00bb||||false|false\u00bb custom_padding=\u00bb||||false|false\u00bb locked=\u00bboff\u00bb global_colors_info=\u00bb{}\u00bb][et_pb_column type=\u00bb1_3&#8243; _builder_version=\u00bb4.25.2&#8243; _module_preset=\u00bbdefault\u00bb global_colors_info=\u00bb{}\u00bb][et_pb_text _builder_version=\u00bb4.27.6&#8243; _module_preset=\u00bbdefault\u00bb text_font=\u00bb|300|||||||\u00bb text_font_size=\u00bb16px\u00bb header_font=\u00bb|700|||||||\u00bb header_text_align=\u00bbcenter\u00bb header_font_size=\u00bb36px\u00bb header_2_font=\u00bb&#8211;et_global_heading_font|300|||||||\u00bb header_2_text_color=\u00bb#ddab05&#8243; header_2_font_size=\u00bb24px\u00bb text_orientation=\u00bbjustified\u00bb background_layout=\u00bbdark\u00bb width=\u00bb100%\u00bb width_tablet=\u00bb\u00bb width_phone=\u00bb100%\u00bb width_last_edited=\u00bbon|phone\u00bb module_alignment=\u00bbcenter\u00bb hover_enabled=\u00bb0&#8243; locked=\u00bboff\u00bb global_colors_info=\u00bb{}\u00bb sticky_enabled=\u00bb0&#8243;]<\/p>\n<h2>Or\u00edgenes y comienzos<\/h2>\n<p><strong>David Robert Jones<\/strong> naci\u00f3 el <strong>8 de enero de 1947<\/strong> en <strong>Brixton<\/strong>, Londres. Cambi\u00f3 su nombre a <strong>David Bowie<\/strong> para evitar confusiones con Davy Jones de los <strong>Monkees<\/strong>. Marcado por una pelea en su adolescencia que dej\u00f3 su pupila izquierda <strong>permanentemente dilatada<\/strong> (d\u00e1ndole la apariencia de ojos de distinto color), estudi\u00f3 <strong>mimo<\/strong> con <strong>Lindsay Kemp<\/strong> y desarroll\u00f3 un fuerte sentido del espect\u00e1culo.<br \/>Su primer gran \u00e9xito lleg\u00f3 con <strong>\u00abSpace Oddity\u00bb<\/strong> en <strong>1969<\/strong>, lanzado cinco d\u00edas antes del alunizaje del <strong>Apollo 11<\/strong>. El personaje de <strong>Major Tom<\/strong>, un astronauta perdido en el espacio, marc\u00f3 el inicio de una carrera construida sobre sucesivos <strong>alter egos<\/strong>.<\/p>\n<p>[\/et_pb_text][et_pb_text _builder_version=\u00bb4.27.6&#8243; _module_preset=\u00bbdefault\u00bb text_font=\u00bb|300|||||||\u00bb text_font_size=\u00bb16px\u00bb header_font=\u00bb|700|||||||\u00bb header_text_align=\u00bbcenter\u00bb header_font_size=\u00bb36px\u00bb header_2_font=\u00bb&#8211;et_global_heading_font|300|||||||\u00bb header_2_text_color=\u00bb#ddab05&#8243; header_2_font_size=\u00bb24px\u00bb text_orientation=\u00bbjustified\u00bb background_layout=\u00bbdark\u00bb width=\u00bb100%\u00bb width_tablet=\u00bb\u00bb width_phone=\u00bb100%\u00bb width_last_edited=\u00bbon|phone\u00bb module_alignment=\u00bbcenter\u00bb hover_enabled=\u00bb0&#8243; locked=\u00bboff\u00bb global_colors_info=\u00bb{}\u00bb sticky_enabled=\u00bb0&#8243;]<\/p>\n<h2>Ziggy Stardust y la era glam<\/h2>\n<p>El \u00e1lbum <strong>The Rise and Fall of Ziggy Stardust and the Spiders from Mars (1972)<\/strong> lo convirti\u00f3 en un <strong>icono del glam rock<\/strong>. Su capacidad de reinventarse \u2013 <strong>Ziggy Stardust<\/strong> (estrella de rock alien\u00edgena), <strong>Aladdin Sane, Halloween Jack<\/strong>, <strong>The Thin White Duke<\/strong> \u2013 revolucion\u00f3 la imagen de la estrella de rock y difumin\u00f3 las fronteras del <strong>g\u00e9nero<\/strong> y la <strong>sexualidad<\/strong>.<br \/>La etapa de Berl\u00edn junto a <strong>Brian Eno<\/strong> produjo la trilog\u00eda <strong>Low (1977)<\/strong>, <strong>\u00abHeroes\u00bb (1977)<\/strong> y <strong>Lodger (1979)<\/strong>, tres \u00e1lbumes que fusionaron <strong>rock<\/strong>, <strong>ambient<\/strong> y <strong>m\u00fasica electr\u00f3nica<\/strong>, influyendo directamente en la <strong>new wave<\/strong>, el <strong>post-punk<\/strong> y el <strong>synthpop<\/strong>.<\/p>\n<p>[\/et_pb_text][\/et_pb_column][et_pb_column type=\u00bb1_3&#8243; _builder_version=\u00bb4.25.2&#8243; _module_preset=\u00bbdefault\u00bb global_colors_info=\u00bb{}\u00bb][et_pb_image src=\u00bbhttps:\/\/www.matts-guitar-shop.com\/wp-content\/uploads\/2026\/04\/david-bowie-biographie-02.webp\u00bb alt=\u00bbBiograf\u00eda de David Bowie\u00bb title_text=\u00bbdavid-bowie-biographie-02&#8243; align=\u00bbcenter\u00bb _builder_version=\u00bb4.27.6&#8243; _module_preset=\u00bbdefault\u00bb global_colors_info=\u00bb{}\u00bb][\/et_pb_image][\/et_pb_column][et_pb_column type=\u00bb1_3&#8243; _builder_version=\u00bb4.25.2&#8243; _module_preset=\u00bbdefault\u00bb global_colors_info=\u00bb{}\u00bb][et_pb_text _builder_version=\u00bb4.27.6&#8243; _module_preset=\u00bbdefault\u00bb text_font=\u00bb|300|||||||\u00bb text_font_size=\u00bb16px\u00bb header_font=\u00bb|700|||||||\u00bb header_text_align=\u00bbcenter\u00bb header_font_size=\u00bb36px\u00bb header_2_font=\u00bb&#8211;et_global_heading_font|300|||||||\u00bb header_2_text_color=\u00bb#ddab05&#8243; header_2_font_size=\u00bb24px\u00bb text_orientation=\u00bbjustified\u00bb background_layout=\u00bbdark\u00bb width=\u00bb100%\u00bb width_tablet=\u00bb\u00bb width_phone=\u00bb100%\u00bb width_last_edited=\u00bbon|phone\u00bb module_alignment=\u00bbcenter\u00bb hover_enabled=\u00bb0&#8243; locked=\u00bboff\u00bb global_colors_info=\u00bb{}\u00bb sticky_enabled=\u00bb0&#8243;]<\/p>\n<h2>Pop mundial y legado<\/h2>\n<p><strong>Let\u2019s Dance (1983)<\/strong>, producido por <strong>Nile Rodgers<\/strong> con <strong>Stevie Ray Vaughan<\/strong> a la guitarra, lo llev\u00f3 a lo m\u00e1s alto de las listas mundiales. Fue el \u00e1lbum m\u00e1s exitoso comercialmente de su carrera. En 1981 coescribi\u00f3 e interpret\u00f3 junto a <strong>Queen<\/strong> <strong>\u00abUnder Pressure\u00bb<\/strong>, uno de los duetos m\u00e1s ic\u00f3nicos del rock.<br \/>Su \u00faltimo \u00e1lbum, <strong>Blackstar<\/strong>, se public\u00f3 el <strong>8 de enero de 2016<\/strong>, d\u00eda de su <strong>69 cumplea\u00f1os<\/strong>, dos d\u00edas antes de su muerte por <strong>c\u00e1ncer de h\u00edgado<\/strong>, que mantuvo en secreto. El \u00e1lbum, oscuro y experimental, es considerado una despedida art\u00edstica deliberada de una belleza impactante. David Bowie falleci\u00f3 el <strong>10 de enero de 2016<\/strong> en <strong>Nueva York<\/strong>.<br \/>Vendi\u00f3 m\u00e1s de 140 millones de \u00e1lbumes y fue incluido en el <strong>Rock and Roll Hall of Fame<\/strong> en 1996.<\/p>\n<p>[\/et_pb_text][et_pb_text _builder_version=\u00bb4.27.6&#8243; _module_preset=\u00bbdefault\u00bb text_font=\u00bb|300|||||||\u00bb text_font_size=\u00bb16px\u00bb link_font=\u00bb||||||||\u00bb link_text_align=\u00bbjustify\u00bb header_font=\u00bb|700|||||||\u00bb header_text_align=\u00bbcenter\u00bb header_font_size=\u00bb36px\u00bb header_2_font=\u00bb&#8211;et_global_heading_font|300|||||||\u00bb header_2_text_color=\u00bb#ddab05&#8243; header_2_font_size=\u00bb24px\u00bb text_orientation=\u00bbjustified\u00bb background_layout=\u00bbdark\u00bb width=\u00bb100%\u00bb width_tablet=\u00bb\u00bb width_phone=\u00bb100%\u00bb width_last_edited=\u00bbon|phone\u00bb module_alignment=\u00bbcenter\u00bb hover_enabled=\u00bb0&#8243; locked=\u00bboff\u00bb global_colors_info=\u00bb{}\u00bb sticky_enabled=\u00bb0&#8243;]<\/p>\n<h2>Guitarras emblem\u00e1ticas<\/h2>\n<p>Bowie est\u00e1 asociado a la <strong>Supro Dual Tone<\/strong> de sus inicios, as\u00ed como a guitarras ac\u00fasticas <strong>Takamine<\/strong> y <strong>Martin<\/strong>. Entre sus guitarristas legendarios destacan <strong>Mick Ronson<\/strong> (era Ziggy), <strong>Carlos Alomar<\/strong>, <strong>Robert Fripp<\/strong> y <strong>Reeves Gabrels<\/strong>.<\/p>\n<p>[\/et_pb_text][\/et_pb_column][\/et_pb_row][\/et_pb_section]<\/p>\n","protected":false},"excerpt":{"rendered":"<p>El camale\u00f3n del rockOr\u00edgenes y comienzos David Robert Jones naci\u00f3 el 8 de enero de 1947 en Brixton, Londres. Cambi\u00f3 su nombre a David Bowie para evitar confusiones con Davy Jones de los Monkees. Marcado por una pelea en su adolescencia que dej\u00f3 su pupila izquierda permanentemente dilatada (d\u00e1ndole la apariencia de ojos de distinto [&hellip;]<\/p>\n","protected":false},"author":2,"featured_media":36636,"parent":24301,"menu_order":0,"comment_status":"closed","ping_status":"closed","template":"","meta":{"_et_pb_use_builder":"on","_et_pb_old_content":"","_et_gb_content_width":"","footnotes":""},"class_list":["post-36727","page","type-page","status-publish","has-post-thumbnail","hentry"],"yoast_head":"<!-- This site is optimized with the Yoast SEO plugin v26.8 - https:\/\/yoast.com\/product\/yoast-seo-wordpress\/ -->\n<title>David Bowie: el camale\u00f3n del rock<\/title>\n<meta name=\"description\" content=\"Descubre a David Bowie, icono del rock, creador de Ziggy Stardust y autor de Heroes y Let\u2019s Dance. Una leyenda mundial.\" \/>\n<meta name=\"robots\" content=\"index, follow, max-snippet:-1, max-image-preview:large, max-video-preview:-1\" \/>\n<link rel=\"canonical\" href=\"https:\/\/www.matts-guitar-shop.com\/es\/las-leyendas-del-rock\/david-bowie\/\" \/>\n<meta property=\"og:locale\" content=\"es_ES\" \/>\n<meta property=\"og:type\" content=\"article\" \/>\n<meta property=\"og:title\" content=\"David Bowie: el camale\u00f3n del rock\" \/>\n<meta property=\"og:description\" content=\"Descubre a David Bowie, icono del rock, creador de Ziggy Stardust y autor de Heroes y Let\u2019s Dance. Una leyenda mundial.\" \/>\n<meta property=\"og:url\" content=\"https:\/\/www.matts-guitar-shop.com\/es\/las-leyendas-del-rock\/david-bowie\/\" \/>\n<meta property=\"og:site_name\" content=\"Matt&#039;s Guitar Shop\" \/>\n<meta property=\"article:publisher\" content=\"https:\/\/www.facebook.com\/profile.php?id=100044359842817\" \/>\n<meta property=\"article:modified_time\" content=\"2026-04-26T16:47:13+00:00\" \/>\n<meta property=\"og:image\" content=\"https:\/\/www.matts-guitar-shop.com\/wp-content\/uploads\/2026\/04\/david-bowie-biographie-01.webp\" \/>\n\t<meta property=\"og:image:width\" content=\"400\" \/>\n\t<meta property=\"og:image:height\" content=\"400\" \/>\n\t<meta property=\"og:image:type\" content=\"image\/webp\" \/>\n<meta name=\"twitter:card\" content=\"summary_large_image\" \/>\n<meta name=\"twitter:label1\" content=\"Tiempo de lectura\" \/>\n\t<meta name=\"twitter:data1\" content=\"5 minutos\" \/>\n<script type=\"application\/ld+json\" class=\"yoast-schema-graph\">{\"@context\":\"https:\/\/schema.org\",\"@graph\":[{\"@type\":\"WebPage\",\"@id\":\"https:\/\/www.matts-guitar-shop.com\/es\/las-leyendas-del-rock\/david-bowie\/\",\"url\":\"https:\/\/www.matts-guitar-shop.com\/es\/las-leyendas-del-rock\/david-bowie\/\",\"name\":\"David Bowie: el camale\u00f3n del rock\",\"isPartOf\":{\"@id\":\"https:\/\/www.matts-guitar-shop.com\/es\/#website\"},\"primaryImageOfPage\":{\"@id\":\"https:\/\/www.matts-guitar-shop.com\/es\/las-leyendas-del-rock\/david-bowie\/#primaryimage\"},\"image\":{\"@id\":\"https:\/\/www.matts-guitar-shop.com\/es\/las-leyendas-del-rock\/david-bowie\/#primaryimage\"},\"thumbnailUrl\":\"https:\/\/www.matts-guitar-shop.com\/wp-content\/uploads\/2026\/04\/david-bowie-biographie-01.webp\",\"datePublished\":\"2026-04-26T15:17:00+00:00\",\"dateModified\":\"2026-04-26T16:47:13+00:00\",\"description\":\"Descubre a David Bowie, icono del rock, creador de Ziggy Stardust y autor de Heroes y Let\u2019s Dance. Una leyenda mundial.\",\"breadcrumb\":{\"@id\":\"https:\/\/www.matts-guitar-shop.com\/es\/las-leyendas-del-rock\/david-bowie\/#breadcrumb\"},\"inLanguage\":\"es\",\"potentialAction\":[{\"@type\":\"ReadAction\",\"target\":[\"https:\/\/www.matts-guitar-shop.com\/es\/las-leyendas-del-rock\/david-bowie\/\"]}]},{\"@type\":\"ImageObject\",\"inLanguage\":\"es\",\"@id\":\"https:\/\/www.matts-guitar-shop.com\/es\/las-leyendas-del-rock\/david-bowie\/#primaryimage\",\"url\":\"https:\/\/www.matts-guitar-shop.com\/wp-content\/uploads\/2026\/04\/david-bowie-biographie-01.webp\",\"contentUrl\":\"https:\/\/www.matts-guitar-shop.com\/wp-content\/uploads\/2026\/04\/david-bowie-biographie-01.webp\",\"width\":400,\"height\":400,\"caption\":\"Biographie de David Bowie\"},{\"@type\":\"BreadcrumbList\",\"@id\":\"https:\/\/www.matts-guitar-shop.com\/es\/las-leyendas-del-rock\/david-bowie\/#breadcrumb\",\"itemListElement\":[{\"@type\":\"ListItem\",\"position\":1,\"name\":\"Inicio\",\"item\":\"https:\/\/www.matts-guitar-shop.com\/es\/\"},{\"@type\":\"ListItem\",\"position\":2,\"name\":\"Las Leyendas del Rock\",\"item\":\"https:\/\/www.matts-guitar-shop.com\/es\/les-legendes-du-rock\/\"},{\"@type\":\"ListItem\",\"position\":3,\"name\":\"David Bowie\"}]},{\"@type\":\"WebSite\",\"@id\":\"https:\/\/www.matts-guitar-shop.com\/es\/#website\",\"url\":\"https:\/\/www.matts-guitar-shop.com\/es\/\",\"name\":\"matts-guitar-shop.com\",\"description\":\"Guitar Shop\",\"publisher\":{\"@id\":\"https:\/\/www.matts-guitar-shop.com\/es\/#organization\"},\"potentialAction\":[{\"@type\":\"SearchAction\",\"target\":{\"@type\":\"EntryPoint\",\"urlTemplate\":\"https:\/\/www.matts-guitar-shop.com\/es\/?s={search_term_string}\"},\"query-input\":{\"@type\":\"PropertyValueSpecification\",\"valueRequired\":true,\"valueName\":\"search_term_string\"}}],\"inLanguage\":\"es\"},{\"@type\":\"Organization\",\"@id\":\"https:\/\/www.matts-guitar-shop.com\/es\/#organization\",\"name\":\"matts-guitar-shop.com\",\"url\":\"https:\/\/www.matts-guitar-shop.com\/es\/\",\"logo\":{\"@type\":\"ImageObject\",\"inLanguage\":\"es\",\"@id\":\"https:\/\/www.matts-guitar-shop.com\/es\/#\/schema\/logo\/image\/\",\"url\":\"https:\/\/www.matts-guitar-shop.com\/wp-content\/uploads\/2024\/09\/MGS-logo-site-02.png\",\"contentUrl\":\"https:\/\/www.matts-guitar-shop.com\/wp-content\/uploads\/2024\/09\/MGS-logo-site-02.png\",\"width\":200,\"height\":122,\"caption\":\"matts-guitar-shop.com\"},\"image\":{\"@id\":\"https:\/\/www.matts-guitar-shop.com\/es\/#\/schema\/logo\/image\/\"},\"sameAs\":[\"https:\/\/www.facebook.com\/profile.php?id=100044359842817\",\"https:\/\/www.instagram.com\/mattsguitarshop\/\",\"https:\/\/www.youtube.com\/@MattLucasMan\/videos\"]}]}<\/script>\n<!-- \/ Yoast SEO plugin. -->","yoast_head_json":{"title":"David Bowie: el camale\u00f3n del rock","description":"Descubre a David Bowie, icono del rock, creador de Ziggy Stardust y autor de Heroes y Let\u2019s Dance. Una leyenda mundial.","robots":{"index":"index","follow":"follow","max-snippet":"max-snippet:-1","max-image-preview":"max-image-preview:large","max-video-preview":"max-video-preview:-1"},"canonical":"https:\/\/www.matts-guitar-shop.com\/es\/las-leyendas-del-rock\/david-bowie\/","og_locale":"es_ES","og_type":"article","og_title":"David Bowie: el camale\u00f3n del rock","og_description":"Descubre a David Bowie, icono del rock, creador de Ziggy Stardust y autor de Heroes y Let\u2019s Dance. Una leyenda mundial.","og_url":"https:\/\/www.matts-guitar-shop.com\/es\/las-leyendas-del-rock\/david-bowie\/","og_site_name":"Matt&#039;s Guitar Shop","article_publisher":"https:\/\/www.facebook.com\/profile.php?id=100044359842817","article_modified_time":"2026-04-26T16:47:13+00:00","og_image":[{"width":400,"height":400,"url":"https:\/\/www.matts-guitar-shop.com\/wp-content\/uploads\/2026\/04\/david-bowie-biographie-01.webp","type":"image\/webp"}],"twitter_card":"summary_large_image","twitter_misc":{"Tiempo de lectura":"5 minutos"},"schema":{"@context":"https:\/\/schema.org","@graph":[{"@type":"WebPage","@id":"https:\/\/www.matts-guitar-shop.com\/es\/las-leyendas-del-rock\/david-bowie\/","url":"https:\/\/www.matts-guitar-shop.com\/es\/las-leyendas-del-rock\/david-bowie\/","name":"David Bowie: el camale\u00f3n del rock","isPartOf":{"@id":"https:\/\/www.matts-guitar-shop.com\/es\/#website"},"primaryImageOfPage":{"@id":"https:\/\/www.matts-guitar-shop.com\/es\/las-leyendas-del-rock\/david-bowie\/#primaryimage"},"image":{"@id":"https:\/\/www.matts-guitar-shop.com\/es\/las-leyendas-del-rock\/david-bowie\/#primaryimage"},"thumbnailUrl":"https:\/\/www.matts-guitar-shop.com\/wp-content\/uploads\/2026\/04\/david-bowie-biographie-01.webp","datePublished":"2026-04-26T15:17:00+00:00","dateModified":"2026-04-26T16:47:13+00:00","description":"Descubre a David Bowie, icono del rock, creador de Ziggy Stardust y autor de Heroes y Let\u2019s Dance. Una leyenda mundial.","breadcrumb":{"@id":"https:\/\/www.matts-guitar-shop.com\/es\/las-leyendas-del-rock\/david-bowie\/#breadcrumb"},"inLanguage":"es","potentialAction":[{"@type":"ReadAction","target":["https:\/\/www.matts-guitar-shop.com\/es\/las-leyendas-del-rock\/david-bowie\/"]}]},{"@type":"ImageObject","inLanguage":"es","@id":"https:\/\/www.matts-guitar-shop.com\/es\/las-leyendas-del-rock\/david-bowie\/#primaryimage","url":"https:\/\/www.matts-guitar-shop.com\/wp-content\/uploads\/2026\/04\/david-bowie-biographie-01.webp","contentUrl":"https:\/\/www.matts-guitar-shop.com\/wp-content\/uploads\/2026\/04\/david-bowie-biographie-01.webp","width":400,"height":400,"caption":"Biographie de David Bowie"},{"@type":"BreadcrumbList","@id":"https:\/\/www.matts-guitar-shop.com\/es\/las-leyendas-del-rock\/david-bowie\/#breadcrumb","itemListElement":[{"@type":"ListItem","position":1,"name":"Inicio","item":"https:\/\/www.matts-guitar-shop.com\/es\/"},{"@type":"ListItem","position":2,"name":"Las Leyendas del Rock","item":"https:\/\/www.matts-guitar-shop.com\/es\/les-legendes-du-rock\/"},{"@type":"ListItem","position":3,"name":"David Bowie"}]},{"@type":"WebSite","@id":"https:\/\/www.matts-guitar-shop.com\/es\/#website","url":"https:\/\/www.matts-guitar-shop.com\/es\/","name":"matts-guitar-shop.com","description":"Guitar Shop","publisher":{"@id":"https:\/\/www.matts-guitar-shop.com\/es\/#organization"},"potentialAction":[{"@type":"SearchAction","target":{"@type":"EntryPoint","urlTemplate":"https:\/\/www.matts-guitar-shop.com\/es\/?s={search_term_string}"},"query-input":{"@type":"PropertyValueSpecification","valueRequired":true,"valueName":"search_term_string"}}],"inLanguage":"es"},{"@type":"Organization","@id":"https:\/\/www.matts-guitar-shop.com\/es\/#organization","name":"matts-guitar-shop.com","url":"https:\/\/www.matts-guitar-shop.com\/es\/","logo":{"@type":"ImageObject","inLanguage":"es","@id":"https:\/\/www.matts-guitar-shop.com\/es\/#\/schema\/logo\/image\/","url":"https:\/\/www.matts-guitar-shop.com\/wp-content\/uploads\/2024\/09\/MGS-logo-site-02.png","contentUrl":"https:\/\/www.matts-guitar-shop.com\/wp-content\/uploads\/2024\/09\/MGS-logo-site-02.png","width":200,"height":122,"caption":"matts-guitar-shop.com"},"image":{"@id":"https:\/\/www.matts-guitar-shop.com\/es\/#\/schema\/logo\/image\/"},"sameAs":["https:\/\/www.facebook.com\/profile.php?id=100044359842817","https:\/\/www.instagram.com\/mattsguitarshop\/","https:\/\/www.youtube.com\/@MattLucasMan\/videos"]}]}},"_links":{"self":[{"href":"https:\/\/www.matts-guitar-shop.com\/es\/wp-json\/wp\/v2\/pages\/36727","targetHints":{"allow":["GET"]}}],"collection":[{"href":"https:\/\/www.matts-guitar-shop.com\/es\/wp-json\/wp\/v2\/pages"}],"about":[{"href":"https:\/\/www.matts-guitar-shop.com\/es\/wp-json\/wp\/v2\/types\/page"}],"author":[{"embeddable":true,"href":"https:\/\/www.matts-guitar-shop.com\/es\/wp-json\/wp\/v2\/users\/2"}],"replies":[{"embeddable":true,"href":"https:\/\/www.matts-guitar-shop.com\/es\/wp-json\/wp\/v2\/comments?post=36727"}],"version-history":[{"count":2,"href":"https:\/\/www.matts-guitar-shop.com\/es\/wp-json\/wp\/v2\/pages\/36727\/revisions"}],"predecessor-version":[{"id":36729,"href":"https:\/\/www.matts-guitar-shop.com\/es\/wp-json\/wp\/v2\/pages\/36727\/revisions\/36729"}],"up":[{"embeddable":true,"href":"https:\/\/www.matts-guitar-shop.com\/es\/wp-json\/wp\/v2\/pages\/24301"}],"wp:featuredmedia":[{"embeddable":true,"href":"https:\/\/www.matts-guitar-shop.com\/es\/wp-json\/wp\/v2\/media\/36636"}],"wp:attachment":[{"href":"https:\/\/www.matts-guitar-shop.com\/es\/wp-json\/wp\/v2\/media?parent=36727"}],"curies":[{"name":"wp","href":"https:\/\/api.w.org\/{rel}","templated":true}]}}