{"id":36712,"date":"2026-04-26T17:48:31","date_gmt":"2026-04-26T15:48:31","guid":{"rendered":"https:\/\/www.matts-guitar-shop.com\/las-leyendas-del-rock\/deryck-whibley\/"},"modified":"2026-04-26T18:59:29","modified_gmt":"2026-04-26T16:59:29","slug":"deryck-whibley","status":"publish","type":"page","link":"https:\/\/www.matts-guitar-shop.com\/es\/las-leyendas-del-rock\/deryck-whibley\/","title":{"rendered":"Deryck Whibley"},"content":{"rendered":"<p>[et_pb_section fb_built=\u00bb1&#8243; _builder_version=\u00bb4.27.5&#8243; _module_preset=\u00bbdefault\u00bb background_color=\u00bb#000000&#8243; global_colors_info=\u00bb{}\u00bb][et_pb_row use_custom_gutter=\u00bbon\u00bb gutter_width=\u00bb2&#8243; admin_label=\u00bbLigne\u00bb _builder_version=\u00bb4.27.5&#8243; _module_preset=\u00bbdefault\u00bb width=\u00bb100%\u00bb max_width=\u00bb80%\u00bb custom_margin=\u00bb||||false|false\u00bb custom_padding=\u00bb0px||||false|false\u00bb locked=\u00bboff\u00bb global_colors_info=\u00bb{}\u00bb][et_pb_column type=\u00bb4_4&#8243; _builder_version=\u00bb4.25.2&#8243; _module_preset=\u00bbdefault\u00bb global_colors_info=\u00bb{}\u00bb][et_pb_post_title meta=\u00bboff\u00bb featured_image=\u00bboff\u00bb _builder_version=\u00bb4.27.5&#8243; _module_preset=\u00bbdefault\u00bb title_font=\u00bbOpen Sans|300|||||||\u00bb title_text_color=\u00bb#ddab05&#8243; title_font_size=\u00bb6rem\u00bb text_orientation=\u00bbcenter\u00bb custom_margin=\u00bb0px||0px||false|false\u00bb global_colors_info=\u00bb{}\u00bb][\/et_pb_post_title][et_pb_text admin_label=\u00bbTexte\u00bb _builder_version=\u00bb4.27.6&#8243; _module_preset=\u00bbdefault\u00bb text_font=\u00bb&#8211;et_global_body_font|300|||||||\u00bb text_text_color=\u00bb#FFFFFF\u00bb text_font_size=\u00bb1.5rem\u00bb text_line_height=\u00bb1em\u00bb header_text_align=\u00bbcenter\u00bb text_orientation=\u00bbcenter\u00bb global_colors_info=\u00bb{}\u00bb]Sum 41 \u2013 Punk rock canadiense[\/et_pb_text][\/et_pb_column][\/et_pb_row][et_pb_row column_structure=\u00bb1_3,1_3,1_3&#8243; use_custom_gutter=\u00bbon\u00bb gutter_width=\u00bb2&#8243; admin_label=\u00bbLigne\u00bb _builder_version=\u00bb4.27.5&#8243; _module_preset=\u00bbdefault\u00bb width=\u00bb100%\u00bb max_width=\u00bb80%\u00bb custom_margin=\u00bb||||false|false\u00bb custom_padding=\u00bb||||false|false\u00bb locked=\u00bboff\u00bb global_colors_info=\u00bb{}\u00bb][et_pb_column type=\u00bb1_3&#8243; _builder_version=\u00bb4.25.2&#8243; _module_preset=\u00bbdefault\u00bb global_colors_info=\u00bb{}\u00bb][et_pb_text _builder_version=\u00bb4.27.6&#8243; _module_preset=\u00bbdefault\u00bb text_font=\u00bb|300|||||||\u00bb text_font_size=\u00bb16px\u00bb header_font=\u00bb|700|||||||\u00bb header_text_align=\u00bbcenter\u00bb header_font_size=\u00bb36px\u00bb header_2_font=\u00bb&#8211;et_global_heading_font|300|||||||\u00bb header_2_text_color=\u00bb#ddab05&#8243; header_2_font_size=\u00bb24px\u00bb text_orientation=\u00bbjustified\u00bb background_layout=\u00bbdark\u00bb width=\u00bb100%\u00bb width_tablet=\u00bb\u00bb width_phone=\u00bb100%\u00bb width_last_edited=\u00bbon|phone\u00bb module_alignment=\u00bbcenter\u00bb locked=\u00bboff\u00bb global_colors_info=\u00bb{}\u00bb]<\/p>\n<h2>Or\u00edgenes y comienzos<\/h2>\n<p><strong>Deryck Jason Whibley<\/strong> naci\u00f3 el <strong>21 de marzo de 1980<\/strong> en <strong>Scarborough<\/strong>, Ontario, Canad\u00e1. Criado por su madre soltera, descubri\u00f3 el punk y el metal a una edad temprana a trav\u00e9s de <strong>Iron Maiden<\/strong>, <strong>Metallica<\/strong> y los <strong>Descendents<\/strong>. Fund\u00f3 <strong>Sum 41<\/strong> en <strong>1996<\/strong> en <strong>Ajax<\/strong>, un suburbio de Toronto, junto a sus amigos de la infancia. El nombre de la banda hace referencia a los <strong>41 d\u00edas de verano<\/strong> restantes cuando la formaron.<\/p>\n<p>[\/et_pb_text][et_pb_text _builder_version=\u00bb4.27.6&#8243; _module_preset=\u00bbdefault\u00bb text_font=\u00bb|300|||||||\u00bb text_font_size=\u00bb16px\u00bb header_font=\u00bb|700|||||||\u00bb header_text_align=\u00bbcenter\u00bb header_font_size=\u00bb36px\u00bb header_2_font=\u00bb&#8211;et_global_heading_font|300|||||||\u00bb header_2_text_color=\u00bb#ddab05&#8243; header_2_font_size=\u00bb24px\u00bb text_orientation=\u00bbjustified\u00bb background_layout=\u00bbdark\u00bb width=\u00bb100%\u00bb width_tablet=\u00bb\u00bb width_phone=\u00bb100%\u00bb width_last_edited=\u00bbon|phone\u00bb module_alignment=\u00bbcenter\u00bb locked=\u00bboff\u00bb global_colors_info=\u00bb{}\u00bb]<\/p>\n<h2>\u00c9xito de Sum 41<\/h2>\n<p>El \u00e1lbum debut <strong>All Killer No Filler (2001)<\/strong>, impulsado por el sencillo <strong>\u00abFat Lip\u00bb<\/strong>, vendi\u00f3 m\u00e1s de <strong>4 millones de copias<\/strong> y convirti\u00f3 a Sum 41 en una de las bandas clave de la <strong>escena pop-punk<\/strong> de los a\u00f1os 2000. <strong>Does This Look Infected? (2002)<\/strong> endureci\u00f3 su sonido, y <strong>Chuck (2004)<\/strong>, nombrado en honor a un <strong>casco azul de la ONU<\/strong> que les salv\u00f3 la vida durante una grabaci\u00f3n en el Congo en medio de conflictos, llev\u00f3 a\u00fan m\u00e1s lejos la mezcla de <strong>punk y metal<\/strong>.<br \/>Whibley es el <strong>vocalista, guitarrista<\/strong> y principal <strong>compositor<\/strong> de la banda. Su escritura combina melod\u00edas pop pegadizas con riffs de metal agresivo, creando un sonido distintivo en la escena punk.<\/p>\n<p>[\/et_pb_text][\/et_pb_column][et_pb_column type=\u00bb1_3&#8243; _builder_version=\u00bb4.25.2&#8243; _module_preset=\u00bbdefault\u00bb global_colors_info=\u00bb{}\u00bb][et_pb_image src=\u00bbhttps:\/\/www.matts-guitar-shop.com\/wp-content\/uploads\/2026\/04\/deryck-whibley-biographie-02.webp\u00bb alt=\u00bbBiograf\u00eda de Deryck Whibley\u00bb title_text=\u00bbderyck-whibley-biographie-02&#8243; align=\u00bbcenter\u00bb _builder_version=\u00bb4.27.6&#8243; _module_preset=\u00bbdefault\u00bb global_colors_info=\u00bb{}\u00bb][\/et_pb_image][\/et_pb_column][et_pb_column type=\u00bb1_3&#8243; _builder_version=\u00bb4.25.2&#8243; _module_preset=\u00bbdefault\u00bb global_colors_info=\u00bb{}\u00bb][et_pb_text _builder_version=\u00bb4.27.6&#8243; _module_preset=\u00bbdefault\u00bb text_font=\u00bb|300|||||||\u00bb text_font_size=\u00bb16px\u00bb header_font=\u00bb|700|||||||\u00bb header_text_align=\u00bbcenter\u00bb header_font_size=\u00bb36px\u00bb header_2_font=\u00bb&#8211;et_global_heading_font|300|||||||\u00bb header_2_text_color=\u00bb#ddab05&#8243; header_2_font_size=\u00bb24px\u00bb text_orientation=\u00bbjustified\u00bb background_layout=\u00bbdark\u00bb width=\u00bb100%\u00bb width_tablet=\u00bb\u00bb width_phone=\u00bb100%\u00bb width_last_edited=\u00bbon|phone\u00bb module_alignment=\u00bbcenter\u00bb locked=\u00bboff\u00bb global_colors_info=\u00bb{}\u00bb]<\/p>\n<h2>Pruebas y resiliencia<\/h2>\n<p>En <strong>2014<\/strong>, Deryck Whibley fue hospitalizado en estado cr\u00edtico por una <strong>insuficiencia hep\u00e1tica y renal<\/strong> relacionada con el alcoholismo. Los m\u00e9dicos le dijeron que una copa m\u00e1s podr\u00eda matarlo. Se recuper\u00f3, dej\u00f3 el alcohol y continu\u00f3 su carrera con energ\u00eda renovada. Sum 41 lanz\u00f3 <strong>Order in Decline (2019)<\/strong> y el \u00e1lbum doble <strong>Heaven :x: Hell (2024)<\/strong>, antes de anunciar una \u00faltima gira y la disoluci\u00f3n definitiva de la banda.<\/p>\n<p>[\/et_pb_text][et_pb_text _builder_version=\u00bb4.27.6&#8243; _module_preset=\u00bbdefault\u00bb text_font=\u00bb|300|||||||\u00bb text_font_size=\u00bb16px\u00bb link_font=\u00bb||||||||\u00bb link_text_align=\u00bbjustify\u00bb header_font=\u00bb|700|||||||\u00bb header_text_align=\u00bbcenter\u00bb header_font_size=\u00bb36px\u00bb header_2_font=\u00bb&#8211;et_global_heading_font|300|||||||\u00bb header_2_text_color=\u00bb#ddab05&#8243; header_2_font_size=\u00bb24px\u00bb text_orientation=\u00bbjustified\u00bb background_layout=\u00bbdark\u00bb width=\u00bb100%\u00bb width_tablet=\u00bb\u00bb width_phone=\u00bb100%\u00bb width_last_edited=\u00bbon|phone\u00bb module_alignment=\u00bbcenter\u00bb hover_enabled=\u00bb0&#8243; locked=\u00bboff\u00bb global_colors_info=\u00bb{}\u00bb sticky_enabled=\u00bb0&#8243;]<\/p>\n<h2>Guitarra emblem\u00e1tica<\/h2>\n<p><\/p>\n<p>Deryck Whibley toca guitarras ac\u00fasticas <a href=\"https:\/\/www.matts-guitar-shop.com\/es\/produit\/deryck-whibleys-gibson-j50\/\"><strong>Gibson J-50<\/strong><\/a> y el\u00e9ctricas <a href=\"https:\/\/www.matts-guitar-shop.com\/es\/produit\/fender-telecaster-deluxe-ex-deryck-whibley-sum-41\/\"><strong>Fender Telecaster<\/strong><\/a>. En directo tambi\u00e9n utiliza <a href=\"https:\/\/www.matts-guitar-shop.com\/es\/produit\/gibson-les-paul-black-beauty-1969-ex-deryck-whibley-sum-41\/\"><strong>Gibson Les Paul Junior<\/strong><\/a> y <strong>Squier Telecaster<\/strong> personalizadas.<\/p>\n<p>[\/et_pb_text][\/et_pb_column][\/et_pb_row][\/et_pb_section]<\/p>\n","protected":false},"excerpt":{"rendered":"<p>Sum 41 \u2013 Punk rock canadienseOr\u00edgenes y comienzos Deryck Jason Whibley naci\u00f3 el 21 de marzo de 1980 en Scarborough, Ontario, Canad\u00e1. Criado por su madre soltera, descubri\u00f3 el punk y el metal a una edad temprana a trav\u00e9s de Iron Maiden, Metallica y los Descendents. Fund\u00f3 Sum 41 en 1996 en Ajax, un suburbio [&hellip;]<\/p>\n","protected":false},"author":2,"featured_media":36662,"parent":24301,"menu_order":0,"comment_status":"closed","ping_status":"closed","template":"","meta":{"_et_pb_use_builder":"on","_et_pb_old_content":"","_et_gb_content_width":"","footnotes":""},"class_list":["post-36712","page","type-page","status-publish","has-post-thumbnail","hentry"],"yoast_head":"<!-- This site is optimized with the Yoast SEO plugin v26.8 - https:\/\/yoast.com\/product\/yoast-seo-wordpress\/ -->\n<title>Deryck Whibley (Sum 41) \u2013 Punk rock canadiense<\/title>\n<meta name=\"description\" content=\"Descubre a Deryck Whibley, l\u00edder de Sum 41, icono pop-punk detr\u00e1s de Fat Lip y el auge del punk rock canadiense en los a\u00f1os 2000.\" \/>\n<meta name=\"robots\" content=\"index, follow, max-snippet:-1, max-image-preview:large, max-video-preview:-1\" \/>\n<link rel=\"canonical\" href=\"https:\/\/www.matts-guitar-shop.com\/es\/las-leyendas-del-rock\/deryck-whibley\/\" \/>\n<meta property=\"og:locale\" content=\"es_ES\" \/>\n<meta property=\"og:type\" content=\"article\" \/>\n<meta property=\"og:title\" content=\"Deryck Whibley (Sum 41) \u2013 Punk rock canadiense\" \/>\n<meta property=\"og:description\" content=\"Descubre a Deryck Whibley, l\u00edder de Sum 41, icono pop-punk detr\u00e1s de Fat Lip y el auge del punk rock canadiense en los a\u00f1os 2000.\" \/>\n<meta property=\"og:url\" content=\"https:\/\/www.matts-guitar-shop.com\/es\/las-leyendas-del-rock\/deryck-whibley\/\" \/>\n<meta property=\"og:site_name\" content=\"Matt&#039;s Guitar Shop\" \/>\n<meta property=\"article:publisher\" content=\"https:\/\/www.facebook.com\/profile.php?id=100044359842817\" \/>\n<meta property=\"article:modified_time\" content=\"2026-04-26T16:59:29+00:00\" \/>\n<meta property=\"og:image\" content=\"https:\/\/www.matts-guitar-shop.com\/wp-content\/uploads\/2026\/04\/deryck-whibley-biographie-01.webp\" \/>\n\t<meta property=\"og:image:width\" content=\"480\" \/>\n\t<meta property=\"og:image:height\" content=\"480\" \/>\n\t<meta property=\"og:image:type\" content=\"image\/webp\" \/>\n<meta name=\"twitter:card\" content=\"summary_large_image\" \/>\n<meta name=\"twitter:label1\" content=\"Tiempo de lectura\" \/>\n\t<meta name=\"twitter:data1\" content=\"4 minutos\" \/>\n<script type=\"application\/ld+json\" class=\"yoast-schema-graph\">{\"@context\":\"https:\/\/schema.org\",\"@graph\":[{\"@type\":\"WebPage\",\"@id\":\"https:\/\/www.matts-guitar-shop.com\/es\/las-leyendas-del-rock\/deryck-whibley\/\",\"url\":\"https:\/\/www.matts-guitar-shop.com\/es\/las-leyendas-del-rock\/deryck-whibley\/\",\"name\":\"Deryck Whibley (Sum 41) \u2013 Punk rock canadiense\",\"isPartOf\":{\"@id\":\"https:\/\/www.matts-guitar-shop.com\/es\/#website\"},\"primaryImageOfPage\":{\"@id\":\"https:\/\/www.matts-guitar-shop.com\/es\/las-leyendas-del-rock\/deryck-whibley\/#primaryimage\"},\"image\":{\"@id\":\"https:\/\/www.matts-guitar-shop.com\/es\/las-leyendas-del-rock\/deryck-whibley\/#primaryimage\"},\"thumbnailUrl\":\"https:\/\/www.matts-guitar-shop.com\/wp-content\/uploads\/2026\/04\/deryck-whibley-biographie-01.webp\",\"datePublished\":\"2026-04-26T15:48:31+00:00\",\"dateModified\":\"2026-04-26T16:59:29+00:00\",\"description\":\"Descubre a Deryck Whibley, l\u00edder de Sum 41, icono pop-punk detr\u00e1s de Fat Lip y el auge del punk rock canadiense en los a\u00f1os 2000.\",\"breadcrumb\":{\"@id\":\"https:\/\/www.matts-guitar-shop.com\/es\/las-leyendas-del-rock\/deryck-whibley\/#breadcrumb\"},\"inLanguage\":\"es\",\"potentialAction\":[{\"@type\":\"ReadAction\",\"target\":[\"https:\/\/www.matts-guitar-shop.com\/es\/las-leyendas-del-rock\/deryck-whibley\/\"]}]},{\"@type\":\"ImageObject\",\"inLanguage\":\"es\",\"@id\":\"https:\/\/www.matts-guitar-shop.com\/es\/las-leyendas-del-rock\/deryck-whibley\/#primaryimage\",\"url\":\"https:\/\/www.matts-guitar-shop.com\/wp-content\/uploads\/2026\/04\/deryck-whibley-biographie-01.webp\",\"contentUrl\":\"https:\/\/www.matts-guitar-shop.com\/wp-content\/uploads\/2026\/04\/deryck-whibley-biographie-01.webp\",\"width\":480,\"height\":480,\"caption\":\"Biographie de Deryck Whibley\"},{\"@type\":\"BreadcrumbList\",\"@id\":\"https:\/\/www.matts-guitar-shop.com\/es\/las-leyendas-del-rock\/deryck-whibley\/#breadcrumb\",\"itemListElement\":[{\"@type\":\"ListItem\",\"position\":1,\"name\":\"Inicio\",\"item\":\"https:\/\/www.matts-guitar-shop.com\/es\/\"},{\"@type\":\"ListItem\",\"position\":2,\"name\":\"Las Leyendas del Rock\",\"item\":\"https:\/\/www.matts-guitar-shop.com\/es\/les-legendes-du-rock\/\"},{\"@type\":\"ListItem\",\"position\":3,\"name\":\"Deryck Whibley\"}]},{\"@type\":\"WebSite\",\"@id\":\"https:\/\/www.matts-guitar-shop.com\/es\/#website\",\"url\":\"https:\/\/www.matts-guitar-shop.com\/es\/\",\"name\":\"matts-guitar-shop.com\",\"description\":\"Guitar Shop\",\"publisher\":{\"@id\":\"https:\/\/www.matts-guitar-shop.com\/es\/#organization\"},\"potentialAction\":[{\"@type\":\"SearchAction\",\"target\":{\"@type\":\"EntryPoint\",\"urlTemplate\":\"https:\/\/www.matts-guitar-shop.com\/es\/?s={search_term_string}\"},\"query-input\":{\"@type\":\"PropertyValueSpecification\",\"valueRequired\":true,\"valueName\":\"search_term_string\"}}],\"inLanguage\":\"es\"},{\"@type\":\"Organization\",\"@id\":\"https:\/\/www.matts-guitar-shop.com\/es\/#organization\",\"name\":\"matts-guitar-shop.com\",\"url\":\"https:\/\/www.matts-guitar-shop.com\/es\/\",\"logo\":{\"@type\":\"ImageObject\",\"inLanguage\":\"es\",\"@id\":\"https:\/\/www.matts-guitar-shop.com\/es\/#\/schema\/logo\/image\/\",\"url\":\"https:\/\/www.matts-guitar-shop.com\/wp-content\/uploads\/2024\/09\/MGS-logo-site-02.png\",\"contentUrl\":\"https:\/\/www.matts-guitar-shop.com\/wp-content\/uploads\/2024\/09\/MGS-logo-site-02.png\",\"width\":200,\"height\":122,\"caption\":\"matts-guitar-shop.com\"},\"image\":{\"@id\":\"https:\/\/www.matts-guitar-shop.com\/es\/#\/schema\/logo\/image\/\"},\"sameAs\":[\"https:\/\/www.facebook.com\/profile.php?id=100044359842817\",\"https:\/\/www.instagram.com\/mattsguitarshop\/\",\"https:\/\/www.youtube.com\/@MattLucasMan\/videos\"]}]}<\/script>\n<!-- \/ Yoast SEO plugin. -->","yoast_head_json":{"title":"Deryck Whibley (Sum 41) \u2013 Punk rock canadiense","description":"Descubre a Deryck Whibley, l\u00edder de Sum 41, icono pop-punk detr\u00e1s de Fat Lip y el auge del punk rock canadiense en los a\u00f1os 2000.","robots":{"index":"index","follow":"follow","max-snippet":"max-snippet:-1","max-image-preview":"max-image-preview:large","max-video-preview":"max-video-preview:-1"},"canonical":"https:\/\/www.matts-guitar-shop.com\/es\/las-leyendas-del-rock\/deryck-whibley\/","og_locale":"es_ES","og_type":"article","og_title":"Deryck Whibley (Sum 41) \u2013 Punk rock canadiense","og_description":"Descubre a Deryck Whibley, l\u00edder de Sum 41, icono pop-punk detr\u00e1s de Fat Lip y el auge del punk rock canadiense en los a\u00f1os 2000.","og_url":"https:\/\/www.matts-guitar-shop.com\/es\/las-leyendas-del-rock\/deryck-whibley\/","og_site_name":"Matt&#039;s Guitar Shop","article_publisher":"https:\/\/www.facebook.com\/profile.php?id=100044359842817","article_modified_time":"2026-04-26T16:59:29+00:00","og_image":[{"width":480,"height":480,"url":"https:\/\/www.matts-guitar-shop.com\/wp-content\/uploads\/2026\/04\/deryck-whibley-biographie-01.webp","type":"image\/webp"}],"twitter_card":"summary_large_image","twitter_misc":{"Tiempo de lectura":"4 minutos"},"schema":{"@context":"https:\/\/schema.org","@graph":[{"@type":"WebPage","@id":"https:\/\/www.matts-guitar-shop.com\/es\/las-leyendas-del-rock\/deryck-whibley\/","url":"https:\/\/www.matts-guitar-shop.com\/es\/las-leyendas-del-rock\/deryck-whibley\/","name":"Deryck Whibley (Sum 41) \u2013 Punk rock canadiense","isPartOf":{"@id":"https:\/\/www.matts-guitar-shop.com\/es\/#website"},"primaryImageOfPage":{"@id":"https:\/\/www.matts-guitar-shop.com\/es\/las-leyendas-del-rock\/deryck-whibley\/#primaryimage"},"image":{"@id":"https:\/\/www.matts-guitar-shop.com\/es\/las-leyendas-del-rock\/deryck-whibley\/#primaryimage"},"thumbnailUrl":"https:\/\/www.matts-guitar-shop.com\/wp-content\/uploads\/2026\/04\/deryck-whibley-biographie-01.webp","datePublished":"2026-04-26T15:48:31+00:00","dateModified":"2026-04-26T16:59:29+00:00","description":"Descubre a Deryck Whibley, l\u00edder de Sum 41, icono pop-punk detr\u00e1s de Fat Lip y el auge del punk rock canadiense en los a\u00f1os 2000.","breadcrumb":{"@id":"https:\/\/www.matts-guitar-shop.com\/es\/las-leyendas-del-rock\/deryck-whibley\/#breadcrumb"},"inLanguage":"es","potentialAction":[{"@type":"ReadAction","target":["https:\/\/www.matts-guitar-shop.com\/es\/las-leyendas-del-rock\/deryck-whibley\/"]}]},{"@type":"ImageObject","inLanguage":"es","@id":"https:\/\/www.matts-guitar-shop.com\/es\/las-leyendas-del-rock\/deryck-whibley\/#primaryimage","url":"https:\/\/www.matts-guitar-shop.com\/wp-content\/uploads\/2026\/04\/deryck-whibley-biographie-01.webp","contentUrl":"https:\/\/www.matts-guitar-shop.com\/wp-content\/uploads\/2026\/04\/deryck-whibley-biographie-01.webp","width":480,"height":480,"caption":"Biographie de Deryck Whibley"},{"@type":"BreadcrumbList","@id":"https:\/\/www.matts-guitar-shop.com\/es\/las-leyendas-del-rock\/deryck-whibley\/#breadcrumb","itemListElement":[{"@type":"ListItem","position":1,"name":"Inicio","item":"https:\/\/www.matts-guitar-shop.com\/es\/"},{"@type":"ListItem","position":2,"name":"Las Leyendas del Rock","item":"https:\/\/www.matts-guitar-shop.com\/es\/les-legendes-du-rock\/"},{"@type":"ListItem","position":3,"name":"Deryck Whibley"}]},{"@type":"WebSite","@id":"https:\/\/www.matts-guitar-shop.com\/es\/#website","url":"https:\/\/www.matts-guitar-shop.com\/es\/","name":"matts-guitar-shop.com","description":"Guitar Shop","publisher":{"@id":"https:\/\/www.matts-guitar-shop.com\/es\/#organization"},"potentialAction":[{"@type":"SearchAction","target":{"@type":"EntryPoint","urlTemplate":"https:\/\/www.matts-guitar-shop.com\/es\/?s={search_term_string}"},"query-input":{"@type":"PropertyValueSpecification","valueRequired":true,"valueName":"search_term_string"}}],"inLanguage":"es"},{"@type":"Organization","@id":"https:\/\/www.matts-guitar-shop.com\/es\/#organization","name":"matts-guitar-shop.com","url":"https:\/\/www.matts-guitar-shop.com\/es\/","logo":{"@type":"ImageObject","inLanguage":"es","@id":"https:\/\/www.matts-guitar-shop.com\/es\/#\/schema\/logo\/image\/","url":"https:\/\/www.matts-guitar-shop.com\/wp-content\/uploads\/2024\/09\/MGS-logo-site-02.png","contentUrl":"https:\/\/www.matts-guitar-shop.com\/wp-content\/uploads\/2024\/09\/MGS-logo-site-02.png","width":200,"height":122,"caption":"matts-guitar-shop.com"},"image":{"@id":"https:\/\/www.matts-guitar-shop.com\/es\/#\/schema\/logo\/image\/"},"sameAs":["https:\/\/www.facebook.com\/profile.php?id=100044359842817","https:\/\/www.instagram.com\/mattsguitarshop\/","https:\/\/www.youtube.com\/@MattLucasMan\/videos"]}]}},"_links":{"self":[{"href":"https:\/\/www.matts-guitar-shop.com\/es\/wp-json\/wp\/v2\/pages\/36712","targetHints":{"allow":["GET"]}}],"collection":[{"href":"https:\/\/www.matts-guitar-shop.com\/es\/wp-json\/wp\/v2\/pages"}],"about":[{"href":"https:\/\/www.matts-guitar-shop.com\/es\/wp-json\/wp\/v2\/types\/page"}],"author":[{"embeddable":true,"href":"https:\/\/www.matts-guitar-shop.com\/es\/wp-json\/wp\/v2\/users\/2"}],"replies":[{"embeddable":true,"href":"https:\/\/www.matts-guitar-shop.com\/es\/wp-json\/wp\/v2\/comments?post=36712"}],"version-history":[{"count":4,"href":"https:\/\/www.matts-guitar-shop.com\/es\/wp-json\/wp\/v2\/pages\/36712\/revisions"}],"predecessor-version":[{"id":36742,"href":"https:\/\/www.matts-guitar-shop.com\/es\/wp-json\/wp\/v2\/pages\/36712\/revisions\/36742"}],"up":[{"embeddable":true,"href":"https:\/\/www.matts-guitar-shop.com\/es\/wp-json\/wp\/v2\/pages\/24301"}],"wp:featuredmedia":[{"embeddable":true,"href":"https:\/\/www.matts-guitar-shop.com\/es\/wp-json\/wp\/v2\/media\/36662"}],"wp:attachment":[{"href":"https:\/\/www.matts-guitar-shop.com\/es\/wp-json\/wp\/v2\/media?parent=36712"}],"curies":[{"name":"wp","href":"https:\/\/api.w.org\/{rel}","templated":true}]}}