{"id":36694,"date":"2026-04-26T16:50:23","date_gmt":"2026-04-26T14:50:23","guid":{"rendered":"https:\/\/www.matts-guitar-shop.com\/las-leyendas-del-rock\/dave-grohl\/"},"modified":"2026-04-26T18:23:04","modified_gmt":"2026-04-26T16:23:04","slug":"dave-grohl","status":"publish","type":"page","link":"https:\/\/www.matts-guitar-shop.com\/es\/las-leyendas-del-rock\/dave-grohl\/","title":{"rendered":"Dave Grohl"},"content":{"rendered":"<p>[et_pb_section fb_built=\u00bb1&#8243; _builder_version=\u00bb4.27.5&#8243; _module_preset=\u00bbdefault\u00bb background_color=\u00bb#000000&#8243; global_colors_info=\u00bb{}\u00bb][et_pb_row use_custom_gutter=\u00bbon\u00bb gutter_width=\u00bb2&#8243; admin_label=\u00bbLigne\u00bb _builder_version=\u00bb4.27.5&#8243; _module_preset=\u00bbdefault\u00bb width=\u00bb100%\u00bb max_width=\u00bb80%\u00bb custom_margin=\u00bb||||false|false\u00bb custom_padding=\u00bb0px||||false|false\u00bb locked=\u00bboff\u00bb global_colors_info=\u00bb{}\u00bb][et_pb_column type=\u00bb4_4&#8243; _builder_version=\u00bb4.25.2&#8243; _module_preset=\u00bbdefault\u00bb global_colors_info=\u00bb{}\u00bb][et_pb_post_title meta=\u00bboff\u00bb featured_image=\u00bboff\u00bb _builder_version=\u00bb4.27.5&#8243; _module_preset=\u00bbdefault\u00bb title_font=\u00bbOpen Sans|300|||||||\u00bb title_text_color=\u00bb#ddab05&#8243; title_font_size=\u00bb6rem\u00bb text_orientation=\u00bbcenter\u00bb custom_margin=\u00bb0px||0px||false|false\u00bb global_colors_info=\u00bb{}\u00bb][\/et_pb_post_title][et_pb_text admin_label=\u00bbTexte\u00bb _builder_version=\u00bb4.27.6&#8243; _module_preset=\u00bbdefault\u00bb text_font=\u00bb&#8211;et_global_body_font|300|||||||\u00bb text_text_color=\u00bb#FFFFFF\u00bb text_font_size=\u00bb1.5rem\u00bb text_line_height=\u00bb1em\u00bb header_text_align=\u00bbcenter\u00bb text_orientation=\u00bbcenter\u00bb global_colors_info=\u00bb{}\u00bb]<\/p>\n<p>De Nirvana a Foo Fighters \u2013 El hombre orquesta del rock<\/p>\n<p>[\/et_pb_text][\/et_pb_column][\/et_pb_row][et_pb_row column_structure=\u00bb1_3,1_3,1_3&#8243; use_custom_gutter=\u00bbon\u00bb gutter_width=\u00bb2&#8243; admin_label=\u00bbLigne\u00bb _builder_version=\u00bb4.27.5&#8243; _module_preset=\u00bbdefault\u00bb width=\u00bb100%\u00bb max_width=\u00bb80%\u00bb custom_margin=\u00bb||||false|false\u00bb custom_padding=\u00bb||||false|false\u00bb locked=\u00bboff\u00bb global_colors_info=\u00bb{}\u00bb][et_pb_column type=\u00bb1_3&#8243; _builder_version=\u00bb4.25.2&#8243; _module_preset=\u00bbdefault\u00bb global_colors_info=\u00bb{}\u00bb][et_pb_text _builder_version=\u00bb4.27.6&#8243; _module_preset=\u00bbdefault\u00bb text_font=\u00bb|300|||||||\u00bb text_font_size=\u00bb16px\u00bb header_font=\u00bb|700|||||||\u00bb header_text_align=\u00bbcenter\u00bb header_font_size=\u00bb36px\u00bb header_2_font=\u00bb&#8211;et_global_heading_font|300|||||||\u00bb header_2_text_color=\u00bb#ddab05&#8243; header_2_font_size=\u00bb24px\u00bb text_orientation=\u00bbjustified\u00bb background_layout=\u00bbdark\u00bb width=\u00bb100%\u00bb width_tablet=\u00bb\u00bb width_phone=\u00bb100%\u00bb width_last_edited=\u00bbon|phone\u00bb module_alignment=\u00bbcenter\u00bb hover_enabled=\u00bb0&#8243; locked=\u00bboff\u00bb global_colors_info=\u00bb{}\u00bb sticky_enabled=\u00bb0&#8243;]<\/p>\n<h2>Or\u00edgenes y comienzos<\/h2>\n<p><strong>David Eric Grohl<\/strong> naci\u00f3 el <strong>14 de enero de 1969<\/strong> en Warren, Ohio, y creci\u00f3 en <strong>Springfield<\/strong>, Virginia. Baterista autodidacta apasionado por el <strong>hardcore punk<\/strong>, se uni\u00f3 a la banda <strong>Scream<\/strong> a los <strong>17 a\u00f1os<\/strong> antes de incorporarse a <strong>Nirvana<\/strong> en <strong>1990<\/strong>, por invitaci\u00f3n de <strong>Kurt Cobain<\/strong> y <strong>Krist Novoselic<\/strong>, tras la recomendaci\u00f3n de <strong>Buzz Osborne<\/strong> de los Melvins.<\/p>\n<p>[\/et_pb_text][et_pb_text _builder_version=\u00bb4.27.6&#8243; _module_preset=\u00bbdefault\u00bb text_font=\u00bb|300|||||||\u00bb text_font_size=\u00bb16px\u00bb header_font=\u00bb|700|||||||\u00bb header_text_align=\u00bbcenter\u00bb header_font_size=\u00bb36px\u00bb header_2_font=\u00bb&#8211;et_global_heading_font|300|||||||\u00bb header_2_text_color=\u00bb#ddab05&#8243; header_2_font_size=\u00bb24px\u00bb text_orientation=\u00bbjustified\u00bb background_layout=\u00bbdark\u00bb width=\u00bb100%\u00bb width_tablet=\u00bb\u00bb width_phone=\u00bb100%\u00bb width_last_edited=\u00bbon|phone\u00bb module_alignment=\u00bbcenter\u00bb hover_enabled=\u00bb0&#8243; locked=\u00bboff\u00bb global_colors_info=\u00bb{}\u00bb sticky_enabled=\u00bb0&#8243;]<\/p>\n<h2>Nirvana y la revoluci\u00f3n grunge<\/h2>\n<p>Con Nirvana grab\u00f3 <strong>Nevermind (1991)<\/strong> y su \u00e9xito mundial <strong>\u00abSmells Like Teen Spirit\u00bb<\/strong>, seguido de <strong>In Utero (1993)<\/strong>. Su potente y din\u00e1mico estilo de bater\u00eda fue clave en el sonido de Nirvana. La legendaria actuaci\u00f3n en <strong>MTV Unplugged<\/strong> en Nueva York en <strong>noviembre de 1993<\/strong> tambi\u00e9n mostr\u00f3 el lado ac\u00fastico de la banda.<br \/>La muerte de <strong>Kurt Cobain<\/strong> el <strong>5 de abril de 1994<\/strong> puso fin abrupto al grupo. Devastado, Grohl se volc\u00f3 en la guitarra y la composici\u00f3n para superar la p\u00e9rdida.<\/p>\n<p>[\/et_pb_text][\/et_pb_column][et_pb_column type=\u00bb1_3&#8243; _builder_version=\u00bb4.25.2&#8243; _module_preset=\u00bbdefault\u00bb global_colors_info=\u00bb{}\u00bb][et_pb_image src=\u00bbhttps:\/\/www.matts-guitar-shop.com\/wp-content\/uploads\/2026\/04\/dave-grohl-biographie-02.webp\u00bb alt=\u00bbBiograf\u00eda de Dave Grohl\u00bb title_text=\u00bbdave-grohl-biographie-02&#8243; align=\u00bbcenter\u00bb _builder_version=\u00bb4.27.6&#8243; _module_preset=\u00bbdefault\u00bb global_colors_info=\u00bb{}\u00bb][\/et_pb_image][\/et_pb_column][et_pb_column type=\u00bb1_3&#8243; _builder_version=\u00bb4.25.2&#8243; _module_preset=\u00bbdefault\u00bb global_colors_info=\u00bb{}\u00bb][et_pb_text _builder_version=\u00bb4.27.6&#8243; _module_preset=\u00bbdefault\u00bb text_font=\u00bb|300|||||||\u00bb text_font_size=\u00bb16px\u00bb header_font=\u00bb|700|||||||\u00bb header_text_align=\u00bbcenter\u00bb header_font_size=\u00bb36px\u00bb header_2_font=\u00bb&#8211;et_global_heading_font|300|||||||\u00bb header_2_text_color=\u00bb#ddab05&#8243; header_2_font_size=\u00bb24px\u00bb text_orientation=\u00bbjustified\u00bb background_layout=\u00bbdark\u00bb width=\u00bb100%\u00bb width_tablet=\u00bb\u00bb width_phone=\u00bb100%\u00bb width_last_edited=\u00bbon|phone\u00bb module_alignment=\u00bbcenter\u00bb hover_enabled=\u00bb0&#8243; locked=\u00bboff\u00bb global_colors_info=\u00bb{}\u00bb sticky_enabled=\u00bb0&#8243;]<\/p>\n<h2>Foo Fighters<\/h2>\n<p>En <strong>1995<\/strong>, Grohl fund\u00f3 <strong>Foo Fighters<\/strong>, grabando \u00e9l solo todos los instrumentos del primer \u00e1lbum en los estudios <strong>Robert Lang<\/strong> de Seattle. La banda se convirti\u00f3 en una de las m\u00e1s importantes del rock moderno con discos como <strong>The Colour and the Shape (1997)<\/strong> y el \u00e9xito <strong>\u00abEverlong\u00bb<\/strong>, <strong>Wasting Light (2011)<\/strong>, grabado en su garaje con el productor <strong>Butch Vig<\/strong> (el mismo de Nevermind), y <strong>Medicine at Midnight (2021)<\/strong>.<br \/>Foo Fighters han ganado <strong>15 premios Grammy<\/strong> y fueron incluidos en el <strong>Rock and Roll Hall of Fame<\/strong> en <strong>2021<\/strong>, en el mismo periodo marcado por la tr\u00e1gica muerte del baterista <strong>Taylor Hawkins<\/strong> en <strong>2022<\/strong>, un hecho que afect\u00f3 profundamente a Grohl y a la banda.<\/p>\n<p>[\/et_pb_text][et_pb_text _builder_version=\u00bb4.27.6&#8243; _module_preset=\u00bbdefault\u00bb text_font=\u00bb|300|||||||\u00bb text_font_size=\u00bb16px\u00bb link_font=\u00bb||||||||\u00bb link_text_align=\u00bbjustify\u00bb header_font=\u00bb|700|||||||\u00bb header_text_align=\u00bbcenter\u00bb header_font_size=\u00bb36px\u00bb header_2_font=\u00bb&#8211;et_global_heading_font|300|||||||\u00bb header_2_text_color=\u00bb#ddab05&#8243; header_2_font_size=\u00bb24px\u00bb text_orientation=\u00bbjustified\u00bb background_layout=\u00bbdark\u00bb width=\u00bb100%\u00bb width_tablet=\u00bb\u00bb width_phone=\u00bb100%\u00bb width_last_edited=\u00bbon|phone\u00bb module_alignment=\u00bbcenter\u00bb hover_enabled=\u00bb0&#8243; locked=\u00bboff\u00bb global_colors_info=\u00bb{}\u00bb sticky_enabled=\u00bb0&#8243;]<\/p>\n<h2>Personalidad y legado<\/h2>\n<p>Dave Grohl es considerado una de las figuras m\u00e1s <strong>queridas del rock<\/strong>, conocido por su generosidad, humor y energ\u00eda positiva. Su documental <strong>Sound City (2013)<\/strong> y la serie <strong>Sonic Highways (2014)<\/strong> reflejan su pasi\u00f3n por la historia del rock.<\/p>\n<p>[\/et_pb_text][et_pb_text _builder_version=\u00bb4.27.6&#8243; _module_preset=\u00bbdefault\u00bb text_font=\u00bb|300|||||||\u00bb text_font_size=\u00bb16px\u00bb link_font=\u00bb||||||||\u00bb link_text_align=\u00bbjustify\u00bb header_font=\u00bb|700|||||||\u00bb header_text_align=\u00bbcenter\u00bb header_font_size=\u00bb36px\u00bb header_2_font=\u00bb&#8211;et_global_heading_font|300|||||||\u00bb header_2_text_color=\u00bb#ddab05&#8243; header_2_font_size=\u00bb24px\u00bb text_orientation=\u00bbjustified\u00bb background_layout=\u00bbdark\u00bb width=\u00bb100%\u00bb width_tablet=\u00bb\u00bb width_phone=\u00bb100%\u00bb width_last_edited=\u00bbon|phone\u00bb module_alignment=\u00bbcenter\u00bb hover_enabled=\u00bb0&#8243; locked=\u00bboff\u00bb global_colors_info=\u00bb{}\u00bb sticky_enabled=\u00bb0&#8243;]<\/p>\n<h2>Guitarras emblem\u00e1ticas<\/h2>\n<p>Dave Grohl toca principalmente <strong>Gibson ES-335<\/strong>, una <strong>Gibson Explorer<\/strong> y su modelo signature <strong>Gibson DG-335<\/strong>. Tambi\u00e9n utiliza <strong>Fender Telecaster<\/strong> y su guitarra signature <strong>Gibson Trini Lopez<\/strong>.<\/p>\n<p>[\/et_pb_text][\/et_pb_column][\/et_pb_row][\/et_pb_section]<\/p>\n","protected":false},"excerpt":{"rendered":"<p>De Nirvana a Foo Fighters \u2013 El hombre orquesta del rockOr\u00edgenes y comienzos David Eric Grohl naci\u00f3 el 14 de enero de 1969 en Warren, Ohio, y creci\u00f3 en Springfield, Virginia. Baterista autodidacta apasionado por el hardcore punk, se uni\u00f3 a la banda Scream a los 17 a\u00f1os antes de incorporarse a Nirvana en 1990, [&hellip;]<\/p>\n","protected":false},"author":2,"featured_media":36615,"parent":24301,"menu_order":0,"comment_status":"closed","ping_status":"closed","template":"","meta":{"_et_pb_use_builder":"on","_et_pb_old_content":"","_et_gb_content_width":"","footnotes":""},"class_list":["post-36694","page","type-page","status-publish","has-post-thumbnail","hentry"],"yoast_head":"<!-- This site is optimized with the Yoast SEO plugin v26.8 - https:\/\/yoast.com\/product\/yoast-seo-wordpress\/ -->\n<title>Dave Grohl: Nirvana &amp; Foo Fighters<\/title>\n<meta name=\"description\" content=\"Descubre a Dave Grohl, exbaterista de Nirvana y l\u00edder de Foo Fighters, \u00edcono del rock moderno y autor de Everlong.\" \/>\n<meta name=\"robots\" content=\"index, follow, max-snippet:-1, max-image-preview:large, max-video-preview:-1\" \/>\n<link rel=\"canonical\" href=\"https:\/\/www.matts-guitar-shop.com\/es\/las-leyendas-del-rock\/dave-grohl\/\" \/>\n<meta property=\"og:locale\" content=\"es_ES\" \/>\n<meta property=\"og:type\" content=\"article\" \/>\n<meta property=\"og:title\" content=\"Dave Grohl: Nirvana &amp; Foo Fighters\" \/>\n<meta property=\"og:description\" content=\"Descubre a Dave Grohl, exbaterista de Nirvana y l\u00edder de Foo Fighters, \u00edcono del rock moderno y autor de Everlong.\" \/>\n<meta property=\"og:url\" content=\"https:\/\/www.matts-guitar-shop.com\/es\/las-leyendas-del-rock\/dave-grohl\/\" \/>\n<meta property=\"og:site_name\" content=\"Matt&#039;s Guitar Shop\" \/>\n<meta property=\"article:publisher\" content=\"https:\/\/www.facebook.com\/profile.php?id=100044359842817\" \/>\n<meta property=\"article:modified_time\" content=\"2026-04-26T16:23:04+00:00\" \/>\n<meta property=\"og:image\" content=\"https:\/\/www.matts-guitar-shop.com\/wp-content\/uploads\/2026\/04\/dave-grohl-biographie-01.webp\" \/>\n\t<meta property=\"og:image:width\" content=\"400\" \/>\n\t<meta property=\"og:image:height\" content=\"400\" \/>\n\t<meta property=\"og:image:type\" content=\"image\/webp\" \/>\n<meta name=\"twitter:card\" content=\"summary_large_image\" \/>\n<meta name=\"twitter:label1\" content=\"Tiempo de lectura\" \/>\n\t<meta name=\"twitter:data1\" content=\"5 minutos\" \/>\n<script type=\"application\/ld+json\" class=\"yoast-schema-graph\">{\"@context\":\"https:\/\/schema.org\",\"@graph\":[{\"@type\":\"WebPage\",\"@id\":\"https:\/\/www.matts-guitar-shop.com\/es\/las-leyendas-del-rock\/dave-grohl\/\",\"url\":\"https:\/\/www.matts-guitar-shop.com\/es\/las-leyendas-del-rock\/dave-grohl\/\",\"name\":\"Dave Grohl: Nirvana & Foo Fighters\",\"isPartOf\":{\"@id\":\"https:\/\/www.matts-guitar-shop.com\/es\/#website\"},\"primaryImageOfPage\":{\"@id\":\"https:\/\/www.matts-guitar-shop.com\/es\/las-leyendas-del-rock\/dave-grohl\/#primaryimage\"},\"image\":{\"@id\":\"https:\/\/www.matts-guitar-shop.com\/es\/las-leyendas-del-rock\/dave-grohl\/#primaryimage\"},\"thumbnailUrl\":\"https:\/\/www.matts-guitar-shop.com\/wp-content\/uploads\/2026\/04\/dave-grohl-biographie-01.webp\",\"datePublished\":\"2026-04-26T14:50:23+00:00\",\"dateModified\":\"2026-04-26T16:23:04+00:00\",\"description\":\"Descubre a Dave Grohl, exbaterista de Nirvana y l\u00edder de Foo Fighters, \u00edcono del rock moderno y autor de Everlong.\",\"breadcrumb\":{\"@id\":\"https:\/\/www.matts-guitar-shop.com\/es\/las-leyendas-del-rock\/dave-grohl\/#breadcrumb\"},\"inLanguage\":\"es\",\"potentialAction\":[{\"@type\":\"ReadAction\",\"target\":[\"https:\/\/www.matts-guitar-shop.com\/es\/las-leyendas-del-rock\/dave-grohl\/\"]}]},{\"@type\":\"ImageObject\",\"inLanguage\":\"es\",\"@id\":\"https:\/\/www.matts-guitar-shop.com\/es\/las-leyendas-del-rock\/dave-grohl\/#primaryimage\",\"url\":\"https:\/\/www.matts-guitar-shop.com\/wp-content\/uploads\/2026\/04\/dave-grohl-biographie-01.webp\",\"contentUrl\":\"https:\/\/www.matts-guitar-shop.com\/wp-content\/uploads\/2026\/04\/dave-grohl-biographie-01.webp\",\"width\":400,\"height\":400,\"caption\":\"Biographie Dave Grohl\"},{\"@type\":\"BreadcrumbList\",\"@id\":\"https:\/\/www.matts-guitar-shop.com\/es\/las-leyendas-del-rock\/dave-grohl\/#breadcrumb\",\"itemListElement\":[{\"@type\":\"ListItem\",\"position\":1,\"name\":\"Inicio\",\"item\":\"https:\/\/www.matts-guitar-shop.com\/es\/\"},{\"@type\":\"ListItem\",\"position\":2,\"name\":\"Las Leyendas del Rock\",\"item\":\"https:\/\/www.matts-guitar-shop.com\/es\/les-legendes-du-rock\/\"},{\"@type\":\"ListItem\",\"position\":3,\"name\":\"Dave Grohl\"}]},{\"@type\":\"WebSite\",\"@id\":\"https:\/\/www.matts-guitar-shop.com\/es\/#website\",\"url\":\"https:\/\/www.matts-guitar-shop.com\/es\/\",\"name\":\"matts-guitar-shop.com\",\"description\":\"Guitar Shop\",\"publisher\":{\"@id\":\"https:\/\/www.matts-guitar-shop.com\/es\/#organization\"},\"potentialAction\":[{\"@type\":\"SearchAction\",\"target\":{\"@type\":\"EntryPoint\",\"urlTemplate\":\"https:\/\/www.matts-guitar-shop.com\/es\/?s={search_term_string}\"},\"query-input\":{\"@type\":\"PropertyValueSpecification\",\"valueRequired\":true,\"valueName\":\"search_term_string\"}}],\"inLanguage\":\"es\"},{\"@type\":\"Organization\",\"@id\":\"https:\/\/www.matts-guitar-shop.com\/es\/#organization\",\"name\":\"matts-guitar-shop.com\",\"url\":\"https:\/\/www.matts-guitar-shop.com\/es\/\",\"logo\":{\"@type\":\"ImageObject\",\"inLanguage\":\"es\",\"@id\":\"https:\/\/www.matts-guitar-shop.com\/es\/#\/schema\/logo\/image\/\",\"url\":\"https:\/\/www.matts-guitar-shop.com\/wp-content\/uploads\/2024\/09\/MGS-logo-site-02.png\",\"contentUrl\":\"https:\/\/www.matts-guitar-shop.com\/wp-content\/uploads\/2024\/09\/MGS-logo-site-02.png\",\"width\":200,\"height\":122,\"caption\":\"matts-guitar-shop.com\"},\"image\":{\"@id\":\"https:\/\/www.matts-guitar-shop.com\/es\/#\/schema\/logo\/image\/\"},\"sameAs\":[\"https:\/\/www.facebook.com\/profile.php?id=100044359842817\",\"https:\/\/www.instagram.com\/mattsguitarshop\/\",\"https:\/\/www.youtube.com\/@MattLucasMan\/videos\"]}]}<\/script>\n<!-- \/ Yoast SEO plugin. -->","yoast_head_json":{"title":"Dave Grohl: Nirvana & Foo Fighters","description":"Descubre a Dave Grohl, exbaterista de Nirvana y l\u00edder de Foo Fighters, \u00edcono del rock moderno y autor de Everlong.","robots":{"index":"index","follow":"follow","max-snippet":"max-snippet:-1","max-image-preview":"max-image-preview:large","max-video-preview":"max-video-preview:-1"},"canonical":"https:\/\/www.matts-guitar-shop.com\/es\/las-leyendas-del-rock\/dave-grohl\/","og_locale":"es_ES","og_type":"article","og_title":"Dave Grohl: Nirvana & Foo Fighters","og_description":"Descubre a Dave Grohl, exbaterista de Nirvana y l\u00edder de Foo Fighters, \u00edcono del rock moderno y autor de Everlong.","og_url":"https:\/\/www.matts-guitar-shop.com\/es\/las-leyendas-del-rock\/dave-grohl\/","og_site_name":"Matt&#039;s Guitar Shop","article_publisher":"https:\/\/www.facebook.com\/profile.php?id=100044359842817","article_modified_time":"2026-04-26T16:23:04+00:00","og_image":[{"width":400,"height":400,"url":"https:\/\/www.matts-guitar-shop.com\/wp-content\/uploads\/2026\/04\/dave-grohl-biographie-01.webp","type":"image\/webp"}],"twitter_card":"summary_large_image","twitter_misc":{"Tiempo de lectura":"5 minutos"},"schema":{"@context":"https:\/\/schema.org","@graph":[{"@type":"WebPage","@id":"https:\/\/www.matts-guitar-shop.com\/es\/las-leyendas-del-rock\/dave-grohl\/","url":"https:\/\/www.matts-guitar-shop.com\/es\/las-leyendas-del-rock\/dave-grohl\/","name":"Dave Grohl: Nirvana & Foo Fighters","isPartOf":{"@id":"https:\/\/www.matts-guitar-shop.com\/es\/#website"},"primaryImageOfPage":{"@id":"https:\/\/www.matts-guitar-shop.com\/es\/las-leyendas-del-rock\/dave-grohl\/#primaryimage"},"image":{"@id":"https:\/\/www.matts-guitar-shop.com\/es\/las-leyendas-del-rock\/dave-grohl\/#primaryimage"},"thumbnailUrl":"https:\/\/www.matts-guitar-shop.com\/wp-content\/uploads\/2026\/04\/dave-grohl-biographie-01.webp","datePublished":"2026-04-26T14:50:23+00:00","dateModified":"2026-04-26T16:23:04+00:00","description":"Descubre a Dave Grohl, exbaterista de Nirvana y l\u00edder de Foo Fighters, \u00edcono del rock moderno y autor de Everlong.","breadcrumb":{"@id":"https:\/\/www.matts-guitar-shop.com\/es\/las-leyendas-del-rock\/dave-grohl\/#breadcrumb"},"inLanguage":"es","potentialAction":[{"@type":"ReadAction","target":["https:\/\/www.matts-guitar-shop.com\/es\/las-leyendas-del-rock\/dave-grohl\/"]}]},{"@type":"ImageObject","inLanguage":"es","@id":"https:\/\/www.matts-guitar-shop.com\/es\/las-leyendas-del-rock\/dave-grohl\/#primaryimage","url":"https:\/\/www.matts-guitar-shop.com\/wp-content\/uploads\/2026\/04\/dave-grohl-biographie-01.webp","contentUrl":"https:\/\/www.matts-guitar-shop.com\/wp-content\/uploads\/2026\/04\/dave-grohl-biographie-01.webp","width":400,"height":400,"caption":"Biographie Dave Grohl"},{"@type":"BreadcrumbList","@id":"https:\/\/www.matts-guitar-shop.com\/es\/las-leyendas-del-rock\/dave-grohl\/#breadcrumb","itemListElement":[{"@type":"ListItem","position":1,"name":"Inicio","item":"https:\/\/www.matts-guitar-shop.com\/es\/"},{"@type":"ListItem","position":2,"name":"Las Leyendas del Rock","item":"https:\/\/www.matts-guitar-shop.com\/es\/les-legendes-du-rock\/"},{"@type":"ListItem","position":3,"name":"Dave Grohl"}]},{"@type":"WebSite","@id":"https:\/\/www.matts-guitar-shop.com\/es\/#website","url":"https:\/\/www.matts-guitar-shop.com\/es\/","name":"matts-guitar-shop.com","description":"Guitar Shop","publisher":{"@id":"https:\/\/www.matts-guitar-shop.com\/es\/#organization"},"potentialAction":[{"@type":"SearchAction","target":{"@type":"EntryPoint","urlTemplate":"https:\/\/www.matts-guitar-shop.com\/es\/?s={search_term_string}"},"query-input":{"@type":"PropertyValueSpecification","valueRequired":true,"valueName":"search_term_string"}}],"inLanguage":"es"},{"@type":"Organization","@id":"https:\/\/www.matts-guitar-shop.com\/es\/#organization","name":"matts-guitar-shop.com","url":"https:\/\/www.matts-guitar-shop.com\/es\/","logo":{"@type":"ImageObject","inLanguage":"es","@id":"https:\/\/www.matts-guitar-shop.com\/es\/#\/schema\/logo\/image\/","url":"https:\/\/www.matts-guitar-shop.com\/wp-content\/uploads\/2024\/09\/MGS-logo-site-02.png","contentUrl":"https:\/\/www.matts-guitar-shop.com\/wp-content\/uploads\/2024\/09\/MGS-logo-site-02.png","width":200,"height":122,"caption":"matts-guitar-shop.com"},"image":{"@id":"https:\/\/www.matts-guitar-shop.com\/es\/#\/schema\/logo\/image\/"},"sameAs":["https:\/\/www.facebook.com\/profile.php?id=100044359842817","https:\/\/www.instagram.com\/mattsguitarshop\/","https:\/\/www.youtube.com\/@MattLucasMan\/videos"]}]}},"_links":{"self":[{"href":"https:\/\/www.matts-guitar-shop.com\/es\/wp-json\/wp\/v2\/pages\/36694","targetHints":{"allow":["GET"]}}],"collection":[{"href":"https:\/\/www.matts-guitar-shop.com\/es\/wp-json\/wp\/v2\/pages"}],"about":[{"href":"https:\/\/www.matts-guitar-shop.com\/es\/wp-json\/wp\/v2\/types\/page"}],"author":[{"embeddable":true,"href":"https:\/\/www.matts-guitar-shop.com\/es\/wp-json\/wp\/v2\/users\/2"}],"replies":[{"embeddable":true,"href":"https:\/\/www.matts-guitar-shop.com\/es\/wp-json\/wp\/v2\/comments?post=36694"}],"version-history":[{"count":2,"href":"https:\/\/www.matts-guitar-shop.com\/es\/wp-json\/wp\/v2\/pages\/36694\/revisions"}],"predecessor-version":[{"id":36696,"href":"https:\/\/www.matts-guitar-shop.com\/es\/wp-json\/wp\/v2\/pages\/36694\/revisions\/36696"}],"up":[{"embeddable":true,"href":"https:\/\/www.matts-guitar-shop.com\/es\/wp-json\/wp\/v2\/pages\/24301"}],"wp:featuredmedia":[{"embeddable":true,"href":"https:\/\/www.matts-guitar-shop.com\/es\/wp-json\/wp\/v2\/media\/36615"}],"wp:attachment":[{"href":"https:\/\/www.matts-guitar-shop.com\/es\/wp-json\/wp\/v2\/media?parent=36694"}],"curies":[{"name":"wp","href":"https:\/\/api.w.org\/{rel}","templated":true}]}}