{"id":36499,"date":"2026-04-25T18:51:44","date_gmt":"2026-04-25T16:51:44","guid":{"rendered":"https:\/\/www.matts-guitar-shop.com\/las-leyendas-del-rock\/buddy-guy\/"},"modified":"2026-04-25T22:08:47","modified_gmt":"2026-04-25T20:08:47","slug":"buddy-guy","status":"publish","type":"page","link":"https:\/\/www.matts-guitar-shop.com\/es\/las-leyendas-del-rock\/buddy-guy\/","title":{"rendered":"Buddy Guy"},"content":{"rendered":"<p>[et_pb_section fb_built=\u00bb1&#8243; _builder_version=\u00bb4.27.5&#8243; _module_preset=\u00bbdefault\u00bb background_color=\u00bb#000000&#8243; locked=\u00bboff\u00bb global_colors_info=\u00bb{}\u00bb][et_pb_row use_custom_gutter=\u00bbon\u00bb gutter_width=\u00bb2&#8243; admin_label=\u00bbLigne\u00bb _builder_version=\u00bb4.27.5&#8243; _module_preset=\u00bbdefault\u00bb width=\u00bb100%\u00bb max_width=\u00bb80%\u00bb custom_margin=\u00bb||||false|false\u00bb custom_padding=\u00bb0px||||false|false\u00bb locked=\u00bboff\u00bb global_colors_info=\u00bb{}\u00bb][et_pb_column type=\u00bb4_4&#8243; _builder_version=\u00bb4.25.2&#8243; _module_preset=\u00bbdefault\u00bb global_colors_info=\u00bb{}\u00bb][et_pb_post_title meta=\u00bboff\u00bb featured_image=\u00bboff\u00bb _builder_version=\u00bb4.27.5&#8243; _module_preset=\u00bbdefault\u00bb title_font=\u00bbOpen Sans|300|||||||\u00bb title_text_color=\u00bb#ddab05&#8243; title_font_size=\u00bb6rem\u00bb text_orientation=\u00bbcenter\u00bb custom_margin=\u00bb0px||0px||false|false\u00bb global_colors_info=\u00bb{}\u00bb][\/et_pb_post_title][et_pb_text admin_label=\u00bbTexte\u00bb _builder_version=\u00bb4.27.6&#8243; _module_preset=\u00bbdefault\u00bb text_font=\u00bb&#8211;et_global_body_font|300|||||||\u00bb text_text_color=\u00bb#FFFFFF\u00bb text_font_size=\u00bb1.5rem\u00bb text_line_height=\u00bb1em\u00bb header_text_align=\u00bbcenter\u00bb text_orientation=\u00bbcenter\u00bb global_colors_info=\u00bb{}\u00bb]El \u00faltimo rey del blues de Chicago[\/et_pb_text][\/et_pb_column][\/et_pb_row][et_pb_row column_structure=\u00bb1_3,1_3,1_3&#8243; use_custom_gutter=\u00bbon\u00bb gutter_width=\u00bb2&#8243; admin_label=\u00bbLigne\u00bb _builder_version=\u00bb4.27.5&#8243; _module_preset=\u00bbdefault\u00bb width=\u00bb100%\u00bb max_width=\u00bb80%\u00bb custom_margin=\u00bb||||false|false\u00bb custom_padding=\u00bb||||false|false\u00bb locked=\u00bboff\u00bb global_colors_info=\u00bb{}\u00bb][et_pb_column type=\u00bb1_3&#8243; _builder_version=\u00bb4.25.2&#8243; _module_preset=\u00bbdefault\u00bb global_colors_info=\u00bb{}\u00bb][et_pb_text _builder_version=\u00bb4.27.6&#8243; _module_preset=\u00bbdefault\u00bb text_font=\u00bb|300|||||||\u00bb text_font_size=\u00bb16px\u00bb header_font=\u00bb|700|||||||\u00bb header_text_align=\u00bbcenter\u00bb header_font_size=\u00bb36px\u00bb header_2_font=\u00bb&#8211;et_global_heading_font|300|||||||\u00bb header_2_text_color=\u00bb#ddab05&#8243; header_2_font_size=\u00bb24px\u00bb text_orientation=\u00bbjustified\u00bb background_layout=\u00bbdark\u00bb width=\u00bb100%\u00bb width_tablet=\u00bb\u00bb width_phone=\u00bb100%\u00bb width_last_edited=\u00bbon|phone\u00bb module_alignment=\u00bbcenter\u00bb locked=\u00bboff\u00bb global_colors_info=\u00bb{}\u00bb]<\/p>\n<h2>Or\u00edgenes e inicios<\/h2>\n<p><\/p>\n<p><strong>Bruce Frederick Joseph Springsteen<\/strong> naci\u00f3 el <strong>23 de septiembre de 1949<\/strong> en Long Branch, Nueva Jersey. Proveniente de un entorno obrero \u2014su padre era trabajador de f\u00e1brica y su madre secretaria\u2014 descubri\u00f3 la m\u00fasica gracias a <strong>Elvis Presley<\/strong> durante su aparici\u00f3n en el <strong>Ed Sullivan Show<\/strong> en <strong>1956<\/strong>. Este momento fue decisivo y lo llev\u00f3 a pedir una guitarra.<br \/>\nForm\u00f3 la <strong>E Street Band<\/strong> y firm\u00f3 con <strong>Columbia Records<\/strong> gracias al productor <strong>John Hammond<\/strong> (el mismo que hab\u00eda firmado a Bob Dylan). Su primer \u00e1lbum, <strong>Greetings from Asbury Park, N.J.<\/strong>, se public\u00f3 en <strong>1973<\/strong>, y el cr\u00edtico Jon Landau escribi\u00f3 la c\u00e9lebre frase: <strong>\u00abHe visto el futuro del rock and roll y su nombre es Bruce Springsteen\u00bb<\/strong>.<\/p>\n<p>[\/et_pb_text][et_pb_text _builder_version=\u00bb4.27.6&#8243; _module_preset=\u00bbdefault\u00bb text_font=\u00bb|300|||||||\u00bb text_font_size=\u00bb16px\u00bb header_font=\u00bb|700|||||||\u00bb header_text_align=\u00bbcenter\u00bb header_font_size=\u00bb36px\u00bb header_2_font=\u00bb&#8211;et_global_heading_font|300|||||||\u00bb header_2_text_color=\u00bb#ddab05&#8243; header_2_font_size=\u00bb24px\u00bb text_orientation=\u00bbjustified\u00bb background_layout=\u00bbdark\u00bb width=\u00bb100%\u00bb width_tablet=\u00bb\u00bb width_phone=\u00bb100%\u00bb width_last_edited=\u00bbon|phone\u00bb module_alignment=\u00bbcenter\u00bb locked=\u00bboff\u00bb global_colors_info=\u00bb{}\u00bb]<\/p>\n<h2>Consagraci\u00f3n<\/h2>\n<p><\/p>\n<p><strong>Born to Run (1975)<\/strong> lo llev\u00f3 a aparecer simult\u00e1neamente en las portadas de <strong>Time<\/strong> y <strong>Newsweek<\/strong>, un logro sin precedentes. El \u00e1lbum captura la esencia del <strong>sue\u00f1o americano<\/strong> y sus desilusiones. <strong>The River (1980)<\/strong> y <strong>Nebraska (1982)<\/strong>, un \u00e1lbum ac\u00fastico grabado en solitario con un <strong>grabador Tascam de 4 pistas<\/strong>, muestran su profundidad art\u00edstica.<br \/>\n<strong>Born in the U.S.A. (1984)<\/strong> se convirti\u00f3 en un <strong>fen\u00f3meno mundial<\/strong> con <strong>30 millones de copias vendidas<\/strong> y siete sencillos en el Top 10. A pesar de su t\u00edtulo patri\u00f3tico, la canci\u00f3n es una cr\u00edtica social a la situaci\u00f3n de los <strong>veteranos de Vietnam<\/strong>. Sus conciertos maratonianos de <strong>3 a 4 horas<\/strong> con la <strong>E Street Band<\/strong> se volvieron legendarios, llevando al l\u00edmite la resistencia y la emoci\u00f3n.<\/p>\n<p>[\/et_pb_text][\/et_pb_column][et_pb_column type=\u00bb1_3&#8243; _builder_version=\u00bb4.25.2&#8243; _module_preset=\u00bbdefault\u00bb global_colors_info=\u00bb{}\u00bb][et_pb_image src=\u00bbhttps:\/\/www.matts-guitar-shop.com\/wp-content\/uploads\/2026\/04\/buddy-guy-biographie-02.webp\u00bb alt=\u00bbBiograf\u00eda de Buddy Guy\u00bb title_text=\u00bbbuddy-guy-biographie-02&#8243; align=\u00bbcenter\u00bb _builder_version=\u00bb4.27.6&#8243; _module_preset=\u00bbdefault\u00bb global_colors_info=\u00bb{}\u00bb][\/et_pb_image][\/et_pb_column][et_pb_column type=\u00bb1_3&#8243; _builder_version=\u00bb4.25.2&#8243; _module_preset=\u00bbdefault\u00bb global_colors_info=\u00bb{}\u00bb][et_pb_text _builder_version=\u00bb4.27.6&#8243; _module_preset=\u00bbdefault\u00bb text_font=\u00bb|300|||||||\u00bb text_font_size=\u00bb16px\u00bb header_font=\u00bb|700|||||||\u00bb header_text_align=\u00bbcenter\u00bb header_font_size=\u00bb36px\u00bb header_2_font=\u00bb&#8211;et_global_heading_font|300|||||||\u00bb header_2_text_color=\u00bb#ddab05&#8243; header_2_font_size=\u00bb24px\u00bb text_orientation=\u00bbjustified\u00bb background_layout=\u00bbdark\u00bb width=\u00bb100%\u00bb width_tablet=\u00bb\u00bb width_phone=\u00bb100%\u00bb width_last_edited=\u00bbon|phone\u00bb module_alignment=\u00bbcenter\u00bb locked=\u00bboff\u00bb global_colors_info=\u00bb{}\u00bb]<\/p>\n<h2>Legado<\/h2>\n<p><\/p>\n<p>Springsteen ha ganado <strong>20 premios Grammy<\/strong>, un Oscar (por la canci\u00f3n <strong>\u00abStreets of Philadelphia\u00bb<\/strong> en <strong>1994<\/strong>) y fue incluido en el <strong>Rock and Roll Hall of Fame<\/strong> en <strong>1999<\/strong>. Ha vendido m\u00e1s de <strong>150 millones de \u00e1lbumes<\/strong> en todo el mundo. Su autobiograf\u00eda <strong>Born to Run (2016)<\/strong> y su espect\u00e1culo en <strong>Broadway (2017\u20132018)<\/strong> revelaron a un artista de una honestidad emocional excepcional.<\/p>\n<p>[\/et_pb_text][et_pb_text _builder_version=\u00bb4.27.6&#8243; _module_preset=\u00bbdefault\u00bb text_font=\u00bb|300|||||||\u00bb text_font_size=\u00bb16px\u00bb link_font=\u00bb||||||||\u00bb link_text_align=\u00bbjustify\u00bb header_font=\u00bb|700|||||||\u00bb header_text_align=\u00bbcenter\u00bb header_font_size=\u00bb36px\u00bb header_2_font=\u00bb&#8211;et_global_heading_font|300|||||||\u00bb header_2_text_color=\u00bb#ddab05&#8243; header_2_font_size=\u00bb24px\u00bb text_orientation=\u00bbjustified\u00bb background_layout=\u00bbdark\u00bb width=\u00bb100%\u00bb width_tablet=\u00bb\u00bb width_phone=\u00bb100%\u00bb width_last_edited=\u00bbon|phone\u00bb module_alignment=\u00bbcenter\u00bb locked=\u00bboff\u00bb global_colors_info=\u00bb{}\u00bb]<\/p>\n<h2>Guitarra emblem\u00e1tica<\/h2>\n<p><\/p>\n<p>Su <strong>Fender Telecaster Esquire de los a\u00f1os 50<\/strong>, reconocible por sus <strong>pegatinas<\/strong> y su cuerpo desgastado por d\u00e9cadas de conciertos, es su instrumento m\u00e1s ic\u00f3nico. Tambi\u00e9n utiliza <strong>Fender Stratocaster<\/strong> y guitarras ac\u00fasticas <strong>Takamine<\/strong>. La Telecaster de Springsteen se ha convertido en un s\u00edmbolo del <strong>rock obrero<\/strong> estadounidense.<\/p>\n<p>[\/et_pb_text][\/et_pb_column][\/et_pb_row][\/et_pb_section]<\/p>\n","protected":false},"excerpt":{"rendered":"<p>El \u00faltimo rey del blues de ChicagoOr\u00edgenes e iniciosBruce Frederick Joseph Springsteen naci\u00f3 el 23 de septiembre de 1949 en Long Branch, Nueva Jersey. Proveniente de un entorno obrero \u2014su padre era trabajador de f\u00e1brica y su madre secretaria\u2014 descubri\u00f3 la m\u00fasica gracias a Elvis Presley durante su aparici\u00f3n en el Ed Sullivan Show en [&hellip;]<\/p>\n","protected":false},"author":2,"featured_media":36454,"parent":24301,"menu_order":0,"comment_status":"closed","ping_status":"closed","template":"","meta":{"_et_pb_use_builder":"on","_et_pb_old_content":"","_et_gb_content_width":"","footnotes":""},"class_list":["post-36499","page","type-page","status-publish","has-post-thumbnail","hentry"],"yoast_head":"<!-- This site is optimized with the Yoast SEO plugin v26.8 - https:\/\/yoast.com\/product\/yoast-seo-wordpress\/ -->\n<title>Buddy Guy: rey del blues de Chicago<\/title>\n<meta name=\"description\" content=\"Descubre a Buddy Guy, leyenda del blues de Chicago y guitarrista influyente, inspiraci\u00f3n de Clapton y Hendrix, autor de Born to Play Guitar.\" \/>\n<meta name=\"robots\" content=\"index, follow, max-snippet:-1, max-image-preview:large, max-video-preview:-1\" \/>\n<link rel=\"canonical\" href=\"https:\/\/www.matts-guitar-shop.com\/es\/las-leyendas-del-rock\/buddy-guy\/\" \/>\n<meta property=\"og:locale\" content=\"es_ES\" \/>\n<meta property=\"og:type\" content=\"article\" \/>\n<meta property=\"og:title\" content=\"Buddy Guy: rey del blues de Chicago\" \/>\n<meta property=\"og:description\" content=\"Descubre a Buddy Guy, leyenda del blues de Chicago y guitarrista influyente, inspiraci\u00f3n de Clapton y Hendrix, autor de Born to Play Guitar.\" \/>\n<meta property=\"og:url\" content=\"https:\/\/www.matts-guitar-shop.com\/es\/las-leyendas-del-rock\/buddy-guy\/\" \/>\n<meta property=\"og:site_name\" content=\"Matt&#039;s Guitar Shop\" \/>\n<meta property=\"article:publisher\" content=\"https:\/\/www.facebook.com\/profile.php?id=100044359842817\" \/>\n<meta property=\"article:modified_time\" content=\"2026-04-25T20:08:47+00:00\" \/>\n<meta property=\"og:image\" content=\"https:\/\/www.matts-guitar-shop.com\/wp-content\/uploads\/2026\/04\/buddy-guy-biographie-01.webp\" \/>\n\t<meta property=\"og:image:width\" content=\"400\" \/>\n\t<meta property=\"og:image:height\" content=\"400\" \/>\n\t<meta property=\"og:image:type\" content=\"image\/webp\" \/>\n<meta name=\"twitter:card\" content=\"summary_large_image\" \/>\n<meta name=\"twitter:label1\" content=\"Tiempo de lectura\" \/>\n\t<meta name=\"twitter:data1\" content=\"5 minutos\" \/>\n<script type=\"application\/ld+json\" class=\"yoast-schema-graph\">{\"@context\":\"https:\/\/schema.org\",\"@graph\":[{\"@type\":\"WebPage\",\"@id\":\"https:\/\/www.matts-guitar-shop.com\/es\/las-leyendas-del-rock\/buddy-guy\/\",\"url\":\"https:\/\/www.matts-guitar-shop.com\/es\/las-leyendas-del-rock\/buddy-guy\/\",\"name\":\"Buddy Guy: rey del blues de Chicago\",\"isPartOf\":{\"@id\":\"https:\/\/www.matts-guitar-shop.com\/es\/#website\"},\"primaryImageOfPage\":{\"@id\":\"https:\/\/www.matts-guitar-shop.com\/es\/las-leyendas-del-rock\/buddy-guy\/#primaryimage\"},\"image\":{\"@id\":\"https:\/\/www.matts-guitar-shop.com\/es\/las-leyendas-del-rock\/buddy-guy\/#primaryimage\"},\"thumbnailUrl\":\"https:\/\/www.matts-guitar-shop.com\/wp-content\/uploads\/2026\/04\/buddy-guy-biographie-01.webp\",\"datePublished\":\"2026-04-25T16:51:44+00:00\",\"dateModified\":\"2026-04-25T20:08:47+00:00\",\"description\":\"Descubre a Buddy Guy, leyenda del blues de Chicago y guitarrista influyente, inspiraci\u00f3n de Clapton y Hendrix, autor de Born to Play Guitar.\",\"breadcrumb\":{\"@id\":\"https:\/\/www.matts-guitar-shop.com\/es\/las-leyendas-del-rock\/buddy-guy\/#breadcrumb\"},\"inLanguage\":\"es\",\"potentialAction\":[{\"@type\":\"ReadAction\",\"target\":[\"https:\/\/www.matts-guitar-shop.com\/es\/las-leyendas-del-rock\/buddy-guy\/\"]}]},{\"@type\":\"ImageObject\",\"inLanguage\":\"es\",\"@id\":\"https:\/\/www.matts-guitar-shop.com\/es\/las-leyendas-del-rock\/buddy-guy\/#primaryimage\",\"url\":\"https:\/\/www.matts-guitar-shop.com\/wp-content\/uploads\/2026\/04\/buddy-guy-biographie-01.webp\",\"contentUrl\":\"https:\/\/www.matts-guitar-shop.com\/wp-content\/uploads\/2026\/04\/buddy-guy-biographie-01.webp\",\"width\":400,\"height\":400,\"caption\":\"Biographie de Buddy Guy\"},{\"@type\":\"BreadcrumbList\",\"@id\":\"https:\/\/www.matts-guitar-shop.com\/es\/las-leyendas-del-rock\/buddy-guy\/#breadcrumb\",\"itemListElement\":[{\"@type\":\"ListItem\",\"position\":1,\"name\":\"Inicio\",\"item\":\"https:\/\/www.matts-guitar-shop.com\/es\/\"},{\"@type\":\"ListItem\",\"position\":2,\"name\":\"Las Leyendas del Rock\",\"item\":\"https:\/\/www.matts-guitar-shop.com\/es\/les-legendes-du-rock\/\"},{\"@type\":\"ListItem\",\"position\":3,\"name\":\"Buddy Guy\"}]},{\"@type\":\"WebSite\",\"@id\":\"https:\/\/www.matts-guitar-shop.com\/es\/#website\",\"url\":\"https:\/\/www.matts-guitar-shop.com\/es\/\",\"name\":\"matts-guitar-shop.com\",\"description\":\"Guitar Shop\",\"publisher\":{\"@id\":\"https:\/\/www.matts-guitar-shop.com\/es\/#organization\"},\"potentialAction\":[{\"@type\":\"SearchAction\",\"target\":{\"@type\":\"EntryPoint\",\"urlTemplate\":\"https:\/\/www.matts-guitar-shop.com\/es\/?s={search_term_string}\"},\"query-input\":{\"@type\":\"PropertyValueSpecification\",\"valueRequired\":true,\"valueName\":\"search_term_string\"}}],\"inLanguage\":\"es\"},{\"@type\":\"Organization\",\"@id\":\"https:\/\/www.matts-guitar-shop.com\/es\/#organization\",\"name\":\"matts-guitar-shop.com\",\"url\":\"https:\/\/www.matts-guitar-shop.com\/es\/\",\"logo\":{\"@type\":\"ImageObject\",\"inLanguage\":\"es\",\"@id\":\"https:\/\/www.matts-guitar-shop.com\/es\/#\/schema\/logo\/image\/\",\"url\":\"https:\/\/www.matts-guitar-shop.com\/wp-content\/uploads\/2024\/09\/MGS-logo-site-02.png\",\"contentUrl\":\"https:\/\/www.matts-guitar-shop.com\/wp-content\/uploads\/2024\/09\/MGS-logo-site-02.png\",\"width\":200,\"height\":122,\"caption\":\"matts-guitar-shop.com\"},\"image\":{\"@id\":\"https:\/\/www.matts-guitar-shop.com\/es\/#\/schema\/logo\/image\/\"},\"sameAs\":[\"https:\/\/www.facebook.com\/profile.php?id=100044359842817\",\"https:\/\/www.instagram.com\/mattsguitarshop\/\",\"https:\/\/www.youtube.com\/@MattLucasMan\/videos\"]}]}<\/script>\n<!-- \/ Yoast SEO plugin. -->","yoast_head_json":{"title":"Buddy Guy: rey del blues de Chicago","description":"Descubre a Buddy Guy, leyenda del blues de Chicago y guitarrista influyente, inspiraci\u00f3n de Clapton y Hendrix, autor de Born to Play Guitar.","robots":{"index":"index","follow":"follow","max-snippet":"max-snippet:-1","max-image-preview":"max-image-preview:large","max-video-preview":"max-video-preview:-1"},"canonical":"https:\/\/www.matts-guitar-shop.com\/es\/las-leyendas-del-rock\/buddy-guy\/","og_locale":"es_ES","og_type":"article","og_title":"Buddy Guy: rey del blues de Chicago","og_description":"Descubre a Buddy Guy, leyenda del blues de Chicago y guitarrista influyente, inspiraci\u00f3n de Clapton y Hendrix, autor de Born to Play Guitar.","og_url":"https:\/\/www.matts-guitar-shop.com\/es\/las-leyendas-del-rock\/buddy-guy\/","og_site_name":"Matt&#039;s Guitar Shop","article_publisher":"https:\/\/www.facebook.com\/profile.php?id=100044359842817","article_modified_time":"2026-04-25T20:08:47+00:00","og_image":[{"width":400,"height":400,"url":"https:\/\/www.matts-guitar-shop.com\/wp-content\/uploads\/2026\/04\/buddy-guy-biographie-01.webp","type":"image\/webp"}],"twitter_card":"summary_large_image","twitter_misc":{"Tiempo de lectura":"5 minutos"},"schema":{"@context":"https:\/\/schema.org","@graph":[{"@type":"WebPage","@id":"https:\/\/www.matts-guitar-shop.com\/es\/las-leyendas-del-rock\/buddy-guy\/","url":"https:\/\/www.matts-guitar-shop.com\/es\/las-leyendas-del-rock\/buddy-guy\/","name":"Buddy Guy: rey del blues de Chicago","isPartOf":{"@id":"https:\/\/www.matts-guitar-shop.com\/es\/#website"},"primaryImageOfPage":{"@id":"https:\/\/www.matts-guitar-shop.com\/es\/las-leyendas-del-rock\/buddy-guy\/#primaryimage"},"image":{"@id":"https:\/\/www.matts-guitar-shop.com\/es\/las-leyendas-del-rock\/buddy-guy\/#primaryimage"},"thumbnailUrl":"https:\/\/www.matts-guitar-shop.com\/wp-content\/uploads\/2026\/04\/buddy-guy-biographie-01.webp","datePublished":"2026-04-25T16:51:44+00:00","dateModified":"2026-04-25T20:08:47+00:00","description":"Descubre a Buddy Guy, leyenda del blues de Chicago y guitarrista influyente, inspiraci\u00f3n de Clapton y Hendrix, autor de Born to Play Guitar.","breadcrumb":{"@id":"https:\/\/www.matts-guitar-shop.com\/es\/las-leyendas-del-rock\/buddy-guy\/#breadcrumb"},"inLanguage":"es","potentialAction":[{"@type":"ReadAction","target":["https:\/\/www.matts-guitar-shop.com\/es\/las-leyendas-del-rock\/buddy-guy\/"]}]},{"@type":"ImageObject","inLanguage":"es","@id":"https:\/\/www.matts-guitar-shop.com\/es\/las-leyendas-del-rock\/buddy-guy\/#primaryimage","url":"https:\/\/www.matts-guitar-shop.com\/wp-content\/uploads\/2026\/04\/buddy-guy-biographie-01.webp","contentUrl":"https:\/\/www.matts-guitar-shop.com\/wp-content\/uploads\/2026\/04\/buddy-guy-biographie-01.webp","width":400,"height":400,"caption":"Biographie de Buddy Guy"},{"@type":"BreadcrumbList","@id":"https:\/\/www.matts-guitar-shop.com\/es\/las-leyendas-del-rock\/buddy-guy\/#breadcrumb","itemListElement":[{"@type":"ListItem","position":1,"name":"Inicio","item":"https:\/\/www.matts-guitar-shop.com\/es\/"},{"@type":"ListItem","position":2,"name":"Las Leyendas del Rock","item":"https:\/\/www.matts-guitar-shop.com\/es\/les-legendes-du-rock\/"},{"@type":"ListItem","position":3,"name":"Buddy Guy"}]},{"@type":"WebSite","@id":"https:\/\/www.matts-guitar-shop.com\/es\/#website","url":"https:\/\/www.matts-guitar-shop.com\/es\/","name":"matts-guitar-shop.com","description":"Guitar Shop","publisher":{"@id":"https:\/\/www.matts-guitar-shop.com\/es\/#organization"},"potentialAction":[{"@type":"SearchAction","target":{"@type":"EntryPoint","urlTemplate":"https:\/\/www.matts-guitar-shop.com\/es\/?s={search_term_string}"},"query-input":{"@type":"PropertyValueSpecification","valueRequired":true,"valueName":"search_term_string"}}],"inLanguage":"es"},{"@type":"Organization","@id":"https:\/\/www.matts-guitar-shop.com\/es\/#organization","name":"matts-guitar-shop.com","url":"https:\/\/www.matts-guitar-shop.com\/es\/","logo":{"@type":"ImageObject","inLanguage":"es","@id":"https:\/\/www.matts-guitar-shop.com\/es\/#\/schema\/logo\/image\/","url":"https:\/\/www.matts-guitar-shop.com\/wp-content\/uploads\/2024\/09\/MGS-logo-site-02.png","contentUrl":"https:\/\/www.matts-guitar-shop.com\/wp-content\/uploads\/2024\/09\/MGS-logo-site-02.png","width":200,"height":122,"caption":"matts-guitar-shop.com"},"image":{"@id":"https:\/\/www.matts-guitar-shop.com\/es\/#\/schema\/logo\/image\/"},"sameAs":["https:\/\/www.facebook.com\/profile.php?id=100044359842817","https:\/\/www.instagram.com\/mattsguitarshop\/","https:\/\/www.youtube.com\/@MattLucasMan\/videos"]}]}},"_links":{"self":[{"href":"https:\/\/www.matts-guitar-shop.com\/es\/wp-json\/wp\/v2\/pages\/36499","targetHints":{"allow":["GET"]}}],"collection":[{"href":"https:\/\/www.matts-guitar-shop.com\/es\/wp-json\/wp\/v2\/pages"}],"about":[{"href":"https:\/\/www.matts-guitar-shop.com\/es\/wp-json\/wp\/v2\/types\/page"}],"author":[{"embeddable":true,"href":"https:\/\/www.matts-guitar-shop.com\/es\/wp-json\/wp\/v2\/users\/2"}],"replies":[{"embeddable":true,"href":"https:\/\/www.matts-guitar-shop.com\/es\/wp-json\/wp\/v2\/comments?post=36499"}],"version-history":[{"count":2,"href":"https:\/\/www.matts-guitar-shop.com\/es\/wp-json\/wp\/v2\/pages\/36499\/revisions"}],"predecessor-version":[{"id":36501,"href":"https:\/\/www.matts-guitar-shop.com\/es\/wp-json\/wp\/v2\/pages\/36499\/revisions\/36501"}],"up":[{"embeddable":true,"href":"https:\/\/www.matts-guitar-shop.com\/es\/wp-json\/wp\/v2\/pages\/24301"}],"wp:featuredmedia":[{"embeddable":true,"href":"https:\/\/www.matts-guitar-shop.com\/es\/wp-json\/wp\/v2\/media\/36454"}],"wp:attachment":[{"href":"https:\/\/www.matts-guitar-shop.com\/es\/wp-json\/wp\/v2\/media?parent=36499"}],"curies":[{"name":"wp","href":"https:\/\/api.w.org\/{rel}","templated":true}]}}