{"id":17178,"date":"2024-07-02T14:08:54","date_gmt":"2024-07-02T12:08:54","guid":{"rendered":"https:\/\/www.matts-guitar-shop.com\/politica-de-privacidad\/"},"modified":"2025-08-10T16:20:11","modified_gmt":"2025-08-10T14:20:11","slug":"politica-de-privacidad","status":"publish","type":"page","link":"https:\/\/www.matts-guitar-shop.com\/es\/politica-de-privacidad\/","title":{"rendered":"Pol\u00edtica de privacidad"},"content":{"rendered":"<p>[et_pb_section fb_built=\u00bb1&#8243; _builder_version=\u00bb4.25.2&#8243; _module_preset=\u00bbdefault\u00bb background_color=\u00bb#000000&#8243; top_divider_style=\u00bbarrow2&#8243; top_divider_color=\u00bb#d0a957&#8243; top_divider_height=\u00bb12px\u00bb bottom_divider_style=\u00bbarrow2&#8243; bottom_divider_color=\u00bbgcid-heading-color\u00bb bottom_divider_height=\u00bb12px\u00bb bottom_divider_flip=\u00bbvertical\u00bb global_colors_info=\u00bb{%22gcid-heading-color%22:%91%22bottom_divider_color%22,%22bottom_divider_color%22%93}\u00bb][et_pb_row _builder_version=\u00bb4.25.2&#8243; _module_preset=\u00bbdefault\u00bb global_colors_info=\u00bb{}\u00bb][et_pb_column type=\u00bb4_4&#8243; _builder_version=\u00bb4.25.2&#8243; _module_preset=\u00bbdefault\u00bb global_colors_info=\u00bb{}\u00bb][et_pb_text _builder_version=\u00bb4.25.2&#8243; _module_preset=\u00bbdefault\u00bb header_font=\u00bb|700|||||||\u00bb header_text_align=\u00bbcenter\u00bb header_font_size=\u00bb36px\u00bb background_layout=\u00bbdark\u00bb global_colors_info=\u00bb{}\u00bb]<\/p>\n<h1>Pol\u00edtica de privacidad<\/h1>\n<p>[\/et_pb_text][et_pb_text _builder_version=\u00bb4.25.2&#8243; _module_preset=\u00bbdefault\u00bb text_font_size=\u00bb16px\u00bb link_text_color=\u00bb#FFFFFF\u00bb header_font=\u00bb|700|||||||\u00bb header_text_align=\u00bbcenter\u00bb header_font_size=\u00bb36px\u00bb background_layout=\u00bbdark\u00bb custom_margin=\u00bb||||false|false\u00bb custom_padding=\u00bb||3%||false|false\u00bb hover_enabled=\u00bb0&#8243; border_width_bottom=\u00bb1px\u00bb global_colors_info=\u00bb{}\u00bb sticky_enabled=\u00bb0&#8243;]<\/p>\n<h2>\u00bfQui\u00e9nes somos?<\/h2>\n<p>La direcci\u00f3n de nuestro sitio es: https:\/\/www.matts-guitar-shop.com\/<\/p>\n<h2>Comentarios<\/h2>\n<p>Cuando deja un comentario en nuestro sitio, los datos ingresados en el formulario de comentario, as\u00ed como su direcci\u00f3n IP y el agente de usuario de su navegador, se recopilan para ayudarnos a detectar comentarios no deseados.<\/p>\n<p>Una cadena anonimizadda creada a partir de su correo electr\u00f3nico (tambi\u00e9n llamada hash) puede ser enviada al servicio Gravatar para verificar si lo utiliza. Las pol\u00edticas de privacidad del servicio Gravatar est\u00e1n disponibles aqu\u00ed: https:\/\/automattic.com\/privacy\/. Tras la validaci\u00f3n de su comentario, su foto de perfil ser\u00e1 visible p\u00fablicamente junto a su comentario.<\/p>\n<h2>Medios<\/h2>\n<p>Si sube im\u00e1genes al sitio, le recomendamos evitar subir im\u00e1genes que contengan datos EXIF con coordenadas GPS. Las personas que visiten su sitio pueden descargar y extraer datos de ubicaci\u00f3n de estas im\u00e1genes.<\/p>\n<h2>Cookies<\/h2>\n<p>Si deja un comentario en nuestro sitio, se le ofrecer\u00e1 guardar su nombre, correo electr\u00f3nico y sitio web en cookies. Esto es \u00fanicamente para su comodidad, para no tener que ingresar esta informaci\u00f3n si deja otro comentario m\u00e1s adelante. Estas cookies expiran despu\u00e9s de un a\u00f1o.<\/p>\n<p>Si visita la p\u00e1gina de inicio de sesi\u00f3n, se crear\u00e1 una cookie temporal para determinar si su navegador acepta cookies. No contiene datos personales y se eliminar\u00e1 autom\u00e1ticamente al cerrar su navegador.<\/p>\n<p>Cuando inicie sesi\u00f3n, estableceremos varias cookies para guardar su informaci\u00f3n de inicio de sesi\u00f3n y sus preferencias de pantalla. La duraci\u00f3n de una cookie de inicio de sesi\u00f3n es de dos d\u00edas, la de una cookie de preferencia de pantalla es de un a\u00f1o. Si marca \u00abRecordarme\u00bb, su cookie de inicio de sesi\u00f3n se conservar\u00e1 por dos semanas. Si cierra sesi\u00f3n, la cookie de inicio de sesi\u00f3n se eliminar\u00e1.<\/p>\n<p>Al modificar o publicar una entrada, se almacenar\u00e1 una cookie adicional en su navegador. Esta cookie no contiene datos personales, solo indica el ID de la publicaci\u00f3n que acaba de modificar. Expira despu\u00e9s de un d\u00eda.<\/p>\n<h2>Contenido incrustado desde otros sitios<\/h2>\n<p>Los art\u00edculos de este sitio pueden incluir contenido incrustado (por ejemplo, videos, im\u00e1genes, art\u00edculos\u2026). El contenido incrustado desde otros sitios se comporta como si el visitante estuviera visitando ese otro sitio.<\/p>\n<p>Estos sitios web podr\u00edan recopilar datos sobre usted, usar cookies, incrustar herramientas de seguimiento de terceros y seguir sus interacciones con estos contenidos incrustados si tiene una cuenta conectada en su sitio web.<\/p>\n<h2>Uso y transferencia de sus datos personales<\/h2>\n<p>Si solicita restablecer su contrase\u00f1a, su direcci\u00f3n IP se incluir\u00e1 en el correo electr\u00f3nico de restablecimiento.<\/p>\n<h2>Duraci\u00f3n del almacenamiento de sus datos<\/h2>\n<p>Si deja un comentario, el comentario y sus metadatos se conservan indefinidamente. Esto permite reconocer y aprobar autom\u00e1ticamente futuros comentarios en lugar de dejarlos en moderaci\u00f3n.<\/p>\n<p>Para las cuentas que se registran en nuestro sitio (si corresponde), tambi\u00e9n almacenamos los datos personales indicados en su perfil. Todas las cuentas pueden ver, modificar o eliminar su informaci\u00f3n personal en cualquier momento (excepto su identificador). Los administradores del sitio tambi\u00e9n pueden ver y modificar esta informaci\u00f3n.<\/p>\n<h2>Sus derechos sobre sus datos<\/h2>\n<p>Si tiene una cuenta o ha dejado comentarios en el sitio, puede solicitar recibir un archivo con todos los datos personales que poseemos sobre usted, incluidos los que nos ha proporcionado. Tambi\u00e9n puede solicitar la eliminaci\u00f3n de sus datos personales. Esto no incluye datos almacenados por motivos administrativos, legales o de seguridad.<\/p>\n<h2>D\u00f3nde se env\u00edan sus datos<\/h2>\n<p>Los comentarios de los visitantes pueden ser verificados mediante un servicio automatizado de detecci\u00f3n de comentarios no deseados.<\/p>\n<p>[\/et_pb_text][\/et_pb_column][\/et_pb_row][\/et_pb_section]<\/p>\n","protected":false},"excerpt":{"rendered":"<p>Pol\u00edtica de privacidad\u00bfQui\u00e9nes somos? La direcci\u00f3n de nuestro sitio es: https:\/\/www.matts-guitar-shop.com\/ Comentarios Cuando deja un comentario en nuestro sitio, los datos ingresados en el formulario de comentario, as\u00ed como su direcci\u00f3n IP y el agente de usuario de su navegador, se recopilan para ayudarnos a detectar comentarios no deseados. Una cadena anonimizadda creada a partir [&hellip;]<\/p>\n","protected":false},"author":1,"featured_media":0,"parent":0,"menu_order":0,"comment_status":"closed","ping_status":"open","template":"","meta":{"_et_pb_use_builder":"on","_et_pb_old_content":"","_et_gb_content_width":"","footnotes":""},"class_list":["post-17178","page","type-page","status-publish","hentry"],"yoast_head":"<!-- This site is optimized with the Yoast SEO plugin v26.8 - https:\/\/yoast.com\/product\/yoast-seo-wordpress\/ -->\n<title>Pol\u00edtica de privacidad - Matt&#039;s Guitar Shop<\/title>\n<meta name=\"robots\" content=\"index, follow, max-snippet:-1, max-image-preview:large, max-video-preview:-1\" \/>\n<link rel=\"canonical\" href=\"https:\/\/www.matts-guitar-shop.com\/es\/politica-de-privacidad\/\" \/>\n<meta property=\"og:locale\" content=\"es_ES\" \/>\n<meta property=\"og:type\" content=\"article\" \/>\n<meta property=\"og:title\" content=\"Pol\u00edtica de privacidad - Matt&#039;s Guitar Shop\" \/>\n<meta property=\"og:description\" content=\"Pol\u00edtica de privacidad\u00bfQui\u00e9nes somos? La direcci\u00f3n de nuestro sitio es: https:\/\/www.matts-guitar-shop.com\/ Comentarios Cuando deja un comentario en nuestro sitio, los datos ingresados en el formulario de comentario, as\u00ed como su direcci\u00f3n IP y el agente de usuario de su navegador, se recopilan para ayudarnos a detectar comentarios no deseados. Una cadena anonimizadda creada a partir [&hellip;]\" \/>\n<meta property=\"og:url\" content=\"https:\/\/www.matts-guitar-shop.com\/es\/politica-de-privacidad\/\" \/>\n<meta property=\"og:site_name\" content=\"Matt&#039;s Guitar Shop\" \/>\n<meta property=\"article:publisher\" content=\"https:\/\/www.facebook.com\/profile.php?id=100044359842817\" \/>\n<meta property=\"article:modified_time\" content=\"2025-08-10T14:20:11+00:00\" \/>\n<meta name=\"twitter:card\" content=\"summary_large_image\" \/>\n<meta name=\"twitter:label1\" content=\"Tiempo de lectura\" \/>\n\t<meta name=\"twitter:data1\" content=\"4 minutos\" \/>\n<script type=\"application\/ld+json\" class=\"yoast-schema-graph\">{\"@context\":\"https:\/\/schema.org\",\"@graph\":[{\"@type\":\"WebPage\",\"@id\":\"https:\/\/www.matts-guitar-shop.com\/es\/politica-de-privacidad\/\",\"url\":\"https:\/\/www.matts-guitar-shop.com\/es\/politica-de-privacidad\/\",\"name\":\"Pol\u00edtica de privacidad - Matt&#039;s Guitar Shop\",\"isPartOf\":{\"@id\":\"https:\/\/www.matts-guitar-shop.com\/es\/#website\"},\"datePublished\":\"2024-07-02T12:08:54+00:00\",\"dateModified\":\"2025-08-10T14:20:11+00:00\",\"breadcrumb\":{\"@id\":\"https:\/\/www.matts-guitar-shop.com\/es\/politica-de-privacidad\/#breadcrumb\"},\"inLanguage\":\"es\",\"potentialAction\":[{\"@type\":\"ReadAction\",\"target\":[\"https:\/\/www.matts-guitar-shop.com\/es\/politica-de-privacidad\/\"]}]},{\"@type\":\"BreadcrumbList\",\"@id\":\"https:\/\/www.matts-guitar-shop.com\/es\/politica-de-privacidad\/#breadcrumb\",\"itemListElement\":[{\"@type\":\"ListItem\",\"position\":1,\"name\":\"Inicio\",\"item\":\"https:\/\/www.matts-guitar-shop.com\/es\/\"},{\"@type\":\"ListItem\",\"position\":2,\"name\":\"Pol\u00edtica de privacidad\"}]},{\"@type\":\"WebSite\",\"@id\":\"https:\/\/www.matts-guitar-shop.com\/es\/#website\",\"url\":\"https:\/\/www.matts-guitar-shop.com\/es\/\",\"name\":\"matts-guitar-shop.com\",\"description\":\"Guitar Shop\",\"publisher\":{\"@id\":\"https:\/\/www.matts-guitar-shop.com\/es\/#organization\"},\"potentialAction\":[{\"@type\":\"SearchAction\",\"target\":{\"@type\":\"EntryPoint\",\"urlTemplate\":\"https:\/\/www.matts-guitar-shop.com\/es\/?s={search_term_string}\"},\"query-input\":{\"@type\":\"PropertyValueSpecification\",\"valueRequired\":true,\"valueName\":\"search_term_string\"}}],\"inLanguage\":\"es\"},{\"@type\":\"Organization\",\"@id\":\"https:\/\/www.matts-guitar-shop.com\/es\/#organization\",\"name\":\"matts-guitar-shop.com\",\"url\":\"https:\/\/www.matts-guitar-shop.com\/es\/\",\"logo\":{\"@type\":\"ImageObject\",\"inLanguage\":\"es\",\"@id\":\"https:\/\/www.matts-guitar-shop.com\/es\/#\/schema\/logo\/image\/\",\"url\":\"https:\/\/www.matts-guitar-shop.com\/wp-content\/uploads\/2024\/09\/MGS-logo-site-02.png\",\"contentUrl\":\"https:\/\/www.matts-guitar-shop.com\/wp-content\/uploads\/2024\/09\/MGS-logo-site-02.png\",\"width\":200,\"height\":122,\"caption\":\"matts-guitar-shop.com\"},\"image\":{\"@id\":\"https:\/\/www.matts-guitar-shop.com\/es\/#\/schema\/logo\/image\/\"},\"sameAs\":[\"https:\/\/www.facebook.com\/profile.php?id=100044359842817\",\"https:\/\/www.instagram.com\/mattsguitarshop\/\",\"https:\/\/www.youtube.com\/@MattLucasMan\/videos\"]}]}<\/script>\n<!-- \/ Yoast SEO plugin. -->","yoast_head_json":{"title":"Pol\u00edtica de privacidad - Matt&#039;s Guitar Shop","robots":{"index":"index","follow":"follow","max-snippet":"max-snippet:-1","max-image-preview":"max-image-preview:large","max-video-preview":"max-video-preview:-1"},"canonical":"https:\/\/www.matts-guitar-shop.com\/es\/politica-de-privacidad\/","og_locale":"es_ES","og_type":"article","og_title":"Pol\u00edtica de privacidad - Matt&#039;s Guitar Shop","og_description":"Pol\u00edtica de privacidad\u00bfQui\u00e9nes somos? La direcci\u00f3n de nuestro sitio es: https:\/\/www.matts-guitar-shop.com\/ Comentarios Cuando deja un comentario en nuestro sitio, los datos ingresados en el formulario de comentario, as\u00ed como su direcci\u00f3n IP y el agente de usuario de su navegador, se recopilan para ayudarnos a detectar comentarios no deseados. Una cadena anonimizadda creada a partir [&hellip;]","og_url":"https:\/\/www.matts-guitar-shop.com\/es\/politica-de-privacidad\/","og_site_name":"Matt&#039;s Guitar Shop","article_publisher":"https:\/\/www.facebook.com\/profile.php?id=100044359842817","article_modified_time":"2025-08-10T14:20:11+00:00","twitter_card":"summary_large_image","twitter_misc":{"Tiempo de lectura":"4 minutos"},"schema":{"@context":"https:\/\/schema.org","@graph":[{"@type":"WebPage","@id":"https:\/\/www.matts-guitar-shop.com\/es\/politica-de-privacidad\/","url":"https:\/\/www.matts-guitar-shop.com\/es\/politica-de-privacidad\/","name":"Pol\u00edtica de privacidad - Matt&#039;s Guitar Shop","isPartOf":{"@id":"https:\/\/www.matts-guitar-shop.com\/es\/#website"},"datePublished":"2024-07-02T12:08:54+00:00","dateModified":"2025-08-10T14:20:11+00:00","breadcrumb":{"@id":"https:\/\/www.matts-guitar-shop.com\/es\/politica-de-privacidad\/#breadcrumb"},"inLanguage":"es","potentialAction":[{"@type":"ReadAction","target":["https:\/\/www.matts-guitar-shop.com\/es\/politica-de-privacidad\/"]}]},{"@type":"BreadcrumbList","@id":"https:\/\/www.matts-guitar-shop.com\/es\/politica-de-privacidad\/#breadcrumb","itemListElement":[{"@type":"ListItem","position":1,"name":"Inicio","item":"https:\/\/www.matts-guitar-shop.com\/es\/"},{"@type":"ListItem","position":2,"name":"Pol\u00edtica de privacidad"}]},{"@type":"WebSite","@id":"https:\/\/www.matts-guitar-shop.com\/es\/#website","url":"https:\/\/www.matts-guitar-shop.com\/es\/","name":"matts-guitar-shop.com","description":"Guitar Shop","publisher":{"@id":"https:\/\/www.matts-guitar-shop.com\/es\/#organization"},"potentialAction":[{"@type":"SearchAction","target":{"@type":"EntryPoint","urlTemplate":"https:\/\/www.matts-guitar-shop.com\/es\/?s={search_term_string}"},"query-input":{"@type":"PropertyValueSpecification","valueRequired":true,"valueName":"search_term_string"}}],"inLanguage":"es"},{"@type":"Organization","@id":"https:\/\/www.matts-guitar-shop.com\/es\/#organization","name":"matts-guitar-shop.com","url":"https:\/\/www.matts-guitar-shop.com\/es\/","logo":{"@type":"ImageObject","inLanguage":"es","@id":"https:\/\/www.matts-guitar-shop.com\/es\/#\/schema\/logo\/image\/","url":"https:\/\/www.matts-guitar-shop.com\/wp-content\/uploads\/2024\/09\/MGS-logo-site-02.png","contentUrl":"https:\/\/www.matts-guitar-shop.com\/wp-content\/uploads\/2024\/09\/MGS-logo-site-02.png","width":200,"height":122,"caption":"matts-guitar-shop.com"},"image":{"@id":"https:\/\/www.matts-guitar-shop.com\/es\/#\/schema\/logo\/image\/"},"sameAs":["https:\/\/www.facebook.com\/profile.php?id=100044359842817","https:\/\/www.instagram.com\/mattsguitarshop\/","https:\/\/www.youtube.com\/@MattLucasMan\/videos"]}]}},"_links":{"self":[{"href":"https:\/\/www.matts-guitar-shop.com\/es\/wp-json\/wp\/v2\/pages\/17178","targetHints":{"allow":["GET"]}}],"collection":[{"href":"https:\/\/www.matts-guitar-shop.com\/es\/wp-json\/wp\/v2\/pages"}],"about":[{"href":"https:\/\/www.matts-guitar-shop.com\/es\/wp-json\/wp\/v2\/types\/page"}],"author":[{"embeddable":true,"href":"https:\/\/www.matts-guitar-shop.com\/es\/wp-json\/wp\/v2\/users\/1"}],"replies":[{"embeddable":true,"href":"https:\/\/www.matts-guitar-shop.com\/es\/wp-json\/wp\/v2\/comments?post=17178"}],"version-history":[{"count":2,"href":"https:\/\/www.matts-guitar-shop.com\/es\/wp-json\/wp\/v2\/pages\/17178\/revisions"}],"predecessor-version":[{"id":17180,"href":"https:\/\/www.matts-guitar-shop.com\/es\/wp-json\/wp\/v2\/pages\/17178\/revisions\/17180"}],"wp:attachment":[{"href":"https:\/\/www.matts-guitar-shop.com\/es\/wp-json\/wp\/v2\/media?parent=17178"}],"curies":[{"name":"wp","href":"https:\/\/api.w.org\/{rel}","templated":true}]}}