{"id":17162,"date":"2024-07-04T16:02:13","date_gmt":"2024-07-04T14:02:13","guid":{"rendered":"https:\/\/www.matts-guitar-shop.com\/nuestro-concepto-pasion-y-compartir\/"},"modified":"2026-04-05T22:42:49","modified_gmt":"2026-04-05T20:42:49","slug":"nuestro-concepto-pasion-y-compartir","status":"publish","type":"page","link":"https:\/\/www.matts-guitar-shop.com\/es\/nuestro-concepto-pasion-y-compartir\/","title":{"rendered":"Nuestro concepto: pasi\u00f3n y compartir"},"content":{"rendered":"<p>[et_pb_section fb_built=\u00bb1&#8243; fullwidth=\u00bbon\u00bb _builder_version=\u00bb4.25.2&#8243; _module_preset=\u00bbdefault\u00bb width=\u00bb100%\u00bb min_height=\u00bb100vh\u00bb locked=\u00bboff\u00bb global_colors_info=\u00bb{}\u00bb][et_pb_fullwidth_slider _builder_version=\u00bb4.27.5&#8243; _module_preset=\u00bbdefault\u00bb header_level=\u00bbh1&#8243; header_font=\u00bb|600|||||||\u00bb body_font=\u00bb||||||||\u00bb width=\u00bb100%\u00bb min_height=\u00bb100vh\u00bb auto=\u00bbon\u00bb auto_speed=\u00bb4500&#8243; auto_ignore_hover=\u00bbon\u00bb hover_transition_duration=\u00bb50ms\u00bb hover_transition_speed_curve=\u00bblinear\u00bb hover_enabled=\u00bb0&#8243; global_colors_info=\u00bb{}\u00bb sticky_enabled=\u00bb0&#8243;][et_pb_slide _builder_version=\u00bb4.27.5&#8243; _module_preset=\u00bbdefault\u00bb header_level=\u00bbh1&#8243; header_font_size=\u00bb70px\u00bb body_font_size=\u00bb20px\u00bb background_enable_color=\u00bboff\u00bb background_image=\u00bbhttps:\/\/www.matts-guitar-shop.com\/wp-content\/uploads\/2025\/03\/slide-notre-concept-matts-guitar-shop-01.jpg\u00bb background_enable_image=\u00bbon\u00bb background_size=\u00bbcustom\u00bb hover_enabled=\u00bb0&#8243; header_font_size_tablet=\u00bb60px\u00bb header_font_size_phone=\u00bb32px\u00bb header_font_size_last_edited=\u00bbon|phone\u00bb body_font_size_tablet=\u00bb20px\u00bb body_font_size_phone=\u00bb16px\u00bb body_font_size_last_edited=\u00bbon|phone\u00bb global_colors_info=\u00bb{}\u00bb sticky_transition=\u00bbon\u00bb sticky_enabled=\u00bb0&#8243;][\/et_pb_slide][\/et_pb_fullwidth_slider][\/et_pb_section][et_pb_section fb_built=\u00bb1&#8243; _builder_version=\u00bb4.25.2&#8243; _module_preset=\u00bbdefault\u00bb background_color=\u00bb#000000&#8243; top_divider_style=\u00bbarrow2&#8243; top_divider_color=\u00bb#d0a957&#8243; top_divider_height=\u00bb12px\u00bb bottom_divider_style=\u00bbarrow2&#8243; bottom_divider_color=\u00bbgcid-heading-color\u00bb bottom_divider_height=\u00bb12px\u00bb bottom_divider_flip=\u00bbvertical\u00bb global_colors_info=\u00bb{%22gcid-heading-color%22:%91%22bottom_divider_color%22,%22bottom_divider_color%22%93}\u00bb][et_pb_row _builder_version=\u00bb4.27.5&#8243; _module_preset=\u00bbdefault\u00bb width=\u00bb100%\u00bb max_width=\u00bb80%\u00bb global_colors_info=\u00bb{}\u00bb][et_pb_column type=\u00bb4_4&#8243; _builder_version=\u00bb4.25.2&#8243; _module_preset=\u00bbdefault\u00bb global_colors_info=\u00bb{}\u00bb][et_pb_post_title meta=\u00bboff\u00bb featured_image=\u00bboff\u00bb _builder_version=\u00bb4.27.5&#8243; _module_preset=\u00bbdefault\u00bb title_font=\u00bbOpen Sans|300|||||||\u00bb title_text_color=\u00bb#ddab05&#8243; title_font_size=\u00bb6rem\u00bb text_orientation=\u00bbcenter\u00bb custom_margin=\u00bb0px||||false|false\u00bb locked=\u00bboff\u00bb global_colors_info=\u00bb{}\u00bb][\/et_pb_post_title][et_pb_text _builder_version=\u00bb4.25.2&#8243; _module_preset=\u00bbdefault\u00bb text_font_size=\u00bb16px\u00bb header_font=\u00bb|700|||||||\u00bb header_text_align=\u00bbcenter\u00bb header_font_size=\u00bb36px\u00bb text_orientation=\u00bbcenter\u00bb background_layout=\u00bbdark\u00bb global_colors_info=\u00bb{}\u00bb]Comprometido con compartir la pasi\u00f3n y la magia contenida en cada instrumento, Matt\u2019s Guitar Shop se ha comprometido desde sus inicios a abrir sus puertas a los m\u00e1s apasionados. Buscando evitar la trampa de crear una distancia entre el p\u00fablico y estos objetos excepcionales, ha puesto el compartir en el coraz\u00f3n de su filosof\u00eda. Desde los artistas que tocan en el escenario con sus guitarras hasta los amantes de la m\u00fasica que abren las puertas del showroom para unas cuantas charlas y para tocar, Matt\u2019s Guitar Shop est\u00e1 abierto a todos.<\/p>\n<p>Ya sea que tengas un proyecto en el que podamos estar involucrados, que desees que nuestro luthier ajuste tus guitarras o simplemente est\u00e9s de paso por Par\u00eds y quieras ver algunas de nuestras guitarras, \u00a1escr\u00edbenos para pedir una cita! [\/et_pb_text][et_pb_image src=\u00bbhttps:\/\/www.matts-guitar-shop.com\/wp-content\/uploads\/2024\/11\/equipe-matt-s-guitar-shop-01.jpg\u00bb title_text=\u00bbequipe-matt-s-guitar-shop-01&#8243; force_fullwidth=\u00bbon\u00bb disabled_on=\u00bboff|off|off\u00bb _builder_version=\u00bb4.25.2&#8243; _module_preset=\u00bbdefault\u00bb locked=\u00bboff\u00bb global_colors_info=\u00bb{}\u00bb][\/et_pb_image][\/et_pb_column][\/et_pb_row][\/et_pb_section]<\/p>\n","protected":false},"excerpt":{"rendered":"<p>Comprometido con compartir la pasi\u00f3n y la magia contenida en cada instrumento, Matt\u2019s Guitar Shop se ha comprometido desde sus inicios a abrir sus puertas a los m\u00e1s apasionados. Buscando evitar la trampa de crear una distancia entre el p\u00fablico y estos objetos excepcionales, ha puesto el compartir en el coraz\u00f3n de su filosof\u00eda. Desde [&hellip;]<\/p>\n","protected":false},"author":1,"featured_media":19576,"parent":0,"menu_order":0,"comment_status":"closed","ping_status":"closed","template":"","meta":{"_et_pb_use_builder":"on","_et_pb_old_content":"","_et_gb_content_width":"","footnotes":""},"class_list":["post-17162","page","type-page","status-publish","has-post-thumbnail","hentry"],"yoast_head":"<!-- This site is optimized with the Yoast SEO plugin v26.8 - https:\/\/yoast.com\/product\/yoast-seo-wordpress\/ -->\n<title>Nuestro concepto: pasi\u00f3n y compartir - Matt&#039;s Guitar Shop<\/title>\n<meta name=\"robots\" content=\"index, follow, max-snippet:-1, max-image-preview:large, max-video-preview:-1\" \/>\n<link rel=\"canonical\" href=\"https:\/\/www.matts-guitar-shop.com\/es\/nuestro-concepto-pasion-y-compartir\/\" \/>\n<meta property=\"og:locale\" content=\"es_ES\" \/>\n<meta property=\"og:type\" content=\"article\" \/>\n<meta property=\"og:title\" content=\"Nuestro concepto: pasi\u00f3n y compartir - Matt&#039;s Guitar Shop\" \/>\n<meta property=\"og:description\" content=\"Comprometido con compartir la pasi\u00f3n y la magia contenida en cada instrumento, Matt\u2019s Guitar Shop se ha comprometido desde sus inicios a abrir sus puertas a los m\u00e1s apasionados. Buscando evitar la trampa de crear una distancia entre el p\u00fablico y estos objetos excepcionales, ha puesto el compartir en el coraz\u00f3n de su filosof\u00eda. Desde [&hellip;]\" \/>\n<meta property=\"og:url\" content=\"https:\/\/www.matts-guitar-shop.com\/es\/nuestro-concepto-pasion-y-compartir\/\" \/>\n<meta property=\"og:site_name\" content=\"Matt&#039;s Guitar Shop\" \/>\n<meta property=\"article:publisher\" content=\"https:\/\/www.facebook.com\/profile.php?id=100044359842817\" \/>\n<meta property=\"article:modified_time\" content=\"2026-04-05T20:42:49+00:00\" \/>\n<meta property=\"og:image\" content=\"https:\/\/www.matts-guitar-shop.com\/wp-content\/uploads\/2024\/11\/equipe-matt-s-guitar-shop-01.jpg\" \/>\n\t<meta property=\"og:image:width\" content=\"1440\" \/>\n\t<meta property=\"og:image:height\" content=\"960\" \/>\n\t<meta property=\"og:image:type\" content=\"image\/jpeg\" \/>\n<meta name=\"twitter:card\" content=\"summary_large_image\" \/>\n<meta name=\"twitter:label1\" content=\"Tiempo de lectura\" \/>\n\t<meta name=\"twitter:data1\" content=\"2 minutos\" \/>\n<script type=\"application\/ld+json\" class=\"yoast-schema-graph\">{\"@context\":\"https:\/\/schema.org\",\"@graph\":[{\"@type\":\"WebPage\",\"@id\":\"https:\/\/www.matts-guitar-shop.com\/es\/nuestro-concepto-pasion-y-compartir\/\",\"url\":\"https:\/\/www.matts-guitar-shop.com\/es\/nuestro-concepto-pasion-y-compartir\/\",\"name\":\"Nuestro concepto: pasi\u00f3n y compartir - Matt&#039;s Guitar Shop\",\"isPartOf\":{\"@id\":\"https:\/\/www.matts-guitar-shop.com\/es\/#website\"},\"primaryImageOfPage\":{\"@id\":\"https:\/\/www.matts-guitar-shop.com\/es\/nuestro-concepto-pasion-y-compartir\/#primaryimage\"},\"image\":{\"@id\":\"https:\/\/www.matts-guitar-shop.com\/es\/nuestro-concepto-pasion-y-compartir\/#primaryimage\"},\"thumbnailUrl\":\"https:\/\/www.matts-guitar-shop.com\/wp-content\/uploads\/2024\/11\/equipe-matt-s-guitar-shop-01.jpg\",\"datePublished\":\"2024-07-04T14:02:13+00:00\",\"dateModified\":\"2026-04-05T20:42:49+00:00\",\"breadcrumb\":{\"@id\":\"https:\/\/www.matts-guitar-shop.com\/es\/nuestro-concepto-pasion-y-compartir\/#breadcrumb\"},\"inLanguage\":\"es\",\"potentialAction\":[{\"@type\":\"ReadAction\",\"target\":[\"https:\/\/www.matts-guitar-shop.com\/es\/nuestro-concepto-pasion-y-compartir\/\"]}]},{\"@type\":\"ImageObject\",\"inLanguage\":\"es\",\"@id\":\"https:\/\/www.matts-guitar-shop.com\/es\/nuestro-concepto-pasion-y-compartir\/#primaryimage\",\"url\":\"https:\/\/www.matts-guitar-shop.com\/wp-content\/uploads\/2024\/11\/equipe-matt-s-guitar-shop-01.jpg\",\"contentUrl\":\"https:\/\/www.matts-guitar-shop.com\/wp-content\/uploads\/2024\/11\/equipe-matt-s-guitar-shop-01.jpg\",\"width\":1440,\"height\":960},{\"@type\":\"BreadcrumbList\",\"@id\":\"https:\/\/www.matts-guitar-shop.com\/es\/nuestro-concepto-pasion-y-compartir\/#breadcrumb\",\"itemListElement\":[{\"@type\":\"ListItem\",\"position\":1,\"name\":\"Inicio\",\"item\":\"https:\/\/www.matts-guitar-shop.com\/es\/\"},{\"@type\":\"ListItem\",\"position\":2,\"name\":\"Nuestro concepto: pasi\u00f3n y compartir\"}]},{\"@type\":\"WebSite\",\"@id\":\"https:\/\/www.matts-guitar-shop.com\/es\/#website\",\"url\":\"https:\/\/www.matts-guitar-shop.com\/es\/\",\"name\":\"matts-guitar-shop.com\",\"description\":\"Guitar Shop\",\"publisher\":{\"@id\":\"https:\/\/www.matts-guitar-shop.com\/es\/#organization\"},\"potentialAction\":[{\"@type\":\"SearchAction\",\"target\":{\"@type\":\"EntryPoint\",\"urlTemplate\":\"https:\/\/www.matts-guitar-shop.com\/es\/?s={search_term_string}\"},\"query-input\":{\"@type\":\"PropertyValueSpecification\",\"valueRequired\":true,\"valueName\":\"search_term_string\"}}],\"inLanguage\":\"es\"},{\"@type\":\"Organization\",\"@id\":\"https:\/\/www.matts-guitar-shop.com\/es\/#organization\",\"name\":\"matts-guitar-shop.com\",\"url\":\"https:\/\/www.matts-guitar-shop.com\/es\/\",\"logo\":{\"@type\":\"ImageObject\",\"inLanguage\":\"es\",\"@id\":\"https:\/\/www.matts-guitar-shop.com\/es\/#\/schema\/logo\/image\/\",\"url\":\"https:\/\/www.matts-guitar-shop.com\/wp-content\/uploads\/2024\/09\/MGS-logo-site-02.png\",\"contentUrl\":\"https:\/\/www.matts-guitar-shop.com\/wp-content\/uploads\/2024\/09\/MGS-logo-site-02.png\",\"width\":200,\"height\":122,\"caption\":\"matts-guitar-shop.com\"},\"image\":{\"@id\":\"https:\/\/www.matts-guitar-shop.com\/es\/#\/schema\/logo\/image\/\"},\"sameAs\":[\"https:\/\/www.facebook.com\/profile.php?id=100044359842817\",\"https:\/\/www.instagram.com\/mattsguitarshop\/\",\"https:\/\/www.youtube.com\/@MattLucasMan\/videos\"]}]}<\/script>\n<!-- \/ Yoast SEO plugin. -->","yoast_head_json":{"title":"Nuestro concepto: pasi\u00f3n y compartir - Matt&#039;s Guitar Shop","robots":{"index":"index","follow":"follow","max-snippet":"max-snippet:-1","max-image-preview":"max-image-preview:large","max-video-preview":"max-video-preview:-1"},"canonical":"https:\/\/www.matts-guitar-shop.com\/es\/nuestro-concepto-pasion-y-compartir\/","og_locale":"es_ES","og_type":"article","og_title":"Nuestro concepto: pasi\u00f3n y compartir - Matt&#039;s Guitar Shop","og_description":"Comprometido con compartir la pasi\u00f3n y la magia contenida en cada instrumento, Matt\u2019s Guitar Shop se ha comprometido desde sus inicios a abrir sus puertas a los m\u00e1s apasionados. Buscando evitar la trampa de crear una distancia entre el p\u00fablico y estos objetos excepcionales, ha puesto el compartir en el coraz\u00f3n de su filosof\u00eda. Desde [&hellip;]","og_url":"https:\/\/www.matts-guitar-shop.com\/es\/nuestro-concepto-pasion-y-compartir\/","og_site_name":"Matt&#039;s Guitar Shop","article_publisher":"https:\/\/www.facebook.com\/profile.php?id=100044359842817","article_modified_time":"2026-04-05T20:42:49+00:00","og_image":[{"width":1440,"height":960,"url":"https:\/\/www.matts-guitar-shop.com\/wp-content\/uploads\/2024\/11\/equipe-matt-s-guitar-shop-01.jpg","type":"image\/jpeg"}],"twitter_card":"summary_large_image","twitter_misc":{"Tiempo de lectura":"2 minutos"},"schema":{"@context":"https:\/\/schema.org","@graph":[{"@type":"WebPage","@id":"https:\/\/www.matts-guitar-shop.com\/es\/nuestro-concepto-pasion-y-compartir\/","url":"https:\/\/www.matts-guitar-shop.com\/es\/nuestro-concepto-pasion-y-compartir\/","name":"Nuestro concepto: pasi\u00f3n y compartir - Matt&#039;s Guitar Shop","isPartOf":{"@id":"https:\/\/www.matts-guitar-shop.com\/es\/#website"},"primaryImageOfPage":{"@id":"https:\/\/www.matts-guitar-shop.com\/es\/nuestro-concepto-pasion-y-compartir\/#primaryimage"},"image":{"@id":"https:\/\/www.matts-guitar-shop.com\/es\/nuestro-concepto-pasion-y-compartir\/#primaryimage"},"thumbnailUrl":"https:\/\/www.matts-guitar-shop.com\/wp-content\/uploads\/2024\/11\/equipe-matt-s-guitar-shop-01.jpg","datePublished":"2024-07-04T14:02:13+00:00","dateModified":"2026-04-05T20:42:49+00:00","breadcrumb":{"@id":"https:\/\/www.matts-guitar-shop.com\/es\/nuestro-concepto-pasion-y-compartir\/#breadcrumb"},"inLanguage":"es","potentialAction":[{"@type":"ReadAction","target":["https:\/\/www.matts-guitar-shop.com\/es\/nuestro-concepto-pasion-y-compartir\/"]}]},{"@type":"ImageObject","inLanguage":"es","@id":"https:\/\/www.matts-guitar-shop.com\/es\/nuestro-concepto-pasion-y-compartir\/#primaryimage","url":"https:\/\/www.matts-guitar-shop.com\/wp-content\/uploads\/2024\/11\/equipe-matt-s-guitar-shop-01.jpg","contentUrl":"https:\/\/www.matts-guitar-shop.com\/wp-content\/uploads\/2024\/11\/equipe-matt-s-guitar-shop-01.jpg","width":1440,"height":960},{"@type":"BreadcrumbList","@id":"https:\/\/www.matts-guitar-shop.com\/es\/nuestro-concepto-pasion-y-compartir\/#breadcrumb","itemListElement":[{"@type":"ListItem","position":1,"name":"Inicio","item":"https:\/\/www.matts-guitar-shop.com\/es\/"},{"@type":"ListItem","position":2,"name":"Nuestro concepto: pasi\u00f3n y compartir"}]},{"@type":"WebSite","@id":"https:\/\/www.matts-guitar-shop.com\/es\/#website","url":"https:\/\/www.matts-guitar-shop.com\/es\/","name":"matts-guitar-shop.com","description":"Guitar Shop","publisher":{"@id":"https:\/\/www.matts-guitar-shop.com\/es\/#organization"},"potentialAction":[{"@type":"SearchAction","target":{"@type":"EntryPoint","urlTemplate":"https:\/\/www.matts-guitar-shop.com\/es\/?s={search_term_string}"},"query-input":{"@type":"PropertyValueSpecification","valueRequired":true,"valueName":"search_term_string"}}],"inLanguage":"es"},{"@type":"Organization","@id":"https:\/\/www.matts-guitar-shop.com\/es\/#organization","name":"matts-guitar-shop.com","url":"https:\/\/www.matts-guitar-shop.com\/es\/","logo":{"@type":"ImageObject","inLanguage":"es","@id":"https:\/\/www.matts-guitar-shop.com\/es\/#\/schema\/logo\/image\/","url":"https:\/\/www.matts-guitar-shop.com\/wp-content\/uploads\/2024\/09\/MGS-logo-site-02.png","contentUrl":"https:\/\/www.matts-guitar-shop.com\/wp-content\/uploads\/2024\/09\/MGS-logo-site-02.png","width":200,"height":122,"caption":"matts-guitar-shop.com"},"image":{"@id":"https:\/\/www.matts-guitar-shop.com\/es\/#\/schema\/logo\/image\/"},"sameAs":["https:\/\/www.facebook.com\/profile.php?id=100044359842817","https:\/\/www.instagram.com\/mattsguitarshop\/","https:\/\/www.youtube.com\/@MattLucasMan\/videos"]}]}},"_links":{"self":[{"href":"https:\/\/www.matts-guitar-shop.com\/es\/wp-json\/wp\/v2\/pages\/17162","targetHints":{"allow":["GET"]}}],"collection":[{"href":"https:\/\/www.matts-guitar-shop.com\/es\/wp-json\/wp\/v2\/pages"}],"about":[{"href":"https:\/\/www.matts-guitar-shop.com\/es\/wp-json\/wp\/v2\/types\/page"}],"author":[{"embeddable":true,"href":"https:\/\/www.matts-guitar-shop.com\/es\/wp-json\/wp\/v2\/users\/1"}],"replies":[{"embeddable":true,"href":"https:\/\/www.matts-guitar-shop.com\/es\/wp-json\/wp\/v2\/comments?post=17162"}],"version-history":[{"count":10,"href":"https:\/\/www.matts-guitar-shop.com\/es\/wp-json\/wp\/v2\/pages\/17162\/revisions"}],"predecessor-version":[{"id":31977,"href":"https:\/\/www.matts-guitar-shop.com\/es\/wp-json\/wp\/v2\/pages\/17162\/revisions\/31977"}],"wp:featuredmedia":[{"embeddable":true,"href":"https:\/\/www.matts-guitar-shop.com\/es\/wp-json\/wp\/v2\/media\/19576"}],"wp:attachment":[{"href":"https:\/\/www.matts-guitar-shop.com\/es\/wp-json\/wp\/v2\/media?parent=17162"}],"curies":[{"name":"wp","href":"https:\/\/api.w.org\/{rel}","templated":true}]}}