{"id":17150,"date":"2024-12-22T22:10:21","date_gmt":"2024-12-22T21:10:21","guid":{"rendered":"https:\/\/www.matts-guitar-shop.com\/fotos-y-recuerdos\/"},"modified":"2026-03-07T02:37:42","modified_gmt":"2026-03-07T01:37:42","slug":"fotos-y-recuerdos","status":"publish","type":"page","link":"https:\/\/www.matts-guitar-shop.com\/es\/fotos-y-recuerdos\/","title":{"rendered":"<p>Fotos y recuerdos<\/p>"},"content":{"rendered":"<p>[et_pb_section fb_built=\u00bb1&#8243; fullwidth=\u00bbon\u00bb _builder_version=\u00bb4.25.2&#8243; _module_preset=\u00bbdefault\u00bb width=\u00bb100%\u00bb min_height=\u00bb100vh\u00bb hover_enabled=\u00bb0&#8243; global_colors_info=\u00bb{}\u00bb locked=\u00bboff\u00bb sticky_enabled=\u00bb0&#8243;][et_pb_fullwidth_slider _builder_version=\u00bb4.25.2&#8243; _module_preset=\u00bbdefault\u00bb header_level=\u00bbh1&#8243; header_font=\u00bb|600|||||||\u00bb body_font=\u00bb||||||||\u00bb width=\u00bb100%\u00bb min_height=\u00bb100vh\u00bb auto=\u00bbon\u00bb auto_speed=\u00bb4500&#8243; auto_ignore_hover=\u00bbon\u00bb hover_transition_duration=\u00bb50ms\u00bb hover_transition_speed_curve=\u00bblinear\u00bb hover_enabled=\u00bb0&#8243; global_colors_info=\u00bb{}\u00bb sticky_enabled=\u00bb0&#8243;][et_pb_slide heading=\u00bbFotos y recuerdos\u00bb _builder_version=\u00bb4.25.2&#8243; _module_preset=\u00bbdefault\u00bb header_level=\u00bbh1&#8243; header_font_size=\u00bb70px\u00bb body_font_size=\u00bb20px\u00bb background_enable_color=\u00bboff\u00bb background_image=\u00bbhttps:\/\/www.matts-guitar-shop.com\/wp-content\/uploads\/2025\/03\/slide-photos-memorabilia-matts-guitar-shop-01.jpg\u00bb background_enable_image=\u00bbon\u00bb background_size=\u00bbcustom\u00bb hover_enabled=\u00bb0&#8243; header_font_size_tablet=\u00bb60px\u00bb header_font_size_phone=\u00bb32px\u00bb header_font_size_last_edited=\u00bbon|phone\u00bb body_font_size_tablet=\u00bb20px\u00bb body_font_size_phone=\u00bb16px\u00bb body_font_size_last_edited=\u00bbon|phone\u00bb global_colors_info=\u00bb{}\u00bb sticky_transition=\u00bbon\u00bb title_text=\u00bbslide-photos-memorabilia-matts-guitar-shop-01&#8243; sticky_enabled=\u00bb0&#8243;][\/et_pb_slide][\/et_pb_fullwidth_slider][\/et_pb_section][et_pb_section fb_built=\u00bb1&#8243; _builder_version=\u00bb4.25.2&#8243; _module_preset=\u00bbdefault\u00bb background_color=\u00bb#000000&#8243; top_divider_style=\u00bbarrow2&#8243; top_divider_color=\u00bb#d0a957&#8243; top_divider_height=\u00bb12px\u00bb bottom_divider_style=\u00bbarrow2&#8243; bottom_divider_color=\u00bbgcid-heading-color\u00bb bottom_divider_height=\u00bb12px\u00bb bottom_divider_flip=\u00bbvertical\u00bb global_colors_info=\u00bb{%22gcid-heading-color%22:%91%22bottom_divider_color%22,%22bottom_divider_color%22%93}\u00bb][et_pb_row _builder_version=\u00bb4.25.2&#8243; _module_preset=\u00bbdefault\u00bb global_colors_info=\u00bb{}\u00bb][et_pb_column type=\u00bb4_4&#8243; _builder_version=\u00bb4.25.2&#8243; _module_preset=\u00bbdefault\u00bb global_colors_info=\u00bb{}\u00bb][et_pb_text _builder_version=\u00bb4.25.2&#8243; _module_preset=\u00bbdefault\u00bb header_font=\u00bb|700|||||||\u00bb header_text_align=\u00bbcenter\u00bb header_font_size=\u00bb36px\u00bb background_layout=\u00bbdark\u00bb global_colors_info=\u00bb{}\u00bb disabled_on=\u00bbon|on|on\u00bb disabled=\u00bbon\u00bb]<\/p>\n<h1>Fotos y recuerdos<\/h1>\n<p>[\/et_pb_text][et_pb_text _builder_version=\u00bb4.25.2&#8243; _module_preset=\u00bbdefault\u00bb text_font_size=\u00bb16px\u00bb link_font=\u00bb|600|||on||||\u00bb link_text_color=\u00bb#FFFFFF\u00bb header_font=\u00bb|700|||||||\u00bb header_text_align=\u00bbcenter\u00bb header_font_size=\u00bb36px\u00bb text_orientation=\u00bbcenter\u00bb background_layout=\u00bbdark\u00bb global_colors_info=\u00bb{}\u00bb]<\/p>\n<p>Matt\u2019s Guitar Shop est\u00e1 guiado por una inmensa pasi\u00f3n por la m\u00fasica y el rock. Apasionado por los instrumentos excepcionales que han escrito la <b>historia<\/b>, tambi\u00e9n est\u00e1 fascinado por los testimonios materiales de esos grandes momentos musicales. Desde setlists originales hasta manuscritos, pasando por p\u00faas y copias fotogr\u00e1ficas de \u00e9poca, estos objetos de colecci\u00f3n nos apasionan. As\u00ed, al crear nuestro departamento art\u00edstico <b>Matt\u2019s Rock Gallery<\/b> (<a href=\"https:\/\/www.mattsrockgallery.shop\/\" title=\"https:\/\/www.mattsrockgallery.shop\/\" target=\"_blank\" rel=\"noopener\">https:\/\/www.mattsrockgallery.shop<\/a>), decidimos situar la fotograf\u00eda y los memorabilia en el coraz\u00f3n de nuestra identidad.<\/p>\n<p>La <b>fotograf\u00eda<\/b> siempre ha sido un poderoso medio para documentar y transmitir pasi\u00f3n. Ya sea documentando momentos hist\u00f3ricos y m\u00e1gicos o siendo testigo directo de la creaci\u00f3n, la fotograf\u00eda tiene la capacidad de congelar el instante en papel y exaltar su alcance simb\u00f3lico y po\u00e9tico. Desde los grandes momentos de la historia del rock de la segunda mitad del siglo XX hasta hoy, nos esforzamos en ofrecer una selecci\u00f3n de impresiones art\u00edsticas de fotograf\u00edas emblem\u00e1ticas de las mayores iconos del rock. Trabajamos con algunos de los mejores <b>fot\u00f3grafos<\/b> que han capturado a los <b>Rolling Stones<\/b>, <b>Eric Clapton<\/b>, <b>BB King<\/b>, <b>AC\/DC<\/b> o <b>Paul McCartney<\/b>, y ofrecemos sus copias numeradas.<\/p>\n<p>Siempre cerca de los artistas y la creaci\u00f3n contempor\u00e1nea, tambi\u00e9n colaboramos con fot\u00f3grafos que nos acompa\u00f1an e inmortalizan los momentos m\u00e1s bellos de intercambio y pasi\u00f3n del Shop. En conciertos, en backstage o en estudio, sus c\u00e1maras capturan la esencia de esos momentos \u00fanicos y les dan vida en sus impresiones. As\u00ed, contamos con fotos excepcionales y exclusivas de Green Day, Slash, Yungblud o Craig Ross disponibles. Encuentra estas impresiones art\u00edsticas en la secci\u00f3n dedicada de Matt\u2019s Rock Gallery y cont\u00e1ctanos si tienes alguna pregunta: <a href=\"http:\/\/www.mattsrockgallery.shop\/category\/photographie\" title=\"http:\/\/www.mattsrockgallery.shop\/category\/photographie\" target=\"_blank\" rel=\"noopener\">www.mattsrockgallery.shop\/category\/photographie<\/a><\/p>\n<p>Apasionados por los peque\u00f1os objetos que cuentan la gran historia, tambi\u00e9n hemos desarrollado nuestra secci\u00f3n de <b>memorabilia<\/b>, es decir, testimonios materiales de la creaci\u00f3n. Desde p\u00faas usadas en el escenario, pasando por setlists originales, manuscritos y vinilos firmados, descubre todo lo que ofrecemos en la secci\u00f3n de Matt\u2019s Rock Gallery.<\/p>\n<p>Aqu\u00ed puedes descubrir algunas impresiones de nuestras fotos recientes tomadas por Baptiste Marcon y algunos art\u00edculos de nuestra secci\u00f3n de memorabilia.<\/p>\n<p>[\/et_pb_text][\/et_pb_column][\/et_pb_row][et_pb_row column_structure=\u00bb1_3,1_3,1_3&#8243; use_custom_gutter=\u00bbon\u00bb gutter_width=\u00bb2&#8243; _builder_version=\u00bb4.25.2&#8243; _module_preset=\u00bbdefault\u00bb global_colors_info=\u00bb{}\u00bb][et_pb_column type=\u00bb1_3&#8243; _builder_version=\u00bb4.25.2&#8243; _module_preset=\u00bbdefault\u00bb global_colors_info=\u00bb{}\u00bb][et_pb_text _builder_version=\u00bb4.25.2&#8243; _module_preset=\u00bbdefault\u00bb text_font_size=\u00bb16px\u00bb link_font=\u00bb|600|||on||||\u00bb link_text_color=\u00bb#FFFFFF\u00bb header_font=\u00bb|700|||||||\u00bb header_text_align=\u00bbcenter\u00bb header_font_size=\u00bb36px\u00bb header_2_font=\u00bb|600|||||||\u00bb text_orientation=\u00bbcenter\u00bb background_layout=\u00bbdark\u00bb custom_margin=\u00bb||10px||false|false\u00bb global_colors_info=\u00bb{}\u00bb]<\/p>\n<h3>Letras manuscritas de canciones de Kaleo<\/h3>\n<p>[\/et_pb_text][et_pb_image src=\u00bbhttps:\/\/www.matts-guitar-shop.com\/wp-content\/uploads\/2025\/01\/way-down-wego-01.jpg\u00bb alt=\u00bb&lt;p&gt;Letras manuscritas de canciones de Kaleo&lt;\/p&gt;\u00bb title_text=\u00bbway-down-wego-01&#8243; _builder_version=\u00bb4.25.2&#8243; _module_preset=\u00bbdefault\u00bb global_colors_info=\u00bb{}\u00bb][\/et_pb_image][et_pb_text _builder_version=\u00bb4.25.2&#8243; _module_preset=\u00bbdefault\u00bb text_font_size=\u00bb16px\u00bb link_font=\u00bb|600|||on||||\u00bb link_text_color=\u00bb#FFFFFF\u00bb header_font=\u00bb|700|||||||\u00bb header_text_align=\u00bbcenter\u00bb header_font_size=\u00bb36px\u00bb header_2_font=\u00bb|600|||||||\u00bb text_orientation=\u00bbcenter\u00bb background_layout=\u00bbdark\u00bb custom_margin=\u00bb||10px||false|false\u00bb global_colors_info=\u00bb{}\u00bb]<\/p>\n<h3>Letras manuscritas de canciones de Kaleo<\/h3>\n<p>[\/et_pb_text][et_pb_image src=\u00bbhttps:\/\/www.matts-guitar-shop.com\/wp-content\/uploads\/2025\/01\/Setlist-Aerosmith-Joe-Perry-01.jpg\u00bb alt=\u00bbSetlist de Aerosmith firmada por Joe Perry\u00bb title_text=\u00bbSetlist-Aerosmith-Joe-Perry-01&#8243; _builder_version=\u00bb4.25.2&#8243; _module_preset=\u00bbdefault\u00bb global_colors_info=\u00bb{}\u00bb][\/et_pb_image][\/et_pb_column][et_pb_column type=\u00bb1_3&#8243; _builder_version=\u00bb4.25.2&#8243; _module_preset=\u00bbdefault\u00bb global_colors_info=\u00bb{}\u00bb][et_pb_text _builder_version=\u00bb4.25.2&#8243; _module_preset=\u00bbdefault\u00bb text_font_size=\u00bb16px\u00bb link_font=\u00bb|600|||on||||\u00bb link_text_color=\u00bb#FFFFFF\u00bb header_font=\u00bb|700|||||||\u00bb header_text_align=\u00bbcenter\u00bb header_font_size=\u00bb36px\u00bb header_2_font=\u00bb|600|||||||\u00bb text_orientation=\u00bbcenter\u00bb background_layout=\u00bbdark\u00bb custom_margin=\u00bb||10px||false|false\u00bb global_colors_info=\u00bb{}\u00bb]<\/p>\n<h3>Setlist de Frank Zappa de los a\u00f1os 80 escrita por Steve Vai<\/h3>\n<p>[\/et_pb_text][et_pb_image src=\u00bbhttps:\/\/www.matts-guitar-shop.com\/wp-content\/uploads\/2025\/01\/frank-zappa-setlist-01.jpg\u00bb alt=\u00bbSetlist de Frank Zappa de los a\u00f1os 80 escrita por Steve Vai\u00bb title_text=\u00bbfrank-zappa-setlist-01&#8243; show_in_lightbox=\u00bbon\u00bb _builder_version=\u00bb4.25.2&#8243; _module_preset=\u00bbdefault\u00bb global_colors_info=\u00bb{}\u00bb][\/et_pb_image][et_pb_text _builder_version=\u00bb4.25.2&#8243; _module_preset=\u00bbdefault\u00bb text_font_size=\u00bb16px\u00bb link_font=\u00bb|600|||on||||\u00bb link_text_color=\u00bb#FFFFFF\u00bb header_font=\u00bb|700|||||||\u00bb header_text_align=\u00bbcenter\u00bb header_font_size=\u00bb36px\u00bb header_2_font=\u00bb|600|||||||\u00bb text_orientation=\u00bbcenter\u00bb background_layout=\u00bbdark\u00bb custom_margin=\u00bb||10px||false|false\u00bb global_colors_info=\u00bb{}\u00bb]<\/p>\n<h3>Impresi\u00f3n fotogr\u00e1fica firmada de Yungblud y los Sex Pistols<\/h3>\n<p>[\/et_pb_text][et_pb_image src=\u00bbhttps:\/\/www.matts-guitar-shop.com\/wp-content\/uploads\/2025\/01\/tirage-yungblud-01.jpg\u00bb alt=\u00bbImpresi\u00f3n fotogr\u00e1fica firmada de Yungblud y los Sex Pistols\u00bb title_text=\u00bbtirage-yungblud-01&#8243; show_in_lightbox=\u00bbon\u00bb _builder_version=\u00bb4.25.2&#8243; _module_preset=\u00bbdefault\u00bb global_colors_info=\u00bb{}\u00bb][\/et_pb_image][et_pb_text _builder_version=\u00bb4.25.2&#8243; _module_preset=\u00bbdefault\u00bb text_font_size=\u00bb16px\u00bb link_font=\u00bb|600|||on||||\u00bb link_text_color=\u00bb#FFFFFF\u00bb header_font=\u00bb|700|||||||\u00bb header_text_align=\u00bbcenter\u00bb header_font_size=\u00bb36px\u00bb header_2_font=\u00bb|600|||||||\u00bb text_orientation=\u00bbcenter\u00bb background_layout=\u00bbdark\u00bb custom_margin=\u00bb||10px||false|false\u00bb global_colors_info=\u00bb{}\u00bb]<\/p>\n<h3>Impresi\u00f3n fotogr\u00e1fica de Billie Joe Armstrong y los Sex Pistols<\/h3>\n<p>[\/et_pb_text][et_pb_image src=\u00bbhttps:\/\/www.matts-guitar-shop.com\/wp-content\/uploads\/2025\/01\/billie-joe-armstrong-01.jpg\u00bb alt=\u00bbImpresi\u00f3n fotogr\u00e1fica de Billie Joe Armstrong y los Sex Pistols\u00bb title_text=\u00bbbillie-joe-armstrong-01&#8243; show_in_lightbox=\u00bbon\u00bb _builder_version=\u00bb4.25.2&#8243; _module_preset=\u00bbdefault\u00bb global_colors_info=\u00bb{}\u00bb][\/et_pb_image][\/et_pb_column][et_pb_column type=\u00bb1_3&#8243; _builder_version=\u00bb4.25.2&#8243; _module_preset=\u00bbdefault\u00bb global_colors_info=\u00bb{}\u00bb][et_pb_text _builder_version=\u00bb4.25.2&#8243; _module_preset=\u00bbdefault\u00bb text_font_size=\u00bb16px\u00bb link_font=\u00bb|600|||on||||\u00bb link_text_color=\u00bb#FFFFFF\u00bb header_font=\u00bb|700|||||||\u00bb header_text_align=\u00bbcenter\u00bb header_font_size=\u00bb36px\u00bb header_2_font=\u00bb|600|||||||\u00bb text_orientation=\u00bbcenter\u00bb background_layout=\u00bbdark\u00bb custom_margin=\u00bb||10px||false|false\u00bb global_colors_info=\u00bb{}\u00bb]<\/p>\n<h3>Impresi\u00f3n fotogr\u00e1fica de Eric Clapton y Ronnie Wood por Bruno Ducourant<\/h3>\n<p>[\/et_pb_text][et_pb_image src=\u00bbhttps:\/\/www.matts-guitar-shop.com\/wp-content\/uploads\/2025\/01\/clapton-wood-tirage-01.jpg\u00bb alt=\u00bbImpresi\u00f3n fotogr\u00e1fica de Eric Clapton y Ronnie Wood por Bruno Ducourant\u00bb title_text=\u00bbclapton-wood-tirage-01&#8243; show_in_lightbox=\u00bbon\u00bb _builder_version=\u00bb4.25.2&#8243; _module_preset=\u00bbdefault\u00bb global_colors_info=\u00bb{}\u00bb][\/et_pb_image][et_pb_text _builder_version=\u00bb4.25.2&#8243; _module_preset=\u00bbdefault\u00bb text_font_size=\u00bb16px\u00bb link_font=\u00bb|600|||on||||\u00bb link_text_color=\u00bb#FFFFFF\u00bb header_font=\u00bb|700|||||||\u00bb header_text_align=\u00bbcenter\u00bb header_font_size=\u00bb36px\u00bb header_2_font=\u00bb|600|||||||\u00bb text_orientation=\u00bbcenter\u00bb background_layout=\u00bbdark\u00bb custom_margin=\u00bb||10px||false|false\u00bb global_colors_info=\u00bb{}\u00bb]<\/p>\n<h3>Marco de la colecci\u00f3n Dusty Hill ZZ Top<\/h3>\n<p>[\/et_pb_text][et_pb_image src=\u00bbhttps:\/\/www.matts-guitar-shop.com\/wp-content\/uploads\/2025\/01\/cadre-zztop-01.jpg\u00bb alt=\u00bbMarco de la colecci\u00f3n Dusty Hill ZZ Top\u00bb title_text=\u00bbcadre-zztop-01&#8243; _builder_version=\u00bb4.25.2&#8243; _module_preset=\u00bbdefault\u00bb global_colors_info=\u00bb{}\u00bb][\/et_pb_image][\/et_pb_column][\/et_pb_row][\/et_pb_section]<\/p>\n","protected":false},"excerpt":{"rendered":"<p>Fotos y recuerdosMatt\u2019s Guitar Shop est\u00e1 guiado por una inmensa pasi\u00f3n por la m\u00fasica y el rock. Apasionado por los instrumentos excepcionales que han escrito la historia, tambi\u00e9n est\u00e1 fascinado por los testimonios materiales de esos grandes momentos musicales. Desde setlists originales hasta manuscritos, pasando por p\u00faas y copias fotogr\u00e1ficas de \u00e9poca, estos objetos de [&hellip;]<\/p>\n","protected":false},"author":2,"featured_media":0,"parent":0,"menu_order":0,"comment_status":"closed","ping_status":"closed","template":"","meta":{"_et_pb_use_builder":"on","_et_pb_old_content":"","_et_gb_content_width":"","footnotes":""},"class_list":["post-17150","page","type-page","status-publish","hentry"],"yoast_head":"<!-- This site is optimized with the Yoast SEO plugin v26.8 - https:\/\/yoast.com\/product\/yoast-seo-wordpress\/ -->\n<title>Fotos y recuerdos - Matt&#039;s Guitar Shop<\/title>\n<meta name=\"robots\" content=\"index, follow, max-snippet:-1, max-image-preview:large, max-video-preview:-1\" \/>\n<link rel=\"canonical\" href=\"https:\/\/www.matts-guitar-shop.com\/es\/fotos-y-recuerdos\/\" \/>\n<meta property=\"og:locale\" content=\"es_ES\" \/>\n<meta property=\"og:type\" content=\"article\" \/>\n<meta property=\"og:title\" content=\"Fotos y recuerdos - Matt&#039;s Guitar Shop\" \/>\n<meta property=\"og:description\" content=\"Fotos y recuerdosMatt\u2019s Guitar Shop est\u00e1 guiado por una inmensa pasi\u00f3n por la m\u00fasica y el rock. Apasionado por los instrumentos excepcionales que han escrito la historia, tambi\u00e9n est\u00e1 fascinado por los testimonios materiales de esos grandes momentos musicales. Desde setlists originales hasta manuscritos, pasando por p\u00faas y copias fotogr\u00e1ficas de \u00e9poca, estos objetos de [&hellip;]\" \/>\n<meta property=\"og:url\" content=\"https:\/\/www.matts-guitar-shop.com\/es\/fotos-y-recuerdos\/\" \/>\n<meta property=\"og:site_name\" content=\"Matt&#039;s Guitar Shop\" \/>\n<meta property=\"article:publisher\" content=\"https:\/\/www.facebook.com\/profile.php?id=100044359842817\" \/>\n<meta property=\"article:modified_time\" content=\"2026-03-07T01:37:42+00:00\" \/>\n<meta name=\"twitter:card\" content=\"summary_large_image\" \/>\n<meta name=\"twitter:label1\" content=\"Tiempo de lectura\" \/>\n\t<meta name=\"twitter:data1\" content=\"7 minutos\" \/>\n<script type=\"application\/ld+json\" class=\"yoast-schema-graph\">{\"@context\":\"https:\/\/schema.org\",\"@graph\":[{\"@type\":\"WebPage\",\"@id\":\"https:\/\/www.matts-guitar-shop.com\/es\/fotos-y-recuerdos\/\",\"url\":\"https:\/\/www.matts-guitar-shop.com\/es\/fotos-y-recuerdos\/\",\"name\":\"Fotos y recuerdos - Matt&#039;s Guitar Shop\",\"isPartOf\":{\"@id\":\"https:\/\/www.matts-guitar-shop.com\/es\/#website\"},\"datePublished\":\"2024-12-22T21:10:21+00:00\",\"dateModified\":\"2026-03-07T01:37:42+00:00\",\"breadcrumb\":{\"@id\":\"https:\/\/www.matts-guitar-shop.com\/es\/fotos-y-recuerdos\/#breadcrumb\"},\"inLanguage\":\"es\",\"potentialAction\":[{\"@type\":\"ReadAction\",\"target\":[\"https:\/\/www.matts-guitar-shop.com\/es\/fotos-y-recuerdos\/\"]}]},{\"@type\":\"BreadcrumbList\",\"@id\":\"https:\/\/www.matts-guitar-shop.com\/es\/fotos-y-recuerdos\/#breadcrumb\",\"itemListElement\":[{\"@type\":\"ListItem\",\"position\":1,\"name\":\"Inicio\",\"item\":\"https:\/\/www.matts-guitar-shop.com\/es\/\"},{\"@type\":\"ListItem\",\"position\":2,\"name\":\"Fotos y recuerdos\"}]},{\"@type\":\"WebSite\",\"@id\":\"https:\/\/www.matts-guitar-shop.com\/es\/#website\",\"url\":\"https:\/\/www.matts-guitar-shop.com\/es\/\",\"name\":\"matts-guitar-shop.com\",\"description\":\"Guitar Shop\",\"publisher\":{\"@id\":\"https:\/\/www.matts-guitar-shop.com\/es\/#organization\"},\"potentialAction\":[{\"@type\":\"SearchAction\",\"target\":{\"@type\":\"EntryPoint\",\"urlTemplate\":\"https:\/\/www.matts-guitar-shop.com\/es\/?s={search_term_string}\"},\"query-input\":{\"@type\":\"PropertyValueSpecification\",\"valueRequired\":true,\"valueName\":\"search_term_string\"}}],\"inLanguage\":\"es\"},{\"@type\":\"Organization\",\"@id\":\"https:\/\/www.matts-guitar-shop.com\/es\/#organization\",\"name\":\"matts-guitar-shop.com\",\"url\":\"https:\/\/www.matts-guitar-shop.com\/es\/\",\"logo\":{\"@type\":\"ImageObject\",\"inLanguage\":\"es\",\"@id\":\"https:\/\/www.matts-guitar-shop.com\/es\/#\/schema\/logo\/image\/\",\"url\":\"https:\/\/www.matts-guitar-shop.com\/wp-content\/uploads\/2024\/09\/MGS-logo-site-02.png\",\"contentUrl\":\"https:\/\/www.matts-guitar-shop.com\/wp-content\/uploads\/2024\/09\/MGS-logo-site-02.png\",\"width\":200,\"height\":122,\"caption\":\"matts-guitar-shop.com\"},\"image\":{\"@id\":\"https:\/\/www.matts-guitar-shop.com\/es\/#\/schema\/logo\/image\/\"},\"sameAs\":[\"https:\/\/www.facebook.com\/profile.php?id=100044359842817\",\"https:\/\/www.instagram.com\/mattsguitarshop\/\",\"https:\/\/www.youtube.com\/@MattLucasMan\/videos\"]}]}<\/script>\n<!-- \/ Yoast SEO plugin. -->","yoast_head_json":{"title":"Fotos y recuerdos - Matt&#039;s Guitar Shop","robots":{"index":"index","follow":"follow","max-snippet":"max-snippet:-1","max-image-preview":"max-image-preview:large","max-video-preview":"max-video-preview:-1"},"canonical":"https:\/\/www.matts-guitar-shop.com\/es\/fotos-y-recuerdos\/","og_locale":"es_ES","og_type":"article","og_title":"Fotos y recuerdos - Matt&#039;s Guitar Shop","og_description":"Fotos y recuerdosMatt\u2019s Guitar Shop est\u00e1 guiado por una inmensa pasi\u00f3n por la m\u00fasica y el rock. Apasionado por los instrumentos excepcionales que han escrito la historia, tambi\u00e9n est\u00e1 fascinado por los testimonios materiales de esos grandes momentos musicales. Desde setlists originales hasta manuscritos, pasando por p\u00faas y copias fotogr\u00e1ficas de \u00e9poca, estos objetos de [&hellip;]","og_url":"https:\/\/www.matts-guitar-shop.com\/es\/fotos-y-recuerdos\/","og_site_name":"Matt&#039;s Guitar Shop","article_publisher":"https:\/\/www.facebook.com\/profile.php?id=100044359842817","article_modified_time":"2026-03-07T01:37:42+00:00","twitter_card":"summary_large_image","twitter_misc":{"Tiempo de lectura":"7 minutos"},"schema":{"@context":"https:\/\/schema.org","@graph":[{"@type":"WebPage","@id":"https:\/\/www.matts-guitar-shop.com\/es\/fotos-y-recuerdos\/","url":"https:\/\/www.matts-guitar-shop.com\/es\/fotos-y-recuerdos\/","name":"Fotos y recuerdos - Matt&#039;s Guitar Shop","isPartOf":{"@id":"https:\/\/www.matts-guitar-shop.com\/es\/#website"},"datePublished":"2024-12-22T21:10:21+00:00","dateModified":"2026-03-07T01:37:42+00:00","breadcrumb":{"@id":"https:\/\/www.matts-guitar-shop.com\/es\/fotos-y-recuerdos\/#breadcrumb"},"inLanguage":"es","potentialAction":[{"@type":"ReadAction","target":["https:\/\/www.matts-guitar-shop.com\/es\/fotos-y-recuerdos\/"]}]},{"@type":"BreadcrumbList","@id":"https:\/\/www.matts-guitar-shop.com\/es\/fotos-y-recuerdos\/#breadcrumb","itemListElement":[{"@type":"ListItem","position":1,"name":"Inicio","item":"https:\/\/www.matts-guitar-shop.com\/es\/"},{"@type":"ListItem","position":2,"name":"Fotos y recuerdos"}]},{"@type":"WebSite","@id":"https:\/\/www.matts-guitar-shop.com\/es\/#website","url":"https:\/\/www.matts-guitar-shop.com\/es\/","name":"matts-guitar-shop.com","description":"Guitar Shop","publisher":{"@id":"https:\/\/www.matts-guitar-shop.com\/es\/#organization"},"potentialAction":[{"@type":"SearchAction","target":{"@type":"EntryPoint","urlTemplate":"https:\/\/www.matts-guitar-shop.com\/es\/?s={search_term_string}"},"query-input":{"@type":"PropertyValueSpecification","valueRequired":true,"valueName":"search_term_string"}}],"inLanguage":"es"},{"@type":"Organization","@id":"https:\/\/www.matts-guitar-shop.com\/es\/#organization","name":"matts-guitar-shop.com","url":"https:\/\/www.matts-guitar-shop.com\/es\/","logo":{"@type":"ImageObject","inLanguage":"es","@id":"https:\/\/www.matts-guitar-shop.com\/es\/#\/schema\/logo\/image\/","url":"https:\/\/www.matts-guitar-shop.com\/wp-content\/uploads\/2024\/09\/MGS-logo-site-02.png","contentUrl":"https:\/\/www.matts-guitar-shop.com\/wp-content\/uploads\/2024\/09\/MGS-logo-site-02.png","width":200,"height":122,"caption":"matts-guitar-shop.com"},"image":{"@id":"https:\/\/www.matts-guitar-shop.com\/es\/#\/schema\/logo\/image\/"},"sameAs":["https:\/\/www.facebook.com\/profile.php?id=100044359842817","https:\/\/www.instagram.com\/mattsguitarshop\/","https:\/\/www.youtube.com\/@MattLucasMan\/videos"]}]}},"_links":{"self":[{"href":"https:\/\/www.matts-guitar-shop.com\/es\/wp-json\/wp\/v2\/pages\/17150","targetHints":{"allow":["GET"]}}],"collection":[{"href":"https:\/\/www.matts-guitar-shop.com\/es\/wp-json\/wp\/v2\/pages"}],"about":[{"href":"https:\/\/www.matts-guitar-shop.com\/es\/wp-json\/wp\/v2\/types\/page"}],"author":[{"embeddable":true,"href":"https:\/\/www.matts-guitar-shop.com\/es\/wp-json\/wp\/v2\/users\/2"}],"replies":[{"embeddable":true,"href":"https:\/\/www.matts-guitar-shop.com\/es\/wp-json\/wp\/v2\/comments?post=17150"}],"version-history":[{"count":4,"href":"https:\/\/www.matts-guitar-shop.com\/es\/wp-json\/wp\/v2\/pages\/17150\/revisions"}],"predecessor-version":[{"id":29254,"href":"https:\/\/www.matts-guitar-shop.com\/es\/wp-json\/wp\/v2\/pages\/17150\/revisions\/29254"}],"wp:attachment":[{"href":"https:\/\/www.matts-guitar-shop.com\/es\/wp-json\/wp\/v2\/media?parent=17150"}],"curies":[{"name":"wp","href":"https:\/\/api.w.org\/{rel}","templated":true}]}}