{"id":17142,"date":"2025-02-20T06:44:24","date_gmt":"2025-02-20T05:44:24","guid":{"rendered":"https:\/\/www.matts-guitar-shop.com\/aviso-legal\/"},"modified":"2025-08-10T14:06:35","modified_gmt":"2025-08-10T12:06:35","slug":"aviso-legal","status":"publish","type":"page","link":"https:\/\/www.matts-guitar-shop.com\/es\/aviso-legal\/","title":{"rendered":"Aviso legal"},"content":{"rendered":"<p>[et_pb_section fb_built=\u00bb1&#8243; _builder_version=\u00bb4.25.2&#8243; _module_preset=\u00bbdefault\u00bb background_color=\u00bb#000000&#8243; top_divider_style=\u00bbarrow2&#8243; top_divider_color=\u00bb#d0a957&#8243; top_divider_height=\u00bb12px\u00bb bottom_divider_style=\u00bbarrow2&#8243; bottom_divider_color=\u00bbgcid-heading-color\u00bb bottom_divider_height=\u00bb12px\u00bb bottom_divider_flip=\u00bbvertical\u00bb global_colors_info=\u00bb{%22gcid-heading-color%22:%91%22bottom_divider_color%22,%22bottom_divider_color%22%93}\u00bb][et_pb_row _builder_version=\u00bb4.25.2&#8243; _module_preset=\u00bbdefault\u00bb global_colors_info=\u00bb{}\u00bb][et_pb_column type=\u00bb4_4&#8243; _builder_version=\u00bb4.25.2&#8243; _module_preset=\u00bbdefault\u00bb global_colors_info=\u00bb{}\u00bb][et_pb_text _builder_version=\u00bb4.25.2&#8243; _module_preset=\u00bbdefault\u00bb header_font=\u00bb|700|||||||\u00bb header_text_align=\u00bbcenter\u00bb header_font_size=\u00bb36px\u00bb background_layout=\u00bbdark\u00bb hover_enabled=\u00bb0&#8243; global_colors_info=\u00bb{}\u00bb sticky_enabled=\u00bb0&#8243;]<\/p>\n<h1>Aviso legal<\/h1>\n<p>[\/et_pb_text][et_pb_text _builder_version=\u00bb4.25.2&#8243; _module_preset=\u00bbdefault\u00bb text_font_size=\u00bb16px\u00bb link_text_color=\u00bb#FFFFFF\u00bb header_font=\u00bb|700|||||||\u00bb header_text_align=\u00bbcenter\u00bb header_font_size=\u00bb36px\u00bb background_layout=\u00bbdark\u00bb hover_enabled=\u00bb0&#8243; global_colors_info=\u00bb{}\u00bb sticky_enabled=\u00bb0&#8243; border_width_bottom=\u00bb1px\u00bb custom_margin=\u00bb||||false|false\u00bb custom_padding=\u00bb||3%||false|false\u00bb]<\/p>\n<h2>Propietario del sitio &amp; Responsable de la publicaci\u00f3n<\/h2>\n<p><\/p>\n<p><strong>MGS<\/strong><br \/>La Noria<br \/>806 route d\u2019Antibes, 06410 Biot, Francia<br \/>(Showroom en Par\u00eds)<br \/>Tel.: +33 6 71 96 92 17<br \/>Correo: <a href=\"mailto:contact@matts-guitar-shop.com\">contact@matts-guitar-shop.com<\/a><\/p>\n<p><\/p>\n<p><strong>Responsable de publicaci\u00f3n:<\/strong> Matthieu Lucas<\/p>\n<p>[\/et_pb_text][et_pb_text _builder_version=\u00bb4.25.2&#8243; _module_preset=\u00bbdefault\u00bb text_font_size=\u00bb16px\u00bb link_text_color=\u00bb#FFFFFF\u00bb header_font=\u00bb|700|||||||\u00bb header_text_align=\u00bbcenter\u00bb header_font_size=\u00bb36px\u00bb background_layout=\u00bbdark\u00bb global_colors_info=\u00bb{}\u00bb sticky_enabled=\u00bb0&#8243; border_width_bottom=\u00bb1px\u00bb custom_margin=\u00bb||||false|false\u00bb custom_padding=\u00bb||3%||false|false\u00bb]<\/p>\n<h2>Alojamiento del sitio<\/h2>\n<p><\/p>\n<p>OVH<br \/>2 rue Kellermann, 59100 Roubaix, Francia<br \/>Sitio web: www.ovh.com<\/p>\n<p>[\/et_pb_text][et_pb_text _builder_version=\u00bb4.25.2&#8243; _module_preset=\u00bbdefault\u00bb text_font_size=\u00bb16px\u00bb link_text_color=\u00bb#FFFFFF\u00bb header_font=\u00bb|700|||||||\u00bb header_text_align=\u00bbcenter\u00bb header_font_size=\u00bb36px\u00bb background_layout=\u00bbdark\u00bb global_colors_info=\u00bb{}\u00bb sticky_enabled=\u00bb0&#8243; border_width_bottom=\u00bb1px\u00bb custom_margin=\u00bb||||false|false\u00bb custom_padding=\u00bb||3%||false|false\u00bb]<\/p>\n<h2>Derechos de autor y propiedad intelectual<\/h2>\n<p><\/p>\n<p>Todo el contenido del sitio <a href=\"https:\/\/www.matts-guitar-shop.com\/es\/\">www.matts-guitar-shop.com<\/a> (textos, im\u00e1genes, logotipos, videos, elementos gr\u00e1ficos, estructura, dise\u00f1o, bases de datos, etc.) es propiedad exclusiva de <strong>Matt\u2019s Guitar Shop<\/strong> o de sus socios y est\u00e1 protegido por la legislaci\u00f3n sobre propiedad intelectual.<\/p>\n<p><\/p>\n<p>Cualquier reproducci\u00f3n, distribuci\u00f3n, modificaci\u00f3n o explotaci\u00f3n, total o parcial, del contenido del sitio sin autorizaci\u00f3n previa por escrito est\u00e1 estrictamente prohibida y podr\u00eda dar lugar a acciones legales.<\/p>\n<p><\/p>\n<p>Las marcas y logotipos que aparecen en este sitio son marcas registradas. Cualquier uso no autorizado est\u00e1 prohibido.<\/p>\n<p>[\/et_pb_text][et_pb_text _builder_version=\u00bb4.25.2&#8243; _module_preset=\u00bbdefault\u00bb text_font_size=\u00bb16px\u00bb link_text_color=\u00bb#FFFFFF\u00bb header_font=\u00bb|700|||||||\u00bb header_text_align=\u00bbcenter\u00bb header_font_size=\u00bb36px\u00bb background_layout=\u00bbdark\u00bb global_colors_info=\u00bb{}\u00bb sticky_enabled=\u00bb0&#8243; border_width_bottom=\u00bb1px\u00bb custom_margin=\u00bb||||false|false\u00bb custom_padding=\u00bb||3%||false|false\u00bb]<\/p>\n<h2>Responsabilidad<\/h2>\n<p><\/p>\n<p>La informaci\u00f3n difundida en este sitio se proporciona solo con fines informativos. <strong>Matt\u2019s Guitar Shop<\/strong> hace todo lo posible para garantizar la exactitud y actualizaci\u00f3n de la informaci\u00f3n, pero no puede ser responsable en caso de error, omisi\u00f3n o informaci\u00f3n obsoleta.<\/p>\n<p><\/p>\n<p>El usuario es el \u00fanico responsable del uso que haga de la informaci\u00f3n presente en el sitio. <strong>Matt\u2019s Guitar Shop<\/strong> no puede ser responsable por da\u00f1os directos o indirectos derivados del acceso o uso del sitio.<\/p>\n<p><\/p>\n<p>Los enlaces presentes en este sitio pueden redirigir a otros sitios externos. <strong>Matt\u2019s Guitar Shop<\/strong> no ejerce control sobre estos sitios y no puede ser responsable de su contenido.<\/p>\n<p>[\/et_pb_text][et_pb_text _builder_version=\u00bb4.25.2&#8243; _module_preset=\u00bbdefault\u00bb text_font_size=\u00bb16px\u00bb link_text_color=\u00bb#FFFFFF\u00bb header_font=\u00bb|700|||||||\u00bb header_text_align=\u00bbcenter\u00bb header_font_size=\u00bb36px\u00bb background_layout=\u00bbdark\u00bb global_colors_info=\u00bb{}\u00bb sticky_enabled=\u00bb0&#8243; border_width_bottom=\u00bb1px\u00bb custom_margin=\u00bb||||false|false\u00bb custom_padding=\u00bb||3%||false|false\u00bb]<\/p>\n<h2>Protecci\u00f3n de datos personales<\/h2>\n<p><\/p>\n<p>El sitio <a href=\"https:\/\/www.matts-guitar-shop.com\/es\/\">www.matts-guitar-shop.com<\/a> puede recopilar algunos datos personales de los usuarios (nombre, apellido, direcci\u00f3n, tel\u00e9fono, correo electr\u00f3nico) en el marco de formularios de contacto, pedidos o suscripciones al bolet\u00edn.<\/p>\n<p><\/p>\n<p>Estos datos est\u00e1n protegidos y solo son accesibles para los empleados de Matt\u2019s Guitar Shop y sus proveedores t\u00e9cnicos dentro del \u00e1mbito estricto de su misi\u00f3n.<\/p>\n<p><\/p>\n<p>De acuerdo con el Reglamento General de Protecci\u00f3n de Datos (RGPD), usted tiene derecho a acceder, rectificar y eliminar sus datos personales.<\/p>\n<p><\/p>\n<p>Puede ejercer estos derechos contact\u00e1ndonos en:<br \/>\ud83d\udce7 <a href=\"mailto:contact@matts-guitar-shop.com\">contact@matts-guitar-shop.com<\/a><br \/>\ud83d\udccd <strong>MGS &#8211; La Noria, 806 route d\u2019Antibes, 06410 Biot, Francia<\/strong><\/p>\n<p><\/p>\n<p>Tambi\u00e9n puede darse de baja de nuestras comunicaciones haciendo clic en el enlace de cancelaci\u00f3n de suscripci\u00f3n que aparece en nuestros correos electr\u00f3nicos.<\/p>\n<p>[\/et_pb_text][et_pb_text _builder_version=\u00bb4.25.2&#8243; _module_preset=\u00bbdefault\u00bb text_font_size=\u00bb16px\u00bb link_text_color=\u00bb#FFFFFF\u00bb header_font=\u00bb|700|||||||\u00bb header_text_align=\u00bbcenter\u00bb header_font_size=\u00bb36px\u00bb background_layout=\u00bbdark\u00bb global_colors_info=\u00bb{}\u00bb sticky_enabled=\u00bb0&#8243; border_width_bottom=\u00bb1px\u00bb custom_margin=\u00bb||||false|false\u00bb custom_padding=\u00bb||3%||false|false\u00bb]<\/p>\n<h2>Cookies<\/h2>\n<p><\/p>\n<p>El sitio <a href=\"https:\/\/www.matts-guitar-shop.com\/es\/\">www.matts-guitar-shop.com<\/a> utiliza cookies para mejorar la experiencia del usuario y analizar la afluencia del sitio.<\/p>\n<p><\/p>\n<p>El usuario puede desactivar las cookies en cualquier momento a trav\u00e9s de la configuraci\u00f3n de su navegador.<\/p>\n<p>[\/et_pb_text][et_pb_text _builder_version=\u00bb4.25.2&#8243; _module_preset=\u00bbdefault\u00bb text_font_size=\u00bb16px\u00bb link_text_color=\u00bb#FFFFFF\u00bb header_font=\u00bb|700|||||||\u00bb header_text_align=\u00bbcenter\u00bb header_font_size=\u00bb36px\u00bb background_layout=\u00bbdark\u00bb global_colors_info=\u00bb{}\u00bb sticky_enabled=\u00bb0&#8243; border_width_bottom=\u00bb1px\u00bb custom_margin=\u00bb||||false|false\u00bb custom_padding=\u00bb||3%||false|false\u00bb]<\/p>\n<h2>Ley aplicable y jurisdicci\u00f3n<\/h2>\n<p><\/p>\n<p>Estas menciones legales est\u00e1n sujetas a la ley francesa. En caso de disputa, los tribunales competentes ser\u00e1n los del domicilio social de <strong>Matt\u2019s Guitar Shop<\/strong>, salvo disposiciones legales en contrario.<\/p>\n<p>[\/et_pb_text][et_pb_text _builder_version=\u00bb4.25.2&#8243; _module_preset=\u00bbdefault\u00bb text_font_size=\u00bb16px\u00bb link_text_color=\u00bb#FFFFFF\u00bb header_font=\u00bb|700|||||||\u00bb header_text_align=\u00bbcenter\u00bb header_font_size=\u00bb36px\u00bb background_layout=\u00bbdark\u00bb global_colors_info=\u00bb{}\u00bb sticky_enabled=\u00bb0&#8243; border_width_bottom=\u00bb1px\u00bb custom_margin=\u00bb||||false|false\u00bb custom_padding=\u00bb||3%||false|false\u00bb]<\/p>\n<h2>Contacto<\/h2>\n<p><\/p>\n<p>Para cualquier pregunta relacionada con estas menciones legales:<br \/>\ud83d\udce7 <a href=\"mailto:contact@matts-guitar-shop.com\">contact@matts-guitar-shop.com<\/a><\/p>\n<p>[\/et_pb_text][\/et_pb_column][\/et_pb_row][\/et_pb_section]<\/p>\n","protected":false},"excerpt":{"rendered":"<p>Aviso legalPropietario del sitio &amp; Responsable de la publicaci\u00f3nMGSLa Noria806 route d\u2019Antibes, 06410 Biot, Francia(Showroom en Par\u00eds)Tel.: +33 6 71 96 92 17Correo: contact@matts-guitar-shop.comResponsable de publicaci\u00f3n: Matthieu LucasAlojamiento del sitioOVH2 rue Kellermann, 59100 Roubaix, FranciaSitio web: www.ovh.comDerechos de autor y propiedad intelectualTodo el contenido del sitio www.matts-guitar-shop.com (textos, im\u00e1genes, logotipos, videos, elementos gr\u00e1ficos, estructura, dise\u00f1o, [&hellip;]<\/p>\n","protected":false},"author":2,"featured_media":0,"parent":0,"menu_order":0,"comment_status":"closed","ping_status":"closed","template":"","meta":{"_et_pb_use_builder":"on","_et_pb_old_content":"","_et_gb_content_width":"","footnotes":""},"class_list":["post-17142","page","type-page","status-publish","hentry"],"yoast_head":"<!-- This site is optimized with the Yoast SEO plugin v26.8 - https:\/\/yoast.com\/product\/yoast-seo-wordpress\/ -->\n<title>Aviso legal - Matt&#039;s Guitar Shop<\/title>\n<meta name=\"robots\" content=\"index, follow, max-snippet:-1, max-image-preview:large, max-video-preview:-1\" \/>\n<link rel=\"canonical\" href=\"https:\/\/www.matts-guitar-shop.com\/es\/aviso-legal\/\" \/>\n<meta property=\"og:locale\" content=\"es_ES\" \/>\n<meta property=\"og:type\" content=\"article\" \/>\n<meta property=\"og:title\" content=\"Aviso legal - Matt&#039;s Guitar Shop\" \/>\n<meta property=\"og:description\" content=\"Aviso legalPropietario del sitio &amp; Responsable de la publicaci\u00f3nMGSLa Noria806 route d\u2019Antibes, 06410 Biot, Francia(Showroom en Par\u00eds)Tel.: +33 6 71 96 92 17Correo: contact@matts-guitar-shop.comResponsable de publicaci\u00f3n: Matthieu LucasAlojamiento del sitioOVH2 rue Kellermann, 59100 Roubaix, FranciaSitio web: www.ovh.comDerechos de autor y propiedad intelectualTodo el contenido del sitio www.matts-guitar-shop.com (textos, im\u00e1genes, logotipos, videos, elementos gr\u00e1ficos, estructura, dise\u00f1o, [&hellip;]\" \/>\n<meta property=\"og:url\" content=\"https:\/\/www.matts-guitar-shop.com\/es\/aviso-legal\/\" \/>\n<meta property=\"og:site_name\" content=\"Matt&#039;s Guitar Shop\" \/>\n<meta property=\"article:publisher\" content=\"https:\/\/www.facebook.com\/profile.php?id=100044359842817\" \/>\n<meta property=\"article:modified_time\" content=\"2025-08-10T12:06:35+00:00\" \/>\n<meta name=\"twitter:card\" content=\"summary_large_image\" \/>\n<meta name=\"twitter:label1\" content=\"Tiempo de lectura\" \/>\n\t<meta name=\"twitter:data1\" content=\"5 minutos\" \/>\n<script type=\"application\/ld+json\" class=\"yoast-schema-graph\">{\"@context\":\"https:\/\/schema.org\",\"@graph\":[{\"@type\":\"WebPage\",\"@id\":\"https:\/\/www.matts-guitar-shop.com\/es\/aviso-legal\/\",\"url\":\"https:\/\/www.matts-guitar-shop.com\/es\/aviso-legal\/\",\"name\":\"Aviso legal - Matt&#039;s Guitar Shop\",\"isPartOf\":{\"@id\":\"https:\/\/www.matts-guitar-shop.com\/es\/#website\"},\"datePublished\":\"2025-02-20T05:44:24+00:00\",\"dateModified\":\"2025-08-10T12:06:35+00:00\",\"breadcrumb\":{\"@id\":\"https:\/\/www.matts-guitar-shop.com\/es\/aviso-legal\/#breadcrumb\"},\"inLanguage\":\"es\",\"potentialAction\":[{\"@type\":\"ReadAction\",\"target\":[\"https:\/\/www.matts-guitar-shop.com\/es\/aviso-legal\/\"]}]},{\"@type\":\"BreadcrumbList\",\"@id\":\"https:\/\/www.matts-guitar-shop.com\/es\/aviso-legal\/#breadcrumb\",\"itemListElement\":[{\"@type\":\"ListItem\",\"position\":1,\"name\":\"Inicio\",\"item\":\"https:\/\/www.matts-guitar-shop.com\/es\/\"},{\"@type\":\"ListItem\",\"position\":2,\"name\":\"Aviso legal\"}]},{\"@type\":\"WebSite\",\"@id\":\"https:\/\/www.matts-guitar-shop.com\/es\/#website\",\"url\":\"https:\/\/www.matts-guitar-shop.com\/es\/\",\"name\":\"matts-guitar-shop.com\",\"description\":\"Guitar Shop\",\"publisher\":{\"@id\":\"https:\/\/www.matts-guitar-shop.com\/es\/#organization\"},\"potentialAction\":[{\"@type\":\"SearchAction\",\"target\":{\"@type\":\"EntryPoint\",\"urlTemplate\":\"https:\/\/www.matts-guitar-shop.com\/es\/?s={search_term_string}\"},\"query-input\":{\"@type\":\"PropertyValueSpecification\",\"valueRequired\":true,\"valueName\":\"search_term_string\"}}],\"inLanguage\":\"es\"},{\"@type\":\"Organization\",\"@id\":\"https:\/\/www.matts-guitar-shop.com\/es\/#organization\",\"name\":\"matts-guitar-shop.com\",\"url\":\"https:\/\/www.matts-guitar-shop.com\/es\/\",\"logo\":{\"@type\":\"ImageObject\",\"inLanguage\":\"es\",\"@id\":\"https:\/\/www.matts-guitar-shop.com\/es\/#\/schema\/logo\/image\/\",\"url\":\"https:\/\/www.matts-guitar-shop.com\/wp-content\/uploads\/2024\/09\/MGS-logo-site-02.png\",\"contentUrl\":\"https:\/\/www.matts-guitar-shop.com\/wp-content\/uploads\/2024\/09\/MGS-logo-site-02.png\",\"width\":200,\"height\":122,\"caption\":\"matts-guitar-shop.com\"},\"image\":{\"@id\":\"https:\/\/www.matts-guitar-shop.com\/es\/#\/schema\/logo\/image\/\"},\"sameAs\":[\"https:\/\/www.facebook.com\/profile.php?id=100044359842817\",\"https:\/\/www.instagram.com\/mattsguitarshop\/\",\"https:\/\/www.youtube.com\/@MattLucasMan\/videos\"]}]}<\/script>\n<!-- \/ Yoast SEO plugin. -->","yoast_head_json":{"title":"Aviso legal - Matt&#039;s Guitar Shop","robots":{"index":"index","follow":"follow","max-snippet":"max-snippet:-1","max-image-preview":"max-image-preview:large","max-video-preview":"max-video-preview:-1"},"canonical":"https:\/\/www.matts-guitar-shop.com\/es\/aviso-legal\/","og_locale":"es_ES","og_type":"article","og_title":"Aviso legal - Matt&#039;s Guitar Shop","og_description":"Aviso legalPropietario del sitio &amp; Responsable de la publicaci\u00f3nMGSLa Noria806 route d\u2019Antibes, 06410 Biot, Francia(Showroom en Par\u00eds)Tel.: +33 6 71 96 92 17Correo: contact@matts-guitar-shop.comResponsable de publicaci\u00f3n: Matthieu LucasAlojamiento del sitioOVH2 rue Kellermann, 59100 Roubaix, FranciaSitio web: www.ovh.comDerechos de autor y propiedad intelectualTodo el contenido del sitio www.matts-guitar-shop.com (textos, im\u00e1genes, logotipos, videos, elementos gr\u00e1ficos, estructura, dise\u00f1o, [&hellip;]","og_url":"https:\/\/www.matts-guitar-shop.com\/es\/aviso-legal\/","og_site_name":"Matt&#039;s Guitar Shop","article_publisher":"https:\/\/www.facebook.com\/profile.php?id=100044359842817","article_modified_time":"2025-08-10T12:06:35+00:00","twitter_card":"summary_large_image","twitter_misc":{"Tiempo de lectura":"5 minutos"},"schema":{"@context":"https:\/\/schema.org","@graph":[{"@type":"WebPage","@id":"https:\/\/www.matts-guitar-shop.com\/es\/aviso-legal\/","url":"https:\/\/www.matts-guitar-shop.com\/es\/aviso-legal\/","name":"Aviso legal - Matt&#039;s Guitar Shop","isPartOf":{"@id":"https:\/\/www.matts-guitar-shop.com\/es\/#website"},"datePublished":"2025-02-20T05:44:24+00:00","dateModified":"2025-08-10T12:06:35+00:00","breadcrumb":{"@id":"https:\/\/www.matts-guitar-shop.com\/es\/aviso-legal\/#breadcrumb"},"inLanguage":"es","potentialAction":[{"@type":"ReadAction","target":["https:\/\/www.matts-guitar-shop.com\/es\/aviso-legal\/"]}]},{"@type":"BreadcrumbList","@id":"https:\/\/www.matts-guitar-shop.com\/es\/aviso-legal\/#breadcrumb","itemListElement":[{"@type":"ListItem","position":1,"name":"Inicio","item":"https:\/\/www.matts-guitar-shop.com\/es\/"},{"@type":"ListItem","position":2,"name":"Aviso legal"}]},{"@type":"WebSite","@id":"https:\/\/www.matts-guitar-shop.com\/es\/#website","url":"https:\/\/www.matts-guitar-shop.com\/es\/","name":"matts-guitar-shop.com","description":"Guitar Shop","publisher":{"@id":"https:\/\/www.matts-guitar-shop.com\/es\/#organization"},"potentialAction":[{"@type":"SearchAction","target":{"@type":"EntryPoint","urlTemplate":"https:\/\/www.matts-guitar-shop.com\/es\/?s={search_term_string}"},"query-input":{"@type":"PropertyValueSpecification","valueRequired":true,"valueName":"search_term_string"}}],"inLanguage":"es"},{"@type":"Organization","@id":"https:\/\/www.matts-guitar-shop.com\/es\/#organization","name":"matts-guitar-shop.com","url":"https:\/\/www.matts-guitar-shop.com\/es\/","logo":{"@type":"ImageObject","inLanguage":"es","@id":"https:\/\/www.matts-guitar-shop.com\/es\/#\/schema\/logo\/image\/","url":"https:\/\/www.matts-guitar-shop.com\/wp-content\/uploads\/2024\/09\/MGS-logo-site-02.png","contentUrl":"https:\/\/www.matts-guitar-shop.com\/wp-content\/uploads\/2024\/09\/MGS-logo-site-02.png","width":200,"height":122,"caption":"matts-guitar-shop.com"},"image":{"@id":"https:\/\/www.matts-guitar-shop.com\/es\/#\/schema\/logo\/image\/"},"sameAs":["https:\/\/www.facebook.com\/profile.php?id=100044359842817","https:\/\/www.instagram.com\/mattsguitarshop\/","https:\/\/www.youtube.com\/@MattLucasMan\/videos"]}]}},"_links":{"self":[{"href":"https:\/\/www.matts-guitar-shop.com\/es\/wp-json\/wp\/v2\/pages\/17142","targetHints":{"allow":["GET"]}}],"collection":[{"href":"https:\/\/www.matts-guitar-shop.com\/es\/wp-json\/wp\/v2\/pages"}],"about":[{"href":"https:\/\/www.matts-guitar-shop.com\/es\/wp-json\/wp\/v2\/types\/page"}],"author":[{"embeddable":true,"href":"https:\/\/www.matts-guitar-shop.com\/es\/wp-json\/wp\/v2\/users\/2"}],"replies":[{"embeddable":true,"href":"https:\/\/www.matts-guitar-shop.com\/es\/wp-json\/wp\/v2\/comments?post=17142"}],"version-history":[{"count":2,"href":"https:\/\/www.matts-guitar-shop.com\/es\/wp-json\/wp\/v2\/pages\/17142\/revisions"}],"predecessor-version":[{"id":17144,"href":"https:\/\/www.matts-guitar-shop.com\/es\/wp-json\/wp\/v2\/pages\/17142\/revisions\/17144"}],"wp:attachment":[{"href":"https:\/\/www.matts-guitar-shop.com\/es\/wp-json\/wp\/v2\/media?parent=17142"}],"curies":[{"name":"wp","href":"https:\/\/api.w.org\/{rel}","templated":true}]}}