{"id":17079,"date":"2024-07-04T15:01:07","date_gmt":"2024-07-04T13:01:07","guid":{"rendered":"https:\/\/www.matts-guitar-shop.com\/la-tienda\/"},"modified":"2026-03-07T03:43:52","modified_gmt":"2026-03-07T02:43:52","slug":"la-tienda","status":"publish","type":"page","link":"https:\/\/www.matts-guitar-shop.com\/es\/la-tienda\/","title":{"rendered":"La tienda"},"content":{"rendered":"<p>[et_pb_section fb_built=\u00bb1&#8243; fullwidth=\u00bbon\u00bb _builder_version=\u00bb4.25.2&#8243; _module_preset=\u00bbdefault\u00bb width=\u00bb100%\u00bb min_height=\u00bb100vh\u00bb locked=\u00bboff\u00bb global_colors_info=\u00bb{}\u00bb][et_pb_fullwidth_slider _builder_version=\u00bb4.25.2&#8243; _module_preset=\u00bbdefault\u00bb header_level=\u00bbh1&#8243; header_font=\u00bb|600|||||||\u00bb body_font=\u00bb||||||||\u00bb width=\u00bb100%\u00bb min_height=\u00bb100vh\u00bb auto=\u00bbon\u00bb auto_speed=\u00bb4500&#8243; auto_ignore_hover=\u00bbon\u00bb hover_transition_duration=\u00bb50ms\u00bb hover_transition_speed_curve=\u00bblinear\u00bb global_colors_info=\u00bb{}\u00bb][et_pb_slide heading=\u00bbLa tienda\u00bb _builder_version=\u00bb4.25.2&#8243; _module_preset=\u00bbdefault\u00bb header_level=\u00bbh1&#8243; header_font_size=\u00bb70px\u00bb body_font_size=\u00bb20px\u00bb background_enable_color=\u00bboff\u00bb background_image=\u00bbhttps:\/\/www.matts-guitar-shop.com\/wp-content\/uploads\/2025\/03\/slide-estimation-et-reprise-matts-guitar-shop-01.jpg\u00bb background_enable_image=\u00bbon\u00bb background_size=\u00bbcustom\u00bb header_font_size_tablet=\u00bb60px\u00bb header_font_size_phone=\u00bb32px\u00bb header_font_size_last_edited=\u00bbon|phone\u00bb body_font_size_tablet=\u00bb20px\u00bb body_font_size_phone=\u00bb16px\u00bb body_font_size_last_edited=\u00bbon|phone\u00bb global_colors_info=\u00bb{}\u00bb sticky_transition=\u00bbon\u00bb][\/et_pb_slide][\/et_pb_fullwidth_slider][\/et_pb_section][et_pb_section fb_built=\u00bb1&#8243; _builder_version=\u00bb4.25.2&#8243; _module_preset=\u00bbdefault\u00bb background_color=\u00bb#000000&#8243; top_divider_style=\u00bbarrow2&#8243; top_divider_color=\u00bb#d0a957&#8243; top_divider_height=\u00bb12px\u00bb bottom_divider_style=\u00bbarrow2&#8243; bottom_divider_color=\u00bbgcid-heading-color\u00bb bottom_divider_height=\u00bb12px\u00bb bottom_divider_flip=\u00bbvertical\u00bb global_colors_info=\u00bb{%22gcid-heading-color%22:%91%22bottom_divider_color%22,%22bottom_divider_color%22%93}\u00bb][et_pb_row _builder_version=\u00bb4.27.5&#8243; _module_preset=\u00bbdefault\u00bb hover_enabled=\u00bb0&#8243; global_colors_info=\u00bb{}\u00bb width=\u00bb100%\u00bb max_width=\u00bb80%\u00bb sticky_enabled=\u00bb0&#8243;][et_pb_column type=\u00bb4_4&#8243; _builder_version=\u00bb4.25.2&#8243; _module_preset=\u00bbdefault\u00bb global_colors_info=\u00bb{}\u00bb][et_pb_text _builder_version=\u00bb4.25.2&#8243; _module_preset=\u00bbdefault\u00bb text_font_size=\u00bb16px\u00bb header_font=\u00bb|700|||||||\u00bb header_text_align=\u00bbcenter\u00bb header_font_size=\u00bb36px\u00bb text_orientation=\u00bbcenter\u00bb background_layout=\u00bbdark\u00bb global_colors_info=\u00bb{}\u00bb]<\/p>\n<h2>Matt\u2019s Guitar Shop es un negocio minorista dedicado a instrumentos musicales excepcionales. Creado por Matt Lucas hace m\u00e1s de diez a\u00f1os, en solo unos a\u00f1os se ha convertido en una tienda reconocida y reputada. Con una pasi\u00f3n por las piezas extraordinarias, Matt\u2019s Guitar Shop ha hecho de los instrumentos de artistas su especialidad y de las guitarras notables el n\u00facleo de su negocio. Hoy en d\u00eda, es un experto reconocido y uno de los establecimientos m\u00e1s respetados y conocidos en el mundo.<\/h2>\n<p>[\/et_pb_text][et_pb_text _builder_version=\u00bb4.25.2&#8243; _module_preset=\u00bbdefault\u00bb text_font_size=\u00bb16px\u00bb header_font=\u00bb|700|||||||\u00bb header_text_align=\u00bbcenter\u00bb header_font_size=\u00bb36px\u00bb text_orientation=\u00bbcenter\u00bb background_layout=\u00bbdark\u00bb global_colors_info=\u00bb{}\u00bb]<\/p>\n<p>En la encrucijada entre la historia de la m\u00fasica y la magia que ofrece la luther\u00eda, <a href=\"https:\/\/www.matts-guitar-shop.com\/es\/\">la tienda de guitarras en Par\u00eds Matt\u2019s Guitar Shop<\/a> se ha convertido en un transmisor de historia que ayuda a difundir la importancia de estos testigos de la creaci\u00f3n. Convertido en un actor importante en la valoraci\u00f3n y venta de instrumentos vintage, ha hecho progresivamente de los instrumentos que pertenecieron a artistas su especialidad. Convencido de la calidad particular de los instrumentos elegidos por los grandes m\u00fasicos, su deseo de descubrir sus herramientas se ha convertido en una l\u00ednea directriz fundamental.<\/p>\n<p>Siguiendo esta misma l\u00f3gica de amor por la m\u00fasica, el showroom de Matt&#8217;s Guitar Shop se inaugur\u00f3 en 2019, un espacio privilegiado de venta e intercambio que devuelve a Par\u00eds su prestigio en el \u00e1mbito de la guitarra de calidad. Instrumentos inspirados e inspiradores, que siguen deleitando con hermosas notas a los o\u00eddos de los aficionados.<\/p>\n<p>[\/et_pb_text][et_pb_image src=\u00bbhttps:\/\/www.matts-guitar-shop.com\/wp-content\/uploads\/2024\/07\/matts-guitar-shop-le-shop-01.jpg\u00bb title_text=\u00bbmatts-guitar-shop-le-shop-01&#8243; force_fullwidth=\u00bbon\u00bb _builder_version=\u00bb4.25.2&#8243; _module_preset=\u00bbdefault\u00bb global_colors_info=\u00bb{}\u00bb][\/et_pb_image][\/et_pb_column][\/et_pb_row][\/et_pb_section][et_pb_section fb_built=\u00bb1&#8243; _builder_version=\u00bb4.25.2&#8243; _module_preset=\u00bbdefault\u00bb background_color=\u00bbgcid-primary-color\u00bb background_enable_image=\u00bboff\u00bb locked=\u00bboff\u00bb global_colors_info=\u00bb{%22gcid-primary-color%22:%91%22background_color%22%93}\u00bb][et_pb_row _builder_version=\u00bb4.27.5&#8243; _module_preset=\u00bbdefault\u00bb hover_enabled=\u00bb0&#8243; global_colors_info=\u00bb{}\u00bb width=\u00bb100%\u00bb max_width=\u00bb80%\u00bb sticky_enabled=\u00bb0&#8243;][et_pb_column type=\u00bb4_4&#8243; _builder_version=\u00bb4.25.2&#8243; _dynamic_attributes=\u00bblink_option_url\u00bb _module_preset=\u00bbdefault\u00bb link_option_url=\u00bb@ET-DC@eyJkeW5hbWljIjp0cnVlLCJjb250ZW50IjoicG9zdF9saW5rX3VybF9wYWdlIiwic2V0dGluZ3MiOnsicG9zdF9pZCI6IjE4MSJ9fQ==@\u00bb global_colors_info=\u00bb{}\u00bb][et_pb_text _builder_version=\u00bb4.25.2&#8243; _module_preset=\u00bbdefault\u00bb header_2_font=\u00bb|600|||||||\u00bb background_layout=\u00bbdark\u00bb global_colors_info=\u00bb{}\u00bb]<\/p>\n<h2>\u00bfQui\u00e9n es Matt?<\/h2>\n<p>[\/et_pb_text][et_pb_text _builder_version=\u00bb4.25.2&#8243; _module_preset=\u00bbdefault\u00bb header_2_font=\u00bb|600|||||||\u00bb background_layout=\u00bbdark\u00bb global_colors_info=\u00bb{%22gcid-heading-color%22:%91%22background_color%22%93}\u00bb]<\/p>\n<p>Apasionado por la m\u00fasica rock y la guitarra desde su adolescencia, <b>Matt Lucas<\/b> ha orientado su vida en torno al instrumento de seis cuerdas. Verdadero pilar de su trayectoria, la <b>guitarra<\/b> gui\u00f3 sus decisiones y riesgos para convertirse en <b>un comerciante y experto reconocido<\/b>. Fue despu\u00e9s de escuchar a AC\/DC durante horas que Matthieu descubri\u00f3 entre los solos y riffs de Angus Young el contorno de una vocaci\u00f3n: hacer de la guitarra su especialidad principal. Impulsado por una pasi\u00f3n inocente, Matt se form\u00f3 al lado de los mejores comerciantes del mundo. Con una voraz sed de conocimiento y audacia, aprendi\u00f3 los detalles de un mercado tan espec\u00edfico como fascinante, y luego comprendi\u00f3 la magia \u00fanica detr\u00e1s de las <b>guitarras de artistas<\/b>. Hasta entonces ocultos en las inaccesibles sombras de los camerinos, los instrumentos de artistas no eran valorados por el mercado como lo son hoy. Al percibir un inter\u00e9s cultural e hist\u00f3rico sin igual, Matthieu decidi\u00f3 convertirlos en su especialidad.<\/p>\n<p>La <b>guitarra de artista<\/b> se convierte entonces en una extensi\u00f3n de su arte, la b\u00fasqueda material de una idea est\u00e9tica, el pincel necesario para su composici\u00f3n, la clave para entender un proceso creativo. Al crear Matt\u2019s Guitar Shop, Matt coloc\u00f3 en el centro de su negocio el inter\u00e9s entonces sin precedentes que ten\u00eda por el equipo de los grandes artistas. A lo largo de los a\u00f1os, ha podido <b>colaborar<\/b> con <b>m\u00fasicos de renombre nacional e internacional<\/b> en la venta de sus colecciones (Bernie Bonvoisin, Renaud, Richie Sambora, KISS, Lenny Kravitz) y ha participado en la venta de <b>instrumentos hist\u00f3ricos<\/b> (guitarras de Jeff Buckley, Prince, Sex Pistols, Jeff Beck). Tambi\u00e9n ha perfeccionado sus habilidades en la pericia y venta de <b>instrumentos vintage raros y codiciados<\/b>, que constituyen el otro pilar de Matt\u2019s Guitar Shop.<\/p>\n<p>Consciente de ser solo un transmisor de historia y emoci\u00f3n, Matt Lucas se esfuerza por devolver la magia contenida en estos instrumentos y compartirla con el p\u00fablico m\u00e1s amplio. Desde la apertura de su showroom en Par\u00eds, ha hecho de la <b>apertura y el compartir con todos<\/b> una filosof\u00eda central de Matt\u2019s Guitar Shop. Lejos de ser un lugar exclusivo, acoge a todo entusiasta. Las guitarras tambi\u00e9n se prestan regularmente para actuaciones en escenario y en estudio, retomando su funci\u00f3n original: tocar y emocionar.<\/p>\n<p>Hoy, con m\u00e1s de diez a\u00f1os como comerciante, Matthieu es un contacto privilegiado en <b>la pericia, valoraci\u00f3n y venta de instrumentos vintage<\/b> y de aquellos que pertenecieron a artistas. Su b\u00fasqueda de instrumentos raros y excepcionales contin\u00faa cada d\u00eda con la misma pasi\u00f3n y dedicaci\u00f3n, maravill\u00e1ndose siempre ante una Burst, una Blackguard o una serie L.<\/p>\n<p>Conciente de su rol y del privilegio de tener acceso a piezas de historia, Matt ha ampliado gradualmente el equipo de Matt\u2019s Guitar Shop para llegar a un p\u00fablico m\u00e1s amplio. Ahora est\u00e1 rodeado de un equipo rico y diverso que extiende su visi\u00f3n inicial: <b>inspirar sue\u00f1os y transmitir la pasi\u00f3n contenida en la m\u00fasica y sus instrumentos.<\/b><\/p>\n<p>[\/et_pb_text][\/et_pb_column][\/et_pb_row][et_pb_row column_structure=\u00bb3_5,2_5&#8243; _builder_version=\u00bb4.27.5&#8243; _module_preset=\u00bbdefault\u00bb hover_enabled=\u00bb0&#8243; global_colors_info=\u00bb{}\u00bb width=\u00bb100%\u00bb max_width=\u00bb80%\u00bb sticky_enabled=\u00bb0&#8243;][et_pb_column type=\u00bb3_5&#8243; _builder_version=\u00bb4.25.2&#8243; _dynamic_attributes=\u00bblink_option_url\u00bb _module_preset=\u00bbdefault\u00bb link_option_url=\u00bb@ET-DC@eyJkeW5hbWljIjp0cnVlLCJjb250ZW50IjoicG9zdF9saW5rX3VybF9wYWdlIiwic2V0dGluZ3MiOnsicG9zdF9pZCI6IjE4MSJ9fQ==@\u00bb global_colors_info=\u00bb{}\u00bb][et_pb_image src=\u00bbhttps:\/\/www.matts-guitar-shop.com\/wp-content\/uploads\/2024\/07\/qui-est-matt-s-guitar-shop-01.jpg\u00bb title_text=\u00bbqui-est-matt-s-guitar-shop-01&#8243; _builder_version=\u00bb4.25.2&#8243; _module_preset=\u00bbdefault\u00bb global_colors_info=\u00bb{}\u00bb][\/et_pb_image][\/et_pb_column][et_pb_column type=\u00bb2_5&#8243; _builder_version=\u00bb4.25.2&#8243; _dynamic_attributes=\u00bblink_option_url\u00bb _module_preset=\u00bbdefault\u00bb link_option_url=\u00bb@ET-DC@eyJkeW5hbWljIjp0cnVlLCJjb250ZW50IjoicG9zdF9saW5rX3VybF9wYWdlIiwic2V0dGluZ3MiOnsicG9zdF9pZCI6IjE4MSJ9fQ==@\u00bb global_colors_info=\u00bb{}\u00bb][et_pb_button button_url=\u00bb@ET-DC@eyJkeW5hbWljIjp0cnVlLCJjb250ZW50IjoicG9zdF9saW5rX3VybF9wYWdlIiwic2V0dGluZ3MiOnsicG9zdF9pZCI6IjE3NCJ9fQ==@\u00bb button_text=\u00bbDescubrir nuestro concepto\u00bb _builder_version=\u00bb4.25.2&#8243; _dynamic_attributes=\u00bbbutton_url\u00bb _module_preset=\u00bbdefault\u00bb custom_button=\u00bbon\u00bb button_text_size=\u00bb14px\u00bb button_text_color=\u00bb#FFFFFF\u00bb button_bg_color=\u00bbgcid-heading-color\u00bb button_border_width=\u00bb1px\u00bb button_border_radius=\u00bb0px\u00bb button_letter_spacing=\u00bb1px\u00bb button_font=\u00bb|600|||||||\u00bb global_colors_info=\u00bb{%22gcid-heading-color%22:%91%22button_bg_color%22%93}\u00bb][\/et_pb_button][et_pb_button button_url=\u00bb@ET-DC@eyJkeW5hbWljIjp0cnVlLCJjb250ZW50IjoicG9zdF9saW5rX3VybF9wYWdlIiwic2V0dGluZ3MiOnsicG9zdF9pZCI6IjE3MiJ9fQ==@\u00bb button_text=\u00bb\u00bfQui\u00e9nes somos?\u00bb _builder_version=\u00bb4.25.2&#8243; _dynamic_attributes=\u00bbbutton_url\u00bb _module_preset=\u00bbdefault\u00bb custom_button=\u00bbon\u00bb button_text_size=\u00bb14px\u00bb button_text_color=\u00bb#FFFFFF\u00bb button_bg_color=\u00bbgcid-heading-color\u00bb button_border_width=\u00bb1px\u00bb button_border_radius=\u00bb0px\u00bb button_letter_spacing=\u00bb1px\u00bb button_font=\u00bb|600|||||||\u00bb global_colors_info=\u00bb{%22gcid-heading-color%22:%91%22button_bg_color%22%93}\u00bb][\/et_pb_button][\/et_pb_column][\/et_pb_row][\/et_pb_section]<\/p>\n","protected":false},"excerpt":{"rendered":"<p>Matt\u2019s Guitar Shop es un negocio minorista dedicado a instrumentos musicales excepcionales. Creado por Matt Lucas hace m\u00e1s de diez a\u00f1os, en solo unos a\u00f1os se ha convertido en una tienda reconocida y reputada. Con una pasi\u00f3n por las piezas extraordinarias, Matt\u2019s Guitar Shop ha hecho de los instrumentos de artistas su especialidad y de [&hellip;]<\/p>\n","protected":false},"author":1,"featured_media":0,"parent":0,"menu_order":0,"comment_status":"closed","ping_status":"closed","template":"","meta":{"_et_pb_use_builder":"on","_et_pb_old_content":"","_et_gb_content_width":"","footnotes":""},"class_list":["post-17079","page","type-page","status-publish","hentry"],"yoast_head":"<!-- This site is optimized with the Yoast SEO plugin v26.8 - https:\/\/yoast.com\/product\/yoast-seo-wordpress\/ -->\n<title>La tienda - Matt&#039;s Guitar Shop<\/title>\n<meta name=\"description\" content=\"Matt&#039;s Guitar Shop: Tienda de guitarras en Par\u00eds. Matt&#039;s Guitar Shop te ofrece guitarras el\u00e9ctricas vintage y guitarras de custom shop.\" \/>\n<meta name=\"robots\" content=\"index, follow, max-snippet:-1, max-image-preview:large, max-video-preview:-1\" \/>\n<link rel=\"canonical\" href=\"https:\/\/www.matts-guitar-shop.com\/es\/la-tienda\/\" \/>\n<meta property=\"og:locale\" content=\"es_ES\" \/>\n<meta property=\"og:type\" content=\"article\" \/>\n<meta property=\"og:title\" content=\"La tienda - Matt&#039;s Guitar Shop\" \/>\n<meta property=\"og:description\" content=\"Matt&#039;s Guitar Shop: Tienda de guitarras en Par\u00eds. Matt&#039;s Guitar Shop te ofrece guitarras el\u00e9ctricas vintage y guitarras de custom shop.\" \/>\n<meta property=\"og:url\" content=\"https:\/\/www.matts-guitar-shop.com\/es\/la-tienda\/\" \/>\n<meta property=\"og:site_name\" content=\"Matt&#039;s Guitar Shop\" \/>\n<meta property=\"article:publisher\" content=\"https:\/\/www.facebook.com\/profile.php?id=100044359842817\" \/>\n<meta property=\"article:modified_time\" content=\"2026-03-07T02:43:52+00:00\" \/>\n<meta name=\"twitter:card\" content=\"summary_large_image\" \/>\n<meta name=\"twitter:label1\" content=\"Tiempo de lectura\" \/>\n\t<meta name=\"twitter:data1\" content=\"8 minutos\" \/>\n<script type=\"application\/ld+json\" class=\"yoast-schema-graph\">{\"@context\":\"https:\/\/schema.org\",\"@graph\":[{\"@type\":\"WebPage\",\"@id\":\"https:\/\/www.matts-guitar-shop.com\/es\/la-tienda\/\",\"url\":\"https:\/\/www.matts-guitar-shop.com\/es\/la-tienda\/\",\"name\":\"La tienda - Matt&#039;s Guitar Shop\",\"isPartOf\":{\"@id\":\"https:\/\/www.matts-guitar-shop.com\/es\/#website\"},\"datePublished\":\"2024-07-04T13:01:07+00:00\",\"dateModified\":\"2026-03-07T02:43:52+00:00\",\"description\":\"Matt's Guitar Shop: Tienda de guitarras en Par\u00eds. Matt's Guitar Shop te ofrece guitarras el\u00e9ctricas vintage y guitarras de custom shop.\",\"breadcrumb\":{\"@id\":\"https:\/\/www.matts-guitar-shop.com\/es\/la-tienda\/#breadcrumb\"},\"inLanguage\":\"es\",\"potentialAction\":[{\"@type\":\"ReadAction\",\"target\":[\"https:\/\/www.matts-guitar-shop.com\/es\/la-tienda\/\"]}]},{\"@type\":\"BreadcrumbList\",\"@id\":\"https:\/\/www.matts-guitar-shop.com\/es\/la-tienda\/#breadcrumb\",\"itemListElement\":[{\"@type\":\"ListItem\",\"position\":1,\"name\":\"Inicio\",\"item\":\"https:\/\/www.matts-guitar-shop.com\/es\/\"},{\"@type\":\"ListItem\",\"position\":2,\"name\":\"La tienda\"}]},{\"@type\":\"WebSite\",\"@id\":\"https:\/\/www.matts-guitar-shop.com\/es\/#website\",\"url\":\"https:\/\/www.matts-guitar-shop.com\/es\/\",\"name\":\"matts-guitar-shop.com\",\"description\":\"Guitar Shop\",\"publisher\":{\"@id\":\"https:\/\/www.matts-guitar-shop.com\/es\/#organization\"},\"potentialAction\":[{\"@type\":\"SearchAction\",\"target\":{\"@type\":\"EntryPoint\",\"urlTemplate\":\"https:\/\/www.matts-guitar-shop.com\/es\/?s={search_term_string}\"},\"query-input\":{\"@type\":\"PropertyValueSpecification\",\"valueRequired\":true,\"valueName\":\"search_term_string\"}}],\"inLanguage\":\"es\"},{\"@type\":\"Organization\",\"@id\":\"https:\/\/www.matts-guitar-shop.com\/es\/#organization\",\"name\":\"matts-guitar-shop.com\",\"url\":\"https:\/\/www.matts-guitar-shop.com\/es\/\",\"logo\":{\"@type\":\"ImageObject\",\"inLanguage\":\"es\",\"@id\":\"https:\/\/www.matts-guitar-shop.com\/es\/#\/schema\/logo\/image\/\",\"url\":\"https:\/\/www.matts-guitar-shop.com\/wp-content\/uploads\/2024\/09\/MGS-logo-site-02.png\",\"contentUrl\":\"https:\/\/www.matts-guitar-shop.com\/wp-content\/uploads\/2024\/09\/MGS-logo-site-02.png\",\"width\":200,\"height\":122,\"caption\":\"matts-guitar-shop.com\"},\"image\":{\"@id\":\"https:\/\/www.matts-guitar-shop.com\/es\/#\/schema\/logo\/image\/\"},\"sameAs\":[\"https:\/\/www.facebook.com\/profile.php?id=100044359842817\",\"https:\/\/www.instagram.com\/mattsguitarshop\/\",\"https:\/\/www.youtube.com\/@MattLucasMan\/videos\"]}]}<\/script>\n<!-- \/ Yoast SEO plugin. -->","yoast_head_json":{"title":"La tienda - Matt&#039;s Guitar Shop","description":"Matt's Guitar Shop: Tienda de guitarras en Par\u00eds. Matt's Guitar Shop te ofrece guitarras el\u00e9ctricas vintage y guitarras de custom shop.","robots":{"index":"index","follow":"follow","max-snippet":"max-snippet:-1","max-image-preview":"max-image-preview:large","max-video-preview":"max-video-preview:-1"},"canonical":"https:\/\/www.matts-guitar-shop.com\/es\/la-tienda\/","og_locale":"es_ES","og_type":"article","og_title":"La tienda - Matt&#039;s Guitar Shop","og_description":"Matt's Guitar Shop: Tienda de guitarras en Par\u00eds. Matt's Guitar Shop te ofrece guitarras el\u00e9ctricas vintage y guitarras de custom shop.","og_url":"https:\/\/www.matts-guitar-shop.com\/es\/la-tienda\/","og_site_name":"Matt&#039;s Guitar Shop","article_publisher":"https:\/\/www.facebook.com\/profile.php?id=100044359842817","article_modified_time":"2026-03-07T02:43:52+00:00","twitter_card":"summary_large_image","twitter_misc":{"Tiempo de lectura":"8 minutos"},"schema":{"@context":"https:\/\/schema.org","@graph":[{"@type":"WebPage","@id":"https:\/\/www.matts-guitar-shop.com\/es\/la-tienda\/","url":"https:\/\/www.matts-guitar-shop.com\/es\/la-tienda\/","name":"La tienda - Matt&#039;s Guitar Shop","isPartOf":{"@id":"https:\/\/www.matts-guitar-shop.com\/es\/#website"},"datePublished":"2024-07-04T13:01:07+00:00","dateModified":"2026-03-07T02:43:52+00:00","description":"Matt's Guitar Shop: Tienda de guitarras en Par\u00eds. Matt's Guitar Shop te ofrece guitarras el\u00e9ctricas vintage y guitarras de custom shop.","breadcrumb":{"@id":"https:\/\/www.matts-guitar-shop.com\/es\/la-tienda\/#breadcrumb"},"inLanguage":"es","potentialAction":[{"@type":"ReadAction","target":["https:\/\/www.matts-guitar-shop.com\/es\/la-tienda\/"]}]},{"@type":"BreadcrumbList","@id":"https:\/\/www.matts-guitar-shop.com\/es\/la-tienda\/#breadcrumb","itemListElement":[{"@type":"ListItem","position":1,"name":"Inicio","item":"https:\/\/www.matts-guitar-shop.com\/es\/"},{"@type":"ListItem","position":2,"name":"La tienda"}]},{"@type":"WebSite","@id":"https:\/\/www.matts-guitar-shop.com\/es\/#website","url":"https:\/\/www.matts-guitar-shop.com\/es\/","name":"matts-guitar-shop.com","description":"Guitar Shop","publisher":{"@id":"https:\/\/www.matts-guitar-shop.com\/es\/#organization"},"potentialAction":[{"@type":"SearchAction","target":{"@type":"EntryPoint","urlTemplate":"https:\/\/www.matts-guitar-shop.com\/es\/?s={search_term_string}"},"query-input":{"@type":"PropertyValueSpecification","valueRequired":true,"valueName":"search_term_string"}}],"inLanguage":"es"},{"@type":"Organization","@id":"https:\/\/www.matts-guitar-shop.com\/es\/#organization","name":"matts-guitar-shop.com","url":"https:\/\/www.matts-guitar-shop.com\/es\/","logo":{"@type":"ImageObject","inLanguage":"es","@id":"https:\/\/www.matts-guitar-shop.com\/es\/#\/schema\/logo\/image\/","url":"https:\/\/www.matts-guitar-shop.com\/wp-content\/uploads\/2024\/09\/MGS-logo-site-02.png","contentUrl":"https:\/\/www.matts-guitar-shop.com\/wp-content\/uploads\/2024\/09\/MGS-logo-site-02.png","width":200,"height":122,"caption":"matts-guitar-shop.com"},"image":{"@id":"https:\/\/www.matts-guitar-shop.com\/es\/#\/schema\/logo\/image\/"},"sameAs":["https:\/\/www.facebook.com\/profile.php?id=100044359842817","https:\/\/www.instagram.com\/mattsguitarshop\/","https:\/\/www.youtube.com\/@MattLucasMan\/videos"]}]}},"_links":{"self":[{"href":"https:\/\/www.matts-guitar-shop.com\/es\/wp-json\/wp\/v2\/pages\/17079","targetHints":{"allow":["GET"]}}],"collection":[{"href":"https:\/\/www.matts-guitar-shop.com\/es\/wp-json\/wp\/v2\/pages"}],"about":[{"href":"https:\/\/www.matts-guitar-shop.com\/es\/wp-json\/wp\/v2\/types\/page"}],"author":[{"embeddable":true,"href":"https:\/\/www.matts-guitar-shop.com\/es\/wp-json\/wp\/v2\/users\/1"}],"replies":[{"embeddable":true,"href":"https:\/\/www.matts-guitar-shop.com\/es\/wp-json\/wp\/v2\/comments?post=17079"}],"version-history":[{"count":8,"href":"https:\/\/www.matts-guitar-shop.com\/es\/wp-json\/wp\/v2\/pages\/17079\/revisions"}],"predecessor-version":[{"id":29353,"href":"https:\/\/www.matts-guitar-shop.com\/es\/wp-json\/wp\/v2\/pages\/17079\/revisions\/29353"}],"wp:attachment":[{"href":"https:\/\/www.matts-guitar-shop.com\/es\/wp-json\/wp\/v2\/media?parent=17079"}],"curies":[{"name":"wp","href":"https:\/\/api.w.org\/{rel}","templated":true}]}}