{"id":35457,"date":"2026-04-11T20:38:52","date_gmt":"2026-04-11T18:38:52","guid":{"rendered":"https:\/\/www.matts-guitar-shop.com\/?post_type=product&#038;p=35457"},"modified":"2026-04-11T20:41:22","modified_gmt":"2026-04-11T18:41:22","slug":"fender-esquire-1951-ex-steve-lukather","status":"publish","type":"product","link":"https:\/\/www.matts-guitar-shop.com\/en\/produit\/fender-esquire-1951-ex-steve-lukather\/","title":{"rendered":"Fender Esquire 1951 ex Steve Lukather"},"content":{"rendered":"","protected":false},"excerpt":{"rendered":"<p>Longtemps pi\u00e8ce ma\u00eetresse du patrimoine personnel de Steve Lukather, cette Fender Esquire de 1951 constitue un vestige sonore de premier plan. Acquise par le guitariste de Toto en 1979, elle s&#8217;est rapidement impos\u00e9e comme l&#8217;un de ses outils de pr\u00e9dilection pour le travail de studio, marquant de son empreinte la quasi-totalit\u00e9 des albums historiques du groupe. On retrouve notamment son grain caract\u00e9ristique sur l&#8217;album culte Toto IV (1982), et plus particuli\u00e8rement sur le titre &#8220;We Made It&#8221;. Au-del\u00e0 de l&#8217;aventure Toto, cet instrument a servi une multitude de sessions prestigieuses, accompagnant aussi bien Dolly Parton d\u00e8s les ann\u00e9es 70 que Ringo Starr sur son single &#8220;Let\u2019s Change the World&#8221; en 2021. Ch\u00e9rie et jou\u00e9e par Lukather durant plusieurs d\u00e9cennies, cette Esquire allie des qualit\u00e9s acoustiques exceptionnelles \u00e0 une trajectoire historique remarquable, en faisant une pi\u00e8ce de collection absolument unique.<\/p>\n","protected":false},"featured_media":35458,"comment_status":"closed","ping_status":"closed","template":"","meta":{"_et_pb_use_builder":"","_et_pb_old_content":"","_et_gb_content_width":""},"product_brand":[],"product_cat":[123,82],"product_tag":[],"class_list":{"0":"post-35457","1":"product","2":"type-product","3":"status-publish","4":"has-post-thumbnail","6":"product_cat-guitares-electriques","7":"product_cat-artistes","8":"pa_artiste-steve-lukather","9":"pa_disponibilite-en-vente","10":"pa_marque-fender","12":"first","13":"instock","14":"shipping-taxable","15":"purchasable","16":"product-type-simple"},"yoast_head":"<!-- This site is optimized with the Yoast SEO plugin v26.8 - https:\/\/yoast.com\/product\/yoast-seo-wordpress\/ -->\n<title>Fender Esquire 1951 ex Steve Lukather - Matt&#039;s Guitar Shop<\/title>\n<meta name=\"robots\" content=\"index, follow, max-snippet:-1, max-image-preview:large, max-video-preview:-1\" \/>\n<link rel=\"canonical\" href=\"https:\/\/www.matts-guitar-shop.com\/en\/produit\/fender-esquire-1951-ex-steve-lukather\/\" \/>\n<meta property=\"og:locale\" content=\"en_US\" \/>\n<meta property=\"og:type\" content=\"article\" \/>\n<meta property=\"og:title\" content=\"Fender Esquire 1951 ex Steve Lukather - Matt&#039;s Guitar Shop\" \/>\n<meta property=\"og:description\" content=\"Longtemps pi\u00e8ce ma\u00eetresse du patrimoine personnel de Steve Lukather, cette Fender Esquire de 1951 constitue un vestige sonore de premier plan. Acquise par le guitariste de Toto en 1979, elle s&#039;est rapidement impos\u00e9e comme l&#039;un de ses outils de pr\u00e9dilection pour le travail de studio, marquant de son empreinte la quasi-totalit\u00e9 des albums historiques du groupe. On retrouve notamment son grain caract\u00e9ristique sur l&#039;album culte Toto IV (1982), et plus particuli\u00e8rement sur le titre &quot;We Made It&quot;. Au-del\u00e0 de l&#039;aventure Toto, cet instrument a servi une multitude de sessions prestigieuses, accompagnant aussi bien Dolly Parton d\u00e8s les ann\u00e9es 70 que Ringo Starr sur son single &quot;Let\u2019s Change the World&quot; en 2021. Ch\u00e9rie et jou\u00e9e par Lukather durant plusieurs d\u00e9cennies, cette Esquire allie des qualit\u00e9s acoustiques exceptionnelles \u00e0 une trajectoire historique remarquable, en faisant une pi\u00e8ce de collection absolument unique.\" \/>\n<meta property=\"og:url\" content=\"https:\/\/www.matts-guitar-shop.com\/en\/produit\/fender-esquire-1951-ex-steve-lukather\/\" \/>\n<meta property=\"og:site_name\" content=\"Matt&#039;s Guitar Shop\" \/>\n<meta property=\"article:publisher\" content=\"https:\/\/www.facebook.com\/profile.php?id=100044359842817\" \/>\n<meta property=\"article:modified_time\" content=\"2026-04-11T18:41:22+00:00\" \/>\n<meta property=\"og:image\" content=\"https:\/\/www.matts-guitar-shop.com\/wp-content\/uploads\/2026\/04\/Fender-Esquire-1951-Steve-Lukather-01.webp\" \/>\n\t<meta property=\"og:image:width\" content=\"800\" \/>\n\t<meta property=\"og:image:height\" content=\"1200\" \/>\n\t<meta property=\"og:image:type\" content=\"image\/webp\" \/>\n<meta name=\"twitter:card\" content=\"summary_large_image\" \/>\n<meta name=\"twitter:label1\" content=\"Est. reading time\" \/>\n\t<meta name=\"twitter:data1\" content=\"1 minute\" \/>\n<script type=\"application\/ld+json\" class=\"yoast-schema-graph\">{\"@context\":\"https:\/\/schema.org\",\"@graph\":[{\"@type\":\"WebPage\",\"@id\":\"https:\/\/www.matts-guitar-shop.com\/en\/produit\/fender-esquire-1951-ex-steve-lukather\/\",\"url\":\"https:\/\/www.matts-guitar-shop.com\/en\/produit\/fender-esquire-1951-ex-steve-lukather\/\",\"name\":\"Fender Esquire 1951 ex Steve Lukather - Matt&#039;s Guitar Shop\",\"isPartOf\":{\"@id\":\"https:\/\/www.matts-guitar-shop.com\/en\/#website\"},\"primaryImageOfPage\":{\"@id\":\"https:\/\/www.matts-guitar-shop.com\/en\/produit\/fender-esquire-1951-ex-steve-lukather\/#primaryimage\"},\"image\":{\"@id\":\"https:\/\/www.matts-guitar-shop.com\/en\/produit\/fender-esquire-1951-ex-steve-lukather\/#primaryimage\"},\"thumbnailUrl\":\"https:\/\/www.matts-guitar-shop.com\/wp-content\/uploads\/2026\/04\/Fender-Esquire-1951-Steve-Lukather-01.webp\",\"datePublished\":\"2026-04-11T18:38:52+00:00\",\"dateModified\":\"2026-04-11T18:41:22+00:00\",\"breadcrumb\":{\"@id\":\"https:\/\/www.matts-guitar-shop.com\/en\/produit\/fender-esquire-1951-ex-steve-lukather\/#breadcrumb\"},\"inLanguage\":\"en-US\",\"potentialAction\":[{\"@type\":\"ReadAction\",\"target\":[\"https:\/\/www.matts-guitar-shop.com\/en\/produit\/fender-esquire-1951-ex-steve-lukather\/\"]}]},{\"@type\":\"ImageObject\",\"inLanguage\":\"en-US\",\"@id\":\"https:\/\/www.matts-guitar-shop.com\/en\/produit\/fender-esquire-1951-ex-steve-lukather\/#primaryimage\",\"url\":\"https:\/\/www.matts-guitar-shop.com\/wp-content\/uploads\/2026\/04\/Fender-Esquire-1951-Steve-Lukather-01.webp\",\"contentUrl\":\"https:\/\/www.matts-guitar-shop.com\/wp-content\/uploads\/2026\/04\/Fender-Esquire-1951-Steve-Lukather-01.webp\",\"width\":800,\"height\":1200},{\"@type\":\"BreadcrumbList\",\"@id\":\"https:\/\/www.matts-guitar-shop.com\/en\/produit\/fender-esquire-1951-ex-steve-lukather\/#breadcrumb\",\"itemListElement\":[{\"@type\":\"ListItem\",\"position\":1,\"name\":\"Home\",\"item\":\"https:\/\/www.matts-guitar-shop.com\/en\/\"},{\"@type\":\"ListItem\",\"position\":2,\"name\":\"Shop\",\"item\":\"https:\/\/www.matts-guitar-shop.com\/en\/shop\/\"},{\"@type\":\"ListItem\",\"position\":3,\"name\":\"Fender Esquire 1951 ex Steve Lukather\"}]},{\"@type\":\"WebSite\",\"@id\":\"https:\/\/www.matts-guitar-shop.com\/en\/#website\",\"url\":\"https:\/\/www.matts-guitar-shop.com\/en\/\",\"name\":\"matts-guitar-shop.com\",\"description\":\"Guitar Shop\",\"publisher\":{\"@id\":\"https:\/\/www.matts-guitar-shop.com\/en\/#organization\"},\"potentialAction\":[{\"@type\":\"SearchAction\",\"target\":{\"@type\":\"EntryPoint\",\"urlTemplate\":\"https:\/\/www.matts-guitar-shop.com\/en\/?s={search_term_string}\"},\"query-input\":{\"@type\":\"PropertyValueSpecification\",\"valueRequired\":true,\"valueName\":\"search_term_string\"}}],\"inLanguage\":\"en-US\"},{\"@type\":\"Organization\",\"@id\":\"https:\/\/www.matts-guitar-shop.com\/en\/#organization\",\"name\":\"matts-guitar-shop.com\",\"url\":\"https:\/\/www.matts-guitar-shop.com\/en\/\",\"logo\":{\"@type\":\"ImageObject\",\"inLanguage\":\"en-US\",\"@id\":\"https:\/\/www.matts-guitar-shop.com\/en\/#\/schema\/logo\/image\/\",\"url\":\"https:\/\/www.matts-guitar-shop.com\/wp-content\/uploads\/2024\/09\/MGS-logo-site-02.png\",\"contentUrl\":\"https:\/\/www.matts-guitar-shop.com\/wp-content\/uploads\/2024\/09\/MGS-logo-site-02.png\",\"width\":200,\"height\":122,\"caption\":\"matts-guitar-shop.com\"},\"image\":{\"@id\":\"https:\/\/www.matts-guitar-shop.com\/en\/#\/schema\/logo\/image\/\"},\"sameAs\":[\"https:\/\/www.facebook.com\/profile.php?id=100044359842817\",\"https:\/\/www.instagram.com\/mattsguitarshop\/\",\"https:\/\/www.youtube.com\/@MattLucasMan\/videos\"]}]}<\/script>\n<!-- \/ Yoast SEO plugin. -->","yoast_head_json":{"title":"Fender Esquire 1951 ex Steve Lukather - Matt&#039;s Guitar Shop","robots":{"index":"index","follow":"follow","max-snippet":"max-snippet:-1","max-image-preview":"max-image-preview:large","max-video-preview":"max-video-preview:-1"},"canonical":"https:\/\/www.matts-guitar-shop.com\/en\/produit\/fender-esquire-1951-ex-steve-lukather\/","og_locale":"en_US","og_type":"article","og_title":"Fender Esquire 1951 ex Steve Lukather - Matt&#039;s Guitar Shop","og_description":"Longtemps pi\u00e8ce ma\u00eetresse du patrimoine personnel de Steve Lukather, cette Fender Esquire de 1951 constitue un vestige sonore de premier plan. Acquise par le guitariste de Toto en 1979, elle s'est rapidement impos\u00e9e comme l'un de ses outils de pr\u00e9dilection pour le travail de studio, marquant de son empreinte la quasi-totalit\u00e9 des albums historiques du groupe. On retrouve notamment son grain caract\u00e9ristique sur l'album culte Toto IV (1982), et plus particuli\u00e8rement sur le titre \"We Made It\". Au-del\u00e0 de l'aventure Toto, cet instrument a servi une multitude de sessions prestigieuses, accompagnant aussi bien Dolly Parton d\u00e8s les ann\u00e9es 70 que Ringo Starr sur son single \"Let\u2019s Change the World\" en 2021. Ch\u00e9rie et jou\u00e9e par Lukather durant plusieurs d\u00e9cennies, cette Esquire allie des qualit\u00e9s acoustiques exceptionnelles \u00e0 une trajectoire historique remarquable, en faisant une pi\u00e8ce de collection absolument unique.","og_url":"https:\/\/www.matts-guitar-shop.com\/en\/produit\/fender-esquire-1951-ex-steve-lukather\/","og_site_name":"Matt&#039;s Guitar Shop","article_publisher":"https:\/\/www.facebook.com\/profile.php?id=100044359842817","article_modified_time":"2026-04-11T18:41:22+00:00","og_image":[{"width":800,"height":1200,"url":"https:\/\/www.matts-guitar-shop.com\/wp-content\/uploads\/2026\/04\/Fender-Esquire-1951-Steve-Lukather-01.webp","type":"image\/webp"}],"twitter_card":"summary_large_image","twitter_misc":{"Est. reading time":"1 minute"},"schema":{"@context":"https:\/\/schema.org","@graph":[{"@type":"WebPage","@id":"https:\/\/www.matts-guitar-shop.com\/en\/produit\/fender-esquire-1951-ex-steve-lukather\/","url":"https:\/\/www.matts-guitar-shop.com\/en\/produit\/fender-esquire-1951-ex-steve-lukather\/","name":"Fender Esquire 1951 ex Steve Lukather - Matt&#039;s Guitar Shop","isPartOf":{"@id":"https:\/\/www.matts-guitar-shop.com\/en\/#website"},"primaryImageOfPage":{"@id":"https:\/\/www.matts-guitar-shop.com\/en\/produit\/fender-esquire-1951-ex-steve-lukather\/#primaryimage"},"image":{"@id":"https:\/\/www.matts-guitar-shop.com\/en\/produit\/fender-esquire-1951-ex-steve-lukather\/#primaryimage"},"thumbnailUrl":"https:\/\/www.matts-guitar-shop.com\/wp-content\/uploads\/2026\/04\/Fender-Esquire-1951-Steve-Lukather-01.webp","datePublished":"2026-04-11T18:38:52+00:00","dateModified":"2026-04-11T18:41:22+00:00","breadcrumb":{"@id":"https:\/\/www.matts-guitar-shop.com\/en\/produit\/fender-esquire-1951-ex-steve-lukather\/#breadcrumb"},"inLanguage":"en-US","potentialAction":[{"@type":"ReadAction","target":["https:\/\/www.matts-guitar-shop.com\/en\/produit\/fender-esquire-1951-ex-steve-lukather\/"]}]},{"@type":"ImageObject","inLanguage":"en-US","@id":"https:\/\/www.matts-guitar-shop.com\/en\/produit\/fender-esquire-1951-ex-steve-lukather\/#primaryimage","url":"https:\/\/www.matts-guitar-shop.com\/wp-content\/uploads\/2026\/04\/Fender-Esquire-1951-Steve-Lukather-01.webp","contentUrl":"https:\/\/www.matts-guitar-shop.com\/wp-content\/uploads\/2026\/04\/Fender-Esquire-1951-Steve-Lukather-01.webp","width":800,"height":1200},{"@type":"BreadcrumbList","@id":"https:\/\/www.matts-guitar-shop.com\/en\/produit\/fender-esquire-1951-ex-steve-lukather\/#breadcrumb","itemListElement":[{"@type":"ListItem","position":1,"name":"Home","item":"https:\/\/www.matts-guitar-shop.com\/en\/"},{"@type":"ListItem","position":2,"name":"Shop","item":"https:\/\/www.matts-guitar-shop.com\/en\/shop\/"},{"@type":"ListItem","position":3,"name":"Fender Esquire 1951 ex Steve Lukather"}]},{"@type":"WebSite","@id":"https:\/\/www.matts-guitar-shop.com\/en\/#website","url":"https:\/\/www.matts-guitar-shop.com\/en\/","name":"matts-guitar-shop.com","description":"Guitar Shop","publisher":{"@id":"https:\/\/www.matts-guitar-shop.com\/en\/#organization"},"potentialAction":[{"@type":"SearchAction","target":{"@type":"EntryPoint","urlTemplate":"https:\/\/www.matts-guitar-shop.com\/en\/?s={search_term_string}"},"query-input":{"@type":"PropertyValueSpecification","valueRequired":true,"valueName":"search_term_string"}}],"inLanguage":"en-US"},{"@type":"Organization","@id":"https:\/\/www.matts-guitar-shop.com\/en\/#organization","name":"matts-guitar-shop.com","url":"https:\/\/www.matts-guitar-shop.com\/en\/","logo":{"@type":"ImageObject","inLanguage":"en-US","@id":"https:\/\/www.matts-guitar-shop.com\/en\/#\/schema\/logo\/image\/","url":"https:\/\/www.matts-guitar-shop.com\/wp-content\/uploads\/2024\/09\/MGS-logo-site-02.png","contentUrl":"https:\/\/www.matts-guitar-shop.com\/wp-content\/uploads\/2024\/09\/MGS-logo-site-02.png","width":200,"height":122,"caption":"matts-guitar-shop.com"},"image":{"@id":"https:\/\/www.matts-guitar-shop.com\/en\/#\/schema\/logo\/image\/"},"sameAs":["https:\/\/www.facebook.com\/profile.php?id=100044359842817","https:\/\/www.instagram.com\/mattsguitarshop\/","https:\/\/www.youtube.com\/@MattLucasMan\/videos"]}]}},"_links":{"self":[{"href":"https:\/\/www.matts-guitar-shop.com\/en\/wp-json\/wp\/v2\/product\/35457","targetHints":{"allow":["GET"]}}],"collection":[{"href":"https:\/\/www.matts-guitar-shop.com\/en\/wp-json\/wp\/v2\/product"}],"about":[{"href":"https:\/\/www.matts-guitar-shop.com\/en\/wp-json\/wp\/v2\/types\/product"}],"replies":[{"embeddable":true,"href":"https:\/\/www.matts-guitar-shop.com\/en\/wp-json\/wp\/v2\/comments?post=35457"}],"wp:featuredmedia":[{"embeddable":true,"href":"https:\/\/www.matts-guitar-shop.com\/en\/wp-json\/wp\/v2\/media\/35458"}],"wp:attachment":[{"href":"https:\/\/www.matts-guitar-shop.com\/en\/wp-json\/wp\/v2\/media?parent=35457"}],"wp:term":[{"taxonomy":"product_brand","embeddable":true,"href":"https:\/\/www.matts-guitar-shop.com\/en\/wp-json\/wp\/v2\/product_brand?post=35457"},{"taxonomy":"product_cat","embeddable":true,"href":"https:\/\/www.matts-guitar-shop.com\/en\/wp-json\/wp\/v2\/product_cat?post=35457"},{"taxonomy":"product_tag","embeddable":true,"href":"https:\/\/www.matts-guitar-shop.com\/en\/wp-json\/wp\/v2\/product_tag?post=35457"}],"curies":[{"name":"wp","href":"https:\/\/api.w.org\/{rel}","templated":true}]}}