{"id":34928,"date":"2026-04-11T18:51:25","date_gmt":"2026-04-11T16:51:25","guid":{"rendered":"https:\/\/www.matts-guitar-shop.com\/?post_type=product&#038;p=34928"},"modified":"2026-04-11T18:51:25","modified_gmt":"2026-04-11T16:51:25","slug":"esp-traditional-telecaster-ex-gilby-clarke-use-your-illusion-tour-guns-n-roses","status":"publish","type":"product","link":"https:\/\/www.matts-guitar-shop.com\/en\/produit\/esp-traditional-telecaster-ex-gilby-clarke-use-your-illusion-tour-guns-n-roses\/","title":{"rendered":"ESP Traditional Telecaster ex Gilby Clarke \u2013 Use Your Illusion Tour, Guns N\u2019 Roses"},"content":{"rendered":"","protected":false},"excerpt":{"rendered":"<p>Provenant directement de la collection de Gilby Clarke, cette Telecaster ESP noire sur mesure constitue un t\u00e9moignage privil\u00e9gi\u00e9 de l&#8217;\u00e8re Use Your Illusion. Con\u00e7ue sp\u00e9cifiquement pour le guitariste d&#8217;apr\u00e8s l&#8217;un de ses mod\u00e8les vintage des ann\u00e9es 60, elle l&#8217;a accompagn\u00e9 sur les sc\u00e8nes les plus prestigieuses du globe aux c\u00f4t\u00e9s de Slash. Cet instrument est indissociable de moments forts du r\u00e9pertoire de Guns N&#8217; Roses, ayant \u00e9t\u00e9 utilis\u00e9 notamment pour l&#8217;interpr\u00e9tation de titres comme &#8220;Patience&#8221; ou la reprise de &#8220;Wild Horses&#8221;. Livr\u00e9e dans son \u00e9tui d&#8217;origine floqu\u00e9 au nom du musicien, cette pi\u00e8ce rare incarne l&#8217;\u00e9nergie d&#8217;une p\u00e9riode mythique de l&#8217;histoire du hard rock.<\/p>\n","protected":false},"featured_media":34929,"comment_status":"closed","ping_status":"closed","template":"","meta":{"_et_pb_use_builder":"","_et_pb_old_content":"","_et_gb_content_width":""},"product_brand":[],"product_cat":[123,82,152],"product_tag":[],"class_list":{"0":"post-34928","1":"product","2":"type-product","3":"status-publish","4":"has-post-thumbnail","6":"product_cat-guitares-electriques","7":"product_cat-artistes","8":"product_cat-guitares","9":"pa_artiste-gilby-clarke","10":"pa_disponibilite-en-vente","11":"pa_marque-esp","13":"first","14":"instock","15":"shipping-taxable","16":"purchasable","17":"product-type-simple"},"yoast_head":"<!-- This site is optimized with the Yoast SEO plugin v26.8 - https:\/\/yoast.com\/product\/yoast-seo-wordpress\/ -->\n<title>ESP Traditional Telecaster ex Gilby Clarke \u2013 Use Your Illusion Tour, Guns N\u2019 Roses - Matt&#039;s Guitar Shop<\/title>\n<meta name=\"robots\" content=\"index, follow, max-snippet:-1, max-image-preview:large, max-video-preview:-1\" \/>\n<link rel=\"canonical\" href=\"https:\/\/www.matts-guitar-shop.com\/en\/produit\/esp-traditional-telecaster-ex-gilby-clarke-use-your-illusion-tour-guns-n-roses\/\" \/>\n<meta property=\"og:locale\" content=\"en_US\" \/>\n<meta property=\"og:type\" content=\"article\" \/>\n<meta property=\"og:title\" content=\"ESP Traditional Telecaster ex Gilby Clarke \u2013 Use Your Illusion Tour, Guns N\u2019 Roses - Matt&#039;s Guitar Shop\" \/>\n<meta property=\"og:description\" content=\"Provenant directement de la collection de Gilby Clarke, cette Telecaster ESP noire sur mesure constitue un t\u00e9moignage privil\u00e9gi\u00e9 de l&#039;\u00e8re Use Your Illusion. Con\u00e7ue sp\u00e9cifiquement pour le guitariste d&#039;apr\u00e8s l&#039;un de ses mod\u00e8les vintage des ann\u00e9es 60, elle l&#039;a accompagn\u00e9 sur les sc\u00e8nes les plus prestigieuses du globe aux c\u00f4t\u00e9s de Slash. Cet instrument est indissociable de moments forts du r\u00e9pertoire de Guns N&#039; Roses, ayant \u00e9t\u00e9 utilis\u00e9 notamment pour l&#039;interpr\u00e9tation de titres comme &quot;Patience&quot; ou la reprise de &quot;Wild Horses&quot;. Livr\u00e9e dans son \u00e9tui d&#039;origine floqu\u00e9 au nom du musicien, cette pi\u00e8ce rare incarne l&#039;\u00e9nergie d&#039;une p\u00e9riode mythique de l&#039;histoire du hard rock.\" \/>\n<meta property=\"og:url\" content=\"https:\/\/www.matts-guitar-shop.com\/en\/produit\/esp-traditional-telecaster-ex-gilby-clarke-use-your-illusion-tour-guns-n-roses\/\" \/>\n<meta property=\"og:site_name\" content=\"Matt&#039;s Guitar Shop\" \/>\n<meta property=\"article:publisher\" content=\"https:\/\/www.facebook.com\/profile.php?id=100044359842817\" \/>\n<meta property=\"og:image\" content=\"https:\/\/www.matts-guitar-shop.com\/wp-content\/uploads\/2026\/04\/ESP-Traditional-Telecaster-Owned-by-Gilby-Clarke-Gunsnroses-01.webp\" \/>\n\t<meta property=\"og:image:width\" content=\"800\" \/>\n\t<meta property=\"og:image:height\" content=\"1200\" \/>\n\t<meta property=\"og:image:type\" content=\"image\/webp\" \/>\n<meta name=\"twitter:card\" content=\"summary_large_image\" \/>\n<meta name=\"twitter:label1\" content=\"Est. reading time\" \/>\n\t<meta name=\"twitter:data1\" content=\"1 minute\" \/>\n<script type=\"application\/ld+json\" class=\"yoast-schema-graph\">{\"@context\":\"https:\/\/schema.org\",\"@graph\":[{\"@type\":\"WebPage\",\"@id\":\"https:\/\/www.matts-guitar-shop.com\/en\/produit\/esp-traditional-telecaster-ex-gilby-clarke-use-your-illusion-tour-guns-n-roses\/\",\"url\":\"https:\/\/www.matts-guitar-shop.com\/en\/produit\/esp-traditional-telecaster-ex-gilby-clarke-use-your-illusion-tour-guns-n-roses\/\",\"name\":\"ESP Traditional Telecaster ex Gilby Clarke \u2013 Use Your Illusion Tour, Guns N\u2019 Roses - Matt&#039;s Guitar Shop\",\"isPartOf\":{\"@id\":\"https:\/\/www.matts-guitar-shop.com\/en\/#website\"},\"primaryImageOfPage\":{\"@id\":\"https:\/\/www.matts-guitar-shop.com\/en\/produit\/esp-traditional-telecaster-ex-gilby-clarke-use-your-illusion-tour-guns-n-roses\/#primaryimage\"},\"image\":{\"@id\":\"https:\/\/www.matts-guitar-shop.com\/en\/produit\/esp-traditional-telecaster-ex-gilby-clarke-use-your-illusion-tour-guns-n-roses\/#primaryimage\"},\"thumbnailUrl\":\"https:\/\/www.matts-guitar-shop.com\/wp-content\/uploads\/2026\/04\/ESP-Traditional-Telecaster-Owned-by-Gilby-Clarke-Gunsnroses-01.webp\",\"datePublished\":\"2026-04-11T16:51:25+00:00\",\"breadcrumb\":{\"@id\":\"https:\/\/www.matts-guitar-shop.com\/en\/produit\/esp-traditional-telecaster-ex-gilby-clarke-use-your-illusion-tour-guns-n-roses\/#breadcrumb\"},\"inLanguage\":\"en-US\",\"potentialAction\":[{\"@type\":\"ReadAction\",\"target\":[\"https:\/\/www.matts-guitar-shop.com\/en\/produit\/esp-traditional-telecaster-ex-gilby-clarke-use-your-illusion-tour-guns-n-roses\/\"]}]},{\"@type\":\"ImageObject\",\"inLanguage\":\"en-US\",\"@id\":\"https:\/\/www.matts-guitar-shop.com\/en\/produit\/esp-traditional-telecaster-ex-gilby-clarke-use-your-illusion-tour-guns-n-roses\/#primaryimage\",\"url\":\"https:\/\/www.matts-guitar-shop.com\/wp-content\/uploads\/2026\/04\/ESP-Traditional-Telecaster-Owned-by-Gilby-Clarke-Gunsnroses-01.webp\",\"contentUrl\":\"https:\/\/www.matts-guitar-shop.com\/wp-content\/uploads\/2026\/04\/ESP-Traditional-Telecaster-Owned-by-Gilby-Clarke-Gunsnroses-01.webp\",\"width\":800,\"height\":1200},{\"@type\":\"BreadcrumbList\",\"@id\":\"https:\/\/www.matts-guitar-shop.com\/en\/produit\/esp-traditional-telecaster-ex-gilby-clarke-use-your-illusion-tour-guns-n-roses\/#breadcrumb\",\"itemListElement\":[{\"@type\":\"ListItem\",\"position\":1,\"name\":\"Home\",\"item\":\"https:\/\/www.matts-guitar-shop.com\/en\/\"},{\"@type\":\"ListItem\",\"position\":2,\"name\":\"Shop\",\"item\":\"https:\/\/www.matts-guitar-shop.com\/en\/shop\/\"},{\"@type\":\"ListItem\",\"position\":3,\"name\":\"ESP Traditional Telecaster ex Gilby Clarke \u2013 Use Your Illusion Tour, Guns N\u2019 Roses\"}]},{\"@type\":\"WebSite\",\"@id\":\"https:\/\/www.matts-guitar-shop.com\/en\/#website\",\"url\":\"https:\/\/www.matts-guitar-shop.com\/en\/\",\"name\":\"matts-guitar-shop.com\",\"description\":\"Guitar Shop\",\"publisher\":{\"@id\":\"https:\/\/www.matts-guitar-shop.com\/en\/#organization\"},\"potentialAction\":[{\"@type\":\"SearchAction\",\"target\":{\"@type\":\"EntryPoint\",\"urlTemplate\":\"https:\/\/www.matts-guitar-shop.com\/en\/?s={search_term_string}\"},\"query-input\":{\"@type\":\"PropertyValueSpecification\",\"valueRequired\":true,\"valueName\":\"search_term_string\"}}],\"inLanguage\":\"en-US\"},{\"@type\":\"Organization\",\"@id\":\"https:\/\/www.matts-guitar-shop.com\/en\/#organization\",\"name\":\"matts-guitar-shop.com\",\"url\":\"https:\/\/www.matts-guitar-shop.com\/en\/\",\"logo\":{\"@type\":\"ImageObject\",\"inLanguage\":\"en-US\",\"@id\":\"https:\/\/www.matts-guitar-shop.com\/en\/#\/schema\/logo\/image\/\",\"url\":\"https:\/\/www.matts-guitar-shop.com\/wp-content\/uploads\/2024\/09\/MGS-logo-site-02.png\",\"contentUrl\":\"https:\/\/www.matts-guitar-shop.com\/wp-content\/uploads\/2024\/09\/MGS-logo-site-02.png\",\"width\":200,\"height\":122,\"caption\":\"matts-guitar-shop.com\"},\"image\":{\"@id\":\"https:\/\/www.matts-guitar-shop.com\/en\/#\/schema\/logo\/image\/\"},\"sameAs\":[\"https:\/\/www.facebook.com\/profile.php?id=100044359842817\",\"https:\/\/www.instagram.com\/mattsguitarshop\/\",\"https:\/\/www.youtube.com\/@MattLucasMan\/videos\"]}]}<\/script>\n<!-- \/ Yoast SEO plugin. -->","yoast_head_json":{"title":"ESP Traditional Telecaster ex Gilby Clarke \u2013 Use Your Illusion Tour, Guns N\u2019 Roses - Matt&#039;s Guitar Shop","robots":{"index":"index","follow":"follow","max-snippet":"max-snippet:-1","max-image-preview":"max-image-preview:large","max-video-preview":"max-video-preview:-1"},"canonical":"https:\/\/www.matts-guitar-shop.com\/en\/produit\/esp-traditional-telecaster-ex-gilby-clarke-use-your-illusion-tour-guns-n-roses\/","og_locale":"en_US","og_type":"article","og_title":"ESP Traditional Telecaster ex Gilby Clarke \u2013 Use Your Illusion Tour, Guns N\u2019 Roses - Matt&#039;s Guitar Shop","og_description":"Provenant directement de la collection de Gilby Clarke, cette Telecaster ESP noire sur mesure constitue un t\u00e9moignage privil\u00e9gi\u00e9 de l'\u00e8re Use Your Illusion. Con\u00e7ue sp\u00e9cifiquement pour le guitariste d'apr\u00e8s l'un de ses mod\u00e8les vintage des ann\u00e9es 60, elle l'a accompagn\u00e9 sur les sc\u00e8nes les plus prestigieuses du globe aux c\u00f4t\u00e9s de Slash. Cet instrument est indissociable de moments forts du r\u00e9pertoire de Guns N' Roses, ayant \u00e9t\u00e9 utilis\u00e9 notamment pour l'interpr\u00e9tation de titres comme \"Patience\" ou la reprise de \"Wild Horses\". Livr\u00e9e dans son \u00e9tui d'origine floqu\u00e9 au nom du musicien, cette pi\u00e8ce rare incarne l'\u00e9nergie d'une p\u00e9riode mythique de l'histoire du hard rock.","og_url":"https:\/\/www.matts-guitar-shop.com\/en\/produit\/esp-traditional-telecaster-ex-gilby-clarke-use-your-illusion-tour-guns-n-roses\/","og_site_name":"Matt&#039;s Guitar Shop","article_publisher":"https:\/\/www.facebook.com\/profile.php?id=100044359842817","og_image":[{"width":800,"height":1200,"url":"https:\/\/www.matts-guitar-shop.com\/wp-content\/uploads\/2026\/04\/ESP-Traditional-Telecaster-Owned-by-Gilby-Clarke-Gunsnroses-01.webp","type":"image\/webp"}],"twitter_card":"summary_large_image","twitter_misc":{"Est. reading time":"1 minute"},"schema":{"@context":"https:\/\/schema.org","@graph":[{"@type":"WebPage","@id":"https:\/\/www.matts-guitar-shop.com\/en\/produit\/esp-traditional-telecaster-ex-gilby-clarke-use-your-illusion-tour-guns-n-roses\/","url":"https:\/\/www.matts-guitar-shop.com\/en\/produit\/esp-traditional-telecaster-ex-gilby-clarke-use-your-illusion-tour-guns-n-roses\/","name":"ESP Traditional Telecaster ex Gilby Clarke \u2013 Use Your Illusion Tour, Guns N\u2019 Roses - Matt&#039;s Guitar Shop","isPartOf":{"@id":"https:\/\/www.matts-guitar-shop.com\/en\/#website"},"primaryImageOfPage":{"@id":"https:\/\/www.matts-guitar-shop.com\/en\/produit\/esp-traditional-telecaster-ex-gilby-clarke-use-your-illusion-tour-guns-n-roses\/#primaryimage"},"image":{"@id":"https:\/\/www.matts-guitar-shop.com\/en\/produit\/esp-traditional-telecaster-ex-gilby-clarke-use-your-illusion-tour-guns-n-roses\/#primaryimage"},"thumbnailUrl":"https:\/\/www.matts-guitar-shop.com\/wp-content\/uploads\/2026\/04\/ESP-Traditional-Telecaster-Owned-by-Gilby-Clarke-Gunsnroses-01.webp","datePublished":"2026-04-11T16:51:25+00:00","breadcrumb":{"@id":"https:\/\/www.matts-guitar-shop.com\/en\/produit\/esp-traditional-telecaster-ex-gilby-clarke-use-your-illusion-tour-guns-n-roses\/#breadcrumb"},"inLanguage":"en-US","potentialAction":[{"@type":"ReadAction","target":["https:\/\/www.matts-guitar-shop.com\/en\/produit\/esp-traditional-telecaster-ex-gilby-clarke-use-your-illusion-tour-guns-n-roses\/"]}]},{"@type":"ImageObject","inLanguage":"en-US","@id":"https:\/\/www.matts-guitar-shop.com\/en\/produit\/esp-traditional-telecaster-ex-gilby-clarke-use-your-illusion-tour-guns-n-roses\/#primaryimage","url":"https:\/\/www.matts-guitar-shop.com\/wp-content\/uploads\/2026\/04\/ESP-Traditional-Telecaster-Owned-by-Gilby-Clarke-Gunsnroses-01.webp","contentUrl":"https:\/\/www.matts-guitar-shop.com\/wp-content\/uploads\/2026\/04\/ESP-Traditional-Telecaster-Owned-by-Gilby-Clarke-Gunsnroses-01.webp","width":800,"height":1200},{"@type":"BreadcrumbList","@id":"https:\/\/www.matts-guitar-shop.com\/en\/produit\/esp-traditional-telecaster-ex-gilby-clarke-use-your-illusion-tour-guns-n-roses\/#breadcrumb","itemListElement":[{"@type":"ListItem","position":1,"name":"Home","item":"https:\/\/www.matts-guitar-shop.com\/en\/"},{"@type":"ListItem","position":2,"name":"Shop","item":"https:\/\/www.matts-guitar-shop.com\/en\/shop\/"},{"@type":"ListItem","position":3,"name":"ESP Traditional Telecaster ex Gilby Clarke \u2013 Use Your Illusion Tour, Guns N\u2019 Roses"}]},{"@type":"WebSite","@id":"https:\/\/www.matts-guitar-shop.com\/en\/#website","url":"https:\/\/www.matts-guitar-shop.com\/en\/","name":"matts-guitar-shop.com","description":"Guitar Shop","publisher":{"@id":"https:\/\/www.matts-guitar-shop.com\/en\/#organization"},"potentialAction":[{"@type":"SearchAction","target":{"@type":"EntryPoint","urlTemplate":"https:\/\/www.matts-guitar-shop.com\/en\/?s={search_term_string}"},"query-input":{"@type":"PropertyValueSpecification","valueRequired":true,"valueName":"search_term_string"}}],"inLanguage":"en-US"},{"@type":"Organization","@id":"https:\/\/www.matts-guitar-shop.com\/en\/#organization","name":"matts-guitar-shop.com","url":"https:\/\/www.matts-guitar-shop.com\/en\/","logo":{"@type":"ImageObject","inLanguage":"en-US","@id":"https:\/\/www.matts-guitar-shop.com\/en\/#\/schema\/logo\/image\/","url":"https:\/\/www.matts-guitar-shop.com\/wp-content\/uploads\/2024\/09\/MGS-logo-site-02.png","contentUrl":"https:\/\/www.matts-guitar-shop.com\/wp-content\/uploads\/2024\/09\/MGS-logo-site-02.png","width":200,"height":122,"caption":"matts-guitar-shop.com"},"image":{"@id":"https:\/\/www.matts-guitar-shop.com\/en\/#\/schema\/logo\/image\/"},"sameAs":["https:\/\/www.facebook.com\/profile.php?id=100044359842817","https:\/\/www.instagram.com\/mattsguitarshop\/","https:\/\/www.youtube.com\/@MattLucasMan\/videos"]}]}},"_links":{"self":[{"href":"https:\/\/www.matts-guitar-shop.com\/en\/wp-json\/wp\/v2\/product\/34928","targetHints":{"allow":["GET"]}}],"collection":[{"href":"https:\/\/www.matts-guitar-shop.com\/en\/wp-json\/wp\/v2\/product"}],"about":[{"href":"https:\/\/www.matts-guitar-shop.com\/en\/wp-json\/wp\/v2\/types\/product"}],"replies":[{"embeddable":true,"href":"https:\/\/www.matts-guitar-shop.com\/en\/wp-json\/wp\/v2\/comments?post=34928"}],"wp:featuredmedia":[{"embeddable":true,"href":"https:\/\/www.matts-guitar-shop.com\/en\/wp-json\/wp\/v2\/media\/34929"}],"wp:attachment":[{"href":"https:\/\/www.matts-guitar-shop.com\/en\/wp-json\/wp\/v2\/media?parent=34928"}],"wp:term":[{"taxonomy":"product_brand","embeddable":true,"href":"https:\/\/www.matts-guitar-shop.com\/en\/wp-json\/wp\/v2\/product_brand?post=34928"},{"taxonomy":"product_cat","embeddable":true,"href":"https:\/\/www.matts-guitar-shop.com\/en\/wp-json\/wp\/v2\/product_cat?post=34928"},{"taxonomy":"product_tag","embeddable":true,"href":"https:\/\/www.matts-guitar-shop.com\/en\/wp-json\/wp\/v2\/product_tag?post=34928"}],"curies":[{"name":"wp","href":"https:\/\/api.w.org\/{rel}","templated":true}]}}