{"id":33622,"date":"2026-04-09T19:58:51","date_gmt":"2026-04-09T17:58:51","guid":{"rendered":"https:\/\/www.matts-guitar-shop.com\/?post_type=product&#038;p=33622"},"modified":"2026-04-09T20:02:10","modified_gmt":"2026-04-09T18:02:10","slug":"gibson-dave-grohl-dg-335-alpine-white","status":"publish","type":"product","link":"https:\/\/www.matts-guitar-shop.com\/en\/produit\/gibson-dave-grohl-dg-335-alpine-white\/","title":{"rendered":"Gibson Dave Grohl DG 335 Alpine White"},"content":{"rendered":"","protected":false},"excerpt":{"rendered":"<p>Le r\u00e9cent lancement par Gibson Custom de la Dave Grohl DG-335 en finition Alpine White marque les esprits avec une production limit\u00e9e \u00e0 seulement 50 exemplaires pour le monde entier. Fruit d&#8217;une recherche approfondie, trois de ces instruments rares ont rejoint notre s\u00e9lection, s&#8217;imposant d&#8217;embl\u00e9e comme l&#8217;une des plus grandes r\u00e9ussites de la marque ces derni\u00e8res ann\u00e9es. Entre une puissance sonore massive, une lutherie irr\u00e9prochable et un design iconique, ce mod\u00e8le r\u00e9unit toutes les qualit\u00e9s de la DG-335 id\u00e9ale, transcend\u00e9e par l&#8217;\u00e9l\u00e9gance de ce blanc immacul\u00e9. D\u00e9j\u00e0 per\u00e7ue comme un futur classique, cette pi\u00e8ce de collection ne compte d\u00e9sormais plus qu&#8217;un seul exemplaire disponible sur les trois initialement acquis, incarnant l&#8217;\u00e9nergie pure de Dave Grohl et l&#8217;excellence Gibson sans aucune concession.<\/p>\n","protected":false},"featured_media":33623,"comment_status":"closed","ping_status":"closed","template":"","meta":{"_et_pb_use_builder":"","_et_pb_old_content":"","_et_gb_content_width":""},"product_brand":[],"product_cat":[123,82,152],"product_tag":[],"class_list":{"0":"post-33622","1":"product","2":"type-product","3":"status-publish","4":"has-post-thumbnail","6":"product_cat-guitares-electriques","7":"product_cat-artistes","8":"product_cat-guitares","9":"pa_artiste-dave-grohl","10":"pa_disponibilite-en-vente","11":"pa_marque-gibson","13":"first","14":"instock","15":"shipping-taxable","16":"purchasable","17":"product-type-simple"},"yoast_head":"<!-- This site is optimized with the Yoast SEO plugin v26.8 - https:\/\/yoast.com\/product\/yoast-seo-wordpress\/ -->\n<title>Gibson Dave Grohl DG 335 Alpine White - Matt&#039;s Guitar Shop<\/title>\n<meta name=\"robots\" content=\"index, follow, max-snippet:-1, max-image-preview:large, max-video-preview:-1\" \/>\n<link rel=\"canonical\" href=\"https:\/\/www.matts-guitar-shop.com\/en\/produit\/gibson-dave-grohl-dg-335-alpine-white\/\" \/>\n<meta property=\"og:locale\" content=\"en_US\" \/>\n<meta property=\"og:type\" content=\"article\" \/>\n<meta property=\"og:title\" content=\"Gibson Dave Grohl DG 335 Alpine White - Matt&#039;s Guitar Shop\" \/>\n<meta property=\"og:description\" content=\"Le r\u00e9cent lancement par Gibson Custom de la Dave Grohl DG-335 en finition Alpine White marque les esprits avec une production limit\u00e9e \u00e0 seulement 50 exemplaires pour le monde entier. Fruit d&#039;une recherche approfondie, trois de ces instruments rares ont rejoint notre s\u00e9lection, s&#039;imposant d&#039;embl\u00e9e comme l&#039;une des plus grandes r\u00e9ussites de la marque ces derni\u00e8res ann\u00e9es. Entre une puissance sonore massive, une lutherie irr\u00e9prochable et un design iconique, ce mod\u00e8le r\u00e9unit toutes les qualit\u00e9s de la DG-335 id\u00e9ale, transcend\u00e9e par l&#039;\u00e9l\u00e9gance de ce blanc immacul\u00e9. D\u00e9j\u00e0 per\u00e7ue comme un futur classique, cette pi\u00e8ce de collection ne compte d\u00e9sormais plus qu&#039;un seul exemplaire disponible sur les trois initialement acquis, incarnant l&#039;\u00e9nergie pure de Dave Grohl et l&#039;excellence Gibson sans aucune concession.\" \/>\n<meta property=\"og:url\" content=\"https:\/\/www.matts-guitar-shop.com\/en\/produit\/gibson-dave-grohl-dg-335-alpine-white\/\" \/>\n<meta property=\"og:site_name\" content=\"Matt&#039;s Guitar Shop\" \/>\n<meta property=\"article:publisher\" content=\"https:\/\/www.facebook.com\/profile.php?id=100044359842817\" \/>\n<meta property=\"article:modified_time\" content=\"2026-04-09T18:02:10+00:00\" \/>\n<meta property=\"og:image\" content=\"https:\/\/www.matts-guitar-shop.com\/wp-content\/uploads\/2026\/04\/Gibson-Dave-Grohl-DG-335-Alpine-White-10.jpg\" \/>\n\t<meta property=\"og:image:width\" content=\"800\" \/>\n\t<meta property=\"og:image:height\" content=\"1200\" \/>\n\t<meta property=\"og:image:type\" content=\"image\/jpeg\" \/>\n<meta name=\"twitter:card\" content=\"summary_large_image\" \/>\n<meta name=\"twitter:label1\" content=\"Est. reading time\" \/>\n\t<meta name=\"twitter:data1\" content=\"1 minute\" \/>\n<script type=\"application\/ld+json\" class=\"yoast-schema-graph\">{\"@context\":\"https:\/\/schema.org\",\"@graph\":[{\"@type\":\"WebPage\",\"@id\":\"https:\/\/www.matts-guitar-shop.com\/en\/produit\/gibson-dave-grohl-dg-335-alpine-white\/\",\"url\":\"https:\/\/www.matts-guitar-shop.com\/en\/produit\/gibson-dave-grohl-dg-335-alpine-white\/\",\"name\":\"Gibson Dave Grohl DG 335 Alpine White - Matt&#039;s Guitar Shop\",\"isPartOf\":{\"@id\":\"https:\/\/www.matts-guitar-shop.com\/en\/#website\"},\"primaryImageOfPage\":{\"@id\":\"https:\/\/www.matts-guitar-shop.com\/en\/produit\/gibson-dave-grohl-dg-335-alpine-white\/#primaryimage\"},\"image\":{\"@id\":\"https:\/\/www.matts-guitar-shop.com\/en\/produit\/gibson-dave-grohl-dg-335-alpine-white\/#primaryimage\"},\"thumbnailUrl\":\"https:\/\/www.matts-guitar-shop.com\/wp-content\/uploads\/2026\/04\/Gibson-Dave-Grohl-DG-335-Alpine-White-10.jpg\",\"datePublished\":\"2026-04-09T17:58:51+00:00\",\"dateModified\":\"2026-04-09T18:02:10+00:00\",\"breadcrumb\":{\"@id\":\"https:\/\/www.matts-guitar-shop.com\/en\/produit\/gibson-dave-grohl-dg-335-alpine-white\/#breadcrumb\"},\"inLanguage\":\"en-US\",\"potentialAction\":[{\"@type\":\"ReadAction\",\"target\":[\"https:\/\/www.matts-guitar-shop.com\/en\/produit\/gibson-dave-grohl-dg-335-alpine-white\/\"]}]},{\"@type\":\"ImageObject\",\"inLanguage\":\"en-US\",\"@id\":\"https:\/\/www.matts-guitar-shop.com\/en\/produit\/gibson-dave-grohl-dg-335-alpine-white\/#primaryimage\",\"url\":\"https:\/\/www.matts-guitar-shop.com\/wp-content\/uploads\/2026\/04\/Gibson-Dave-Grohl-DG-335-Alpine-White-10.jpg\",\"contentUrl\":\"https:\/\/www.matts-guitar-shop.com\/wp-content\/uploads\/2026\/04\/Gibson-Dave-Grohl-DG-335-Alpine-White-10.jpg\",\"width\":800,\"height\":1200},{\"@type\":\"BreadcrumbList\",\"@id\":\"https:\/\/www.matts-guitar-shop.com\/en\/produit\/gibson-dave-grohl-dg-335-alpine-white\/#breadcrumb\",\"itemListElement\":[{\"@type\":\"ListItem\",\"position\":1,\"name\":\"Home\",\"item\":\"https:\/\/www.matts-guitar-shop.com\/en\/\"},{\"@type\":\"ListItem\",\"position\":2,\"name\":\"Shop\",\"item\":\"https:\/\/www.matts-guitar-shop.com\/en\/shop\/\"},{\"@type\":\"ListItem\",\"position\":3,\"name\":\"Gibson Dave Grohl DG 335 Alpine White\"}]},{\"@type\":\"WebSite\",\"@id\":\"https:\/\/www.matts-guitar-shop.com\/en\/#website\",\"url\":\"https:\/\/www.matts-guitar-shop.com\/en\/\",\"name\":\"matts-guitar-shop.com\",\"description\":\"Guitar Shop\",\"publisher\":{\"@id\":\"https:\/\/www.matts-guitar-shop.com\/en\/#organization\"},\"potentialAction\":[{\"@type\":\"SearchAction\",\"target\":{\"@type\":\"EntryPoint\",\"urlTemplate\":\"https:\/\/www.matts-guitar-shop.com\/en\/?s={search_term_string}\"},\"query-input\":{\"@type\":\"PropertyValueSpecification\",\"valueRequired\":true,\"valueName\":\"search_term_string\"}}],\"inLanguage\":\"en-US\"},{\"@type\":\"Organization\",\"@id\":\"https:\/\/www.matts-guitar-shop.com\/en\/#organization\",\"name\":\"matts-guitar-shop.com\",\"url\":\"https:\/\/www.matts-guitar-shop.com\/en\/\",\"logo\":{\"@type\":\"ImageObject\",\"inLanguage\":\"en-US\",\"@id\":\"https:\/\/www.matts-guitar-shop.com\/en\/#\/schema\/logo\/image\/\",\"url\":\"https:\/\/www.matts-guitar-shop.com\/wp-content\/uploads\/2024\/09\/MGS-logo-site-02.png\",\"contentUrl\":\"https:\/\/www.matts-guitar-shop.com\/wp-content\/uploads\/2024\/09\/MGS-logo-site-02.png\",\"width\":200,\"height\":122,\"caption\":\"matts-guitar-shop.com\"},\"image\":{\"@id\":\"https:\/\/www.matts-guitar-shop.com\/en\/#\/schema\/logo\/image\/\"},\"sameAs\":[\"https:\/\/www.facebook.com\/profile.php?id=100044359842817\",\"https:\/\/www.instagram.com\/mattsguitarshop\/\",\"https:\/\/www.youtube.com\/@MattLucasMan\/videos\"]}]}<\/script>\n<!-- \/ Yoast SEO plugin. -->","yoast_head_json":{"title":"Gibson Dave Grohl DG 335 Alpine White - Matt&#039;s Guitar Shop","robots":{"index":"index","follow":"follow","max-snippet":"max-snippet:-1","max-image-preview":"max-image-preview:large","max-video-preview":"max-video-preview:-1"},"canonical":"https:\/\/www.matts-guitar-shop.com\/en\/produit\/gibson-dave-grohl-dg-335-alpine-white\/","og_locale":"en_US","og_type":"article","og_title":"Gibson Dave Grohl DG 335 Alpine White - Matt&#039;s Guitar Shop","og_description":"Le r\u00e9cent lancement par Gibson Custom de la Dave Grohl DG-335 en finition Alpine White marque les esprits avec une production limit\u00e9e \u00e0 seulement 50 exemplaires pour le monde entier. Fruit d'une recherche approfondie, trois de ces instruments rares ont rejoint notre s\u00e9lection, s'imposant d'embl\u00e9e comme l'une des plus grandes r\u00e9ussites de la marque ces derni\u00e8res ann\u00e9es. Entre une puissance sonore massive, une lutherie irr\u00e9prochable et un design iconique, ce mod\u00e8le r\u00e9unit toutes les qualit\u00e9s de la DG-335 id\u00e9ale, transcend\u00e9e par l'\u00e9l\u00e9gance de ce blanc immacul\u00e9. D\u00e9j\u00e0 per\u00e7ue comme un futur classique, cette pi\u00e8ce de collection ne compte d\u00e9sormais plus qu'un seul exemplaire disponible sur les trois initialement acquis, incarnant l'\u00e9nergie pure de Dave Grohl et l'excellence Gibson sans aucune concession.","og_url":"https:\/\/www.matts-guitar-shop.com\/en\/produit\/gibson-dave-grohl-dg-335-alpine-white\/","og_site_name":"Matt&#039;s Guitar Shop","article_publisher":"https:\/\/www.facebook.com\/profile.php?id=100044359842817","article_modified_time":"2026-04-09T18:02:10+00:00","og_image":[{"width":800,"height":1200,"url":"https:\/\/www.matts-guitar-shop.com\/wp-content\/uploads\/2026\/04\/Gibson-Dave-Grohl-DG-335-Alpine-White-10.jpg","type":"image\/jpeg"}],"twitter_card":"summary_large_image","twitter_misc":{"Est. reading time":"1 minute"},"schema":{"@context":"https:\/\/schema.org","@graph":[{"@type":"WebPage","@id":"https:\/\/www.matts-guitar-shop.com\/en\/produit\/gibson-dave-grohl-dg-335-alpine-white\/","url":"https:\/\/www.matts-guitar-shop.com\/en\/produit\/gibson-dave-grohl-dg-335-alpine-white\/","name":"Gibson Dave Grohl DG 335 Alpine White - Matt&#039;s Guitar Shop","isPartOf":{"@id":"https:\/\/www.matts-guitar-shop.com\/en\/#website"},"primaryImageOfPage":{"@id":"https:\/\/www.matts-guitar-shop.com\/en\/produit\/gibson-dave-grohl-dg-335-alpine-white\/#primaryimage"},"image":{"@id":"https:\/\/www.matts-guitar-shop.com\/en\/produit\/gibson-dave-grohl-dg-335-alpine-white\/#primaryimage"},"thumbnailUrl":"https:\/\/www.matts-guitar-shop.com\/wp-content\/uploads\/2026\/04\/Gibson-Dave-Grohl-DG-335-Alpine-White-10.jpg","datePublished":"2026-04-09T17:58:51+00:00","dateModified":"2026-04-09T18:02:10+00:00","breadcrumb":{"@id":"https:\/\/www.matts-guitar-shop.com\/en\/produit\/gibson-dave-grohl-dg-335-alpine-white\/#breadcrumb"},"inLanguage":"en-US","potentialAction":[{"@type":"ReadAction","target":["https:\/\/www.matts-guitar-shop.com\/en\/produit\/gibson-dave-grohl-dg-335-alpine-white\/"]}]},{"@type":"ImageObject","inLanguage":"en-US","@id":"https:\/\/www.matts-guitar-shop.com\/en\/produit\/gibson-dave-grohl-dg-335-alpine-white\/#primaryimage","url":"https:\/\/www.matts-guitar-shop.com\/wp-content\/uploads\/2026\/04\/Gibson-Dave-Grohl-DG-335-Alpine-White-10.jpg","contentUrl":"https:\/\/www.matts-guitar-shop.com\/wp-content\/uploads\/2026\/04\/Gibson-Dave-Grohl-DG-335-Alpine-White-10.jpg","width":800,"height":1200},{"@type":"BreadcrumbList","@id":"https:\/\/www.matts-guitar-shop.com\/en\/produit\/gibson-dave-grohl-dg-335-alpine-white\/#breadcrumb","itemListElement":[{"@type":"ListItem","position":1,"name":"Home","item":"https:\/\/www.matts-guitar-shop.com\/en\/"},{"@type":"ListItem","position":2,"name":"Shop","item":"https:\/\/www.matts-guitar-shop.com\/en\/shop\/"},{"@type":"ListItem","position":3,"name":"Gibson Dave Grohl DG 335 Alpine White"}]},{"@type":"WebSite","@id":"https:\/\/www.matts-guitar-shop.com\/en\/#website","url":"https:\/\/www.matts-guitar-shop.com\/en\/","name":"matts-guitar-shop.com","description":"Guitar Shop","publisher":{"@id":"https:\/\/www.matts-guitar-shop.com\/en\/#organization"},"potentialAction":[{"@type":"SearchAction","target":{"@type":"EntryPoint","urlTemplate":"https:\/\/www.matts-guitar-shop.com\/en\/?s={search_term_string}"},"query-input":{"@type":"PropertyValueSpecification","valueRequired":true,"valueName":"search_term_string"}}],"inLanguage":"en-US"},{"@type":"Organization","@id":"https:\/\/www.matts-guitar-shop.com\/en\/#organization","name":"matts-guitar-shop.com","url":"https:\/\/www.matts-guitar-shop.com\/en\/","logo":{"@type":"ImageObject","inLanguage":"en-US","@id":"https:\/\/www.matts-guitar-shop.com\/en\/#\/schema\/logo\/image\/","url":"https:\/\/www.matts-guitar-shop.com\/wp-content\/uploads\/2024\/09\/MGS-logo-site-02.png","contentUrl":"https:\/\/www.matts-guitar-shop.com\/wp-content\/uploads\/2024\/09\/MGS-logo-site-02.png","width":200,"height":122,"caption":"matts-guitar-shop.com"},"image":{"@id":"https:\/\/www.matts-guitar-shop.com\/en\/#\/schema\/logo\/image\/"},"sameAs":["https:\/\/www.facebook.com\/profile.php?id=100044359842817","https:\/\/www.instagram.com\/mattsguitarshop\/","https:\/\/www.youtube.com\/@MattLucasMan\/videos"]}]}},"_links":{"self":[{"href":"https:\/\/www.matts-guitar-shop.com\/en\/wp-json\/wp\/v2\/product\/33622","targetHints":{"allow":["GET"]}}],"collection":[{"href":"https:\/\/www.matts-guitar-shop.com\/en\/wp-json\/wp\/v2\/product"}],"about":[{"href":"https:\/\/www.matts-guitar-shop.com\/en\/wp-json\/wp\/v2\/types\/product"}],"replies":[{"embeddable":true,"href":"https:\/\/www.matts-guitar-shop.com\/en\/wp-json\/wp\/v2\/comments?post=33622"}],"wp:featuredmedia":[{"embeddable":true,"href":"https:\/\/www.matts-guitar-shop.com\/en\/wp-json\/wp\/v2\/media\/33623"}],"wp:attachment":[{"href":"https:\/\/www.matts-guitar-shop.com\/en\/wp-json\/wp\/v2\/media?parent=33622"}],"wp:term":[{"taxonomy":"product_brand","embeddable":true,"href":"https:\/\/www.matts-guitar-shop.com\/en\/wp-json\/wp\/v2\/product_brand?post=33622"},{"taxonomy":"product_cat","embeddable":true,"href":"https:\/\/www.matts-guitar-shop.com\/en\/wp-json\/wp\/v2\/product_cat?post=33622"},{"taxonomy":"product_tag","embeddable":true,"href":"https:\/\/www.matts-guitar-shop.com\/en\/wp-json\/wp\/v2\/product_tag?post=33622"}],"curies":[{"name":"wp","href":"https:\/\/api.w.org\/{rel}","templated":true}]}}