{"id":33573,"date":"2026-04-09T19:52:18","date_gmt":"2026-04-09T17:52:18","guid":{"rendered":"https:\/\/www.matts-guitar-shop.com\/?post_type=product&#038;p=33573"},"modified":"2026-04-09T19:52:26","modified_gmt":"2026-04-09T17:52:26","slug":"fender-stratocaster-cs-s-21-super-heavy-relic","status":"publish","type":"product","link":"https:\/\/www.matts-guitar-shop.com\/en\/produit\/fender-stratocaster-cs-s-21-super-heavy-relic\/","title":{"rendered":"Fender Stratocaster CS S-21 super heavy relic"},"content":{"rendered":"<p>Fender Stratocaster Custom Shop S-21 super heavy relic<\/p>\n","protected":false},"excerpt":{"rendered":"<p>Marqu\u00e9e par un traitement Super Heavy Relic particuli\u00e8rement prononc\u00e9, cette Fender Stratocaster Custom Shop S-21 s&#8217;affirme par son temp\u00e9rament visuel brut. Con\u00e7ue pour restituer les sensations d&#8217;un instrument intens\u00e9ment pratiqu\u00e9, elle offre une prise en main imm\u00e9diate et un confort de jeu organique. Il s&#8217;agit d&#8217;une Stratocaster au caract\u00e8re assum\u00e9, destin\u00e9e aux musiciens en qu\u00eate d&#8217;une connexion physique et directe avec leur instrument.<\/p>\n","protected":false},"featured_media":33574,"comment_status":"closed","ping_status":"closed","template":"","meta":{"_et_pb_use_builder":"","_et_pb_old_content":"","_et_gb_content_width":""},"product_brand":[],"product_cat":[123,152],"product_tag":[],"class_list":{"0":"post-33573","1":"product","2":"type-product","3":"status-publish","4":"has-post-thumbnail","6":"product_cat-guitares-electriques","7":"product_cat-guitares","8":"pa_disponibilite-en-vente","9":"pa_marque-fender","11":"first","12":"instock","13":"shipping-taxable","14":"purchasable","15":"product-type-simple"},"yoast_head":"<!-- This site is optimized with the Yoast SEO plugin v26.8 - https:\/\/yoast.com\/product\/yoast-seo-wordpress\/ -->\n<title>Fender Stratocaster CS S-21 super heavy relic - Matt&#039;s Guitar Shop<\/title>\n<meta name=\"robots\" content=\"index, follow, max-snippet:-1, max-image-preview:large, max-video-preview:-1\" \/>\n<link rel=\"canonical\" href=\"https:\/\/www.matts-guitar-shop.com\/en\/produit\/fender-stratocaster-cs-s-21-super-heavy-relic\/\" \/>\n<meta property=\"og:locale\" content=\"en_US\" \/>\n<meta property=\"og:type\" content=\"article\" \/>\n<meta property=\"og:title\" content=\"Fender Stratocaster CS S-21 super heavy relic - Matt&#039;s Guitar Shop\" \/>\n<meta property=\"og:description\" content=\"Marqu\u00e9e par un traitement Super Heavy Relic particuli\u00e8rement prononc\u00e9, cette Fender Stratocaster Custom Shop S-21 s&#039;affirme par son temp\u00e9rament visuel brut. Con\u00e7ue pour restituer les sensations d&#039;un instrument intens\u00e9ment pratiqu\u00e9, elle offre une prise en main imm\u00e9diate et un confort de jeu organique. Il s&#039;agit d&#039;une Stratocaster au caract\u00e8re assum\u00e9, destin\u00e9e aux musiciens en qu\u00eate d&#039;une connexion physique et directe avec leur instrument.\" \/>\n<meta property=\"og:url\" content=\"https:\/\/www.matts-guitar-shop.com\/en\/produit\/fender-stratocaster-cs-s-21-super-heavy-relic\/\" \/>\n<meta property=\"og:site_name\" content=\"Matt&#039;s Guitar Shop\" \/>\n<meta property=\"article:publisher\" content=\"https:\/\/www.facebook.com\/profile.php?id=100044359842817\" \/>\n<meta property=\"article:modified_time\" content=\"2026-04-09T17:52:26+00:00\" \/>\n<meta property=\"og:image\" content=\"https:\/\/www.matts-guitar-shop.com\/wp-content\/uploads\/2026\/04\/Fender-Stratocaster-Custom-Shop-S-21-Super-Heavy-Relic-01.jpg\" \/>\n\t<meta property=\"og:image:width\" content=\"800\" \/>\n\t<meta property=\"og:image:height\" content=\"1200\" \/>\n\t<meta property=\"og:image:type\" content=\"image\/jpeg\" \/>\n<meta name=\"twitter:card\" content=\"summary_large_image\" \/>\n<meta name=\"twitter:label1\" content=\"Est. reading time\" \/>\n\t<meta name=\"twitter:data1\" content=\"1 minute\" \/>\n<script type=\"application\/ld+json\" class=\"yoast-schema-graph\">{\"@context\":\"https:\/\/schema.org\",\"@graph\":[{\"@type\":\"WebPage\",\"@id\":\"https:\/\/www.matts-guitar-shop.com\/en\/produit\/fender-stratocaster-cs-s-21-super-heavy-relic\/\",\"url\":\"https:\/\/www.matts-guitar-shop.com\/en\/produit\/fender-stratocaster-cs-s-21-super-heavy-relic\/\",\"name\":\"Fender Stratocaster CS S-21 super heavy relic - Matt&#039;s Guitar Shop\",\"isPartOf\":{\"@id\":\"https:\/\/www.matts-guitar-shop.com\/en\/#website\"},\"primaryImageOfPage\":{\"@id\":\"https:\/\/www.matts-guitar-shop.com\/en\/produit\/fender-stratocaster-cs-s-21-super-heavy-relic\/#primaryimage\"},\"image\":{\"@id\":\"https:\/\/www.matts-guitar-shop.com\/en\/produit\/fender-stratocaster-cs-s-21-super-heavy-relic\/#primaryimage\"},\"thumbnailUrl\":\"https:\/\/www.matts-guitar-shop.com\/wp-content\/uploads\/2026\/04\/Fender-Stratocaster-Custom-Shop-S-21-Super-Heavy-Relic-01.jpg\",\"datePublished\":\"2026-04-09T17:52:18+00:00\",\"dateModified\":\"2026-04-09T17:52:26+00:00\",\"breadcrumb\":{\"@id\":\"https:\/\/www.matts-guitar-shop.com\/en\/produit\/fender-stratocaster-cs-s-21-super-heavy-relic\/#breadcrumb\"},\"inLanguage\":\"en-US\",\"potentialAction\":[{\"@type\":\"ReadAction\",\"target\":[\"https:\/\/www.matts-guitar-shop.com\/en\/produit\/fender-stratocaster-cs-s-21-super-heavy-relic\/\"]}]},{\"@type\":\"ImageObject\",\"inLanguage\":\"en-US\",\"@id\":\"https:\/\/www.matts-guitar-shop.com\/en\/produit\/fender-stratocaster-cs-s-21-super-heavy-relic\/#primaryimage\",\"url\":\"https:\/\/www.matts-guitar-shop.com\/wp-content\/uploads\/2026\/04\/Fender-Stratocaster-Custom-Shop-S-21-Super-Heavy-Relic-01.jpg\",\"contentUrl\":\"https:\/\/www.matts-guitar-shop.com\/wp-content\/uploads\/2026\/04\/Fender-Stratocaster-Custom-Shop-S-21-Super-Heavy-Relic-01.jpg\",\"width\":800,\"height\":1200},{\"@type\":\"BreadcrumbList\",\"@id\":\"https:\/\/www.matts-guitar-shop.com\/en\/produit\/fender-stratocaster-cs-s-21-super-heavy-relic\/#breadcrumb\",\"itemListElement\":[{\"@type\":\"ListItem\",\"position\":1,\"name\":\"Home\",\"item\":\"https:\/\/www.matts-guitar-shop.com\/en\/\"},{\"@type\":\"ListItem\",\"position\":2,\"name\":\"Shop\",\"item\":\"https:\/\/www.matts-guitar-shop.com\/en\/shop\/\"},{\"@type\":\"ListItem\",\"position\":3,\"name\":\"Fender Stratocaster CS S-21 super heavy relic\"}]},{\"@type\":\"WebSite\",\"@id\":\"https:\/\/www.matts-guitar-shop.com\/en\/#website\",\"url\":\"https:\/\/www.matts-guitar-shop.com\/en\/\",\"name\":\"matts-guitar-shop.com\",\"description\":\"Guitar Shop\",\"publisher\":{\"@id\":\"https:\/\/www.matts-guitar-shop.com\/en\/#organization\"},\"potentialAction\":[{\"@type\":\"SearchAction\",\"target\":{\"@type\":\"EntryPoint\",\"urlTemplate\":\"https:\/\/www.matts-guitar-shop.com\/en\/?s={search_term_string}\"},\"query-input\":{\"@type\":\"PropertyValueSpecification\",\"valueRequired\":true,\"valueName\":\"search_term_string\"}}],\"inLanguage\":\"en-US\"},{\"@type\":\"Organization\",\"@id\":\"https:\/\/www.matts-guitar-shop.com\/en\/#organization\",\"name\":\"matts-guitar-shop.com\",\"url\":\"https:\/\/www.matts-guitar-shop.com\/en\/\",\"logo\":{\"@type\":\"ImageObject\",\"inLanguage\":\"en-US\",\"@id\":\"https:\/\/www.matts-guitar-shop.com\/en\/#\/schema\/logo\/image\/\",\"url\":\"https:\/\/www.matts-guitar-shop.com\/wp-content\/uploads\/2024\/09\/MGS-logo-site-02.png\",\"contentUrl\":\"https:\/\/www.matts-guitar-shop.com\/wp-content\/uploads\/2024\/09\/MGS-logo-site-02.png\",\"width\":200,\"height\":122,\"caption\":\"matts-guitar-shop.com\"},\"image\":{\"@id\":\"https:\/\/www.matts-guitar-shop.com\/en\/#\/schema\/logo\/image\/\"},\"sameAs\":[\"https:\/\/www.facebook.com\/profile.php?id=100044359842817\",\"https:\/\/www.instagram.com\/mattsguitarshop\/\",\"https:\/\/www.youtube.com\/@MattLucasMan\/videos\"]}]}<\/script>\n<!-- \/ Yoast SEO plugin. -->","yoast_head_json":{"title":"Fender Stratocaster CS S-21 super heavy relic - Matt&#039;s Guitar Shop","robots":{"index":"index","follow":"follow","max-snippet":"max-snippet:-1","max-image-preview":"max-image-preview:large","max-video-preview":"max-video-preview:-1"},"canonical":"https:\/\/www.matts-guitar-shop.com\/en\/produit\/fender-stratocaster-cs-s-21-super-heavy-relic\/","og_locale":"en_US","og_type":"article","og_title":"Fender Stratocaster CS S-21 super heavy relic - Matt&#039;s Guitar Shop","og_description":"Marqu\u00e9e par un traitement Super Heavy Relic particuli\u00e8rement prononc\u00e9, cette Fender Stratocaster Custom Shop S-21 s'affirme par son temp\u00e9rament visuel brut. Con\u00e7ue pour restituer les sensations d'un instrument intens\u00e9ment pratiqu\u00e9, elle offre une prise en main imm\u00e9diate et un confort de jeu organique. Il s'agit d'une Stratocaster au caract\u00e8re assum\u00e9, destin\u00e9e aux musiciens en qu\u00eate d'une connexion physique et directe avec leur instrument.","og_url":"https:\/\/www.matts-guitar-shop.com\/en\/produit\/fender-stratocaster-cs-s-21-super-heavy-relic\/","og_site_name":"Matt&#039;s Guitar Shop","article_publisher":"https:\/\/www.facebook.com\/profile.php?id=100044359842817","article_modified_time":"2026-04-09T17:52:26+00:00","og_image":[{"width":800,"height":1200,"url":"https:\/\/www.matts-guitar-shop.com\/wp-content\/uploads\/2026\/04\/Fender-Stratocaster-Custom-Shop-S-21-Super-Heavy-Relic-01.jpg","type":"image\/jpeg"}],"twitter_card":"summary_large_image","twitter_misc":{"Est. reading time":"1 minute"},"schema":{"@context":"https:\/\/schema.org","@graph":[{"@type":"WebPage","@id":"https:\/\/www.matts-guitar-shop.com\/en\/produit\/fender-stratocaster-cs-s-21-super-heavy-relic\/","url":"https:\/\/www.matts-guitar-shop.com\/en\/produit\/fender-stratocaster-cs-s-21-super-heavy-relic\/","name":"Fender Stratocaster CS S-21 super heavy relic - Matt&#039;s Guitar Shop","isPartOf":{"@id":"https:\/\/www.matts-guitar-shop.com\/en\/#website"},"primaryImageOfPage":{"@id":"https:\/\/www.matts-guitar-shop.com\/en\/produit\/fender-stratocaster-cs-s-21-super-heavy-relic\/#primaryimage"},"image":{"@id":"https:\/\/www.matts-guitar-shop.com\/en\/produit\/fender-stratocaster-cs-s-21-super-heavy-relic\/#primaryimage"},"thumbnailUrl":"https:\/\/www.matts-guitar-shop.com\/wp-content\/uploads\/2026\/04\/Fender-Stratocaster-Custom-Shop-S-21-Super-Heavy-Relic-01.jpg","datePublished":"2026-04-09T17:52:18+00:00","dateModified":"2026-04-09T17:52:26+00:00","breadcrumb":{"@id":"https:\/\/www.matts-guitar-shop.com\/en\/produit\/fender-stratocaster-cs-s-21-super-heavy-relic\/#breadcrumb"},"inLanguage":"en-US","potentialAction":[{"@type":"ReadAction","target":["https:\/\/www.matts-guitar-shop.com\/en\/produit\/fender-stratocaster-cs-s-21-super-heavy-relic\/"]}]},{"@type":"ImageObject","inLanguage":"en-US","@id":"https:\/\/www.matts-guitar-shop.com\/en\/produit\/fender-stratocaster-cs-s-21-super-heavy-relic\/#primaryimage","url":"https:\/\/www.matts-guitar-shop.com\/wp-content\/uploads\/2026\/04\/Fender-Stratocaster-Custom-Shop-S-21-Super-Heavy-Relic-01.jpg","contentUrl":"https:\/\/www.matts-guitar-shop.com\/wp-content\/uploads\/2026\/04\/Fender-Stratocaster-Custom-Shop-S-21-Super-Heavy-Relic-01.jpg","width":800,"height":1200},{"@type":"BreadcrumbList","@id":"https:\/\/www.matts-guitar-shop.com\/en\/produit\/fender-stratocaster-cs-s-21-super-heavy-relic\/#breadcrumb","itemListElement":[{"@type":"ListItem","position":1,"name":"Home","item":"https:\/\/www.matts-guitar-shop.com\/en\/"},{"@type":"ListItem","position":2,"name":"Shop","item":"https:\/\/www.matts-guitar-shop.com\/en\/shop\/"},{"@type":"ListItem","position":3,"name":"Fender Stratocaster CS S-21 super heavy relic"}]},{"@type":"WebSite","@id":"https:\/\/www.matts-guitar-shop.com\/en\/#website","url":"https:\/\/www.matts-guitar-shop.com\/en\/","name":"matts-guitar-shop.com","description":"Guitar Shop","publisher":{"@id":"https:\/\/www.matts-guitar-shop.com\/en\/#organization"},"potentialAction":[{"@type":"SearchAction","target":{"@type":"EntryPoint","urlTemplate":"https:\/\/www.matts-guitar-shop.com\/en\/?s={search_term_string}"},"query-input":{"@type":"PropertyValueSpecification","valueRequired":true,"valueName":"search_term_string"}}],"inLanguage":"en-US"},{"@type":"Organization","@id":"https:\/\/www.matts-guitar-shop.com\/en\/#organization","name":"matts-guitar-shop.com","url":"https:\/\/www.matts-guitar-shop.com\/en\/","logo":{"@type":"ImageObject","inLanguage":"en-US","@id":"https:\/\/www.matts-guitar-shop.com\/en\/#\/schema\/logo\/image\/","url":"https:\/\/www.matts-guitar-shop.com\/wp-content\/uploads\/2024\/09\/MGS-logo-site-02.png","contentUrl":"https:\/\/www.matts-guitar-shop.com\/wp-content\/uploads\/2024\/09\/MGS-logo-site-02.png","width":200,"height":122,"caption":"matts-guitar-shop.com"},"image":{"@id":"https:\/\/www.matts-guitar-shop.com\/en\/#\/schema\/logo\/image\/"},"sameAs":["https:\/\/www.facebook.com\/profile.php?id=100044359842817","https:\/\/www.instagram.com\/mattsguitarshop\/","https:\/\/www.youtube.com\/@MattLucasMan\/videos"]}]}},"_links":{"self":[{"href":"https:\/\/www.matts-guitar-shop.com\/en\/wp-json\/wp\/v2\/product\/33573","targetHints":{"allow":["GET"]}}],"collection":[{"href":"https:\/\/www.matts-guitar-shop.com\/en\/wp-json\/wp\/v2\/product"}],"about":[{"href":"https:\/\/www.matts-guitar-shop.com\/en\/wp-json\/wp\/v2\/types\/product"}],"replies":[{"embeddable":true,"href":"https:\/\/www.matts-guitar-shop.com\/en\/wp-json\/wp\/v2\/comments?post=33573"}],"wp:featuredmedia":[{"embeddable":true,"href":"https:\/\/www.matts-guitar-shop.com\/en\/wp-json\/wp\/v2\/media\/33574"}],"wp:attachment":[{"href":"https:\/\/www.matts-guitar-shop.com\/en\/wp-json\/wp\/v2\/media?parent=33573"}],"wp:term":[{"taxonomy":"product_brand","embeddable":true,"href":"https:\/\/www.matts-guitar-shop.com\/en\/wp-json\/wp\/v2\/product_brand?post=33573"},{"taxonomy":"product_cat","embeddable":true,"href":"https:\/\/www.matts-guitar-shop.com\/en\/wp-json\/wp\/v2\/product_cat?post=33573"},{"taxonomy":"product_tag","embeddable":true,"href":"https:\/\/www.matts-guitar-shop.com\/en\/wp-json\/wp\/v2\/product_tag?post=33573"}],"curies":[{"name":"wp","href":"https:\/\/api.w.org\/{rel}","templated":true}]}}