{"id":33511,"date":"2026-04-09T19:31:59","date_gmt":"2026-04-09T17:31:59","guid":{"rendered":"https:\/\/www.matts-guitar-shop.com\/?post_type=product&#038;p=33511"},"modified":"2026-04-09T19:32:53","modified_gmt":"2026-04-09T17:32:53","slug":"gibson-cs-makeover-neil-young-style-ex-kirk-hammett","status":"publish","type":"product","link":"https:\/\/www.matts-guitar-shop.com\/en\/produit\/gibson-cs-makeover-neil-young-style-ex-kirk-hammett\/","title":{"rendered":"Gibson CS makeover \u201cNeil Young style\u201d ex Kirk Hammett"},"content":{"rendered":"<p>Gibson Custom Shop makeover \u201cNeil Young style\u201d (ex Kirk Hammett)<\/p>\n","protected":false},"excerpt":{"rendered":"<p>Issue de la collection personnelle de Kirk Hammett, cette guitare repr\u00e9sente une pi\u00e8ce v\u00e9ritablement \u00e0 part. Il s&#8217;agit d&#8217;une Gibson Custom Shop &#8220;Makeover&#8221; fa\u00e7on Neil Young, r\u00e9alis\u00e9e par Skylar Guitars, dont le travail est unanimement reconnu pour son niveau d&#8217;exigence et sa fid\u00e9lit\u00e9 artistique. Seuls huit exemplaires de ces Makeovers ont \u00e9t\u00e9 produits : celui-ci porte le num\u00e9ro 007 et est consid\u00e9r\u00e9 par Skylar lui-m\u00eame comme le meilleur de toute la s\u00e9rie. Ayant appartenu pendant de nombreuses ann\u00e9es au guitariste de Metallica, l&#8217;instrument incarne une opportunit\u00e9 rare d&#8217;acqu\u00e9rir une pi\u00e8ce \u00e0 la provenance artistique forte, combinant un caract\u00e8re sonore marqu\u00e9 et un niveau de r\u00e9alisation exceptionnel. Une pi\u00e8ce singuli\u00e8re, pens\u00e9e pour les collectionneurs avertis comme pour les musiciens sensibles \u00e0 l&#8217;\u00e2me des grands instruments.<\/p>\n","protected":false},"featured_media":33512,"comment_status":"closed","ping_status":"closed","template":"","meta":{"_et_pb_use_builder":"","_et_pb_old_content":"","_et_gb_content_width":""},"product_brand":[],"product_cat":[123,82,152],"product_tag":[],"class_list":{"0":"post-33511","1":"product","2":"type-product","3":"status-publish","4":"has-post-thumbnail","6":"product_cat-guitares-electriques","7":"product_cat-artistes","8":"product_cat-guitares","9":"pa_artiste-kirk-hammett","10":"pa_disponibilite-en-vente","11":"pa_marque-gibson","13":"first","14":"instock","15":"shipping-taxable","16":"purchasable","17":"product-type-simple"},"yoast_head":"<!-- This site is optimized with the Yoast SEO plugin v26.8 - https:\/\/yoast.com\/product\/yoast-seo-wordpress\/ -->\n<title>Gibson CS makeover \u201cNeil Young style\u201d ex Kirk Hammett - Matt&#039;s Guitar Shop<\/title>\n<meta name=\"robots\" content=\"index, follow, max-snippet:-1, max-image-preview:large, max-video-preview:-1\" \/>\n<link rel=\"canonical\" href=\"https:\/\/www.matts-guitar-shop.com\/en\/produit\/gibson-cs-makeover-neil-young-style-ex-kirk-hammett\/\" \/>\n<meta property=\"og:locale\" content=\"en_US\" \/>\n<meta property=\"og:type\" content=\"article\" \/>\n<meta property=\"og:title\" content=\"Gibson CS makeover \u201cNeil Young style\u201d ex Kirk Hammett - Matt&#039;s Guitar Shop\" \/>\n<meta property=\"og:description\" content=\"Issue de la collection personnelle de Kirk Hammett, cette guitare repr\u00e9sente une pi\u00e8ce v\u00e9ritablement \u00e0 part. Il s&#039;agit d&#039;une Gibson Custom Shop &quot;Makeover&quot; fa\u00e7on Neil Young, r\u00e9alis\u00e9e par Skylar Guitars, dont le travail est unanimement reconnu pour son niveau d&#039;exigence et sa fid\u00e9lit\u00e9 artistique. Seuls huit exemplaires de ces Makeovers ont \u00e9t\u00e9 produits : celui-ci porte le num\u00e9ro 007 et est consid\u00e9r\u00e9 par Skylar lui-m\u00eame comme le meilleur de toute la s\u00e9rie. Ayant appartenu pendant de nombreuses ann\u00e9es au guitariste de Metallica, l&#039;instrument incarne une opportunit\u00e9 rare d&#039;acqu\u00e9rir une pi\u00e8ce \u00e0 la provenance artistique forte, combinant un caract\u00e8re sonore marqu\u00e9 et un niveau de r\u00e9alisation exceptionnel. Une pi\u00e8ce singuli\u00e8re, pens\u00e9e pour les collectionneurs avertis comme pour les musiciens sensibles \u00e0 l&#039;\u00e2me des grands instruments.\" \/>\n<meta property=\"og:url\" content=\"https:\/\/www.matts-guitar-shop.com\/en\/produit\/gibson-cs-makeover-neil-young-style-ex-kirk-hammett\/\" \/>\n<meta property=\"og:site_name\" content=\"Matt&#039;s Guitar Shop\" \/>\n<meta property=\"article:publisher\" content=\"https:\/\/www.facebook.com\/profile.php?id=100044359842817\" \/>\n<meta property=\"article:modified_time\" content=\"2026-04-09T17:32:53+00:00\" \/>\n<meta property=\"og:image\" content=\"https:\/\/www.matts-guitar-shop.com\/wp-content\/uploads\/2026\/04\/Gibson-Les-Paul-Custom-Shop-Makeover-Neil-Young-Ex-Kirk-Hammett-04.jpg\" \/>\n\t<meta property=\"og:image:width\" content=\"800\" \/>\n\t<meta property=\"og:image:height\" content=\"1200\" \/>\n\t<meta property=\"og:image:type\" content=\"image\/jpeg\" \/>\n<meta name=\"twitter:card\" content=\"summary_large_image\" \/>\n<meta name=\"twitter:label1\" content=\"Est. reading time\" \/>\n\t<meta name=\"twitter:data1\" content=\"1 minute\" \/>\n<script type=\"application\/ld+json\" class=\"yoast-schema-graph\">{\"@context\":\"https:\/\/schema.org\",\"@graph\":[{\"@type\":\"WebPage\",\"@id\":\"https:\/\/www.matts-guitar-shop.com\/en\/produit\/gibson-cs-makeover-neil-young-style-ex-kirk-hammett\/\",\"url\":\"https:\/\/www.matts-guitar-shop.com\/en\/produit\/gibson-cs-makeover-neil-young-style-ex-kirk-hammett\/\",\"name\":\"Gibson CS makeover \u201cNeil Young style\u201d ex Kirk Hammett - Matt&#039;s Guitar Shop\",\"isPartOf\":{\"@id\":\"https:\/\/www.matts-guitar-shop.com\/en\/#website\"},\"primaryImageOfPage\":{\"@id\":\"https:\/\/www.matts-guitar-shop.com\/en\/produit\/gibson-cs-makeover-neil-young-style-ex-kirk-hammett\/#primaryimage\"},\"image\":{\"@id\":\"https:\/\/www.matts-guitar-shop.com\/en\/produit\/gibson-cs-makeover-neil-young-style-ex-kirk-hammett\/#primaryimage\"},\"thumbnailUrl\":\"https:\/\/www.matts-guitar-shop.com\/wp-content\/uploads\/2026\/04\/Gibson-Les-Paul-Custom-Shop-Makeover-Neil-Young-Ex-Kirk-Hammett-04.jpg\",\"datePublished\":\"2026-04-09T17:31:59+00:00\",\"dateModified\":\"2026-04-09T17:32:53+00:00\",\"breadcrumb\":{\"@id\":\"https:\/\/www.matts-guitar-shop.com\/en\/produit\/gibson-cs-makeover-neil-young-style-ex-kirk-hammett\/#breadcrumb\"},\"inLanguage\":\"en-US\",\"potentialAction\":[{\"@type\":\"ReadAction\",\"target\":[\"https:\/\/www.matts-guitar-shop.com\/en\/produit\/gibson-cs-makeover-neil-young-style-ex-kirk-hammett\/\"]}]},{\"@type\":\"ImageObject\",\"inLanguage\":\"en-US\",\"@id\":\"https:\/\/www.matts-guitar-shop.com\/en\/produit\/gibson-cs-makeover-neil-young-style-ex-kirk-hammett\/#primaryimage\",\"url\":\"https:\/\/www.matts-guitar-shop.com\/wp-content\/uploads\/2026\/04\/Gibson-Les-Paul-Custom-Shop-Makeover-Neil-Young-Ex-Kirk-Hammett-04.jpg\",\"contentUrl\":\"https:\/\/www.matts-guitar-shop.com\/wp-content\/uploads\/2026\/04\/Gibson-Les-Paul-Custom-Shop-Makeover-Neil-Young-Ex-Kirk-Hammett-04.jpg\",\"width\":800,\"height\":1200},{\"@type\":\"BreadcrumbList\",\"@id\":\"https:\/\/www.matts-guitar-shop.com\/en\/produit\/gibson-cs-makeover-neil-young-style-ex-kirk-hammett\/#breadcrumb\",\"itemListElement\":[{\"@type\":\"ListItem\",\"position\":1,\"name\":\"Home\",\"item\":\"https:\/\/www.matts-guitar-shop.com\/en\/\"},{\"@type\":\"ListItem\",\"position\":2,\"name\":\"Shop\",\"item\":\"https:\/\/www.matts-guitar-shop.com\/en\/shop\/\"},{\"@type\":\"ListItem\",\"position\":3,\"name\":\"Gibson CS makeover \u201cNeil Young style\u201d ex Kirk Hammett\"}]},{\"@type\":\"WebSite\",\"@id\":\"https:\/\/www.matts-guitar-shop.com\/en\/#website\",\"url\":\"https:\/\/www.matts-guitar-shop.com\/en\/\",\"name\":\"matts-guitar-shop.com\",\"description\":\"Guitar Shop\",\"publisher\":{\"@id\":\"https:\/\/www.matts-guitar-shop.com\/en\/#organization\"},\"potentialAction\":[{\"@type\":\"SearchAction\",\"target\":{\"@type\":\"EntryPoint\",\"urlTemplate\":\"https:\/\/www.matts-guitar-shop.com\/en\/?s={search_term_string}\"},\"query-input\":{\"@type\":\"PropertyValueSpecification\",\"valueRequired\":true,\"valueName\":\"search_term_string\"}}],\"inLanguage\":\"en-US\"},{\"@type\":\"Organization\",\"@id\":\"https:\/\/www.matts-guitar-shop.com\/en\/#organization\",\"name\":\"matts-guitar-shop.com\",\"url\":\"https:\/\/www.matts-guitar-shop.com\/en\/\",\"logo\":{\"@type\":\"ImageObject\",\"inLanguage\":\"en-US\",\"@id\":\"https:\/\/www.matts-guitar-shop.com\/en\/#\/schema\/logo\/image\/\",\"url\":\"https:\/\/www.matts-guitar-shop.com\/wp-content\/uploads\/2024\/09\/MGS-logo-site-02.png\",\"contentUrl\":\"https:\/\/www.matts-guitar-shop.com\/wp-content\/uploads\/2024\/09\/MGS-logo-site-02.png\",\"width\":200,\"height\":122,\"caption\":\"matts-guitar-shop.com\"},\"image\":{\"@id\":\"https:\/\/www.matts-guitar-shop.com\/en\/#\/schema\/logo\/image\/\"},\"sameAs\":[\"https:\/\/www.facebook.com\/profile.php?id=100044359842817\",\"https:\/\/www.instagram.com\/mattsguitarshop\/\",\"https:\/\/www.youtube.com\/@MattLucasMan\/videos\"]}]}<\/script>\n<!-- \/ Yoast SEO plugin. -->","yoast_head_json":{"title":"Gibson CS makeover \u201cNeil Young style\u201d ex Kirk Hammett - Matt&#039;s Guitar Shop","robots":{"index":"index","follow":"follow","max-snippet":"max-snippet:-1","max-image-preview":"max-image-preview:large","max-video-preview":"max-video-preview:-1"},"canonical":"https:\/\/www.matts-guitar-shop.com\/en\/produit\/gibson-cs-makeover-neil-young-style-ex-kirk-hammett\/","og_locale":"en_US","og_type":"article","og_title":"Gibson CS makeover \u201cNeil Young style\u201d ex Kirk Hammett - Matt&#039;s Guitar Shop","og_description":"Issue de la collection personnelle de Kirk Hammett, cette guitare repr\u00e9sente une pi\u00e8ce v\u00e9ritablement \u00e0 part. Il s'agit d'une Gibson Custom Shop \"Makeover\" fa\u00e7on Neil Young, r\u00e9alis\u00e9e par Skylar Guitars, dont le travail est unanimement reconnu pour son niveau d'exigence et sa fid\u00e9lit\u00e9 artistique. Seuls huit exemplaires de ces Makeovers ont \u00e9t\u00e9 produits : celui-ci porte le num\u00e9ro 007 et est consid\u00e9r\u00e9 par Skylar lui-m\u00eame comme le meilleur de toute la s\u00e9rie. Ayant appartenu pendant de nombreuses ann\u00e9es au guitariste de Metallica, l'instrument incarne une opportunit\u00e9 rare d'acqu\u00e9rir une pi\u00e8ce \u00e0 la provenance artistique forte, combinant un caract\u00e8re sonore marqu\u00e9 et un niveau de r\u00e9alisation exceptionnel. Une pi\u00e8ce singuli\u00e8re, pens\u00e9e pour les collectionneurs avertis comme pour les musiciens sensibles \u00e0 l'\u00e2me des grands instruments.","og_url":"https:\/\/www.matts-guitar-shop.com\/en\/produit\/gibson-cs-makeover-neil-young-style-ex-kirk-hammett\/","og_site_name":"Matt&#039;s Guitar Shop","article_publisher":"https:\/\/www.facebook.com\/profile.php?id=100044359842817","article_modified_time":"2026-04-09T17:32:53+00:00","og_image":[{"width":800,"height":1200,"url":"https:\/\/www.matts-guitar-shop.com\/wp-content\/uploads\/2026\/04\/Gibson-Les-Paul-Custom-Shop-Makeover-Neil-Young-Ex-Kirk-Hammett-04.jpg","type":"image\/jpeg"}],"twitter_card":"summary_large_image","twitter_misc":{"Est. reading time":"1 minute"},"schema":{"@context":"https:\/\/schema.org","@graph":[{"@type":"WebPage","@id":"https:\/\/www.matts-guitar-shop.com\/en\/produit\/gibson-cs-makeover-neil-young-style-ex-kirk-hammett\/","url":"https:\/\/www.matts-guitar-shop.com\/en\/produit\/gibson-cs-makeover-neil-young-style-ex-kirk-hammett\/","name":"Gibson CS makeover \u201cNeil Young style\u201d ex Kirk Hammett - Matt&#039;s Guitar Shop","isPartOf":{"@id":"https:\/\/www.matts-guitar-shop.com\/en\/#website"},"primaryImageOfPage":{"@id":"https:\/\/www.matts-guitar-shop.com\/en\/produit\/gibson-cs-makeover-neil-young-style-ex-kirk-hammett\/#primaryimage"},"image":{"@id":"https:\/\/www.matts-guitar-shop.com\/en\/produit\/gibson-cs-makeover-neil-young-style-ex-kirk-hammett\/#primaryimage"},"thumbnailUrl":"https:\/\/www.matts-guitar-shop.com\/wp-content\/uploads\/2026\/04\/Gibson-Les-Paul-Custom-Shop-Makeover-Neil-Young-Ex-Kirk-Hammett-04.jpg","datePublished":"2026-04-09T17:31:59+00:00","dateModified":"2026-04-09T17:32:53+00:00","breadcrumb":{"@id":"https:\/\/www.matts-guitar-shop.com\/en\/produit\/gibson-cs-makeover-neil-young-style-ex-kirk-hammett\/#breadcrumb"},"inLanguage":"en-US","potentialAction":[{"@type":"ReadAction","target":["https:\/\/www.matts-guitar-shop.com\/en\/produit\/gibson-cs-makeover-neil-young-style-ex-kirk-hammett\/"]}]},{"@type":"ImageObject","inLanguage":"en-US","@id":"https:\/\/www.matts-guitar-shop.com\/en\/produit\/gibson-cs-makeover-neil-young-style-ex-kirk-hammett\/#primaryimage","url":"https:\/\/www.matts-guitar-shop.com\/wp-content\/uploads\/2026\/04\/Gibson-Les-Paul-Custom-Shop-Makeover-Neil-Young-Ex-Kirk-Hammett-04.jpg","contentUrl":"https:\/\/www.matts-guitar-shop.com\/wp-content\/uploads\/2026\/04\/Gibson-Les-Paul-Custom-Shop-Makeover-Neil-Young-Ex-Kirk-Hammett-04.jpg","width":800,"height":1200},{"@type":"BreadcrumbList","@id":"https:\/\/www.matts-guitar-shop.com\/en\/produit\/gibson-cs-makeover-neil-young-style-ex-kirk-hammett\/#breadcrumb","itemListElement":[{"@type":"ListItem","position":1,"name":"Home","item":"https:\/\/www.matts-guitar-shop.com\/en\/"},{"@type":"ListItem","position":2,"name":"Shop","item":"https:\/\/www.matts-guitar-shop.com\/en\/shop\/"},{"@type":"ListItem","position":3,"name":"Gibson CS makeover \u201cNeil Young style\u201d ex Kirk Hammett"}]},{"@type":"WebSite","@id":"https:\/\/www.matts-guitar-shop.com\/en\/#website","url":"https:\/\/www.matts-guitar-shop.com\/en\/","name":"matts-guitar-shop.com","description":"Guitar Shop","publisher":{"@id":"https:\/\/www.matts-guitar-shop.com\/en\/#organization"},"potentialAction":[{"@type":"SearchAction","target":{"@type":"EntryPoint","urlTemplate":"https:\/\/www.matts-guitar-shop.com\/en\/?s={search_term_string}"},"query-input":{"@type":"PropertyValueSpecification","valueRequired":true,"valueName":"search_term_string"}}],"inLanguage":"en-US"},{"@type":"Organization","@id":"https:\/\/www.matts-guitar-shop.com\/en\/#organization","name":"matts-guitar-shop.com","url":"https:\/\/www.matts-guitar-shop.com\/en\/","logo":{"@type":"ImageObject","inLanguage":"en-US","@id":"https:\/\/www.matts-guitar-shop.com\/en\/#\/schema\/logo\/image\/","url":"https:\/\/www.matts-guitar-shop.com\/wp-content\/uploads\/2024\/09\/MGS-logo-site-02.png","contentUrl":"https:\/\/www.matts-guitar-shop.com\/wp-content\/uploads\/2024\/09\/MGS-logo-site-02.png","width":200,"height":122,"caption":"matts-guitar-shop.com"},"image":{"@id":"https:\/\/www.matts-guitar-shop.com\/en\/#\/schema\/logo\/image\/"},"sameAs":["https:\/\/www.facebook.com\/profile.php?id=100044359842817","https:\/\/www.instagram.com\/mattsguitarshop\/","https:\/\/www.youtube.com\/@MattLucasMan\/videos"]}]}},"_links":{"self":[{"href":"https:\/\/www.matts-guitar-shop.com\/en\/wp-json\/wp\/v2\/product\/33511","targetHints":{"allow":["GET"]}}],"collection":[{"href":"https:\/\/www.matts-guitar-shop.com\/en\/wp-json\/wp\/v2\/product"}],"about":[{"href":"https:\/\/www.matts-guitar-shop.com\/en\/wp-json\/wp\/v2\/types\/product"}],"replies":[{"embeddable":true,"href":"https:\/\/www.matts-guitar-shop.com\/en\/wp-json\/wp\/v2\/comments?post=33511"}],"wp:featuredmedia":[{"embeddable":true,"href":"https:\/\/www.matts-guitar-shop.com\/en\/wp-json\/wp\/v2\/media\/33512"}],"wp:attachment":[{"href":"https:\/\/www.matts-guitar-shop.com\/en\/wp-json\/wp\/v2\/media?parent=33511"}],"wp:term":[{"taxonomy":"product_brand","embeddable":true,"href":"https:\/\/www.matts-guitar-shop.com\/en\/wp-json\/wp\/v2\/product_brand?post=33511"},{"taxonomy":"product_cat","embeddable":true,"href":"https:\/\/www.matts-guitar-shop.com\/en\/wp-json\/wp\/v2\/product_cat?post=33511"},{"taxonomy":"product_tag","embeddable":true,"href":"https:\/\/www.matts-guitar-shop.com\/en\/wp-json\/wp\/v2\/product_tag?post=33511"}],"curies":[{"name":"wp","href":"https:\/\/api.w.org\/{rel}","templated":true}]}}