{"id":32728,"date":"2026-04-07T17:24:06","date_gmt":"2026-04-07T15:24:06","guid":{"rendered":"https:\/\/www.matts-guitar-shop.com\/?post_type=product&#038;p=32728"},"modified":"2026-04-07T17:30:58","modified_gmt":"2026-04-07T15:30:58","slug":"larson-brothers-euphone","status":"publish","type":"product","link":"https:\/\/www.matts-guitar-shop.com\/en\/produit\/larson-brothers-euphone\/","title":{"rendered":"Larson Brothers Euphone"},"content":{"rendered":"","protected":false},"excerpt":{"rendered":"<p>Cette guitare repr\u00e9sente une raret\u00e9 exceptionnelle provenant de l&#8217;\u00e2ge d&#8217;or de la lutherie aux \u00c9tats-Unis. Les cr\u00e9ations des fr\u00e8res Larson, notamment au sein de la prestigieuse lign\u00e9e Euphone, illustrent l&#8217;apog\u00e9e du savoir-faire artisanal de Chicago au d\u00e9but du XXe si\u00e8cle.<\/p>\n<p>L&#8217;instrument se d\u00e9marque par une conception avant-gardiste, offrant une puissance sonore et une complexit\u00e9 harmonique qui ont bouscul\u00e9 les normes de son temps. Sa patine d&#8217;origine et sa r\u00e9sonance ample refl\u00e8tent un si\u00e8cle d&#8217;existence, positionnant cet instrument comme une pi\u00e8ce centrale pour tout sp\u00e9cialiste d&#8217;objets historiques.<\/p>\n<p>Acqu\u00e9rir une Larson permet d&#8217;acc\u00e9der \u00e0 l&#8217;excellence d&#8217;une p\u00e9riode o\u00f9 la durabilit\u00e9 et la pr\u00e9cision artisanale \u00e9taient pouss\u00e9es \u00e0 leur paroxysme.<\/p>\n","protected":false},"featured_media":32729,"comment_status":"closed","ping_status":"closed","template":"","meta":{"_et_pb_use_builder":"","_et_pb_old_content":"","_et_gb_content_width":""},"product_brand":[],"product_cat":[124,152],"product_tag":[],"class_list":{"0":"post-32728","1":"product","2":"type-product","3":"status-publish","4":"has-post-thumbnail","6":"product_cat-guitares-acoustiques","7":"product_cat-guitares","8":"pa_disponibilite-en-vente","9":"pa_marque-larson-brothers","11":"first","12":"instock","13":"shipping-taxable","14":"purchasable","15":"product-type-simple"},"yoast_head":"<!-- This site is optimized with the Yoast SEO plugin v26.8 - https:\/\/yoast.com\/product\/yoast-seo-wordpress\/ -->\n<title>Larson Brothers Euphone - Matt&#039;s Guitar Shop<\/title>\n<meta name=\"robots\" content=\"index, follow, max-snippet:-1, max-image-preview:large, max-video-preview:-1\" \/>\n<link rel=\"canonical\" href=\"https:\/\/www.matts-guitar-shop.com\/en\/produit\/larson-brothers-euphone\/\" \/>\n<meta property=\"og:locale\" content=\"en_US\" \/>\n<meta property=\"og:type\" content=\"article\" \/>\n<meta property=\"og:title\" content=\"Larson Brothers Euphone - Matt&#039;s Guitar Shop\" \/>\n<meta property=\"og:description\" content=\"Cette guitare repr\u00e9sente une raret\u00e9 exceptionnelle provenant de l&#039;\u00e2ge d&#039;or de la lutherie aux \u00c9tats-Unis. Les cr\u00e9ations des fr\u00e8res Larson, notamment au sein de la prestigieuse lign\u00e9e Euphone, illustrent l&#039;apog\u00e9e du savoir-faire artisanal de Chicago au d\u00e9but du XXe si\u00e8cle.  L&#039;instrument se d\u00e9marque par une conception avant-gardiste, offrant une puissance sonore et une complexit\u00e9 harmonique qui ont bouscul\u00e9 les normes de son temps. Sa patine d&#039;origine et sa r\u00e9sonance ample refl\u00e8tent un si\u00e8cle d&#039;existence, positionnant cet instrument comme une pi\u00e8ce centrale pour tout sp\u00e9cialiste d&#039;objets historiques.  Acqu\u00e9rir une Larson permet d&#039;acc\u00e9der \u00e0 l&#039;excellence d&#039;une p\u00e9riode o\u00f9 la durabilit\u00e9 et la pr\u00e9cision artisanale \u00e9taient pouss\u00e9es \u00e0 leur paroxysme.\" \/>\n<meta property=\"og:url\" content=\"https:\/\/www.matts-guitar-shop.com\/en\/produit\/larson-brothers-euphone\/\" \/>\n<meta property=\"og:site_name\" content=\"Matt&#039;s Guitar Shop\" \/>\n<meta property=\"article:publisher\" content=\"https:\/\/www.facebook.com\/profile.php?id=100044359842817\" \/>\n<meta property=\"article:modified_time\" content=\"2026-04-07T15:30:58+00:00\" \/>\n<meta property=\"og:image\" content=\"https:\/\/www.matts-guitar-shop.com\/wp-content\/uploads\/2026\/04\/Larson-Brothers-Euphone-01.jpg\" \/>\n\t<meta property=\"og:image:width\" content=\"800\" \/>\n\t<meta property=\"og:image:height\" content=\"1200\" \/>\n\t<meta property=\"og:image:type\" content=\"image\/jpeg\" \/>\n<meta name=\"twitter:card\" content=\"summary_large_image\" \/>\n<meta name=\"twitter:label1\" content=\"Est. reading time\" \/>\n\t<meta name=\"twitter:data1\" content=\"1 minute\" \/>\n<script type=\"application\/ld+json\" class=\"yoast-schema-graph\">{\"@context\":\"https:\/\/schema.org\",\"@graph\":[{\"@type\":\"WebPage\",\"@id\":\"https:\/\/www.matts-guitar-shop.com\/en\/produit\/larson-brothers-euphone\/\",\"url\":\"https:\/\/www.matts-guitar-shop.com\/en\/produit\/larson-brothers-euphone\/\",\"name\":\"Larson Brothers Euphone - Matt&#039;s Guitar Shop\",\"isPartOf\":{\"@id\":\"https:\/\/www.matts-guitar-shop.com\/en\/#website\"},\"primaryImageOfPage\":{\"@id\":\"https:\/\/www.matts-guitar-shop.com\/en\/produit\/larson-brothers-euphone\/#primaryimage\"},\"image\":{\"@id\":\"https:\/\/www.matts-guitar-shop.com\/en\/produit\/larson-brothers-euphone\/#primaryimage\"},\"thumbnailUrl\":\"https:\/\/www.matts-guitar-shop.com\/wp-content\/uploads\/2026\/04\/Larson-Brothers-Euphone-01.jpg\",\"datePublished\":\"2026-04-07T15:24:06+00:00\",\"dateModified\":\"2026-04-07T15:30:58+00:00\",\"breadcrumb\":{\"@id\":\"https:\/\/www.matts-guitar-shop.com\/en\/produit\/larson-brothers-euphone\/#breadcrumb\"},\"inLanguage\":\"en-US\",\"potentialAction\":[{\"@type\":\"ReadAction\",\"target\":[\"https:\/\/www.matts-guitar-shop.com\/en\/produit\/larson-brothers-euphone\/\"]}]},{\"@type\":\"ImageObject\",\"inLanguage\":\"en-US\",\"@id\":\"https:\/\/www.matts-guitar-shop.com\/en\/produit\/larson-brothers-euphone\/#primaryimage\",\"url\":\"https:\/\/www.matts-guitar-shop.com\/wp-content\/uploads\/2026\/04\/Larson-Brothers-Euphone-01.jpg\",\"contentUrl\":\"https:\/\/www.matts-guitar-shop.com\/wp-content\/uploads\/2026\/04\/Larson-Brothers-Euphone-01.jpg\",\"width\":800,\"height\":1200},{\"@type\":\"BreadcrumbList\",\"@id\":\"https:\/\/www.matts-guitar-shop.com\/en\/produit\/larson-brothers-euphone\/#breadcrumb\",\"itemListElement\":[{\"@type\":\"ListItem\",\"position\":1,\"name\":\"Home\",\"item\":\"https:\/\/www.matts-guitar-shop.com\/en\/\"},{\"@type\":\"ListItem\",\"position\":2,\"name\":\"Shop\",\"item\":\"https:\/\/www.matts-guitar-shop.com\/en\/shop\/\"},{\"@type\":\"ListItem\",\"position\":3,\"name\":\"Larson Brothers Euphone\"}]},{\"@type\":\"WebSite\",\"@id\":\"https:\/\/www.matts-guitar-shop.com\/en\/#website\",\"url\":\"https:\/\/www.matts-guitar-shop.com\/en\/\",\"name\":\"matts-guitar-shop.com\",\"description\":\"Guitar Shop\",\"publisher\":{\"@id\":\"https:\/\/www.matts-guitar-shop.com\/en\/#organization\"},\"potentialAction\":[{\"@type\":\"SearchAction\",\"target\":{\"@type\":\"EntryPoint\",\"urlTemplate\":\"https:\/\/www.matts-guitar-shop.com\/en\/?s={search_term_string}\"},\"query-input\":{\"@type\":\"PropertyValueSpecification\",\"valueRequired\":true,\"valueName\":\"search_term_string\"}}],\"inLanguage\":\"en-US\"},{\"@type\":\"Organization\",\"@id\":\"https:\/\/www.matts-guitar-shop.com\/en\/#organization\",\"name\":\"matts-guitar-shop.com\",\"url\":\"https:\/\/www.matts-guitar-shop.com\/en\/\",\"logo\":{\"@type\":\"ImageObject\",\"inLanguage\":\"en-US\",\"@id\":\"https:\/\/www.matts-guitar-shop.com\/en\/#\/schema\/logo\/image\/\",\"url\":\"https:\/\/www.matts-guitar-shop.com\/wp-content\/uploads\/2024\/09\/MGS-logo-site-02.png\",\"contentUrl\":\"https:\/\/www.matts-guitar-shop.com\/wp-content\/uploads\/2024\/09\/MGS-logo-site-02.png\",\"width\":200,\"height\":122,\"caption\":\"matts-guitar-shop.com\"},\"image\":{\"@id\":\"https:\/\/www.matts-guitar-shop.com\/en\/#\/schema\/logo\/image\/\"},\"sameAs\":[\"https:\/\/www.facebook.com\/profile.php?id=100044359842817\",\"https:\/\/www.instagram.com\/mattsguitarshop\/\",\"https:\/\/www.youtube.com\/@MattLucasMan\/videos\"]}]}<\/script>\n<!-- \/ Yoast SEO plugin. -->","yoast_head_json":{"title":"Larson Brothers Euphone - Matt&#039;s Guitar Shop","robots":{"index":"index","follow":"follow","max-snippet":"max-snippet:-1","max-image-preview":"max-image-preview:large","max-video-preview":"max-video-preview:-1"},"canonical":"https:\/\/www.matts-guitar-shop.com\/en\/produit\/larson-brothers-euphone\/","og_locale":"en_US","og_type":"article","og_title":"Larson Brothers Euphone - Matt&#039;s Guitar Shop","og_description":"Cette guitare repr\u00e9sente une raret\u00e9 exceptionnelle provenant de l'\u00e2ge d'or de la lutherie aux \u00c9tats-Unis. Les cr\u00e9ations des fr\u00e8res Larson, notamment au sein de la prestigieuse lign\u00e9e Euphone, illustrent l'apog\u00e9e du savoir-faire artisanal de Chicago au d\u00e9but du XXe si\u00e8cle.  L'instrument se d\u00e9marque par une conception avant-gardiste, offrant une puissance sonore et une complexit\u00e9 harmonique qui ont bouscul\u00e9 les normes de son temps. Sa patine d'origine et sa r\u00e9sonance ample refl\u00e8tent un si\u00e8cle d'existence, positionnant cet instrument comme une pi\u00e8ce centrale pour tout sp\u00e9cialiste d'objets historiques.  Acqu\u00e9rir une Larson permet d'acc\u00e9der \u00e0 l'excellence d'une p\u00e9riode o\u00f9 la durabilit\u00e9 et la pr\u00e9cision artisanale \u00e9taient pouss\u00e9es \u00e0 leur paroxysme.","og_url":"https:\/\/www.matts-guitar-shop.com\/en\/produit\/larson-brothers-euphone\/","og_site_name":"Matt&#039;s Guitar Shop","article_publisher":"https:\/\/www.facebook.com\/profile.php?id=100044359842817","article_modified_time":"2026-04-07T15:30:58+00:00","og_image":[{"width":800,"height":1200,"url":"https:\/\/www.matts-guitar-shop.com\/wp-content\/uploads\/2026\/04\/Larson-Brothers-Euphone-01.jpg","type":"image\/jpeg"}],"twitter_card":"summary_large_image","twitter_misc":{"Est. reading time":"1 minute"},"schema":{"@context":"https:\/\/schema.org","@graph":[{"@type":"WebPage","@id":"https:\/\/www.matts-guitar-shop.com\/en\/produit\/larson-brothers-euphone\/","url":"https:\/\/www.matts-guitar-shop.com\/en\/produit\/larson-brothers-euphone\/","name":"Larson Brothers Euphone - Matt&#039;s Guitar Shop","isPartOf":{"@id":"https:\/\/www.matts-guitar-shop.com\/en\/#website"},"primaryImageOfPage":{"@id":"https:\/\/www.matts-guitar-shop.com\/en\/produit\/larson-brothers-euphone\/#primaryimage"},"image":{"@id":"https:\/\/www.matts-guitar-shop.com\/en\/produit\/larson-brothers-euphone\/#primaryimage"},"thumbnailUrl":"https:\/\/www.matts-guitar-shop.com\/wp-content\/uploads\/2026\/04\/Larson-Brothers-Euphone-01.jpg","datePublished":"2026-04-07T15:24:06+00:00","dateModified":"2026-04-07T15:30:58+00:00","breadcrumb":{"@id":"https:\/\/www.matts-guitar-shop.com\/en\/produit\/larson-brothers-euphone\/#breadcrumb"},"inLanguage":"en-US","potentialAction":[{"@type":"ReadAction","target":["https:\/\/www.matts-guitar-shop.com\/en\/produit\/larson-brothers-euphone\/"]}]},{"@type":"ImageObject","inLanguage":"en-US","@id":"https:\/\/www.matts-guitar-shop.com\/en\/produit\/larson-brothers-euphone\/#primaryimage","url":"https:\/\/www.matts-guitar-shop.com\/wp-content\/uploads\/2026\/04\/Larson-Brothers-Euphone-01.jpg","contentUrl":"https:\/\/www.matts-guitar-shop.com\/wp-content\/uploads\/2026\/04\/Larson-Brothers-Euphone-01.jpg","width":800,"height":1200},{"@type":"BreadcrumbList","@id":"https:\/\/www.matts-guitar-shop.com\/en\/produit\/larson-brothers-euphone\/#breadcrumb","itemListElement":[{"@type":"ListItem","position":1,"name":"Home","item":"https:\/\/www.matts-guitar-shop.com\/en\/"},{"@type":"ListItem","position":2,"name":"Shop","item":"https:\/\/www.matts-guitar-shop.com\/en\/shop\/"},{"@type":"ListItem","position":3,"name":"Larson Brothers Euphone"}]},{"@type":"WebSite","@id":"https:\/\/www.matts-guitar-shop.com\/en\/#website","url":"https:\/\/www.matts-guitar-shop.com\/en\/","name":"matts-guitar-shop.com","description":"Guitar Shop","publisher":{"@id":"https:\/\/www.matts-guitar-shop.com\/en\/#organization"},"potentialAction":[{"@type":"SearchAction","target":{"@type":"EntryPoint","urlTemplate":"https:\/\/www.matts-guitar-shop.com\/en\/?s={search_term_string}"},"query-input":{"@type":"PropertyValueSpecification","valueRequired":true,"valueName":"search_term_string"}}],"inLanguage":"en-US"},{"@type":"Organization","@id":"https:\/\/www.matts-guitar-shop.com\/en\/#organization","name":"matts-guitar-shop.com","url":"https:\/\/www.matts-guitar-shop.com\/en\/","logo":{"@type":"ImageObject","inLanguage":"en-US","@id":"https:\/\/www.matts-guitar-shop.com\/en\/#\/schema\/logo\/image\/","url":"https:\/\/www.matts-guitar-shop.com\/wp-content\/uploads\/2024\/09\/MGS-logo-site-02.png","contentUrl":"https:\/\/www.matts-guitar-shop.com\/wp-content\/uploads\/2024\/09\/MGS-logo-site-02.png","width":200,"height":122,"caption":"matts-guitar-shop.com"},"image":{"@id":"https:\/\/www.matts-guitar-shop.com\/en\/#\/schema\/logo\/image\/"},"sameAs":["https:\/\/www.facebook.com\/profile.php?id=100044359842817","https:\/\/www.instagram.com\/mattsguitarshop\/","https:\/\/www.youtube.com\/@MattLucasMan\/videos"]}]}},"_links":{"self":[{"href":"https:\/\/www.matts-guitar-shop.com\/en\/wp-json\/wp\/v2\/product\/32728","targetHints":{"allow":["GET"]}}],"collection":[{"href":"https:\/\/www.matts-guitar-shop.com\/en\/wp-json\/wp\/v2\/product"}],"about":[{"href":"https:\/\/www.matts-guitar-shop.com\/en\/wp-json\/wp\/v2\/types\/product"}],"replies":[{"embeddable":true,"href":"https:\/\/www.matts-guitar-shop.com\/en\/wp-json\/wp\/v2\/comments?post=32728"}],"wp:featuredmedia":[{"embeddable":true,"href":"https:\/\/www.matts-guitar-shop.com\/en\/wp-json\/wp\/v2\/media\/32729"}],"wp:attachment":[{"href":"https:\/\/www.matts-guitar-shop.com\/en\/wp-json\/wp\/v2\/media?parent=32728"}],"wp:term":[{"taxonomy":"product_brand","embeddable":true,"href":"https:\/\/www.matts-guitar-shop.com\/en\/wp-json\/wp\/v2\/product_brand?post=32728"},{"taxonomy":"product_cat","embeddable":true,"href":"https:\/\/www.matts-guitar-shop.com\/en\/wp-json\/wp\/v2\/product_cat?post=32728"},{"taxonomy":"product_tag","embeddable":true,"href":"https:\/\/www.matts-guitar-shop.com\/en\/wp-json\/wp\/v2\/product_tag?post=32728"}],"curies":[{"name":"wp","href":"https:\/\/api.w.org\/{rel}","templated":true}]}}