{"id":32113,"date":"2026-04-06T20:22:46","date_gmt":"2026-04-06T18:22:46","guid":{"rendered":"https:\/\/www.matts-guitar-shop.com\/?post_type=product&#038;p=32113"},"modified":"2026-04-06T20:36:59","modified_gmt":"2026-04-06T18:36:59","slug":"prs-myles-kennedy-signature-ex-myles-kennedy","status":"publish","type":"product","link":"https:\/\/www.matts-guitar-shop.com\/en\/produit\/prs-myles-kennedy-signature-ex-myles-kennedy\/","title":{"rendered":"PRS Myles Kennedy Signature Ex Myles Kennedy"},"content":{"rendered":"","protected":false},"excerpt":{"rendered":"<p>Il s&#8217;agit d&#8217;une occasion exceptionnelle d&#8217;acqu\u00e9rir l&#8217;instrument personnel de l&#8217;un des musiciens les plus influents du rock contemporain.<\/p>\n<p>Cette PRS Myles Kennedy Signature b\u00e9n\u00e9ficie d&#8217;une provenance directe de la collection de Myles Kennedy (connu pour son travail avec Alter Bridge et Slash).<\/p>\n<p>Ce mod\u00e8le d&#8217;inspiration &#8220;T-style&#8221;, \u00e9labor\u00e9 pour offrir une polyvalence absolue, allie un design \u00e9pur\u00e9 \u00e0 une efficacit\u00e9 technique de premier ordre. Dot\u00e9e de micros Narrowfield, elle permet de naviguer entre des sonorit\u00e9s claquantes et des timbres denses et harmoniques, b\u00e9n\u00e9ficiant de l&#8217;ergonomie renomm\u00e9e de PRS. La guitare pr\u00e9sente les c\u00e9l\u00e8bres incrustations &#8220;Birds&#8221; sur une touche en \u00e9rable, confirmant son appartenance aux standards d&#8217;excellence de la marque.<\/p>\n<p>Bien plus qu&#8217;un mod\u00e8le de s\u00e9rie, cet instrument est un vestige de sc\u00e8ne impr\u00e9gn\u00e9 de l&#8217;identit\u00e9 artistique de Myles Kennedy.<\/p>\n","protected":false},"featured_media":32162,"comment_status":"closed","ping_status":"closed","template":"","meta":{"_et_pb_use_builder":"","_et_pb_old_content":"","_et_gb_content_width":""},"product_brand":[],"product_cat":[123,82,152],"product_tag":[],"class_list":{"0":"post-32113","1":"product","2":"type-product","3":"status-publish","4":"has-post-thumbnail","6":"product_cat-guitares-electriques","7":"product_cat-artistes","8":"product_cat-guitares","9":"pa_artiste-myles-kennedy","10":"pa_disponibilite-en-vente","11":"pa_marque-prs","13":"first","14":"instock","15":"shipping-taxable","16":"purchasable","17":"product-type-simple"},"yoast_head":"<!-- This site is optimized with the Yoast SEO plugin v26.8 - https:\/\/yoast.com\/product\/yoast-seo-wordpress\/ -->\n<title>PRS Myles Kennedy Signature Ex Myles Kennedy - Matt&#039;s Guitar Shop<\/title>\n<meta name=\"robots\" content=\"index, follow, max-snippet:-1, max-image-preview:large, max-video-preview:-1\" \/>\n<link rel=\"canonical\" href=\"https:\/\/www.matts-guitar-shop.com\/en\/produit\/prs-myles-kennedy-signature-ex-myles-kennedy\/\" \/>\n<meta property=\"og:locale\" content=\"en_US\" \/>\n<meta property=\"og:type\" content=\"article\" \/>\n<meta property=\"og:title\" content=\"PRS Myles Kennedy Signature Ex Myles Kennedy - Matt&#039;s Guitar Shop\" \/>\n<meta property=\"og:description\" content=\"Il s&#039;agit d&#039;une occasion exceptionnelle d&#039;acqu\u00e9rir l&#039;instrument personnel de l&#039;un des musiciens les plus influents du rock contemporain.  Cette PRS Myles Kennedy Signature b\u00e9n\u00e9ficie d&#039;une provenance directe de la collection de Myles Kennedy (connu pour son travail avec Alter Bridge et Slash).  Ce mod\u00e8le d&#039;inspiration &quot;T-style&quot;, \u00e9labor\u00e9 pour offrir une polyvalence absolue, allie un design \u00e9pur\u00e9 \u00e0 une efficacit\u00e9 technique de premier ordre. Dot\u00e9e de micros Narrowfield, elle permet de naviguer entre des sonorit\u00e9s claquantes et des timbres denses et harmoniques, b\u00e9n\u00e9ficiant de l&#039;ergonomie renomm\u00e9e de PRS. La guitare pr\u00e9sente les c\u00e9l\u00e8bres incrustations &quot;Birds&quot; sur une touche en \u00e9rable, confirmant son appartenance aux standards d&#039;excellence de la marque.  Bien plus qu&#039;un mod\u00e8le de s\u00e9rie, cet instrument est un vestige de sc\u00e8ne impr\u00e9gn\u00e9 de l&#039;identit\u00e9 artistique de Myles Kennedy.\" \/>\n<meta property=\"og:url\" content=\"https:\/\/www.matts-guitar-shop.com\/en\/produit\/prs-myles-kennedy-signature-ex-myles-kennedy\/\" \/>\n<meta property=\"og:site_name\" content=\"Matt&#039;s Guitar Shop\" \/>\n<meta property=\"article:publisher\" content=\"https:\/\/www.facebook.com\/profile.php?id=100044359842817\" \/>\n<meta property=\"article:modified_time\" content=\"2026-04-06T18:36:59+00:00\" \/>\n<meta property=\"og:image\" content=\"https:\/\/www.matts-guitar-shop.com\/wp-content\/uploads\/2026\/04\/PRS_Myles_Kennedy_Signature_Ex_Myles_Kennedy_01b.jpg\" \/>\n\t<meta property=\"og:image:width\" content=\"800\" \/>\n\t<meta property=\"og:image:height\" content=\"1200\" \/>\n\t<meta property=\"og:image:type\" content=\"image\/jpeg\" \/>\n<meta name=\"twitter:card\" content=\"summary_large_image\" \/>\n<meta name=\"twitter:label1\" content=\"Est. reading time\" \/>\n\t<meta name=\"twitter:data1\" content=\"1 minute\" \/>\n<script type=\"application\/ld+json\" class=\"yoast-schema-graph\">{\"@context\":\"https:\/\/schema.org\",\"@graph\":[{\"@type\":\"WebPage\",\"@id\":\"https:\/\/www.matts-guitar-shop.com\/en\/produit\/prs-myles-kennedy-signature-ex-myles-kennedy\/\",\"url\":\"https:\/\/www.matts-guitar-shop.com\/en\/produit\/prs-myles-kennedy-signature-ex-myles-kennedy\/\",\"name\":\"PRS Myles Kennedy Signature Ex Myles Kennedy - Matt&#039;s Guitar Shop\",\"isPartOf\":{\"@id\":\"https:\/\/www.matts-guitar-shop.com\/en\/#website\"},\"primaryImageOfPage\":{\"@id\":\"https:\/\/www.matts-guitar-shop.com\/en\/produit\/prs-myles-kennedy-signature-ex-myles-kennedy\/#primaryimage\"},\"image\":{\"@id\":\"https:\/\/www.matts-guitar-shop.com\/en\/produit\/prs-myles-kennedy-signature-ex-myles-kennedy\/#primaryimage\"},\"thumbnailUrl\":\"https:\/\/www.matts-guitar-shop.com\/wp-content\/uploads\/2026\/04\/PRS_Myles_Kennedy_Signature_Ex_Myles_Kennedy_01b.jpg\",\"datePublished\":\"2026-04-06T18:22:46+00:00\",\"dateModified\":\"2026-04-06T18:36:59+00:00\",\"breadcrumb\":{\"@id\":\"https:\/\/www.matts-guitar-shop.com\/en\/produit\/prs-myles-kennedy-signature-ex-myles-kennedy\/#breadcrumb\"},\"inLanguage\":\"en-US\",\"potentialAction\":[{\"@type\":\"ReadAction\",\"target\":[\"https:\/\/www.matts-guitar-shop.com\/en\/produit\/prs-myles-kennedy-signature-ex-myles-kennedy\/\"]}]},{\"@type\":\"ImageObject\",\"inLanguage\":\"en-US\",\"@id\":\"https:\/\/www.matts-guitar-shop.com\/en\/produit\/prs-myles-kennedy-signature-ex-myles-kennedy\/#primaryimage\",\"url\":\"https:\/\/www.matts-guitar-shop.com\/wp-content\/uploads\/2026\/04\/PRS_Myles_Kennedy_Signature_Ex_Myles_Kennedy_01b.jpg\",\"contentUrl\":\"https:\/\/www.matts-guitar-shop.com\/wp-content\/uploads\/2026\/04\/PRS_Myles_Kennedy_Signature_Ex_Myles_Kennedy_01b.jpg\",\"width\":800,\"height\":1200},{\"@type\":\"BreadcrumbList\",\"@id\":\"https:\/\/www.matts-guitar-shop.com\/en\/produit\/prs-myles-kennedy-signature-ex-myles-kennedy\/#breadcrumb\",\"itemListElement\":[{\"@type\":\"ListItem\",\"position\":1,\"name\":\"Home\",\"item\":\"https:\/\/www.matts-guitar-shop.com\/en\/\"},{\"@type\":\"ListItem\",\"position\":2,\"name\":\"Shop\",\"item\":\"https:\/\/www.matts-guitar-shop.com\/en\/shop\/\"},{\"@type\":\"ListItem\",\"position\":3,\"name\":\"PRS Myles Kennedy Signature Ex Myles Kennedy\"}]},{\"@type\":\"WebSite\",\"@id\":\"https:\/\/www.matts-guitar-shop.com\/en\/#website\",\"url\":\"https:\/\/www.matts-guitar-shop.com\/en\/\",\"name\":\"matts-guitar-shop.com\",\"description\":\"Guitar Shop\",\"publisher\":{\"@id\":\"https:\/\/www.matts-guitar-shop.com\/en\/#organization\"},\"potentialAction\":[{\"@type\":\"SearchAction\",\"target\":{\"@type\":\"EntryPoint\",\"urlTemplate\":\"https:\/\/www.matts-guitar-shop.com\/en\/?s={search_term_string}\"},\"query-input\":{\"@type\":\"PropertyValueSpecification\",\"valueRequired\":true,\"valueName\":\"search_term_string\"}}],\"inLanguage\":\"en-US\"},{\"@type\":\"Organization\",\"@id\":\"https:\/\/www.matts-guitar-shop.com\/en\/#organization\",\"name\":\"matts-guitar-shop.com\",\"url\":\"https:\/\/www.matts-guitar-shop.com\/en\/\",\"logo\":{\"@type\":\"ImageObject\",\"inLanguage\":\"en-US\",\"@id\":\"https:\/\/www.matts-guitar-shop.com\/en\/#\/schema\/logo\/image\/\",\"url\":\"https:\/\/www.matts-guitar-shop.com\/wp-content\/uploads\/2024\/09\/MGS-logo-site-02.png\",\"contentUrl\":\"https:\/\/www.matts-guitar-shop.com\/wp-content\/uploads\/2024\/09\/MGS-logo-site-02.png\",\"width\":200,\"height\":122,\"caption\":\"matts-guitar-shop.com\"},\"image\":{\"@id\":\"https:\/\/www.matts-guitar-shop.com\/en\/#\/schema\/logo\/image\/\"},\"sameAs\":[\"https:\/\/www.facebook.com\/profile.php?id=100044359842817\",\"https:\/\/www.instagram.com\/mattsguitarshop\/\",\"https:\/\/www.youtube.com\/@MattLucasMan\/videos\"]}]}<\/script>\n<!-- \/ Yoast SEO plugin. -->","yoast_head_json":{"title":"PRS Myles Kennedy Signature Ex Myles Kennedy - Matt&#039;s Guitar Shop","robots":{"index":"index","follow":"follow","max-snippet":"max-snippet:-1","max-image-preview":"max-image-preview:large","max-video-preview":"max-video-preview:-1"},"canonical":"https:\/\/www.matts-guitar-shop.com\/en\/produit\/prs-myles-kennedy-signature-ex-myles-kennedy\/","og_locale":"en_US","og_type":"article","og_title":"PRS Myles Kennedy Signature Ex Myles Kennedy - Matt&#039;s Guitar Shop","og_description":"Il s'agit d'une occasion exceptionnelle d'acqu\u00e9rir l'instrument personnel de l'un des musiciens les plus influents du rock contemporain.  Cette PRS Myles Kennedy Signature b\u00e9n\u00e9ficie d'une provenance directe de la collection de Myles Kennedy (connu pour son travail avec Alter Bridge et Slash).  Ce mod\u00e8le d'inspiration \"T-style\", \u00e9labor\u00e9 pour offrir une polyvalence absolue, allie un design \u00e9pur\u00e9 \u00e0 une efficacit\u00e9 technique de premier ordre. Dot\u00e9e de micros Narrowfield, elle permet de naviguer entre des sonorit\u00e9s claquantes et des timbres denses et harmoniques, b\u00e9n\u00e9ficiant de l'ergonomie renomm\u00e9e de PRS. La guitare pr\u00e9sente les c\u00e9l\u00e8bres incrustations \"Birds\" sur une touche en \u00e9rable, confirmant son appartenance aux standards d'excellence de la marque.  Bien plus qu'un mod\u00e8le de s\u00e9rie, cet instrument est un vestige de sc\u00e8ne impr\u00e9gn\u00e9 de l'identit\u00e9 artistique de Myles Kennedy.","og_url":"https:\/\/www.matts-guitar-shop.com\/en\/produit\/prs-myles-kennedy-signature-ex-myles-kennedy\/","og_site_name":"Matt&#039;s Guitar Shop","article_publisher":"https:\/\/www.facebook.com\/profile.php?id=100044359842817","article_modified_time":"2026-04-06T18:36:59+00:00","og_image":[{"width":800,"height":1200,"url":"https:\/\/www.matts-guitar-shop.com\/wp-content\/uploads\/2026\/04\/PRS_Myles_Kennedy_Signature_Ex_Myles_Kennedy_01b.jpg","type":"image\/jpeg"}],"twitter_card":"summary_large_image","twitter_misc":{"Est. reading time":"1 minute"},"schema":{"@context":"https:\/\/schema.org","@graph":[{"@type":"WebPage","@id":"https:\/\/www.matts-guitar-shop.com\/en\/produit\/prs-myles-kennedy-signature-ex-myles-kennedy\/","url":"https:\/\/www.matts-guitar-shop.com\/en\/produit\/prs-myles-kennedy-signature-ex-myles-kennedy\/","name":"PRS Myles Kennedy Signature Ex Myles Kennedy - Matt&#039;s Guitar Shop","isPartOf":{"@id":"https:\/\/www.matts-guitar-shop.com\/en\/#website"},"primaryImageOfPage":{"@id":"https:\/\/www.matts-guitar-shop.com\/en\/produit\/prs-myles-kennedy-signature-ex-myles-kennedy\/#primaryimage"},"image":{"@id":"https:\/\/www.matts-guitar-shop.com\/en\/produit\/prs-myles-kennedy-signature-ex-myles-kennedy\/#primaryimage"},"thumbnailUrl":"https:\/\/www.matts-guitar-shop.com\/wp-content\/uploads\/2026\/04\/PRS_Myles_Kennedy_Signature_Ex_Myles_Kennedy_01b.jpg","datePublished":"2026-04-06T18:22:46+00:00","dateModified":"2026-04-06T18:36:59+00:00","breadcrumb":{"@id":"https:\/\/www.matts-guitar-shop.com\/en\/produit\/prs-myles-kennedy-signature-ex-myles-kennedy\/#breadcrumb"},"inLanguage":"en-US","potentialAction":[{"@type":"ReadAction","target":["https:\/\/www.matts-guitar-shop.com\/en\/produit\/prs-myles-kennedy-signature-ex-myles-kennedy\/"]}]},{"@type":"ImageObject","inLanguage":"en-US","@id":"https:\/\/www.matts-guitar-shop.com\/en\/produit\/prs-myles-kennedy-signature-ex-myles-kennedy\/#primaryimage","url":"https:\/\/www.matts-guitar-shop.com\/wp-content\/uploads\/2026\/04\/PRS_Myles_Kennedy_Signature_Ex_Myles_Kennedy_01b.jpg","contentUrl":"https:\/\/www.matts-guitar-shop.com\/wp-content\/uploads\/2026\/04\/PRS_Myles_Kennedy_Signature_Ex_Myles_Kennedy_01b.jpg","width":800,"height":1200},{"@type":"BreadcrumbList","@id":"https:\/\/www.matts-guitar-shop.com\/en\/produit\/prs-myles-kennedy-signature-ex-myles-kennedy\/#breadcrumb","itemListElement":[{"@type":"ListItem","position":1,"name":"Home","item":"https:\/\/www.matts-guitar-shop.com\/en\/"},{"@type":"ListItem","position":2,"name":"Shop","item":"https:\/\/www.matts-guitar-shop.com\/en\/shop\/"},{"@type":"ListItem","position":3,"name":"PRS Myles Kennedy Signature Ex Myles Kennedy"}]},{"@type":"WebSite","@id":"https:\/\/www.matts-guitar-shop.com\/en\/#website","url":"https:\/\/www.matts-guitar-shop.com\/en\/","name":"matts-guitar-shop.com","description":"Guitar Shop","publisher":{"@id":"https:\/\/www.matts-guitar-shop.com\/en\/#organization"},"potentialAction":[{"@type":"SearchAction","target":{"@type":"EntryPoint","urlTemplate":"https:\/\/www.matts-guitar-shop.com\/en\/?s={search_term_string}"},"query-input":{"@type":"PropertyValueSpecification","valueRequired":true,"valueName":"search_term_string"}}],"inLanguage":"en-US"},{"@type":"Organization","@id":"https:\/\/www.matts-guitar-shop.com\/en\/#organization","name":"matts-guitar-shop.com","url":"https:\/\/www.matts-guitar-shop.com\/en\/","logo":{"@type":"ImageObject","inLanguage":"en-US","@id":"https:\/\/www.matts-guitar-shop.com\/en\/#\/schema\/logo\/image\/","url":"https:\/\/www.matts-guitar-shop.com\/wp-content\/uploads\/2024\/09\/MGS-logo-site-02.png","contentUrl":"https:\/\/www.matts-guitar-shop.com\/wp-content\/uploads\/2024\/09\/MGS-logo-site-02.png","width":200,"height":122,"caption":"matts-guitar-shop.com"},"image":{"@id":"https:\/\/www.matts-guitar-shop.com\/en\/#\/schema\/logo\/image\/"},"sameAs":["https:\/\/www.facebook.com\/profile.php?id=100044359842817","https:\/\/www.instagram.com\/mattsguitarshop\/","https:\/\/www.youtube.com\/@MattLucasMan\/videos"]}]}},"_links":{"self":[{"href":"https:\/\/www.matts-guitar-shop.com\/en\/wp-json\/wp\/v2\/product\/32113","targetHints":{"allow":["GET"]}}],"collection":[{"href":"https:\/\/www.matts-guitar-shop.com\/en\/wp-json\/wp\/v2\/product"}],"about":[{"href":"https:\/\/www.matts-guitar-shop.com\/en\/wp-json\/wp\/v2\/types\/product"}],"replies":[{"embeddable":true,"href":"https:\/\/www.matts-guitar-shop.com\/en\/wp-json\/wp\/v2\/comments?post=32113"}],"wp:featuredmedia":[{"embeddable":true,"href":"https:\/\/www.matts-guitar-shop.com\/en\/wp-json\/wp\/v2\/media\/32162"}],"wp:attachment":[{"href":"https:\/\/www.matts-guitar-shop.com\/en\/wp-json\/wp\/v2\/media?parent=32113"}],"wp:term":[{"taxonomy":"product_brand","embeddable":true,"href":"https:\/\/www.matts-guitar-shop.com\/en\/wp-json\/wp\/v2\/product_brand?post=32113"},{"taxonomy":"product_cat","embeddable":true,"href":"https:\/\/www.matts-guitar-shop.com\/en\/wp-json\/wp\/v2\/product_cat?post=32113"},{"taxonomy":"product_tag","embeddable":true,"href":"https:\/\/www.matts-guitar-shop.com\/en\/wp-json\/wp\/v2\/product_tag?post=32113"}],"curies":[{"name":"wp","href":"https:\/\/api.w.org\/{rel}","templated":true}]}}