{"id":31735,"date":"2026-04-05T19:40:14","date_gmt":"2026-04-05T17:40:14","guid":{"rendered":"https:\/\/www.matts-guitar-shop.com\/?post_type=product&#038;p=31735"},"modified":"2026-04-05T19:53:47","modified_gmt":"2026-04-05T17:53:47","slug":"ltd-viper-1000-deluxe-ex-chino-moreno-deftones","status":"publish","type":"product","link":"https:\/\/www.matts-guitar-shop.com\/en\/produit\/ltd-viper-1000-deluxe-ex-chino-moreno-deftones\/","title":{"rendered":"LTD Viper 1000 Deluxe ex Chino Moreno &#8211; Deftones"},"content":{"rendered":"","protected":false},"excerpt":{"rendered":"<p>Il s&#8217;agit d&#8217;un instrument d&#8217;une intensit\u00e9 exceptionnelle, provenant tout droit de l&#8217;\u00e9quipement de l&#8217;une des formations les plus marquantes du m\u00e9tal alternatif.<\/p>\n<p>Cette LTD Viper-1000 Deluxe b\u00e9n\u00e9ficie d&#8217;un historique prestigieux : elle a servi sur sc\u00e8ne \u00e0 Chino Moreno, le leader embl\u00e9matique de Deftones, et arbore sa signature authentique \u00e0 l&#8217;arri\u00e8re de la t\u00eate. Con\u00e7ue pour la performance avec son design asym\u00e9trique et tranchant, sa finition noire porte les marques de l&#8217;\u00e9nergie d\u00e9ploy\u00e9e lors des tourn\u00e9es internationales du groupe. Dot\u00e9e de micros actifs EMG pour une puissance et une pr\u00e9cision extr\u00eames, elle produit le son dense et textur\u00e9 caract\u00e9ristique de l&#8217;identit\u00e9 sonore de Deftones.<\/p>\n<p>Bien plus qu&#8217;un simple instrument, cette guitare est un vestige historique du Nu-Metal et du rock contemporain, offrant un lien privil\u00e9gi\u00e9 avec l&#8217;un des artistes les plus influents de sa g\u00e9n\u00e9ration.<\/p>\n","protected":false},"featured_media":31736,"comment_status":"closed","ping_status":"closed","template":"","meta":{"_et_pb_use_builder":"","_et_pb_old_content":"","_et_gb_content_width":""},"product_brand":[],"product_cat":[123,82,152],"product_tag":[],"class_list":{"0":"post-31735","1":"product","2":"type-product","3":"status-publish","4":"has-post-thumbnail","6":"product_cat-guitares-electriques","7":"product_cat-artistes","8":"product_cat-guitares","9":"pa_artiste-chino-moreno","10":"pa_disponibilite-en-vente","11":"pa_marque-esp","12":"pa_marque-esp-ltd","14":"first","15":"instock","16":"shipping-taxable","17":"purchasable","18":"product-type-simple"},"yoast_head":"<!-- This site is optimized with the Yoast SEO plugin v26.8 - https:\/\/yoast.com\/product\/yoast-seo-wordpress\/ -->\n<title>LTD Viper 1000 Deluxe ex Chino Moreno - Deftones - Matt&#039;s Guitar Shop<\/title>\n<meta name=\"robots\" content=\"index, follow, max-snippet:-1, max-image-preview:large, max-video-preview:-1\" \/>\n<link rel=\"canonical\" href=\"https:\/\/www.matts-guitar-shop.com\/en\/produit\/ltd-viper-1000-deluxe-ex-chino-moreno-deftones\/\" \/>\n<meta property=\"og:locale\" content=\"en_US\" \/>\n<meta property=\"og:type\" content=\"article\" \/>\n<meta property=\"og:title\" content=\"LTD Viper 1000 Deluxe ex Chino Moreno - Deftones - Matt&#039;s Guitar Shop\" \/>\n<meta property=\"og:description\" content=\"Il s&#039;agit d&#039;un instrument d&#039;une intensit\u00e9 exceptionnelle, provenant tout droit de l&#039;\u00e9quipement de l&#039;une des formations les plus marquantes du m\u00e9tal alternatif.  Cette LTD Viper-1000 Deluxe b\u00e9n\u00e9ficie d&#039;un historique prestigieux : elle a servi sur sc\u00e8ne \u00e0 Chino Moreno, le leader embl\u00e9matique de Deftones, et arbore sa signature authentique \u00e0 l&#039;arri\u00e8re de la t\u00eate. Con\u00e7ue pour la performance avec son design asym\u00e9trique et tranchant, sa finition noire porte les marques de l&#039;\u00e9nergie d\u00e9ploy\u00e9e lors des tourn\u00e9es internationales du groupe. Dot\u00e9e de micros actifs EMG pour une puissance et une pr\u00e9cision extr\u00eames, elle produit le son dense et textur\u00e9 caract\u00e9ristique de l&#039;identit\u00e9 sonore de Deftones.  Bien plus qu&#039;un simple instrument, cette guitare est un vestige historique du Nu-Metal et du rock contemporain, offrant un lien privil\u00e9gi\u00e9 avec l&#039;un des artistes les plus influents de sa g\u00e9n\u00e9ration.\" \/>\n<meta property=\"og:url\" content=\"https:\/\/www.matts-guitar-shop.com\/en\/produit\/ltd-viper-1000-deluxe-ex-chino-moreno-deftones\/\" \/>\n<meta property=\"og:site_name\" content=\"Matt&#039;s Guitar Shop\" \/>\n<meta property=\"article:publisher\" content=\"https:\/\/www.facebook.com\/profile.php?id=100044359842817\" \/>\n<meta property=\"article:modified_time\" content=\"2026-04-05T17:53:47+00:00\" \/>\n<meta property=\"og:image\" content=\"https:\/\/www.matts-guitar-shop.com\/wp-content\/uploads\/2026\/04\/LTD-Viper-1000-Deluxe-ex-Chino-Moreno-Deftones-01.jpg\" \/>\n\t<meta property=\"og:image:width\" content=\"800\" \/>\n\t<meta property=\"og:image:height\" content=\"1200\" \/>\n\t<meta property=\"og:image:type\" content=\"image\/jpeg\" \/>\n<meta name=\"twitter:card\" content=\"summary_large_image\" \/>\n<meta name=\"twitter:label1\" content=\"Est. reading time\" \/>\n\t<meta name=\"twitter:data1\" content=\"1 minute\" \/>\n<script type=\"application\/ld+json\" class=\"yoast-schema-graph\">{\"@context\":\"https:\/\/schema.org\",\"@graph\":[{\"@type\":\"WebPage\",\"@id\":\"https:\/\/www.matts-guitar-shop.com\/en\/produit\/ltd-viper-1000-deluxe-ex-chino-moreno-deftones\/\",\"url\":\"https:\/\/www.matts-guitar-shop.com\/en\/produit\/ltd-viper-1000-deluxe-ex-chino-moreno-deftones\/\",\"name\":\"LTD Viper 1000 Deluxe ex Chino Moreno - Deftones - Matt&#039;s Guitar Shop\",\"isPartOf\":{\"@id\":\"https:\/\/www.matts-guitar-shop.com\/en\/#website\"},\"primaryImageOfPage\":{\"@id\":\"https:\/\/www.matts-guitar-shop.com\/en\/produit\/ltd-viper-1000-deluxe-ex-chino-moreno-deftones\/#primaryimage\"},\"image\":{\"@id\":\"https:\/\/www.matts-guitar-shop.com\/en\/produit\/ltd-viper-1000-deluxe-ex-chino-moreno-deftones\/#primaryimage\"},\"thumbnailUrl\":\"https:\/\/www.matts-guitar-shop.com\/wp-content\/uploads\/2026\/04\/LTD-Viper-1000-Deluxe-ex-Chino-Moreno-Deftones-01.jpg\",\"datePublished\":\"2026-04-05T17:40:14+00:00\",\"dateModified\":\"2026-04-05T17:53:47+00:00\",\"breadcrumb\":{\"@id\":\"https:\/\/www.matts-guitar-shop.com\/en\/produit\/ltd-viper-1000-deluxe-ex-chino-moreno-deftones\/#breadcrumb\"},\"inLanguage\":\"en-US\",\"potentialAction\":[{\"@type\":\"ReadAction\",\"target\":[\"https:\/\/www.matts-guitar-shop.com\/en\/produit\/ltd-viper-1000-deluxe-ex-chino-moreno-deftones\/\"]}]},{\"@type\":\"ImageObject\",\"inLanguage\":\"en-US\",\"@id\":\"https:\/\/www.matts-guitar-shop.com\/en\/produit\/ltd-viper-1000-deluxe-ex-chino-moreno-deftones\/#primaryimage\",\"url\":\"https:\/\/www.matts-guitar-shop.com\/wp-content\/uploads\/2026\/04\/LTD-Viper-1000-Deluxe-ex-Chino-Moreno-Deftones-01.jpg\",\"contentUrl\":\"https:\/\/www.matts-guitar-shop.com\/wp-content\/uploads\/2026\/04\/LTD-Viper-1000-Deluxe-ex-Chino-Moreno-Deftones-01.jpg\",\"width\":800,\"height\":1200},{\"@type\":\"BreadcrumbList\",\"@id\":\"https:\/\/www.matts-guitar-shop.com\/en\/produit\/ltd-viper-1000-deluxe-ex-chino-moreno-deftones\/#breadcrumb\",\"itemListElement\":[{\"@type\":\"ListItem\",\"position\":1,\"name\":\"Home\",\"item\":\"https:\/\/www.matts-guitar-shop.com\/en\/\"},{\"@type\":\"ListItem\",\"position\":2,\"name\":\"Shop\",\"item\":\"https:\/\/www.matts-guitar-shop.com\/en\/shop\/\"},{\"@type\":\"ListItem\",\"position\":3,\"name\":\"LTD Viper 1000 Deluxe ex Chino Moreno &#8211; Deftones\"}]},{\"@type\":\"WebSite\",\"@id\":\"https:\/\/www.matts-guitar-shop.com\/en\/#website\",\"url\":\"https:\/\/www.matts-guitar-shop.com\/en\/\",\"name\":\"matts-guitar-shop.com\",\"description\":\"Guitar Shop\",\"publisher\":{\"@id\":\"https:\/\/www.matts-guitar-shop.com\/en\/#organization\"},\"potentialAction\":[{\"@type\":\"SearchAction\",\"target\":{\"@type\":\"EntryPoint\",\"urlTemplate\":\"https:\/\/www.matts-guitar-shop.com\/en\/?s={search_term_string}\"},\"query-input\":{\"@type\":\"PropertyValueSpecification\",\"valueRequired\":true,\"valueName\":\"search_term_string\"}}],\"inLanguage\":\"en-US\"},{\"@type\":\"Organization\",\"@id\":\"https:\/\/www.matts-guitar-shop.com\/en\/#organization\",\"name\":\"matts-guitar-shop.com\",\"url\":\"https:\/\/www.matts-guitar-shop.com\/en\/\",\"logo\":{\"@type\":\"ImageObject\",\"inLanguage\":\"en-US\",\"@id\":\"https:\/\/www.matts-guitar-shop.com\/en\/#\/schema\/logo\/image\/\",\"url\":\"https:\/\/www.matts-guitar-shop.com\/wp-content\/uploads\/2024\/09\/MGS-logo-site-02.png\",\"contentUrl\":\"https:\/\/www.matts-guitar-shop.com\/wp-content\/uploads\/2024\/09\/MGS-logo-site-02.png\",\"width\":200,\"height\":122,\"caption\":\"matts-guitar-shop.com\"},\"image\":{\"@id\":\"https:\/\/www.matts-guitar-shop.com\/en\/#\/schema\/logo\/image\/\"},\"sameAs\":[\"https:\/\/www.facebook.com\/profile.php?id=100044359842817\",\"https:\/\/www.instagram.com\/mattsguitarshop\/\",\"https:\/\/www.youtube.com\/@MattLucasMan\/videos\"]}]}<\/script>\n<!-- \/ Yoast SEO plugin. -->","yoast_head_json":{"title":"LTD Viper 1000 Deluxe ex Chino Moreno - Deftones - Matt&#039;s Guitar Shop","robots":{"index":"index","follow":"follow","max-snippet":"max-snippet:-1","max-image-preview":"max-image-preview:large","max-video-preview":"max-video-preview:-1"},"canonical":"https:\/\/www.matts-guitar-shop.com\/en\/produit\/ltd-viper-1000-deluxe-ex-chino-moreno-deftones\/","og_locale":"en_US","og_type":"article","og_title":"LTD Viper 1000 Deluxe ex Chino Moreno - Deftones - Matt&#039;s Guitar Shop","og_description":"Il s'agit d'un instrument d'une intensit\u00e9 exceptionnelle, provenant tout droit de l'\u00e9quipement de l'une des formations les plus marquantes du m\u00e9tal alternatif.  Cette LTD Viper-1000 Deluxe b\u00e9n\u00e9ficie d'un historique prestigieux : elle a servi sur sc\u00e8ne \u00e0 Chino Moreno, le leader embl\u00e9matique de Deftones, et arbore sa signature authentique \u00e0 l'arri\u00e8re de la t\u00eate. Con\u00e7ue pour la performance avec son design asym\u00e9trique et tranchant, sa finition noire porte les marques de l'\u00e9nergie d\u00e9ploy\u00e9e lors des tourn\u00e9es internationales du groupe. Dot\u00e9e de micros actifs EMG pour une puissance et une pr\u00e9cision extr\u00eames, elle produit le son dense et textur\u00e9 caract\u00e9ristique de l'identit\u00e9 sonore de Deftones.  Bien plus qu'un simple instrument, cette guitare est un vestige historique du Nu-Metal et du rock contemporain, offrant un lien privil\u00e9gi\u00e9 avec l'un des artistes les plus influents de sa g\u00e9n\u00e9ration.","og_url":"https:\/\/www.matts-guitar-shop.com\/en\/produit\/ltd-viper-1000-deluxe-ex-chino-moreno-deftones\/","og_site_name":"Matt&#039;s Guitar Shop","article_publisher":"https:\/\/www.facebook.com\/profile.php?id=100044359842817","article_modified_time":"2026-04-05T17:53:47+00:00","og_image":[{"width":800,"height":1200,"url":"https:\/\/www.matts-guitar-shop.com\/wp-content\/uploads\/2026\/04\/LTD-Viper-1000-Deluxe-ex-Chino-Moreno-Deftones-01.jpg","type":"image\/jpeg"}],"twitter_card":"summary_large_image","twitter_misc":{"Est. reading time":"1 minute"},"schema":{"@context":"https:\/\/schema.org","@graph":[{"@type":"WebPage","@id":"https:\/\/www.matts-guitar-shop.com\/en\/produit\/ltd-viper-1000-deluxe-ex-chino-moreno-deftones\/","url":"https:\/\/www.matts-guitar-shop.com\/en\/produit\/ltd-viper-1000-deluxe-ex-chino-moreno-deftones\/","name":"LTD Viper 1000 Deluxe ex Chino Moreno - Deftones - Matt&#039;s Guitar Shop","isPartOf":{"@id":"https:\/\/www.matts-guitar-shop.com\/en\/#website"},"primaryImageOfPage":{"@id":"https:\/\/www.matts-guitar-shop.com\/en\/produit\/ltd-viper-1000-deluxe-ex-chino-moreno-deftones\/#primaryimage"},"image":{"@id":"https:\/\/www.matts-guitar-shop.com\/en\/produit\/ltd-viper-1000-deluxe-ex-chino-moreno-deftones\/#primaryimage"},"thumbnailUrl":"https:\/\/www.matts-guitar-shop.com\/wp-content\/uploads\/2026\/04\/LTD-Viper-1000-Deluxe-ex-Chino-Moreno-Deftones-01.jpg","datePublished":"2026-04-05T17:40:14+00:00","dateModified":"2026-04-05T17:53:47+00:00","breadcrumb":{"@id":"https:\/\/www.matts-guitar-shop.com\/en\/produit\/ltd-viper-1000-deluxe-ex-chino-moreno-deftones\/#breadcrumb"},"inLanguage":"en-US","potentialAction":[{"@type":"ReadAction","target":["https:\/\/www.matts-guitar-shop.com\/en\/produit\/ltd-viper-1000-deluxe-ex-chino-moreno-deftones\/"]}]},{"@type":"ImageObject","inLanguage":"en-US","@id":"https:\/\/www.matts-guitar-shop.com\/en\/produit\/ltd-viper-1000-deluxe-ex-chino-moreno-deftones\/#primaryimage","url":"https:\/\/www.matts-guitar-shop.com\/wp-content\/uploads\/2026\/04\/LTD-Viper-1000-Deluxe-ex-Chino-Moreno-Deftones-01.jpg","contentUrl":"https:\/\/www.matts-guitar-shop.com\/wp-content\/uploads\/2026\/04\/LTD-Viper-1000-Deluxe-ex-Chino-Moreno-Deftones-01.jpg","width":800,"height":1200},{"@type":"BreadcrumbList","@id":"https:\/\/www.matts-guitar-shop.com\/en\/produit\/ltd-viper-1000-deluxe-ex-chino-moreno-deftones\/#breadcrumb","itemListElement":[{"@type":"ListItem","position":1,"name":"Home","item":"https:\/\/www.matts-guitar-shop.com\/en\/"},{"@type":"ListItem","position":2,"name":"Shop","item":"https:\/\/www.matts-guitar-shop.com\/en\/shop\/"},{"@type":"ListItem","position":3,"name":"LTD Viper 1000 Deluxe ex Chino Moreno &#8211; Deftones"}]},{"@type":"WebSite","@id":"https:\/\/www.matts-guitar-shop.com\/en\/#website","url":"https:\/\/www.matts-guitar-shop.com\/en\/","name":"matts-guitar-shop.com","description":"Guitar Shop","publisher":{"@id":"https:\/\/www.matts-guitar-shop.com\/en\/#organization"},"potentialAction":[{"@type":"SearchAction","target":{"@type":"EntryPoint","urlTemplate":"https:\/\/www.matts-guitar-shop.com\/en\/?s={search_term_string}"},"query-input":{"@type":"PropertyValueSpecification","valueRequired":true,"valueName":"search_term_string"}}],"inLanguage":"en-US"},{"@type":"Organization","@id":"https:\/\/www.matts-guitar-shop.com\/en\/#organization","name":"matts-guitar-shop.com","url":"https:\/\/www.matts-guitar-shop.com\/en\/","logo":{"@type":"ImageObject","inLanguage":"en-US","@id":"https:\/\/www.matts-guitar-shop.com\/en\/#\/schema\/logo\/image\/","url":"https:\/\/www.matts-guitar-shop.com\/wp-content\/uploads\/2024\/09\/MGS-logo-site-02.png","contentUrl":"https:\/\/www.matts-guitar-shop.com\/wp-content\/uploads\/2024\/09\/MGS-logo-site-02.png","width":200,"height":122,"caption":"matts-guitar-shop.com"},"image":{"@id":"https:\/\/www.matts-guitar-shop.com\/en\/#\/schema\/logo\/image\/"},"sameAs":["https:\/\/www.facebook.com\/profile.php?id=100044359842817","https:\/\/www.instagram.com\/mattsguitarshop\/","https:\/\/www.youtube.com\/@MattLucasMan\/videos"]}]}},"_links":{"self":[{"href":"https:\/\/www.matts-guitar-shop.com\/en\/wp-json\/wp\/v2\/product\/31735","targetHints":{"allow":["GET"]}}],"collection":[{"href":"https:\/\/www.matts-guitar-shop.com\/en\/wp-json\/wp\/v2\/product"}],"about":[{"href":"https:\/\/www.matts-guitar-shop.com\/en\/wp-json\/wp\/v2\/types\/product"}],"replies":[{"embeddable":true,"href":"https:\/\/www.matts-guitar-shop.com\/en\/wp-json\/wp\/v2\/comments?post=31735"}],"wp:featuredmedia":[{"embeddable":true,"href":"https:\/\/www.matts-guitar-shop.com\/en\/wp-json\/wp\/v2\/media\/31736"}],"wp:attachment":[{"href":"https:\/\/www.matts-guitar-shop.com\/en\/wp-json\/wp\/v2\/media?parent=31735"}],"wp:term":[{"taxonomy":"product_brand","embeddable":true,"href":"https:\/\/www.matts-guitar-shop.com\/en\/wp-json\/wp\/v2\/product_brand?post=31735"},{"taxonomy":"product_cat","embeddable":true,"href":"https:\/\/www.matts-guitar-shop.com\/en\/wp-json\/wp\/v2\/product_cat?post=31735"},{"taxonomy":"product_tag","embeddable":true,"href":"https:\/\/www.matts-guitar-shop.com\/en\/wp-json\/wp\/v2\/product_tag?post=31735"}],"curies":[{"name":"wp","href":"https:\/\/api.w.org\/{rel}","templated":true}]}}