{"id":31581,"date":"2026-04-05T16:40:58","date_gmt":"2026-04-05T14:40:58","guid":{"rendered":"https:\/\/www.matts-guitar-shop.com\/?post_type=product&#038;p=31581"},"modified":"2026-04-05T16:42:59","modified_gmt":"2026-04-05T14:42:59","slug":"gibson-southern-jumbo-1967","status":"publish","type":"product","link":"https:\/\/www.matts-guitar-shop.com\/en\/produit\/gibson-southern-jumbo-1967\/","title":{"rendered":"Gibson Southern Jumbo 1967"},"content":{"rendered":"","protected":false},"excerpt":{"rendered":"<p>La Gibson Southern Jumbo repr\u00e9sente l&#8217;aboutissement de la \u00ab Workhorse \u00bb de luxe dans sa configuration \u00e0 \u00e9paules carr\u00e9es (square-shoulder). Version haut de gamme de la c\u00e9l\u00e8bre J-45, elle se distingue par des finitions raffin\u00e9es, notamment ses incrustations en nacre en forme de doubles parall\u00e9logrammes et son filet de touche \u00e9l\u00e9gant.<\/p>\n<p>Sa table en \u00e9pic\u00e9a, dot\u00e9e d&#8217;une patine naturelle, s&#8217;associe \u00e0 un corps en acajou massif pour produire une sonorit\u00e9 bois\u00e9e et profonde, marqu\u00e9e par la compression typique des instruments historiques de l&#8217;usine de Kalamazoo. Arborant un vernis Sunburst \u00e9clatant et son imposant pickguard embl\u00e9matique, cette guitare incarne l&#8217;\u00e2ge d&#8217;or acoustique de la marque.<\/p>\n<p>Cette pi\u00e8ce vintage exceptionnelle combine un confort de jeu remarquable \u00e0 une identit\u00e9 historique forte, id\u00e9ale pour les compositions en qu\u00eate d&#8217;authenticit\u00e9.<\/p>\n","protected":false},"featured_media":31582,"comment_status":"closed","ping_status":"closed","template":"","meta":{"_et_pb_use_builder":"","_et_pb_old_content":"","_et_gb_content_width":""},"product_brand":[],"product_cat":[124,152],"product_tag":[],"class_list":{"0":"post-31581","1":"product","2":"type-product","3":"status-publish","4":"has-post-thumbnail","6":"product_cat-guitares-acoustiques","7":"product_cat-guitares","8":"pa_disponibilite-en-vente","9":"pa_marque-gibson","11":"first","12":"instock","13":"shipping-taxable","14":"purchasable","15":"product-type-simple"},"yoast_head":"<!-- This site is optimized with the Yoast SEO plugin v26.8 - https:\/\/yoast.com\/product\/yoast-seo-wordpress\/ -->\n<title>Gibson Southern Jumbo 1967 - Matt&#039;s Guitar Shop<\/title>\n<meta name=\"robots\" content=\"index, follow, max-snippet:-1, max-image-preview:large, max-video-preview:-1\" \/>\n<link rel=\"canonical\" href=\"https:\/\/www.matts-guitar-shop.com\/en\/produit\/gibson-southern-jumbo-1967\/\" \/>\n<meta property=\"og:locale\" content=\"en_US\" \/>\n<meta property=\"og:type\" content=\"article\" \/>\n<meta property=\"og:title\" content=\"Gibson Southern Jumbo 1967 - Matt&#039;s Guitar Shop\" \/>\n<meta property=\"og:description\" content=\"La Gibson Southern Jumbo repr\u00e9sente l&#039;aboutissement de la \u00ab Workhorse \u00bb de luxe dans sa configuration \u00e0 \u00e9paules carr\u00e9es (square-shoulder). Version haut de gamme de la c\u00e9l\u00e8bre J-45, elle se distingue par des finitions raffin\u00e9es, notamment ses incrustations en nacre en forme de doubles parall\u00e9logrammes et son filet de touche \u00e9l\u00e9gant.  Sa table en \u00e9pic\u00e9a, dot\u00e9e d&#039;une patine naturelle, s&#039;associe \u00e0 un corps en acajou massif pour produire une sonorit\u00e9 bois\u00e9e et profonde, marqu\u00e9e par la compression typique des instruments historiques de l&#039;usine de Kalamazoo. Arborant un vernis Sunburst \u00e9clatant et son imposant pickguard embl\u00e9matique, cette guitare incarne l&#039;\u00e2ge d&#039;or acoustique de la marque.  Cette pi\u00e8ce vintage exceptionnelle combine un confort de jeu remarquable \u00e0 une identit\u00e9 historique forte, id\u00e9ale pour les compositions en qu\u00eate d&#039;authenticit\u00e9.\" \/>\n<meta property=\"og:url\" content=\"https:\/\/www.matts-guitar-shop.com\/en\/produit\/gibson-southern-jumbo-1967\/\" \/>\n<meta property=\"og:site_name\" content=\"Matt&#039;s Guitar Shop\" \/>\n<meta property=\"article:publisher\" content=\"https:\/\/www.facebook.com\/profile.php?id=100044359842817\" \/>\n<meta property=\"article:modified_time\" content=\"2026-04-05T14:42:59+00:00\" \/>\n<meta property=\"og:image\" content=\"https:\/\/www.matts-guitar-shop.com\/wp-content\/uploads\/2026\/04\/Gibson-Southern-Jumbo-1967-01.jpg\" \/>\n\t<meta property=\"og:image:width\" content=\"800\" \/>\n\t<meta property=\"og:image:height\" content=\"1200\" \/>\n\t<meta property=\"og:image:type\" content=\"image\/jpeg\" \/>\n<meta name=\"twitter:card\" content=\"summary_large_image\" \/>\n<meta name=\"twitter:label1\" content=\"Est. reading time\" \/>\n\t<meta name=\"twitter:data1\" content=\"1 minute\" \/>\n<script type=\"application\/ld+json\" class=\"yoast-schema-graph\">{\"@context\":\"https:\/\/schema.org\",\"@graph\":[{\"@type\":\"WebPage\",\"@id\":\"https:\/\/www.matts-guitar-shop.com\/en\/produit\/gibson-southern-jumbo-1967\/\",\"url\":\"https:\/\/www.matts-guitar-shop.com\/en\/produit\/gibson-southern-jumbo-1967\/\",\"name\":\"Gibson Southern Jumbo 1967 - Matt&#039;s Guitar Shop\",\"isPartOf\":{\"@id\":\"https:\/\/www.matts-guitar-shop.com\/en\/#website\"},\"primaryImageOfPage\":{\"@id\":\"https:\/\/www.matts-guitar-shop.com\/en\/produit\/gibson-southern-jumbo-1967\/#primaryimage\"},\"image\":{\"@id\":\"https:\/\/www.matts-guitar-shop.com\/en\/produit\/gibson-southern-jumbo-1967\/#primaryimage\"},\"thumbnailUrl\":\"https:\/\/www.matts-guitar-shop.com\/wp-content\/uploads\/2026\/04\/Gibson-Southern-Jumbo-1967-01.jpg\",\"datePublished\":\"2026-04-05T14:40:58+00:00\",\"dateModified\":\"2026-04-05T14:42:59+00:00\",\"breadcrumb\":{\"@id\":\"https:\/\/www.matts-guitar-shop.com\/en\/produit\/gibson-southern-jumbo-1967\/#breadcrumb\"},\"inLanguage\":\"en-US\",\"potentialAction\":[{\"@type\":\"ReadAction\",\"target\":[\"https:\/\/www.matts-guitar-shop.com\/en\/produit\/gibson-southern-jumbo-1967\/\"]}]},{\"@type\":\"ImageObject\",\"inLanguage\":\"en-US\",\"@id\":\"https:\/\/www.matts-guitar-shop.com\/en\/produit\/gibson-southern-jumbo-1967\/#primaryimage\",\"url\":\"https:\/\/www.matts-guitar-shop.com\/wp-content\/uploads\/2026\/04\/Gibson-Southern-Jumbo-1967-01.jpg\",\"contentUrl\":\"https:\/\/www.matts-guitar-shop.com\/wp-content\/uploads\/2026\/04\/Gibson-Southern-Jumbo-1967-01.jpg\",\"width\":800,\"height\":1200},{\"@type\":\"BreadcrumbList\",\"@id\":\"https:\/\/www.matts-guitar-shop.com\/en\/produit\/gibson-southern-jumbo-1967\/#breadcrumb\",\"itemListElement\":[{\"@type\":\"ListItem\",\"position\":1,\"name\":\"Home\",\"item\":\"https:\/\/www.matts-guitar-shop.com\/en\/\"},{\"@type\":\"ListItem\",\"position\":2,\"name\":\"Shop\",\"item\":\"https:\/\/www.matts-guitar-shop.com\/en\/shop\/\"},{\"@type\":\"ListItem\",\"position\":3,\"name\":\"Gibson Southern Jumbo 1967\"}]},{\"@type\":\"WebSite\",\"@id\":\"https:\/\/www.matts-guitar-shop.com\/en\/#website\",\"url\":\"https:\/\/www.matts-guitar-shop.com\/en\/\",\"name\":\"matts-guitar-shop.com\",\"description\":\"Guitar Shop\",\"publisher\":{\"@id\":\"https:\/\/www.matts-guitar-shop.com\/en\/#organization\"},\"potentialAction\":[{\"@type\":\"SearchAction\",\"target\":{\"@type\":\"EntryPoint\",\"urlTemplate\":\"https:\/\/www.matts-guitar-shop.com\/en\/?s={search_term_string}\"},\"query-input\":{\"@type\":\"PropertyValueSpecification\",\"valueRequired\":true,\"valueName\":\"search_term_string\"}}],\"inLanguage\":\"en-US\"},{\"@type\":\"Organization\",\"@id\":\"https:\/\/www.matts-guitar-shop.com\/en\/#organization\",\"name\":\"matts-guitar-shop.com\",\"url\":\"https:\/\/www.matts-guitar-shop.com\/en\/\",\"logo\":{\"@type\":\"ImageObject\",\"inLanguage\":\"en-US\",\"@id\":\"https:\/\/www.matts-guitar-shop.com\/en\/#\/schema\/logo\/image\/\",\"url\":\"https:\/\/www.matts-guitar-shop.com\/wp-content\/uploads\/2024\/09\/MGS-logo-site-02.png\",\"contentUrl\":\"https:\/\/www.matts-guitar-shop.com\/wp-content\/uploads\/2024\/09\/MGS-logo-site-02.png\",\"width\":200,\"height\":122,\"caption\":\"matts-guitar-shop.com\"},\"image\":{\"@id\":\"https:\/\/www.matts-guitar-shop.com\/en\/#\/schema\/logo\/image\/\"},\"sameAs\":[\"https:\/\/www.facebook.com\/profile.php?id=100044359842817\",\"https:\/\/www.instagram.com\/mattsguitarshop\/\",\"https:\/\/www.youtube.com\/@MattLucasMan\/videos\"]}]}<\/script>\n<!-- \/ Yoast SEO plugin. -->","yoast_head_json":{"title":"Gibson Southern Jumbo 1967 - Matt&#039;s Guitar Shop","robots":{"index":"index","follow":"follow","max-snippet":"max-snippet:-1","max-image-preview":"max-image-preview:large","max-video-preview":"max-video-preview:-1"},"canonical":"https:\/\/www.matts-guitar-shop.com\/en\/produit\/gibson-southern-jumbo-1967\/","og_locale":"en_US","og_type":"article","og_title":"Gibson Southern Jumbo 1967 - Matt&#039;s Guitar Shop","og_description":"La Gibson Southern Jumbo repr\u00e9sente l'aboutissement de la \u00ab Workhorse \u00bb de luxe dans sa configuration \u00e0 \u00e9paules carr\u00e9es (square-shoulder). Version haut de gamme de la c\u00e9l\u00e8bre J-45, elle se distingue par des finitions raffin\u00e9es, notamment ses incrustations en nacre en forme de doubles parall\u00e9logrammes et son filet de touche \u00e9l\u00e9gant.  Sa table en \u00e9pic\u00e9a, dot\u00e9e d'une patine naturelle, s'associe \u00e0 un corps en acajou massif pour produire une sonorit\u00e9 bois\u00e9e et profonde, marqu\u00e9e par la compression typique des instruments historiques de l'usine de Kalamazoo. Arborant un vernis Sunburst \u00e9clatant et son imposant pickguard embl\u00e9matique, cette guitare incarne l'\u00e2ge d'or acoustique de la marque.  Cette pi\u00e8ce vintage exceptionnelle combine un confort de jeu remarquable \u00e0 une identit\u00e9 historique forte, id\u00e9ale pour les compositions en qu\u00eate d'authenticit\u00e9.","og_url":"https:\/\/www.matts-guitar-shop.com\/en\/produit\/gibson-southern-jumbo-1967\/","og_site_name":"Matt&#039;s Guitar Shop","article_publisher":"https:\/\/www.facebook.com\/profile.php?id=100044359842817","article_modified_time":"2026-04-05T14:42:59+00:00","og_image":[{"width":800,"height":1200,"url":"https:\/\/www.matts-guitar-shop.com\/wp-content\/uploads\/2026\/04\/Gibson-Southern-Jumbo-1967-01.jpg","type":"image\/jpeg"}],"twitter_card":"summary_large_image","twitter_misc":{"Est. reading time":"1 minute"},"schema":{"@context":"https:\/\/schema.org","@graph":[{"@type":"WebPage","@id":"https:\/\/www.matts-guitar-shop.com\/en\/produit\/gibson-southern-jumbo-1967\/","url":"https:\/\/www.matts-guitar-shop.com\/en\/produit\/gibson-southern-jumbo-1967\/","name":"Gibson Southern Jumbo 1967 - Matt&#039;s Guitar Shop","isPartOf":{"@id":"https:\/\/www.matts-guitar-shop.com\/en\/#website"},"primaryImageOfPage":{"@id":"https:\/\/www.matts-guitar-shop.com\/en\/produit\/gibson-southern-jumbo-1967\/#primaryimage"},"image":{"@id":"https:\/\/www.matts-guitar-shop.com\/en\/produit\/gibson-southern-jumbo-1967\/#primaryimage"},"thumbnailUrl":"https:\/\/www.matts-guitar-shop.com\/wp-content\/uploads\/2026\/04\/Gibson-Southern-Jumbo-1967-01.jpg","datePublished":"2026-04-05T14:40:58+00:00","dateModified":"2026-04-05T14:42:59+00:00","breadcrumb":{"@id":"https:\/\/www.matts-guitar-shop.com\/en\/produit\/gibson-southern-jumbo-1967\/#breadcrumb"},"inLanguage":"en-US","potentialAction":[{"@type":"ReadAction","target":["https:\/\/www.matts-guitar-shop.com\/en\/produit\/gibson-southern-jumbo-1967\/"]}]},{"@type":"ImageObject","inLanguage":"en-US","@id":"https:\/\/www.matts-guitar-shop.com\/en\/produit\/gibson-southern-jumbo-1967\/#primaryimage","url":"https:\/\/www.matts-guitar-shop.com\/wp-content\/uploads\/2026\/04\/Gibson-Southern-Jumbo-1967-01.jpg","contentUrl":"https:\/\/www.matts-guitar-shop.com\/wp-content\/uploads\/2026\/04\/Gibson-Southern-Jumbo-1967-01.jpg","width":800,"height":1200},{"@type":"BreadcrumbList","@id":"https:\/\/www.matts-guitar-shop.com\/en\/produit\/gibson-southern-jumbo-1967\/#breadcrumb","itemListElement":[{"@type":"ListItem","position":1,"name":"Home","item":"https:\/\/www.matts-guitar-shop.com\/en\/"},{"@type":"ListItem","position":2,"name":"Shop","item":"https:\/\/www.matts-guitar-shop.com\/en\/shop\/"},{"@type":"ListItem","position":3,"name":"Gibson Southern Jumbo 1967"}]},{"@type":"WebSite","@id":"https:\/\/www.matts-guitar-shop.com\/en\/#website","url":"https:\/\/www.matts-guitar-shop.com\/en\/","name":"matts-guitar-shop.com","description":"Guitar Shop","publisher":{"@id":"https:\/\/www.matts-guitar-shop.com\/en\/#organization"},"potentialAction":[{"@type":"SearchAction","target":{"@type":"EntryPoint","urlTemplate":"https:\/\/www.matts-guitar-shop.com\/en\/?s={search_term_string}"},"query-input":{"@type":"PropertyValueSpecification","valueRequired":true,"valueName":"search_term_string"}}],"inLanguage":"en-US"},{"@type":"Organization","@id":"https:\/\/www.matts-guitar-shop.com\/en\/#organization","name":"matts-guitar-shop.com","url":"https:\/\/www.matts-guitar-shop.com\/en\/","logo":{"@type":"ImageObject","inLanguage":"en-US","@id":"https:\/\/www.matts-guitar-shop.com\/en\/#\/schema\/logo\/image\/","url":"https:\/\/www.matts-guitar-shop.com\/wp-content\/uploads\/2024\/09\/MGS-logo-site-02.png","contentUrl":"https:\/\/www.matts-guitar-shop.com\/wp-content\/uploads\/2024\/09\/MGS-logo-site-02.png","width":200,"height":122,"caption":"matts-guitar-shop.com"},"image":{"@id":"https:\/\/www.matts-guitar-shop.com\/en\/#\/schema\/logo\/image\/"},"sameAs":["https:\/\/www.facebook.com\/profile.php?id=100044359842817","https:\/\/www.instagram.com\/mattsguitarshop\/","https:\/\/www.youtube.com\/@MattLucasMan\/videos"]}]}},"_links":{"self":[{"href":"https:\/\/www.matts-guitar-shop.com\/en\/wp-json\/wp\/v2\/product\/31581","targetHints":{"allow":["GET"]}}],"collection":[{"href":"https:\/\/www.matts-guitar-shop.com\/en\/wp-json\/wp\/v2\/product"}],"about":[{"href":"https:\/\/www.matts-guitar-shop.com\/en\/wp-json\/wp\/v2\/types\/product"}],"replies":[{"embeddable":true,"href":"https:\/\/www.matts-guitar-shop.com\/en\/wp-json\/wp\/v2\/comments?post=31581"}],"wp:featuredmedia":[{"embeddable":true,"href":"https:\/\/www.matts-guitar-shop.com\/en\/wp-json\/wp\/v2\/media\/31582"}],"wp:attachment":[{"href":"https:\/\/www.matts-guitar-shop.com\/en\/wp-json\/wp\/v2\/media?parent=31581"}],"wp:term":[{"taxonomy":"product_brand","embeddable":true,"href":"https:\/\/www.matts-guitar-shop.com\/en\/wp-json\/wp\/v2\/product_brand?post=31581"},{"taxonomy":"product_cat","embeddable":true,"href":"https:\/\/www.matts-guitar-shop.com\/en\/wp-json\/wp\/v2\/product_cat?post=31581"},{"taxonomy":"product_tag","embeddable":true,"href":"https:\/\/www.matts-guitar-shop.com\/en\/wp-json\/wp\/v2\/product_tag?post=31581"}],"curies":[{"name":"wp","href":"https:\/\/api.w.org\/{rel}","templated":true}]}}