{"id":16726,"date":"2024-08-30T21:00:36","date_gmt":"2024-08-30T19:00:36","guid":{"rendered":"https:\/\/www.matts-guitar-shop.com\/produit\/martin-d-28e-1963-ex-noel-gallagher\/"},"modified":"2025-10-17T22:26:35","modified_gmt":"2025-10-17T20:26:35","slug":"martin-d-28e-1963-ex-noel-gallagher","status":"publish","type":"product","link":"https:\/\/www.matts-guitar-shop.com\/en\/produit\/martin-d-28e-1963-ex-noel-gallagher\/","title":{"rendered":"Martin D-28E 1963 Ex Noel Gallagher"},"content":{"rendered":"<p>Noel Gallagher<br \/>(1967)<\/p>\n<p>Groupe : Oasis<br \/>Guitare principale : Epiphone Sheraton<br \/>Titre \u00e0 \u00e9couter absolument : Supersonic<\/p>\n<p>Il est facile d\u2019oublier \u00e0 quel point Oasis \u00e9tait un excellent groupe tant leur musique a \u00e9t\u00e9 \u00e9clips\u00e9e par leurs frasques diverses dans la mani\u00e8re qu\u2019ont eu les m\u00e9dias de parler d\u2019eux. Pourtant, ces fils de Manchester ont \u00e9crit quelques unes des plus belles chansons des ann\u00e9es 90, construisant v\u00e9ritablement la bande originale d\u2019une d\u00e9cennie en mal d\u2019idoles.<\/p>\n<p>De Supersonic en 1994 \u00e0 Falling Down en 2009, Oasis a vendu 75 millions d\u2019albums et plac\u00e9 8 titres \u00e0 la t\u00eate des charts. Bien s\u00fbr, leur musique est profond\u00e9ment inspir\u00e9e par les Beatles de 1966 dont ils ont repris le style visuel et l\u2019approche de la production, mais ils ont pris ce son et l\u2019ont amen\u00e9 vers leur d\u00e9cennie, en la mettant \u00e0 jour via des chansons qui n\u2019auraient sans doute pas d\u00e9pareill\u00e9 sur Revolver comme Wonderwall ou All Around The World.<\/p>\n<p>Comme personne ne l\u2019ignore, le groupe est men\u00e9 par les fr\u00e8res Gallagher, Liam au chant et Noel \u00e0 la guitare, m\u00eame s\u2019il arrive que Noel chante avec son grain tr\u00e8s attachant, sur Don\u2019t Look Back In Anger par exemple. Comme les Kinks avant eux, les fr\u00e8re Gallagher n\u2019ont pas r\u00e9ussi \u00e0 contenir leurs querelles familiales hors de la sph\u00e8re professionnelle et le groupe a fini par exploser sous leur poids.<\/p>\n<p>Depuis, Noel a mont\u00e9 son groupe High Flying Birds avec un excellent premier album \u00e9ponyme en 2011, la preuve que le guitariste a encore des choses \u00e0 dire artistiquement parlant. Il tourne encore avec cette formation qui en est \u00e0 son troisi\u00e8me album avec Who Built The Moon (2017). Guitaristiquement, Noel n\u2019a pas chang\u00e9 et il reste fid\u00e8le aux instruments qu\u2019il aimait lorsqu\u2019il jouait dans Oasis : on l\u2019a beaucoup connu avec une Epiphone Sheraton (la version Epiphone de la ES-335), et il a beaucoup jou\u00e9 sur plusieurs semi-hollow dans ce style, dont une superbe ES-355 Cherry Red et des Epiphone Casino. Il est aussi fan de Les Paul, qu\u2019elles soient burst ou autres, et son acoustique de pr\u00e9dilection est bien s\u00fbr la J-200, un instrument qui lui reste associ\u00e9 \u00e0 ce jour.<\/p>\n<p><img decoding=\"async\" class=\"alignnone size-full wp-image-8070\" src=\"https:\/\/www.matts-guitar-shop.com\/wp-content\/uploads\/2024\/08\/noel-gallagher-01.jpg\" alt=\"\" width=\"400\" height=\"600\" srcset=\"https:\/\/www.matts-guitar-shop.com\/wp-content\/uploads\/2024\/08\/noel-gallagher-01.jpg 400w, https:\/\/www.matts-guitar-shop.com\/wp-content\/uploads\/2024\/08\/noel-gallagher-01-200x300.jpg 200w\" sizes=\"(max-width: 400px) 100vw, 400px\" \/><\/p>\n","protected":false},"excerpt":{"rendered":"<p><strong>Despite appearances, this Martin is 100% original! In the late 1950s, seeing competing brands enjoy great success in the electric guitar market, the Nazareth-based company decided to explore the territory. However, as Martin\u2019s engineers were known for their conservative approach and their production methods were already fine-tuned for acoustics, they simply added two pickups to their three flagship models, thus creating the 00-18E, D-18E, and D-28E.<\/strong><\/p>\n<p>Each model closely resembled its purely acoustic counterpart, with the not-so-subtle addition of two DeArmond pickups, a three-way selector switch, and four knobs lined up along the soundboard. The problem with this concept was that it didn\u2019t work particularly well from any angle: on the acoustic side, the pickups mounted directly on the top dampened its natural vibrations, while on the electric side, the dreadnought\u2019s naturally booming lows often led to instant feedback. Add to that a higher price tag compared to their acoustic equivalents, and it becomes easy to understand why Martin discontinued these series in 1963 \u2014 making this D-28E an example from the final year of production.<\/p>\n<p>Of course, it features the beautiful Brazilian rosewood body found on all D-28s of the era. And while the tone of these hybrid models was initially met with skepticism, they eventually gained a following among lo-fi enthusiasts looking for something off the beaten path. The most iconic appearance of the series came in 1993, when Kurt Cobain played a D-18E during Nirvana\u2019s *MTV Unplugged* concert. This D-28E, however, is even more exceptional: it has remained fully original apart from a refret, unlike many examples from the era whose electronics have been modified.<\/p>\n<p>But that\u2019s not all \u2014 this particular guitar was once owned by **Noel Gallagher**. The British legend used this Martin as a songwriting companion before letting it back out into the world, where its rich, rounded tones continued to inspire other musicians.<\/p>\n<p><strong>Got questions about this piece? Don\u2019t hesitate to contact us!<\/strong><\/p>\n","protected":false},"featured_media":8079,"comment_status":"open","ping_status":"closed","template":"","meta":{"_et_pb_use_builder":"","_et_pb_old_content":"","_et_gb_content_width":""},"product_brand":[],"product_cat":[360,358,352,353],"product_tag":[],"class_list":{"0":"post-16726","1":"product","2":"type-product","3":"status-publish","4":"has-post-thumbnail","6":"product_cat-acoustic-guitars","7":"product_cat-guitars","8":"product_cat-artists","9":"product_cat-sold","10":"pa_artiste-noel-gallagher-en","11":"pa_disponibilite-sold","12":"pa_marque-martin-co-en","14":"first","15":"outofstock","16":"shipping-taxable","17":"product-type-simple"},"yoast_head":"<!-- This site is optimized with the Yoast SEO plugin v26.8 - https:\/\/yoast.com\/product\/yoast-seo-wordpress\/ -->\n<title>Martin D-28E 1963 Ex Noel Gallagher - Matt&#039;s Guitar Shop<\/title>\n<meta name=\"description\" content=\"The British legend used this Martin as a tool for inspiration before releasing it into the wild.\" \/>\n<meta name=\"robots\" content=\"index, follow, max-snippet:-1, max-image-preview:large, max-video-preview:-1\" \/>\n<link rel=\"canonical\" href=\"https:\/\/www.matts-guitar-shop.com\/en\/produit\/martin-d-28e-1963-ex-noel-gallagher\/\" \/>\n<meta property=\"og:locale\" content=\"en_US\" \/>\n<meta property=\"og:type\" content=\"article\" \/>\n<meta property=\"og:title\" content=\"Martin D-28E 1963 Ex Noel Gallagher - Matt&#039;s Guitar Shop\" \/>\n<meta property=\"og:description\" content=\"The British legend used this Martin as a tool for inspiration before releasing it into the wild.\" \/>\n<meta property=\"og:url\" content=\"https:\/\/www.matts-guitar-shop.com\/en\/produit\/martin-d-28e-1963-ex-noel-gallagher\/\" \/>\n<meta property=\"og:site_name\" content=\"Matt&#039;s Guitar Shop\" \/>\n<meta property=\"article:publisher\" content=\"https:\/\/www.facebook.com\/profile.php?id=100044359842817\" \/>\n<meta property=\"article:modified_time\" content=\"2025-10-17T20:26:35+00:00\" \/>\n<meta property=\"og:image\" content=\"https:\/\/www.matts-guitar-shop.com\/wp-content\/uploads\/2024\/08\/martin-d-28e-1963-noel-gallagher-guitare-00.jpg\" \/>\n\t<meta property=\"og:image:width\" content=\"700\" \/>\n\t<meta property=\"og:image:height\" content=\"1011\" \/>\n\t<meta property=\"og:image:type\" content=\"image\/jpeg\" \/>\n<meta name=\"twitter:card\" content=\"summary_large_image\" \/>\n<meta name=\"twitter:label1\" content=\"Est. reading time\" \/>\n\t<meta name=\"twitter:data1\" content=\"2 minutes\" \/>\n<script type=\"application\/ld+json\" class=\"yoast-schema-graph\">{\"@context\":\"https:\/\/schema.org\",\"@graph\":[{\"@type\":\"WebPage\",\"@id\":\"https:\/\/www.matts-guitar-shop.com\/en\/produit\/martin-d-28e-1963-ex-noel-gallagher\/\",\"url\":\"https:\/\/www.matts-guitar-shop.com\/en\/produit\/martin-d-28e-1963-ex-noel-gallagher\/\",\"name\":\"Martin D-28E 1963 Ex Noel Gallagher - Matt&#039;s Guitar Shop\",\"isPartOf\":{\"@id\":\"https:\/\/www.matts-guitar-shop.com\/en\/#website\"},\"primaryImageOfPage\":{\"@id\":\"https:\/\/www.matts-guitar-shop.com\/en\/produit\/martin-d-28e-1963-ex-noel-gallagher\/#primaryimage\"},\"image\":{\"@id\":\"https:\/\/www.matts-guitar-shop.com\/en\/produit\/martin-d-28e-1963-ex-noel-gallagher\/#primaryimage\"},\"thumbnailUrl\":\"https:\/\/www.matts-guitar-shop.com\/wp-content\/uploads\/2024\/08\/martin-d-28e-1963-noel-gallagher-guitare-00.jpg\",\"datePublished\":\"2024-08-30T19:00:36+00:00\",\"dateModified\":\"2025-10-17T20:26:35+00:00\",\"description\":\"The British legend used this Martin as a tool for inspiration before releasing it into the wild.\",\"breadcrumb\":{\"@id\":\"https:\/\/www.matts-guitar-shop.com\/en\/produit\/martin-d-28e-1963-ex-noel-gallagher\/#breadcrumb\"},\"inLanguage\":\"en-US\",\"potentialAction\":[{\"@type\":\"ReadAction\",\"target\":[\"https:\/\/www.matts-guitar-shop.com\/en\/produit\/martin-d-28e-1963-ex-noel-gallagher\/\"]}]},{\"@type\":\"ImageObject\",\"inLanguage\":\"en-US\",\"@id\":\"https:\/\/www.matts-guitar-shop.com\/en\/produit\/martin-d-28e-1963-ex-noel-gallagher\/#primaryimage\",\"url\":\"https:\/\/www.matts-guitar-shop.com\/wp-content\/uploads\/2024\/08\/martin-d-28e-1963-noel-gallagher-guitare-00.jpg\",\"contentUrl\":\"https:\/\/www.matts-guitar-shop.com\/wp-content\/uploads\/2024\/08\/martin-d-28e-1963-noel-gallagher-guitare-00.jpg\",\"width\":700,\"height\":1011},{\"@type\":\"BreadcrumbList\",\"@id\":\"https:\/\/www.matts-guitar-shop.com\/en\/produit\/martin-d-28e-1963-ex-noel-gallagher\/#breadcrumb\",\"itemListElement\":[{\"@type\":\"ListItem\",\"position\":1,\"name\":\"Home\",\"item\":\"https:\/\/www.matts-guitar-shop.com\/en\/\"},{\"@type\":\"ListItem\",\"position\":2,\"name\":\"Shop\",\"item\":\"https:\/\/www.matts-guitar-shop.com\/en\/shop\/\"},{\"@type\":\"ListItem\",\"position\":3,\"name\":\"Martin D-28E 1963 Ex Noel Gallagher\"}]},{\"@type\":\"WebSite\",\"@id\":\"https:\/\/www.matts-guitar-shop.com\/en\/#website\",\"url\":\"https:\/\/www.matts-guitar-shop.com\/en\/\",\"name\":\"matts-guitar-shop.com\",\"description\":\"Guitar Shop\",\"publisher\":{\"@id\":\"https:\/\/www.matts-guitar-shop.com\/en\/#organization\"},\"potentialAction\":[{\"@type\":\"SearchAction\",\"target\":{\"@type\":\"EntryPoint\",\"urlTemplate\":\"https:\/\/www.matts-guitar-shop.com\/en\/?s={search_term_string}\"},\"query-input\":{\"@type\":\"PropertyValueSpecification\",\"valueRequired\":true,\"valueName\":\"search_term_string\"}}],\"inLanguage\":\"en-US\"},{\"@type\":\"Organization\",\"@id\":\"https:\/\/www.matts-guitar-shop.com\/en\/#organization\",\"name\":\"matts-guitar-shop.com\",\"url\":\"https:\/\/www.matts-guitar-shop.com\/en\/\",\"logo\":{\"@type\":\"ImageObject\",\"inLanguage\":\"en-US\",\"@id\":\"https:\/\/www.matts-guitar-shop.com\/en\/#\/schema\/logo\/image\/\",\"url\":\"https:\/\/www.matts-guitar-shop.com\/wp-content\/uploads\/2024\/09\/MGS-logo-site-02.png\",\"contentUrl\":\"https:\/\/www.matts-guitar-shop.com\/wp-content\/uploads\/2024\/09\/MGS-logo-site-02.png\",\"width\":200,\"height\":122,\"caption\":\"matts-guitar-shop.com\"},\"image\":{\"@id\":\"https:\/\/www.matts-guitar-shop.com\/en\/#\/schema\/logo\/image\/\"},\"sameAs\":[\"https:\/\/www.facebook.com\/profile.php?id=100044359842817\",\"https:\/\/www.instagram.com\/mattsguitarshop\/\",\"https:\/\/www.youtube.com\/@MattLucasMan\/videos\"]}]}<\/script>\n<!-- \/ Yoast SEO plugin. -->","yoast_head_json":{"title":"Martin D-28E 1963 Ex Noel Gallagher - Matt&#039;s Guitar Shop","description":"The British legend used this Martin as a tool for inspiration before releasing it into the wild.","robots":{"index":"index","follow":"follow","max-snippet":"max-snippet:-1","max-image-preview":"max-image-preview:large","max-video-preview":"max-video-preview:-1"},"canonical":"https:\/\/www.matts-guitar-shop.com\/en\/produit\/martin-d-28e-1963-ex-noel-gallagher\/","og_locale":"en_US","og_type":"article","og_title":"Martin D-28E 1963 Ex Noel Gallagher - Matt&#039;s Guitar Shop","og_description":"The British legend used this Martin as a tool for inspiration before releasing it into the wild.","og_url":"https:\/\/www.matts-guitar-shop.com\/en\/produit\/martin-d-28e-1963-ex-noel-gallagher\/","og_site_name":"Matt&#039;s Guitar Shop","article_publisher":"https:\/\/www.facebook.com\/profile.php?id=100044359842817","article_modified_time":"2025-10-17T20:26:35+00:00","og_image":[{"width":700,"height":1011,"url":"https:\/\/www.matts-guitar-shop.com\/wp-content\/uploads\/2024\/08\/martin-d-28e-1963-noel-gallagher-guitare-00.jpg","type":"image\/jpeg"}],"twitter_card":"summary_large_image","twitter_misc":{"Est. reading time":"2 minutes"},"schema":{"@context":"https:\/\/schema.org","@graph":[{"@type":"WebPage","@id":"https:\/\/www.matts-guitar-shop.com\/en\/produit\/martin-d-28e-1963-ex-noel-gallagher\/","url":"https:\/\/www.matts-guitar-shop.com\/en\/produit\/martin-d-28e-1963-ex-noel-gallagher\/","name":"Martin D-28E 1963 Ex Noel Gallagher - Matt&#039;s Guitar Shop","isPartOf":{"@id":"https:\/\/www.matts-guitar-shop.com\/en\/#website"},"primaryImageOfPage":{"@id":"https:\/\/www.matts-guitar-shop.com\/en\/produit\/martin-d-28e-1963-ex-noel-gallagher\/#primaryimage"},"image":{"@id":"https:\/\/www.matts-guitar-shop.com\/en\/produit\/martin-d-28e-1963-ex-noel-gallagher\/#primaryimage"},"thumbnailUrl":"https:\/\/www.matts-guitar-shop.com\/wp-content\/uploads\/2024\/08\/martin-d-28e-1963-noel-gallagher-guitare-00.jpg","datePublished":"2024-08-30T19:00:36+00:00","dateModified":"2025-10-17T20:26:35+00:00","description":"The British legend used this Martin as a tool for inspiration before releasing it into the wild.","breadcrumb":{"@id":"https:\/\/www.matts-guitar-shop.com\/en\/produit\/martin-d-28e-1963-ex-noel-gallagher\/#breadcrumb"},"inLanguage":"en-US","potentialAction":[{"@type":"ReadAction","target":["https:\/\/www.matts-guitar-shop.com\/en\/produit\/martin-d-28e-1963-ex-noel-gallagher\/"]}]},{"@type":"ImageObject","inLanguage":"en-US","@id":"https:\/\/www.matts-guitar-shop.com\/en\/produit\/martin-d-28e-1963-ex-noel-gallagher\/#primaryimage","url":"https:\/\/www.matts-guitar-shop.com\/wp-content\/uploads\/2024\/08\/martin-d-28e-1963-noel-gallagher-guitare-00.jpg","contentUrl":"https:\/\/www.matts-guitar-shop.com\/wp-content\/uploads\/2024\/08\/martin-d-28e-1963-noel-gallagher-guitare-00.jpg","width":700,"height":1011},{"@type":"BreadcrumbList","@id":"https:\/\/www.matts-guitar-shop.com\/en\/produit\/martin-d-28e-1963-ex-noel-gallagher\/#breadcrumb","itemListElement":[{"@type":"ListItem","position":1,"name":"Home","item":"https:\/\/www.matts-guitar-shop.com\/en\/"},{"@type":"ListItem","position":2,"name":"Shop","item":"https:\/\/www.matts-guitar-shop.com\/en\/shop\/"},{"@type":"ListItem","position":3,"name":"Martin D-28E 1963 Ex Noel Gallagher"}]},{"@type":"WebSite","@id":"https:\/\/www.matts-guitar-shop.com\/en\/#website","url":"https:\/\/www.matts-guitar-shop.com\/en\/","name":"matts-guitar-shop.com","description":"Guitar Shop","publisher":{"@id":"https:\/\/www.matts-guitar-shop.com\/en\/#organization"},"potentialAction":[{"@type":"SearchAction","target":{"@type":"EntryPoint","urlTemplate":"https:\/\/www.matts-guitar-shop.com\/en\/?s={search_term_string}"},"query-input":{"@type":"PropertyValueSpecification","valueRequired":true,"valueName":"search_term_string"}}],"inLanguage":"en-US"},{"@type":"Organization","@id":"https:\/\/www.matts-guitar-shop.com\/en\/#organization","name":"matts-guitar-shop.com","url":"https:\/\/www.matts-guitar-shop.com\/en\/","logo":{"@type":"ImageObject","inLanguage":"en-US","@id":"https:\/\/www.matts-guitar-shop.com\/en\/#\/schema\/logo\/image\/","url":"https:\/\/www.matts-guitar-shop.com\/wp-content\/uploads\/2024\/09\/MGS-logo-site-02.png","contentUrl":"https:\/\/www.matts-guitar-shop.com\/wp-content\/uploads\/2024\/09\/MGS-logo-site-02.png","width":200,"height":122,"caption":"matts-guitar-shop.com"},"image":{"@id":"https:\/\/www.matts-guitar-shop.com\/en\/#\/schema\/logo\/image\/"},"sameAs":["https:\/\/www.facebook.com\/profile.php?id=100044359842817","https:\/\/www.instagram.com\/mattsguitarshop\/","https:\/\/www.youtube.com\/@MattLucasMan\/videos"]}]}},"_links":{"self":[{"href":"https:\/\/www.matts-guitar-shop.com\/en\/wp-json\/wp\/v2\/product\/16726","targetHints":{"allow":["GET"]}}],"collection":[{"href":"https:\/\/www.matts-guitar-shop.com\/en\/wp-json\/wp\/v2\/product"}],"about":[{"href":"https:\/\/www.matts-guitar-shop.com\/en\/wp-json\/wp\/v2\/types\/product"}],"replies":[{"embeddable":true,"href":"https:\/\/www.matts-guitar-shop.com\/en\/wp-json\/wp\/v2\/comments?post=16726"}],"wp:featuredmedia":[{"embeddable":true,"href":"https:\/\/www.matts-guitar-shop.com\/en\/wp-json\/wp\/v2\/media\/8079"}],"wp:attachment":[{"href":"https:\/\/www.matts-guitar-shop.com\/en\/wp-json\/wp\/v2\/media?parent=16726"}],"wp:term":[{"taxonomy":"product_brand","embeddable":true,"href":"https:\/\/www.matts-guitar-shop.com\/en\/wp-json\/wp\/v2\/product_brand?post=16726"},{"taxonomy":"product_cat","embeddable":true,"href":"https:\/\/www.matts-guitar-shop.com\/en\/wp-json\/wp\/v2\/product_cat?post=16726"},{"taxonomy":"product_tag","embeddable":true,"href":"https:\/\/www.matts-guitar-shop.com\/en\/wp-json\/wp\/v2\/product_tag?post=16726"}],"curies":[{"name":"wp","href":"https:\/\/api.w.org\/{rel}","templated":true}]}}