{"id":34586,"date":"2026-04-11T16:37:21","date_gmt":"2026-04-11T14:37:21","guid":{"rendered":"https:\/\/www.matts-guitar-shop.com\/?post_type=product&#038;p=34586"},"modified":"2026-04-11T16:37:21","modified_gmt":"2026-04-11T14:37:21","slug":"schecter-chandler-telecaster-ex-pete-townshend-the-who","status":"publish","type":"product","link":"https:\/\/www.matts-guitar-shop.com\/de\/produit\/schecter-chandler-telecaster-ex-pete-townshend-the-who\/","title":{"rendered":"Schecter Chandler Telecaster ex Pete Townshend \u2013 The Who"},"content":{"rendered":"","protected":false},"excerpt":{"rendered":"<p>Si la destruction d&#8217;instruments est devenue un rituel punk anticonformiste sous l&#8217;impulsion de figures comme Kurt Cobain ou Pete Townshend, les rescap\u00e9es des performances des Who sont d&#8217;une raret\u00e9 absolue. Cette Schecter Telecaster de 1979 fait partie de ces exceptions historiques, ayant surv\u00e9cu \u00e0 la c\u00e9l\u00e8bre tourn\u00e9e Who Are You. Offert personnellement par David Schecter \u00e0 Pete Townshend au Madison Square Garden, l&#8217;instrument porte encore une &#8222;cicatrice&#8220; sur l&#8217;\u00e9clisse,vestige probable d&#8217;une tentative de fracas sign\u00e9e Townshend. Son parcours ne s&#8217;arr\u00eate pas l\u00e0 : apr\u00e8s avoir \u00e9t\u00e9 \u00e9quip\u00e9e d&#8217;un syst\u00e8me B-Bender \u00e0 la demande du guitariste, elle fut acquise par Keith Page, le technicien de Gary Moore. Le guitariste irlandais l&#8217;a ensuite immortalis\u00e9e en studio sur les albums Run For Cover et Wild Frontier. Marqu\u00e9e par ses ann\u00e9es de rock&#8217;n&#8217;roll intense, cette guitare incarne une double lign\u00e9e prestigieuse et demeure l&#8217;un des rares t\u00e9moins intacts de la fureur sc\u00e9nique de Townshend.<\/p>\n","protected":false},"featured_media":34587,"comment_status":"closed","ping_status":"closed","template":"","meta":{"_et_pb_use_builder":"","_et_pb_old_content":"","_et_gb_content_width":""},"product_brand":[],"product_cat":[123,82,152],"product_tag":[],"class_list":{"0":"post-34586","1":"product","2":"type-product","3":"status-publish","4":"has-post-thumbnail","6":"product_cat-guitares-electriques","7":"product_cat-artistes","8":"product_cat-guitares","9":"pa_artiste-pete-townshend","10":"pa_artiste-the-who","11":"pa_disponibilite-en-vente","12":"pa_marque-schecter","14":"first","15":"instock","16":"shipping-taxable","17":"purchasable","18":"product-type-simple"},"yoast_head":"<!-- This site is optimized with the Yoast SEO plugin v26.8 - https:\/\/yoast.com\/product\/yoast-seo-wordpress\/ -->\n<title>Schecter Chandler Telecaster ex Pete Townshend \u2013 The Who - Matt&#039;s Guitar Shop<\/title>\n<meta name=\"robots\" content=\"index, follow, max-snippet:-1, max-image-preview:large, max-video-preview:-1\" \/>\n<link rel=\"canonical\" href=\"https:\/\/www.matts-guitar-shop.com\/de\/produit\/schecter-chandler-telecaster-ex-pete-townshend-the-who\/\" \/>\n<meta property=\"og:locale\" content=\"de_DE\" \/>\n<meta property=\"og:type\" content=\"article\" \/>\n<meta property=\"og:title\" content=\"Schecter Chandler Telecaster ex Pete Townshend \u2013 The Who - Matt&#039;s Guitar Shop\" \/>\n<meta property=\"og:description\" content=\"Si la destruction d&#039;instruments est devenue un rituel punk anticonformiste sous l&#039;impulsion de figures comme Kurt Cobain ou Pete Townshend, les rescap\u00e9es des performances des Who sont d&#039;une raret\u00e9 absolue. Cette Schecter Telecaster de 1979 fait partie de ces exceptions historiques, ayant surv\u00e9cu \u00e0 la c\u00e9l\u00e8bre tourn\u00e9e Who Are You. Offert personnellement par David Schecter \u00e0 Pete Townshend au Madison Square Garden, l&#039;instrument porte encore une &quot;cicatrice&quot; sur l&#039;\u00e9clisse,vestige probable d&#039;une tentative de fracas sign\u00e9e Townshend. Son parcours ne s&#039;arr\u00eate pas l\u00e0 : apr\u00e8s avoir \u00e9t\u00e9 \u00e9quip\u00e9e d&#039;un syst\u00e8me B-Bender \u00e0 la demande du guitariste, elle fut acquise par Keith Page, le technicien de Gary Moore. Le guitariste irlandais l&#039;a ensuite immortalis\u00e9e en studio sur les albums Run For Cover et Wild Frontier. Marqu\u00e9e par ses ann\u00e9es de rock&#039;n&#039;roll intense, cette guitare incarne une double lign\u00e9e prestigieuse et demeure l&#039;un des rares t\u00e9moins intacts de la fureur sc\u00e9nique de Townshend.\" \/>\n<meta property=\"og:url\" content=\"https:\/\/www.matts-guitar-shop.com\/de\/produit\/schecter-chandler-telecaster-ex-pete-townshend-the-who\/\" \/>\n<meta property=\"og:site_name\" content=\"Matt&#039;s Guitar Shop\" \/>\n<meta property=\"article:publisher\" content=\"https:\/\/www.facebook.com\/profile.php?id=100044359842817\" \/>\n<meta property=\"og:image\" content=\"https:\/\/www.matts-guitar-shop.com\/wp-content\/uploads\/2026\/04\/Schecter-Chandler-Telecaster-Ex-The-Who-Pete-Townshend-01.jpg\" \/>\n\t<meta property=\"og:image:width\" content=\"800\" \/>\n\t<meta property=\"og:image:height\" content=\"1200\" \/>\n\t<meta property=\"og:image:type\" content=\"image\/jpeg\" \/>\n<meta name=\"twitter:card\" content=\"summary_large_image\" \/>\n<meta name=\"twitter:label1\" content=\"Gesch\u00e4tzte Lesezeit\" \/>\n\t<meta name=\"twitter:data1\" content=\"1\u00a0Minute\" \/>\n<script type=\"application\/ld+json\" class=\"yoast-schema-graph\">{\"@context\":\"https:\/\/schema.org\",\"@graph\":[{\"@type\":\"WebPage\",\"@id\":\"https:\/\/www.matts-guitar-shop.com\/de\/produit\/schecter-chandler-telecaster-ex-pete-townshend-the-who\/\",\"url\":\"https:\/\/www.matts-guitar-shop.com\/de\/produit\/schecter-chandler-telecaster-ex-pete-townshend-the-who\/\",\"name\":\"Schecter Chandler Telecaster ex Pete Townshend \u2013 The Who - Matt&#039;s Guitar Shop\",\"isPartOf\":{\"@id\":\"https:\/\/www.matts-guitar-shop.com\/de\/#website\"},\"primaryImageOfPage\":{\"@id\":\"https:\/\/www.matts-guitar-shop.com\/de\/produit\/schecter-chandler-telecaster-ex-pete-townshend-the-who\/#primaryimage\"},\"image\":{\"@id\":\"https:\/\/www.matts-guitar-shop.com\/de\/produit\/schecter-chandler-telecaster-ex-pete-townshend-the-who\/#primaryimage\"},\"thumbnailUrl\":\"https:\/\/www.matts-guitar-shop.com\/wp-content\/uploads\/2026\/04\/Schecter-Chandler-Telecaster-Ex-The-Who-Pete-Townshend-01.jpg\",\"datePublished\":\"2026-04-11T14:37:21+00:00\",\"breadcrumb\":{\"@id\":\"https:\/\/www.matts-guitar-shop.com\/de\/produit\/schecter-chandler-telecaster-ex-pete-townshend-the-who\/#breadcrumb\"},\"inLanguage\":\"de\",\"potentialAction\":[{\"@type\":\"ReadAction\",\"target\":[\"https:\/\/www.matts-guitar-shop.com\/de\/produit\/schecter-chandler-telecaster-ex-pete-townshend-the-who\/\"]}]},{\"@type\":\"ImageObject\",\"inLanguage\":\"de\",\"@id\":\"https:\/\/www.matts-guitar-shop.com\/de\/produit\/schecter-chandler-telecaster-ex-pete-townshend-the-who\/#primaryimage\",\"url\":\"https:\/\/www.matts-guitar-shop.com\/wp-content\/uploads\/2026\/04\/Schecter-Chandler-Telecaster-Ex-The-Who-Pete-Townshend-01.jpg\",\"contentUrl\":\"https:\/\/www.matts-guitar-shop.com\/wp-content\/uploads\/2026\/04\/Schecter-Chandler-Telecaster-Ex-The-Who-Pete-Townshend-01.jpg\",\"width\":800,\"height\":1200},{\"@type\":\"BreadcrumbList\",\"@id\":\"https:\/\/www.matts-guitar-shop.com\/de\/produit\/schecter-chandler-telecaster-ex-pete-townshend-the-who\/#breadcrumb\",\"itemListElement\":[{\"@type\":\"ListItem\",\"position\":1,\"name\":\"Startseite\",\"item\":\"https:\/\/www.matts-guitar-shop.com\/de\/\"},{\"@type\":\"ListItem\",\"position\":2,\"name\":\"Shop\",\"item\":\"https:\/\/www.matts-guitar-shop.com\/de\/shop\/\"},{\"@type\":\"ListItem\",\"position\":3,\"name\":\"Schecter Chandler Telecaster ex Pete Townshend \u2013 The Who\"}]},{\"@type\":\"WebSite\",\"@id\":\"https:\/\/www.matts-guitar-shop.com\/de\/#website\",\"url\":\"https:\/\/www.matts-guitar-shop.com\/de\/\",\"name\":\"matts-guitar-shop.com\",\"description\":\"Guitar Shop\",\"publisher\":{\"@id\":\"https:\/\/www.matts-guitar-shop.com\/de\/#organization\"},\"potentialAction\":[{\"@type\":\"SearchAction\",\"target\":{\"@type\":\"EntryPoint\",\"urlTemplate\":\"https:\/\/www.matts-guitar-shop.com\/de\/?s={search_term_string}\"},\"query-input\":{\"@type\":\"PropertyValueSpecification\",\"valueRequired\":true,\"valueName\":\"search_term_string\"}}],\"inLanguage\":\"de\"},{\"@type\":\"Organization\",\"@id\":\"https:\/\/www.matts-guitar-shop.com\/de\/#organization\",\"name\":\"matts-guitar-shop.com\",\"url\":\"https:\/\/www.matts-guitar-shop.com\/de\/\",\"logo\":{\"@type\":\"ImageObject\",\"inLanguage\":\"de\",\"@id\":\"https:\/\/www.matts-guitar-shop.com\/de\/#\/schema\/logo\/image\/\",\"url\":\"https:\/\/www.matts-guitar-shop.com\/wp-content\/uploads\/2024\/09\/MGS-logo-site-02.png\",\"contentUrl\":\"https:\/\/www.matts-guitar-shop.com\/wp-content\/uploads\/2024\/09\/MGS-logo-site-02.png\",\"width\":200,\"height\":122,\"caption\":\"matts-guitar-shop.com\"},\"image\":{\"@id\":\"https:\/\/www.matts-guitar-shop.com\/de\/#\/schema\/logo\/image\/\"},\"sameAs\":[\"https:\/\/www.facebook.com\/profile.php?id=100044359842817\",\"https:\/\/www.instagram.com\/mattsguitarshop\/\",\"https:\/\/www.youtube.com\/@MattLucasMan\/videos\"]}]}<\/script>\n<!-- \/ Yoast SEO plugin. -->","yoast_head_json":{"title":"Schecter Chandler Telecaster ex Pete Townshend \u2013 The Who - Matt&#039;s Guitar Shop","robots":{"index":"index","follow":"follow","max-snippet":"max-snippet:-1","max-image-preview":"max-image-preview:large","max-video-preview":"max-video-preview:-1"},"canonical":"https:\/\/www.matts-guitar-shop.com\/de\/produit\/schecter-chandler-telecaster-ex-pete-townshend-the-who\/","og_locale":"de_DE","og_type":"article","og_title":"Schecter Chandler Telecaster ex Pete Townshend \u2013 The Who - Matt&#039;s Guitar Shop","og_description":"Si la destruction d'instruments est devenue un rituel punk anticonformiste sous l'impulsion de figures comme Kurt Cobain ou Pete Townshend, les rescap\u00e9es des performances des Who sont d'une raret\u00e9 absolue. Cette Schecter Telecaster de 1979 fait partie de ces exceptions historiques, ayant surv\u00e9cu \u00e0 la c\u00e9l\u00e8bre tourn\u00e9e Who Are You. Offert personnellement par David Schecter \u00e0 Pete Townshend au Madison Square Garden, l'instrument porte encore une \"cicatrice\" sur l'\u00e9clisse,vestige probable d'une tentative de fracas sign\u00e9e Townshend. Son parcours ne s'arr\u00eate pas l\u00e0 : apr\u00e8s avoir \u00e9t\u00e9 \u00e9quip\u00e9e d'un syst\u00e8me B-Bender \u00e0 la demande du guitariste, elle fut acquise par Keith Page, le technicien de Gary Moore. Le guitariste irlandais l'a ensuite immortalis\u00e9e en studio sur les albums Run For Cover et Wild Frontier. Marqu\u00e9e par ses ann\u00e9es de rock'n'roll intense, cette guitare incarne une double lign\u00e9e prestigieuse et demeure l'un des rares t\u00e9moins intacts de la fureur sc\u00e9nique de Townshend.","og_url":"https:\/\/www.matts-guitar-shop.com\/de\/produit\/schecter-chandler-telecaster-ex-pete-townshend-the-who\/","og_site_name":"Matt&#039;s Guitar Shop","article_publisher":"https:\/\/www.facebook.com\/profile.php?id=100044359842817","og_image":[{"width":800,"height":1200,"url":"https:\/\/www.matts-guitar-shop.com\/wp-content\/uploads\/2026\/04\/Schecter-Chandler-Telecaster-Ex-The-Who-Pete-Townshend-01.jpg","type":"image\/jpeg"}],"twitter_card":"summary_large_image","twitter_misc":{"Gesch\u00e4tzte Lesezeit":"1\u00a0Minute"},"schema":{"@context":"https:\/\/schema.org","@graph":[{"@type":"WebPage","@id":"https:\/\/www.matts-guitar-shop.com\/de\/produit\/schecter-chandler-telecaster-ex-pete-townshend-the-who\/","url":"https:\/\/www.matts-guitar-shop.com\/de\/produit\/schecter-chandler-telecaster-ex-pete-townshend-the-who\/","name":"Schecter Chandler Telecaster ex Pete Townshend \u2013 The Who - Matt&#039;s Guitar Shop","isPartOf":{"@id":"https:\/\/www.matts-guitar-shop.com\/de\/#website"},"primaryImageOfPage":{"@id":"https:\/\/www.matts-guitar-shop.com\/de\/produit\/schecter-chandler-telecaster-ex-pete-townshend-the-who\/#primaryimage"},"image":{"@id":"https:\/\/www.matts-guitar-shop.com\/de\/produit\/schecter-chandler-telecaster-ex-pete-townshend-the-who\/#primaryimage"},"thumbnailUrl":"https:\/\/www.matts-guitar-shop.com\/wp-content\/uploads\/2026\/04\/Schecter-Chandler-Telecaster-Ex-The-Who-Pete-Townshend-01.jpg","datePublished":"2026-04-11T14:37:21+00:00","breadcrumb":{"@id":"https:\/\/www.matts-guitar-shop.com\/de\/produit\/schecter-chandler-telecaster-ex-pete-townshend-the-who\/#breadcrumb"},"inLanguage":"de","potentialAction":[{"@type":"ReadAction","target":["https:\/\/www.matts-guitar-shop.com\/de\/produit\/schecter-chandler-telecaster-ex-pete-townshend-the-who\/"]}]},{"@type":"ImageObject","inLanguage":"de","@id":"https:\/\/www.matts-guitar-shop.com\/de\/produit\/schecter-chandler-telecaster-ex-pete-townshend-the-who\/#primaryimage","url":"https:\/\/www.matts-guitar-shop.com\/wp-content\/uploads\/2026\/04\/Schecter-Chandler-Telecaster-Ex-The-Who-Pete-Townshend-01.jpg","contentUrl":"https:\/\/www.matts-guitar-shop.com\/wp-content\/uploads\/2026\/04\/Schecter-Chandler-Telecaster-Ex-The-Who-Pete-Townshend-01.jpg","width":800,"height":1200},{"@type":"BreadcrumbList","@id":"https:\/\/www.matts-guitar-shop.com\/de\/produit\/schecter-chandler-telecaster-ex-pete-townshend-the-who\/#breadcrumb","itemListElement":[{"@type":"ListItem","position":1,"name":"Startseite","item":"https:\/\/www.matts-guitar-shop.com\/de\/"},{"@type":"ListItem","position":2,"name":"Shop","item":"https:\/\/www.matts-guitar-shop.com\/de\/shop\/"},{"@type":"ListItem","position":3,"name":"Schecter Chandler Telecaster ex Pete Townshend \u2013 The Who"}]},{"@type":"WebSite","@id":"https:\/\/www.matts-guitar-shop.com\/de\/#website","url":"https:\/\/www.matts-guitar-shop.com\/de\/","name":"matts-guitar-shop.com","description":"Guitar Shop","publisher":{"@id":"https:\/\/www.matts-guitar-shop.com\/de\/#organization"},"potentialAction":[{"@type":"SearchAction","target":{"@type":"EntryPoint","urlTemplate":"https:\/\/www.matts-guitar-shop.com\/de\/?s={search_term_string}"},"query-input":{"@type":"PropertyValueSpecification","valueRequired":true,"valueName":"search_term_string"}}],"inLanguage":"de"},{"@type":"Organization","@id":"https:\/\/www.matts-guitar-shop.com\/de\/#organization","name":"matts-guitar-shop.com","url":"https:\/\/www.matts-guitar-shop.com\/de\/","logo":{"@type":"ImageObject","inLanguage":"de","@id":"https:\/\/www.matts-guitar-shop.com\/de\/#\/schema\/logo\/image\/","url":"https:\/\/www.matts-guitar-shop.com\/wp-content\/uploads\/2024\/09\/MGS-logo-site-02.png","contentUrl":"https:\/\/www.matts-guitar-shop.com\/wp-content\/uploads\/2024\/09\/MGS-logo-site-02.png","width":200,"height":122,"caption":"matts-guitar-shop.com"},"image":{"@id":"https:\/\/www.matts-guitar-shop.com\/de\/#\/schema\/logo\/image\/"},"sameAs":["https:\/\/www.facebook.com\/profile.php?id=100044359842817","https:\/\/www.instagram.com\/mattsguitarshop\/","https:\/\/www.youtube.com\/@MattLucasMan\/videos"]}]}},"_links":{"self":[{"href":"https:\/\/www.matts-guitar-shop.com\/de\/wp-json\/wp\/v2\/product\/34586","targetHints":{"allow":["GET"]}}],"collection":[{"href":"https:\/\/www.matts-guitar-shop.com\/de\/wp-json\/wp\/v2\/product"}],"about":[{"href":"https:\/\/www.matts-guitar-shop.com\/de\/wp-json\/wp\/v2\/types\/product"}],"replies":[{"embeddable":true,"href":"https:\/\/www.matts-guitar-shop.com\/de\/wp-json\/wp\/v2\/comments?post=34586"}],"wp:featuredmedia":[{"embeddable":true,"href":"https:\/\/www.matts-guitar-shop.com\/de\/wp-json\/wp\/v2\/media\/34587"}],"wp:attachment":[{"href":"https:\/\/www.matts-guitar-shop.com\/de\/wp-json\/wp\/v2\/media?parent=34586"}],"wp:term":[{"taxonomy":"product_brand","embeddable":true,"href":"https:\/\/www.matts-guitar-shop.com\/de\/wp-json\/wp\/v2\/product_brand?post=34586"},{"taxonomy":"product_cat","embeddable":true,"href":"https:\/\/www.matts-guitar-shop.com\/de\/wp-json\/wp\/v2\/product_cat?post=34586"},{"taxonomy":"product_tag","embeddable":true,"href":"https:\/\/www.matts-guitar-shop.com\/de\/wp-json\/wp\/v2\/product_tag?post=34586"}],"curies":[{"name":"wp","href":"https:\/\/api.w.org\/{rel}","templated":true}]}}