{"id":33788,"date":"2026-04-09T21:04:05","date_gmt":"2026-04-09T19:04:05","guid":{"rendered":"https:\/\/www.matts-guitar-shop.com\/?post_type=product&#038;p=33788"},"modified":"2026-04-09T21:08:38","modified_gmt":"2026-04-09T19:08:38","slug":"gibson-les-paul-special-1959-ex-elton-john-davey-johnstone","status":"publish","type":"product","link":"https:\/\/www.matts-guitar-shop.com\/de\/produit\/gibson-les-paul-special-1959-ex-elton-john-davey-johnstone\/","title":{"rendered":"Gibson Les Paul Special 1959 ex Elton John &#8211; Davey Johnstone"},"content":{"rendered":"","protected":false},"excerpt":{"rendered":"<p>Issue de la collection de Davey Johnstone, guitariste embl\u00e9matique et pilier du groupe de Sir Elton John depuis plus d&#8217;un demi-si\u00e8cle, cette Gibson Les Paul Special de 1959 d\u00e9passe le simple statut d&#8217;instrument vintage. Elle constitue un t\u00e9moin privil\u00e9gi\u00e9 de l&#8217;histoire du rock, ayant activement particip\u00e9 \u00e0 l&#8217;enregistrement de deux albums de l\u00e9gende : Goodbye Yellow Brick Road et Don\u2019t Shoot Me I\u2019m Only the Piano Player.<\/p>\n<p>Avec sa conception \u00e9pur\u00e9e et ses micros P-90 originels, ce mod\u00e8le incarne l&#8217;esth\u00e9tique sonore brute de la fin des ann\u00e9es 50, ayant permis \u00e0 Davey Johnstone de forger une signature sonore reconnaissable entre toutes.<\/p>\n<p>La provenance de l&#8217;instrument est rigoureusement document\u00e9e par des \u00e9changes directs avec l&#8217;artiste, confirmant qu&#8217;il en fut le propri\u00e9taire jusqu&#8217;en 1976. Cette tra\u00e7abilit\u00e9 exceptionnelle, alli\u00e9e \u00e0 un pedigree musical hors norme, en fait une pi\u00e8ce de collection d&#8217;une valeur historique et \u00e9motionnelle inestimable.<\/p>\n","protected":false},"featured_media":33789,"comment_status":"closed","ping_status":"closed","template":"","meta":{"_et_pb_use_builder":"","_et_pb_old_content":"","_et_gb_content_width":""},"product_brand":[],"product_cat":[123,82,152],"product_tag":[],"class_list":{"0":"post-33788","1":"product","2":"type-product","3":"status-publish","4":"has-post-thumbnail","6":"product_cat-guitares-electriques","7":"product_cat-artistes","8":"product_cat-guitares","9":"pa_artiste-davey-johnstone","10":"pa_artiste-elton-john","11":"pa_disponibilite-en-vente","12":"pa_marque-gibson","14":"first","15":"instock","16":"shipping-taxable","17":"purchasable","18":"product-type-simple"},"yoast_head":"<!-- This site is optimized with the Yoast SEO plugin v26.8 - https:\/\/yoast.com\/product\/yoast-seo-wordpress\/ -->\n<title>Gibson Les Paul Special 1959 ex Elton John - Davey Johnstone - Matt&#039;s Guitar Shop<\/title>\n<meta name=\"robots\" content=\"index, follow, max-snippet:-1, max-image-preview:large, max-video-preview:-1\" \/>\n<link rel=\"canonical\" href=\"https:\/\/www.matts-guitar-shop.com\/de\/produit\/gibson-les-paul-special-1959-ex-elton-john-davey-johnstone\/\" \/>\n<meta property=\"og:locale\" content=\"de_DE\" \/>\n<meta property=\"og:type\" content=\"article\" \/>\n<meta property=\"og:title\" content=\"Gibson Les Paul Special 1959 ex Elton John - Davey Johnstone - Matt&#039;s Guitar Shop\" \/>\n<meta property=\"og:description\" content=\"Issue de la collection de Davey Johnstone, guitariste embl\u00e9matique et pilier du groupe de Sir Elton John depuis plus d&#039;un demi-si\u00e8cle, cette Gibson Les Paul Special de 1959 d\u00e9passe le simple statut d&#039;instrument vintage. Elle constitue un t\u00e9moin privil\u00e9gi\u00e9 de l&#039;histoire du rock, ayant activement particip\u00e9 \u00e0 l&#039;enregistrement de deux albums de l\u00e9gende : Goodbye Yellow Brick Road et Don\u2019t Shoot Me I\u2019m Only the Piano Player.  Avec sa conception \u00e9pur\u00e9e et ses micros P-90 originels, ce mod\u00e8le incarne l&#039;esth\u00e9tique sonore brute de la fin des ann\u00e9es 50, ayant permis \u00e0 Davey Johnstone de forger une signature sonore reconnaissable entre toutes.  La provenance de l&#039;instrument est rigoureusement document\u00e9e par des \u00e9changes directs avec l&#039;artiste, confirmant qu&#039;il en fut le propri\u00e9taire jusqu&#039;en 1976. Cette tra\u00e7abilit\u00e9 exceptionnelle, alli\u00e9e \u00e0 un pedigree musical hors norme, en fait une pi\u00e8ce de collection d&#039;une valeur historique et \u00e9motionnelle inestimable.\" \/>\n<meta property=\"og:url\" content=\"https:\/\/www.matts-guitar-shop.com\/de\/produit\/gibson-les-paul-special-1959-ex-elton-john-davey-johnstone\/\" \/>\n<meta property=\"og:site_name\" content=\"Matt&#039;s Guitar Shop\" \/>\n<meta property=\"article:publisher\" content=\"https:\/\/www.facebook.com\/profile.php?id=100044359842817\" \/>\n<meta property=\"article:modified_time\" content=\"2026-04-09T19:08:38+00:00\" \/>\n<meta property=\"og:image\" content=\"https:\/\/www.matts-guitar-shop.com\/wp-content\/uploads\/2026\/04\/Gibson-Les-Paul-special-1959-Ex-Elton-John-Davey-Johnstone-01.jpg\" \/>\n\t<meta property=\"og:image:width\" content=\"800\" \/>\n\t<meta property=\"og:image:height\" content=\"1200\" \/>\n\t<meta property=\"og:image:type\" content=\"image\/jpeg\" \/>\n<meta name=\"twitter:card\" content=\"summary_large_image\" \/>\n<meta name=\"twitter:label1\" content=\"Gesch\u00e4tzte Lesezeit\" \/>\n\t<meta name=\"twitter:data1\" content=\"1\u00a0Minute\" \/>\n<script type=\"application\/ld+json\" class=\"yoast-schema-graph\">{\"@context\":\"https:\/\/schema.org\",\"@graph\":[{\"@type\":\"WebPage\",\"@id\":\"https:\/\/www.matts-guitar-shop.com\/de\/produit\/gibson-les-paul-special-1959-ex-elton-john-davey-johnstone\/\",\"url\":\"https:\/\/www.matts-guitar-shop.com\/de\/produit\/gibson-les-paul-special-1959-ex-elton-john-davey-johnstone\/\",\"name\":\"Gibson Les Paul Special 1959 ex Elton John - Davey Johnstone - Matt&#039;s Guitar Shop\",\"isPartOf\":{\"@id\":\"https:\/\/www.matts-guitar-shop.com\/de\/#website\"},\"primaryImageOfPage\":{\"@id\":\"https:\/\/www.matts-guitar-shop.com\/de\/produit\/gibson-les-paul-special-1959-ex-elton-john-davey-johnstone\/#primaryimage\"},\"image\":{\"@id\":\"https:\/\/www.matts-guitar-shop.com\/de\/produit\/gibson-les-paul-special-1959-ex-elton-john-davey-johnstone\/#primaryimage\"},\"thumbnailUrl\":\"https:\/\/www.matts-guitar-shop.com\/wp-content\/uploads\/2026\/04\/Gibson-Les-Paul-special-1959-Ex-Elton-John-Davey-Johnstone-01.jpg\",\"datePublished\":\"2026-04-09T19:04:05+00:00\",\"dateModified\":\"2026-04-09T19:08:38+00:00\",\"breadcrumb\":{\"@id\":\"https:\/\/www.matts-guitar-shop.com\/de\/produit\/gibson-les-paul-special-1959-ex-elton-john-davey-johnstone\/#breadcrumb\"},\"inLanguage\":\"de\",\"potentialAction\":[{\"@type\":\"ReadAction\",\"target\":[\"https:\/\/www.matts-guitar-shop.com\/de\/produit\/gibson-les-paul-special-1959-ex-elton-john-davey-johnstone\/\"]}]},{\"@type\":\"ImageObject\",\"inLanguage\":\"de\",\"@id\":\"https:\/\/www.matts-guitar-shop.com\/de\/produit\/gibson-les-paul-special-1959-ex-elton-john-davey-johnstone\/#primaryimage\",\"url\":\"https:\/\/www.matts-guitar-shop.com\/wp-content\/uploads\/2026\/04\/Gibson-Les-Paul-special-1959-Ex-Elton-John-Davey-Johnstone-01.jpg\",\"contentUrl\":\"https:\/\/www.matts-guitar-shop.com\/wp-content\/uploads\/2026\/04\/Gibson-Les-Paul-special-1959-Ex-Elton-John-Davey-Johnstone-01.jpg\",\"width\":800,\"height\":1200},{\"@type\":\"BreadcrumbList\",\"@id\":\"https:\/\/www.matts-guitar-shop.com\/de\/produit\/gibson-les-paul-special-1959-ex-elton-john-davey-johnstone\/#breadcrumb\",\"itemListElement\":[{\"@type\":\"ListItem\",\"position\":1,\"name\":\"Startseite\",\"item\":\"https:\/\/www.matts-guitar-shop.com\/de\/\"},{\"@type\":\"ListItem\",\"position\":2,\"name\":\"Shop\",\"item\":\"https:\/\/www.matts-guitar-shop.com\/de\/shop\/\"},{\"@type\":\"ListItem\",\"position\":3,\"name\":\"Gibson Les Paul Special 1959 ex Elton John &#8211; Davey Johnstone\"}]},{\"@type\":\"WebSite\",\"@id\":\"https:\/\/www.matts-guitar-shop.com\/de\/#website\",\"url\":\"https:\/\/www.matts-guitar-shop.com\/de\/\",\"name\":\"matts-guitar-shop.com\",\"description\":\"Guitar Shop\",\"publisher\":{\"@id\":\"https:\/\/www.matts-guitar-shop.com\/de\/#organization\"},\"potentialAction\":[{\"@type\":\"SearchAction\",\"target\":{\"@type\":\"EntryPoint\",\"urlTemplate\":\"https:\/\/www.matts-guitar-shop.com\/de\/?s={search_term_string}\"},\"query-input\":{\"@type\":\"PropertyValueSpecification\",\"valueRequired\":true,\"valueName\":\"search_term_string\"}}],\"inLanguage\":\"de\"},{\"@type\":\"Organization\",\"@id\":\"https:\/\/www.matts-guitar-shop.com\/de\/#organization\",\"name\":\"matts-guitar-shop.com\",\"url\":\"https:\/\/www.matts-guitar-shop.com\/de\/\",\"logo\":{\"@type\":\"ImageObject\",\"inLanguage\":\"de\",\"@id\":\"https:\/\/www.matts-guitar-shop.com\/de\/#\/schema\/logo\/image\/\",\"url\":\"https:\/\/www.matts-guitar-shop.com\/wp-content\/uploads\/2024\/09\/MGS-logo-site-02.png\",\"contentUrl\":\"https:\/\/www.matts-guitar-shop.com\/wp-content\/uploads\/2024\/09\/MGS-logo-site-02.png\",\"width\":200,\"height\":122,\"caption\":\"matts-guitar-shop.com\"},\"image\":{\"@id\":\"https:\/\/www.matts-guitar-shop.com\/de\/#\/schema\/logo\/image\/\"},\"sameAs\":[\"https:\/\/www.facebook.com\/profile.php?id=100044359842817\",\"https:\/\/www.instagram.com\/mattsguitarshop\/\",\"https:\/\/www.youtube.com\/@MattLucasMan\/videos\"]}]}<\/script>\n<!-- \/ Yoast SEO plugin. -->","yoast_head_json":{"title":"Gibson Les Paul Special 1959 ex Elton John - Davey Johnstone - Matt&#039;s Guitar Shop","robots":{"index":"index","follow":"follow","max-snippet":"max-snippet:-1","max-image-preview":"max-image-preview:large","max-video-preview":"max-video-preview:-1"},"canonical":"https:\/\/www.matts-guitar-shop.com\/de\/produit\/gibson-les-paul-special-1959-ex-elton-john-davey-johnstone\/","og_locale":"de_DE","og_type":"article","og_title":"Gibson Les Paul Special 1959 ex Elton John - Davey Johnstone - Matt&#039;s Guitar Shop","og_description":"Issue de la collection de Davey Johnstone, guitariste embl\u00e9matique et pilier du groupe de Sir Elton John depuis plus d'un demi-si\u00e8cle, cette Gibson Les Paul Special de 1959 d\u00e9passe le simple statut d'instrument vintage. Elle constitue un t\u00e9moin privil\u00e9gi\u00e9 de l'histoire du rock, ayant activement particip\u00e9 \u00e0 l'enregistrement de deux albums de l\u00e9gende : Goodbye Yellow Brick Road et Don\u2019t Shoot Me I\u2019m Only the Piano Player.  Avec sa conception \u00e9pur\u00e9e et ses micros P-90 originels, ce mod\u00e8le incarne l'esth\u00e9tique sonore brute de la fin des ann\u00e9es 50, ayant permis \u00e0 Davey Johnstone de forger une signature sonore reconnaissable entre toutes.  La provenance de l'instrument est rigoureusement document\u00e9e par des \u00e9changes directs avec l'artiste, confirmant qu'il en fut le propri\u00e9taire jusqu'en 1976. Cette tra\u00e7abilit\u00e9 exceptionnelle, alli\u00e9e \u00e0 un pedigree musical hors norme, en fait une pi\u00e8ce de collection d'une valeur historique et \u00e9motionnelle inestimable.","og_url":"https:\/\/www.matts-guitar-shop.com\/de\/produit\/gibson-les-paul-special-1959-ex-elton-john-davey-johnstone\/","og_site_name":"Matt&#039;s Guitar Shop","article_publisher":"https:\/\/www.facebook.com\/profile.php?id=100044359842817","article_modified_time":"2026-04-09T19:08:38+00:00","og_image":[{"width":800,"height":1200,"url":"https:\/\/www.matts-guitar-shop.com\/wp-content\/uploads\/2026\/04\/Gibson-Les-Paul-special-1959-Ex-Elton-John-Davey-Johnstone-01.jpg","type":"image\/jpeg"}],"twitter_card":"summary_large_image","twitter_misc":{"Gesch\u00e4tzte Lesezeit":"1\u00a0Minute"},"schema":{"@context":"https:\/\/schema.org","@graph":[{"@type":"WebPage","@id":"https:\/\/www.matts-guitar-shop.com\/de\/produit\/gibson-les-paul-special-1959-ex-elton-john-davey-johnstone\/","url":"https:\/\/www.matts-guitar-shop.com\/de\/produit\/gibson-les-paul-special-1959-ex-elton-john-davey-johnstone\/","name":"Gibson Les Paul Special 1959 ex Elton John - Davey Johnstone - Matt&#039;s Guitar Shop","isPartOf":{"@id":"https:\/\/www.matts-guitar-shop.com\/de\/#website"},"primaryImageOfPage":{"@id":"https:\/\/www.matts-guitar-shop.com\/de\/produit\/gibson-les-paul-special-1959-ex-elton-john-davey-johnstone\/#primaryimage"},"image":{"@id":"https:\/\/www.matts-guitar-shop.com\/de\/produit\/gibson-les-paul-special-1959-ex-elton-john-davey-johnstone\/#primaryimage"},"thumbnailUrl":"https:\/\/www.matts-guitar-shop.com\/wp-content\/uploads\/2026\/04\/Gibson-Les-Paul-special-1959-Ex-Elton-John-Davey-Johnstone-01.jpg","datePublished":"2026-04-09T19:04:05+00:00","dateModified":"2026-04-09T19:08:38+00:00","breadcrumb":{"@id":"https:\/\/www.matts-guitar-shop.com\/de\/produit\/gibson-les-paul-special-1959-ex-elton-john-davey-johnstone\/#breadcrumb"},"inLanguage":"de","potentialAction":[{"@type":"ReadAction","target":["https:\/\/www.matts-guitar-shop.com\/de\/produit\/gibson-les-paul-special-1959-ex-elton-john-davey-johnstone\/"]}]},{"@type":"ImageObject","inLanguage":"de","@id":"https:\/\/www.matts-guitar-shop.com\/de\/produit\/gibson-les-paul-special-1959-ex-elton-john-davey-johnstone\/#primaryimage","url":"https:\/\/www.matts-guitar-shop.com\/wp-content\/uploads\/2026\/04\/Gibson-Les-Paul-special-1959-Ex-Elton-John-Davey-Johnstone-01.jpg","contentUrl":"https:\/\/www.matts-guitar-shop.com\/wp-content\/uploads\/2026\/04\/Gibson-Les-Paul-special-1959-Ex-Elton-John-Davey-Johnstone-01.jpg","width":800,"height":1200},{"@type":"BreadcrumbList","@id":"https:\/\/www.matts-guitar-shop.com\/de\/produit\/gibson-les-paul-special-1959-ex-elton-john-davey-johnstone\/#breadcrumb","itemListElement":[{"@type":"ListItem","position":1,"name":"Startseite","item":"https:\/\/www.matts-guitar-shop.com\/de\/"},{"@type":"ListItem","position":2,"name":"Shop","item":"https:\/\/www.matts-guitar-shop.com\/de\/shop\/"},{"@type":"ListItem","position":3,"name":"Gibson Les Paul Special 1959 ex Elton John &#8211; Davey Johnstone"}]},{"@type":"WebSite","@id":"https:\/\/www.matts-guitar-shop.com\/de\/#website","url":"https:\/\/www.matts-guitar-shop.com\/de\/","name":"matts-guitar-shop.com","description":"Guitar Shop","publisher":{"@id":"https:\/\/www.matts-guitar-shop.com\/de\/#organization"},"potentialAction":[{"@type":"SearchAction","target":{"@type":"EntryPoint","urlTemplate":"https:\/\/www.matts-guitar-shop.com\/de\/?s={search_term_string}"},"query-input":{"@type":"PropertyValueSpecification","valueRequired":true,"valueName":"search_term_string"}}],"inLanguage":"de"},{"@type":"Organization","@id":"https:\/\/www.matts-guitar-shop.com\/de\/#organization","name":"matts-guitar-shop.com","url":"https:\/\/www.matts-guitar-shop.com\/de\/","logo":{"@type":"ImageObject","inLanguage":"de","@id":"https:\/\/www.matts-guitar-shop.com\/de\/#\/schema\/logo\/image\/","url":"https:\/\/www.matts-guitar-shop.com\/wp-content\/uploads\/2024\/09\/MGS-logo-site-02.png","contentUrl":"https:\/\/www.matts-guitar-shop.com\/wp-content\/uploads\/2024\/09\/MGS-logo-site-02.png","width":200,"height":122,"caption":"matts-guitar-shop.com"},"image":{"@id":"https:\/\/www.matts-guitar-shop.com\/de\/#\/schema\/logo\/image\/"},"sameAs":["https:\/\/www.facebook.com\/profile.php?id=100044359842817","https:\/\/www.instagram.com\/mattsguitarshop\/","https:\/\/www.youtube.com\/@MattLucasMan\/videos"]}]}},"_links":{"self":[{"href":"https:\/\/www.matts-guitar-shop.com\/de\/wp-json\/wp\/v2\/product\/33788","targetHints":{"allow":["GET"]}}],"collection":[{"href":"https:\/\/www.matts-guitar-shop.com\/de\/wp-json\/wp\/v2\/product"}],"about":[{"href":"https:\/\/www.matts-guitar-shop.com\/de\/wp-json\/wp\/v2\/types\/product"}],"replies":[{"embeddable":true,"href":"https:\/\/www.matts-guitar-shop.com\/de\/wp-json\/wp\/v2\/comments?post=33788"}],"wp:featuredmedia":[{"embeddable":true,"href":"https:\/\/www.matts-guitar-shop.com\/de\/wp-json\/wp\/v2\/media\/33789"}],"wp:attachment":[{"href":"https:\/\/www.matts-guitar-shop.com\/de\/wp-json\/wp\/v2\/media?parent=33788"}],"wp:term":[{"taxonomy":"product_brand","embeddable":true,"href":"https:\/\/www.matts-guitar-shop.com\/de\/wp-json\/wp\/v2\/product_brand?post=33788"},{"taxonomy":"product_cat","embeddable":true,"href":"https:\/\/www.matts-guitar-shop.com\/de\/wp-json\/wp\/v2\/product_cat?post=33788"},{"taxonomy":"product_tag","embeddable":true,"href":"https:\/\/www.matts-guitar-shop.com\/de\/wp-json\/wp\/v2\/product_tag?post=33788"}],"curies":[{"name":"wp","href":"https:\/\/api.w.org\/{rel}","templated":true}]}}