{"id":33486,"date":"2026-04-09T19:12:40","date_gmt":"2026-04-09T17:12:40","guid":{"rendered":"https:\/\/www.matts-guitar-shop.com\/?post_type=product&#038;p=33486"},"modified":"2026-04-09T19:16:42","modified_gmt":"2026-04-09T17:16:42","slug":"gibson-es-335-b-b-king-live-at-the-regal-signature","status":"publish","type":"product","link":"https:\/\/www.matts-guitar-shop.com\/de\/produit\/gibson-es-335-b-b-king-live-at-the-regal-signature\/","title":{"rendered":"Gibson ES-335 B.B. King \u201cLive at the Regal\u201d signature"},"content":{"rendered":"","protected":false},"excerpt":{"rendered":"<p>Le premier exemplaire d&#8217;une s\u00e9rie strictement limit\u00e9e \u00e0 100 unit\u00e9s : cette Gibson ES-335 B.B. King &#8222;Live at the Regal&#8220; porte le num\u00e9ro 1, un rang exceptionnel et hautement symbolique. Arborant la superbe finition Argentine Grey, l&#8217;instrument rend un hommage vibrant \u00e0 l&#8217;un des enregistrements de blues les plus influents de l&#8217;histoire et \u00e0 l&#8217;h\u00e9ritage immense de &#8222;The King of the Blues&#8220;. V\u00e9ritable pi\u00e8ce de collection, elle se distingue par une construction remarquable, un \u00e9quilibre parfait et un temp\u00e9rament sonore affirm\u00e9. Des pi\u00e8ces de ce calibre, dans un tel \u00e9tat de conservation et dot\u00e9es du premier num\u00e9ro de s\u00e9rie, ne font que de tr\u00e8s rares apparitions sur le march\u00e9.<\/p>\n","protected":false},"featured_media":33487,"comment_status":"closed","ping_status":"closed","template":"","meta":{"_et_pb_use_builder":"","_et_pb_old_content":"","_et_gb_content_width":""},"product_brand":[],"product_cat":[123,82,152],"product_tag":[],"class_list":{"0":"post-33486","1":"product","2":"type-product","3":"status-publish","4":"has-post-thumbnail","6":"product_cat-guitares-electriques","7":"product_cat-artistes","8":"product_cat-guitares","9":"pa_artiste-b-b-king","10":"pa_disponibilite-en-vente","11":"pa_marque-gibson","13":"first","14":"instock","15":"shipping-taxable","16":"purchasable","17":"product-type-simple"},"yoast_head":"<!-- This site is optimized with the Yoast SEO plugin v26.8 - https:\/\/yoast.com\/product\/yoast-seo-wordpress\/ -->\n<title>Gibson ES-335 B.B. King \u201cLive at the Regal\u201d signature - Matt&#039;s Guitar Shop<\/title>\n<meta name=\"robots\" content=\"index, follow, max-snippet:-1, max-image-preview:large, max-video-preview:-1\" \/>\n<link rel=\"canonical\" href=\"https:\/\/www.matts-guitar-shop.com\/de\/produit\/gibson-es-335-b-b-king-live-at-the-regal-signature\/\" \/>\n<meta property=\"og:locale\" content=\"de_DE\" \/>\n<meta property=\"og:type\" content=\"article\" \/>\n<meta property=\"og:title\" content=\"Gibson ES-335 B.B. King \u201cLive at the Regal\u201d signature - Matt&#039;s Guitar Shop\" \/>\n<meta property=\"og:description\" content=\"Le premier exemplaire d&#039;une s\u00e9rie strictement limit\u00e9e \u00e0 100 unit\u00e9s : cette Gibson ES-335 B.B. King &quot;Live at the Regal&quot; porte le num\u00e9ro 1, un rang exceptionnel et hautement symbolique. Arborant la superbe finition Argentine Grey, l&#039;instrument rend un hommage vibrant \u00e0 l&#039;un des enregistrements de blues les plus influents de l&#039;histoire et \u00e0 l&#039;h\u00e9ritage immense de &quot;The King of the Blues&quot;. V\u00e9ritable pi\u00e8ce de collection, elle se distingue par une construction remarquable, un \u00e9quilibre parfait et un temp\u00e9rament sonore affirm\u00e9. Des pi\u00e8ces de ce calibre, dans un tel \u00e9tat de conservation et dot\u00e9es du premier num\u00e9ro de s\u00e9rie, ne font que de tr\u00e8s rares apparitions sur le march\u00e9.\" \/>\n<meta property=\"og:url\" content=\"https:\/\/www.matts-guitar-shop.com\/de\/produit\/gibson-es-335-b-b-king-live-at-the-regal-signature\/\" \/>\n<meta property=\"og:site_name\" content=\"Matt&#039;s Guitar Shop\" \/>\n<meta property=\"article:publisher\" content=\"https:\/\/www.facebook.com\/profile.php?id=100044359842817\" \/>\n<meta property=\"article:modified_time\" content=\"2026-04-09T17:16:42+00:00\" \/>\n<meta property=\"og:image\" content=\"https:\/\/www.matts-guitar-shop.com\/wp-content\/uploads\/2026\/04\/Gibson-ES-335-BB-King-Live-at-the-Regal-Signature-01.jpg\" \/>\n\t<meta property=\"og:image:width\" content=\"800\" \/>\n\t<meta property=\"og:image:height\" content=\"1200\" \/>\n\t<meta property=\"og:image:type\" content=\"image\/jpeg\" \/>\n<meta name=\"twitter:card\" content=\"summary_large_image\" \/>\n<meta name=\"twitter:label1\" content=\"Gesch\u00e4tzte Lesezeit\" \/>\n\t<meta name=\"twitter:data1\" content=\"1\u00a0Minute\" \/>\n<script type=\"application\/ld+json\" class=\"yoast-schema-graph\">{\"@context\":\"https:\/\/schema.org\",\"@graph\":[{\"@type\":\"WebPage\",\"@id\":\"https:\/\/www.matts-guitar-shop.com\/de\/produit\/gibson-es-335-b-b-king-live-at-the-regal-signature\/\",\"url\":\"https:\/\/www.matts-guitar-shop.com\/de\/produit\/gibson-es-335-b-b-king-live-at-the-regal-signature\/\",\"name\":\"Gibson ES-335 B.B. King \u201cLive at the Regal\u201d signature - Matt&#039;s Guitar Shop\",\"isPartOf\":{\"@id\":\"https:\/\/www.matts-guitar-shop.com\/de\/#website\"},\"primaryImageOfPage\":{\"@id\":\"https:\/\/www.matts-guitar-shop.com\/de\/produit\/gibson-es-335-b-b-king-live-at-the-regal-signature\/#primaryimage\"},\"image\":{\"@id\":\"https:\/\/www.matts-guitar-shop.com\/de\/produit\/gibson-es-335-b-b-king-live-at-the-regal-signature\/#primaryimage\"},\"thumbnailUrl\":\"https:\/\/www.matts-guitar-shop.com\/wp-content\/uploads\/2026\/04\/Gibson-ES-335-BB-King-Live-at-the-Regal-Signature-01.jpg\",\"datePublished\":\"2026-04-09T17:12:40+00:00\",\"dateModified\":\"2026-04-09T17:16:42+00:00\",\"breadcrumb\":{\"@id\":\"https:\/\/www.matts-guitar-shop.com\/de\/produit\/gibson-es-335-b-b-king-live-at-the-regal-signature\/#breadcrumb\"},\"inLanguage\":\"de\",\"potentialAction\":[{\"@type\":\"ReadAction\",\"target\":[\"https:\/\/www.matts-guitar-shop.com\/de\/produit\/gibson-es-335-b-b-king-live-at-the-regal-signature\/\"]}]},{\"@type\":\"ImageObject\",\"inLanguage\":\"de\",\"@id\":\"https:\/\/www.matts-guitar-shop.com\/de\/produit\/gibson-es-335-b-b-king-live-at-the-regal-signature\/#primaryimage\",\"url\":\"https:\/\/www.matts-guitar-shop.com\/wp-content\/uploads\/2026\/04\/Gibson-ES-335-BB-King-Live-at-the-Regal-Signature-01.jpg\",\"contentUrl\":\"https:\/\/www.matts-guitar-shop.com\/wp-content\/uploads\/2026\/04\/Gibson-ES-335-BB-King-Live-at-the-Regal-Signature-01.jpg\",\"width\":800,\"height\":1200},{\"@type\":\"BreadcrumbList\",\"@id\":\"https:\/\/www.matts-guitar-shop.com\/de\/produit\/gibson-es-335-b-b-king-live-at-the-regal-signature\/#breadcrumb\",\"itemListElement\":[{\"@type\":\"ListItem\",\"position\":1,\"name\":\"Startseite\",\"item\":\"https:\/\/www.matts-guitar-shop.com\/de\/\"},{\"@type\":\"ListItem\",\"position\":2,\"name\":\"Shop\",\"item\":\"https:\/\/www.matts-guitar-shop.com\/de\/shop\/\"},{\"@type\":\"ListItem\",\"position\":3,\"name\":\"Gibson ES-335 B.B. King \u201cLive at the Regal\u201d signature\"}]},{\"@type\":\"WebSite\",\"@id\":\"https:\/\/www.matts-guitar-shop.com\/de\/#website\",\"url\":\"https:\/\/www.matts-guitar-shop.com\/de\/\",\"name\":\"matts-guitar-shop.com\",\"description\":\"Guitar Shop\",\"publisher\":{\"@id\":\"https:\/\/www.matts-guitar-shop.com\/de\/#organization\"},\"potentialAction\":[{\"@type\":\"SearchAction\",\"target\":{\"@type\":\"EntryPoint\",\"urlTemplate\":\"https:\/\/www.matts-guitar-shop.com\/de\/?s={search_term_string}\"},\"query-input\":{\"@type\":\"PropertyValueSpecification\",\"valueRequired\":true,\"valueName\":\"search_term_string\"}}],\"inLanguage\":\"de\"},{\"@type\":\"Organization\",\"@id\":\"https:\/\/www.matts-guitar-shop.com\/de\/#organization\",\"name\":\"matts-guitar-shop.com\",\"url\":\"https:\/\/www.matts-guitar-shop.com\/de\/\",\"logo\":{\"@type\":\"ImageObject\",\"inLanguage\":\"de\",\"@id\":\"https:\/\/www.matts-guitar-shop.com\/de\/#\/schema\/logo\/image\/\",\"url\":\"https:\/\/www.matts-guitar-shop.com\/wp-content\/uploads\/2024\/09\/MGS-logo-site-02.png\",\"contentUrl\":\"https:\/\/www.matts-guitar-shop.com\/wp-content\/uploads\/2024\/09\/MGS-logo-site-02.png\",\"width\":200,\"height\":122,\"caption\":\"matts-guitar-shop.com\"},\"image\":{\"@id\":\"https:\/\/www.matts-guitar-shop.com\/de\/#\/schema\/logo\/image\/\"},\"sameAs\":[\"https:\/\/www.facebook.com\/profile.php?id=100044359842817\",\"https:\/\/www.instagram.com\/mattsguitarshop\/\",\"https:\/\/www.youtube.com\/@MattLucasMan\/videos\"]}]}<\/script>\n<!-- \/ Yoast SEO plugin. -->","yoast_head_json":{"title":"Gibson ES-335 B.B. King \u201cLive at the Regal\u201d signature - Matt&#039;s Guitar Shop","robots":{"index":"index","follow":"follow","max-snippet":"max-snippet:-1","max-image-preview":"max-image-preview:large","max-video-preview":"max-video-preview:-1"},"canonical":"https:\/\/www.matts-guitar-shop.com\/de\/produit\/gibson-es-335-b-b-king-live-at-the-regal-signature\/","og_locale":"de_DE","og_type":"article","og_title":"Gibson ES-335 B.B. King \u201cLive at the Regal\u201d signature - Matt&#039;s Guitar Shop","og_description":"Le premier exemplaire d'une s\u00e9rie strictement limit\u00e9e \u00e0 100 unit\u00e9s : cette Gibson ES-335 B.B. King \"Live at the Regal\" porte le num\u00e9ro 1, un rang exceptionnel et hautement symbolique. Arborant la superbe finition Argentine Grey, l'instrument rend un hommage vibrant \u00e0 l'un des enregistrements de blues les plus influents de l'histoire et \u00e0 l'h\u00e9ritage immense de \"The King of the Blues\". V\u00e9ritable pi\u00e8ce de collection, elle se distingue par une construction remarquable, un \u00e9quilibre parfait et un temp\u00e9rament sonore affirm\u00e9. Des pi\u00e8ces de ce calibre, dans un tel \u00e9tat de conservation et dot\u00e9es du premier num\u00e9ro de s\u00e9rie, ne font que de tr\u00e8s rares apparitions sur le march\u00e9.","og_url":"https:\/\/www.matts-guitar-shop.com\/de\/produit\/gibson-es-335-b-b-king-live-at-the-regal-signature\/","og_site_name":"Matt&#039;s Guitar Shop","article_publisher":"https:\/\/www.facebook.com\/profile.php?id=100044359842817","article_modified_time":"2026-04-09T17:16:42+00:00","og_image":[{"width":800,"height":1200,"url":"https:\/\/www.matts-guitar-shop.com\/wp-content\/uploads\/2026\/04\/Gibson-ES-335-BB-King-Live-at-the-Regal-Signature-01.jpg","type":"image\/jpeg"}],"twitter_card":"summary_large_image","twitter_misc":{"Gesch\u00e4tzte Lesezeit":"1\u00a0Minute"},"schema":{"@context":"https:\/\/schema.org","@graph":[{"@type":"WebPage","@id":"https:\/\/www.matts-guitar-shop.com\/de\/produit\/gibson-es-335-b-b-king-live-at-the-regal-signature\/","url":"https:\/\/www.matts-guitar-shop.com\/de\/produit\/gibson-es-335-b-b-king-live-at-the-regal-signature\/","name":"Gibson ES-335 B.B. King \u201cLive at the Regal\u201d signature - Matt&#039;s Guitar Shop","isPartOf":{"@id":"https:\/\/www.matts-guitar-shop.com\/de\/#website"},"primaryImageOfPage":{"@id":"https:\/\/www.matts-guitar-shop.com\/de\/produit\/gibson-es-335-b-b-king-live-at-the-regal-signature\/#primaryimage"},"image":{"@id":"https:\/\/www.matts-guitar-shop.com\/de\/produit\/gibson-es-335-b-b-king-live-at-the-regal-signature\/#primaryimage"},"thumbnailUrl":"https:\/\/www.matts-guitar-shop.com\/wp-content\/uploads\/2026\/04\/Gibson-ES-335-BB-King-Live-at-the-Regal-Signature-01.jpg","datePublished":"2026-04-09T17:12:40+00:00","dateModified":"2026-04-09T17:16:42+00:00","breadcrumb":{"@id":"https:\/\/www.matts-guitar-shop.com\/de\/produit\/gibson-es-335-b-b-king-live-at-the-regal-signature\/#breadcrumb"},"inLanguage":"de","potentialAction":[{"@type":"ReadAction","target":["https:\/\/www.matts-guitar-shop.com\/de\/produit\/gibson-es-335-b-b-king-live-at-the-regal-signature\/"]}]},{"@type":"ImageObject","inLanguage":"de","@id":"https:\/\/www.matts-guitar-shop.com\/de\/produit\/gibson-es-335-b-b-king-live-at-the-regal-signature\/#primaryimage","url":"https:\/\/www.matts-guitar-shop.com\/wp-content\/uploads\/2026\/04\/Gibson-ES-335-BB-King-Live-at-the-Regal-Signature-01.jpg","contentUrl":"https:\/\/www.matts-guitar-shop.com\/wp-content\/uploads\/2026\/04\/Gibson-ES-335-BB-King-Live-at-the-Regal-Signature-01.jpg","width":800,"height":1200},{"@type":"BreadcrumbList","@id":"https:\/\/www.matts-guitar-shop.com\/de\/produit\/gibson-es-335-b-b-king-live-at-the-regal-signature\/#breadcrumb","itemListElement":[{"@type":"ListItem","position":1,"name":"Startseite","item":"https:\/\/www.matts-guitar-shop.com\/de\/"},{"@type":"ListItem","position":2,"name":"Shop","item":"https:\/\/www.matts-guitar-shop.com\/de\/shop\/"},{"@type":"ListItem","position":3,"name":"Gibson ES-335 B.B. King \u201cLive at the Regal\u201d signature"}]},{"@type":"WebSite","@id":"https:\/\/www.matts-guitar-shop.com\/de\/#website","url":"https:\/\/www.matts-guitar-shop.com\/de\/","name":"matts-guitar-shop.com","description":"Guitar Shop","publisher":{"@id":"https:\/\/www.matts-guitar-shop.com\/de\/#organization"},"potentialAction":[{"@type":"SearchAction","target":{"@type":"EntryPoint","urlTemplate":"https:\/\/www.matts-guitar-shop.com\/de\/?s={search_term_string}"},"query-input":{"@type":"PropertyValueSpecification","valueRequired":true,"valueName":"search_term_string"}}],"inLanguage":"de"},{"@type":"Organization","@id":"https:\/\/www.matts-guitar-shop.com\/de\/#organization","name":"matts-guitar-shop.com","url":"https:\/\/www.matts-guitar-shop.com\/de\/","logo":{"@type":"ImageObject","inLanguage":"de","@id":"https:\/\/www.matts-guitar-shop.com\/de\/#\/schema\/logo\/image\/","url":"https:\/\/www.matts-guitar-shop.com\/wp-content\/uploads\/2024\/09\/MGS-logo-site-02.png","contentUrl":"https:\/\/www.matts-guitar-shop.com\/wp-content\/uploads\/2024\/09\/MGS-logo-site-02.png","width":200,"height":122,"caption":"matts-guitar-shop.com"},"image":{"@id":"https:\/\/www.matts-guitar-shop.com\/de\/#\/schema\/logo\/image\/"},"sameAs":["https:\/\/www.facebook.com\/profile.php?id=100044359842817","https:\/\/www.instagram.com\/mattsguitarshop\/","https:\/\/www.youtube.com\/@MattLucasMan\/videos"]}]}},"_links":{"self":[{"href":"https:\/\/www.matts-guitar-shop.com\/de\/wp-json\/wp\/v2\/product\/33486","targetHints":{"allow":["GET"]}}],"collection":[{"href":"https:\/\/www.matts-guitar-shop.com\/de\/wp-json\/wp\/v2\/product"}],"about":[{"href":"https:\/\/www.matts-guitar-shop.com\/de\/wp-json\/wp\/v2\/types\/product"}],"replies":[{"embeddable":true,"href":"https:\/\/www.matts-guitar-shop.com\/de\/wp-json\/wp\/v2\/comments?post=33486"}],"wp:featuredmedia":[{"embeddable":true,"href":"https:\/\/www.matts-guitar-shop.com\/de\/wp-json\/wp\/v2\/media\/33487"}],"wp:attachment":[{"href":"https:\/\/www.matts-guitar-shop.com\/de\/wp-json\/wp\/v2\/media?parent=33486"}],"wp:term":[{"taxonomy":"product_brand","embeddable":true,"href":"https:\/\/www.matts-guitar-shop.com\/de\/wp-json\/wp\/v2\/product_brand?post=33486"},{"taxonomy":"product_cat","embeddable":true,"href":"https:\/\/www.matts-guitar-shop.com\/de\/wp-json\/wp\/v2\/product_cat?post=33486"},{"taxonomy":"product_tag","embeddable":true,"href":"https:\/\/www.matts-guitar-shop.com\/de\/wp-json\/wp\/v2\/product_tag?post=33486"}],"curies":[{"name":"wp","href":"https:\/\/api.w.org\/{rel}","templated":true}]}}