{"id":32772,"date":"2026-04-07T19:47:17","date_gmt":"2026-04-07T17:47:17","guid":{"rendered":"https:\/\/www.matts-guitar-shop.com\/?post_type=product&#038;p=32772"},"modified":"2026-04-07T19:54:50","modified_gmt":"2026-04-07T17:54:50","slug":"schecter-diamond-series-006-special-ex-the-cure","status":"publish","type":"product","link":"https:\/\/www.matts-guitar-shop.com\/de\/produit\/schecter-diamond-series-006-special-ex-the-cure\/","title":{"rendered":"Schecter Diamond series 006 special ex The Cure"},"content":{"rendered":"","protected":false},"excerpt":{"rendered":"<p>Cette Schecter Diamond Series 006 Special est un objet de collection impr\u00e9gn\u00e9 des esth\u00e9tiques gothique et post-punk. Issue de l&#8217;entourage technique du groupe mythique The Cure, elle b\u00e9n\u00e9ficie d&#8217;un pedigree prestigieux. Son allure, marqu\u00e9e par un blanc pur qui contraste avec des incrustations de touche en blocs et des composants chrom\u00e9s, refl\u00e8te l&#8217;identit\u00e9 visuelle raffin\u00e9e de la formation. Dot\u00e9e de deux micros \u00e0 double bobinage et d&#8217;un cordier arborant le &#8222;S&#8220; distinctif de la marque, elle permet de passer avec aisance de sonorit\u00e9s a\u00e9riennes \u00e0 des saturations denses.<\/p>\n<p>Bien plus qu&#8217;un outil de performance, cet instrument repr\u00e9sente un fragment d&#8217;histoire pour les admirateurs du groupe ou les passionn\u00e9s de guitares au caract\u00e8re affirm\u00e9.<\/p>\n","protected":false},"featured_media":32773,"comment_status":"closed","ping_status":"closed","template":"","meta":{"_et_pb_use_builder":"","_et_pb_old_content":"","_et_gb_content_width":""},"product_brand":[],"product_cat":[123,82,152],"product_tag":[],"class_list":{"0":"post-32772","1":"product","2":"type-product","3":"status-publish","4":"has-post-thumbnail","6":"product_cat-guitares-electriques","7":"product_cat-artistes","8":"product_cat-guitares","9":"pa_artiste-the-cure","10":"pa_disponibilite-en-vente","11":"pa_marque-schecter","13":"first","14":"instock","15":"shipping-taxable","16":"purchasable","17":"product-type-simple"},"yoast_head":"<!-- This site is optimized with the Yoast SEO plugin v26.8 - https:\/\/yoast.com\/product\/yoast-seo-wordpress\/ -->\n<title>Schecter Diamond series 006 special ex The Cure - Matt&#039;s Guitar Shop<\/title>\n<meta name=\"robots\" content=\"index, follow, max-snippet:-1, max-image-preview:large, max-video-preview:-1\" \/>\n<link rel=\"canonical\" href=\"https:\/\/www.matts-guitar-shop.com\/de\/produit\/schecter-diamond-series-006-special-ex-the-cure\/\" \/>\n<meta property=\"og:locale\" content=\"de_DE\" \/>\n<meta property=\"og:type\" content=\"article\" \/>\n<meta property=\"og:title\" content=\"Schecter Diamond series 006 special ex The Cure - Matt&#039;s Guitar Shop\" \/>\n<meta property=\"og:description\" content=\"Cette Schecter Diamond Series 006 Special est un objet de collection impr\u00e9gn\u00e9 des esth\u00e9tiques gothique et post-punk. Issue de l&#039;entourage technique du groupe mythique The Cure, elle b\u00e9n\u00e9ficie d&#039;un pedigree prestigieux. Son allure, marqu\u00e9e par un blanc pur qui contraste avec des incrustations de touche en blocs et des composants chrom\u00e9s, refl\u00e8te l&#039;identit\u00e9 visuelle raffin\u00e9e de la formation. Dot\u00e9e de deux micros \u00e0 double bobinage et d&#039;un cordier arborant le &quot;S&quot; distinctif de la marque, elle permet de passer avec aisance de sonorit\u00e9s a\u00e9riennes \u00e0 des saturations denses.  Bien plus qu&#039;un outil de performance, cet instrument repr\u00e9sente un fragment d&#039;histoire pour les admirateurs du groupe ou les passionn\u00e9s de guitares au caract\u00e8re affirm\u00e9.\" \/>\n<meta property=\"og:url\" content=\"https:\/\/www.matts-guitar-shop.com\/de\/produit\/schecter-diamond-series-006-special-ex-the-cure\/\" \/>\n<meta property=\"og:site_name\" content=\"Matt&#039;s Guitar Shop\" \/>\n<meta property=\"article:publisher\" content=\"https:\/\/www.facebook.com\/profile.php?id=100044359842817\" \/>\n<meta property=\"article:modified_time\" content=\"2026-04-07T17:54:50+00:00\" \/>\n<meta property=\"og:image\" content=\"https:\/\/www.matts-guitar-shop.com\/wp-content\/uploads\/2026\/04\/Schecter-Diamond-Series-006-Special-Ex-The-Cure-01.jpg\" \/>\n\t<meta property=\"og:image:width\" content=\"800\" \/>\n\t<meta property=\"og:image:height\" content=\"1200\" \/>\n\t<meta property=\"og:image:type\" content=\"image\/jpeg\" \/>\n<meta name=\"twitter:card\" content=\"summary_large_image\" \/>\n<meta name=\"twitter:label1\" content=\"Gesch\u00e4tzte Lesezeit\" \/>\n\t<meta name=\"twitter:data1\" content=\"1\u00a0Minute\" \/>\n<script type=\"application\/ld+json\" class=\"yoast-schema-graph\">{\"@context\":\"https:\/\/schema.org\",\"@graph\":[{\"@type\":\"WebPage\",\"@id\":\"https:\/\/www.matts-guitar-shop.com\/de\/produit\/schecter-diamond-series-006-special-ex-the-cure\/\",\"url\":\"https:\/\/www.matts-guitar-shop.com\/de\/produit\/schecter-diamond-series-006-special-ex-the-cure\/\",\"name\":\"Schecter Diamond series 006 special ex The Cure - Matt&#039;s Guitar Shop\",\"isPartOf\":{\"@id\":\"https:\/\/www.matts-guitar-shop.com\/de\/#website\"},\"primaryImageOfPage\":{\"@id\":\"https:\/\/www.matts-guitar-shop.com\/de\/produit\/schecter-diamond-series-006-special-ex-the-cure\/#primaryimage\"},\"image\":{\"@id\":\"https:\/\/www.matts-guitar-shop.com\/de\/produit\/schecter-diamond-series-006-special-ex-the-cure\/#primaryimage\"},\"thumbnailUrl\":\"https:\/\/www.matts-guitar-shop.com\/wp-content\/uploads\/2026\/04\/Schecter-Diamond-Series-006-Special-Ex-The-Cure-01.jpg\",\"datePublished\":\"2026-04-07T17:47:17+00:00\",\"dateModified\":\"2026-04-07T17:54:50+00:00\",\"breadcrumb\":{\"@id\":\"https:\/\/www.matts-guitar-shop.com\/de\/produit\/schecter-diamond-series-006-special-ex-the-cure\/#breadcrumb\"},\"inLanguage\":\"de\",\"potentialAction\":[{\"@type\":\"ReadAction\",\"target\":[\"https:\/\/www.matts-guitar-shop.com\/de\/produit\/schecter-diamond-series-006-special-ex-the-cure\/\"]}]},{\"@type\":\"ImageObject\",\"inLanguage\":\"de\",\"@id\":\"https:\/\/www.matts-guitar-shop.com\/de\/produit\/schecter-diamond-series-006-special-ex-the-cure\/#primaryimage\",\"url\":\"https:\/\/www.matts-guitar-shop.com\/wp-content\/uploads\/2026\/04\/Schecter-Diamond-Series-006-Special-Ex-The-Cure-01.jpg\",\"contentUrl\":\"https:\/\/www.matts-guitar-shop.com\/wp-content\/uploads\/2026\/04\/Schecter-Diamond-Series-006-Special-Ex-The-Cure-01.jpg\",\"width\":800,\"height\":1200},{\"@type\":\"BreadcrumbList\",\"@id\":\"https:\/\/www.matts-guitar-shop.com\/de\/produit\/schecter-diamond-series-006-special-ex-the-cure\/#breadcrumb\",\"itemListElement\":[{\"@type\":\"ListItem\",\"position\":1,\"name\":\"Startseite\",\"item\":\"https:\/\/www.matts-guitar-shop.com\/de\/\"},{\"@type\":\"ListItem\",\"position\":2,\"name\":\"Shop\",\"item\":\"https:\/\/www.matts-guitar-shop.com\/de\/shop\/\"},{\"@type\":\"ListItem\",\"position\":3,\"name\":\"Schecter Diamond series 006 special ex The Cure\"}]},{\"@type\":\"WebSite\",\"@id\":\"https:\/\/www.matts-guitar-shop.com\/de\/#website\",\"url\":\"https:\/\/www.matts-guitar-shop.com\/de\/\",\"name\":\"matts-guitar-shop.com\",\"description\":\"Guitar Shop\",\"publisher\":{\"@id\":\"https:\/\/www.matts-guitar-shop.com\/de\/#organization\"},\"potentialAction\":[{\"@type\":\"SearchAction\",\"target\":{\"@type\":\"EntryPoint\",\"urlTemplate\":\"https:\/\/www.matts-guitar-shop.com\/de\/?s={search_term_string}\"},\"query-input\":{\"@type\":\"PropertyValueSpecification\",\"valueRequired\":true,\"valueName\":\"search_term_string\"}}],\"inLanguage\":\"de\"},{\"@type\":\"Organization\",\"@id\":\"https:\/\/www.matts-guitar-shop.com\/de\/#organization\",\"name\":\"matts-guitar-shop.com\",\"url\":\"https:\/\/www.matts-guitar-shop.com\/de\/\",\"logo\":{\"@type\":\"ImageObject\",\"inLanguage\":\"de\",\"@id\":\"https:\/\/www.matts-guitar-shop.com\/de\/#\/schema\/logo\/image\/\",\"url\":\"https:\/\/www.matts-guitar-shop.com\/wp-content\/uploads\/2024\/09\/MGS-logo-site-02.png\",\"contentUrl\":\"https:\/\/www.matts-guitar-shop.com\/wp-content\/uploads\/2024\/09\/MGS-logo-site-02.png\",\"width\":200,\"height\":122,\"caption\":\"matts-guitar-shop.com\"},\"image\":{\"@id\":\"https:\/\/www.matts-guitar-shop.com\/de\/#\/schema\/logo\/image\/\"},\"sameAs\":[\"https:\/\/www.facebook.com\/profile.php?id=100044359842817\",\"https:\/\/www.instagram.com\/mattsguitarshop\/\",\"https:\/\/www.youtube.com\/@MattLucasMan\/videos\"]}]}<\/script>\n<!-- \/ Yoast SEO plugin. -->","yoast_head_json":{"title":"Schecter Diamond series 006 special ex The Cure - Matt&#039;s Guitar Shop","robots":{"index":"index","follow":"follow","max-snippet":"max-snippet:-1","max-image-preview":"max-image-preview:large","max-video-preview":"max-video-preview:-1"},"canonical":"https:\/\/www.matts-guitar-shop.com\/de\/produit\/schecter-diamond-series-006-special-ex-the-cure\/","og_locale":"de_DE","og_type":"article","og_title":"Schecter Diamond series 006 special ex The Cure - Matt&#039;s Guitar Shop","og_description":"Cette Schecter Diamond Series 006 Special est un objet de collection impr\u00e9gn\u00e9 des esth\u00e9tiques gothique et post-punk. Issue de l'entourage technique du groupe mythique The Cure, elle b\u00e9n\u00e9ficie d'un pedigree prestigieux. Son allure, marqu\u00e9e par un blanc pur qui contraste avec des incrustations de touche en blocs et des composants chrom\u00e9s, refl\u00e8te l'identit\u00e9 visuelle raffin\u00e9e de la formation. Dot\u00e9e de deux micros \u00e0 double bobinage et d'un cordier arborant le \"S\" distinctif de la marque, elle permet de passer avec aisance de sonorit\u00e9s a\u00e9riennes \u00e0 des saturations denses.  Bien plus qu'un outil de performance, cet instrument repr\u00e9sente un fragment d'histoire pour les admirateurs du groupe ou les passionn\u00e9s de guitares au caract\u00e8re affirm\u00e9.","og_url":"https:\/\/www.matts-guitar-shop.com\/de\/produit\/schecter-diamond-series-006-special-ex-the-cure\/","og_site_name":"Matt&#039;s Guitar Shop","article_publisher":"https:\/\/www.facebook.com\/profile.php?id=100044359842817","article_modified_time":"2026-04-07T17:54:50+00:00","og_image":[{"width":800,"height":1200,"url":"https:\/\/www.matts-guitar-shop.com\/wp-content\/uploads\/2026\/04\/Schecter-Diamond-Series-006-Special-Ex-The-Cure-01.jpg","type":"image\/jpeg"}],"twitter_card":"summary_large_image","twitter_misc":{"Gesch\u00e4tzte Lesezeit":"1\u00a0Minute"},"schema":{"@context":"https:\/\/schema.org","@graph":[{"@type":"WebPage","@id":"https:\/\/www.matts-guitar-shop.com\/de\/produit\/schecter-diamond-series-006-special-ex-the-cure\/","url":"https:\/\/www.matts-guitar-shop.com\/de\/produit\/schecter-diamond-series-006-special-ex-the-cure\/","name":"Schecter Diamond series 006 special ex The Cure - Matt&#039;s Guitar Shop","isPartOf":{"@id":"https:\/\/www.matts-guitar-shop.com\/de\/#website"},"primaryImageOfPage":{"@id":"https:\/\/www.matts-guitar-shop.com\/de\/produit\/schecter-diamond-series-006-special-ex-the-cure\/#primaryimage"},"image":{"@id":"https:\/\/www.matts-guitar-shop.com\/de\/produit\/schecter-diamond-series-006-special-ex-the-cure\/#primaryimage"},"thumbnailUrl":"https:\/\/www.matts-guitar-shop.com\/wp-content\/uploads\/2026\/04\/Schecter-Diamond-Series-006-Special-Ex-The-Cure-01.jpg","datePublished":"2026-04-07T17:47:17+00:00","dateModified":"2026-04-07T17:54:50+00:00","breadcrumb":{"@id":"https:\/\/www.matts-guitar-shop.com\/de\/produit\/schecter-diamond-series-006-special-ex-the-cure\/#breadcrumb"},"inLanguage":"de","potentialAction":[{"@type":"ReadAction","target":["https:\/\/www.matts-guitar-shop.com\/de\/produit\/schecter-diamond-series-006-special-ex-the-cure\/"]}]},{"@type":"ImageObject","inLanguage":"de","@id":"https:\/\/www.matts-guitar-shop.com\/de\/produit\/schecter-diamond-series-006-special-ex-the-cure\/#primaryimage","url":"https:\/\/www.matts-guitar-shop.com\/wp-content\/uploads\/2026\/04\/Schecter-Diamond-Series-006-Special-Ex-The-Cure-01.jpg","contentUrl":"https:\/\/www.matts-guitar-shop.com\/wp-content\/uploads\/2026\/04\/Schecter-Diamond-Series-006-Special-Ex-The-Cure-01.jpg","width":800,"height":1200},{"@type":"BreadcrumbList","@id":"https:\/\/www.matts-guitar-shop.com\/de\/produit\/schecter-diamond-series-006-special-ex-the-cure\/#breadcrumb","itemListElement":[{"@type":"ListItem","position":1,"name":"Startseite","item":"https:\/\/www.matts-guitar-shop.com\/de\/"},{"@type":"ListItem","position":2,"name":"Shop","item":"https:\/\/www.matts-guitar-shop.com\/de\/shop\/"},{"@type":"ListItem","position":3,"name":"Schecter Diamond series 006 special ex The Cure"}]},{"@type":"WebSite","@id":"https:\/\/www.matts-guitar-shop.com\/de\/#website","url":"https:\/\/www.matts-guitar-shop.com\/de\/","name":"matts-guitar-shop.com","description":"Guitar Shop","publisher":{"@id":"https:\/\/www.matts-guitar-shop.com\/de\/#organization"},"potentialAction":[{"@type":"SearchAction","target":{"@type":"EntryPoint","urlTemplate":"https:\/\/www.matts-guitar-shop.com\/de\/?s={search_term_string}"},"query-input":{"@type":"PropertyValueSpecification","valueRequired":true,"valueName":"search_term_string"}}],"inLanguage":"de"},{"@type":"Organization","@id":"https:\/\/www.matts-guitar-shop.com\/de\/#organization","name":"matts-guitar-shop.com","url":"https:\/\/www.matts-guitar-shop.com\/de\/","logo":{"@type":"ImageObject","inLanguage":"de","@id":"https:\/\/www.matts-guitar-shop.com\/de\/#\/schema\/logo\/image\/","url":"https:\/\/www.matts-guitar-shop.com\/wp-content\/uploads\/2024\/09\/MGS-logo-site-02.png","contentUrl":"https:\/\/www.matts-guitar-shop.com\/wp-content\/uploads\/2024\/09\/MGS-logo-site-02.png","width":200,"height":122,"caption":"matts-guitar-shop.com"},"image":{"@id":"https:\/\/www.matts-guitar-shop.com\/de\/#\/schema\/logo\/image\/"},"sameAs":["https:\/\/www.facebook.com\/profile.php?id=100044359842817","https:\/\/www.instagram.com\/mattsguitarshop\/","https:\/\/www.youtube.com\/@MattLucasMan\/videos"]}]}},"_links":{"self":[{"href":"https:\/\/www.matts-guitar-shop.com\/de\/wp-json\/wp\/v2\/product\/32772","targetHints":{"allow":["GET"]}}],"collection":[{"href":"https:\/\/www.matts-guitar-shop.com\/de\/wp-json\/wp\/v2\/product"}],"about":[{"href":"https:\/\/www.matts-guitar-shop.com\/de\/wp-json\/wp\/v2\/types\/product"}],"replies":[{"embeddable":true,"href":"https:\/\/www.matts-guitar-shop.com\/de\/wp-json\/wp\/v2\/comments?post=32772"}],"wp:featuredmedia":[{"embeddable":true,"href":"https:\/\/www.matts-guitar-shop.com\/de\/wp-json\/wp\/v2\/media\/32773"}],"wp:attachment":[{"href":"https:\/\/www.matts-guitar-shop.com\/de\/wp-json\/wp\/v2\/media?parent=32772"}],"wp:term":[{"taxonomy":"product_brand","embeddable":true,"href":"https:\/\/www.matts-guitar-shop.com\/de\/wp-json\/wp\/v2\/product_brand?post=32772"},{"taxonomy":"product_cat","embeddable":true,"href":"https:\/\/www.matts-guitar-shop.com\/de\/wp-json\/wp\/v2\/product_cat?post=32772"},{"taxonomy":"product_tag","embeddable":true,"href":"https:\/\/www.matts-guitar-shop.com\/de\/wp-json\/wp\/v2\/product_tag?post=32772"}],"curies":[{"name":"wp","href":"https:\/\/api.w.org\/{rel}","templated":true}]}}