{"id":32673,"date":"2026-04-07T16:01:18","date_gmt":"2026-04-07T14:01:18","guid":{"rendered":"https:\/\/www.matts-guitar-shop.com\/?post_type=product&#038;p=32673"},"modified":"2026-04-07T17:15:31","modified_gmt":"2026-04-07T15:15:31","slug":"fender-stratocaster-masterbuilt-lenny-srv","status":"publish","type":"product","link":"https:\/\/www.matts-guitar-shop.com\/de\/produit\/fender-stratocaster-masterbuilt-lenny-srv\/","title":{"rendered":"Fender Stratocaster Masterbuilt Lenny SRV"},"content":{"rendered":"","protected":false},"excerpt":{"rendered":"<p>Cette Fender Stratocaster Masterbuilt constitue la c\u00e9l\u00e9bration d\u00e9finitive de l&#8217;un des instruments les plus mythiques du blues. Il s&#8217;agit d&#8217;une reconstitution rigoureuse de \u00ab Lenny \u00bb, la guitare f\u00e9tiche offerte \u00e0 Stevie Ray Vaughan par son \u00e9pouse. Les ma\u00eetres luthiers du Custom Shop ont reproduit chaque particularit\u00e9 avec une exactitude extr\u00eame : de son vernis sombre et profond aux c\u00e9l\u00e8bres initiales \u00ab SRV \u00bb sur le pickguard, en passant par l&#8217;incrustation de style mandoline situ\u00e9e \u00e0 l&#8217;arri\u00e8re du chevalet.<\/p>\n<p>Au-del\u00e0 de son apparence, cet instrument restitue la r\u00e9sonance et la r\u00e9ponse dynamique si sp\u00e9cifiques qui ont forg\u00e9 le timbre clair et m\u00e9lodique de Stevie. Cette pi\u00e8ce magistrale, illustrant l&#8217;apog\u00e9e du savoir-faire de Fender, s&#8217;adresse aux musiciens pointus comme aux collectionneurs.<\/p>\n","protected":false},"featured_media":32674,"comment_status":"closed","ping_status":"closed","template":"","meta":{"_et_pb_use_builder":"","_et_pb_old_content":"","_et_gb_content_width":""},"product_brand":[],"product_cat":[123,152],"product_tag":[],"class_list":{"0":"post-32673","1":"product","2":"type-product","3":"status-publish","4":"has-post-thumbnail","6":"product_cat-guitares-electriques","7":"product_cat-guitares","8":"pa_disponibilite-en-vente","9":"pa_marque-fender","11":"first","12":"instock","13":"shipping-taxable","14":"purchasable","15":"product-type-simple"},"yoast_head":"<!-- This site is optimized with the Yoast SEO plugin v26.8 - https:\/\/yoast.com\/product\/yoast-seo-wordpress\/ -->\n<title>Fender Stratocaster Masterbuilt Lenny SRV - Matt&#039;s Guitar Shop<\/title>\n<meta name=\"robots\" content=\"index, follow, max-snippet:-1, max-image-preview:large, max-video-preview:-1\" \/>\n<link rel=\"canonical\" href=\"https:\/\/www.matts-guitar-shop.com\/de\/produit\/fender-stratocaster-masterbuilt-lenny-srv\/\" \/>\n<meta property=\"og:locale\" content=\"de_DE\" \/>\n<meta property=\"og:type\" content=\"article\" \/>\n<meta property=\"og:title\" content=\"Fender Stratocaster Masterbuilt Lenny SRV - Matt&#039;s Guitar Shop\" \/>\n<meta property=\"og:description\" content=\"Cette Fender Stratocaster Masterbuilt constitue la c\u00e9l\u00e9bration d\u00e9finitive de l&#039;un des instruments les plus mythiques du blues. Il s&#039;agit d&#039;une reconstitution rigoureuse de \u00ab Lenny \u00bb, la guitare f\u00e9tiche offerte \u00e0 Stevie Ray Vaughan par son \u00e9pouse. Les ma\u00eetres luthiers du Custom Shop ont reproduit chaque particularit\u00e9 avec une exactitude extr\u00eame : de son vernis sombre et profond aux c\u00e9l\u00e8bres initiales \u00ab SRV \u00bb sur le pickguard, en passant par l&#039;incrustation de style mandoline situ\u00e9e \u00e0 l&#039;arri\u00e8re du chevalet.  Au-del\u00e0 de son apparence, cet instrument restitue la r\u00e9sonance et la r\u00e9ponse dynamique si sp\u00e9cifiques qui ont forg\u00e9 le timbre clair et m\u00e9lodique de Stevie. Cette pi\u00e8ce magistrale, illustrant l&#039;apog\u00e9e du savoir-faire de Fender, s&#039;adresse aux musiciens pointus comme aux collectionneurs.\" \/>\n<meta property=\"og:url\" content=\"https:\/\/www.matts-guitar-shop.com\/de\/produit\/fender-stratocaster-masterbuilt-lenny-srv\/\" \/>\n<meta property=\"og:site_name\" content=\"Matt&#039;s Guitar Shop\" \/>\n<meta property=\"article:publisher\" content=\"https:\/\/www.facebook.com\/profile.php?id=100044359842817\" \/>\n<meta property=\"article:modified_time\" content=\"2026-04-07T15:15:31+00:00\" \/>\n<meta property=\"og:image\" content=\"https:\/\/www.matts-guitar-shop.com\/wp-content\/uploads\/2026\/04\/Fender-Stratocaster-Masterbuilt-Lenny-Srv-01.jpg\" \/>\n\t<meta property=\"og:image:width\" content=\"800\" \/>\n\t<meta property=\"og:image:height\" content=\"1200\" \/>\n\t<meta property=\"og:image:type\" content=\"image\/jpeg\" \/>\n<meta name=\"twitter:card\" content=\"summary_large_image\" \/>\n<meta name=\"twitter:label1\" content=\"Gesch\u00e4tzte Lesezeit\" \/>\n\t<meta name=\"twitter:data1\" content=\"1\u00a0Minute\" \/>\n<script type=\"application\/ld+json\" class=\"yoast-schema-graph\">{\"@context\":\"https:\/\/schema.org\",\"@graph\":[{\"@type\":\"WebPage\",\"@id\":\"https:\/\/www.matts-guitar-shop.com\/de\/produit\/fender-stratocaster-masterbuilt-lenny-srv\/\",\"url\":\"https:\/\/www.matts-guitar-shop.com\/de\/produit\/fender-stratocaster-masterbuilt-lenny-srv\/\",\"name\":\"Fender Stratocaster Masterbuilt Lenny SRV - Matt&#039;s Guitar Shop\",\"isPartOf\":{\"@id\":\"https:\/\/www.matts-guitar-shop.com\/de\/#website\"},\"primaryImageOfPage\":{\"@id\":\"https:\/\/www.matts-guitar-shop.com\/de\/produit\/fender-stratocaster-masterbuilt-lenny-srv\/#primaryimage\"},\"image\":{\"@id\":\"https:\/\/www.matts-guitar-shop.com\/de\/produit\/fender-stratocaster-masterbuilt-lenny-srv\/#primaryimage\"},\"thumbnailUrl\":\"https:\/\/www.matts-guitar-shop.com\/wp-content\/uploads\/2026\/04\/Fender-Stratocaster-Masterbuilt-Lenny-Srv-01.jpg\",\"datePublished\":\"2026-04-07T14:01:18+00:00\",\"dateModified\":\"2026-04-07T15:15:31+00:00\",\"breadcrumb\":{\"@id\":\"https:\/\/www.matts-guitar-shop.com\/de\/produit\/fender-stratocaster-masterbuilt-lenny-srv\/#breadcrumb\"},\"inLanguage\":\"de\",\"potentialAction\":[{\"@type\":\"ReadAction\",\"target\":[\"https:\/\/www.matts-guitar-shop.com\/de\/produit\/fender-stratocaster-masterbuilt-lenny-srv\/\"]}]},{\"@type\":\"ImageObject\",\"inLanguage\":\"de\",\"@id\":\"https:\/\/www.matts-guitar-shop.com\/de\/produit\/fender-stratocaster-masterbuilt-lenny-srv\/#primaryimage\",\"url\":\"https:\/\/www.matts-guitar-shop.com\/wp-content\/uploads\/2026\/04\/Fender-Stratocaster-Masterbuilt-Lenny-Srv-01.jpg\",\"contentUrl\":\"https:\/\/www.matts-guitar-shop.com\/wp-content\/uploads\/2026\/04\/Fender-Stratocaster-Masterbuilt-Lenny-Srv-01.jpg\",\"width\":800,\"height\":1200},{\"@type\":\"BreadcrumbList\",\"@id\":\"https:\/\/www.matts-guitar-shop.com\/de\/produit\/fender-stratocaster-masterbuilt-lenny-srv\/#breadcrumb\",\"itemListElement\":[{\"@type\":\"ListItem\",\"position\":1,\"name\":\"Startseite\",\"item\":\"https:\/\/www.matts-guitar-shop.com\/de\/\"},{\"@type\":\"ListItem\",\"position\":2,\"name\":\"Shop\",\"item\":\"https:\/\/www.matts-guitar-shop.com\/de\/shop\/\"},{\"@type\":\"ListItem\",\"position\":3,\"name\":\"Fender Stratocaster Masterbuilt Lenny SRV\"}]},{\"@type\":\"WebSite\",\"@id\":\"https:\/\/www.matts-guitar-shop.com\/de\/#website\",\"url\":\"https:\/\/www.matts-guitar-shop.com\/de\/\",\"name\":\"matts-guitar-shop.com\",\"description\":\"Guitar Shop\",\"publisher\":{\"@id\":\"https:\/\/www.matts-guitar-shop.com\/de\/#organization\"},\"potentialAction\":[{\"@type\":\"SearchAction\",\"target\":{\"@type\":\"EntryPoint\",\"urlTemplate\":\"https:\/\/www.matts-guitar-shop.com\/de\/?s={search_term_string}\"},\"query-input\":{\"@type\":\"PropertyValueSpecification\",\"valueRequired\":true,\"valueName\":\"search_term_string\"}}],\"inLanguage\":\"de\"},{\"@type\":\"Organization\",\"@id\":\"https:\/\/www.matts-guitar-shop.com\/de\/#organization\",\"name\":\"matts-guitar-shop.com\",\"url\":\"https:\/\/www.matts-guitar-shop.com\/de\/\",\"logo\":{\"@type\":\"ImageObject\",\"inLanguage\":\"de\",\"@id\":\"https:\/\/www.matts-guitar-shop.com\/de\/#\/schema\/logo\/image\/\",\"url\":\"https:\/\/www.matts-guitar-shop.com\/wp-content\/uploads\/2024\/09\/MGS-logo-site-02.png\",\"contentUrl\":\"https:\/\/www.matts-guitar-shop.com\/wp-content\/uploads\/2024\/09\/MGS-logo-site-02.png\",\"width\":200,\"height\":122,\"caption\":\"matts-guitar-shop.com\"},\"image\":{\"@id\":\"https:\/\/www.matts-guitar-shop.com\/de\/#\/schema\/logo\/image\/\"},\"sameAs\":[\"https:\/\/www.facebook.com\/profile.php?id=100044359842817\",\"https:\/\/www.instagram.com\/mattsguitarshop\/\",\"https:\/\/www.youtube.com\/@MattLucasMan\/videos\"]}]}<\/script>\n<!-- \/ Yoast SEO plugin. -->","yoast_head_json":{"title":"Fender Stratocaster Masterbuilt Lenny SRV - Matt&#039;s Guitar Shop","robots":{"index":"index","follow":"follow","max-snippet":"max-snippet:-1","max-image-preview":"max-image-preview:large","max-video-preview":"max-video-preview:-1"},"canonical":"https:\/\/www.matts-guitar-shop.com\/de\/produit\/fender-stratocaster-masterbuilt-lenny-srv\/","og_locale":"de_DE","og_type":"article","og_title":"Fender Stratocaster Masterbuilt Lenny SRV - Matt&#039;s Guitar Shop","og_description":"Cette Fender Stratocaster Masterbuilt constitue la c\u00e9l\u00e9bration d\u00e9finitive de l'un des instruments les plus mythiques du blues. Il s'agit d'une reconstitution rigoureuse de \u00ab Lenny \u00bb, la guitare f\u00e9tiche offerte \u00e0 Stevie Ray Vaughan par son \u00e9pouse. Les ma\u00eetres luthiers du Custom Shop ont reproduit chaque particularit\u00e9 avec une exactitude extr\u00eame : de son vernis sombre et profond aux c\u00e9l\u00e8bres initiales \u00ab SRV \u00bb sur le pickguard, en passant par l'incrustation de style mandoline situ\u00e9e \u00e0 l'arri\u00e8re du chevalet.  Au-del\u00e0 de son apparence, cet instrument restitue la r\u00e9sonance et la r\u00e9ponse dynamique si sp\u00e9cifiques qui ont forg\u00e9 le timbre clair et m\u00e9lodique de Stevie. Cette pi\u00e8ce magistrale, illustrant l'apog\u00e9e du savoir-faire de Fender, s'adresse aux musiciens pointus comme aux collectionneurs.","og_url":"https:\/\/www.matts-guitar-shop.com\/de\/produit\/fender-stratocaster-masterbuilt-lenny-srv\/","og_site_name":"Matt&#039;s Guitar Shop","article_publisher":"https:\/\/www.facebook.com\/profile.php?id=100044359842817","article_modified_time":"2026-04-07T15:15:31+00:00","og_image":[{"width":800,"height":1200,"url":"https:\/\/www.matts-guitar-shop.com\/wp-content\/uploads\/2026\/04\/Fender-Stratocaster-Masterbuilt-Lenny-Srv-01.jpg","type":"image\/jpeg"}],"twitter_card":"summary_large_image","twitter_misc":{"Gesch\u00e4tzte Lesezeit":"1\u00a0Minute"},"schema":{"@context":"https:\/\/schema.org","@graph":[{"@type":"WebPage","@id":"https:\/\/www.matts-guitar-shop.com\/de\/produit\/fender-stratocaster-masterbuilt-lenny-srv\/","url":"https:\/\/www.matts-guitar-shop.com\/de\/produit\/fender-stratocaster-masterbuilt-lenny-srv\/","name":"Fender Stratocaster Masterbuilt Lenny SRV - Matt&#039;s Guitar Shop","isPartOf":{"@id":"https:\/\/www.matts-guitar-shop.com\/de\/#website"},"primaryImageOfPage":{"@id":"https:\/\/www.matts-guitar-shop.com\/de\/produit\/fender-stratocaster-masterbuilt-lenny-srv\/#primaryimage"},"image":{"@id":"https:\/\/www.matts-guitar-shop.com\/de\/produit\/fender-stratocaster-masterbuilt-lenny-srv\/#primaryimage"},"thumbnailUrl":"https:\/\/www.matts-guitar-shop.com\/wp-content\/uploads\/2026\/04\/Fender-Stratocaster-Masterbuilt-Lenny-Srv-01.jpg","datePublished":"2026-04-07T14:01:18+00:00","dateModified":"2026-04-07T15:15:31+00:00","breadcrumb":{"@id":"https:\/\/www.matts-guitar-shop.com\/de\/produit\/fender-stratocaster-masterbuilt-lenny-srv\/#breadcrumb"},"inLanguage":"de","potentialAction":[{"@type":"ReadAction","target":["https:\/\/www.matts-guitar-shop.com\/de\/produit\/fender-stratocaster-masterbuilt-lenny-srv\/"]}]},{"@type":"ImageObject","inLanguage":"de","@id":"https:\/\/www.matts-guitar-shop.com\/de\/produit\/fender-stratocaster-masterbuilt-lenny-srv\/#primaryimage","url":"https:\/\/www.matts-guitar-shop.com\/wp-content\/uploads\/2026\/04\/Fender-Stratocaster-Masterbuilt-Lenny-Srv-01.jpg","contentUrl":"https:\/\/www.matts-guitar-shop.com\/wp-content\/uploads\/2026\/04\/Fender-Stratocaster-Masterbuilt-Lenny-Srv-01.jpg","width":800,"height":1200},{"@type":"BreadcrumbList","@id":"https:\/\/www.matts-guitar-shop.com\/de\/produit\/fender-stratocaster-masterbuilt-lenny-srv\/#breadcrumb","itemListElement":[{"@type":"ListItem","position":1,"name":"Startseite","item":"https:\/\/www.matts-guitar-shop.com\/de\/"},{"@type":"ListItem","position":2,"name":"Shop","item":"https:\/\/www.matts-guitar-shop.com\/de\/shop\/"},{"@type":"ListItem","position":3,"name":"Fender Stratocaster Masterbuilt Lenny SRV"}]},{"@type":"WebSite","@id":"https:\/\/www.matts-guitar-shop.com\/de\/#website","url":"https:\/\/www.matts-guitar-shop.com\/de\/","name":"matts-guitar-shop.com","description":"Guitar Shop","publisher":{"@id":"https:\/\/www.matts-guitar-shop.com\/de\/#organization"},"potentialAction":[{"@type":"SearchAction","target":{"@type":"EntryPoint","urlTemplate":"https:\/\/www.matts-guitar-shop.com\/de\/?s={search_term_string}"},"query-input":{"@type":"PropertyValueSpecification","valueRequired":true,"valueName":"search_term_string"}}],"inLanguage":"de"},{"@type":"Organization","@id":"https:\/\/www.matts-guitar-shop.com\/de\/#organization","name":"matts-guitar-shop.com","url":"https:\/\/www.matts-guitar-shop.com\/de\/","logo":{"@type":"ImageObject","inLanguage":"de","@id":"https:\/\/www.matts-guitar-shop.com\/de\/#\/schema\/logo\/image\/","url":"https:\/\/www.matts-guitar-shop.com\/wp-content\/uploads\/2024\/09\/MGS-logo-site-02.png","contentUrl":"https:\/\/www.matts-guitar-shop.com\/wp-content\/uploads\/2024\/09\/MGS-logo-site-02.png","width":200,"height":122,"caption":"matts-guitar-shop.com"},"image":{"@id":"https:\/\/www.matts-guitar-shop.com\/de\/#\/schema\/logo\/image\/"},"sameAs":["https:\/\/www.facebook.com\/profile.php?id=100044359842817","https:\/\/www.instagram.com\/mattsguitarshop\/","https:\/\/www.youtube.com\/@MattLucasMan\/videos"]}]}},"_links":{"self":[{"href":"https:\/\/www.matts-guitar-shop.com\/de\/wp-json\/wp\/v2\/product\/32673","targetHints":{"allow":["GET"]}}],"collection":[{"href":"https:\/\/www.matts-guitar-shop.com\/de\/wp-json\/wp\/v2\/product"}],"about":[{"href":"https:\/\/www.matts-guitar-shop.com\/de\/wp-json\/wp\/v2\/types\/product"}],"replies":[{"embeddable":true,"href":"https:\/\/www.matts-guitar-shop.com\/de\/wp-json\/wp\/v2\/comments?post=32673"}],"wp:featuredmedia":[{"embeddable":true,"href":"https:\/\/www.matts-guitar-shop.com\/de\/wp-json\/wp\/v2\/media\/32674"}],"wp:attachment":[{"href":"https:\/\/www.matts-guitar-shop.com\/de\/wp-json\/wp\/v2\/media?parent=32673"}],"wp:term":[{"taxonomy":"product_brand","embeddable":true,"href":"https:\/\/www.matts-guitar-shop.com\/de\/wp-json\/wp\/v2\/product_brand?post=32673"},{"taxonomy":"product_cat","embeddable":true,"href":"https:\/\/www.matts-guitar-shop.com\/de\/wp-json\/wp\/v2\/product_cat?post=32673"},{"taxonomy":"product_tag","embeddable":true,"href":"https:\/\/www.matts-guitar-shop.com\/de\/wp-json\/wp\/v2\/product_tag?post=32673"}],"curies":[{"name":"wp","href":"https:\/\/api.w.org\/{rel}","templated":true}]}}