{"id":32515,"date":"2026-04-07T00:18:44","date_gmt":"2026-04-06T22:18:44","guid":{"rendered":"https:\/\/www.matts-guitar-shop.com\/?post_type=product&#038;p=32515"},"modified":"2026-04-07T00:26:30","modified_gmt":"2026-04-06T22:26:30","slug":"gibson-les-paul-reissue-1958-aged-by-tom-murphy-ex-gary-moore","status":"publish","type":"product","link":"https:\/\/www.matts-guitar-shop.com\/de\/produit\/gibson-les-paul-reissue-1958-aged-by-tom-murphy-ex-gary-moore\/","title":{"rendered":"Gibson Les Paul reissue 1958 aged by Tom Murphy ex Gary Moore"},"content":{"rendered":"","protected":false},"excerpt":{"rendered":"<p>Cette r\u00e9\u00e9dition 1958 constitue le point de rencontre entre deux figures embl\u00e9matiques de l&#8217;histoire de la Gibson Les Paul. Provenant de la collection personnelle du c\u00e9l\u00e8bre Gary Moore, cet instrument d\u00e9passe le simple statut de guitare pour devenir une pi\u00e8ce de patrimoine. Elle b\u00e9n\u00e9ficie du travail m\u00e9ticuleux de Tom Murphy, expert mondialement reconnu du vieillissement artificiel, offrant une patine et un grain d&#8217;un r\u00e9alisme frappant.<\/p>\n<p>La guitare r\u00e9sonne avec la puissance et le sustain illimit\u00e9 qui caract\u00e9risaient le jeu volcanique du virtuose irlandais.<\/p>\n<p>Pour un passionn\u00e9, c&#8217;est une occasion exceptionnelle d&#8217;acqu\u00e9rir un fragment de l&#8217;histoire du blues-rock, conjuguant un pedigree historique \u00e0 une excellence artisanale absolue.<\/p>\n","protected":false},"featured_media":32516,"comment_status":"closed","ping_status":"closed","template":"","meta":{"_et_pb_use_builder":"","_et_pb_old_content":"","_et_gb_content_width":""},"product_brand":[],"product_cat":[123,82,152],"product_tag":[],"class_list":{"0":"post-32515","1":"product","2":"type-product","3":"status-publish","4":"has-post-thumbnail","6":"product_cat-guitares-electriques","7":"product_cat-artistes","8":"product_cat-guitares","9":"pa_artiste-gary-moore","10":"pa_disponibilite-en-vente","11":"pa_marque-gibson","13":"first","14":"instock","15":"shipping-taxable","16":"purchasable","17":"product-type-simple"},"yoast_head":"<!-- This site is optimized with the Yoast SEO plugin v26.8 - https:\/\/yoast.com\/product\/yoast-seo-wordpress\/ -->\n<title>Gibson Les Paul reissue 1958 aged by Tom Murphy ex Gary Moore - Matt&#039;s Guitar Shop<\/title>\n<meta name=\"robots\" content=\"index, follow, max-snippet:-1, max-image-preview:large, max-video-preview:-1\" \/>\n<link rel=\"canonical\" href=\"https:\/\/www.matts-guitar-shop.com\/de\/produit\/gibson-les-paul-reissue-1958-aged-by-tom-murphy-ex-gary-moore\/\" \/>\n<meta property=\"og:locale\" content=\"de_DE\" \/>\n<meta property=\"og:type\" content=\"article\" \/>\n<meta property=\"og:title\" content=\"Gibson Les Paul reissue 1958 aged by Tom Murphy ex Gary Moore - Matt&#039;s Guitar Shop\" \/>\n<meta property=\"og:description\" content=\"Cette r\u00e9\u00e9dition 1958 constitue le point de rencontre entre deux figures embl\u00e9matiques de l&#039;histoire de la Gibson Les Paul. Provenant de la collection personnelle du c\u00e9l\u00e8bre Gary Moore, cet instrument d\u00e9passe le simple statut de guitare pour devenir une pi\u00e8ce de patrimoine. Elle b\u00e9n\u00e9ficie du travail m\u00e9ticuleux de Tom Murphy, expert mondialement reconnu du vieillissement artificiel, offrant une patine et un grain d&#039;un r\u00e9alisme frappant.  La guitare r\u00e9sonne avec la puissance et le sustain illimit\u00e9 qui caract\u00e9risaient le jeu volcanique du virtuose irlandais.  Pour un passionn\u00e9, c&#039;est une occasion exceptionnelle d&#039;acqu\u00e9rir un fragment de l&#039;histoire du blues-rock, conjuguant un pedigree historique \u00e0 une excellence artisanale absolue.\" \/>\n<meta property=\"og:url\" content=\"https:\/\/www.matts-guitar-shop.com\/de\/produit\/gibson-les-paul-reissue-1958-aged-by-tom-murphy-ex-gary-moore\/\" \/>\n<meta property=\"og:site_name\" content=\"Matt&#039;s Guitar Shop\" \/>\n<meta property=\"article:publisher\" content=\"https:\/\/www.facebook.com\/profile.php?id=100044359842817\" \/>\n<meta property=\"article:modified_time\" content=\"2026-04-06T22:26:30+00:00\" \/>\n<meta property=\"og:image\" content=\"https:\/\/www.matts-guitar-shop.com\/wp-content\/uploads\/2026\/04\/Gibson-Les-Paul-Reissue-1958-Aged-By-Tom-Murphy-Ex-Gary-Moore-Collection-01.jpg\" \/>\n\t<meta property=\"og:image:width\" content=\"800\" \/>\n\t<meta property=\"og:image:height\" content=\"1200\" \/>\n\t<meta property=\"og:image:type\" content=\"image\/jpeg\" \/>\n<meta name=\"twitter:card\" content=\"summary_large_image\" \/>\n<meta name=\"twitter:label1\" content=\"Gesch\u00e4tzte Lesezeit\" \/>\n\t<meta name=\"twitter:data1\" content=\"1\u00a0Minute\" \/>\n<script type=\"application\/ld+json\" class=\"yoast-schema-graph\">{\"@context\":\"https:\/\/schema.org\",\"@graph\":[{\"@type\":\"WebPage\",\"@id\":\"https:\/\/www.matts-guitar-shop.com\/de\/produit\/gibson-les-paul-reissue-1958-aged-by-tom-murphy-ex-gary-moore\/\",\"url\":\"https:\/\/www.matts-guitar-shop.com\/de\/produit\/gibson-les-paul-reissue-1958-aged-by-tom-murphy-ex-gary-moore\/\",\"name\":\"Gibson Les Paul reissue 1958 aged by Tom Murphy ex Gary Moore - Matt&#039;s Guitar Shop\",\"isPartOf\":{\"@id\":\"https:\/\/www.matts-guitar-shop.com\/de\/#website\"},\"primaryImageOfPage\":{\"@id\":\"https:\/\/www.matts-guitar-shop.com\/de\/produit\/gibson-les-paul-reissue-1958-aged-by-tom-murphy-ex-gary-moore\/#primaryimage\"},\"image\":{\"@id\":\"https:\/\/www.matts-guitar-shop.com\/de\/produit\/gibson-les-paul-reissue-1958-aged-by-tom-murphy-ex-gary-moore\/#primaryimage\"},\"thumbnailUrl\":\"https:\/\/www.matts-guitar-shop.com\/wp-content\/uploads\/2026\/04\/Gibson-Les-Paul-Reissue-1958-Aged-By-Tom-Murphy-Ex-Gary-Moore-Collection-01.jpg\",\"datePublished\":\"2026-04-06T22:18:44+00:00\",\"dateModified\":\"2026-04-06T22:26:30+00:00\",\"breadcrumb\":{\"@id\":\"https:\/\/www.matts-guitar-shop.com\/de\/produit\/gibson-les-paul-reissue-1958-aged-by-tom-murphy-ex-gary-moore\/#breadcrumb\"},\"inLanguage\":\"de\",\"potentialAction\":[{\"@type\":\"ReadAction\",\"target\":[\"https:\/\/www.matts-guitar-shop.com\/de\/produit\/gibson-les-paul-reissue-1958-aged-by-tom-murphy-ex-gary-moore\/\"]}]},{\"@type\":\"ImageObject\",\"inLanguage\":\"de\",\"@id\":\"https:\/\/www.matts-guitar-shop.com\/de\/produit\/gibson-les-paul-reissue-1958-aged-by-tom-murphy-ex-gary-moore\/#primaryimage\",\"url\":\"https:\/\/www.matts-guitar-shop.com\/wp-content\/uploads\/2026\/04\/Gibson-Les-Paul-Reissue-1958-Aged-By-Tom-Murphy-Ex-Gary-Moore-Collection-01.jpg\",\"contentUrl\":\"https:\/\/www.matts-guitar-shop.com\/wp-content\/uploads\/2026\/04\/Gibson-Les-Paul-Reissue-1958-Aged-By-Tom-Murphy-Ex-Gary-Moore-Collection-01.jpg\",\"width\":800,\"height\":1200},{\"@type\":\"BreadcrumbList\",\"@id\":\"https:\/\/www.matts-guitar-shop.com\/de\/produit\/gibson-les-paul-reissue-1958-aged-by-tom-murphy-ex-gary-moore\/#breadcrumb\",\"itemListElement\":[{\"@type\":\"ListItem\",\"position\":1,\"name\":\"Startseite\",\"item\":\"https:\/\/www.matts-guitar-shop.com\/de\/\"},{\"@type\":\"ListItem\",\"position\":2,\"name\":\"Shop\",\"item\":\"https:\/\/www.matts-guitar-shop.com\/de\/shop\/\"},{\"@type\":\"ListItem\",\"position\":3,\"name\":\"Gibson Les Paul reissue 1958 aged by Tom Murphy ex Gary Moore\"}]},{\"@type\":\"WebSite\",\"@id\":\"https:\/\/www.matts-guitar-shop.com\/de\/#website\",\"url\":\"https:\/\/www.matts-guitar-shop.com\/de\/\",\"name\":\"matts-guitar-shop.com\",\"description\":\"Guitar Shop\",\"publisher\":{\"@id\":\"https:\/\/www.matts-guitar-shop.com\/de\/#organization\"},\"potentialAction\":[{\"@type\":\"SearchAction\",\"target\":{\"@type\":\"EntryPoint\",\"urlTemplate\":\"https:\/\/www.matts-guitar-shop.com\/de\/?s={search_term_string}\"},\"query-input\":{\"@type\":\"PropertyValueSpecification\",\"valueRequired\":true,\"valueName\":\"search_term_string\"}}],\"inLanguage\":\"de\"},{\"@type\":\"Organization\",\"@id\":\"https:\/\/www.matts-guitar-shop.com\/de\/#organization\",\"name\":\"matts-guitar-shop.com\",\"url\":\"https:\/\/www.matts-guitar-shop.com\/de\/\",\"logo\":{\"@type\":\"ImageObject\",\"inLanguage\":\"de\",\"@id\":\"https:\/\/www.matts-guitar-shop.com\/de\/#\/schema\/logo\/image\/\",\"url\":\"https:\/\/www.matts-guitar-shop.com\/wp-content\/uploads\/2024\/09\/MGS-logo-site-02.png\",\"contentUrl\":\"https:\/\/www.matts-guitar-shop.com\/wp-content\/uploads\/2024\/09\/MGS-logo-site-02.png\",\"width\":200,\"height\":122,\"caption\":\"matts-guitar-shop.com\"},\"image\":{\"@id\":\"https:\/\/www.matts-guitar-shop.com\/de\/#\/schema\/logo\/image\/\"},\"sameAs\":[\"https:\/\/www.facebook.com\/profile.php?id=100044359842817\",\"https:\/\/www.instagram.com\/mattsguitarshop\/\",\"https:\/\/www.youtube.com\/@MattLucasMan\/videos\"]}]}<\/script>\n<!-- \/ Yoast SEO plugin. -->","yoast_head_json":{"title":"Gibson Les Paul reissue 1958 aged by Tom Murphy ex Gary Moore - Matt&#039;s Guitar Shop","robots":{"index":"index","follow":"follow","max-snippet":"max-snippet:-1","max-image-preview":"max-image-preview:large","max-video-preview":"max-video-preview:-1"},"canonical":"https:\/\/www.matts-guitar-shop.com\/de\/produit\/gibson-les-paul-reissue-1958-aged-by-tom-murphy-ex-gary-moore\/","og_locale":"de_DE","og_type":"article","og_title":"Gibson Les Paul reissue 1958 aged by Tom Murphy ex Gary Moore - Matt&#039;s Guitar Shop","og_description":"Cette r\u00e9\u00e9dition 1958 constitue le point de rencontre entre deux figures embl\u00e9matiques de l'histoire de la Gibson Les Paul. Provenant de la collection personnelle du c\u00e9l\u00e8bre Gary Moore, cet instrument d\u00e9passe le simple statut de guitare pour devenir une pi\u00e8ce de patrimoine. Elle b\u00e9n\u00e9ficie du travail m\u00e9ticuleux de Tom Murphy, expert mondialement reconnu du vieillissement artificiel, offrant une patine et un grain d'un r\u00e9alisme frappant.  La guitare r\u00e9sonne avec la puissance et le sustain illimit\u00e9 qui caract\u00e9risaient le jeu volcanique du virtuose irlandais.  Pour un passionn\u00e9, c'est une occasion exceptionnelle d'acqu\u00e9rir un fragment de l'histoire du blues-rock, conjuguant un pedigree historique \u00e0 une excellence artisanale absolue.","og_url":"https:\/\/www.matts-guitar-shop.com\/de\/produit\/gibson-les-paul-reissue-1958-aged-by-tom-murphy-ex-gary-moore\/","og_site_name":"Matt&#039;s Guitar Shop","article_publisher":"https:\/\/www.facebook.com\/profile.php?id=100044359842817","article_modified_time":"2026-04-06T22:26:30+00:00","og_image":[{"width":800,"height":1200,"url":"https:\/\/www.matts-guitar-shop.com\/wp-content\/uploads\/2026\/04\/Gibson-Les-Paul-Reissue-1958-Aged-By-Tom-Murphy-Ex-Gary-Moore-Collection-01.jpg","type":"image\/jpeg"}],"twitter_card":"summary_large_image","twitter_misc":{"Gesch\u00e4tzte Lesezeit":"1\u00a0Minute"},"schema":{"@context":"https:\/\/schema.org","@graph":[{"@type":"WebPage","@id":"https:\/\/www.matts-guitar-shop.com\/de\/produit\/gibson-les-paul-reissue-1958-aged-by-tom-murphy-ex-gary-moore\/","url":"https:\/\/www.matts-guitar-shop.com\/de\/produit\/gibson-les-paul-reissue-1958-aged-by-tom-murphy-ex-gary-moore\/","name":"Gibson Les Paul reissue 1958 aged by Tom Murphy ex Gary Moore - Matt&#039;s Guitar Shop","isPartOf":{"@id":"https:\/\/www.matts-guitar-shop.com\/de\/#website"},"primaryImageOfPage":{"@id":"https:\/\/www.matts-guitar-shop.com\/de\/produit\/gibson-les-paul-reissue-1958-aged-by-tom-murphy-ex-gary-moore\/#primaryimage"},"image":{"@id":"https:\/\/www.matts-guitar-shop.com\/de\/produit\/gibson-les-paul-reissue-1958-aged-by-tom-murphy-ex-gary-moore\/#primaryimage"},"thumbnailUrl":"https:\/\/www.matts-guitar-shop.com\/wp-content\/uploads\/2026\/04\/Gibson-Les-Paul-Reissue-1958-Aged-By-Tom-Murphy-Ex-Gary-Moore-Collection-01.jpg","datePublished":"2026-04-06T22:18:44+00:00","dateModified":"2026-04-06T22:26:30+00:00","breadcrumb":{"@id":"https:\/\/www.matts-guitar-shop.com\/de\/produit\/gibson-les-paul-reissue-1958-aged-by-tom-murphy-ex-gary-moore\/#breadcrumb"},"inLanguage":"de","potentialAction":[{"@type":"ReadAction","target":["https:\/\/www.matts-guitar-shop.com\/de\/produit\/gibson-les-paul-reissue-1958-aged-by-tom-murphy-ex-gary-moore\/"]}]},{"@type":"ImageObject","inLanguage":"de","@id":"https:\/\/www.matts-guitar-shop.com\/de\/produit\/gibson-les-paul-reissue-1958-aged-by-tom-murphy-ex-gary-moore\/#primaryimage","url":"https:\/\/www.matts-guitar-shop.com\/wp-content\/uploads\/2026\/04\/Gibson-Les-Paul-Reissue-1958-Aged-By-Tom-Murphy-Ex-Gary-Moore-Collection-01.jpg","contentUrl":"https:\/\/www.matts-guitar-shop.com\/wp-content\/uploads\/2026\/04\/Gibson-Les-Paul-Reissue-1958-Aged-By-Tom-Murphy-Ex-Gary-Moore-Collection-01.jpg","width":800,"height":1200},{"@type":"BreadcrumbList","@id":"https:\/\/www.matts-guitar-shop.com\/de\/produit\/gibson-les-paul-reissue-1958-aged-by-tom-murphy-ex-gary-moore\/#breadcrumb","itemListElement":[{"@type":"ListItem","position":1,"name":"Startseite","item":"https:\/\/www.matts-guitar-shop.com\/de\/"},{"@type":"ListItem","position":2,"name":"Shop","item":"https:\/\/www.matts-guitar-shop.com\/de\/shop\/"},{"@type":"ListItem","position":3,"name":"Gibson Les Paul reissue 1958 aged by Tom Murphy ex Gary Moore"}]},{"@type":"WebSite","@id":"https:\/\/www.matts-guitar-shop.com\/de\/#website","url":"https:\/\/www.matts-guitar-shop.com\/de\/","name":"matts-guitar-shop.com","description":"Guitar Shop","publisher":{"@id":"https:\/\/www.matts-guitar-shop.com\/de\/#organization"},"potentialAction":[{"@type":"SearchAction","target":{"@type":"EntryPoint","urlTemplate":"https:\/\/www.matts-guitar-shop.com\/de\/?s={search_term_string}"},"query-input":{"@type":"PropertyValueSpecification","valueRequired":true,"valueName":"search_term_string"}}],"inLanguage":"de"},{"@type":"Organization","@id":"https:\/\/www.matts-guitar-shop.com\/de\/#organization","name":"matts-guitar-shop.com","url":"https:\/\/www.matts-guitar-shop.com\/de\/","logo":{"@type":"ImageObject","inLanguage":"de","@id":"https:\/\/www.matts-guitar-shop.com\/de\/#\/schema\/logo\/image\/","url":"https:\/\/www.matts-guitar-shop.com\/wp-content\/uploads\/2024\/09\/MGS-logo-site-02.png","contentUrl":"https:\/\/www.matts-guitar-shop.com\/wp-content\/uploads\/2024\/09\/MGS-logo-site-02.png","width":200,"height":122,"caption":"matts-guitar-shop.com"},"image":{"@id":"https:\/\/www.matts-guitar-shop.com\/de\/#\/schema\/logo\/image\/"},"sameAs":["https:\/\/www.facebook.com\/profile.php?id=100044359842817","https:\/\/www.instagram.com\/mattsguitarshop\/","https:\/\/www.youtube.com\/@MattLucasMan\/videos"]}]}},"_links":{"self":[{"href":"https:\/\/www.matts-guitar-shop.com\/de\/wp-json\/wp\/v2\/product\/32515","targetHints":{"allow":["GET"]}}],"collection":[{"href":"https:\/\/www.matts-guitar-shop.com\/de\/wp-json\/wp\/v2\/product"}],"about":[{"href":"https:\/\/www.matts-guitar-shop.com\/de\/wp-json\/wp\/v2\/types\/product"}],"replies":[{"embeddable":true,"href":"https:\/\/www.matts-guitar-shop.com\/de\/wp-json\/wp\/v2\/comments?post=32515"}],"wp:featuredmedia":[{"embeddable":true,"href":"https:\/\/www.matts-guitar-shop.com\/de\/wp-json\/wp\/v2\/media\/32516"}],"wp:attachment":[{"href":"https:\/\/www.matts-guitar-shop.com\/de\/wp-json\/wp\/v2\/media?parent=32515"}],"wp:term":[{"taxonomy":"product_brand","embeddable":true,"href":"https:\/\/www.matts-guitar-shop.com\/de\/wp-json\/wp\/v2\/product_brand?post=32515"},{"taxonomy":"product_cat","embeddable":true,"href":"https:\/\/www.matts-guitar-shop.com\/de\/wp-json\/wp\/v2\/product_cat?post=32515"},{"taxonomy":"product_tag","embeddable":true,"href":"https:\/\/www.matts-guitar-shop.com\/de\/wp-json\/wp\/v2\/product_tag?post=32515"}],"curies":[{"name":"wp","href":"https:\/\/api.w.org\/{rel}","templated":true}]}}