{"id":32223,"date":"2026-04-06T20:56:46","date_gmt":"2026-04-06T18:56:46","guid":{"rendered":"https:\/\/www.matts-guitar-shop.com\/?post_type=product&#038;p=32223"},"modified":"2026-04-06T21:25:26","modified_gmt":"2026-04-06T19:25:26","slug":"fender-stratocaster-eric-clapton-crash-crossroads-edition-2","status":"publish","type":"product","link":"https:\/\/www.matts-guitar-shop.com\/de\/produit\/fender-stratocaster-eric-clapton-crash-crossroads-edition-2\/","title":{"rendered":"Fender Stratocaster Eric Clapton Crash Crossroads Edition"},"content":{"rendered":"","protected":false},"excerpt":{"rendered":"<p>Cette Fender Stratocaster Eric Clapton &#8222;Crash&#8220; Crossroads Edition est une \u0153uvre d&#8217;art autant qu&#8217;un instrument d&#8217;exception. Issue d&#8217;une s\u00e9rie limit\u00e9e tr\u00e8s pris\u00e9e, elle arbore une finition graphique spectaculaire r\u00e9alis\u00e9e par l&#8217;artiste Crash, c\u00e9l\u00e8bre pour ses collaborations avec &#8222;Slowhand&#8220;.<\/p>\n<p>Con\u00e7ue selon les sp\u00e9cifications pr\u00e9cises de Clapton, elle int\u00e8gre des micros Vintage Noiseless et un boost de m\u00e9diums actif, offrant une palette sonore allant du blues cristallin aux saturations les plus denses. Avec son ergonomie parfaite et son look iconique, cette guitare c\u00e9l\u00e8bre l&#8217;un des partenariats les plus marquants de l&#8217;histoire du rock et de l&#8217;art contemporain.<\/p>\n","protected":false},"featured_media":32278,"comment_status":"closed","ping_status":"closed","template":"","meta":{"_et_pb_use_builder":"on","_et_pb_old_content":"","_et_gb_content_width":""},"product_brand":[],"product_cat":[123,82,152],"product_tag":[],"class_list":{"0":"post-32223","1":"product","2":"type-product","3":"status-publish","4":"has-post-thumbnail","6":"product_cat-guitares-electriques","7":"product_cat-artistes","8":"product_cat-guitares","9":"pa_artiste-eric-clapton","10":"pa_disponibilite-en-vente","11":"pa_marque-fender","13":"first","14":"instock","15":"shipping-taxable","16":"purchasable","17":"product-type-simple"},"yoast_head":"<!-- This site is optimized with the Yoast SEO plugin v26.8 - https:\/\/yoast.com\/product\/yoast-seo-wordpress\/ -->\n<title>Fender Stratocaster Eric Clapton Crash Crossroads Edition - Matt&#039;s Guitar Shop<\/title>\n<meta name=\"robots\" content=\"index, follow, max-snippet:-1, max-image-preview:large, max-video-preview:-1\" \/>\n<link rel=\"canonical\" href=\"https:\/\/www.matts-guitar-shop.com\/de\/produit\/fender-stratocaster-eric-clapton-crash-crossroads-edition-2\/\" \/>\n<meta property=\"og:locale\" content=\"de_DE\" \/>\n<meta property=\"og:type\" content=\"article\" \/>\n<meta property=\"og:title\" content=\"Fender Stratocaster Eric Clapton Crash Crossroads Edition - Matt&#039;s Guitar Shop\" \/>\n<meta property=\"og:description\" content=\"Cette Fender Stratocaster Eric Clapton &quot;Crash&quot; Crossroads Edition est une \u0153uvre d&#039;art autant qu&#039;un instrument d&#039;exception. Issue d&#039;une s\u00e9rie limit\u00e9e tr\u00e8s pris\u00e9e, elle arbore une finition graphique spectaculaire r\u00e9alis\u00e9e par l&#039;artiste Crash, c\u00e9l\u00e8bre pour ses collaborations avec &quot;Slowhand&quot;.  Con\u00e7ue selon les sp\u00e9cifications pr\u00e9cises de Clapton, elle int\u00e8gre des micros Vintage Noiseless et un boost de m\u00e9diums actif, offrant une palette sonore allant du blues cristallin aux saturations les plus denses. Avec son ergonomie parfaite et son look iconique, cette guitare c\u00e9l\u00e8bre l&#039;un des partenariats les plus marquants de l&#039;histoire du rock et de l&#039;art contemporain.\" \/>\n<meta property=\"og:url\" content=\"https:\/\/www.matts-guitar-shop.com\/de\/produit\/fender-stratocaster-eric-clapton-crash-crossroads-edition-2\/\" \/>\n<meta property=\"og:site_name\" content=\"Matt&#039;s Guitar Shop\" \/>\n<meta property=\"article:publisher\" content=\"https:\/\/www.facebook.com\/profile.php?id=100044359842817\" \/>\n<meta property=\"article:modified_time\" content=\"2026-04-06T19:25:26+00:00\" \/>\n<meta property=\"og:image\" content=\"https:\/\/www.matts-guitar-shop.com\/wp-content\/uploads\/2026\/04\/Fender-Stratocaster-Eric-Clapton-Crash-Crossroads-Edition-03.jpg\" \/>\n\t<meta property=\"og:image:width\" content=\"800\" \/>\n\t<meta property=\"og:image:height\" content=\"1200\" \/>\n\t<meta property=\"og:image:type\" content=\"image\/jpeg\" \/>\n<meta name=\"twitter:card\" content=\"summary_large_image\" \/>\n<meta name=\"twitter:label1\" content=\"Gesch\u00e4tzte Lesezeit\" \/>\n\t<meta name=\"twitter:data1\" content=\"1\u00a0Minute\" \/>\n<script type=\"application\/ld+json\" class=\"yoast-schema-graph\">{\"@context\":\"https:\/\/schema.org\",\"@graph\":[{\"@type\":\"WebPage\",\"@id\":\"https:\/\/www.matts-guitar-shop.com\/de\/produit\/fender-stratocaster-eric-clapton-crash-crossroads-edition-2\/\",\"url\":\"https:\/\/www.matts-guitar-shop.com\/de\/produit\/fender-stratocaster-eric-clapton-crash-crossroads-edition-2\/\",\"name\":\"Fender Stratocaster Eric Clapton Crash Crossroads Edition - Matt&#039;s Guitar Shop\",\"isPartOf\":{\"@id\":\"https:\/\/www.matts-guitar-shop.com\/de\/#website\"},\"primaryImageOfPage\":{\"@id\":\"https:\/\/www.matts-guitar-shop.com\/de\/produit\/fender-stratocaster-eric-clapton-crash-crossroads-edition-2\/#primaryimage\"},\"image\":{\"@id\":\"https:\/\/www.matts-guitar-shop.com\/de\/produit\/fender-stratocaster-eric-clapton-crash-crossroads-edition-2\/#primaryimage\"},\"thumbnailUrl\":\"https:\/\/www.matts-guitar-shop.com\/wp-content\/uploads\/2026\/04\/Fender-Stratocaster-Eric-Clapton-Crash-Crossroads-Edition-03.jpg\",\"datePublished\":\"2026-04-06T18:56:46+00:00\",\"dateModified\":\"2026-04-06T19:25:26+00:00\",\"breadcrumb\":{\"@id\":\"https:\/\/www.matts-guitar-shop.com\/de\/produit\/fender-stratocaster-eric-clapton-crash-crossroads-edition-2\/#breadcrumb\"},\"inLanguage\":\"de\",\"potentialAction\":[{\"@type\":\"ReadAction\",\"target\":[\"https:\/\/www.matts-guitar-shop.com\/de\/produit\/fender-stratocaster-eric-clapton-crash-crossroads-edition-2\/\"]}]},{\"@type\":\"ImageObject\",\"inLanguage\":\"de\",\"@id\":\"https:\/\/www.matts-guitar-shop.com\/de\/produit\/fender-stratocaster-eric-clapton-crash-crossroads-edition-2\/#primaryimage\",\"url\":\"https:\/\/www.matts-guitar-shop.com\/wp-content\/uploads\/2026\/04\/Fender-Stratocaster-Eric-Clapton-Crash-Crossroads-Edition-03.jpg\",\"contentUrl\":\"https:\/\/www.matts-guitar-shop.com\/wp-content\/uploads\/2026\/04\/Fender-Stratocaster-Eric-Clapton-Crash-Crossroads-Edition-03.jpg\",\"width\":800,\"height\":1200},{\"@type\":\"BreadcrumbList\",\"@id\":\"https:\/\/www.matts-guitar-shop.com\/de\/produit\/fender-stratocaster-eric-clapton-crash-crossroads-edition-2\/#breadcrumb\",\"itemListElement\":[{\"@type\":\"ListItem\",\"position\":1,\"name\":\"Startseite\",\"item\":\"https:\/\/www.matts-guitar-shop.com\/de\/\"},{\"@type\":\"ListItem\",\"position\":2,\"name\":\"Shop\",\"item\":\"https:\/\/www.matts-guitar-shop.com\/de\/shop\/\"},{\"@type\":\"ListItem\",\"position\":3,\"name\":\"Fender Stratocaster Eric Clapton Crash Crossroads Edition\"}]},{\"@type\":\"WebSite\",\"@id\":\"https:\/\/www.matts-guitar-shop.com\/de\/#website\",\"url\":\"https:\/\/www.matts-guitar-shop.com\/de\/\",\"name\":\"matts-guitar-shop.com\",\"description\":\"Guitar Shop\",\"publisher\":{\"@id\":\"https:\/\/www.matts-guitar-shop.com\/de\/#organization\"},\"potentialAction\":[{\"@type\":\"SearchAction\",\"target\":{\"@type\":\"EntryPoint\",\"urlTemplate\":\"https:\/\/www.matts-guitar-shop.com\/de\/?s={search_term_string}\"},\"query-input\":{\"@type\":\"PropertyValueSpecification\",\"valueRequired\":true,\"valueName\":\"search_term_string\"}}],\"inLanguage\":\"de\"},{\"@type\":\"Organization\",\"@id\":\"https:\/\/www.matts-guitar-shop.com\/de\/#organization\",\"name\":\"matts-guitar-shop.com\",\"url\":\"https:\/\/www.matts-guitar-shop.com\/de\/\",\"logo\":{\"@type\":\"ImageObject\",\"inLanguage\":\"de\",\"@id\":\"https:\/\/www.matts-guitar-shop.com\/de\/#\/schema\/logo\/image\/\",\"url\":\"https:\/\/www.matts-guitar-shop.com\/wp-content\/uploads\/2024\/09\/MGS-logo-site-02.png\",\"contentUrl\":\"https:\/\/www.matts-guitar-shop.com\/wp-content\/uploads\/2024\/09\/MGS-logo-site-02.png\",\"width\":200,\"height\":122,\"caption\":\"matts-guitar-shop.com\"},\"image\":{\"@id\":\"https:\/\/www.matts-guitar-shop.com\/de\/#\/schema\/logo\/image\/\"},\"sameAs\":[\"https:\/\/www.facebook.com\/profile.php?id=100044359842817\",\"https:\/\/www.instagram.com\/mattsguitarshop\/\",\"https:\/\/www.youtube.com\/@MattLucasMan\/videos\"]}]}<\/script>\n<!-- \/ Yoast SEO plugin. -->","yoast_head_json":{"title":"Fender Stratocaster Eric Clapton Crash Crossroads Edition - Matt&#039;s Guitar Shop","robots":{"index":"index","follow":"follow","max-snippet":"max-snippet:-1","max-image-preview":"max-image-preview:large","max-video-preview":"max-video-preview:-1"},"canonical":"https:\/\/www.matts-guitar-shop.com\/de\/produit\/fender-stratocaster-eric-clapton-crash-crossroads-edition-2\/","og_locale":"de_DE","og_type":"article","og_title":"Fender Stratocaster Eric Clapton Crash Crossroads Edition - Matt&#039;s Guitar Shop","og_description":"Cette Fender Stratocaster Eric Clapton \"Crash\" Crossroads Edition est une \u0153uvre d'art autant qu'un instrument d'exception. Issue d'une s\u00e9rie limit\u00e9e tr\u00e8s pris\u00e9e, elle arbore une finition graphique spectaculaire r\u00e9alis\u00e9e par l'artiste Crash, c\u00e9l\u00e8bre pour ses collaborations avec \"Slowhand\".  Con\u00e7ue selon les sp\u00e9cifications pr\u00e9cises de Clapton, elle int\u00e8gre des micros Vintage Noiseless et un boost de m\u00e9diums actif, offrant une palette sonore allant du blues cristallin aux saturations les plus denses. Avec son ergonomie parfaite et son look iconique, cette guitare c\u00e9l\u00e8bre l'un des partenariats les plus marquants de l'histoire du rock et de l'art contemporain.","og_url":"https:\/\/www.matts-guitar-shop.com\/de\/produit\/fender-stratocaster-eric-clapton-crash-crossroads-edition-2\/","og_site_name":"Matt&#039;s Guitar Shop","article_publisher":"https:\/\/www.facebook.com\/profile.php?id=100044359842817","article_modified_time":"2026-04-06T19:25:26+00:00","og_image":[{"width":800,"height":1200,"url":"https:\/\/www.matts-guitar-shop.com\/wp-content\/uploads\/2026\/04\/Fender-Stratocaster-Eric-Clapton-Crash-Crossroads-Edition-03.jpg","type":"image\/jpeg"}],"twitter_card":"summary_large_image","twitter_misc":{"Gesch\u00e4tzte Lesezeit":"1\u00a0Minute"},"schema":{"@context":"https:\/\/schema.org","@graph":[{"@type":"WebPage","@id":"https:\/\/www.matts-guitar-shop.com\/de\/produit\/fender-stratocaster-eric-clapton-crash-crossroads-edition-2\/","url":"https:\/\/www.matts-guitar-shop.com\/de\/produit\/fender-stratocaster-eric-clapton-crash-crossroads-edition-2\/","name":"Fender Stratocaster Eric Clapton Crash Crossroads Edition - Matt&#039;s Guitar Shop","isPartOf":{"@id":"https:\/\/www.matts-guitar-shop.com\/de\/#website"},"primaryImageOfPage":{"@id":"https:\/\/www.matts-guitar-shop.com\/de\/produit\/fender-stratocaster-eric-clapton-crash-crossroads-edition-2\/#primaryimage"},"image":{"@id":"https:\/\/www.matts-guitar-shop.com\/de\/produit\/fender-stratocaster-eric-clapton-crash-crossroads-edition-2\/#primaryimage"},"thumbnailUrl":"https:\/\/www.matts-guitar-shop.com\/wp-content\/uploads\/2026\/04\/Fender-Stratocaster-Eric-Clapton-Crash-Crossroads-Edition-03.jpg","datePublished":"2026-04-06T18:56:46+00:00","dateModified":"2026-04-06T19:25:26+00:00","breadcrumb":{"@id":"https:\/\/www.matts-guitar-shop.com\/de\/produit\/fender-stratocaster-eric-clapton-crash-crossroads-edition-2\/#breadcrumb"},"inLanguage":"de","potentialAction":[{"@type":"ReadAction","target":["https:\/\/www.matts-guitar-shop.com\/de\/produit\/fender-stratocaster-eric-clapton-crash-crossroads-edition-2\/"]}]},{"@type":"ImageObject","inLanguage":"de","@id":"https:\/\/www.matts-guitar-shop.com\/de\/produit\/fender-stratocaster-eric-clapton-crash-crossroads-edition-2\/#primaryimage","url":"https:\/\/www.matts-guitar-shop.com\/wp-content\/uploads\/2026\/04\/Fender-Stratocaster-Eric-Clapton-Crash-Crossroads-Edition-03.jpg","contentUrl":"https:\/\/www.matts-guitar-shop.com\/wp-content\/uploads\/2026\/04\/Fender-Stratocaster-Eric-Clapton-Crash-Crossroads-Edition-03.jpg","width":800,"height":1200},{"@type":"BreadcrumbList","@id":"https:\/\/www.matts-guitar-shop.com\/de\/produit\/fender-stratocaster-eric-clapton-crash-crossroads-edition-2\/#breadcrumb","itemListElement":[{"@type":"ListItem","position":1,"name":"Startseite","item":"https:\/\/www.matts-guitar-shop.com\/de\/"},{"@type":"ListItem","position":2,"name":"Shop","item":"https:\/\/www.matts-guitar-shop.com\/de\/shop\/"},{"@type":"ListItem","position":3,"name":"Fender Stratocaster Eric Clapton Crash Crossroads Edition"}]},{"@type":"WebSite","@id":"https:\/\/www.matts-guitar-shop.com\/de\/#website","url":"https:\/\/www.matts-guitar-shop.com\/de\/","name":"matts-guitar-shop.com","description":"Guitar Shop","publisher":{"@id":"https:\/\/www.matts-guitar-shop.com\/de\/#organization"},"potentialAction":[{"@type":"SearchAction","target":{"@type":"EntryPoint","urlTemplate":"https:\/\/www.matts-guitar-shop.com\/de\/?s={search_term_string}"},"query-input":{"@type":"PropertyValueSpecification","valueRequired":true,"valueName":"search_term_string"}}],"inLanguage":"de"},{"@type":"Organization","@id":"https:\/\/www.matts-guitar-shop.com\/de\/#organization","name":"matts-guitar-shop.com","url":"https:\/\/www.matts-guitar-shop.com\/de\/","logo":{"@type":"ImageObject","inLanguage":"de","@id":"https:\/\/www.matts-guitar-shop.com\/de\/#\/schema\/logo\/image\/","url":"https:\/\/www.matts-guitar-shop.com\/wp-content\/uploads\/2024\/09\/MGS-logo-site-02.png","contentUrl":"https:\/\/www.matts-guitar-shop.com\/wp-content\/uploads\/2024\/09\/MGS-logo-site-02.png","width":200,"height":122,"caption":"matts-guitar-shop.com"},"image":{"@id":"https:\/\/www.matts-guitar-shop.com\/de\/#\/schema\/logo\/image\/"},"sameAs":["https:\/\/www.facebook.com\/profile.php?id=100044359842817","https:\/\/www.instagram.com\/mattsguitarshop\/","https:\/\/www.youtube.com\/@MattLucasMan\/videos"]}]}},"_links":{"self":[{"href":"https:\/\/www.matts-guitar-shop.com\/de\/wp-json\/wp\/v2\/product\/32223","targetHints":{"allow":["GET"]}}],"collection":[{"href":"https:\/\/www.matts-guitar-shop.com\/de\/wp-json\/wp\/v2\/product"}],"about":[{"href":"https:\/\/www.matts-guitar-shop.com\/de\/wp-json\/wp\/v2\/types\/product"}],"replies":[{"embeddable":true,"href":"https:\/\/www.matts-guitar-shop.com\/de\/wp-json\/wp\/v2\/comments?post=32223"}],"wp:featuredmedia":[{"embeddable":true,"href":"https:\/\/www.matts-guitar-shop.com\/de\/wp-json\/wp\/v2\/media\/32278"}],"wp:attachment":[{"href":"https:\/\/www.matts-guitar-shop.com\/de\/wp-json\/wp\/v2\/media?parent=32223"}],"wp:term":[{"taxonomy":"product_brand","embeddable":true,"href":"https:\/\/www.matts-guitar-shop.com\/de\/wp-json\/wp\/v2\/product_brand?post=32223"},{"taxonomy":"product_cat","embeddable":true,"href":"https:\/\/www.matts-guitar-shop.com\/de\/wp-json\/wp\/v2\/product_cat?post=32223"},{"taxonomy":"product_tag","embeddable":true,"href":"https:\/\/www.matts-guitar-shop.com\/de\/wp-json\/wp\/v2\/product_tag?post=32223"}],"curies":[{"name":"wp","href":"https:\/\/api.w.org\/{rel}","templated":true}]}}