{"id":24421,"date":"2025-12-08T16:55:13","date_gmt":"2025-12-08T15:55:13","guid":{"rendered":"https:\/\/www.matts-guitar-shop.com\/produit\/gretsch-malcolm-young-masterbuilt-the-beast\/"},"modified":"2025-12-08T16:55:13","modified_gmt":"2025-12-08T15:55:13","slug":"gretsch-malcolm-young-masterbuilt-the-beast","status":"publish","type":"product","link":"https:\/\/www.matts-guitar-shop.com\/de\/produit\/gretsch-malcolm-young-masterbuilt-the-beast\/","title":{"rendered":"Gretsch Malcolm Young Masterbuilt The Beast"},"content":{"rendered":"<h2>Malcolm Young (AC\/DC)<\/h2>\n<p>Mitten in den 1970er Jahren, als der Hardrock seine Z\u00e4hne sch\u00e4rfte und die Riffs massiver wurden, formte eine diskrete, unbeirrbare Br\u00fcdergemeinschaft einen der kraftvollsten Sounds der Musikgeschichte: die Youngs. Mit <strong>AC\/DC<\/strong> entwickelten Angus und <strong>Malcolm<\/strong> eine grundlegende Herangehensweise an Rock \u2013 pur, scharf und mitrei\u00dfend. Malcolm Young war der feste Schatten, das unersch\u00fctterliche Fundament, das menschliche Metronom, das jeden Song in einen rhythmischen Bulldozer verwandelte.<\/p>\n<p><strong>Malcolm Young<\/strong> war kein Showman. Als absoluter Handwerker des Riffs lag seine St\u00e4rke in millimetergenauer Pr\u00e4zision, perfekt platzierten Akkorden und trockener, kompromissloser Power. Dank ihm erhielten Songs wie Highway to Hell, Back in Black oder Shoot to Thrill ihr R\u00fcckgrat, ihre Spannung, ihren Antrieb. W\u00e4hrend Angus die Soli entfachte, hielt Malcolm die Wand \u2014 unersch\u00fctterlich, mit beinahe \u00fcbernat\u00fcrlicher Konstanz. Nur wenige Gitarristen waren so essenziell, w\u00e4hrend sie so wenig sagten.<\/p>\n<p>Auf der B\u00fchne verk\u00f6rperte Malcolm stille St\u00e4rke. Keine theatralischen Gesten, keine Effekte: nur pure Pr\u00e4senz, Energie, konzentriert im rechten Handgelenk \u2014 diesem Stahlarm, der die Band nach vorne trieb. Er war der Fels, die Sicherheit, der pr\u00e4zise Groove, der Stadien in Bewegung versetzte. Ein diskreter, aber unverzichtbarer Leader, auf dem alles ruhte, ohne dass er es jemals beanspruchte.<\/p>\n<p>Man kann \u00fcber Malcolm nicht sprechen, ohne seine Beast zu erw\u00e4hnen \u2014 eine legend\u00e4re Gretsch Jet Firebird, die im Laufe der Jahre zu einem einzigartigen, beinahe lebendigen Wesen wurde. Malcolm modifizierte sie, erleichterte sie, schnitt sie aus, schliff sie ab, reparierte und rekonfigurierte sie, bis sie zu einem Instrument wurde, dessen blo\u00dfes Aussehen eine Geschichte erz\u00e4hlt: die eines Musikers, besessen vom perfekten Sound, befreit von allem \u00dcberfl\u00fcssigen. Entfernte Pickups, verschwundener Lack, durch Tourneen freigelegtes Holz \u2014 die Beast war nicht nur eine Gitarre: sie war das Symbol seiner Philosophie. Eine Riff-Maschine, gebaut f\u00fcr Effizienz, Robustheit und den pursten Rock.<\/p>\n<p>Unerm\u00fcdlich hielt Malcolm Young AC\/DC jahrzehntelang am Leben, mit einem unerbittlichen Anspruch und einer Disziplin, die bis heute respektiert wird. Er wachte \u00fcber Tempo, Richtung und Sound. Viele sagen, er sei der wahre Kompass der Band gewesen \u2014 der stille Kapit\u00e4n hinter dem Donner.<\/p>\n","protected":false},"excerpt":{"rendered":"<p>Um Malcolm Young geb\u00fchrend zu feiern\u2026<\/p>\n<p>Wir bieten eine \u00e4u\u00dferst seltene Gretsch Malcolm Young Masterbuilt zum Verkauf an: eine exakte Replik seiner legend\u00e4ren \u201eBeast\u201c.<br \/>Ein Instrument, geschaffen f\u00fcr nur eine Mission: puren, ungefilterten Rock\u2019n\u2019Roll.<\/p>\n<p>F\u00fcr AC\/DC-Fans und anspruchsvolle Sammler ergibt sich eine solche Gelegenheit fast nie.<br \/>Die \u00c4sthetik, die Attit\u00fcde, das Spielgef\u00fchl \u2014 alles ist da.<br \/>Eine echte Hommage an einen der unangefochtenen Meister der Rhythmusgitarre.<\/p>\n<p>Ein absolut verr\u00fccktes Sammlerst\u00fcck.<br \/>Und vor allem eine Gitarre, die ihren wahren Sinn entfaltet, wenn man sie\u2026 laut spielt.<\/p>\n","protected":false},"featured_media":24397,"comment_status":"closed","ping_status":"closed","template":"","meta":{"_et_pb_use_builder":"off","_et_pb_old_content":"","_et_gb_content_width":""},"product_brand":[],"product_cat":[672],"product_tag":[],"class_list":{"0":"post-24421","1":"product","2":"type-product","3":"status-publish","4":"has-post-thumbnail","6":"product_cat-verkaufte","7":"pa_artiste-ac-dc-de","8":"pa_artiste-malcolm-young-de","9":"pa_disponibilite-verkauft","10":"pa_marque-gretsch-de","12":"first","13":"outofstock","14":"shipping-taxable","15":"purchasable","16":"product-type-simple"},"yoast_head":"<!-- This site is optimized with the Yoast SEO plugin v26.8 - https:\/\/yoast.com\/product\/yoast-seo-wordpress\/ -->\n<title>Gretsch Malcolm Young Masterbuilt The Beast - Matt&#039;s Guitar Shop<\/title>\n<meta name=\"robots\" content=\"index, follow, max-snippet:-1, max-image-preview:large, max-video-preview:-1\" \/>\n<link rel=\"canonical\" href=\"https:\/\/www.matts-guitar-shop.com\/de\/produit\/gretsch-malcolm-young-masterbuilt-the-beast\/\" \/>\n<meta property=\"og:locale\" content=\"de_DE\" \/>\n<meta property=\"og:type\" content=\"article\" \/>\n<meta property=\"og:title\" content=\"Gretsch Malcolm Young Masterbuilt The Beast - Matt&#039;s Guitar Shop\" \/>\n<meta property=\"og:description\" content=\"Um Malcolm Young geb\u00fchrend zu feiern\u2026 Wir bieten eine \u00e4u\u00dferst seltene Gretsch Malcolm Young Masterbuilt zum Verkauf an: eine exakte Replik seiner legend\u00e4ren \u201eBeast\u201c.Ein Instrument, geschaffen f\u00fcr nur eine Mission: puren, ungefilterten Rock\u2019n\u2019Roll. F\u00fcr AC\/DC-Fans und anspruchsvolle Sammler ergibt sich eine solche Gelegenheit fast nie.Die \u00c4sthetik, die Attit\u00fcde, das Spielgef\u00fchl \u2014 alles ist da.Eine echte Hommage an einen der unangefochtenen Meister der Rhythmusgitarre. Ein absolut verr\u00fccktes Sammlerst\u00fcck.Und vor allem eine Gitarre, die ihren wahren Sinn entfaltet, wenn man sie\u2026 laut spielt.\" \/>\n<meta property=\"og:url\" content=\"https:\/\/www.matts-guitar-shop.com\/de\/produit\/gretsch-malcolm-young-masterbuilt-the-beast\/\" \/>\n<meta property=\"og:site_name\" content=\"Matt&#039;s Guitar Shop\" \/>\n<meta property=\"article:publisher\" content=\"https:\/\/www.facebook.com\/profile.php?id=100044359842817\" \/>\n<meta property=\"og:image\" content=\"https:\/\/www.matts-guitar-shop.com\/wp-content\/uploads\/2025\/12\/gretsch-malcolm-young-masterbuilt-the-beast-01-matts-guitar-shop.jpg\" \/>\n\t<meta property=\"og:image:width\" content=\"800\" \/>\n\t<meta property=\"og:image:height\" content=\"1063\" \/>\n\t<meta property=\"og:image:type\" content=\"image\/jpeg\" \/>\n<meta name=\"twitter:card\" content=\"summary_large_image\" \/>\n<meta name=\"twitter:label1\" content=\"Gesch\u00e4tzte Lesezeit\" \/>\n\t<meta name=\"twitter:data1\" content=\"2\u00a0Minuten\" \/>\n<script type=\"application\/ld+json\" class=\"yoast-schema-graph\">{\"@context\":\"https:\/\/schema.org\",\"@graph\":[{\"@type\":\"WebPage\",\"@id\":\"https:\/\/www.matts-guitar-shop.com\/de\/produit\/gretsch-malcolm-young-masterbuilt-the-beast\/\",\"url\":\"https:\/\/www.matts-guitar-shop.com\/de\/produit\/gretsch-malcolm-young-masterbuilt-the-beast\/\",\"name\":\"Gretsch Malcolm Young Masterbuilt The Beast - Matt&#039;s Guitar Shop\",\"isPartOf\":{\"@id\":\"https:\/\/www.matts-guitar-shop.com\/de\/#website\"},\"primaryImageOfPage\":{\"@id\":\"https:\/\/www.matts-guitar-shop.com\/de\/produit\/gretsch-malcolm-young-masterbuilt-the-beast\/#primaryimage\"},\"image\":{\"@id\":\"https:\/\/www.matts-guitar-shop.com\/de\/produit\/gretsch-malcolm-young-masterbuilt-the-beast\/#primaryimage\"},\"thumbnailUrl\":\"https:\/\/www.matts-guitar-shop.com\/wp-content\/uploads\/2025\/12\/gretsch-malcolm-young-masterbuilt-the-beast-01-matts-guitar-shop.jpg\",\"datePublished\":\"2025-12-08T15:55:13+00:00\",\"breadcrumb\":{\"@id\":\"https:\/\/www.matts-guitar-shop.com\/de\/produit\/gretsch-malcolm-young-masterbuilt-the-beast\/#breadcrumb\"},\"inLanguage\":\"de\",\"potentialAction\":[{\"@type\":\"ReadAction\",\"target\":[\"https:\/\/www.matts-guitar-shop.com\/de\/produit\/gretsch-malcolm-young-masterbuilt-the-beast\/\"]}]},{\"@type\":\"ImageObject\",\"inLanguage\":\"de\",\"@id\":\"https:\/\/www.matts-guitar-shop.com\/de\/produit\/gretsch-malcolm-young-masterbuilt-the-beast\/#primaryimage\",\"url\":\"https:\/\/www.matts-guitar-shop.com\/wp-content\/uploads\/2025\/12\/gretsch-malcolm-young-masterbuilt-the-beast-01-matts-guitar-shop.jpg\",\"contentUrl\":\"https:\/\/www.matts-guitar-shop.com\/wp-content\/uploads\/2025\/12\/gretsch-malcolm-young-masterbuilt-the-beast-01-matts-guitar-shop.jpg\",\"width\":800,\"height\":1063},{\"@type\":\"BreadcrumbList\",\"@id\":\"https:\/\/www.matts-guitar-shop.com\/de\/produit\/gretsch-malcolm-young-masterbuilt-the-beast\/#breadcrumb\",\"itemListElement\":[{\"@type\":\"ListItem\",\"position\":1,\"name\":\"Startseite\",\"item\":\"https:\/\/www.matts-guitar-shop.com\/de\/\"},{\"@type\":\"ListItem\",\"position\":2,\"name\":\"Shop\",\"item\":\"https:\/\/www.matts-guitar-shop.com\/de\/shop\/\"},{\"@type\":\"ListItem\",\"position\":3,\"name\":\"Gretsch Malcolm Young Masterbuilt The Beast\"}]},{\"@type\":\"WebSite\",\"@id\":\"https:\/\/www.matts-guitar-shop.com\/de\/#website\",\"url\":\"https:\/\/www.matts-guitar-shop.com\/de\/\",\"name\":\"matts-guitar-shop.com\",\"description\":\"Guitar Shop\",\"publisher\":{\"@id\":\"https:\/\/www.matts-guitar-shop.com\/de\/#organization\"},\"potentialAction\":[{\"@type\":\"SearchAction\",\"target\":{\"@type\":\"EntryPoint\",\"urlTemplate\":\"https:\/\/www.matts-guitar-shop.com\/de\/?s={search_term_string}\"},\"query-input\":{\"@type\":\"PropertyValueSpecification\",\"valueRequired\":true,\"valueName\":\"search_term_string\"}}],\"inLanguage\":\"de\"},{\"@type\":\"Organization\",\"@id\":\"https:\/\/www.matts-guitar-shop.com\/de\/#organization\",\"name\":\"matts-guitar-shop.com\",\"url\":\"https:\/\/www.matts-guitar-shop.com\/de\/\",\"logo\":{\"@type\":\"ImageObject\",\"inLanguage\":\"de\",\"@id\":\"https:\/\/www.matts-guitar-shop.com\/de\/#\/schema\/logo\/image\/\",\"url\":\"https:\/\/www.matts-guitar-shop.com\/wp-content\/uploads\/2024\/09\/MGS-logo-site-02.png\",\"contentUrl\":\"https:\/\/www.matts-guitar-shop.com\/wp-content\/uploads\/2024\/09\/MGS-logo-site-02.png\",\"width\":200,\"height\":122,\"caption\":\"matts-guitar-shop.com\"},\"image\":{\"@id\":\"https:\/\/www.matts-guitar-shop.com\/de\/#\/schema\/logo\/image\/\"},\"sameAs\":[\"https:\/\/www.facebook.com\/profile.php?id=100044359842817\",\"https:\/\/www.instagram.com\/mattsguitarshop\/\",\"https:\/\/www.youtube.com\/@MattLucasMan\/videos\"]}]}<\/script>\n<!-- \/ Yoast SEO plugin. -->","yoast_head_json":{"title":"Gretsch Malcolm Young Masterbuilt The Beast - Matt&#039;s Guitar Shop","robots":{"index":"index","follow":"follow","max-snippet":"max-snippet:-1","max-image-preview":"max-image-preview:large","max-video-preview":"max-video-preview:-1"},"canonical":"https:\/\/www.matts-guitar-shop.com\/de\/produit\/gretsch-malcolm-young-masterbuilt-the-beast\/","og_locale":"de_DE","og_type":"article","og_title":"Gretsch Malcolm Young Masterbuilt The Beast - Matt&#039;s Guitar Shop","og_description":"Um Malcolm Young geb\u00fchrend zu feiern\u2026 Wir bieten eine \u00e4u\u00dferst seltene Gretsch Malcolm Young Masterbuilt zum Verkauf an: eine exakte Replik seiner legend\u00e4ren \u201eBeast\u201c.Ein Instrument, geschaffen f\u00fcr nur eine Mission: puren, ungefilterten Rock\u2019n\u2019Roll. F\u00fcr AC\/DC-Fans und anspruchsvolle Sammler ergibt sich eine solche Gelegenheit fast nie.Die \u00c4sthetik, die Attit\u00fcde, das Spielgef\u00fchl \u2014 alles ist da.Eine echte Hommage an einen der unangefochtenen Meister der Rhythmusgitarre. Ein absolut verr\u00fccktes Sammlerst\u00fcck.Und vor allem eine Gitarre, die ihren wahren Sinn entfaltet, wenn man sie\u2026 laut spielt.","og_url":"https:\/\/www.matts-guitar-shop.com\/de\/produit\/gretsch-malcolm-young-masterbuilt-the-beast\/","og_site_name":"Matt&#039;s Guitar Shop","article_publisher":"https:\/\/www.facebook.com\/profile.php?id=100044359842817","og_image":[{"width":800,"height":1063,"url":"https:\/\/www.matts-guitar-shop.com\/wp-content\/uploads\/2025\/12\/gretsch-malcolm-young-masterbuilt-the-beast-01-matts-guitar-shop.jpg","type":"image\/jpeg"}],"twitter_card":"summary_large_image","twitter_misc":{"Gesch\u00e4tzte Lesezeit":"2\u00a0Minuten"},"schema":{"@context":"https:\/\/schema.org","@graph":[{"@type":"WebPage","@id":"https:\/\/www.matts-guitar-shop.com\/de\/produit\/gretsch-malcolm-young-masterbuilt-the-beast\/","url":"https:\/\/www.matts-guitar-shop.com\/de\/produit\/gretsch-malcolm-young-masterbuilt-the-beast\/","name":"Gretsch Malcolm Young Masterbuilt The Beast - Matt&#039;s Guitar Shop","isPartOf":{"@id":"https:\/\/www.matts-guitar-shop.com\/de\/#website"},"primaryImageOfPage":{"@id":"https:\/\/www.matts-guitar-shop.com\/de\/produit\/gretsch-malcolm-young-masterbuilt-the-beast\/#primaryimage"},"image":{"@id":"https:\/\/www.matts-guitar-shop.com\/de\/produit\/gretsch-malcolm-young-masterbuilt-the-beast\/#primaryimage"},"thumbnailUrl":"https:\/\/www.matts-guitar-shop.com\/wp-content\/uploads\/2025\/12\/gretsch-malcolm-young-masterbuilt-the-beast-01-matts-guitar-shop.jpg","datePublished":"2025-12-08T15:55:13+00:00","breadcrumb":{"@id":"https:\/\/www.matts-guitar-shop.com\/de\/produit\/gretsch-malcolm-young-masterbuilt-the-beast\/#breadcrumb"},"inLanguage":"de","potentialAction":[{"@type":"ReadAction","target":["https:\/\/www.matts-guitar-shop.com\/de\/produit\/gretsch-malcolm-young-masterbuilt-the-beast\/"]}]},{"@type":"ImageObject","inLanguage":"de","@id":"https:\/\/www.matts-guitar-shop.com\/de\/produit\/gretsch-malcolm-young-masterbuilt-the-beast\/#primaryimage","url":"https:\/\/www.matts-guitar-shop.com\/wp-content\/uploads\/2025\/12\/gretsch-malcolm-young-masterbuilt-the-beast-01-matts-guitar-shop.jpg","contentUrl":"https:\/\/www.matts-guitar-shop.com\/wp-content\/uploads\/2025\/12\/gretsch-malcolm-young-masterbuilt-the-beast-01-matts-guitar-shop.jpg","width":800,"height":1063},{"@type":"BreadcrumbList","@id":"https:\/\/www.matts-guitar-shop.com\/de\/produit\/gretsch-malcolm-young-masterbuilt-the-beast\/#breadcrumb","itemListElement":[{"@type":"ListItem","position":1,"name":"Startseite","item":"https:\/\/www.matts-guitar-shop.com\/de\/"},{"@type":"ListItem","position":2,"name":"Shop","item":"https:\/\/www.matts-guitar-shop.com\/de\/shop\/"},{"@type":"ListItem","position":3,"name":"Gretsch Malcolm Young Masterbuilt The Beast"}]},{"@type":"WebSite","@id":"https:\/\/www.matts-guitar-shop.com\/de\/#website","url":"https:\/\/www.matts-guitar-shop.com\/de\/","name":"matts-guitar-shop.com","description":"Guitar Shop","publisher":{"@id":"https:\/\/www.matts-guitar-shop.com\/de\/#organization"},"potentialAction":[{"@type":"SearchAction","target":{"@type":"EntryPoint","urlTemplate":"https:\/\/www.matts-guitar-shop.com\/de\/?s={search_term_string}"},"query-input":{"@type":"PropertyValueSpecification","valueRequired":true,"valueName":"search_term_string"}}],"inLanguage":"de"},{"@type":"Organization","@id":"https:\/\/www.matts-guitar-shop.com\/de\/#organization","name":"matts-guitar-shop.com","url":"https:\/\/www.matts-guitar-shop.com\/de\/","logo":{"@type":"ImageObject","inLanguage":"de","@id":"https:\/\/www.matts-guitar-shop.com\/de\/#\/schema\/logo\/image\/","url":"https:\/\/www.matts-guitar-shop.com\/wp-content\/uploads\/2024\/09\/MGS-logo-site-02.png","contentUrl":"https:\/\/www.matts-guitar-shop.com\/wp-content\/uploads\/2024\/09\/MGS-logo-site-02.png","width":200,"height":122,"caption":"matts-guitar-shop.com"},"image":{"@id":"https:\/\/www.matts-guitar-shop.com\/de\/#\/schema\/logo\/image\/"},"sameAs":["https:\/\/www.facebook.com\/profile.php?id=100044359842817","https:\/\/www.instagram.com\/mattsguitarshop\/","https:\/\/www.youtube.com\/@MattLucasMan\/videos"]}]}},"_links":{"self":[{"href":"https:\/\/www.matts-guitar-shop.com\/de\/wp-json\/wp\/v2\/product\/24421","targetHints":{"allow":["GET"]}}],"collection":[{"href":"https:\/\/www.matts-guitar-shop.com\/de\/wp-json\/wp\/v2\/product"}],"about":[{"href":"https:\/\/www.matts-guitar-shop.com\/de\/wp-json\/wp\/v2\/types\/product"}],"replies":[{"embeddable":true,"href":"https:\/\/www.matts-guitar-shop.com\/de\/wp-json\/wp\/v2\/comments?post=24421"}],"wp:featuredmedia":[{"embeddable":true,"href":"https:\/\/www.matts-guitar-shop.com\/de\/wp-json\/wp\/v2\/media\/24397"}],"wp:attachment":[{"href":"https:\/\/www.matts-guitar-shop.com\/de\/wp-json\/wp\/v2\/media?parent=24421"}],"wp:term":[{"taxonomy":"product_brand","embeddable":true,"href":"https:\/\/www.matts-guitar-shop.com\/de\/wp-json\/wp\/v2\/product_brand?post=24421"},{"taxonomy":"product_cat","embeddable":true,"href":"https:\/\/www.matts-guitar-shop.com\/de\/wp-json\/wp\/v2\/product_cat?post=24421"},{"taxonomy":"product_tag","embeddable":true,"href":"https:\/\/www.matts-guitar-shop.com\/de\/wp-json\/wp\/v2\/product_tag?post=24421"}],"curies":[{"name":"wp","href":"https:\/\/api.w.org\/{rel}","templated":true}]}}