{"id":20203,"date":"2025-09-20T14:32:14","date_gmt":"2025-09-20T12:32:14","guid":{"rendered":"https:\/\/www.matts-guitar-shop.com\/produit\/randy-rhoads-1974-gibson-les-paul-standard\/"},"modified":"2025-11-26T22:04:10","modified_gmt":"2025-11-26T21:04:10","slug":"randy-rhoads-1974-gibson-les-paul-standard","status":"publish","type":"product","link":"https:\/\/www.matts-guitar-shop.com\/de\/produit\/randy-rhoads-1974-gibson-les-paul-standard\/","title":{"rendered":"Randy Rhoads\u2019 1974 Gibson Les Paul Standard"},"content":{"rendered":"<p>Gibson Les Paul Standard 1974 \u2013 Die Gitarre von Randy Rhoads<\/p>\n<h2>Biografie Randy Rhoads \u2013 Ein fulminanter Musiker mit pr\u00e4zisem Talent<\/h2>\n<p>Ein zur\u00fcckhaltender, aber vision\u00e4rer Virtuose, <strong>Randy Rhoads<\/strong> z\u00e4hlt zu den pr\u00e4gendsten Figuren der Geschichte der elektrischen Gitarre. 1956 in Santa Monica geboren, wuchs er in einem Umfeld auf, in dem Musik allgegenw\u00e4rtig war: Seine Mutter leitete eine Musikschule, und seine Tage waren gepr\u00e4gt von Unterricht, Proben und dem Studium der klassischen Gitarre. Diese anspruchsvolle Ausbildung wurde zu einem Grundpfeiler seines Spiels, das auf Pr\u00e4zision, Klarheit und Liebe zum Detail beruhte.<\/p>\n<h3>Eine fr\u00fch geformte Klangidentit\u00e4t<\/h3>\n<p>Schon vor seinem Durchbruch entwickelte Randy einen hochgradig ausgefeilten Ansatz des Gitarrenspiels. Er unterrichtete, studierte und perfektionierte seine Arpeggien\u2026 Sein Stil wirkte \u00e4u\u00dferlich nicht spektakul\u00e4r: Seine Signatur lag in der Feingliedrigkeit seiner Anschl\u00e4ge und im Ausdruck seines Vibratos. Die technische Strenge, die er aus dem klassischen Bereich mitnahm, f\u00fchrte ihn ganz nat\u00fcrlich zu Instrumenten, die diesem Anspruch gerecht wurden\u2014insbesondere zu <strong>Gibson Les Paul<\/strong>-Modellen, bekannt f\u00fcr Sustain und Stabilit\u00e4t.<\/p>\n<h3>Quiet Riot: das erste musikalische Versuchslabor<\/h3>\n<p>Als Quiet Riot auf der Szene von Los Angeles Aufmerksamkeit erregte, war Randy bereits ein voll ausgereifter Musiker. In dieser Phase sch\u00e4rfte er seine B\u00fchnenpr\u00e4senz, seinen Klang, seine Instrumentenwahl und seine Art, Soli aufzubauen. Zahlreiche Fotos aus dieser Zeit zeigen ihn mit seiner <strong>Gibson Les Paul Standard<\/strong>, einem Instrument, das ihn in dieser formenden, aber entscheidenden Periode begleitete.<\/p>\n<h3>Ein kometenhafter Aufstieg an der Seite von Ozzy Osbourne<\/h3>\n<p>Die Begegnung mit <strong>Ozzy Osbourne<\/strong> ver\u00e4nderte die Rocklandschaft zu Beginn der 80er-Jahre radikal. Randy brachte eine neue Raffinesse in die Hard-Rock-Gitarre: klassisch inspirierte Harmonien, mit seltener Pr\u00e4zision ausgearbeitete Soli und eine Musikalit\u00e4t, die sich deutlich von den Klischees des Genres abhob. Die Alben <em>Blizzard of Ozz<\/em> und <em>Diary of a Madman<\/em> belegen diese einzigartige Mischung aus roher Energie und \u00e4sthetischem Anspruch.<\/p>\n<h3>Vorbildliche Disziplin und eine bescheidene Beziehung zum Instrument<\/h3>\n<p>Trotz seines enormen Talents war Randy Rhoads f\u00fcr seine Bescheidenheit bekannt. Auf Tour nahm er weiter Unterricht, analysierte seine eigenen Auftritte und arbeitete an seiner Technik wie ein gewissenhafter Sch\u00fcler. Seine Gitarren sah er als anspruchsvolle Werkzeuge, die er mit gr\u00f6\u00dfter Sorgfalt ausw\u00e4hlte. Seine Les Paul von 1974 geh\u00f6rte zu jenen Instrumenten, die ihn in seiner st\u00e4ndigen Suche nach Pr\u00e4zision und Ausdruck begleiteten.<\/p>\n<h3>Ein unversehrtes Erbe trotz verk\u00fcrzter Karriere<\/h3>\n<p>Randy verstarb 1982 tragisch im Alter von nur 25 Jahren. Seine Karriere war kurz, doch sein Einfluss bleibt gewaltig. Die Art, wie er klassische Artikulation, melodische Sensibilit\u00e4t und elektrische Kraft verband, inspiriert bis heute Generationen von Gitarristen. Jedes Instrument, das er spielte, ist heute ein essenzielles Fragment seiner Geschichte\u2014eine einzigartige Seite seines intensiven, unvergleichlichen Beitrags zur Welt der Gitarre.<\/p>\n","protected":false},"excerpt":{"rendered":"<p>Randy Rhoads bleibt eine unverzichtbare Figur im Rock- und Metal-Genre, trotz einer tragisch verk\u00fcrzten Karriere im Alter von nur 25 Jahren. Als Gitarrenvirtuose hinterlie\u00df er seine Spuren mit einem einzigartigen Stil und einem sofort wiedererkennbaren Sound.<\/p>\n<p>Diese Gibson Les Paul Standard von 1974, gespielt von Randy Rhoads, ist eine der wenigen Gitarren, die er regelm\u00e4\u00dfig nutzte. Sie war insbesondere sein bevorzugtes Instrument w\u00e4hrend seiner Zeit bei Quiet Riot und zeugt vom au\u00dfergew\u00f6hnlichen Talent des Musikers, der nur eine kleine Anzahl sorgf\u00e4ltig ausgew\u00e4hlter Instrumente verwendete.<\/p>\n<p>Bevor er zu Ozzy Osbourne wechselte, machte Randy Rhoads sich auf der Los Angeles-Szene mit Quiet Riot einen Namen. Diese schwarze Les Paul, die dem Bruder seiner Verlobten Paul Raskin geh\u00f6rte, begleitete ihn bei zahlreichen Auftritten und ist sowohl auf der R\u00fcckseite des ersten Albums der Band als auch auf vielen Konzertfotos aus dieser Zeit zu sehen.<\/p>\n<p>Randy Rhoads\u2019 Genie zeigt sich auf zwei Studioalben mit Ozzy Osbourne und einigen Liveaufnahmen und beeinflusst weiterhin Generationen von Gitarristen. Ozzy selbst sagte w\u00e4hrend der Aufnahme in den RockWalk 2004: \u201eHe was a small guy with such an enormous, giant talent\u201c.<\/p>\n<p>Diese Gibson Les Paul von 1974 ist nicht nur ein Instrument: Sie ist ein St\u00fcck Rockgeschichte und ein Relikt von Randy Rhoads\u2019 au\u00dfergew\u00f6hnlichem Talent. Eine ikonische Gitarre, die wir stolz bei Matt\u2019s Guitar Shop pr\u00e4sentieren.<\/p>\n<p>Tauchen Sie ein in das legend\u00e4re Universum von Matt\u2019s Guitar Shop, dem <strong><a href=\"https:\/\/www.matts-guitar-shop.com\/de\/\">Gitarrengesch\u00e4ft in Paris<\/a><\/strong>, und entdecken Sie einzigartige St\u00fccke wie die mythische <strong><a href=\"https:\/\/www.matts-guitar-shop.com\/de\/produit\/rory-gallaghers-gibson-melody-maker-1960\/\" target=\"_blank\" rel=\"noopener\">Gitarre von Rory Gallagher<\/a><\/strong>, die <strong><a href=\"https:\/\/www.matts-guitar-shop.com\/de\/produit\/joe-perrys-gibson-les-paul-special-tribute-aerosmith\/\" target=\"_blank\" rel=\"noopener\">Gitarre von Aerosmith<\/a><\/strong>, den <strong><a href=\"https:\/\/www.matts-guitar-shop.com\/de\/produit\/cliff-williams-1976-music-man-stingray\/\" target=\"_blank\" rel=\"noopener\">Bass von Cliff Williams<\/a><\/strong>, die <strong><a href=\"https:\/\/www.matts-guitar-shop.com\/de\/produit\/lorenzi-john-frusciante-tribute\/\" target=\"_blank\" rel=\"noopener\">Gitarre von John Frusciante<\/a><\/strong>, die <strong><a href=\"https:\/\/www.matts-guitar-shop.com\/de\/produit\/paul-stanleys-gibson-flying-v-number-1-kiss\/\" target=\"_blank\" rel=\"noopener\">Gitarre von KISS<\/a><\/strong>, den <strong><a href=\"https:\/\/www.matts-guitar-shop.com\/de\/produit\/gene-simmons-bass-von-gene-persoenlich-handbemalt\/\" target=\"_blank\" rel=\"noopener\">Bass von Gene Simmons<\/a><\/strong> oder die legend\u00e4re <strong><a href=\"https:\/\/www.matts-guitar-shop.com\/de\/produit\/fender-custom-shop-telecaster-keith-richards-prototyp\/\" target=\"_blank\" rel=\"noopener\">Keith Richards Telecaster Gitarre<\/a><\/strong>.<\/p>\n<p>Lesen Sie unseren Artikel dazu: <a href=\"https:\/\/www.matts-guitar-shop.com\/de\/randy-rhoads-gibson-les-paul-gitarre-im-matts-guitar-shop\/\">https:\/\/www.matts-guitar-shop.com\/de\/randy-rhoads-gibson-les-paul-gitarre-im-matts-guitar-shop\/<\/a><\/p>\n","protected":false},"featured_media":19819,"comment_status":"closed","ping_status":"closed","template":"","meta":{"_et_pb_use_builder":"on","_et_pb_old_content":"","_et_gb_content_width":""},"product_brand":[],"product_cat":[676,672],"product_tag":[],"class_list":{"0":"post-20203","1":"product","2":"type-product","3":"status-publish","4":"has-post-thumbnail","6":"product_cat-ikonische-gitarren","7":"product_cat-verkaufte","8":"pa_artiste-randy-rhoads-de","9":"pa_disponibilite-verkauft","10":"pa_marque-gibson-de","12":"first","13":"outofstock","14":"shipping-taxable","15":"product-type-simple"},"yoast_head":"<!-- This site is optimized with the Yoast SEO plugin v26.8 - https:\/\/yoast.com\/product\/yoast-seo-wordpress\/ -->\n<title>Randy Rhoads\u2019 1974 Gibson Les Paul Standard - Matt&#039;s Guitar Shop<\/title>\n<meta name=\"description\" content=\"Gibson Les Paul Standard 1974 von Randy Rhoads, ikonische Gitarre gespielt vom Virtuosen von Quiet Riot und Ozzy Osbourne. Erh\u00e4ltlich bei Matt\u2019s Guitar Shop.\" \/>\n<meta name=\"robots\" content=\"index, follow, max-snippet:-1, max-image-preview:large, max-video-preview:-1\" \/>\n<link rel=\"canonical\" href=\"https:\/\/www.matts-guitar-shop.com\/de\/produit\/randy-rhoads-1974-gibson-les-paul-standard\/\" \/>\n<meta property=\"og:locale\" content=\"de_DE\" \/>\n<meta property=\"og:type\" content=\"article\" \/>\n<meta property=\"og:title\" content=\"Randy Rhoads\u2019 1974 Gibson Les Paul Standard - Matt&#039;s Guitar Shop\" \/>\n<meta property=\"og:description\" content=\"Gibson Les Paul Standard 1974 von Randy Rhoads, ikonische Gitarre gespielt vom Virtuosen von Quiet Riot und Ozzy Osbourne. Erh\u00e4ltlich bei Matt\u2019s Guitar Shop.\" \/>\n<meta property=\"og:url\" content=\"https:\/\/www.matts-guitar-shop.com\/de\/produit\/randy-rhoads-1974-gibson-les-paul-standard\/\" \/>\n<meta property=\"og:site_name\" content=\"Matt&#039;s Guitar Shop\" \/>\n<meta property=\"article:publisher\" content=\"https:\/\/www.facebook.com\/profile.php?id=100044359842817\" \/>\n<meta property=\"article:modified_time\" content=\"2025-11-26T21:04:10+00:00\" \/>\n<meta property=\"og:image\" content=\"https:\/\/www.matts-guitar-shop.com\/wp-content\/uploads\/2025\/09\/gibson-les-paul-guitar-randy-rhoads-01.jpg\" \/>\n\t<meta property=\"og:image:width\" content=\"800\" \/>\n\t<meta property=\"og:image:height\" content=\"1000\" \/>\n\t<meta property=\"og:image:type\" content=\"image\/jpeg\" \/>\n<meta name=\"twitter:card\" content=\"summary_large_image\" \/>\n<meta name=\"twitter:label1\" content=\"Gesch\u00e4tzte Lesezeit\" \/>\n\t<meta name=\"twitter:data1\" content=\"2\u00a0Minuten\" \/>\n<script type=\"application\/ld+json\" class=\"yoast-schema-graph\">{\"@context\":\"https:\/\/schema.org\",\"@graph\":[{\"@type\":\"WebPage\",\"@id\":\"https:\/\/www.matts-guitar-shop.com\/de\/produit\/randy-rhoads-1974-gibson-les-paul-standard\/\",\"url\":\"https:\/\/www.matts-guitar-shop.com\/de\/produit\/randy-rhoads-1974-gibson-les-paul-standard\/\",\"name\":\"Randy Rhoads\u2019 1974 Gibson Les Paul Standard - Matt&#039;s Guitar Shop\",\"isPartOf\":{\"@id\":\"https:\/\/www.matts-guitar-shop.com\/de\/#website\"},\"primaryImageOfPage\":{\"@id\":\"https:\/\/www.matts-guitar-shop.com\/de\/produit\/randy-rhoads-1974-gibson-les-paul-standard\/#primaryimage\"},\"image\":{\"@id\":\"https:\/\/www.matts-guitar-shop.com\/de\/produit\/randy-rhoads-1974-gibson-les-paul-standard\/#primaryimage\"},\"thumbnailUrl\":\"https:\/\/www.matts-guitar-shop.com\/wp-content\/uploads\/2025\/09\/gibson-les-paul-guitar-randy-rhoads-01.jpg\",\"datePublished\":\"2025-09-20T12:32:14+00:00\",\"dateModified\":\"2025-11-26T21:04:10+00:00\",\"description\":\"Gibson Les Paul Standard 1974 von Randy Rhoads, ikonische Gitarre gespielt vom Virtuosen von Quiet Riot und Ozzy Osbourne. Erh\u00e4ltlich bei Matt\u2019s Guitar Shop.\",\"breadcrumb\":{\"@id\":\"https:\/\/www.matts-guitar-shop.com\/de\/produit\/randy-rhoads-1974-gibson-les-paul-standard\/#breadcrumb\"},\"inLanguage\":\"de\",\"potentialAction\":[{\"@type\":\"ReadAction\",\"target\":[\"https:\/\/www.matts-guitar-shop.com\/de\/produit\/randy-rhoads-1974-gibson-les-paul-standard\/\"]}]},{\"@type\":\"ImageObject\",\"inLanguage\":\"de\",\"@id\":\"https:\/\/www.matts-guitar-shop.com\/de\/produit\/randy-rhoads-1974-gibson-les-paul-standard\/#primaryimage\",\"url\":\"https:\/\/www.matts-guitar-shop.com\/wp-content\/uploads\/2025\/09\/gibson-les-paul-guitar-randy-rhoads-01.jpg\",\"contentUrl\":\"https:\/\/www.matts-guitar-shop.com\/wp-content\/uploads\/2025\/09\/gibson-les-paul-guitar-randy-rhoads-01.jpg\",\"width\":800,\"height\":1000,\"caption\":\"Guitare Randy Rhoads\"},{\"@type\":\"BreadcrumbList\",\"@id\":\"https:\/\/www.matts-guitar-shop.com\/de\/produit\/randy-rhoads-1974-gibson-les-paul-standard\/#breadcrumb\",\"itemListElement\":[{\"@type\":\"ListItem\",\"position\":1,\"name\":\"Startseite\",\"item\":\"https:\/\/www.matts-guitar-shop.com\/de\/\"},{\"@type\":\"ListItem\",\"position\":2,\"name\":\"Shop\",\"item\":\"https:\/\/www.matts-guitar-shop.com\/de\/shop\/\"},{\"@type\":\"ListItem\",\"position\":3,\"name\":\"Randy Rhoads\u2019 1974 Gibson Les Paul Standard\"}]},{\"@type\":\"WebSite\",\"@id\":\"https:\/\/www.matts-guitar-shop.com\/de\/#website\",\"url\":\"https:\/\/www.matts-guitar-shop.com\/de\/\",\"name\":\"matts-guitar-shop.com\",\"description\":\"Guitar Shop\",\"publisher\":{\"@id\":\"https:\/\/www.matts-guitar-shop.com\/de\/#organization\"},\"potentialAction\":[{\"@type\":\"SearchAction\",\"target\":{\"@type\":\"EntryPoint\",\"urlTemplate\":\"https:\/\/www.matts-guitar-shop.com\/de\/?s={search_term_string}\"},\"query-input\":{\"@type\":\"PropertyValueSpecification\",\"valueRequired\":true,\"valueName\":\"search_term_string\"}}],\"inLanguage\":\"de\"},{\"@type\":\"Organization\",\"@id\":\"https:\/\/www.matts-guitar-shop.com\/de\/#organization\",\"name\":\"matts-guitar-shop.com\",\"url\":\"https:\/\/www.matts-guitar-shop.com\/de\/\",\"logo\":{\"@type\":\"ImageObject\",\"inLanguage\":\"de\",\"@id\":\"https:\/\/www.matts-guitar-shop.com\/de\/#\/schema\/logo\/image\/\",\"url\":\"https:\/\/www.matts-guitar-shop.com\/wp-content\/uploads\/2024\/09\/MGS-logo-site-02.png\",\"contentUrl\":\"https:\/\/www.matts-guitar-shop.com\/wp-content\/uploads\/2024\/09\/MGS-logo-site-02.png\",\"width\":200,\"height\":122,\"caption\":\"matts-guitar-shop.com\"},\"image\":{\"@id\":\"https:\/\/www.matts-guitar-shop.com\/de\/#\/schema\/logo\/image\/\"},\"sameAs\":[\"https:\/\/www.facebook.com\/profile.php?id=100044359842817\",\"https:\/\/www.instagram.com\/mattsguitarshop\/\",\"https:\/\/www.youtube.com\/@MattLucasMan\/videos\"]}]}<\/script>\n<!-- \/ Yoast SEO plugin. -->","yoast_head_json":{"title":"Randy Rhoads\u2019 1974 Gibson Les Paul Standard - Matt&#039;s Guitar Shop","description":"Gibson Les Paul Standard 1974 von Randy Rhoads, ikonische Gitarre gespielt vom Virtuosen von Quiet Riot und Ozzy Osbourne. Erh\u00e4ltlich bei Matt\u2019s Guitar Shop.","robots":{"index":"index","follow":"follow","max-snippet":"max-snippet:-1","max-image-preview":"max-image-preview:large","max-video-preview":"max-video-preview:-1"},"canonical":"https:\/\/www.matts-guitar-shop.com\/de\/produit\/randy-rhoads-1974-gibson-les-paul-standard\/","og_locale":"de_DE","og_type":"article","og_title":"Randy Rhoads\u2019 1974 Gibson Les Paul Standard - Matt&#039;s Guitar Shop","og_description":"Gibson Les Paul Standard 1974 von Randy Rhoads, ikonische Gitarre gespielt vom Virtuosen von Quiet Riot und Ozzy Osbourne. Erh\u00e4ltlich bei Matt\u2019s Guitar Shop.","og_url":"https:\/\/www.matts-guitar-shop.com\/de\/produit\/randy-rhoads-1974-gibson-les-paul-standard\/","og_site_name":"Matt&#039;s Guitar Shop","article_publisher":"https:\/\/www.facebook.com\/profile.php?id=100044359842817","article_modified_time":"2025-11-26T21:04:10+00:00","og_image":[{"width":800,"height":1000,"url":"https:\/\/www.matts-guitar-shop.com\/wp-content\/uploads\/2025\/09\/gibson-les-paul-guitar-randy-rhoads-01.jpg","type":"image\/jpeg"}],"twitter_card":"summary_large_image","twitter_misc":{"Gesch\u00e4tzte Lesezeit":"2\u00a0Minuten"},"schema":{"@context":"https:\/\/schema.org","@graph":[{"@type":"WebPage","@id":"https:\/\/www.matts-guitar-shop.com\/de\/produit\/randy-rhoads-1974-gibson-les-paul-standard\/","url":"https:\/\/www.matts-guitar-shop.com\/de\/produit\/randy-rhoads-1974-gibson-les-paul-standard\/","name":"Randy Rhoads\u2019 1974 Gibson Les Paul Standard - Matt&#039;s Guitar Shop","isPartOf":{"@id":"https:\/\/www.matts-guitar-shop.com\/de\/#website"},"primaryImageOfPage":{"@id":"https:\/\/www.matts-guitar-shop.com\/de\/produit\/randy-rhoads-1974-gibson-les-paul-standard\/#primaryimage"},"image":{"@id":"https:\/\/www.matts-guitar-shop.com\/de\/produit\/randy-rhoads-1974-gibson-les-paul-standard\/#primaryimage"},"thumbnailUrl":"https:\/\/www.matts-guitar-shop.com\/wp-content\/uploads\/2025\/09\/gibson-les-paul-guitar-randy-rhoads-01.jpg","datePublished":"2025-09-20T12:32:14+00:00","dateModified":"2025-11-26T21:04:10+00:00","description":"Gibson Les Paul Standard 1974 von Randy Rhoads, ikonische Gitarre gespielt vom Virtuosen von Quiet Riot und Ozzy Osbourne. Erh\u00e4ltlich bei Matt\u2019s Guitar Shop.","breadcrumb":{"@id":"https:\/\/www.matts-guitar-shop.com\/de\/produit\/randy-rhoads-1974-gibson-les-paul-standard\/#breadcrumb"},"inLanguage":"de","potentialAction":[{"@type":"ReadAction","target":["https:\/\/www.matts-guitar-shop.com\/de\/produit\/randy-rhoads-1974-gibson-les-paul-standard\/"]}]},{"@type":"ImageObject","inLanguage":"de","@id":"https:\/\/www.matts-guitar-shop.com\/de\/produit\/randy-rhoads-1974-gibson-les-paul-standard\/#primaryimage","url":"https:\/\/www.matts-guitar-shop.com\/wp-content\/uploads\/2025\/09\/gibson-les-paul-guitar-randy-rhoads-01.jpg","contentUrl":"https:\/\/www.matts-guitar-shop.com\/wp-content\/uploads\/2025\/09\/gibson-les-paul-guitar-randy-rhoads-01.jpg","width":800,"height":1000,"caption":"Guitare Randy Rhoads"},{"@type":"BreadcrumbList","@id":"https:\/\/www.matts-guitar-shop.com\/de\/produit\/randy-rhoads-1974-gibson-les-paul-standard\/#breadcrumb","itemListElement":[{"@type":"ListItem","position":1,"name":"Startseite","item":"https:\/\/www.matts-guitar-shop.com\/de\/"},{"@type":"ListItem","position":2,"name":"Shop","item":"https:\/\/www.matts-guitar-shop.com\/de\/shop\/"},{"@type":"ListItem","position":3,"name":"Randy Rhoads\u2019 1974 Gibson Les Paul Standard"}]},{"@type":"WebSite","@id":"https:\/\/www.matts-guitar-shop.com\/de\/#website","url":"https:\/\/www.matts-guitar-shop.com\/de\/","name":"matts-guitar-shop.com","description":"Guitar Shop","publisher":{"@id":"https:\/\/www.matts-guitar-shop.com\/de\/#organization"},"potentialAction":[{"@type":"SearchAction","target":{"@type":"EntryPoint","urlTemplate":"https:\/\/www.matts-guitar-shop.com\/de\/?s={search_term_string}"},"query-input":{"@type":"PropertyValueSpecification","valueRequired":true,"valueName":"search_term_string"}}],"inLanguage":"de"},{"@type":"Organization","@id":"https:\/\/www.matts-guitar-shop.com\/de\/#organization","name":"matts-guitar-shop.com","url":"https:\/\/www.matts-guitar-shop.com\/de\/","logo":{"@type":"ImageObject","inLanguage":"de","@id":"https:\/\/www.matts-guitar-shop.com\/de\/#\/schema\/logo\/image\/","url":"https:\/\/www.matts-guitar-shop.com\/wp-content\/uploads\/2024\/09\/MGS-logo-site-02.png","contentUrl":"https:\/\/www.matts-guitar-shop.com\/wp-content\/uploads\/2024\/09\/MGS-logo-site-02.png","width":200,"height":122,"caption":"matts-guitar-shop.com"},"image":{"@id":"https:\/\/www.matts-guitar-shop.com\/de\/#\/schema\/logo\/image\/"},"sameAs":["https:\/\/www.facebook.com\/profile.php?id=100044359842817","https:\/\/www.instagram.com\/mattsguitarshop\/","https:\/\/www.youtube.com\/@MattLucasMan\/videos"]}]}},"_links":{"self":[{"href":"https:\/\/www.matts-guitar-shop.com\/de\/wp-json\/wp\/v2\/product\/20203","targetHints":{"allow":["GET"]}}],"collection":[{"href":"https:\/\/www.matts-guitar-shop.com\/de\/wp-json\/wp\/v2\/product"}],"about":[{"href":"https:\/\/www.matts-guitar-shop.com\/de\/wp-json\/wp\/v2\/types\/product"}],"replies":[{"embeddable":true,"href":"https:\/\/www.matts-guitar-shop.com\/de\/wp-json\/wp\/v2\/comments?post=20203"}],"wp:featuredmedia":[{"embeddable":true,"href":"https:\/\/www.matts-guitar-shop.com\/de\/wp-json\/wp\/v2\/media\/19819"}],"wp:attachment":[{"href":"https:\/\/www.matts-guitar-shop.com\/de\/wp-json\/wp\/v2\/media?parent=20203"}],"wp:term":[{"taxonomy":"product_brand","embeddable":true,"href":"https:\/\/www.matts-guitar-shop.com\/de\/wp-json\/wp\/v2\/product_brand?post=20203"},{"taxonomy":"product_cat","embeddable":true,"href":"https:\/\/www.matts-guitar-shop.com\/de\/wp-json\/wp\/v2\/product_cat?post=20203"},{"taxonomy":"product_tag","embeddable":true,"href":"https:\/\/www.matts-guitar-shop.com\/de\/wp-json\/wp\/v2\/product_tag?post=20203"}],"curies":[{"name":"wp","href":"https:\/\/api.w.org\/{rel}","templated":true}]}}