{"id":20033,"date":"2024-08-12T18:53:09","date_gmt":"2024-08-12T16:53:09","guid":{"rendered":"https:\/\/www.matts-guitar-shop.com\/produit\/sundragon-limitierte-auflage-18-50-signiert-von-jimmy-page\/"},"modified":"2025-11-18T20:19:23","modified_gmt":"2025-11-18T19:19:23","slug":"sundragon-limitierte-auflage-18-50-signiert-von-jimmy-page","status":"publish","type":"product","link":"https:\/\/www.matts-guitar-shop.com\/de\/produit\/sundragon-limitierte-auflage-18-50-signiert-von-jimmy-page\/","title":{"rendered":"Sundragon Limitierte Auflage #18\/50, signiert von Jimmy Page"},"content":{"rendered":"<p>Jimmy Page<br \/> (1944)<\/p>\n<p>Band: Led Zeppelin<br \/> Hauptgitarre: Gibson Les Paul Standard 1959<br \/> Unbedingt h\u00f6renswerter Titel: What Is And What Should Never Be<\/p>\n<p>Der Zauberer und das Sexsymbol. Innerhalb von Led Zeppelin erschuf Page das Inbild des Guitar Heroes, an dem sich alle Solisten der 70er-Jahre orientierten. Das lange Haar, das seine Augen verdeckte, die eng anliegenden Hosen mit Drachenmuster, die tief getragene Les Paul\u2026 Page strahlte bereits Charisma und Mystik aus, sobald er eine Gitarre in die Hand nahm. Wenn er zus\u00e4tzlich okkult anmutende Rituale mit Geigenbogen oder Theremin zelebrierte, hatte die Konkurrenz keine Chance mehr.<\/p>\n<p>Led Zeppelin war keineswegs Pages erster Versuch: James Patrick Page geh\u00f6rte zu den gefragtesten Studiogitarristen im London der Swinging Sixties. Er spielte auf Alben von Tom Jones, The Who und sogar Johnny Hallyday. Ende des Jahrzehnts trat er den Yardbirds bei, wo er schlie\u00dflich Jeff Beck ersetzte. Nach und nach ersetzte er das gesamte Line-Up, bis die New Yardbirds entstanden: Page an der Gitarre, John Paul Jones am Bass (ebenfalls Studiomusiker und enger Weggef\u00e4hrte von Page), Robert Plant (ein junger Amateur-S\u00e4nger aus dem Norden) und John Bonham (der Schlagzeuger von Plants damaliger Band). Wenige Monate sp\u00e4ter wurde die Band in Led Zeppelin umbenannt und eroberte mit gigantischen Riffs, psychedelischen Stimmungen und vom Chicago Blues inspirierten Texten Europa und Amerika.<\/p>\n<p>Das erste Album von 1969 nahm Page noch mit einer Palisander-Telecaster von \u201959 auf. Doch nachdem er Joe Walsh eine Les Paul Burst abgekauft hatte, fand er seinen wahren Sound. Riffs wie Whole Lotta Love oder Bring It On Home h\u00e4tten niemals dieses schmutzige, satte Timbre gehabt, w\u00e4re nicht die g\u00f6ttliche Gibson im Spiel gewesen. Mit Led Zeppelin II etablierten sich die Briten endg\u00fcltig als unaufhaltsamer Koloss, der unz\u00e4hlige Fans gewann, obwohl sie sich konsequent den Regeln des Musikgesch\u00e4fts widersetzten: keine Singles, keine TV-Auftritte und Alben, die von Kritikern verrissen wurden \u2013 Kritiker, die sp\u00e4ter reum\u00fctig einr\u00e4umten, nicht erkannt zu haben, was Millionen Fans l\u00e4ngst verstanden hatten.<\/p>\n<p>Nach dem tragischen Tod von Bonham 1980 l\u00f6ste sich die Band auf. Page brauchte f\u00fcnf Jahre, um mit The Firm (mit Paul Rodgers am Gesang) wieder ein Projekt zu starten. 1988 folgte sein Soloalbum Outrider, 1993 die Zusammenarbeit mit David Coverdale. Dieses Album klang wie eine unausgesprochene Hommage an Led Zeppelin \u2013 und so war es nur logisch, dass 1994 das Duo Page &#038; Plant mit No Quarter auftrat, einem Projekt, bei dem sie Zep-Klassiker mit einem \u00e4gyptischen Orchester neu interpretierten. Walking Into Clarksdale konnte allerdings kaum beweisen, dass die beiden noch neue Songs in sich hatten. Page ver\u00f6ffentlichte danach kein weiteres Album mit neuem Material. Stattdessen spielte er mit den Black Crowes ein Live-Album ausschlie\u00dflich mit Led-Zeppelin-Songs ein und scheint sich seither auf das Erbe der Band zu konzentrieren, indem er die Neuauflagen und Remasters mit eiserner Hand betreut. Angesichts einer derartigen Goldmine kann man es ihm schwerlich ver\u00fcbeln.<\/p>\n","protected":false},"excerpt":{"rendered":"<p><strong>Wenn ein Sound den Rock der zweiten H\u00e4lfte des 20. Jahrhunderts zusammenfassen m\u00fcsste, dann zweifellos der von Led Zeppelin. Einzigartig durch seine rohe Kraft, seine entfesselte Wucht und psychedelische Einsch\u00fcbe, war der Sound auf dem ersten gleichnamigen Album der Band eine regelrechte Flutwelle, die alles bisher Bekannte hinwegfegte. Jimmy Page pr\u00e4sentierte sich als waghalsiger Experimentator, der eine unvergleichliche klangliche Identit\u00e4t formte, die die gro\u00dfe Geschichte der Musik mitgestaltete. Dieser Sundragon-Verst\u00e4rker ist das Ergebnis einer au\u00dfergew\u00f6hnlichen Zusammenarbeit mit Jimmy Page und reproduziert das Amplifier-Modell exakt, das der Gitarrist nutzte, um den revolution\u00e4ren Sound von Led Zeppelin I und weiteren legend\u00e4ren Alben zu erschaffen.<\/strong><\/p>\n<p>Zur Feier des 50-j\u00e4hrigen Jubil\u00e4ums von Led Zeppelin arbeitete Jimmy Page mit Perry Margouleff und Mitch Colby zusammen, um einen au\u00dfergew\u00f6hnlichen Verst\u00e4rker zu entwickeln. So entstand der Sundragon \u2013 ein Verst\u00e4rker, der allen Gitarristen die M\u00f6glichkeit bietet, die einzigartigen Sounds zu erleben, die Page nutzte, um die Zukunft des Rock\u2019n\u2019Roll zu pr\u00e4gen. Es handelt sich um eine limitierte Auflage von 50 handgefertigten Sundragons, alle signiert auf einer Plakette auf der R\u00fcckseite des Verst\u00e4rkers.<\/p>\n<p>Der Originalverst\u00e4rker von Jimmy Page hat eine fast schon romanhafte Geschichte, die seine Legende pr\u00e4gte. W\u00e4hrend einer Tour mit Neil Christian fiel der Supro Coronado aus dem Van der Band. Page lie\u00df den Verst\u00e4rker restaurieren und tiefgreifend modifizieren, wodurch eine einzigartige und revolution\u00e4re Klangpalette entstand. Nach fast einem halben Jahrhundert des Geheimnisses entschied sich Jimmy Page, der Welt die Geheimnisse dieses wegweisenden Verst\u00e4rkers zu offenbaren. Beeindruckt von den wissenschaftlichen Analysen von Perry Margouleff und Mitch Colby zur Reproduktion des originalen Supro-Sounds entstand dieser Sundragon. Er ist daher die authentischste Reproduktion des gro\u00dfartigen Klangs, den Jimmy Page kreierte und der die Musikgeschichte ver\u00e4nderte. Einfach den Stecker einstecken \u2026 und das goldene Zeitalter des Rock lebt wieder auf!<\/p>\n<p>Haben Sie Fragen zu diesem Produkt, kontaktieren Sie uns!<\/p>\n","protected":false},"featured_media":1103,"comment_status":"open","ping_status":"closed","template":"","meta":{"_et_pb_use_builder":"","_et_pb_old_content":"","_et_gb_content_width":""},"product_brand":[],"product_cat":[668,667,670],"product_tag":[],"class_list":{"0":"post-20033","1":"product","2":"type-product","3":"status-publish","4":"has-post-thumbnail","6":"product_cat-amp","7":"product_cat-amp-effekte","8":"product_cat-kuenstler","9":"pa_artiste-jimmy-page-de","10":"pa_disponibilite-zu-verkaufen","11":"pa_marque-sundragon-de","13":"first","14":"instock","15":"shipping-taxable","16":"purchasable","17":"product-type-simple"},"yoast_head":"<!-- This site is optimized with the Yoast SEO plugin v26.8 - https:\/\/yoast.com\/product\/yoast-seo-wordpress\/ -->\n<title>Sundragon Limitierte Auflage #18\/50, signiert von Jimmy Page - Matt&#039;s Guitar Shop<\/title>\n<meta name=\"description\" content=\"Sundragon Limited Edition #18\/50, signiert von Jimmy Page. Ein seltener, sammelw\u00fcrdiger Verst\u00e4rker \u2013 ein au\u00dfergew\u00f6hnliches St\u00fcck f\u00fcr Led-Zeppelin-Fans.\" \/>\n<meta name=\"robots\" content=\"index, follow, max-snippet:-1, max-image-preview:large, max-video-preview:-1\" \/>\n<link rel=\"canonical\" href=\"https:\/\/www.matts-guitar-shop.com\/de\/produit\/sundragon-limitierte-auflage-18-50-signiert-von-jimmy-page\/\" \/>\n<meta property=\"og:locale\" content=\"de_DE\" \/>\n<meta property=\"og:type\" content=\"article\" \/>\n<meta property=\"og:title\" content=\"Sundragon Limitierte Auflage #18\/50, signiert von Jimmy Page - Matt&#039;s Guitar Shop\" \/>\n<meta property=\"og:description\" content=\"Sundragon Limited Edition #18\/50, signiert von Jimmy Page. Ein seltener, sammelw\u00fcrdiger Verst\u00e4rker \u2013 ein au\u00dfergew\u00f6hnliches St\u00fcck f\u00fcr Led-Zeppelin-Fans.\" \/>\n<meta property=\"og:url\" content=\"https:\/\/www.matts-guitar-shop.com\/de\/produit\/sundragon-limitierte-auflage-18-50-signiert-von-jimmy-page\/\" \/>\n<meta property=\"og:site_name\" content=\"Matt&#039;s Guitar Shop\" \/>\n<meta property=\"article:publisher\" content=\"https:\/\/www.facebook.com\/profile.php?id=100044359842817\" \/>\n<meta property=\"article:modified_time\" content=\"2025-11-18T19:19:23+00:00\" \/>\n<meta property=\"og:image\" content=\"https:\/\/www.matts-guitar-shop.com\/wp-content\/uploads\/2024\/08\/Sundragon-Limited-Edition-18-signed-by-Jimmy-Page-ampli.jpg\" \/>\n\t<meta property=\"og:image:width\" content=\"600\" \/>\n\t<meta property=\"og:image:height\" content=\"867\" \/>\n\t<meta property=\"og:image:type\" content=\"image\/jpeg\" \/>\n<meta name=\"twitter:card\" content=\"summary_large_image\" \/>\n<meta name=\"twitter:label1\" content=\"Gesch\u00e4tzte Lesezeit\" \/>\n\t<meta name=\"twitter:data1\" content=\"2\u00a0Minuten\" \/>\n<script type=\"application\/ld+json\" class=\"yoast-schema-graph\">{\"@context\":\"https:\/\/schema.org\",\"@graph\":[{\"@type\":\"WebPage\",\"@id\":\"https:\/\/www.matts-guitar-shop.com\/de\/produit\/sundragon-limitierte-auflage-18-50-signiert-von-jimmy-page\/\",\"url\":\"https:\/\/www.matts-guitar-shop.com\/de\/produit\/sundragon-limitierte-auflage-18-50-signiert-von-jimmy-page\/\",\"name\":\"Sundragon Limitierte Auflage #18\/50, signiert von Jimmy Page - Matt&#039;s Guitar Shop\",\"isPartOf\":{\"@id\":\"https:\/\/www.matts-guitar-shop.com\/de\/#website\"},\"primaryImageOfPage\":{\"@id\":\"https:\/\/www.matts-guitar-shop.com\/de\/produit\/sundragon-limitierte-auflage-18-50-signiert-von-jimmy-page\/#primaryimage\"},\"image\":{\"@id\":\"https:\/\/www.matts-guitar-shop.com\/de\/produit\/sundragon-limitierte-auflage-18-50-signiert-von-jimmy-page\/#primaryimage\"},\"thumbnailUrl\":\"https:\/\/www.matts-guitar-shop.com\/wp-content\/uploads\/2024\/08\/Sundragon-Limited-Edition-18-signed-by-Jimmy-Page-ampli.jpg\",\"datePublished\":\"2024-08-12T16:53:09+00:00\",\"dateModified\":\"2025-11-18T19:19:23+00:00\",\"description\":\"Sundragon Limited Edition #18\/50, signiert von Jimmy Page. Ein seltener, sammelw\u00fcrdiger Verst\u00e4rker \u2013 ein au\u00dfergew\u00f6hnliches St\u00fcck f\u00fcr Led-Zeppelin-Fans.\",\"breadcrumb\":{\"@id\":\"https:\/\/www.matts-guitar-shop.com\/de\/produit\/sundragon-limitierte-auflage-18-50-signiert-von-jimmy-page\/#breadcrumb\"},\"inLanguage\":\"de\",\"potentialAction\":[{\"@type\":\"ReadAction\",\"target\":[\"https:\/\/www.matts-guitar-shop.com\/de\/produit\/sundragon-limitierte-auflage-18-50-signiert-von-jimmy-page\/\"]}]},{\"@type\":\"ImageObject\",\"inLanguage\":\"de\",\"@id\":\"https:\/\/www.matts-guitar-shop.com\/de\/produit\/sundragon-limitierte-auflage-18-50-signiert-von-jimmy-page\/#primaryimage\",\"url\":\"https:\/\/www.matts-guitar-shop.com\/wp-content\/uploads\/2024\/08\/Sundragon-Limited-Edition-18-signed-by-Jimmy-Page-ampli.jpg\",\"contentUrl\":\"https:\/\/www.matts-guitar-shop.com\/wp-content\/uploads\/2024\/08\/Sundragon-Limited-Edition-18-signed-by-Jimmy-Page-ampli.jpg\",\"width\":600,\"height\":867},{\"@type\":\"BreadcrumbList\",\"@id\":\"https:\/\/www.matts-guitar-shop.com\/de\/produit\/sundragon-limitierte-auflage-18-50-signiert-von-jimmy-page\/#breadcrumb\",\"itemListElement\":[{\"@type\":\"ListItem\",\"position\":1,\"name\":\"Startseite\",\"item\":\"https:\/\/www.matts-guitar-shop.com\/de\/\"},{\"@type\":\"ListItem\",\"position\":2,\"name\":\"Shop\",\"item\":\"https:\/\/www.matts-guitar-shop.com\/de\/shop\/\"},{\"@type\":\"ListItem\",\"position\":3,\"name\":\"Sundragon Limitierte Auflage #18\/50, signiert von Jimmy Page\"}]},{\"@type\":\"WebSite\",\"@id\":\"https:\/\/www.matts-guitar-shop.com\/de\/#website\",\"url\":\"https:\/\/www.matts-guitar-shop.com\/de\/\",\"name\":\"matts-guitar-shop.com\",\"description\":\"Guitar Shop\",\"publisher\":{\"@id\":\"https:\/\/www.matts-guitar-shop.com\/de\/#organization\"},\"potentialAction\":[{\"@type\":\"SearchAction\",\"target\":{\"@type\":\"EntryPoint\",\"urlTemplate\":\"https:\/\/www.matts-guitar-shop.com\/de\/?s={search_term_string}\"},\"query-input\":{\"@type\":\"PropertyValueSpecification\",\"valueRequired\":true,\"valueName\":\"search_term_string\"}}],\"inLanguage\":\"de\"},{\"@type\":\"Organization\",\"@id\":\"https:\/\/www.matts-guitar-shop.com\/de\/#organization\",\"name\":\"matts-guitar-shop.com\",\"url\":\"https:\/\/www.matts-guitar-shop.com\/de\/\",\"logo\":{\"@type\":\"ImageObject\",\"inLanguage\":\"de\",\"@id\":\"https:\/\/www.matts-guitar-shop.com\/de\/#\/schema\/logo\/image\/\",\"url\":\"https:\/\/www.matts-guitar-shop.com\/wp-content\/uploads\/2024\/09\/MGS-logo-site-02.png\",\"contentUrl\":\"https:\/\/www.matts-guitar-shop.com\/wp-content\/uploads\/2024\/09\/MGS-logo-site-02.png\",\"width\":200,\"height\":122,\"caption\":\"matts-guitar-shop.com\"},\"image\":{\"@id\":\"https:\/\/www.matts-guitar-shop.com\/de\/#\/schema\/logo\/image\/\"},\"sameAs\":[\"https:\/\/www.facebook.com\/profile.php?id=100044359842817\",\"https:\/\/www.instagram.com\/mattsguitarshop\/\",\"https:\/\/www.youtube.com\/@MattLucasMan\/videos\"]}]}<\/script>\n<!-- \/ Yoast SEO plugin. -->","yoast_head_json":{"title":"Sundragon Limitierte Auflage #18\/50, signiert von Jimmy Page - Matt&#039;s Guitar Shop","description":"Sundragon Limited Edition #18\/50, signiert von Jimmy Page. Ein seltener, sammelw\u00fcrdiger Verst\u00e4rker \u2013 ein au\u00dfergew\u00f6hnliches St\u00fcck f\u00fcr Led-Zeppelin-Fans.","robots":{"index":"index","follow":"follow","max-snippet":"max-snippet:-1","max-image-preview":"max-image-preview:large","max-video-preview":"max-video-preview:-1"},"canonical":"https:\/\/www.matts-guitar-shop.com\/de\/produit\/sundragon-limitierte-auflage-18-50-signiert-von-jimmy-page\/","og_locale":"de_DE","og_type":"article","og_title":"Sundragon Limitierte Auflage #18\/50, signiert von Jimmy Page - Matt&#039;s Guitar Shop","og_description":"Sundragon Limited Edition #18\/50, signiert von Jimmy Page. Ein seltener, sammelw\u00fcrdiger Verst\u00e4rker \u2013 ein au\u00dfergew\u00f6hnliches St\u00fcck f\u00fcr Led-Zeppelin-Fans.","og_url":"https:\/\/www.matts-guitar-shop.com\/de\/produit\/sundragon-limitierte-auflage-18-50-signiert-von-jimmy-page\/","og_site_name":"Matt&#039;s Guitar Shop","article_publisher":"https:\/\/www.facebook.com\/profile.php?id=100044359842817","article_modified_time":"2025-11-18T19:19:23+00:00","og_image":[{"width":600,"height":867,"url":"https:\/\/www.matts-guitar-shop.com\/wp-content\/uploads\/2024\/08\/Sundragon-Limited-Edition-18-signed-by-Jimmy-Page-ampli.jpg","type":"image\/jpeg"}],"twitter_card":"summary_large_image","twitter_misc":{"Gesch\u00e4tzte Lesezeit":"2\u00a0Minuten"},"schema":{"@context":"https:\/\/schema.org","@graph":[{"@type":"WebPage","@id":"https:\/\/www.matts-guitar-shop.com\/de\/produit\/sundragon-limitierte-auflage-18-50-signiert-von-jimmy-page\/","url":"https:\/\/www.matts-guitar-shop.com\/de\/produit\/sundragon-limitierte-auflage-18-50-signiert-von-jimmy-page\/","name":"Sundragon Limitierte Auflage #18\/50, signiert von Jimmy Page - Matt&#039;s Guitar Shop","isPartOf":{"@id":"https:\/\/www.matts-guitar-shop.com\/de\/#website"},"primaryImageOfPage":{"@id":"https:\/\/www.matts-guitar-shop.com\/de\/produit\/sundragon-limitierte-auflage-18-50-signiert-von-jimmy-page\/#primaryimage"},"image":{"@id":"https:\/\/www.matts-guitar-shop.com\/de\/produit\/sundragon-limitierte-auflage-18-50-signiert-von-jimmy-page\/#primaryimage"},"thumbnailUrl":"https:\/\/www.matts-guitar-shop.com\/wp-content\/uploads\/2024\/08\/Sundragon-Limited-Edition-18-signed-by-Jimmy-Page-ampli.jpg","datePublished":"2024-08-12T16:53:09+00:00","dateModified":"2025-11-18T19:19:23+00:00","description":"Sundragon Limited Edition #18\/50, signiert von Jimmy Page. Ein seltener, sammelw\u00fcrdiger Verst\u00e4rker \u2013 ein au\u00dfergew\u00f6hnliches St\u00fcck f\u00fcr Led-Zeppelin-Fans.","breadcrumb":{"@id":"https:\/\/www.matts-guitar-shop.com\/de\/produit\/sundragon-limitierte-auflage-18-50-signiert-von-jimmy-page\/#breadcrumb"},"inLanguage":"de","potentialAction":[{"@type":"ReadAction","target":["https:\/\/www.matts-guitar-shop.com\/de\/produit\/sundragon-limitierte-auflage-18-50-signiert-von-jimmy-page\/"]}]},{"@type":"ImageObject","inLanguage":"de","@id":"https:\/\/www.matts-guitar-shop.com\/de\/produit\/sundragon-limitierte-auflage-18-50-signiert-von-jimmy-page\/#primaryimage","url":"https:\/\/www.matts-guitar-shop.com\/wp-content\/uploads\/2024\/08\/Sundragon-Limited-Edition-18-signed-by-Jimmy-Page-ampli.jpg","contentUrl":"https:\/\/www.matts-guitar-shop.com\/wp-content\/uploads\/2024\/08\/Sundragon-Limited-Edition-18-signed-by-Jimmy-Page-ampli.jpg","width":600,"height":867},{"@type":"BreadcrumbList","@id":"https:\/\/www.matts-guitar-shop.com\/de\/produit\/sundragon-limitierte-auflage-18-50-signiert-von-jimmy-page\/#breadcrumb","itemListElement":[{"@type":"ListItem","position":1,"name":"Startseite","item":"https:\/\/www.matts-guitar-shop.com\/de\/"},{"@type":"ListItem","position":2,"name":"Shop","item":"https:\/\/www.matts-guitar-shop.com\/de\/shop\/"},{"@type":"ListItem","position":3,"name":"Sundragon Limitierte Auflage #18\/50, signiert von Jimmy Page"}]},{"@type":"WebSite","@id":"https:\/\/www.matts-guitar-shop.com\/de\/#website","url":"https:\/\/www.matts-guitar-shop.com\/de\/","name":"matts-guitar-shop.com","description":"Guitar Shop","publisher":{"@id":"https:\/\/www.matts-guitar-shop.com\/de\/#organization"},"potentialAction":[{"@type":"SearchAction","target":{"@type":"EntryPoint","urlTemplate":"https:\/\/www.matts-guitar-shop.com\/de\/?s={search_term_string}"},"query-input":{"@type":"PropertyValueSpecification","valueRequired":true,"valueName":"search_term_string"}}],"inLanguage":"de"},{"@type":"Organization","@id":"https:\/\/www.matts-guitar-shop.com\/de\/#organization","name":"matts-guitar-shop.com","url":"https:\/\/www.matts-guitar-shop.com\/de\/","logo":{"@type":"ImageObject","inLanguage":"de","@id":"https:\/\/www.matts-guitar-shop.com\/de\/#\/schema\/logo\/image\/","url":"https:\/\/www.matts-guitar-shop.com\/wp-content\/uploads\/2024\/09\/MGS-logo-site-02.png","contentUrl":"https:\/\/www.matts-guitar-shop.com\/wp-content\/uploads\/2024\/09\/MGS-logo-site-02.png","width":200,"height":122,"caption":"matts-guitar-shop.com"},"image":{"@id":"https:\/\/www.matts-guitar-shop.com\/de\/#\/schema\/logo\/image\/"},"sameAs":["https:\/\/www.facebook.com\/profile.php?id=100044359842817","https:\/\/www.instagram.com\/mattsguitarshop\/","https:\/\/www.youtube.com\/@MattLucasMan\/videos"]}]}},"_links":{"self":[{"href":"https:\/\/www.matts-guitar-shop.com\/de\/wp-json\/wp\/v2\/product\/20033","targetHints":{"allow":["GET"]}}],"collection":[{"href":"https:\/\/www.matts-guitar-shop.com\/de\/wp-json\/wp\/v2\/product"}],"about":[{"href":"https:\/\/www.matts-guitar-shop.com\/de\/wp-json\/wp\/v2\/types\/product"}],"replies":[{"embeddable":true,"href":"https:\/\/www.matts-guitar-shop.com\/de\/wp-json\/wp\/v2\/comments?post=20033"}],"wp:featuredmedia":[{"embeddable":true,"href":"https:\/\/www.matts-guitar-shop.com\/de\/wp-json\/wp\/v2\/media\/1103"}],"wp:attachment":[{"href":"https:\/\/www.matts-guitar-shop.com\/de\/wp-json\/wp\/v2\/media?parent=20033"}],"wp:term":[{"taxonomy":"product_brand","embeddable":true,"href":"https:\/\/www.matts-guitar-shop.com\/de\/wp-json\/wp\/v2\/product_brand?post=20033"},{"taxonomy":"product_cat","embeddable":true,"href":"https:\/\/www.matts-guitar-shop.com\/de\/wp-json\/wp\/v2\/product_cat?post=20033"},{"taxonomy":"product_tag","embeddable":true,"href":"https:\/\/www.matts-guitar-shop.com\/de\/wp-json\/wp\/v2\/product_tag?post=20033"}],"curies":[{"name":"wp","href":"https:\/\/api.w.org\/{rel}","templated":true}]}}