{"id":20026,"date":"2024-08-12T16:37:11","date_gmt":"2024-08-12T14:37:11","guid":{"rendered":"https:\/\/www.matts-guitar-shop.com\/produit\/fender-dual-showman-ehemals-chuck-berry\/"},"modified":"2026-02-18T21:15:04","modified_gmt":"2026-02-18T20:15:04","slug":"fender-dual-showman-ehemals-chuck-berry","status":"publish","type":"product","link":"https:\/\/www.matts-guitar-shop.com\/de\/produit\/fender-dual-showman-ehemals-chuck-berry\/","title":{"rendered":"Fender Dual Showman ehemals Chuck Berry"},"content":{"rendered":"<h2>Biografie von Chuck Berry<br \/>(1926 &#8211; 2017)<\/h2>\n<p>Hauptgitarre: Gibson ES-355<br \/>Unbedingt anh\u00f6ren: Johnny B. Goode<\/p>\n<p>\u201eWenn man dem Rock \u2019n\u2019 Roll einen anderen Namen geben m\u00fcsste, w\u00fcrde man ihn Chuck Berry nennen\u201c, sagte John Lennon, um die enorme Bedeutung des genialen Musikers aus St. Louis, Missouri, zu verdeutlichen. W\u00e4hrend Elvis den gro\u00dfen Gewinn durch Charisma und samtige Stimme einstrich, schrieb Chuck die meisten Klassiker des Genres und schenkte dem Rock seine sch\u00f6nsten Gitarrenmomente. Sein elektrischer Stil \u2013 schnell, aggressiv und bluesig \u2013 wurde zur Bibel f\u00fcr Musiker wie Keith Richards, Angus Young und Bob Dylan.<\/p>\n<p>Berry selbst lie\u00df sich stark vom Pianisten Johnnie Johnson inspirieren, mit dem er lange spielte, und f\u00fcgte seinen Soli ein unvergleichliches Showtalent hinzu. Zwischen Duck Walk, Spagat und seiner blo\u00dfen Ausstrahlung war Chuck Berry live sowohl musikalisch als auch visuell ein Erlebnis. Schon 1953 erkannte er das Potenzial einer Mischung aus schwarzer Musik (Blues) und wei\u00dfer Musik (Country). Er entwickelte seinen Stil um dieses Hybrid, beginnend mit seiner ersten Single 1955, <em>Maybellene<\/em>, einer Adaption des Country-Klassikers \u201eIra Red\u201c, die er frech f\u00fcr sich beanspruchte und bei Chess, dem legend\u00e4ren Pionierlabel des Chicago Blues, ver\u00f6ffentlichte.<\/p>\n<p>Chuck brachte dann Hit um Hit heraus und schuf Klassiker, die Schule machten: <em>Roll Over Beethoven<\/em>, <em>Too Much Monkey Business<\/em>, <em>Rock And Roll Music<\/em>, <em>Sweet Little Sixteen<\/em>, <em>Carol<\/em> und nat\u00fcrlich der Klassiker der Klassiker, <em>Johnny B. Goode<\/em> mit seinem legend\u00e4ren Intro. Doch der geniale Gitarrist hatte zweifelhafte Lebensgewohnheiten und musste eineinhalb Jahre ins Gef\u00e4ngnis, weil er Beziehungen zu einer Minderj\u00e4hrigen einging, die in seinem Club arbeitete.<\/p>\n<p>Nach seiner Freilassung 1963 profitierte Berry von dem riesigen Einfluss, den er auf die neue Generation von Bands hatte. Die Beatles, die Rolling Stones und die Beach Boys griffen begeistert in sein Repertoire, w\u00e4hrend der Originalk\u00fcnstler weiterhin gro\u00dfartige Songs aufnahm. Doch allm\u00e4hlich versiegte die Quelle, sodass sein letzter gro\u00dfer Hit, der einzige Nummer-1-Song seiner Karriere, ein frecher Live-Song war: <em>My Ding-A-Ling<\/em>. Von da an schrieb Chuck keine neuen Songs mehr und konzentrierte sich auf Live-Auftritte, auf denen er kontinuierlich die Hits der 50er- und 60er-Jahre spielte.<\/p>\n<p>Schlie\u00dflich erschien 2017 sein posthumes Album <em>Chuck<\/em>. Nach 38 Jahren kreativer Pause ist dieses Album ein eindrucksvolles Zeugnis f\u00fcr das Verm\u00e4chtnis dieses Musikmonuments.<\/p>\n","protected":false},"excerpt":{"rendered":"<p>Haben Sie Fragen zu diesem Produkt? Kontaktieren Sie uns!<\/p>\n","protected":false},"featured_media":635,"comment_status":"open","ping_status":"closed","template":"","meta":{"_et_pb_use_builder":"","_et_pb_old_content":"","_et_gb_content_width":""},"product_brand":[],"product_cat":[668,667,670],"product_tag":[],"class_list":{"0":"post-20026","1":"product","2":"type-product","3":"status-publish","4":"has-post-thumbnail","6":"product_cat-amp","7":"product_cat-amp-effekte","8":"product_cat-kuenstler","9":"pa_artiste-chuck-berry-de","10":"pa_disponibilite-zu-verkaufen","11":"pa_marque-fender-de","13":"first","14":"instock","15":"shipping-taxable","16":"purchasable","17":"product-type-simple"},"yoast_head":"<!-- This site is optimized with the Yoast SEO plugin v26.8 - https:\/\/yoast.com\/product\/yoast-seo-wordpress\/ -->\n<title>Fender Dual Showman ehemals Chuck Berry - Matt&#039;s Guitar Shop<\/title>\n<meta name=\"description\" content=\"Fender Dual Showman ex-Chuck Berry. Ein legend\u00e4rer, sammelw\u00fcrdiger Verst\u00e4rker \u2013 ein seltenes St\u00fcck, das dem Pionier des Rock\u2019n\u2019Roll geh\u00f6rte.\" \/>\n<meta name=\"robots\" content=\"index, follow, max-snippet:-1, max-image-preview:large, max-video-preview:-1\" \/>\n<link rel=\"canonical\" href=\"https:\/\/www.matts-guitar-shop.com\/de\/produit\/fender-dual-showman-ehemals-chuck-berry\/\" \/>\n<meta property=\"og:locale\" content=\"de_DE\" \/>\n<meta property=\"og:type\" content=\"article\" \/>\n<meta property=\"og:title\" content=\"Fender Dual Showman ehemals Chuck Berry - Matt&#039;s Guitar Shop\" \/>\n<meta property=\"og:description\" content=\"Fender Dual Showman ex-Chuck Berry. Ein legend\u00e4rer, sammelw\u00fcrdiger Verst\u00e4rker \u2013 ein seltenes St\u00fcck, das dem Pionier des Rock\u2019n\u2019Roll geh\u00f6rte.\" \/>\n<meta property=\"og:url\" content=\"https:\/\/www.matts-guitar-shop.com\/de\/produit\/fender-dual-showman-ehemals-chuck-berry\/\" \/>\n<meta property=\"og:site_name\" content=\"Matt&#039;s Guitar Shop\" \/>\n<meta property=\"article:publisher\" content=\"https:\/\/www.facebook.com\/profile.php?id=100044359842817\" \/>\n<meta property=\"article:modified_time\" content=\"2026-02-18T20:15:04+00:00\" \/>\n<meta property=\"og:image\" content=\"https:\/\/www.matts-guitar-shop.com\/wp-content\/uploads\/2024\/08\/Fender-Dual-Showman-Ex-Chuck-Berry-ampli.jpg\" \/>\n\t<meta property=\"og:image:width\" content=\"600\" \/>\n\t<meta property=\"og:image:height\" content=\"899\" \/>\n\t<meta property=\"og:image:type\" content=\"image\/jpeg\" \/>\n<meta name=\"twitter:card\" content=\"summary_large_image\" \/>\n<meta name=\"twitter:label1\" content=\"Gesch\u00e4tzte Lesezeit\" \/>\n\t<meta name=\"twitter:data1\" content=\"2\u00a0Minuten\" \/>\n<script type=\"application\/ld+json\" class=\"yoast-schema-graph\">{\"@context\":\"https:\/\/schema.org\",\"@graph\":[{\"@type\":\"WebPage\",\"@id\":\"https:\/\/www.matts-guitar-shop.com\/de\/produit\/fender-dual-showman-ehemals-chuck-berry\/\",\"url\":\"https:\/\/www.matts-guitar-shop.com\/de\/produit\/fender-dual-showman-ehemals-chuck-berry\/\",\"name\":\"Fender Dual Showman ehemals Chuck Berry - Matt&#039;s Guitar Shop\",\"isPartOf\":{\"@id\":\"https:\/\/www.matts-guitar-shop.com\/de\/#website\"},\"primaryImageOfPage\":{\"@id\":\"https:\/\/www.matts-guitar-shop.com\/de\/produit\/fender-dual-showman-ehemals-chuck-berry\/#primaryimage\"},\"image\":{\"@id\":\"https:\/\/www.matts-guitar-shop.com\/de\/produit\/fender-dual-showman-ehemals-chuck-berry\/#primaryimage\"},\"thumbnailUrl\":\"https:\/\/www.matts-guitar-shop.com\/wp-content\/uploads\/2024\/08\/Fender-Dual-Showman-Ex-Chuck-Berry-ampli.jpg\",\"datePublished\":\"2024-08-12T14:37:11+00:00\",\"dateModified\":\"2026-02-18T20:15:04+00:00\",\"description\":\"Fender Dual Showman ex-Chuck Berry. Ein legend\u00e4rer, sammelw\u00fcrdiger Verst\u00e4rker \u2013 ein seltenes St\u00fcck, das dem Pionier des Rock\u2019n\u2019Roll geh\u00f6rte.\",\"breadcrumb\":{\"@id\":\"https:\/\/www.matts-guitar-shop.com\/de\/produit\/fender-dual-showman-ehemals-chuck-berry\/#breadcrumb\"},\"inLanguage\":\"de\",\"potentialAction\":[{\"@type\":\"ReadAction\",\"target\":[\"https:\/\/www.matts-guitar-shop.com\/de\/produit\/fender-dual-showman-ehemals-chuck-berry\/\"]}]},{\"@type\":\"ImageObject\",\"inLanguage\":\"de\",\"@id\":\"https:\/\/www.matts-guitar-shop.com\/de\/produit\/fender-dual-showman-ehemals-chuck-berry\/#primaryimage\",\"url\":\"https:\/\/www.matts-guitar-shop.com\/wp-content\/uploads\/2024\/08\/Fender-Dual-Showman-Ex-Chuck-Berry-ampli.jpg\",\"contentUrl\":\"https:\/\/www.matts-guitar-shop.com\/wp-content\/uploads\/2024\/08\/Fender-Dual-Showman-Ex-Chuck-Berry-ampli.jpg\",\"width\":600,\"height\":899},{\"@type\":\"BreadcrumbList\",\"@id\":\"https:\/\/www.matts-guitar-shop.com\/de\/produit\/fender-dual-showman-ehemals-chuck-berry\/#breadcrumb\",\"itemListElement\":[{\"@type\":\"ListItem\",\"position\":1,\"name\":\"Startseite\",\"item\":\"https:\/\/www.matts-guitar-shop.com\/de\/\"},{\"@type\":\"ListItem\",\"position\":2,\"name\":\"Shop\",\"item\":\"https:\/\/www.matts-guitar-shop.com\/de\/shop\/\"},{\"@type\":\"ListItem\",\"position\":3,\"name\":\"Fender Dual Showman ehemals Chuck Berry\"}]},{\"@type\":\"WebSite\",\"@id\":\"https:\/\/www.matts-guitar-shop.com\/de\/#website\",\"url\":\"https:\/\/www.matts-guitar-shop.com\/de\/\",\"name\":\"matts-guitar-shop.com\",\"description\":\"Guitar Shop\",\"publisher\":{\"@id\":\"https:\/\/www.matts-guitar-shop.com\/de\/#organization\"},\"potentialAction\":[{\"@type\":\"SearchAction\",\"target\":{\"@type\":\"EntryPoint\",\"urlTemplate\":\"https:\/\/www.matts-guitar-shop.com\/de\/?s={search_term_string}\"},\"query-input\":{\"@type\":\"PropertyValueSpecification\",\"valueRequired\":true,\"valueName\":\"search_term_string\"}}],\"inLanguage\":\"de\"},{\"@type\":\"Organization\",\"@id\":\"https:\/\/www.matts-guitar-shop.com\/de\/#organization\",\"name\":\"matts-guitar-shop.com\",\"url\":\"https:\/\/www.matts-guitar-shop.com\/de\/\",\"logo\":{\"@type\":\"ImageObject\",\"inLanguage\":\"de\",\"@id\":\"https:\/\/www.matts-guitar-shop.com\/de\/#\/schema\/logo\/image\/\",\"url\":\"https:\/\/www.matts-guitar-shop.com\/wp-content\/uploads\/2024\/09\/MGS-logo-site-02.png\",\"contentUrl\":\"https:\/\/www.matts-guitar-shop.com\/wp-content\/uploads\/2024\/09\/MGS-logo-site-02.png\",\"width\":200,\"height\":122,\"caption\":\"matts-guitar-shop.com\"},\"image\":{\"@id\":\"https:\/\/www.matts-guitar-shop.com\/de\/#\/schema\/logo\/image\/\"},\"sameAs\":[\"https:\/\/www.facebook.com\/profile.php?id=100044359842817\",\"https:\/\/www.instagram.com\/mattsguitarshop\/\",\"https:\/\/www.youtube.com\/@MattLucasMan\/videos\"]}]}<\/script>\n<!-- \/ Yoast SEO plugin. -->","yoast_head_json":{"title":"Fender Dual Showman ehemals Chuck Berry - Matt&#039;s Guitar Shop","description":"Fender Dual Showman ex-Chuck Berry. Ein legend\u00e4rer, sammelw\u00fcrdiger Verst\u00e4rker \u2013 ein seltenes St\u00fcck, das dem Pionier des Rock\u2019n\u2019Roll geh\u00f6rte.","robots":{"index":"index","follow":"follow","max-snippet":"max-snippet:-1","max-image-preview":"max-image-preview:large","max-video-preview":"max-video-preview:-1"},"canonical":"https:\/\/www.matts-guitar-shop.com\/de\/produit\/fender-dual-showman-ehemals-chuck-berry\/","og_locale":"de_DE","og_type":"article","og_title":"Fender Dual Showman ehemals Chuck Berry - Matt&#039;s Guitar Shop","og_description":"Fender Dual Showman ex-Chuck Berry. Ein legend\u00e4rer, sammelw\u00fcrdiger Verst\u00e4rker \u2013 ein seltenes St\u00fcck, das dem Pionier des Rock\u2019n\u2019Roll geh\u00f6rte.","og_url":"https:\/\/www.matts-guitar-shop.com\/de\/produit\/fender-dual-showman-ehemals-chuck-berry\/","og_site_name":"Matt&#039;s Guitar Shop","article_publisher":"https:\/\/www.facebook.com\/profile.php?id=100044359842817","article_modified_time":"2026-02-18T20:15:04+00:00","og_image":[{"width":600,"height":899,"url":"https:\/\/www.matts-guitar-shop.com\/wp-content\/uploads\/2024\/08\/Fender-Dual-Showman-Ex-Chuck-Berry-ampli.jpg","type":"image\/jpeg"}],"twitter_card":"summary_large_image","twitter_misc":{"Gesch\u00e4tzte Lesezeit":"2\u00a0Minuten"},"schema":{"@context":"https:\/\/schema.org","@graph":[{"@type":"WebPage","@id":"https:\/\/www.matts-guitar-shop.com\/de\/produit\/fender-dual-showman-ehemals-chuck-berry\/","url":"https:\/\/www.matts-guitar-shop.com\/de\/produit\/fender-dual-showman-ehemals-chuck-berry\/","name":"Fender Dual Showman ehemals Chuck Berry - Matt&#039;s Guitar Shop","isPartOf":{"@id":"https:\/\/www.matts-guitar-shop.com\/de\/#website"},"primaryImageOfPage":{"@id":"https:\/\/www.matts-guitar-shop.com\/de\/produit\/fender-dual-showman-ehemals-chuck-berry\/#primaryimage"},"image":{"@id":"https:\/\/www.matts-guitar-shop.com\/de\/produit\/fender-dual-showman-ehemals-chuck-berry\/#primaryimage"},"thumbnailUrl":"https:\/\/www.matts-guitar-shop.com\/wp-content\/uploads\/2024\/08\/Fender-Dual-Showman-Ex-Chuck-Berry-ampli.jpg","datePublished":"2024-08-12T14:37:11+00:00","dateModified":"2026-02-18T20:15:04+00:00","description":"Fender Dual Showman ex-Chuck Berry. Ein legend\u00e4rer, sammelw\u00fcrdiger Verst\u00e4rker \u2013 ein seltenes St\u00fcck, das dem Pionier des Rock\u2019n\u2019Roll geh\u00f6rte.","breadcrumb":{"@id":"https:\/\/www.matts-guitar-shop.com\/de\/produit\/fender-dual-showman-ehemals-chuck-berry\/#breadcrumb"},"inLanguage":"de","potentialAction":[{"@type":"ReadAction","target":["https:\/\/www.matts-guitar-shop.com\/de\/produit\/fender-dual-showman-ehemals-chuck-berry\/"]}]},{"@type":"ImageObject","inLanguage":"de","@id":"https:\/\/www.matts-guitar-shop.com\/de\/produit\/fender-dual-showman-ehemals-chuck-berry\/#primaryimage","url":"https:\/\/www.matts-guitar-shop.com\/wp-content\/uploads\/2024\/08\/Fender-Dual-Showman-Ex-Chuck-Berry-ampli.jpg","contentUrl":"https:\/\/www.matts-guitar-shop.com\/wp-content\/uploads\/2024\/08\/Fender-Dual-Showman-Ex-Chuck-Berry-ampli.jpg","width":600,"height":899},{"@type":"BreadcrumbList","@id":"https:\/\/www.matts-guitar-shop.com\/de\/produit\/fender-dual-showman-ehemals-chuck-berry\/#breadcrumb","itemListElement":[{"@type":"ListItem","position":1,"name":"Startseite","item":"https:\/\/www.matts-guitar-shop.com\/de\/"},{"@type":"ListItem","position":2,"name":"Shop","item":"https:\/\/www.matts-guitar-shop.com\/de\/shop\/"},{"@type":"ListItem","position":3,"name":"Fender Dual Showman ehemals Chuck Berry"}]},{"@type":"WebSite","@id":"https:\/\/www.matts-guitar-shop.com\/de\/#website","url":"https:\/\/www.matts-guitar-shop.com\/de\/","name":"matts-guitar-shop.com","description":"Guitar Shop","publisher":{"@id":"https:\/\/www.matts-guitar-shop.com\/de\/#organization"},"potentialAction":[{"@type":"SearchAction","target":{"@type":"EntryPoint","urlTemplate":"https:\/\/www.matts-guitar-shop.com\/de\/?s={search_term_string}"},"query-input":{"@type":"PropertyValueSpecification","valueRequired":true,"valueName":"search_term_string"}}],"inLanguage":"de"},{"@type":"Organization","@id":"https:\/\/www.matts-guitar-shop.com\/de\/#organization","name":"matts-guitar-shop.com","url":"https:\/\/www.matts-guitar-shop.com\/de\/","logo":{"@type":"ImageObject","inLanguage":"de","@id":"https:\/\/www.matts-guitar-shop.com\/de\/#\/schema\/logo\/image\/","url":"https:\/\/www.matts-guitar-shop.com\/wp-content\/uploads\/2024\/09\/MGS-logo-site-02.png","contentUrl":"https:\/\/www.matts-guitar-shop.com\/wp-content\/uploads\/2024\/09\/MGS-logo-site-02.png","width":200,"height":122,"caption":"matts-guitar-shop.com"},"image":{"@id":"https:\/\/www.matts-guitar-shop.com\/de\/#\/schema\/logo\/image\/"},"sameAs":["https:\/\/www.facebook.com\/profile.php?id=100044359842817","https:\/\/www.instagram.com\/mattsguitarshop\/","https:\/\/www.youtube.com\/@MattLucasMan\/videos"]}]}},"_links":{"self":[{"href":"https:\/\/www.matts-guitar-shop.com\/de\/wp-json\/wp\/v2\/product\/20026","targetHints":{"allow":["GET"]}}],"collection":[{"href":"https:\/\/www.matts-guitar-shop.com\/de\/wp-json\/wp\/v2\/product"}],"about":[{"href":"https:\/\/www.matts-guitar-shop.com\/de\/wp-json\/wp\/v2\/types\/product"}],"replies":[{"embeddable":true,"href":"https:\/\/www.matts-guitar-shop.com\/de\/wp-json\/wp\/v2\/comments?post=20026"}],"wp:featuredmedia":[{"embeddable":true,"href":"https:\/\/www.matts-guitar-shop.com\/de\/wp-json\/wp\/v2\/media\/635"}],"wp:attachment":[{"href":"https:\/\/www.matts-guitar-shop.com\/de\/wp-json\/wp\/v2\/media?parent=20026"}],"wp:term":[{"taxonomy":"product_brand","embeddable":true,"href":"https:\/\/www.matts-guitar-shop.com\/de\/wp-json\/wp\/v2\/product_brand?post=20026"},{"taxonomy":"product_cat","embeddable":true,"href":"https:\/\/www.matts-guitar-shop.com\/de\/wp-json\/wp\/v2\/product_cat?post=20026"},{"taxonomy":"product_tag","embeddable":true,"href":"https:\/\/www.matts-guitar-shop.com\/de\/wp-json\/wp\/v2\/product_tag?post=20026"}],"curies":[{"name":"wp","href":"https:\/\/api.w.org\/{rel}","templated":true}]}}