{"id":20024,"date":"2024-08-09T15:11:26","date_gmt":"2024-08-09T13:11:26","guid":{"rendered":"https:\/\/www.matts-guitar-shop.com\/produit\/jackson-dinky-1985-adrian-smith\/"},"modified":"2025-11-18T20:51:07","modified_gmt":"2025-11-18T19:51:07","slug":"jackson-dinky-1985-adrian-smith","status":"publish","type":"product","link":"https:\/\/www.matts-guitar-shop.com\/de\/produit\/jackson-dinky-1985-adrian-smith\/","title":{"rendered":"Jackson Dinky 1985 Adrian Smith"},"content":{"rendered":"<p>Adrian Smith<br \/> (1957)<\/p>\n<p>Band: Iron Maiden<br \/> Hauptgitarre: Jackson Dinky<br \/> Unbedingt anh\u00f6ren: Two Minutes to Midnight<\/p>\n<p>Es scheint, als h\u00e4tte das Schicksal entschieden, dass die beiden Gitarristen der Heavy-Metal-Legende Iron Maiden ihr Leben lang zusammen spielen w\u00fcrden. Adrian Smith begann zun\u00e4chst als S\u00e4nger in Murrays erster Band und lernte dann Gitarre unter dem Einfluss seines Freundes, inspiriert von Blues-Rock-Musikern wie Johnny Winter. Er blieb das bluesige und wilde Gegenst\u00fcck zu Murrays fl\u00fcssigem und technischem Spiel. Zusammen gr\u00fcndeten sie die Band Urchin, die Murray 1978 verlie\u00df, um Iron Maiden beizutreten. Smith wollte Urchin eine Chance geben und folgte ihm zun\u00e4chst nicht, stimmte aber 1980 zu, als seine Band auseinanderbrach.<\/p>\n<p>Von da an fand die Band ihr endg\u00fcltiges Gitarrenduo: Murray und Smith harmonierten, antworteten einander und \u00fcbertrafen sich gegenseitig in Kreativit\u00e4t bei ihren Riffs und Soli. Smith ist auch ein ausgezeichneter Songwriter und begann, zu den Songs der Band beizutragen, als S\u00e4nger Bruce Dickinson 1982 zur Band stie\u00df, beim Album <em>The Number of the Beast<\/em>. Klassische Werke wie \u201e22 Acacia Avenue\u201c oder das unsterbliche Riff von \u201eTwo Minutes to Midnight\u201c auf <em>Powerslave<\/em> stammen von ihm.<\/p>\n<p>Nach kreativen Differenzen mit Bassist und Bandleiter Steve Harris verlie\u00df Smith Iron Maiden 1990 nach der Tour zu <em>Seventh Son of a Seventh Son<\/em>. Er gr\u00fcndete Psycho Motel, ver\u00f6ffentlichte Alben und tourte, bis die Band pausierte, als Dickinson, der inzwischen ersetzt worden war, Smith f\u00fcr sein Solo-Projekt gewinnen wollte. Das Duo schrieb gemeinsam zwei Songs f\u00fcr das exzellente Album <em>Accident of Birth<\/em> (1997) und zwei weitere f\u00fcr <em>The Chemical Wedding<\/em> ein Jahr sp\u00e4ter.<\/p>\n<p>1999 kehrte Dickinson zu Iron Maiden zur\u00fcck und brachte Adrian Smith mit, der somit zum dritten Gitarristen der Band wurde, neben Murray und Jannick Gers, der ihn in der Zwischenzeit ersetzt hatte. Das gro\u00dfartige Album <em>Brave New World<\/em> markierte 2000 das Wiedersehen, und die Band ver\u00f6ffentlichte seitdem kontinuierlich Alben und absolvierte weltweit ausverkaufte Tourneen.<\/p>\n","protected":false},"excerpt":{"rendered":"<h3>Verkauft<\/h3>\n<p><strong>Mitte der 1980er Jahre passte sich der Sound von Iron Maiden dem damaligen Trend an und begann, Synthesizer zu integrieren. Gl\u00fccklicherweise wurde die Band dadurch nicht zu einer New-Wave-Ersatzband mit Drumcomputer, sondern mischte die neuen elektronischen Kl\u00e4nge lediglich mit ihrem kraftvollen Heavy Metal. Offiziell wurde jedoch kein Keyboarder in die Band aufgenommen (obwohl Michael Kenney seit 1988 im Hintergrund spielt), sodass eine andere M\u00f6glichkeit gefunden werden musste, diese Sounds live auszul\u00f6sen: Aus diesem Grund interessierte sich Adrian Smith, der zweite Gitarrist der Band seit 1980, f\u00fcr die MIDI-Gitarre.<\/strong><\/p>\n<p>Diese wei\u00dfe Jackson Dinky (bis heute die Gitarrentype, die unweigerlich mit Smith verbunden wird) ist eine der Custom-Gitarren, die er damals bestellte, um entsprechend ausgestattet zu sein. Wie die zahlreichen Regler auf dem Korpus verraten, ist sie mit einem hexaphonischen Sensor ausgestattet, der \u00fcber einen eigenen Ausgang MIDI-Signale liefert, unabh\u00e4ngig von den magnetischen Tonabnehmern, um traditionellen Klang mit synthetischem Sound zu mischen. Dieses Technologie-Monster (f\u00fcr die damalige Zeit nat\u00fcrlich!) wurde f\u00fcr die Aufnahme von <em>Somewhere In Time<\/em>, dem ersten progressiven Album der Band von 1986, sowie f\u00fcr die anschlie\u00dfende Welttournee verwendet. Man h\u00f6rt sie auch auf <em>Seventh Son of a Seventh Son<\/em> von 1988, dem letzten Album, bei dem Smith offiziell Teil der Band war, und auf seiner letzten Tour mit Iron Maiden, bevor er 1999 wieder aufgenommen wurde.<\/p>\n<p>Diese Jackson blieb anschlie\u00dfend eine seiner Favoriten, da man sie auch sah, als er mit The Untouchables spielte. Ein St\u00fcck Geschichte der Gitarrentechnologie und ein St\u00fcck Geschichte des Heavy Metal \u2013 alles in einer einzigen Gitarre.<\/p>\n","protected":false},"featured_media":533,"comment_status":"open","ping_status":"closed","template":"","meta":{"_et_pb_use_builder":"","_et_pb_old_content":"","_et_gb_content_width":""},"product_brand":[],"product_cat":[672],"product_tag":[],"class_list":{"0":"post-20024","1":"product","2":"type-product","3":"status-publish","4":"has-post-thumbnail","6":"product_cat-verkaufte","7":"pa_disponibilite-verkauft","8":"pa_marque-jackson-de","10":"first","11":"outofstock","12":"shipping-taxable","13":"product-type-simple"},"yoast_head":"<!-- This site is optimized with the Yoast SEO plugin v26.8 - https:\/\/yoast.com\/product\/yoast-seo-wordpress\/ -->\n<title>Jackson Dinky 1985 Adrian Smith - Matt&#039;s Guitar Shop<\/title>\n<meta name=\"description\" content=\"Schlie\u00dflich wurde Dickinson \u201999 wieder der S\u00e4nger von Iron Maiden und brachte Adrian Smith mit, der damit der dritte Gitarrist der Band wurde.\" \/>\n<meta name=\"robots\" content=\"index, follow, max-snippet:-1, max-image-preview:large, max-video-preview:-1\" \/>\n<link rel=\"canonical\" href=\"https:\/\/www.matts-guitar-shop.com\/de\/produit\/jackson-dinky-1985-adrian-smith\/\" \/>\n<meta property=\"og:locale\" content=\"de_DE\" \/>\n<meta property=\"og:type\" content=\"article\" \/>\n<meta property=\"og:title\" content=\"Jackson Dinky 1985 Adrian Smith - Matt&#039;s Guitar Shop\" \/>\n<meta property=\"og:description\" content=\"Schlie\u00dflich wurde Dickinson \u201999 wieder der S\u00e4nger von Iron Maiden und brachte Adrian Smith mit, der damit der dritte Gitarrist der Band wurde.\" \/>\n<meta property=\"og:url\" content=\"https:\/\/www.matts-guitar-shop.com\/de\/produit\/jackson-dinky-1985-adrian-smith\/\" \/>\n<meta property=\"og:site_name\" content=\"Matt&#039;s Guitar Shop\" \/>\n<meta property=\"article:publisher\" content=\"https:\/\/www.facebook.com\/profile.php?id=100044359842817\" \/>\n<meta property=\"article:modified_time\" content=\"2025-11-18T19:51:07+00:00\" \/>\n<meta property=\"og:image\" content=\"https:\/\/www.matts-guitar-shop.com\/wp-content\/uploads\/2024\/08\/Jackson-Dinky-1985-Adrian-Smith.jpg\" \/>\n\t<meta property=\"og:image:width\" content=\"1300\" \/>\n\t<meta property=\"og:image:height\" content=\"553\" \/>\n\t<meta property=\"og:image:type\" content=\"image\/jpeg\" \/>\n<meta name=\"twitter:card\" content=\"summary_large_image\" \/>\n<meta name=\"twitter:label1\" content=\"Gesch\u00e4tzte Lesezeit\" \/>\n\t<meta name=\"twitter:data1\" content=\"2\u00a0Minuten\" \/>\n<script type=\"application\/ld+json\" class=\"yoast-schema-graph\">{\"@context\":\"https:\/\/schema.org\",\"@graph\":[{\"@type\":\"WebPage\",\"@id\":\"https:\/\/www.matts-guitar-shop.com\/de\/produit\/jackson-dinky-1985-adrian-smith\/\",\"url\":\"https:\/\/www.matts-guitar-shop.com\/de\/produit\/jackson-dinky-1985-adrian-smith\/\",\"name\":\"Jackson Dinky 1985 Adrian Smith - Matt&#039;s Guitar Shop\",\"isPartOf\":{\"@id\":\"https:\/\/www.matts-guitar-shop.com\/de\/#website\"},\"primaryImageOfPage\":{\"@id\":\"https:\/\/www.matts-guitar-shop.com\/de\/produit\/jackson-dinky-1985-adrian-smith\/#primaryimage\"},\"image\":{\"@id\":\"https:\/\/www.matts-guitar-shop.com\/de\/produit\/jackson-dinky-1985-adrian-smith\/#primaryimage\"},\"thumbnailUrl\":\"https:\/\/www.matts-guitar-shop.com\/wp-content\/uploads\/2024\/08\/Jackson-Dinky-1985-Adrian-Smith.jpg\",\"datePublished\":\"2024-08-09T13:11:26+00:00\",\"dateModified\":\"2025-11-18T19:51:07+00:00\",\"description\":\"Schlie\u00dflich wurde Dickinson \u201999 wieder der S\u00e4nger von Iron Maiden und brachte Adrian Smith mit, der damit der dritte Gitarrist der Band wurde.\",\"breadcrumb\":{\"@id\":\"https:\/\/www.matts-guitar-shop.com\/de\/produit\/jackson-dinky-1985-adrian-smith\/#breadcrumb\"},\"inLanguage\":\"de\",\"potentialAction\":[{\"@type\":\"ReadAction\",\"target\":[\"https:\/\/www.matts-guitar-shop.com\/de\/produit\/jackson-dinky-1985-adrian-smith\/\"]}]},{\"@type\":\"ImageObject\",\"inLanguage\":\"de\",\"@id\":\"https:\/\/www.matts-guitar-shop.com\/de\/produit\/jackson-dinky-1985-adrian-smith\/#primaryimage\",\"url\":\"https:\/\/www.matts-guitar-shop.com\/wp-content\/uploads\/2024\/08\/Jackson-Dinky-1985-Adrian-Smith.jpg\",\"contentUrl\":\"https:\/\/www.matts-guitar-shop.com\/wp-content\/uploads\/2024\/08\/Jackson-Dinky-1985-Adrian-Smith.jpg\",\"width\":1300,\"height\":553},{\"@type\":\"BreadcrumbList\",\"@id\":\"https:\/\/www.matts-guitar-shop.com\/de\/produit\/jackson-dinky-1985-adrian-smith\/#breadcrumb\",\"itemListElement\":[{\"@type\":\"ListItem\",\"position\":1,\"name\":\"Startseite\",\"item\":\"https:\/\/www.matts-guitar-shop.com\/de\/\"},{\"@type\":\"ListItem\",\"position\":2,\"name\":\"Shop\",\"item\":\"https:\/\/www.matts-guitar-shop.com\/de\/shop\/\"},{\"@type\":\"ListItem\",\"position\":3,\"name\":\"Jackson Dinky 1985 Adrian Smith\"}]},{\"@type\":\"WebSite\",\"@id\":\"https:\/\/www.matts-guitar-shop.com\/de\/#website\",\"url\":\"https:\/\/www.matts-guitar-shop.com\/de\/\",\"name\":\"matts-guitar-shop.com\",\"description\":\"Guitar Shop\",\"publisher\":{\"@id\":\"https:\/\/www.matts-guitar-shop.com\/de\/#organization\"},\"potentialAction\":[{\"@type\":\"SearchAction\",\"target\":{\"@type\":\"EntryPoint\",\"urlTemplate\":\"https:\/\/www.matts-guitar-shop.com\/de\/?s={search_term_string}\"},\"query-input\":{\"@type\":\"PropertyValueSpecification\",\"valueRequired\":true,\"valueName\":\"search_term_string\"}}],\"inLanguage\":\"de\"},{\"@type\":\"Organization\",\"@id\":\"https:\/\/www.matts-guitar-shop.com\/de\/#organization\",\"name\":\"matts-guitar-shop.com\",\"url\":\"https:\/\/www.matts-guitar-shop.com\/de\/\",\"logo\":{\"@type\":\"ImageObject\",\"inLanguage\":\"de\",\"@id\":\"https:\/\/www.matts-guitar-shop.com\/de\/#\/schema\/logo\/image\/\",\"url\":\"https:\/\/www.matts-guitar-shop.com\/wp-content\/uploads\/2024\/09\/MGS-logo-site-02.png\",\"contentUrl\":\"https:\/\/www.matts-guitar-shop.com\/wp-content\/uploads\/2024\/09\/MGS-logo-site-02.png\",\"width\":200,\"height\":122,\"caption\":\"matts-guitar-shop.com\"},\"image\":{\"@id\":\"https:\/\/www.matts-guitar-shop.com\/de\/#\/schema\/logo\/image\/\"},\"sameAs\":[\"https:\/\/www.facebook.com\/profile.php?id=100044359842817\",\"https:\/\/www.instagram.com\/mattsguitarshop\/\",\"https:\/\/www.youtube.com\/@MattLucasMan\/videos\"]}]}<\/script>\n<!-- \/ Yoast SEO plugin. -->","yoast_head_json":{"title":"Jackson Dinky 1985 Adrian Smith - Matt&#039;s Guitar Shop","description":"Schlie\u00dflich wurde Dickinson \u201999 wieder der S\u00e4nger von Iron Maiden und brachte Adrian Smith mit, der damit der dritte Gitarrist der Band wurde.","robots":{"index":"index","follow":"follow","max-snippet":"max-snippet:-1","max-image-preview":"max-image-preview:large","max-video-preview":"max-video-preview:-1"},"canonical":"https:\/\/www.matts-guitar-shop.com\/de\/produit\/jackson-dinky-1985-adrian-smith\/","og_locale":"de_DE","og_type":"article","og_title":"Jackson Dinky 1985 Adrian Smith - Matt&#039;s Guitar Shop","og_description":"Schlie\u00dflich wurde Dickinson \u201999 wieder der S\u00e4nger von Iron Maiden und brachte Adrian Smith mit, der damit der dritte Gitarrist der Band wurde.","og_url":"https:\/\/www.matts-guitar-shop.com\/de\/produit\/jackson-dinky-1985-adrian-smith\/","og_site_name":"Matt&#039;s Guitar Shop","article_publisher":"https:\/\/www.facebook.com\/profile.php?id=100044359842817","article_modified_time":"2025-11-18T19:51:07+00:00","og_image":[{"width":1300,"height":553,"url":"https:\/\/www.matts-guitar-shop.com\/wp-content\/uploads\/2024\/08\/Jackson-Dinky-1985-Adrian-Smith.jpg","type":"image\/jpeg"}],"twitter_card":"summary_large_image","twitter_misc":{"Gesch\u00e4tzte Lesezeit":"2\u00a0Minuten"},"schema":{"@context":"https:\/\/schema.org","@graph":[{"@type":"WebPage","@id":"https:\/\/www.matts-guitar-shop.com\/de\/produit\/jackson-dinky-1985-adrian-smith\/","url":"https:\/\/www.matts-guitar-shop.com\/de\/produit\/jackson-dinky-1985-adrian-smith\/","name":"Jackson Dinky 1985 Adrian Smith - Matt&#039;s Guitar Shop","isPartOf":{"@id":"https:\/\/www.matts-guitar-shop.com\/de\/#website"},"primaryImageOfPage":{"@id":"https:\/\/www.matts-guitar-shop.com\/de\/produit\/jackson-dinky-1985-adrian-smith\/#primaryimage"},"image":{"@id":"https:\/\/www.matts-guitar-shop.com\/de\/produit\/jackson-dinky-1985-adrian-smith\/#primaryimage"},"thumbnailUrl":"https:\/\/www.matts-guitar-shop.com\/wp-content\/uploads\/2024\/08\/Jackson-Dinky-1985-Adrian-Smith.jpg","datePublished":"2024-08-09T13:11:26+00:00","dateModified":"2025-11-18T19:51:07+00:00","description":"Schlie\u00dflich wurde Dickinson \u201999 wieder der S\u00e4nger von Iron Maiden und brachte Adrian Smith mit, der damit der dritte Gitarrist der Band wurde.","breadcrumb":{"@id":"https:\/\/www.matts-guitar-shop.com\/de\/produit\/jackson-dinky-1985-adrian-smith\/#breadcrumb"},"inLanguage":"de","potentialAction":[{"@type":"ReadAction","target":["https:\/\/www.matts-guitar-shop.com\/de\/produit\/jackson-dinky-1985-adrian-smith\/"]}]},{"@type":"ImageObject","inLanguage":"de","@id":"https:\/\/www.matts-guitar-shop.com\/de\/produit\/jackson-dinky-1985-adrian-smith\/#primaryimage","url":"https:\/\/www.matts-guitar-shop.com\/wp-content\/uploads\/2024\/08\/Jackson-Dinky-1985-Adrian-Smith.jpg","contentUrl":"https:\/\/www.matts-guitar-shop.com\/wp-content\/uploads\/2024\/08\/Jackson-Dinky-1985-Adrian-Smith.jpg","width":1300,"height":553},{"@type":"BreadcrumbList","@id":"https:\/\/www.matts-guitar-shop.com\/de\/produit\/jackson-dinky-1985-adrian-smith\/#breadcrumb","itemListElement":[{"@type":"ListItem","position":1,"name":"Startseite","item":"https:\/\/www.matts-guitar-shop.com\/de\/"},{"@type":"ListItem","position":2,"name":"Shop","item":"https:\/\/www.matts-guitar-shop.com\/de\/shop\/"},{"@type":"ListItem","position":3,"name":"Jackson Dinky 1985 Adrian Smith"}]},{"@type":"WebSite","@id":"https:\/\/www.matts-guitar-shop.com\/de\/#website","url":"https:\/\/www.matts-guitar-shop.com\/de\/","name":"matts-guitar-shop.com","description":"Guitar Shop","publisher":{"@id":"https:\/\/www.matts-guitar-shop.com\/de\/#organization"},"potentialAction":[{"@type":"SearchAction","target":{"@type":"EntryPoint","urlTemplate":"https:\/\/www.matts-guitar-shop.com\/de\/?s={search_term_string}"},"query-input":{"@type":"PropertyValueSpecification","valueRequired":true,"valueName":"search_term_string"}}],"inLanguage":"de"},{"@type":"Organization","@id":"https:\/\/www.matts-guitar-shop.com\/de\/#organization","name":"matts-guitar-shop.com","url":"https:\/\/www.matts-guitar-shop.com\/de\/","logo":{"@type":"ImageObject","inLanguage":"de","@id":"https:\/\/www.matts-guitar-shop.com\/de\/#\/schema\/logo\/image\/","url":"https:\/\/www.matts-guitar-shop.com\/wp-content\/uploads\/2024\/09\/MGS-logo-site-02.png","contentUrl":"https:\/\/www.matts-guitar-shop.com\/wp-content\/uploads\/2024\/09\/MGS-logo-site-02.png","width":200,"height":122,"caption":"matts-guitar-shop.com"},"image":{"@id":"https:\/\/www.matts-guitar-shop.com\/de\/#\/schema\/logo\/image\/"},"sameAs":["https:\/\/www.facebook.com\/profile.php?id=100044359842817","https:\/\/www.instagram.com\/mattsguitarshop\/","https:\/\/www.youtube.com\/@MattLucasMan\/videos"]}]}},"_links":{"self":[{"href":"https:\/\/www.matts-guitar-shop.com\/de\/wp-json\/wp\/v2\/product\/20024","targetHints":{"allow":["GET"]}}],"collection":[{"href":"https:\/\/www.matts-guitar-shop.com\/de\/wp-json\/wp\/v2\/product"}],"about":[{"href":"https:\/\/www.matts-guitar-shop.com\/de\/wp-json\/wp\/v2\/types\/product"}],"replies":[{"embeddable":true,"href":"https:\/\/www.matts-guitar-shop.com\/de\/wp-json\/wp\/v2\/comments?post=20024"}],"wp:featuredmedia":[{"embeddable":true,"href":"https:\/\/www.matts-guitar-shop.com\/de\/wp-json\/wp\/v2\/media\/533"}],"wp:attachment":[{"href":"https:\/\/www.matts-guitar-shop.com\/de\/wp-json\/wp\/v2\/media?parent=20024"}],"wp:term":[{"taxonomy":"product_brand","embeddable":true,"href":"https:\/\/www.matts-guitar-shop.com\/de\/wp-json\/wp\/v2\/product_brand?post=20024"},{"taxonomy":"product_cat","embeddable":true,"href":"https:\/\/www.matts-guitar-shop.com\/de\/wp-json\/wp\/v2\/product_cat?post=20024"},{"taxonomy":"product_tag","embeddable":true,"href":"https:\/\/www.matts-guitar-shop.com\/de\/wp-json\/wp\/v2\/product_tag?post=20024"}],"curies":[{"name":"wp","href":"https:\/\/api.w.org\/{rel}","templated":true}]}}