{"id":20021,"date":"2024-08-13T15:23:38","date_gmt":"2024-08-13T13:23:38","guid":{"rendered":"https:\/\/www.matts-guitar-shop.com\/produit\/banjo-deering-ehemals-nile-rodgers\/"},"modified":"2025-11-15T20:54:26","modified_gmt":"2025-11-15T19:54:26","slug":"banjo-deering-ehemals-nile-rodgers","status":"publish","type":"product","link":"https:\/\/www.matts-guitar-shop.com\/de\/produit\/banjo-deering-ehemals-nile-rodgers\/","title":{"rendered":"Banjo Deering ehemals Nile Rodgers"},"content":{"rendered":"<p>Banjo Deering ex Nile Rodgers<\/p>\n","protected":false},"excerpt":{"rendered":"<p><strong>F\u00fcr einen Musiker von der Gr\u00f6\u00dfe Nile Rodgers\u2019 ist jede Note, die ein Instrument hervorbringt, kostbar und einzigartig. Er versteht die M\u00f6glichkeiten jedes Zentimeters des Griffbretts und entdeckt darin ein enormes Potenzial, um seine St\u00fccke zu gestalten und zu begleiten. Dieses Banjo bildet da keine Ausnahme: Es stammt direkt aus der Sammlung von Nile Rodgers.<\/strong><\/p>\n<p>Auf seiner st\u00e4ndigen Suche nach dem perfekten Klang hat Nile Rodgers im Laufe der Jahre Hunderte von Instrumenten durch seine meisterhaften H\u00e4nde gleiten lassen. Sein beeindruckendes musikalisches Verst\u00e4ndnis und seine Akkordkenntnis erm\u00f6glichten es ihm, den einzigartigen Klang eines Instruments zu erkennen und ihn ins Zentrum eines Hits zu stellen. Sein Genie f\u00fcr Melodie und Groove zeigt sich in Instrumenten mit einem besonderen Klangcharakter, die er gesammelt hat und die ihn durch seine besten Jahrzehnte als Hit-Sch\u00f6pfer begleitet haben.<\/p>\n<p>Dieses sechssaitige Deering-Banjo stammt direkt aus seiner pers\u00f6nlichen Sammlung. Es bietet einen klaren und warmen Klang. Dank seines einfachen Aufbaus und der effektiven Mechanik l\u00e4sst es sich sehr leicht spielen. Sein au\u00dfergew\u00f6hnlicher Klang und seine Power best\u00e4tigen die Gr\u00fcnde, warum Nile Rodgers es nutzte, um seine Arbeit zu entwickeln: ein sch\u00f6nes Instrument mit ausgewogenem und pr\u00e4zisem Klang. Zweifelsohne wird dieses Banjo einen anderen Musiker durch seinen typischen amerikanischen Klang und seine sch\u00f6ne Balance inspirieren und begeistern!<\/p>\n<p>Haben Sie Fragen zu diesem Produkt? Kontaktieren Sie uns!<\/p>\n","protected":false},"featured_media":1540,"comment_status":"open","ping_status":"closed","template":"","meta":{"_et_pb_use_builder":"","_et_pb_old_content":"","_et_gb_content_width":""},"product_brand":[],"product_cat":[675,673,672,670],"product_tag":[],"class_list":{"0":"post-20021","1":"product","2":"type-product","3":"status-publish","4":"has-post-thumbnail","6":"product_cat-akustikgitarren","7":"product_cat-gitarren","8":"product_cat-verkaufte","9":"product_cat-kuenstler","10":"pa_artiste-nile-rodgers-de","11":"pa_disponibilite-verkauft","12":"pa_marque-deering-de","14":"first","15":"outofstock","16":"shipping-taxable","17":"purchasable","18":"product-type-simple"},"yoast_head":"<!-- This site is optimized with the Yoast SEO plugin v26.8 - https:\/\/yoast.com\/product\/yoast-seo-wordpress\/ -->\n<title>Banjo Deering ehemals Nile Rodgers - Matt&#039;s Guitar Shop<\/title>\n<meta name=\"description\" content=\"Deering Banjo ex-Nile Rodgers. Ein seltenes Sammlerst\u00fcck, das einst dem legend\u00e4ren Musiker und Produzenten geh\u00f6rte, exklusiv erh\u00e4ltlich bei Matts Guitar Shop.\" \/>\n<meta name=\"robots\" content=\"index, follow, max-snippet:-1, max-image-preview:large, max-video-preview:-1\" \/>\n<link rel=\"canonical\" href=\"https:\/\/www.matts-guitar-shop.com\/de\/produit\/banjo-deering-ehemals-nile-rodgers\/\" \/>\n<meta property=\"og:locale\" content=\"de_DE\" \/>\n<meta property=\"og:type\" content=\"article\" \/>\n<meta property=\"og:title\" content=\"Banjo Deering ehemals Nile Rodgers - Matt&#039;s Guitar Shop\" \/>\n<meta property=\"og:description\" content=\"Deering Banjo ex-Nile Rodgers. Ein seltenes Sammlerst\u00fcck, das einst dem legend\u00e4ren Musiker und Produzenten geh\u00f6rte, exklusiv erh\u00e4ltlich bei Matts Guitar Shop.\" \/>\n<meta property=\"og:url\" content=\"https:\/\/www.matts-guitar-shop.com\/de\/produit\/banjo-deering-ehemals-nile-rodgers\/\" \/>\n<meta property=\"og:site_name\" content=\"Matt&#039;s Guitar Shop\" \/>\n<meta property=\"article:publisher\" content=\"https:\/\/www.facebook.com\/profile.php?id=100044359842817\" \/>\n<meta property=\"article:modified_time\" content=\"2025-11-15T19:54:26+00:00\" \/>\n<meta property=\"og:image\" content=\"https:\/\/www.matts-guitar-shop.com\/wp-content\/uploads\/2024\/08\/banjo-deering-ex-nile-rodgers-00.jpg\" \/>\n\t<meta property=\"og:image:width\" content=\"600\" \/>\n\t<meta property=\"og:image:height\" content=\"867\" \/>\n\t<meta property=\"og:image:type\" content=\"image\/jpeg\" \/>\n<meta name=\"twitter:card\" content=\"summary_large_image\" \/>\n<script type=\"application\/ld+json\" class=\"yoast-schema-graph\">{\"@context\":\"https:\/\/schema.org\",\"@graph\":[{\"@type\":\"WebPage\",\"@id\":\"https:\/\/www.matts-guitar-shop.com\/de\/produit\/banjo-deering-ehemals-nile-rodgers\/\",\"url\":\"https:\/\/www.matts-guitar-shop.com\/de\/produit\/banjo-deering-ehemals-nile-rodgers\/\",\"name\":\"Banjo Deering ehemals Nile Rodgers - Matt&#039;s Guitar Shop\",\"isPartOf\":{\"@id\":\"https:\/\/www.matts-guitar-shop.com\/de\/#website\"},\"primaryImageOfPage\":{\"@id\":\"https:\/\/www.matts-guitar-shop.com\/de\/produit\/banjo-deering-ehemals-nile-rodgers\/#primaryimage\"},\"image\":{\"@id\":\"https:\/\/www.matts-guitar-shop.com\/de\/produit\/banjo-deering-ehemals-nile-rodgers\/#primaryimage\"},\"thumbnailUrl\":\"https:\/\/www.matts-guitar-shop.com\/wp-content\/uploads\/2024\/08\/banjo-deering-ex-nile-rodgers-00.jpg\",\"datePublished\":\"2024-08-13T13:23:38+00:00\",\"dateModified\":\"2025-11-15T19:54:26+00:00\",\"description\":\"Deering Banjo ex-Nile Rodgers. Ein seltenes Sammlerst\u00fcck, das einst dem legend\u00e4ren Musiker und Produzenten geh\u00f6rte, exklusiv erh\u00e4ltlich bei Matts Guitar Shop.\",\"breadcrumb\":{\"@id\":\"https:\/\/www.matts-guitar-shop.com\/de\/produit\/banjo-deering-ehemals-nile-rodgers\/#breadcrumb\"},\"inLanguage\":\"de\",\"potentialAction\":[{\"@type\":\"ReadAction\",\"target\":[\"https:\/\/www.matts-guitar-shop.com\/de\/produit\/banjo-deering-ehemals-nile-rodgers\/\"]}]},{\"@type\":\"ImageObject\",\"inLanguage\":\"de\",\"@id\":\"https:\/\/www.matts-guitar-shop.com\/de\/produit\/banjo-deering-ehemals-nile-rodgers\/#primaryimage\",\"url\":\"https:\/\/www.matts-guitar-shop.com\/wp-content\/uploads\/2024\/08\/banjo-deering-ex-nile-rodgers-00.jpg\",\"contentUrl\":\"https:\/\/www.matts-guitar-shop.com\/wp-content\/uploads\/2024\/08\/banjo-deering-ex-nile-rodgers-00.jpg\",\"width\":600,\"height\":867},{\"@type\":\"BreadcrumbList\",\"@id\":\"https:\/\/www.matts-guitar-shop.com\/de\/produit\/banjo-deering-ehemals-nile-rodgers\/#breadcrumb\",\"itemListElement\":[{\"@type\":\"ListItem\",\"position\":1,\"name\":\"Startseite\",\"item\":\"https:\/\/www.matts-guitar-shop.com\/de\/\"},{\"@type\":\"ListItem\",\"position\":2,\"name\":\"Shop\",\"item\":\"https:\/\/www.matts-guitar-shop.com\/de\/shop\/\"},{\"@type\":\"ListItem\",\"position\":3,\"name\":\"Banjo Deering ehemals Nile Rodgers\"}]},{\"@type\":\"WebSite\",\"@id\":\"https:\/\/www.matts-guitar-shop.com\/de\/#website\",\"url\":\"https:\/\/www.matts-guitar-shop.com\/de\/\",\"name\":\"matts-guitar-shop.com\",\"description\":\"Guitar Shop\",\"publisher\":{\"@id\":\"https:\/\/www.matts-guitar-shop.com\/de\/#organization\"},\"potentialAction\":[{\"@type\":\"SearchAction\",\"target\":{\"@type\":\"EntryPoint\",\"urlTemplate\":\"https:\/\/www.matts-guitar-shop.com\/de\/?s={search_term_string}\"},\"query-input\":{\"@type\":\"PropertyValueSpecification\",\"valueRequired\":true,\"valueName\":\"search_term_string\"}}],\"inLanguage\":\"de\"},{\"@type\":\"Organization\",\"@id\":\"https:\/\/www.matts-guitar-shop.com\/de\/#organization\",\"name\":\"matts-guitar-shop.com\",\"url\":\"https:\/\/www.matts-guitar-shop.com\/de\/\",\"logo\":{\"@type\":\"ImageObject\",\"inLanguage\":\"de\",\"@id\":\"https:\/\/www.matts-guitar-shop.com\/de\/#\/schema\/logo\/image\/\",\"url\":\"https:\/\/www.matts-guitar-shop.com\/wp-content\/uploads\/2024\/09\/MGS-logo-site-02.png\",\"contentUrl\":\"https:\/\/www.matts-guitar-shop.com\/wp-content\/uploads\/2024\/09\/MGS-logo-site-02.png\",\"width\":200,\"height\":122,\"caption\":\"matts-guitar-shop.com\"},\"image\":{\"@id\":\"https:\/\/www.matts-guitar-shop.com\/de\/#\/schema\/logo\/image\/\"},\"sameAs\":[\"https:\/\/www.facebook.com\/profile.php?id=100044359842817\",\"https:\/\/www.instagram.com\/mattsguitarshop\/\",\"https:\/\/www.youtube.com\/@MattLucasMan\/videos\"]}]}<\/script>\n<!-- \/ Yoast SEO plugin. -->","yoast_head_json":{"title":"Banjo Deering ehemals Nile Rodgers - Matt&#039;s Guitar Shop","description":"Deering Banjo ex-Nile Rodgers. Ein seltenes Sammlerst\u00fcck, das einst dem legend\u00e4ren Musiker und Produzenten geh\u00f6rte, exklusiv erh\u00e4ltlich bei Matts Guitar Shop.","robots":{"index":"index","follow":"follow","max-snippet":"max-snippet:-1","max-image-preview":"max-image-preview:large","max-video-preview":"max-video-preview:-1"},"canonical":"https:\/\/www.matts-guitar-shop.com\/de\/produit\/banjo-deering-ehemals-nile-rodgers\/","og_locale":"de_DE","og_type":"article","og_title":"Banjo Deering ehemals Nile Rodgers - Matt&#039;s Guitar Shop","og_description":"Deering Banjo ex-Nile Rodgers. Ein seltenes Sammlerst\u00fcck, das einst dem legend\u00e4ren Musiker und Produzenten geh\u00f6rte, exklusiv erh\u00e4ltlich bei Matts Guitar Shop.","og_url":"https:\/\/www.matts-guitar-shop.com\/de\/produit\/banjo-deering-ehemals-nile-rodgers\/","og_site_name":"Matt&#039;s Guitar Shop","article_publisher":"https:\/\/www.facebook.com\/profile.php?id=100044359842817","article_modified_time":"2025-11-15T19:54:26+00:00","og_image":[{"width":600,"height":867,"url":"https:\/\/www.matts-guitar-shop.com\/wp-content\/uploads\/2024\/08\/banjo-deering-ex-nile-rodgers-00.jpg","type":"image\/jpeg"}],"twitter_card":"summary_large_image","schema":{"@context":"https:\/\/schema.org","@graph":[{"@type":"WebPage","@id":"https:\/\/www.matts-guitar-shop.com\/de\/produit\/banjo-deering-ehemals-nile-rodgers\/","url":"https:\/\/www.matts-guitar-shop.com\/de\/produit\/banjo-deering-ehemals-nile-rodgers\/","name":"Banjo Deering ehemals Nile Rodgers - Matt&#039;s Guitar Shop","isPartOf":{"@id":"https:\/\/www.matts-guitar-shop.com\/de\/#website"},"primaryImageOfPage":{"@id":"https:\/\/www.matts-guitar-shop.com\/de\/produit\/banjo-deering-ehemals-nile-rodgers\/#primaryimage"},"image":{"@id":"https:\/\/www.matts-guitar-shop.com\/de\/produit\/banjo-deering-ehemals-nile-rodgers\/#primaryimage"},"thumbnailUrl":"https:\/\/www.matts-guitar-shop.com\/wp-content\/uploads\/2024\/08\/banjo-deering-ex-nile-rodgers-00.jpg","datePublished":"2024-08-13T13:23:38+00:00","dateModified":"2025-11-15T19:54:26+00:00","description":"Deering Banjo ex-Nile Rodgers. Ein seltenes Sammlerst\u00fcck, das einst dem legend\u00e4ren Musiker und Produzenten geh\u00f6rte, exklusiv erh\u00e4ltlich bei Matts Guitar Shop.","breadcrumb":{"@id":"https:\/\/www.matts-guitar-shop.com\/de\/produit\/banjo-deering-ehemals-nile-rodgers\/#breadcrumb"},"inLanguage":"de","potentialAction":[{"@type":"ReadAction","target":["https:\/\/www.matts-guitar-shop.com\/de\/produit\/banjo-deering-ehemals-nile-rodgers\/"]}]},{"@type":"ImageObject","inLanguage":"de","@id":"https:\/\/www.matts-guitar-shop.com\/de\/produit\/banjo-deering-ehemals-nile-rodgers\/#primaryimage","url":"https:\/\/www.matts-guitar-shop.com\/wp-content\/uploads\/2024\/08\/banjo-deering-ex-nile-rodgers-00.jpg","contentUrl":"https:\/\/www.matts-guitar-shop.com\/wp-content\/uploads\/2024\/08\/banjo-deering-ex-nile-rodgers-00.jpg","width":600,"height":867},{"@type":"BreadcrumbList","@id":"https:\/\/www.matts-guitar-shop.com\/de\/produit\/banjo-deering-ehemals-nile-rodgers\/#breadcrumb","itemListElement":[{"@type":"ListItem","position":1,"name":"Startseite","item":"https:\/\/www.matts-guitar-shop.com\/de\/"},{"@type":"ListItem","position":2,"name":"Shop","item":"https:\/\/www.matts-guitar-shop.com\/de\/shop\/"},{"@type":"ListItem","position":3,"name":"Banjo Deering ehemals Nile Rodgers"}]},{"@type":"WebSite","@id":"https:\/\/www.matts-guitar-shop.com\/de\/#website","url":"https:\/\/www.matts-guitar-shop.com\/de\/","name":"matts-guitar-shop.com","description":"Guitar Shop","publisher":{"@id":"https:\/\/www.matts-guitar-shop.com\/de\/#organization"},"potentialAction":[{"@type":"SearchAction","target":{"@type":"EntryPoint","urlTemplate":"https:\/\/www.matts-guitar-shop.com\/de\/?s={search_term_string}"},"query-input":{"@type":"PropertyValueSpecification","valueRequired":true,"valueName":"search_term_string"}}],"inLanguage":"de"},{"@type":"Organization","@id":"https:\/\/www.matts-guitar-shop.com\/de\/#organization","name":"matts-guitar-shop.com","url":"https:\/\/www.matts-guitar-shop.com\/de\/","logo":{"@type":"ImageObject","inLanguage":"de","@id":"https:\/\/www.matts-guitar-shop.com\/de\/#\/schema\/logo\/image\/","url":"https:\/\/www.matts-guitar-shop.com\/wp-content\/uploads\/2024\/09\/MGS-logo-site-02.png","contentUrl":"https:\/\/www.matts-guitar-shop.com\/wp-content\/uploads\/2024\/09\/MGS-logo-site-02.png","width":200,"height":122,"caption":"matts-guitar-shop.com"},"image":{"@id":"https:\/\/www.matts-guitar-shop.com\/de\/#\/schema\/logo\/image\/"},"sameAs":["https:\/\/www.facebook.com\/profile.php?id=100044359842817","https:\/\/www.instagram.com\/mattsguitarshop\/","https:\/\/www.youtube.com\/@MattLucasMan\/videos"]}]}},"_links":{"self":[{"href":"https:\/\/www.matts-guitar-shop.com\/de\/wp-json\/wp\/v2\/product\/20021","targetHints":{"allow":["GET"]}}],"collection":[{"href":"https:\/\/www.matts-guitar-shop.com\/de\/wp-json\/wp\/v2\/product"}],"about":[{"href":"https:\/\/www.matts-guitar-shop.com\/de\/wp-json\/wp\/v2\/types\/product"}],"replies":[{"embeddable":true,"href":"https:\/\/www.matts-guitar-shop.com\/de\/wp-json\/wp\/v2\/comments?post=20021"}],"wp:featuredmedia":[{"embeddable":true,"href":"https:\/\/www.matts-guitar-shop.com\/de\/wp-json\/wp\/v2\/media\/1540"}],"wp:attachment":[{"href":"https:\/\/www.matts-guitar-shop.com\/de\/wp-json\/wp\/v2\/media?parent=20021"}],"wp:term":[{"taxonomy":"product_brand","embeddable":true,"href":"https:\/\/www.matts-guitar-shop.com\/de\/wp-json\/wp\/v2\/product_brand?post=20021"},{"taxonomy":"product_cat","embeddable":true,"href":"https:\/\/www.matts-guitar-shop.com\/de\/wp-json\/wp\/v2\/product_cat?post=20021"},{"taxonomy":"product_tag","embeddable":true,"href":"https:\/\/www.matts-guitar-shop.com\/de\/wp-json\/wp\/v2\/product_tag?post=20021"}],"curies":[{"name":"wp","href":"https:\/\/api.w.org\/{rel}","templated":true}]}}