{"id":20020,"date":"2024-08-13T14:34:07","date_gmt":"2024-08-13T12:34:07","guid":{"rendered":"https:\/\/www.matts-guitar-shop.com\/produit\/dean-v-made-in-usa-ehemals-michael-schenker-scorpions\/"},"modified":"2025-11-15T20:50:49","modified_gmt":"2025-11-15T19:50:49","slug":"dean-v-made-in-usa-ehemals-michael-schenker-scorpions","status":"publish","type":"product","link":"https:\/\/www.matts-guitar-shop.com\/de\/produit\/dean-v-made-in-usa-ehemals-michael-schenker-scorpions\/","title":{"rendered":"Dean V Made in USA ehemals Michael Schenker Scorpions"},"content":{"rendered":"<p>Dean V Made in USA Ex Michael Schenker Scorpions<\/p>\n","protected":false},"excerpt":{"rendered":"<p><strong>Michael Schenker geh\u00f6rt zu den Gitarristen, die die Flying V zu ihrem bevorzugten Instrument gemacht haben \u2013 Werkzeug f\u00fcr die schnellsten und beeindruckendsten Soli. Anfang der 2000er-Jahre entwickelte der Gitarrist in enger Zusammenarbeit mit der Marke Dean seine zweifarbige, inzwischen legend\u00e4re Dean V. Hier pr\u00e4sentieren wir eines dieser Instrumente, gespielt von Michael Schenker selbst und auf der Decke signiert!<\/strong><\/p>\n<p>Unter den einflussreichsten europ\u00e4ischen Gitarristen der letzten Jahrzehnte nimmt Michael Schenker einen ganz besonderen Platz ein. Der deutsche Gitarrist, Gr\u00fcndungsmitglied der Scorpions, hat einen musikalischen Stil und eine Spieltechnik gepr\u00e4gt, die v\u00f6llig einzigartig sind. F\u00fcr seine Tourneen entwickelte Michael Schenker seine eigene Signature-Gitarre, die ber\u00fchmte <strong>zweifarbige Dean V<\/strong>, die l\u00e4ngst Kultstatus erreicht hat. Diese Gitarre wurde von Schenker live auf der B\u00fchne gespielt und anschlie\u00dfend auf der wei\u00dfen H\u00e4lfte von ihm signiert. Es handelt sich also um ein Instrument, dessen Qualit\u00e4t von seinem Sch\u00f6pfer selbst best\u00e4tigt wurde \u2013 und um ein au\u00dfergew\u00f6hnliches Sammlerst\u00fcck f\u00fcr jeden Hardrock- und Metal-Fan!<\/p>\n<p>Haben Sie Fragen zu diesem Produkt? Kontaktieren Sie uns!<\/p>\n","protected":false},"featured_media":1509,"comment_status":"open","ping_status":"closed","template":"","meta":{"_et_pb_use_builder":"","_et_pb_old_content":"","_et_gb_content_width":""},"product_brand":[],"product_cat":[673,677,672,670],"product_tag":[],"class_list":{"0":"post-20020","1":"product","2":"type-product","3":"status-publish","4":"has-post-thumbnail","6":"product_cat-gitarren","7":"product_cat-elektrische-gitarren","8":"product_cat-verkaufte","9":"product_cat-kuenstler","10":"pa_artiste-michael-schenker-de","11":"pa_disponibilite-verkauft","12":"pa_marque-dean-de","14":"first","15":"outofstock","16":"shipping-taxable","17":"purchasable","18":"product-type-simple"},"yoast_head":"<!-- This site is optimized with the Yoast SEO plugin v26.8 - https:\/\/yoast.com\/product\/yoast-seo-wordpress\/ -->\n<title>Dean V Made in USA ehemals Michael Schenker Scorpions - Matt&#039;s Guitar Shop<\/title>\n<meta name=\"description\" content=\"Dean V Made in USA ex-Michael Schenker. Eine seltene und legend\u00e4re Gitarre, ein unverzichtbares Sammlerst\u00fcck, exklusiv erh\u00e4ltlich bei Matts Guitar Shop.\" \/>\n<meta name=\"robots\" content=\"index, follow, max-snippet:-1, max-image-preview:large, max-video-preview:-1\" \/>\n<link rel=\"canonical\" href=\"https:\/\/www.matts-guitar-shop.com\/de\/produit\/dean-v-made-in-usa-ehemals-michael-schenker-scorpions\/\" \/>\n<meta property=\"og:locale\" content=\"de_DE\" \/>\n<meta property=\"og:type\" content=\"article\" \/>\n<meta property=\"og:title\" content=\"Dean V Made in USA ehemals Michael Schenker Scorpions - Matt&#039;s Guitar Shop\" \/>\n<meta property=\"og:description\" content=\"Dean V Made in USA ex-Michael Schenker. Eine seltene und legend\u00e4re Gitarre, ein unverzichtbares Sammlerst\u00fcck, exklusiv erh\u00e4ltlich bei Matts Guitar Shop.\" \/>\n<meta property=\"og:url\" content=\"https:\/\/www.matts-guitar-shop.com\/de\/produit\/dean-v-made-in-usa-ehemals-michael-schenker-scorpions\/\" \/>\n<meta property=\"og:site_name\" content=\"Matt&#039;s Guitar Shop\" \/>\n<meta property=\"article:publisher\" content=\"https:\/\/www.facebook.com\/profile.php?id=100044359842817\" \/>\n<meta property=\"article:modified_time\" content=\"2025-11-15T19:50:49+00:00\" \/>\n<meta property=\"og:image\" content=\"https:\/\/www.matts-guitar-shop.com\/wp-content\/uploads\/2024\/08\/dean-v-made-in-usa-ex-michael-schenker-scorpions-guitare-01.jpg\" \/>\n\t<meta property=\"og:image:width\" content=\"600\" \/>\n\t<meta property=\"og:image:height\" content=\"900\" \/>\n\t<meta property=\"og:image:type\" content=\"image\/jpeg\" \/>\n<meta name=\"twitter:card\" content=\"summary_large_image\" \/>\n<script type=\"application\/ld+json\" class=\"yoast-schema-graph\">{\"@context\":\"https:\/\/schema.org\",\"@graph\":[{\"@type\":\"WebPage\",\"@id\":\"https:\/\/www.matts-guitar-shop.com\/de\/produit\/dean-v-made-in-usa-ehemals-michael-schenker-scorpions\/\",\"url\":\"https:\/\/www.matts-guitar-shop.com\/de\/produit\/dean-v-made-in-usa-ehemals-michael-schenker-scorpions\/\",\"name\":\"Dean V Made in USA ehemals Michael Schenker Scorpions - Matt&#039;s Guitar Shop\",\"isPartOf\":{\"@id\":\"https:\/\/www.matts-guitar-shop.com\/de\/#website\"},\"primaryImageOfPage\":{\"@id\":\"https:\/\/www.matts-guitar-shop.com\/de\/produit\/dean-v-made-in-usa-ehemals-michael-schenker-scorpions\/#primaryimage\"},\"image\":{\"@id\":\"https:\/\/www.matts-guitar-shop.com\/de\/produit\/dean-v-made-in-usa-ehemals-michael-schenker-scorpions\/#primaryimage\"},\"thumbnailUrl\":\"https:\/\/www.matts-guitar-shop.com\/wp-content\/uploads\/2024\/08\/dean-v-made-in-usa-ex-michael-schenker-scorpions-guitare-01.jpg\",\"datePublished\":\"2024-08-13T12:34:07+00:00\",\"dateModified\":\"2025-11-15T19:50:49+00:00\",\"description\":\"Dean V Made in USA ex-Michael Schenker. Eine seltene und legend\u00e4re Gitarre, ein unverzichtbares Sammlerst\u00fcck, exklusiv erh\u00e4ltlich bei Matts Guitar Shop.\",\"breadcrumb\":{\"@id\":\"https:\/\/www.matts-guitar-shop.com\/de\/produit\/dean-v-made-in-usa-ehemals-michael-schenker-scorpions\/#breadcrumb\"},\"inLanguage\":\"de\",\"potentialAction\":[{\"@type\":\"ReadAction\",\"target\":[\"https:\/\/www.matts-guitar-shop.com\/de\/produit\/dean-v-made-in-usa-ehemals-michael-schenker-scorpions\/\"]}]},{\"@type\":\"ImageObject\",\"inLanguage\":\"de\",\"@id\":\"https:\/\/www.matts-guitar-shop.com\/de\/produit\/dean-v-made-in-usa-ehemals-michael-schenker-scorpions\/#primaryimage\",\"url\":\"https:\/\/www.matts-guitar-shop.com\/wp-content\/uploads\/2024\/08\/dean-v-made-in-usa-ex-michael-schenker-scorpions-guitare-01.jpg\",\"contentUrl\":\"https:\/\/www.matts-guitar-shop.com\/wp-content\/uploads\/2024\/08\/dean-v-made-in-usa-ex-michael-schenker-scorpions-guitare-01.jpg\",\"width\":600,\"height\":900},{\"@type\":\"BreadcrumbList\",\"@id\":\"https:\/\/www.matts-guitar-shop.com\/de\/produit\/dean-v-made-in-usa-ehemals-michael-schenker-scorpions\/#breadcrumb\",\"itemListElement\":[{\"@type\":\"ListItem\",\"position\":1,\"name\":\"Startseite\",\"item\":\"https:\/\/www.matts-guitar-shop.com\/de\/\"},{\"@type\":\"ListItem\",\"position\":2,\"name\":\"Shop\",\"item\":\"https:\/\/www.matts-guitar-shop.com\/de\/shop\/\"},{\"@type\":\"ListItem\",\"position\":3,\"name\":\"Dean V Made in USA ehemals Michael Schenker Scorpions\"}]},{\"@type\":\"WebSite\",\"@id\":\"https:\/\/www.matts-guitar-shop.com\/de\/#website\",\"url\":\"https:\/\/www.matts-guitar-shop.com\/de\/\",\"name\":\"matts-guitar-shop.com\",\"description\":\"Guitar Shop\",\"publisher\":{\"@id\":\"https:\/\/www.matts-guitar-shop.com\/de\/#organization\"},\"potentialAction\":[{\"@type\":\"SearchAction\",\"target\":{\"@type\":\"EntryPoint\",\"urlTemplate\":\"https:\/\/www.matts-guitar-shop.com\/de\/?s={search_term_string}\"},\"query-input\":{\"@type\":\"PropertyValueSpecification\",\"valueRequired\":true,\"valueName\":\"search_term_string\"}}],\"inLanguage\":\"de\"},{\"@type\":\"Organization\",\"@id\":\"https:\/\/www.matts-guitar-shop.com\/de\/#organization\",\"name\":\"matts-guitar-shop.com\",\"url\":\"https:\/\/www.matts-guitar-shop.com\/de\/\",\"logo\":{\"@type\":\"ImageObject\",\"inLanguage\":\"de\",\"@id\":\"https:\/\/www.matts-guitar-shop.com\/de\/#\/schema\/logo\/image\/\",\"url\":\"https:\/\/www.matts-guitar-shop.com\/wp-content\/uploads\/2024\/09\/MGS-logo-site-02.png\",\"contentUrl\":\"https:\/\/www.matts-guitar-shop.com\/wp-content\/uploads\/2024\/09\/MGS-logo-site-02.png\",\"width\":200,\"height\":122,\"caption\":\"matts-guitar-shop.com\"},\"image\":{\"@id\":\"https:\/\/www.matts-guitar-shop.com\/de\/#\/schema\/logo\/image\/\"},\"sameAs\":[\"https:\/\/www.facebook.com\/profile.php?id=100044359842817\",\"https:\/\/www.instagram.com\/mattsguitarshop\/\",\"https:\/\/www.youtube.com\/@MattLucasMan\/videos\"]}]}<\/script>\n<!-- \/ Yoast SEO plugin. -->","yoast_head_json":{"title":"Dean V Made in USA ehemals Michael Schenker Scorpions - Matt&#039;s Guitar Shop","description":"Dean V Made in USA ex-Michael Schenker. Eine seltene und legend\u00e4re Gitarre, ein unverzichtbares Sammlerst\u00fcck, exklusiv erh\u00e4ltlich bei Matts Guitar Shop.","robots":{"index":"index","follow":"follow","max-snippet":"max-snippet:-1","max-image-preview":"max-image-preview:large","max-video-preview":"max-video-preview:-1"},"canonical":"https:\/\/www.matts-guitar-shop.com\/de\/produit\/dean-v-made-in-usa-ehemals-michael-schenker-scorpions\/","og_locale":"de_DE","og_type":"article","og_title":"Dean V Made in USA ehemals Michael Schenker Scorpions - Matt&#039;s Guitar Shop","og_description":"Dean V Made in USA ex-Michael Schenker. Eine seltene und legend\u00e4re Gitarre, ein unverzichtbares Sammlerst\u00fcck, exklusiv erh\u00e4ltlich bei Matts Guitar Shop.","og_url":"https:\/\/www.matts-guitar-shop.com\/de\/produit\/dean-v-made-in-usa-ehemals-michael-schenker-scorpions\/","og_site_name":"Matt&#039;s Guitar Shop","article_publisher":"https:\/\/www.facebook.com\/profile.php?id=100044359842817","article_modified_time":"2025-11-15T19:50:49+00:00","og_image":[{"width":600,"height":900,"url":"https:\/\/www.matts-guitar-shop.com\/wp-content\/uploads\/2024\/08\/dean-v-made-in-usa-ex-michael-schenker-scorpions-guitare-01.jpg","type":"image\/jpeg"}],"twitter_card":"summary_large_image","schema":{"@context":"https:\/\/schema.org","@graph":[{"@type":"WebPage","@id":"https:\/\/www.matts-guitar-shop.com\/de\/produit\/dean-v-made-in-usa-ehemals-michael-schenker-scorpions\/","url":"https:\/\/www.matts-guitar-shop.com\/de\/produit\/dean-v-made-in-usa-ehemals-michael-schenker-scorpions\/","name":"Dean V Made in USA ehemals Michael Schenker Scorpions - Matt&#039;s Guitar Shop","isPartOf":{"@id":"https:\/\/www.matts-guitar-shop.com\/de\/#website"},"primaryImageOfPage":{"@id":"https:\/\/www.matts-guitar-shop.com\/de\/produit\/dean-v-made-in-usa-ehemals-michael-schenker-scorpions\/#primaryimage"},"image":{"@id":"https:\/\/www.matts-guitar-shop.com\/de\/produit\/dean-v-made-in-usa-ehemals-michael-schenker-scorpions\/#primaryimage"},"thumbnailUrl":"https:\/\/www.matts-guitar-shop.com\/wp-content\/uploads\/2024\/08\/dean-v-made-in-usa-ex-michael-schenker-scorpions-guitare-01.jpg","datePublished":"2024-08-13T12:34:07+00:00","dateModified":"2025-11-15T19:50:49+00:00","description":"Dean V Made in USA ex-Michael Schenker. Eine seltene und legend\u00e4re Gitarre, ein unverzichtbares Sammlerst\u00fcck, exklusiv erh\u00e4ltlich bei Matts Guitar Shop.","breadcrumb":{"@id":"https:\/\/www.matts-guitar-shop.com\/de\/produit\/dean-v-made-in-usa-ehemals-michael-schenker-scorpions\/#breadcrumb"},"inLanguage":"de","potentialAction":[{"@type":"ReadAction","target":["https:\/\/www.matts-guitar-shop.com\/de\/produit\/dean-v-made-in-usa-ehemals-michael-schenker-scorpions\/"]}]},{"@type":"ImageObject","inLanguage":"de","@id":"https:\/\/www.matts-guitar-shop.com\/de\/produit\/dean-v-made-in-usa-ehemals-michael-schenker-scorpions\/#primaryimage","url":"https:\/\/www.matts-guitar-shop.com\/wp-content\/uploads\/2024\/08\/dean-v-made-in-usa-ex-michael-schenker-scorpions-guitare-01.jpg","contentUrl":"https:\/\/www.matts-guitar-shop.com\/wp-content\/uploads\/2024\/08\/dean-v-made-in-usa-ex-michael-schenker-scorpions-guitare-01.jpg","width":600,"height":900},{"@type":"BreadcrumbList","@id":"https:\/\/www.matts-guitar-shop.com\/de\/produit\/dean-v-made-in-usa-ehemals-michael-schenker-scorpions\/#breadcrumb","itemListElement":[{"@type":"ListItem","position":1,"name":"Startseite","item":"https:\/\/www.matts-guitar-shop.com\/de\/"},{"@type":"ListItem","position":2,"name":"Shop","item":"https:\/\/www.matts-guitar-shop.com\/de\/shop\/"},{"@type":"ListItem","position":3,"name":"Dean V Made in USA ehemals Michael Schenker Scorpions"}]},{"@type":"WebSite","@id":"https:\/\/www.matts-guitar-shop.com\/de\/#website","url":"https:\/\/www.matts-guitar-shop.com\/de\/","name":"matts-guitar-shop.com","description":"Guitar Shop","publisher":{"@id":"https:\/\/www.matts-guitar-shop.com\/de\/#organization"},"potentialAction":[{"@type":"SearchAction","target":{"@type":"EntryPoint","urlTemplate":"https:\/\/www.matts-guitar-shop.com\/de\/?s={search_term_string}"},"query-input":{"@type":"PropertyValueSpecification","valueRequired":true,"valueName":"search_term_string"}}],"inLanguage":"de"},{"@type":"Organization","@id":"https:\/\/www.matts-guitar-shop.com\/de\/#organization","name":"matts-guitar-shop.com","url":"https:\/\/www.matts-guitar-shop.com\/de\/","logo":{"@type":"ImageObject","inLanguage":"de","@id":"https:\/\/www.matts-guitar-shop.com\/de\/#\/schema\/logo\/image\/","url":"https:\/\/www.matts-guitar-shop.com\/wp-content\/uploads\/2024\/09\/MGS-logo-site-02.png","contentUrl":"https:\/\/www.matts-guitar-shop.com\/wp-content\/uploads\/2024\/09\/MGS-logo-site-02.png","width":200,"height":122,"caption":"matts-guitar-shop.com"},"image":{"@id":"https:\/\/www.matts-guitar-shop.com\/de\/#\/schema\/logo\/image\/"},"sameAs":["https:\/\/www.facebook.com\/profile.php?id=100044359842817","https:\/\/www.instagram.com\/mattsguitarshop\/","https:\/\/www.youtube.com\/@MattLucasMan\/videos"]}]}},"_links":{"self":[{"href":"https:\/\/www.matts-guitar-shop.com\/de\/wp-json\/wp\/v2\/product\/20020","targetHints":{"allow":["GET"]}}],"collection":[{"href":"https:\/\/www.matts-guitar-shop.com\/de\/wp-json\/wp\/v2\/product"}],"about":[{"href":"https:\/\/www.matts-guitar-shop.com\/de\/wp-json\/wp\/v2\/types\/product"}],"replies":[{"embeddable":true,"href":"https:\/\/www.matts-guitar-shop.com\/de\/wp-json\/wp\/v2\/comments?post=20020"}],"wp:featuredmedia":[{"embeddable":true,"href":"https:\/\/www.matts-guitar-shop.com\/de\/wp-json\/wp\/v2\/media\/1509"}],"wp:attachment":[{"href":"https:\/\/www.matts-guitar-shop.com\/de\/wp-json\/wp\/v2\/media?parent=20020"}],"wp:term":[{"taxonomy":"product_brand","embeddable":true,"href":"https:\/\/www.matts-guitar-shop.com\/de\/wp-json\/wp\/v2\/product_brand?post=20020"},{"taxonomy":"product_cat","embeddable":true,"href":"https:\/\/www.matts-guitar-shop.com\/de\/wp-json\/wp\/v2\/product_cat?post=20020"},{"taxonomy":"product_tag","embeddable":true,"href":"https:\/\/www.matts-guitar-shop.com\/de\/wp-json\/wp\/v2\/product_tag?post=20020"}],"curies":[{"name":"wp","href":"https:\/\/api.w.org\/{rel}","templated":true}]}}