{"id":20013,"date":"2024-08-15T19:45:35","date_gmt":"2024-08-15T17:45:35","guid":{"rendered":"https:\/\/www.matts-guitar-shop.com\/produit\/fender-stratocaster-eric-clapton-masterbuilt-crossroads-scozia-blue\/"},"modified":"2024-08-15T19:45:35","modified_gmt":"2024-08-15T17:45:35","slug":"fender-stratocaster-eric-clapton-masterbuilt-crossroads-scozia-blue","status":"publish","type":"product","link":"https:\/\/www.matts-guitar-shop.com\/de\/produit\/fender-stratocaster-eric-clapton-masterbuilt-crossroads-scozia-blue\/","title":{"rendered":"Fender Stratocaster Eric Clapton Masterbuilt Crossroads Scozia Blue"},"content":{"rendered":"<p>Eric Clapton<br \/>\n(1945)<\/p>\n<p>Band: Cream<br \/>\nHauptgitarre: Fender Stratocaster<br \/>\nUnbedingt anh\u00f6ren: Crossroads<\/p>\n<p>Mehr als nur ein Musiker, Clapton ist zu einer weltweiten Ikone geworden, unbestritten der Bluesmusiker und Gitarrist, der beim breiten Publikum am bekanntesten ist, ohne dass echte Kenner ihn verachten. Die Rolle des jungen Eric war entscheidend bei der Entstehung eines echten britischen Blues und dessen Export in die USA.<\/p>\n<p>Clapton machte seine ersten Erfahrungen bei den Yardbirds, einer Band, die Chicago Blues und Pop kombinierte, mit seiner Telecaster am AC30. Nach der Single \u201eFor Your Love\u201c (1965), die ihm zu poppig war, wechselte er jedoch zu einer Puristen-Band namens John Mayall and the Bluesbreakers. Dort verbrachte er nur wenige Monate, doch diese Zeit reichte aus, um die denkw\u00fcrdigen Titel f\u00fcr das Album \u201eWith Eric Clapton\u201c von 1966 einzuspielen. Mit diesem historischen Werk entdeckte die Welt die t\u00f6dliche Kombination aus einer Les Paul Sunburst \u2013 damals ein kaum beachtetes Modell \u2013 an einem Marshall-Combo. Das Rezept wurde von zahllosen Rockstars \u00fcbernommen, doch Claptons kraftvoller, elektrisierender Spielstil auf diesem Album wurde nie vollst\u00e4ndig erreicht. Er inspirierte eine ganze Generation britischer Gitarristen und Fans, die ihn bald \u201egod\u201c nannten.<\/p>\n<p>1966 tritt er dem von Schlagzeuger Ginger Baker gegr\u00fcndeten Trio mit Jack Bruce (ebenfalls ein ehemaliger John Mayall-Mitstreiter) bei: Cream ist geboren. Das Trio virtuoser Musiker revolutionierte den elektrischen Blues, kehrte zu dessen Wurzeln zur\u00fcck und verlieh den Werken der alten Meister eine psychedelische Dringlichkeit. Innerhalb der Band ist Clapton mit einer SG voller wilder Zeichnungen (\u201eThe Fool\u201c) und einer ES-335 Cherry Red zu sehen. Cream zerbricht jedoch unter den unterschiedlichen Egos, und Clapton gr\u00fcndet Blind Faith mit Steve Winwood, bei der er eine Telecaster mit Strat-Hals spielt \u2013 ein erstes Zeichen f\u00fcr seine Vorliebe f\u00fcr Fender-Kombinationen.<\/p>\n<p>1970 tritt Clapton hinter dem Namen Derek And The Dominos hervor f\u00fcr das gro\u00dfartige Album \u201eLayla\u201c, und schlie\u00dflich \u00fcbernimmt er seinen Solo-Status und ver\u00f6ffentlicht Alben unter eigenem Namen, beginnend mit dem selbstbetitelten Album 1970 und \u201e461 Ocean Boulevard\u201c 1974. Es folgen weitere Produktionen, in denen stets der Stratsound dominiert, meist mit seiner treuen \u201eBlackie\u201c, einer schwarzen Stratocaster aus den 50ern, zusammengesetzt aus mehreren Vintage-Instrumenten.<\/p>\n<p>Das endg\u00fcltige Album, das Clapton noch weiter nach vorne katapultiert, erscheint 1992 mit \u201eUnplugged\u201c, ein reines Akustik-Konzert f\u00fcr MTV, das zu einem kulturellen Ph\u00e4nomen wird und die Verk\u00e4ufe von Martin-Gitarren wie nie zuvor ankurbelt. Die 000-28 wird wieder zu einem begehrten Objekt. Seitdem hat Eric ein Tribut-Album f\u00fcr Robert Johnson aufgenommen, Duette mit B.B. King und J.J. Cale ver\u00f6ffentlicht, die exzellenten Crossroads-Festivals organisiert und zahlreiche Gitarren versteigert. Seine seltenen Live-Auftritte bleiben mehr als ein halbes Jahrhundert nach seinen Anf\u00e4ngen bedeutende Gitarrenevents.<\/p>\n","protected":false},"excerpt":{"rendered":"<p>Haben Sie Fragen zu diesem Produkt? Kontaktieren Sie uns!<\/p>\n","protected":false},"featured_media":2334,"comment_status":"open","ping_status":"closed","template":"","meta":{"_et_pb_use_builder":"","_et_pb_old_content":"","_et_gb_content_width":""},"product_brand":[],"product_cat":[673,677,672],"product_tag":[],"class_list":{"0":"post-20013","1":"product","2":"type-product","3":"status-publish","4":"has-post-thumbnail","6":"product_cat-gitarren","7":"product_cat-elektrische-gitarren","8":"product_cat-verkaufte","9":"pa_artiste-eric-clapton-de","10":"pa_disponibilite-verkauft","11":"pa_marque-fender-de","13":"first","14":"outofstock","15":"shipping-taxable","16":"product-type-simple"},"yoast_head":"<!-- This site is optimized with the Yoast SEO plugin v26.8 - https:\/\/yoast.com\/product\/yoast-seo-wordpress\/ -->\n<title>Fender Stratocaster Eric Clapton Masterbuilt Crossroads Scozia Blue - Matt&#039;s Guitar Shop<\/title>\n<meta name=\"robots\" content=\"index, follow, max-snippet:-1, max-image-preview:large, max-video-preview:-1\" \/>\n<link rel=\"canonical\" href=\"https:\/\/www.matts-guitar-shop.com\/de\/produit\/fender-stratocaster-eric-clapton-masterbuilt-crossroads-scozia-blue\/\" \/>\n<meta property=\"og:locale\" content=\"de_DE\" \/>\n<meta property=\"og:type\" content=\"article\" \/>\n<meta property=\"og:title\" content=\"Fender Stratocaster Eric Clapton Masterbuilt Crossroads Scozia Blue - Matt&#039;s Guitar Shop\" \/>\n<meta property=\"og:description\" content=\"Haben Sie Fragen zu diesem Produkt? Kontaktieren Sie uns!\" \/>\n<meta property=\"og:url\" content=\"https:\/\/www.matts-guitar-shop.com\/de\/produit\/fender-stratocaster-eric-clapton-masterbuilt-crossroads-scozia-blue\/\" \/>\n<meta property=\"og:site_name\" content=\"Matt&#039;s Guitar Shop\" \/>\n<meta property=\"article:publisher\" content=\"https:\/\/www.facebook.com\/profile.php?id=100044359842817\" \/>\n<meta property=\"og:image\" content=\"https:\/\/www.matts-guitar-shop.com\/wp-content\/uploads\/2024\/08\/Fender-Stratocaster-Eric-Clapton-Masterbuilt-Crossroads-Scozia-Blue-00.jpg\" \/>\n\t<meta property=\"og:image:width\" content=\"692\" \/>\n\t<meta property=\"og:image:height\" content=\"1000\" \/>\n\t<meta property=\"og:image:type\" content=\"image\/jpeg\" \/>\n<meta name=\"twitter:card\" content=\"summary_large_image\" \/>\n<meta name=\"twitter:label1\" content=\"Gesch\u00e4tzte Lesezeit\" \/>\n\t<meta name=\"twitter:data1\" content=\"2\u00a0Minuten\" \/>\n<script type=\"application\/ld+json\" class=\"yoast-schema-graph\">{\"@context\":\"https:\/\/schema.org\",\"@graph\":[{\"@type\":\"WebPage\",\"@id\":\"https:\/\/www.matts-guitar-shop.com\/de\/produit\/fender-stratocaster-eric-clapton-masterbuilt-crossroads-scozia-blue\/\",\"url\":\"https:\/\/www.matts-guitar-shop.com\/de\/produit\/fender-stratocaster-eric-clapton-masterbuilt-crossroads-scozia-blue\/\",\"name\":\"Fender Stratocaster Eric Clapton Masterbuilt Crossroads Scozia Blue - Matt&#039;s Guitar Shop\",\"isPartOf\":{\"@id\":\"https:\/\/www.matts-guitar-shop.com\/de\/#website\"},\"primaryImageOfPage\":{\"@id\":\"https:\/\/www.matts-guitar-shop.com\/de\/produit\/fender-stratocaster-eric-clapton-masterbuilt-crossroads-scozia-blue\/#primaryimage\"},\"image\":{\"@id\":\"https:\/\/www.matts-guitar-shop.com\/de\/produit\/fender-stratocaster-eric-clapton-masterbuilt-crossroads-scozia-blue\/#primaryimage\"},\"thumbnailUrl\":\"https:\/\/www.matts-guitar-shop.com\/wp-content\/uploads\/2024\/08\/Fender-Stratocaster-Eric-Clapton-Masterbuilt-Crossroads-Scozia-Blue-00.jpg\",\"datePublished\":\"2024-08-15T17:45:35+00:00\",\"breadcrumb\":{\"@id\":\"https:\/\/www.matts-guitar-shop.com\/de\/produit\/fender-stratocaster-eric-clapton-masterbuilt-crossroads-scozia-blue\/#breadcrumb\"},\"inLanguage\":\"de\",\"potentialAction\":[{\"@type\":\"ReadAction\",\"target\":[\"https:\/\/www.matts-guitar-shop.com\/de\/produit\/fender-stratocaster-eric-clapton-masterbuilt-crossroads-scozia-blue\/\"]}]},{\"@type\":\"ImageObject\",\"inLanguage\":\"de\",\"@id\":\"https:\/\/www.matts-guitar-shop.com\/de\/produit\/fender-stratocaster-eric-clapton-masterbuilt-crossroads-scozia-blue\/#primaryimage\",\"url\":\"https:\/\/www.matts-guitar-shop.com\/wp-content\/uploads\/2024\/08\/Fender-Stratocaster-Eric-Clapton-Masterbuilt-Crossroads-Scozia-Blue-00.jpg\",\"contentUrl\":\"https:\/\/www.matts-guitar-shop.com\/wp-content\/uploads\/2024\/08\/Fender-Stratocaster-Eric-Clapton-Masterbuilt-Crossroads-Scozia-Blue-00.jpg\",\"width\":692,\"height\":1000},{\"@type\":\"BreadcrumbList\",\"@id\":\"https:\/\/www.matts-guitar-shop.com\/de\/produit\/fender-stratocaster-eric-clapton-masterbuilt-crossroads-scozia-blue\/#breadcrumb\",\"itemListElement\":[{\"@type\":\"ListItem\",\"position\":1,\"name\":\"Startseite\",\"item\":\"https:\/\/www.matts-guitar-shop.com\/de\/\"},{\"@type\":\"ListItem\",\"position\":2,\"name\":\"Shop\",\"item\":\"https:\/\/www.matts-guitar-shop.com\/de\/shop\/\"},{\"@type\":\"ListItem\",\"position\":3,\"name\":\"Fender Stratocaster Eric Clapton Masterbuilt Crossroads Scozia Blue\"}]},{\"@type\":\"WebSite\",\"@id\":\"https:\/\/www.matts-guitar-shop.com\/de\/#website\",\"url\":\"https:\/\/www.matts-guitar-shop.com\/de\/\",\"name\":\"matts-guitar-shop.com\",\"description\":\"Guitar Shop\",\"publisher\":{\"@id\":\"https:\/\/www.matts-guitar-shop.com\/de\/#organization\"},\"potentialAction\":[{\"@type\":\"SearchAction\",\"target\":{\"@type\":\"EntryPoint\",\"urlTemplate\":\"https:\/\/www.matts-guitar-shop.com\/de\/?s={search_term_string}\"},\"query-input\":{\"@type\":\"PropertyValueSpecification\",\"valueRequired\":true,\"valueName\":\"search_term_string\"}}],\"inLanguage\":\"de\"},{\"@type\":\"Organization\",\"@id\":\"https:\/\/www.matts-guitar-shop.com\/de\/#organization\",\"name\":\"matts-guitar-shop.com\",\"url\":\"https:\/\/www.matts-guitar-shop.com\/de\/\",\"logo\":{\"@type\":\"ImageObject\",\"inLanguage\":\"de\",\"@id\":\"https:\/\/www.matts-guitar-shop.com\/de\/#\/schema\/logo\/image\/\",\"url\":\"https:\/\/www.matts-guitar-shop.com\/wp-content\/uploads\/2024\/09\/MGS-logo-site-02.png\",\"contentUrl\":\"https:\/\/www.matts-guitar-shop.com\/wp-content\/uploads\/2024\/09\/MGS-logo-site-02.png\",\"width\":200,\"height\":122,\"caption\":\"matts-guitar-shop.com\"},\"image\":{\"@id\":\"https:\/\/www.matts-guitar-shop.com\/de\/#\/schema\/logo\/image\/\"},\"sameAs\":[\"https:\/\/www.facebook.com\/profile.php?id=100044359842817\",\"https:\/\/www.instagram.com\/mattsguitarshop\/\",\"https:\/\/www.youtube.com\/@MattLucasMan\/videos\"]}]}<\/script>\n<!-- \/ Yoast SEO plugin. -->","yoast_head_json":{"title":"Fender Stratocaster Eric Clapton Masterbuilt Crossroads Scozia Blue - Matt&#039;s Guitar Shop","robots":{"index":"index","follow":"follow","max-snippet":"max-snippet:-1","max-image-preview":"max-image-preview:large","max-video-preview":"max-video-preview:-1"},"canonical":"https:\/\/www.matts-guitar-shop.com\/de\/produit\/fender-stratocaster-eric-clapton-masterbuilt-crossroads-scozia-blue\/","og_locale":"de_DE","og_type":"article","og_title":"Fender Stratocaster Eric Clapton Masterbuilt Crossroads Scozia Blue - Matt&#039;s Guitar Shop","og_description":"Haben Sie Fragen zu diesem Produkt? Kontaktieren Sie uns!","og_url":"https:\/\/www.matts-guitar-shop.com\/de\/produit\/fender-stratocaster-eric-clapton-masterbuilt-crossroads-scozia-blue\/","og_site_name":"Matt&#039;s Guitar Shop","article_publisher":"https:\/\/www.facebook.com\/profile.php?id=100044359842817","og_image":[{"width":692,"height":1000,"url":"https:\/\/www.matts-guitar-shop.com\/wp-content\/uploads\/2024\/08\/Fender-Stratocaster-Eric-Clapton-Masterbuilt-Crossroads-Scozia-Blue-00.jpg","type":"image\/jpeg"}],"twitter_card":"summary_large_image","twitter_misc":{"Gesch\u00e4tzte Lesezeit":"2\u00a0Minuten"},"schema":{"@context":"https:\/\/schema.org","@graph":[{"@type":"WebPage","@id":"https:\/\/www.matts-guitar-shop.com\/de\/produit\/fender-stratocaster-eric-clapton-masterbuilt-crossroads-scozia-blue\/","url":"https:\/\/www.matts-guitar-shop.com\/de\/produit\/fender-stratocaster-eric-clapton-masterbuilt-crossroads-scozia-blue\/","name":"Fender Stratocaster Eric Clapton Masterbuilt Crossroads Scozia Blue - Matt&#039;s Guitar Shop","isPartOf":{"@id":"https:\/\/www.matts-guitar-shop.com\/de\/#website"},"primaryImageOfPage":{"@id":"https:\/\/www.matts-guitar-shop.com\/de\/produit\/fender-stratocaster-eric-clapton-masterbuilt-crossroads-scozia-blue\/#primaryimage"},"image":{"@id":"https:\/\/www.matts-guitar-shop.com\/de\/produit\/fender-stratocaster-eric-clapton-masterbuilt-crossroads-scozia-blue\/#primaryimage"},"thumbnailUrl":"https:\/\/www.matts-guitar-shop.com\/wp-content\/uploads\/2024\/08\/Fender-Stratocaster-Eric-Clapton-Masterbuilt-Crossroads-Scozia-Blue-00.jpg","datePublished":"2024-08-15T17:45:35+00:00","breadcrumb":{"@id":"https:\/\/www.matts-guitar-shop.com\/de\/produit\/fender-stratocaster-eric-clapton-masterbuilt-crossroads-scozia-blue\/#breadcrumb"},"inLanguage":"de","potentialAction":[{"@type":"ReadAction","target":["https:\/\/www.matts-guitar-shop.com\/de\/produit\/fender-stratocaster-eric-clapton-masterbuilt-crossroads-scozia-blue\/"]}]},{"@type":"ImageObject","inLanguage":"de","@id":"https:\/\/www.matts-guitar-shop.com\/de\/produit\/fender-stratocaster-eric-clapton-masterbuilt-crossroads-scozia-blue\/#primaryimage","url":"https:\/\/www.matts-guitar-shop.com\/wp-content\/uploads\/2024\/08\/Fender-Stratocaster-Eric-Clapton-Masterbuilt-Crossroads-Scozia-Blue-00.jpg","contentUrl":"https:\/\/www.matts-guitar-shop.com\/wp-content\/uploads\/2024\/08\/Fender-Stratocaster-Eric-Clapton-Masterbuilt-Crossroads-Scozia-Blue-00.jpg","width":692,"height":1000},{"@type":"BreadcrumbList","@id":"https:\/\/www.matts-guitar-shop.com\/de\/produit\/fender-stratocaster-eric-clapton-masterbuilt-crossroads-scozia-blue\/#breadcrumb","itemListElement":[{"@type":"ListItem","position":1,"name":"Startseite","item":"https:\/\/www.matts-guitar-shop.com\/de\/"},{"@type":"ListItem","position":2,"name":"Shop","item":"https:\/\/www.matts-guitar-shop.com\/de\/shop\/"},{"@type":"ListItem","position":3,"name":"Fender Stratocaster Eric Clapton Masterbuilt Crossroads Scozia Blue"}]},{"@type":"WebSite","@id":"https:\/\/www.matts-guitar-shop.com\/de\/#website","url":"https:\/\/www.matts-guitar-shop.com\/de\/","name":"matts-guitar-shop.com","description":"Guitar Shop","publisher":{"@id":"https:\/\/www.matts-guitar-shop.com\/de\/#organization"},"potentialAction":[{"@type":"SearchAction","target":{"@type":"EntryPoint","urlTemplate":"https:\/\/www.matts-guitar-shop.com\/de\/?s={search_term_string}"},"query-input":{"@type":"PropertyValueSpecification","valueRequired":true,"valueName":"search_term_string"}}],"inLanguage":"de"},{"@type":"Organization","@id":"https:\/\/www.matts-guitar-shop.com\/de\/#organization","name":"matts-guitar-shop.com","url":"https:\/\/www.matts-guitar-shop.com\/de\/","logo":{"@type":"ImageObject","inLanguage":"de","@id":"https:\/\/www.matts-guitar-shop.com\/de\/#\/schema\/logo\/image\/","url":"https:\/\/www.matts-guitar-shop.com\/wp-content\/uploads\/2024\/09\/MGS-logo-site-02.png","contentUrl":"https:\/\/www.matts-guitar-shop.com\/wp-content\/uploads\/2024\/09\/MGS-logo-site-02.png","width":200,"height":122,"caption":"matts-guitar-shop.com"},"image":{"@id":"https:\/\/www.matts-guitar-shop.com\/de\/#\/schema\/logo\/image\/"},"sameAs":["https:\/\/www.facebook.com\/profile.php?id=100044359842817","https:\/\/www.instagram.com\/mattsguitarshop\/","https:\/\/www.youtube.com\/@MattLucasMan\/videos"]}]}},"_links":{"self":[{"href":"https:\/\/www.matts-guitar-shop.com\/de\/wp-json\/wp\/v2\/product\/20013","targetHints":{"allow":["GET"]}}],"collection":[{"href":"https:\/\/www.matts-guitar-shop.com\/de\/wp-json\/wp\/v2\/product"}],"about":[{"href":"https:\/\/www.matts-guitar-shop.com\/de\/wp-json\/wp\/v2\/types\/product"}],"replies":[{"embeddable":true,"href":"https:\/\/www.matts-guitar-shop.com\/de\/wp-json\/wp\/v2\/comments?post=20013"}],"wp:featuredmedia":[{"embeddable":true,"href":"https:\/\/www.matts-guitar-shop.com\/de\/wp-json\/wp\/v2\/media\/2334"}],"wp:attachment":[{"href":"https:\/\/www.matts-guitar-shop.com\/de\/wp-json\/wp\/v2\/media?parent=20013"}],"wp:term":[{"taxonomy":"product_brand","embeddable":true,"href":"https:\/\/www.matts-guitar-shop.com\/de\/wp-json\/wp\/v2\/product_brand?post=20013"},{"taxonomy":"product_cat","embeddable":true,"href":"https:\/\/www.matts-guitar-shop.com\/de\/wp-json\/wp\/v2\/product_cat?post=20013"},{"taxonomy":"product_tag","embeddable":true,"href":"https:\/\/www.matts-guitar-shop.com\/de\/wp-json\/wp\/v2\/product_tag?post=20013"}],"curies":[{"name":"wp","href":"https:\/\/api.w.org\/{rel}","templated":true}]}}