{"id":20006,"date":"2024-08-13T16:08:09","date_gmt":"2024-08-13T14:08:09","guid":{"rendered":"https:\/\/www.matts-guitar-shop.com\/produit\/epiphone-les-paul-joe-bonamassa-signature-modell-norman-harris-burst\/"},"modified":"2024-08-13T16:08:09","modified_gmt":"2024-08-13T14:08:09","slug":"epiphone-les-paul-joe-bonamassa-signature-modell-norman-harris-burst","status":"publish","type":"product","link":"https:\/\/www.matts-guitar-shop.com\/de\/produit\/epiphone-les-paul-joe-bonamassa-signature-modell-norman-harris-burst\/","title":{"rendered":"Epiphone Les Paul Joe Bonamassa Signature Modell Norman Harris Burst"},"content":{"rendered":"<p>Joe Bonamassa<br \/> (1977)<\/p>\n<p>Hauptgitarre: Gibson Les Paul Standard 1959<br \/> Unbedingt anh\u00f6ren: Sloe Gin<\/p>\n<p>Es ist nicht einfach, sich als erwachsener K\u00fcnstler zu behaupten, wenn man ein Wunderkind war. Joe war Sch\u00fcler von Danny Gatton und Proteg\u00e9 von B.B. King, noch bevor er \u00fcberhaupt Auto fahren durfte, und tourte mit der Band Bloodline (zusammen mit anderen Wunderkindern, S\u00f6hne von Stars wie Miles Davis oder Robby Krieger), noch bevor er w\u00e4hlen konnte. Doch alles h\u00e4tte abrupt enden k\u00f6nnen \u2013 tats\u00e4chlich verschwanden die anderen Mitglieder von Bloodline im Nichts des Showbusiness. Bonamassa hingegen verf\u00fcgte \u00fcber eine unersch\u00fctterliche Arbeitsmoral und konnte durch kontinuierliche Touren seinen eigenen Sound und seine Solo-Diskografie etablieren.<\/p>\n<p>Alles begann im Jahr 2000 mit <em>A New Day Yesterday<\/em>, einem sehr soliden Blues-Album, auf dem G\u00e4ste wie Leslie West, Greg Allman und Rick Derringer den jungen Musiker unterst\u00fctzten. Damals spielte Bonamassa noch auf Strat und Tele, und der Einfluss von Stevie Ray Vaughan war in vielen seiner Licks noch deutlich h\u00f6rbar. Nach und nach fand er jedoch seinen eigenen Weg, als er auf Les Paul wechselte und seine Marshall Silver Jubilee kombiniert mit einigen Boutique-Amps ein Ergebnis erzielte, das gleicherma\u00dfen bluesig, fett und organisch klang. Auch der Produzent Kevin Shirley begann in dieser Zeit mit Bonamassa zu arbeiten, eine Zusammenarbeit, die mit <em>You &#038; Me<\/em> (2006) begann und bis heute andauert. <em>Sloe Gin<\/em> (2007) und <em>Ballad Of John Henry<\/em> (2009) sind weitere Erfolge, die Joe als Retter des Blues etablierten \u2013 die Zukunft eines Stils, der zu Beginn der Rente f\u00fcr Babyboomer reserviert schien.<\/p>\n<p>Seitdem hat Bonamassa sein Tourtempo nicht reduziert und spr\u00fcht vor Einfallsreichtum, um seine Shows abwechslungsreich zu gestalten, sei es bei Hommage-Konzerten an Muddy Waters und Howlin\u2019 Wolf, einer Tribute-Tour zu den drei Kings des Blues oder zum British Blues Boom. Au\u00dferdem spielt er auf Alben der S\u00e4ngerin Beth Hart sowie mit den Bands Black Country Communion (neben dem S\u00e4nger und Bassisten Glenn Hughes) und Rock Candy Funk Party. Parallel dazu versch\u00e4rfte sich seine akute Sammelleidenschaft \u2013 Joe, der in der Gitarre geboren wurde (sein Vater f\u00fchrte ein Gesch\u00e4ft), besitzt inzwischen rund zehn Bursts, zwei V Korina und eine beeindruckende Anzahl seltener Instrumente. Doch all diese Gitarren lagern nicht ungenutzt; sie begleiten Joe auf Tour. Schlie\u00dflich wurden sie genau daf\u00fcr gebaut.<\/p>\n","protected":false},"excerpt":{"rendered":"<p>Haben Sie Fragen zu diesem Produkt? Kontaktieren Sie uns!<\/p>\n","protected":false},"featured_media":1674,"comment_status":"open","ping_status":"closed","template":"","meta":{"_et_pb_use_builder":"","_et_pb_old_content":"","_et_gb_content_width":""},"product_brand":[],"product_cat":[673,677],"product_tag":[],"class_list":{"0":"post-20006","1":"product","2":"type-product","3":"status-publish","4":"has-post-thumbnail","6":"product_cat-gitarren","7":"product_cat-elektrische-gitarren","8":"pa_artiste-joe-bonamassa-de","9":"pa_disponibilite-zu-verkaufen","10":"pa_marque-epiphone-de","12":"first","13":"instock","14":"shipping-taxable","15":"product-type-simple"},"yoast_head":"<!-- This site is optimized with the Yoast SEO plugin v26.8 - https:\/\/yoast.com\/product\/yoast-seo-wordpress\/ -->\n<title>Epiphone Les Paul Joe Bonamassa Signature Modell Norman Harris Burst - Matt&#039;s Guitar Shop<\/title>\n<meta name=\"robots\" content=\"index, follow, max-snippet:-1, max-image-preview:large, max-video-preview:-1\" \/>\n<link rel=\"canonical\" href=\"https:\/\/www.matts-guitar-shop.com\/de\/produit\/epiphone-les-paul-joe-bonamassa-signature-modell-norman-harris-burst\/\" \/>\n<meta property=\"og:locale\" content=\"de_DE\" \/>\n<meta property=\"og:type\" content=\"article\" \/>\n<meta property=\"og:title\" content=\"Epiphone Les Paul Joe Bonamassa Signature Modell Norman Harris Burst - Matt&#039;s Guitar Shop\" \/>\n<meta property=\"og:description\" content=\"Haben Sie Fragen zu diesem Produkt? Kontaktieren Sie uns!\" \/>\n<meta property=\"og:url\" content=\"https:\/\/www.matts-guitar-shop.com\/de\/produit\/epiphone-les-paul-joe-bonamassa-signature-modell-norman-harris-burst\/\" \/>\n<meta property=\"og:site_name\" content=\"Matt&#039;s Guitar Shop\" \/>\n<meta property=\"article:publisher\" content=\"https:\/\/www.facebook.com\/profile.php?id=100044359842817\" \/>\n<meta property=\"og:image\" content=\"https:\/\/www.matts-guitar-shop.com\/wp-content\/uploads\/2024\/08\/Epiphone-Les-Paul-Joe-Bonamassa-Signature-Norman-Harris-Burst-00.jpg\" \/>\n\t<meta property=\"og:image:width\" content=\"600\" \/>\n\t<meta property=\"og:image:height\" content=\"867\" \/>\n\t<meta property=\"og:image:type\" content=\"image\/jpeg\" \/>\n<meta name=\"twitter:card\" content=\"summary_large_image\" \/>\n<meta name=\"twitter:label1\" content=\"Gesch\u00e4tzte Lesezeit\" \/>\n\t<meta name=\"twitter:data1\" content=\"2\u00a0Minuten\" \/>\n<script type=\"application\/ld+json\" class=\"yoast-schema-graph\">{\"@context\":\"https:\/\/schema.org\",\"@graph\":[{\"@type\":\"WebPage\",\"@id\":\"https:\/\/www.matts-guitar-shop.com\/de\/produit\/epiphone-les-paul-joe-bonamassa-signature-modell-norman-harris-burst\/\",\"url\":\"https:\/\/www.matts-guitar-shop.com\/de\/produit\/epiphone-les-paul-joe-bonamassa-signature-modell-norman-harris-burst\/\",\"name\":\"Epiphone Les Paul Joe Bonamassa Signature Modell Norman Harris Burst - Matt&#039;s Guitar Shop\",\"isPartOf\":{\"@id\":\"https:\/\/www.matts-guitar-shop.com\/de\/#website\"},\"primaryImageOfPage\":{\"@id\":\"https:\/\/www.matts-guitar-shop.com\/de\/produit\/epiphone-les-paul-joe-bonamassa-signature-modell-norman-harris-burst\/#primaryimage\"},\"image\":{\"@id\":\"https:\/\/www.matts-guitar-shop.com\/de\/produit\/epiphone-les-paul-joe-bonamassa-signature-modell-norman-harris-burst\/#primaryimage\"},\"thumbnailUrl\":\"https:\/\/www.matts-guitar-shop.com\/wp-content\/uploads\/2024\/08\/Epiphone-Les-Paul-Joe-Bonamassa-Signature-Norman-Harris-Burst-00.jpg\",\"datePublished\":\"2024-08-13T14:08:09+00:00\",\"breadcrumb\":{\"@id\":\"https:\/\/www.matts-guitar-shop.com\/de\/produit\/epiphone-les-paul-joe-bonamassa-signature-modell-norman-harris-burst\/#breadcrumb\"},\"inLanguage\":\"de\",\"potentialAction\":[{\"@type\":\"ReadAction\",\"target\":[\"https:\/\/www.matts-guitar-shop.com\/de\/produit\/epiphone-les-paul-joe-bonamassa-signature-modell-norman-harris-burst\/\"]}]},{\"@type\":\"ImageObject\",\"inLanguage\":\"de\",\"@id\":\"https:\/\/www.matts-guitar-shop.com\/de\/produit\/epiphone-les-paul-joe-bonamassa-signature-modell-norman-harris-burst\/#primaryimage\",\"url\":\"https:\/\/www.matts-guitar-shop.com\/wp-content\/uploads\/2024\/08\/Epiphone-Les-Paul-Joe-Bonamassa-Signature-Norman-Harris-Burst-00.jpg\",\"contentUrl\":\"https:\/\/www.matts-guitar-shop.com\/wp-content\/uploads\/2024\/08\/Epiphone-Les-Paul-Joe-Bonamassa-Signature-Norman-Harris-Burst-00.jpg\",\"width\":600,\"height\":867},{\"@type\":\"BreadcrumbList\",\"@id\":\"https:\/\/www.matts-guitar-shop.com\/de\/produit\/epiphone-les-paul-joe-bonamassa-signature-modell-norman-harris-burst\/#breadcrumb\",\"itemListElement\":[{\"@type\":\"ListItem\",\"position\":1,\"name\":\"Startseite\",\"item\":\"https:\/\/www.matts-guitar-shop.com\/de\/\"},{\"@type\":\"ListItem\",\"position\":2,\"name\":\"Shop\",\"item\":\"https:\/\/www.matts-guitar-shop.com\/de\/shop\/\"},{\"@type\":\"ListItem\",\"position\":3,\"name\":\"Epiphone Les Paul Joe Bonamassa Signature Modell Norman Harris Burst\"}]},{\"@type\":\"WebSite\",\"@id\":\"https:\/\/www.matts-guitar-shop.com\/de\/#website\",\"url\":\"https:\/\/www.matts-guitar-shop.com\/de\/\",\"name\":\"matts-guitar-shop.com\",\"description\":\"Guitar Shop\",\"publisher\":{\"@id\":\"https:\/\/www.matts-guitar-shop.com\/de\/#organization\"},\"potentialAction\":[{\"@type\":\"SearchAction\",\"target\":{\"@type\":\"EntryPoint\",\"urlTemplate\":\"https:\/\/www.matts-guitar-shop.com\/de\/?s={search_term_string}\"},\"query-input\":{\"@type\":\"PropertyValueSpecification\",\"valueRequired\":true,\"valueName\":\"search_term_string\"}}],\"inLanguage\":\"de\"},{\"@type\":\"Organization\",\"@id\":\"https:\/\/www.matts-guitar-shop.com\/de\/#organization\",\"name\":\"matts-guitar-shop.com\",\"url\":\"https:\/\/www.matts-guitar-shop.com\/de\/\",\"logo\":{\"@type\":\"ImageObject\",\"inLanguage\":\"de\",\"@id\":\"https:\/\/www.matts-guitar-shop.com\/de\/#\/schema\/logo\/image\/\",\"url\":\"https:\/\/www.matts-guitar-shop.com\/wp-content\/uploads\/2024\/09\/MGS-logo-site-02.png\",\"contentUrl\":\"https:\/\/www.matts-guitar-shop.com\/wp-content\/uploads\/2024\/09\/MGS-logo-site-02.png\",\"width\":200,\"height\":122,\"caption\":\"matts-guitar-shop.com\"},\"image\":{\"@id\":\"https:\/\/www.matts-guitar-shop.com\/de\/#\/schema\/logo\/image\/\"},\"sameAs\":[\"https:\/\/www.facebook.com\/profile.php?id=100044359842817\",\"https:\/\/www.instagram.com\/mattsguitarshop\/\",\"https:\/\/www.youtube.com\/@MattLucasMan\/videos\"]}]}<\/script>\n<!-- \/ Yoast SEO plugin. -->","yoast_head_json":{"title":"Epiphone Les Paul Joe Bonamassa Signature Modell Norman Harris Burst - Matt&#039;s Guitar Shop","robots":{"index":"index","follow":"follow","max-snippet":"max-snippet:-1","max-image-preview":"max-image-preview:large","max-video-preview":"max-video-preview:-1"},"canonical":"https:\/\/www.matts-guitar-shop.com\/de\/produit\/epiphone-les-paul-joe-bonamassa-signature-modell-norman-harris-burst\/","og_locale":"de_DE","og_type":"article","og_title":"Epiphone Les Paul Joe Bonamassa Signature Modell Norman Harris Burst - Matt&#039;s Guitar Shop","og_description":"Haben Sie Fragen zu diesem Produkt? Kontaktieren Sie uns!","og_url":"https:\/\/www.matts-guitar-shop.com\/de\/produit\/epiphone-les-paul-joe-bonamassa-signature-modell-norman-harris-burst\/","og_site_name":"Matt&#039;s Guitar Shop","article_publisher":"https:\/\/www.facebook.com\/profile.php?id=100044359842817","og_image":[{"width":600,"height":867,"url":"https:\/\/www.matts-guitar-shop.com\/wp-content\/uploads\/2024\/08\/Epiphone-Les-Paul-Joe-Bonamassa-Signature-Norman-Harris-Burst-00.jpg","type":"image\/jpeg"}],"twitter_card":"summary_large_image","twitter_misc":{"Gesch\u00e4tzte Lesezeit":"2\u00a0Minuten"},"schema":{"@context":"https:\/\/schema.org","@graph":[{"@type":"WebPage","@id":"https:\/\/www.matts-guitar-shop.com\/de\/produit\/epiphone-les-paul-joe-bonamassa-signature-modell-norman-harris-burst\/","url":"https:\/\/www.matts-guitar-shop.com\/de\/produit\/epiphone-les-paul-joe-bonamassa-signature-modell-norman-harris-burst\/","name":"Epiphone Les Paul Joe Bonamassa Signature Modell Norman Harris Burst - Matt&#039;s Guitar Shop","isPartOf":{"@id":"https:\/\/www.matts-guitar-shop.com\/de\/#website"},"primaryImageOfPage":{"@id":"https:\/\/www.matts-guitar-shop.com\/de\/produit\/epiphone-les-paul-joe-bonamassa-signature-modell-norman-harris-burst\/#primaryimage"},"image":{"@id":"https:\/\/www.matts-guitar-shop.com\/de\/produit\/epiphone-les-paul-joe-bonamassa-signature-modell-norman-harris-burst\/#primaryimage"},"thumbnailUrl":"https:\/\/www.matts-guitar-shop.com\/wp-content\/uploads\/2024\/08\/Epiphone-Les-Paul-Joe-Bonamassa-Signature-Norman-Harris-Burst-00.jpg","datePublished":"2024-08-13T14:08:09+00:00","breadcrumb":{"@id":"https:\/\/www.matts-guitar-shop.com\/de\/produit\/epiphone-les-paul-joe-bonamassa-signature-modell-norman-harris-burst\/#breadcrumb"},"inLanguage":"de","potentialAction":[{"@type":"ReadAction","target":["https:\/\/www.matts-guitar-shop.com\/de\/produit\/epiphone-les-paul-joe-bonamassa-signature-modell-norman-harris-burst\/"]}]},{"@type":"ImageObject","inLanguage":"de","@id":"https:\/\/www.matts-guitar-shop.com\/de\/produit\/epiphone-les-paul-joe-bonamassa-signature-modell-norman-harris-burst\/#primaryimage","url":"https:\/\/www.matts-guitar-shop.com\/wp-content\/uploads\/2024\/08\/Epiphone-Les-Paul-Joe-Bonamassa-Signature-Norman-Harris-Burst-00.jpg","contentUrl":"https:\/\/www.matts-guitar-shop.com\/wp-content\/uploads\/2024\/08\/Epiphone-Les-Paul-Joe-Bonamassa-Signature-Norman-Harris-Burst-00.jpg","width":600,"height":867},{"@type":"BreadcrumbList","@id":"https:\/\/www.matts-guitar-shop.com\/de\/produit\/epiphone-les-paul-joe-bonamassa-signature-modell-norman-harris-burst\/#breadcrumb","itemListElement":[{"@type":"ListItem","position":1,"name":"Startseite","item":"https:\/\/www.matts-guitar-shop.com\/de\/"},{"@type":"ListItem","position":2,"name":"Shop","item":"https:\/\/www.matts-guitar-shop.com\/de\/shop\/"},{"@type":"ListItem","position":3,"name":"Epiphone Les Paul Joe Bonamassa Signature Modell Norman Harris Burst"}]},{"@type":"WebSite","@id":"https:\/\/www.matts-guitar-shop.com\/de\/#website","url":"https:\/\/www.matts-guitar-shop.com\/de\/","name":"matts-guitar-shop.com","description":"Guitar Shop","publisher":{"@id":"https:\/\/www.matts-guitar-shop.com\/de\/#organization"},"potentialAction":[{"@type":"SearchAction","target":{"@type":"EntryPoint","urlTemplate":"https:\/\/www.matts-guitar-shop.com\/de\/?s={search_term_string}"},"query-input":{"@type":"PropertyValueSpecification","valueRequired":true,"valueName":"search_term_string"}}],"inLanguage":"de"},{"@type":"Organization","@id":"https:\/\/www.matts-guitar-shop.com\/de\/#organization","name":"matts-guitar-shop.com","url":"https:\/\/www.matts-guitar-shop.com\/de\/","logo":{"@type":"ImageObject","inLanguage":"de","@id":"https:\/\/www.matts-guitar-shop.com\/de\/#\/schema\/logo\/image\/","url":"https:\/\/www.matts-guitar-shop.com\/wp-content\/uploads\/2024\/09\/MGS-logo-site-02.png","contentUrl":"https:\/\/www.matts-guitar-shop.com\/wp-content\/uploads\/2024\/09\/MGS-logo-site-02.png","width":200,"height":122,"caption":"matts-guitar-shop.com"},"image":{"@id":"https:\/\/www.matts-guitar-shop.com\/de\/#\/schema\/logo\/image\/"},"sameAs":["https:\/\/www.facebook.com\/profile.php?id=100044359842817","https:\/\/www.instagram.com\/mattsguitarshop\/","https:\/\/www.youtube.com\/@MattLucasMan\/videos"]}]}},"_links":{"self":[{"href":"https:\/\/www.matts-guitar-shop.com\/de\/wp-json\/wp\/v2\/product\/20006","targetHints":{"allow":["GET"]}}],"collection":[{"href":"https:\/\/www.matts-guitar-shop.com\/de\/wp-json\/wp\/v2\/product"}],"about":[{"href":"https:\/\/www.matts-guitar-shop.com\/de\/wp-json\/wp\/v2\/types\/product"}],"replies":[{"embeddable":true,"href":"https:\/\/www.matts-guitar-shop.com\/de\/wp-json\/wp\/v2\/comments?post=20006"}],"wp:featuredmedia":[{"embeddable":true,"href":"https:\/\/www.matts-guitar-shop.com\/de\/wp-json\/wp\/v2\/media\/1674"}],"wp:attachment":[{"href":"https:\/\/www.matts-guitar-shop.com\/de\/wp-json\/wp\/v2\/media?parent=20006"}],"wp:term":[{"taxonomy":"product_brand","embeddable":true,"href":"https:\/\/www.matts-guitar-shop.com\/de\/wp-json\/wp\/v2\/product_brand?post=20006"},{"taxonomy":"product_cat","embeddable":true,"href":"https:\/\/www.matts-guitar-shop.com\/de\/wp-json\/wp\/v2\/product_cat?post=20006"},{"taxonomy":"product_tag","embeddable":true,"href":"https:\/\/www.matts-guitar-shop.com\/de\/wp-json\/wp\/v2\/product_tag?post=20006"}],"curies":[{"name":"wp","href":"https:\/\/api.w.org\/{rel}","templated":true}]}}