{"id":20003,"date":"2024-08-18T16:43:33","date_gmt":"2024-08-18T14:43:33","guid":{"rendered":"https:\/\/www.matts-guitar-shop.com\/produit\/floyd-rose-sunburst-prototype-ehemals-richie-sambora-bon-jovi\/"},"modified":"2025-10-16T20:26:54","modified_gmt":"2025-10-16T18:26:54","slug":"floyd-rose-sunburst-prototype-ehemals-richie-sambora-bon-jovi","status":"publish","type":"product","link":"https:\/\/www.matts-guitar-shop.com\/de\/produit\/floyd-rose-sunburst-prototype-ehemals-richie-sambora-bon-jovi\/","title":{"rendered":"Floyd Rose Sunburst Prototype ehemals Richie Sambora \u2013 Bon Jovi"},"content":{"rendered":"<p>Richie Sambora<br \/> (1959)<\/p>\n<p>Band: Bon Jovi<br \/> Hauptgitarre: Fender Stratocaster Signature<br \/> Unbedingt anh\u00f6ren: Livin\u2019 On A Prayer<\/p>\n<p>Die Geschichte des Rock ist so gestaltet: F\u00fcr jeden Mick Jagger gibt es einen Keith Richards. F\u00fcr jeden Steven Tyler einen Joe Perry. F\u00fcr jeden Robert Plant einen Jimmy Page. F\u00fcr jeden Superstar-S\u00e4nger, der die Massen begeistert, gibt es einen schattigen und unglaublich coolen Gitarristen, der den R\u00fccken deckt und nur sporadisch f\u00fcr etwa drei\u00dfig Sekunden in den Vordergrund tritt.<\/p>\n<p>Richie Sambora stieg 1983 einige Monate nach der Gr\u00fcndung in die New-Jersey-Band Bon Jovi ein. Von Anfang an erg\u00e4nzten Spiel und Pers\u00f6nlichkeit Samboras das Bild des Gr\u00fcnders Jon Bon Jovi perfekt. Zusammen bildeten sie ein Songwriting-Duo, das Klassiker des Hard-FM hervorbrachte, die auf allen Radiostationen Pflichtprogramm bleiben. Der eigentliche Durchbruch erfolgte 1986 mit dem Album <em>Slippery When Wet<\/em>, auf dem Sambora neun der zehn Titel mitschrieb, darunter die drei Mega-Singles <em>Livin\u2019 On A Prayer<\/em>, <em>You Give Love A Bad Name<\/em> und <em>Wanted Dead Or Alive<\/em>. Zu h\u00f6ren ist das schnelle, pr\u00e4zise, energiegeladene und einfallsreiche Spiel des Gitarrenhelden, der nat\u00fcrlich wie alle Solisten der damaligen Zeit Van Halen einbezog, dem aber seine eigene Note hinzuf\u00fcgte. Die Kunst des Arrangements zeigt sich im Einsatz der Zw\u00f6lfsaitigen bei <em>Wanted\u2026<\/em>, im Pitch Shifter des Solos von <em>You Give Love A Bad Name<\/em> oder in der Talkbox bei <em>Livin\u2019 On A Prayer<\/em>.<\/p>\n<p>Von da an wurde die Band riesig und tourte weltweit vor begeisterten Fans. Das Genie von Bon Jovi bestand darin, den Erfolg \u00fcber mehrere Jahre hinweg immer wieder zu erneuern und damit aufeinanderfolgende Generationen zu erreichen. So standen sie 1994 erneut an der Spitze der Charts mit <em>Always<\/em> und 2000 mit <em>It\u2019s My Life<\/em> (ebenfalls mitgeschrieben von Sambora), und erlangten neue Fans, die ihnen bis heute folgen.<\/p>\n<p>Von seinen D\u00e4monen geplagt, musste Sambora die Band 2013 mitten auf einer weiteren Welttournee verlassen. Seitdem gr\u00fcndete er die Band RSO mit seiner Ex-Partnerin Orianthi und scheint mit der Zeit zunehmend Interesse an Telecaster und Esquire zu zeigen, nachdem er fr\u00fcher vor allem f\u00fcr seine Superstrats w\u00e4hrend der Bon-Jovi-Zeit bekannt war. Die musikalische Zukunft Samboras wird uns also vermutlich noch einige \u00dcberraschungen bescheren.<\/p>\n","protected":false},"excerpt":{"rendered":"<p><strong>Unter den rhythmischen S\u00e4ulen der gr\u00f6\u00dften Rockbands nimmt Richie Sambora einen Spitzenplatz ein. Als legend\u00e4rer Gitarrist der Band Bon Jovi f\u00fcllte er 30 Jahre lang die gr\u00f6\u00dften Hallen der Welt. Neben seinem au\u00dfergew\u00f6hnlichen Gitarrenspiel ist Richie Sambora auch ein genialer Komponist: Er ist derjenige, der die gr\u00f6\u00dften Songs der amerikanischen Band gepr\u00e4gt hat. Als anspruchsvoller und leidenschaftlicher Musiker arbeitete Richie Sambora eng mit gro\u00dfen Gitarrenmarken zusammen, um seine eigenen Modelle zu entwickeln. Er ist bekannt als versierter Sammler au\u00dfergew\u00f6hnlicher Instrumente und f\u00fcr seinen sehr scharfen Blick f\u00fcr Gitarren. Nach Kooperationen mit Fender und Kramer lie\u00df Richie Sambora seine eigenen Modelle von Floyd Rose bauen.<\/strong><\/p>\n<p>Diese Floyd Rose Sunburst-Gitarre ist ein einzigartiger Prototyp, der speziell f\u00fcr Richie Sambora gefertigt wurde und nicht zur Serienproduktion geh\u00f6rt. Sie wurde nach sehr spezifischen technischen Vorgaben gebaut, die f\u00fcr diese Gitarre charakteristisch sind: ein Floyd Rose Speedloader Tremolosystem, zwei Humbucker und ein wei\u00dfes Pickguard, das f\u00fcr dieses Instrument typisch ist. Richie Sambora nutzte diese Art von Floyd Rose-Gitarren besonders in der Mitte der 2000er Jahre auf der B\u00fchne. Er gestaltete sie tats\u00e4chlich nach seinen Vorlieben und Spielpr\u00e4ferenzen. Diese Gitarre wurde somit von Richie Sambora live gespielt, wie mehrere Fotos belegen, die ihn mit diesem Instrument zeigen. Ein au\u00dfergew\u00f6hnliches St\u00fcck mit bemerkenswerter Herkunft!<\/p>\n","protected":false},"featured_media":3464,"comment_status":"open","ping_status":"closed","template":"","meta":{"_et_pb_use_builder":"","_et_pb_old_content":"","_et_gb_content_width":""},"product_brand":[],"product_cat":[673,677,672,670],"product_tag":[],"class_list":{"0":"post-20003","1":"product","2":"type-product","3":"status-publish","4":"has-post-thumbnail","6":"product_cat-gitarren","7":"product_cat-elektrische-gitarren","8":"product_cat-verkaufte","9":"product_cat-kuenstler","10":"pa_artiste-richie-sambora-de","11":"pa_disponibilite-verkauft","12":"pa_marque-floyd-rose-de","14":"first","15":"outofstock","16":"shipping-taxable","17":"purchasable","18":"product-type-simple"},"yoast_head":"<!-- This site is optimized with the Yoast SEO plugin v26.8 - https:\/\/yoast.com\/product\/yoast-seo-wordpress\/ -->\n<title>Floyd Rose Sunburst Prototype ehemals Richie Sambora \u2013 Bon Jovi - Matt&#039;s Guitar Shop<\/title>\n<meta name=\"description\" content=\"Floyd Rose Sunburst Prototype ex-Richie Sambora (Bon Jovi). Eine seltene und historische Gitarre, ein einzigartiges Sammlerst\u00fcck, erh\u00e4ltlich bei Matt&#039;s Guitar Shop.\" \/>\n<meta name=\"robots\" content=\"index, follow, max-snippet:-1, max-image-preview:large, max-video-preview:-1\" \/>\n<link rel=\"canonical\" href=\"https:\/\/www.matts-guitar-shop.com\/de\/produit\/floyd-rose-sunburst-prototype-ehemals-richie-sambora-bon-jovi\/\" \/>\n<meta property=\"og:locale\" content=\"de_DE\" \/>\n<meta property=\"og:type\" content=\"article\" \/>\n<meta property=\"og:title\" content=\"Floyd Rose Sunburst Prototype ehemals Richie Sambora \u2013 Bon Jovi - Matt&#039;s Guitar Shop\" \/>\n<meta property=\"og:description\" content=\"Floyd Rose Sunburst Prototype ex-Richie Sambora (Bon Jovi). Eine seltene und historische Gitarre, ein einzigartiges Sammlerst\u00fcck, erh\u00e4ltlich bei Matt&#039;s Guitar Shop.\" \/>\n<meta property=\"og:url\" content=\"https:\/\/www.matts-guitar-shop.com\/de\/produit\/floyd-rose-sunburst-prototype-ehemals-richie-sambora-bon-jovi\/\" \/>\n<meta property=\"og:site_name\" content=\"Matt&#039;s Guitar Shop\" \/>\n<meta property=\"article:publisher\" content=\"https:\/\/www.facebook.com\/profile.php?id=100044359842817\" \/>\n<meta property=\"article:modified_time\" content=\"2025-10-16T18:26:54+00:00\" \/>\n<meta property=\"og:image\" content=\"https:\/\/www.matts-guitar-shop.com\/wp-content\/uploads\/2024\/08\/Floyd-Rose-Sunburst-Prototype-Ex-Richie-Sambora-Bon-Jovi-00.jpg\" \/>\n\t<meta property=\"og:image:width\" content=\"692\" \/>\n\t<meta property=\"og:image:height\" content=\"1000\" \/>\n\t<meta property=\"og:image:type\" content=\"image\/jpeg\" \/>\n<meta name=\"twitter:card\" content=\"summary_large_image\" \/>\n<meta name=\"twitter:label1\" content=\"Gesch\u00e4tzte Lesezeit\" \/>\n\t<meta name=\"twitter:data1\" content=\"2\u00a0Minuten\" \/>\n<script type=\"application\/ld+json\" class=\"yoast-schema-graph\">{\"@context\":\"https:\/\/schema.org\",\"@graph\":[{\"@type\":\"WebPage\",\"@id\":\"https:\/\/www.matts-guitar-shop.com\/de\/produit\/floyd-rose-sunburst-prototype-ehemals-richie-sambora-bon-jovi\/\",\"url\":\"https:\/\/www.matts-guitar-shop.com\/de\/produit\/floyd-rose-sunburst-prototype-ehemals-richie-sambora-bon-jovi\/\",\"name\":\"Floyd Rose Sunburst Prototype ehemals Richie Sambora \u2013 Bon Jovi - Matt&#039;s Guitar Shop\",\"isPartOf\":{\"@id\":\"https:\/\/www.matts-guitar-shop.com\/de\/#website\"},\"primaryImageOfPage\":{\"@id\":\"https:\/\/www.matts-guitar-shop.com\/de\/produit\/floyd-rose-sunburst-prototype-ehemals-richie-sambora-bon-jovi\/#primaryimage\"},\"image\":{\"@id\":\"https:\/\/www.matts-guitar-shop.com\/de\/produit\/floyd-rose-sunburst-prototype-ehemals-richie-sambora-bon-jovi\/#primaryimage\"},\"thumbnailUrl\":\"https:\/\/www.matts-guitar-shop.com\/wp-content\/uploads\/2024\/08\/Floyd-Rose-Sunburst-Prototype-Ex-Richie-Sambora-Bon-Jovi-00.jpg\",\"datePublished\":\"2024-08-18T14:43:33+00:00\",\"dateModified\":\"2025-10-16T18:26:54+00:00\",\"description\":\"Floyd Rose Sunburst Prototype ex-Richie Sambora (Bon Jovi). Eine seltene und historische Gitarre, ein einzigartiges Sammlerst\u00fcck, erh\u00e4ltlich bei Matt's Guitar Shop.\",\"breadcrumb\":{\"@id\":\"https:\/\/www.matts-guitar-shop.com\/de\/produit\/floyd-rose-sunburst-prototype-ehemals-richie-sambora-bon-jovi\/#breadcrumb\"},\"inLanguage\":\"de\",\"potentialAction\":[{\"@type\":\"ReadAction\",\"target\":[\"https:\/\/www.matts-guitar-shop.com\/de\/produit\/floyd-rose-sunburst-prototype-ehemals-richie-sambora-bon-jovi\/\"]}]},{\"@type\":\"ImageObject\",\"inLanguage\":\"de\",\"@id\":\"https:\/\/www.matts-guitar-shop.com\/de\/produit\/floyd-rose-sunburst-prototype-ehemals-richie-sambora-bon-jovi\/#primaryimage\",\"url\":\"https:\/\/www.matts-guitar-shop.com\/wp-content\/uploads\/2024\/08\/Floyd-Rose-Sunburst-Prototype-Ex-Richie-Sambora-Bon-Jovi-00.jpg\",\"contentUrl\":\"https:\/\/www.matts-guitar-shop.com\/wp-content\/uploads\/2024\/08\/Floyd-Rose-Sunburst-Prototype-Ex-Richie-Sambora-Bon-Jovi-00.jpg\",\"width\":692,\"height\":1000},{\"@type\":\"BreadcrumbList\",\"@id\":\"https:\/\/www.matts-guitar-shop.com\/de\/produit\/floyd-rose-sunburst-prototype-ehemals-richie-sambora-bon-jovi\/#breadcrumb\",\"itemListElement\":[{\"@type\":\"ListItem\",\"position\":1,\"name\":\"Startseite\",\"item\":\"https:\/\/www.matts-guitar-shop.com\/de\/\"},{\"@type\":\"ListItem\",\"position\":2,\"name\":\"Shop\",\"item\":\"https:\/\/www.matts-guitar-shop.com\/de\/shop\/\"},{\"@type\":\"ListItem\",\"position\":3,\"name\":\"Floyd Rose Sunburst Prototype ehemals Richie Sambora \u2013 Bon Jovi\"}]},{\"@type\":\"WebSite\",\"@id\":\"https:\/\/www.matts-guitar-shop.com\/de\/#website\",\"url\":\"https:\/\/www.matts-guitar-shop.com\/de\/\",\"name\":\"matts-guitar-shop.com\",\"description\":\"Guitar Shop\",\"publisher\":{\"@id\":\"https:\/\/www.matts-guitar-shop.com\/de\/#organization\"},\"potentialAction\":[{\"@type\":\"SearchAction\",\"target\":{\"@type\":\"EntryPoint\",\"urlTemplate\":\"https:\/\/www.matts-guitar-shop.com\/de\/?s={search_term_string}\"},\"query-input\":{\"@type\":\"PropertyValueSpecification\",\"valueRequired\":true,\"valueName\":\"search_term_string\"}}],\"inLanguage\":\"de\"},{\"@type\":\"Organization\",\"@id\":\"https:\/\/www.matts-guitar-shop.com\/de\/#organization\",\"name\":\"matts-guitar-shop.com\",\"url\":\"https:\/\/www.matts-guitar-shop.com\/de\/\",\"logo\":{\"@type\":\"ImageObject\",\"inLanguage\":\"de\",\"@id\":\"https:\/\/www.matts-guitar-shop.com\/de\/#\/schema\/logo\/image\/\",\"url\":\"https:\/\/www.matts-guitar-shop.com\/wp-content\/uploads\/2024\/09\/MGS-logo-site-02.png\",\"contentUrl\":\"https:\/\/www.matts-guitar-shop.com\/wp-content\/uploads\/2024\/09\/MGS-logo-site-02.png\",\"width\":200,\"height\":122,\"caption\":\"matts-guitar-shop.com\"},\"image\":{\"@id\":\"https:\/\/www.matts-guitar-shop.com\/de\/#\/schema\/logo\/image\/\"},\"sameAs\":[\"https:\/\/www.facebook.com\/profile.php?id=100044359842817\",\"https:\/\/www.instagram.com\/mattsguitarshop\/\",\"https:\/\/www.youtube.com\/@MattLucasMan\/videos\"]}]}<\/script>\n<!-- \/ Yoast SEO plugin. -->","yoast_head_json":{"title":"Floyd Rose Sunburst Prototype ehemals Richie Sambora \u2013 Bon Jovi - Matt&#039;s Guitar Shop","description":"Floyd Rose Sunburst Prototype ex-Richie Sambora (Bon Jovi). Eine seltene und historische Gitarre, ein einzigartiges Sammlerst\u00fcck, erh\u00e4ltlich bei Matt's Guitar Shop.","robots":{"index":"index","follow":"follow","max-snippet":"max-snippet:-1","max-image-preview":"max-image-preview:large","max-video-preview":"max-video-preview:-1"},"canonical":"https:\/\/www.matts-guitar-shop.com\/de\/produit\/floyd-rose-sunburst-prototype-ehemals-richie-sambora-bon-jovi\/","og_locale":"de_DE","og_type":"article","og_title":"Floyd Rose Sunburst Prototype ehemals Richie Sambora \u2013 Bon Jovi - Matt&#039;s Guitar Shop","og_description":"Floyd Rose Sunburst Prototype ex-Richie Sambora (Bon Jovi). Eine seltene und historische Gitarre, ein einzigartiges Sammlerst\u00fcck, erh\u00e4ltlich bei Matt's Guitar Shop.","og_url":"https:\/\/www.matts-guitar-shop.com\/de\/produit\/floyd-rose-sunburst-prototype-ehemals-richie-sambora-bon-jovi\/","og_site_name":"Matt&#039;s Guitar Shop","article_publisher":"https:\/\/www.facebook.com\/profile.php?id=100044359842817","article_modified_time":"2025-10-16T18:26:54+00:00","og_image":[{"width":692,"height":1000,"url":"https:\/\/www.matts-guitar-shop.com\/wp-content\/uploads\/2024\/08\/Floyd-Rose-Sunburst-Prototype-Ex-Richie-Sambora-Bon-Jovi-00.jpg","type":"image\/jpeg"}],"twitter_card":"summary_large_image","twitter_misc":{"Gesch\u00e4tzte Lesezeit":"2\u00a0Minuten"},"schema":{"@context":"https:\/\/schema.org","@graph":[{"@type":"WebPage","@id":"https:\/\/www.matts-guitar-shop.com\/de\/produit\/floyd-rose-sunburst-prototype-ehemals-richie-sambora-bon-jovi\/","url":"https:\/\/www.matts-guitar-shop.com\/de\/produit\/floyd-rose-sunburst-prototype-ehemals-richie-sambora-bon-jovi\/","name":"Floyd Rose Sunburst Prototype ehemals Richie Sambora \u2013 Bon Jovi - Matt&#039;s Guitar Shop","isPartOf":{"@id":"https:\/\/www.matts-guitar-shop.com\/de\/#website"},"primaryImageOfPage":{"@id":"https:\/\/www.matts-guitar-shop.com\/de\/produit\/floyd-rose-sunburst-prototype-ehemals-richie-sambora-bon-jovi\/#primaryimage"},"image":{"@id":"https:\/\/www.matts-guitar-shop.com\/de\/produit\/floyd-rose-sunburst-prototype-ehemals-richie-sambora-bon-jovi\/#primaryimage"},"thumbnailUrl":"https:\/\/www.matts-guitar-shop.com\/wp-content\/uploads\/2024\/08\/Floyd-Rose-Sunburst-Prototype-Ex-Richie-Sambora-Bon-Jovi-00.jpg","datePublished":"2024-08-18T14:43:33+00:00","dateModified":"2025-10-16T18:26:54+00:00","description":"Floyd Rose Sunburst Prototype ex-Richie Sambora (Bon Jovi). Eine seltene und historische Gitarre, ein einzigartiges Sammlerst\u00fcck, erh\u00e4ltlich bei Matt's Guitar Shop.","breadcrumb":{"@id":"https:\/\/www.matts-guitar-shop.com\/de\/produit\/floyd-rose-sunburst-prototype-ehemals-richie-sambora-bon-jovi\/#breadcrumb"},"inLanguage":"de","potentialAction":[{"@type":"ReadAction","target":["https:\/\/www.matts-guitar-shop.com\/de\/produit\/floyd-rose-sunburst-prototype-ehemals-richie-sambora-bon-jovi\/"]}]},{"@type":"ImageObject","inLanguage":"de","@id":"https:\/\/www.matts-guitar-shop.com\/de\/produit\/floyd-rose-sunburst-prototype-ehemals-richie-sambora-bon-jovi\/#primaryimage","url":"https:\/\/www.matts-guitar-shop.com\/wp-content\/uploads\/2024\/08\/Floyd-Rose-Sunburst-Prototype-Ex-Richie-Sambora-Bon-Jovi-00.jpg","contentUrl":"https:\/\/www.matts-guitar-shop.com\/wp-content\/uploads\/2024\/08\/Floyd-Rose-Sunburst-Prototype-Ex-Richie-Sambora-Bon-Jovi-00.jpg","width":692,"height":1000},{"@type":"BreadcrumbList","@id":"https:\/\/www.matts-guitar-shop.com\/de\/produit\/floyd-rose-sunburst-prototype-ehemals-richie-sambora-bon-jovi\/#breadcrumb","itemListElement":[{"@type":"ListItem","position":1,"name":"Startseite","item":"https:\/\/www.matts-guitar-shop.com\/de\/"},{"@type":"ListItem","position":2,"name":"Shop","item":"https:\/\/www.matts-guitar-shop.com\/de\/shop\/"},{"@type":"ListItem","position":3,"name":"Floyd Rose Sunburst Prototype ehemals Richie Sambora \u2013 Bon Jovi"}]},{"@type":"WebSite","@id":"https:\/\/www.matts-guitar-shop.com\/de\/#website","url":"https:\/\/www.matts-guitar-shop.com\/de\/","name":"matts-guitar-shop.com","description":"Guitar Shop","publisher":{"@id":"https:\/\/www.matts-guitar-shop.com\/de\/#organization"},"potentialAction":[{"@type":"SearchAction","target":{"@type":"EntryPoint","urlTemplate":"https:\/\/www.matts-guitar-shop.com\/de\/?s={search_term_string}"},"query-input":{"@type":"PropertyValueSpecification","valueRequired":true,"valueName":"search_term_string"}}],"inLanguage":"de"},{"@type":"Organization","@id":"https:\/\/www.matts-guitar-shop.com\/de\/#organization","name":"matts-guitar-shop.com","url":"https:\/\/www.matts-guitar-shop.com\/de\/","logo":{"@type":"ImageObject","inLanguage":"de","@id":"https:\/\/www.matts-guitar-shop.com\/de\/#\/schema\/logo\/image\/","url":"https:\/\/www.matts-guitar-shop.com\/wp-content\/uploads\/2024\/09\/MGS-logo-site-02.png","contentUrl":"https:\/\/www.matts-guitar-shop.com\/wp-content\/uploads\/2024\/09\/MGS-logo-site-02.png","width":200,"height":122,"caption":"matts-guitar-shop.com"},"image":{"@id":"https:\/\/www.matts-guitar-shop.com\/de\/#\/schema\/logo\/image\/"},"sameAs":["https:\/\/www.facebook.com\/profile.php?id=100044359842817","https:\/\/www.instagram.com\/mattsguitarshop\/","https:\/\/www.youtube.com\/@MattLucasMan\/videos"]}]}},"_links":{"self":[{"href":"https:\/\/www.matts-guitar-shop.com\/de\/wp-json\/wp\/v2\/product\/20003","targetHints":{"allow":["GET"]}}],"collection":[{"href":"https:\/\/www.matts-guitar-shop.com\/de\/wp-json\/wp\/v2\/product"}],"about":[{"href":"https:\/\/www.matts-guitar-shop.com\/de\/wp-json\/wp\/v2\/types\/product"}],"replies":[{"embeddable":true,"href":"https:\/\/www.matts-guitar-shop.com\/de\/wp-json\/wp\/v2\/comments?post=20003"}],"wp:featuredmedia":[{"embeddable":true,"href":"https:\/\/www.matts-guitar-shop.com\/de\/wp-json\/wp\/v2\/media\/3464"}],"wp:attachment":[{"href":"https:\/\/www.matts-guitar-shop.com\/de\/wp-json\/wp\/v2\/media?parent=20003"}],"wp:term":[{"taxonomy":"product_brand","embeddable":true,"href":"https:\/\/www.matts-guitar-shop.com\/de\/wp-json\/wp\/v2\/product_brand?post=20003"},{"taxonomy":"product_cat","embeddable":true,"href":"https:\/\/www.matts-guitar-shop.com\/de\/wp-json\/wp\/v2\/product_cat?post=20003"},{"taxonomy":"product_tag","embeddable":true,"href":"https:\/\/www.matts-guitar-shop.com\/de\/wp-json\/wp\/v2\/product_tag?post=20003"}],"curies":[{"name":"wp","href":"https:\/\/api.w.org\/{rel}","templated":true}]}}