{"id":20002,"date":"2024-08-18T15:02:07","date_gmt":"2024-08-18T13:02:07","guid":{"rendered":"https:\/\/www.matts-guitar-shop.com\/produit\/floyd-rose-black-prototype-ehemals-richie-sambora-bon-jovi\/"},"modified":"2024-08-18T15:02:07","modified_gmt":"2024-08-18T13:02:07","slug":"floyd-rose-black-prototype-ehemals-richie-sambora-bon-jovi","status":"publish","type":"product","link":"https:\/\/www.matts-guitar-shop.com\/de\/produit\/floyd-rose-black-prototype-ehemals-richie-sambora-bon-jovi\/","title":{"rendered":"Floyd Rose Black Prototype ehemals Richie Sambora \u2013 Bon Jovi"},"content":{"rendered":"<p>Richie Sambora<br \/> (1959)<\/p>\n<p>Band: Bon Jovi<br \/> Hauptgitarre: Fender Stratocaster Signature<br \/> Unbedingt h\u00f6renswert: Livin\u2019 On A Prayer<\/p>\n<p>Die Geschichte des Rock ist so geformt: F\u00fcr jeden Mick Jagger gibt es einen Keith Richards. F\u00fcr jeden Steven Tyler einen Joe Perry. F\u00fcr jeden Robert Plant einen Jimmy Page. F\u00fcr jeden Superstar-S\u00e4nger, der die Massen begeistert, gibt es einen zur\u00fcckhaltenden, unendlich coolen Gitarristen, der den R\u00fccken absichert und nur sporadisch f\u00fcr kurze Soli von etwa drei\u00dfig Sekunden in den Vordergrund tritt.<\/p>\n<p>Richie Sambora trat 1983 in die New-Jersey-Band Bon Jovi ein, einige Monate nach deren Gr\u00fcndung. Von Anfang an erg\u00e4nzten Samboras Spiel und Pers\u00f6nlichkeit das Bild des Gr\u00fcnders\u00e4nger Jon Bon Jovi perfekt. Gemeinsam bildeten sie ein Songwriting-Duo, das die Klassiker des Hard FM hervorbrachte, die bis heute in allen Radiostationen unverzichtbar sind. Der eigentliche Durchbruch gelang 1986 mit dem Album <em>Slippery When Wet<\/em>, auf dem Sambora neun der zehn Songs mitverfasste, darunter die drei Mega-Singles <em>Livin\u2019 On A Prayer<\/em>, <em>You Give Love A Bad Name<\/em> und <em>Wanted Dead Or Alive<\/em>. Man h\u00f6rt das schnelle, pr\u00e4zise, energiegeladene und einfallsreiche Spiel des Gitarrenhelden, der selbstverst\u00e4ndlich Einfl\u00fcsse von Van Halen aufnahm, ihnen jedoch seine eigene Note hinzuf\u00fcgte. Sein Gesp\u00fcr f\u00fcr Arrangements zeigt sich in der Verwendung der Zw\u00f6lfsaiter auf <em>Wanted\u2026<\/em>, dem Pitch Shifter im Solo von <em>You Give Love A Bad Name<\/em> oder der Talkbox bei <em>Livin\u2019 On A Prayer<\/em>.<\/p>\n<p>Von da an wurde die Band riesig und tourte weltweit vor Massen begeisterter Fans. Das Genie von Bon Jovi bestand darin, ihren Erfolg \u00fcber Jahre hinweg immer wieder neu zu beleben und so mehrere aufeinanderfolgende Generationen zu erreichen. Sie kehrten erneut an die Spitze der Charts zur\u00fcck, 1994 mit <em>Always<\/em> und 2000 mit <em>It\u2019s My Life<\/em> (ebenfalls von Sambora mitgeschrieben), und eroberten ein neues Publikum, das ihnen bis heute treu bleibt.<\/p>\n<p>Geplagt von seinen D\u00e4monen, musste Sambora 2013 die Band mitten auf einer weiteren Welttournee verlassen. Seitdem gr\u00fcndete er die Band RSO mit seiner Ex-Partnerin Orianthi und zeigt zunehmend Interesse an Telecaster und Esquire, w\u00e4hrend er fr\u00fcher vor allem f\u00fcr seine Superstrats w\u00e4hrend der Bon-Jovi-Zeit bekannt war. Die musikalische Zukunft von Sambora h\u00e4lt also vermutlich noch einige sch\u00f6ne \u00dcberraschungen bereit.<\/p>\n","protected":false},"excerpt":{"rendered":"<p><strong>Im Matt\u2019s Guitar Shop arbeiten wir gerne direkt mit den K\u00fcnstlern zusammen und entdecken ihre B\u00fchneninstrumente, um ihre unergr\u00fcndlichen Geheimnisse zu ergr\u00fcnden. Nach dem Verkauf mehrerer Instrumente aus Richie Samboras Sammlung bieten wir weiterhin B\u00fchneninstrumente an, die f\u00fcr Richie entworfen und auf der B\u00fchne gespielt wurden. So auch diese schwarze Floyd Rose Prototype, eine ganz besondere Gitarre, die von Floyd Rose gebaut und von Richie mehrfach live gespielt wurde. Wieder einmal ein direkter Zeuge seines legend\u00e4ren Gitarrenspiels!<\/strong><\/p>\n<p>Neben seinem au\u00dfergew\u00f6hnlichen Gitarrentalent ist Richie Sambora auch ein genialer Songwriter: Er hat die gr\u00f6\u00dften Hits der amerikanischen Band ma\u00dfgeblich gepr\u00e4gt. Als anspruchsvoller und leidenschaftlicher Musiker suchte er die N\u00e4he gro\u00dfer Gitarrenmarken, um seine eigenen Modelle zu entwickeln. Nach der Zusammenarbeit mit Fender und Kramer lie\u00df Richie Sambora seine eigenen Modelle von Floyd Rose bauen.<\/p>\n<p>Diese Floyd Rose Gitarre ist ein einzigartiger Prototyp, der speziell f\u00fcr Richie Sambora gebaut wurde und nicht zur Serienproduktion geh\u00f6rt. Sie wurde nach sehr speziellen technischen Vorgaben konstruiert, die nur f\u00fcr dieses Instrument gelten: ein Floyd Rose Speedloader Tremolosystem, zwei Humbucker und ein einzigartiges Perlmutt-Pickguard. Richie Sambora hat diese Gitarren nach seinen Vorlieben und Spielgewohnheiten individuell gestaltet. Die Gitarre wurde lange von Richie gespielt, wie die Gebrauchsspuren auf der R\u00fcckseite und den Seiten zeigen, die von ihrem Einsatz in seinen H\u00e4nden zeugen. Mehrere Fotos zeigen Richie Sambora mit dieser Gitarre auf der B\u00fchne. Ein au\u00dfergew\u00f6hnliches St\u00fcck mit bemerkenswerter Herkunft!<\/p>\n","protected":false},"featured_media":3343,"comment_status":"open","ping_status":"closed","template":"","meta":{"_et_pb_use_builder":"","_et_pb_old_content":"","_et_gb_content_width":""},"product_brand":[],"product_cat":[672],"product_tag":[],"class_list":{"0":"post-20002","1":"product","2":"type-product","3":"status-publish","4":"has-post-thumbnail","6":"product_cat-verkaufte","7":"pa_artiste-richie-sambora-de","8":"pa_disponibilite-verkauft","9":"pa_marque-floyd-rose-de","11":"first","12":"outofstock","13":"shipping-taxable","14":"purchasable","15":"product-type-simple"},"yoast_head":"<!-- This site is optimized with the Yoast SEO plugin v26.8 - https:\/\/yoast.com\/product\/yoast-seo-wordpress\/ -->\n<title>Floyd Rose Black Prototype ehemals Richie Sambora \u2013 Bon Jovi - Matt&#039;s Guitar Shop<\/title>\n<meta name=\"robots\" content=\"index, follow, max-snippet:-1, max-image-preview:large, max-video-preview:-1\" \/>\n<link rel=\"canonical\" href=\"https:\/\/www.matts-guitar-shop.com\/de\/produit\/floyd-rose-black-prototype-ehemals-richie-sambora-bon-jovi\/\" \/>\n<meta property=\"og:locale\" content=\"de_DE\" \/>\n<meta property=\"og:type\" content=\"article\" \/>\n<meta property=\"og:title\" content=\"Floyd Rose Black Prototype ehemals Richie Sambora \u2013 Bon Jovi - Matt&#039;s Guitar Shop\" \/>\n<meta property=\"og:description\" content=\"Im Matt\u2019s Guitar Shop arbeiten wir gerne direkt mit den K\u00fcnstlern zusammen und entdecken ihre B\u00fchneninstrumente, um ihre unergr\u00fcndlichen Geheimnisse zu ergr\u00fcnden. Nach dem Verkauf mehrerer Instrumente aus Richie Samboras Sammlung bieten wir weiterhin B\u00fchneninstrumente an, die f\u00fcr Richie entworfen und auf der B\u00fchne gespielt wurden. So auch diese schwarze Floyd Rose Prototype, eine ganz besondere Gitarre, die von Floyd Rose gebaut und von Richie mehrfach live gespielt wurde. Wieder einmal ein direkter Zeuge seines legend\u00e4ren Gitarrenspiels! Neben seinem au\u00dfergew\u00f6hnlichen Gitarrentalent ist Richie Sambora auch ein genialer Songwriter: Er hat die gr\u00f6\u00dften Hits der amerikanischen Band ma\u00dfgeblich gepr\u00e4gt. Als anspruchsvoller und leidenschaftlicher Musiker suchte er die N\u00e4he gro\u00dfer Gitarrenmarken, um seine eigenen Modelle zu entwickeln. Nach der Zusammenarbeit mit Fender und Kramer lie\u00df Richie Sambora seine eigenen Modelle von Floyd Rose bauen. Diese Floyd Rose Gitarre ist ein einzigartiger Prototyp, der speziell f\u00fcr Richie Sambora gebaut wurde und nicht zur Serienproduktion geh\u00f6rt. Sie wurde nach sehr speziellen technischen Vorgaben konstruiert, die nur f\u00fcr dieses Instrument gelten: ein Floyd Rose Speedloader Tremolosystem, zwei Humbucker und ein einzigartiges Perlmutt-Pickguard. Richie Sambora hat diese Gitarren nach seinen Vorlieben und Spielgewohnheiten individuell gestaltet. Die Gitarre wurde lange von Richie gespielt, wie die Gebrauchsspuren auf der R\u00fcckseite und den Seiten zeigen, die von ihrem Einsatz in seinen H\u00e4nden zeugen. Mehrere Fotos zeigen Richie Sambora mit dieser Gitarre auf der B\u00fchne. Ein au\u00dfergew\u00f6hnliches St\u00fcck mit bemerkenswerter Herkunft!\" \/>\n<meta property=\"og:url\" content=\"https:\/\/www.matts-guitar-shop.com\/de\/produit\/floyd-rose-black-prototype-ehemals-richie-sambora-bon-jovi\/\" \/>\n<meta property=\"og:site_name\" content=\"Matt&#039;s Guitar Shop\" \/>\n<meta property=\"article:publisher\" content=\"https:\/\/www.facebook.com\/profile.php?id=100044359842817\" \/>\n<meta property=\"og:image\" content=\"https:\/\/www.matts-guitar-shop.com\/wp-content\/uploads\/2024\/08\/Floyd-Rose-Black-Prototype-Ex-Richie-Sambora-Bon-Jovi-00.jpg\" \/>\n\t<meta property=\"og:image:width\" content=\"692\" \/>\n\t<meta property=\"og:image:height\" content=\"1000\" \/>\n\t<meta property=\"og:image:type\" content=\"image\/jpeg\" \/>\n<meta name=\"twitter:card\" content=\"summary_large_image\" \/>\n<meta name=\"twitter:label1\" content=\"Gesch\u00e4tzte Lesezeit\" \/>\n\t<meta name=\"twitter:data1\" content=\"2\u00a0Minuten\" \/>\n<script type=\"application\/ld+json\" class=\"yoast-schema-graph\">{\"@context\":\"https:\/\/schema.org\",\"@graph\":[{\"@type\":\"WebPage\",\"@id\":\"https:\/\/www.matts-guitar-shop.com\/de\/produit\/floyd-rose-black-prototype-ehemals-richie-sambora-bon-jovi\/\",\"url\":\"https:\/\/www.matts-guitar-shop.com\/de\/produit\/floyd-rose-black-prototype-ehemals-richie-sambora-bon-jovi\/\",\"name\":\"Floyd Rose Black Prototype ehemals Richie Sambora \u2013 Bon Jovi - Matt&#039;s Guitar Shop\",\"isPartOf\":{\"@id\":\"https:\/\/www.matts-guitar-shop.com\/de\/#website\"},\"primaryImageOfPage\":{\"@id\":\"https:\/\/www.matts-guitar-shop.com\/de\/produit\/floyd-rose-black-prototype-ehemals-richie-sambora-bon-jovi\/#primaryimage\"},\"image\":{\"@id\":\"https:\/\/www.matts-guitar-shop.com\/de\/produit\/floyd-rose-black-prototype-ehemals-richie-sambora-bon-jovi\/#primaryimage\"},\"thumbnailUrl\":\"https:\/\/www.matts-guitar-shop.com\/wp-content\/uploads\/2024\/08\/Floyd-Rose-Black-Prototype-Ex-Richie-Sambora-Bon-Jovi-00.jpg\",\"datePublished\":\"2024-08-18T13:02:07+00:00\",\"breadcrumb\":{\"@id\":\"https:\/\/www.matts-guitar-shop.com\/de\/produit\/floyd-rose-black-prototype-ehemals-richie-sambora-bon-jovi\/#breadcrumb\"},\"inLanguage\":\"de\",\"potentialAction\":[{\"@type\":\"ReadAction\",\"target\":[\"https:\/\/www.matts-guitar-shop.com\/de\/produit\/floyd-rose-black-prototype-ehemals-richie-sambora-bon-jovi\/\"]}]},{\"@type\":\"ImageObject\",\"inLanguage\":\"de\",\"@id\":\"https:\/\/www.matts-guitar-shop.com\/de\/produit\/floyd-rose-black-prototype-ehemals-richie-sambora-bon-jovi\/#primaryimage\",\"url\":\"https:\/\/www.matts-guitar-shop.com\/wp-content\/uploads\/2024\/08\/Floyd-Rose-Black-Prototype-Ex-Richie-Sambora-Bon-Jovi-00.jpg\",\"contentUrl\":\"https:\/\/www.matts-guitar-shop.com\/wp-content\/uploads\/2024\/08\/Floyd-Rose-Black-Prototype-Ex-Richie-Sambora-Bon-Jovi-00.jpg\",\"width\":692,\"height\":1000},{\"@type\":\"BreadcrumbList\",\"@id\":\"https:\/\/www.matts-guitar-shop.com\/de\/produit\/floyd-rose-black-prototype-ehemals-richie-sambora-bon-jovi\/#breadcrumb\",\"itemListElement\":[{\"@type\":\"ListItem\",\"position\":1,\"name\":\"Startseite\",\"item\":\"https:\/\/www.matts-guitar-shop.com\/de\/\"},{\"@type\":\"ListItem\",\"position\":2,\"name\":\"Shop\",\"item\":\"https:\/\/www.matts-guitar-shop.com\/de\/shop\/\"},{\"@type\":\"ListItem\",\"position\":3,\"name\":\"Floyd Rose Black Prototype ehemals Richie Sambora \u2013 Bon Jovi\"}]},{\"@type\":\"WebSite\",\"@id\":\"https:\/\/www.matts-guitar-shop.com\/de\/#website\",\"url\":\"https:\/\/www.matts-guitar-shop.com\/de\/\",\"name\":\"matts-guitar-shop.com\",\"description\":\"Guitar Shop\",\"publisher\":{\"@id\":\"https:\/\/www.matts-guitar-shop.com\/de\/#organization\"},\"potentialAction\":[{\"@type\":\"SearchAction\",\"target\":{\"@type\":\"EntryPoint\",\"urlTemplate\":\"https:\/\/www.matts-guitar-shop.com\/de\/?s={search_term_string}\"},\"query-input\":{\"@type\":\"PropertyValueSpecification\",\"valueRequired\":true,\"valueName\":\"search_term_string\"}}],\"inLanguage\":\"de\"},{\"@type\":\"Organization\",\"@id\":\"https:\/\/www.matts-guitar-shop.com\/de\/#organization\",\"name\":\"matts-guitar-shop.com\",\"url\":\"https:\/\/www.matts-guitar-shop.com\/de\/\",\"logo\":{\"@type\":\"ImageObject\",\"inLanguage\":\"de\",\"@id\":\"https:\/\/www.matts-guitar-shop.com\/de\/#\/schema\/logo\/image\/\",\"url\":\"https:\/\/www.matts-guitar-shop.com\/wp-content\/uploads\/2024\/09\/MGS-logo-site-02.png\",\"contentUrl\":\"https:\/\/www.matts-guitar-shop.com\/wp-content\/uploads\/2024\/09\/MGS-logo-site-02.png\",\"width\":200,\"height\":122,\"caption\":\"matts-guitar-shop.com\"},\"image\":{\"@id\":\"https:\/\/www.matts-guitar-shop.com\/de\/#\/schema\/logo\/image\/\"},\"sameAs\":[\"https:\/\/www.facebook.com\/profile.php?id=100044359842817\",\"https:\/\/www.instagram.com\/mattsguitarshop\/\",\"https:\/\/www.youtube.com\/@MattLucasMan\/videos\"]}]}<\/script>\n<!-- \/ Yoast SEO plugin. -->","yoast_head_json":{"title":"Floyd Rose Black Prototype ehemals Richie Sambora \u2013 Bon Jovi - Matt&#039;s Guitar Shop","robots":{"index":"index","follow":"follow","max-snippet":"max-snippet:-1","max-image-preview":"max-image-preview:large","max-video-preview":"max-video-preview:-1"},"canonical":"https:\/\/www.matts-guitar-shop.com\/de\/produit\/floyd-rose-black-prototype-ehemals-richie-sambora-bon-jovi\/","og_locale":"de_DE","og_type":"article","og_title":"Floyd Rose Black Prototype ehemals Richie Sambora \u2013 Bon Jovi - Matt&#039;s Guitar Shop","og_description":"Im Matt\u2019s Guitar Shop arbeiten wir gerne direkt mit den K\u00fcnstlern zusammen und entdecken ihre B\u00fchneninstrumente, um ihre unergr\u00fcndlichen Geheimnisse zu ergr\u00fcnden. Nach dem Verkauf mehrerer Instrumente aus Richie Samboras Sammlung bieten wir weiterhin B\u00fchneninstrumente an, die f\u00fcr Richie entworfen und auf der B\u00fchne gespielt wurden. So auch diese schwarze Floyd Rose Prototype, eine ganz besondere Gitarre, die von Floyd Rose gebaut und von Richie mehrfach live gespielt wurde. Wieder einmal ein direkter Zeuge seines legend\u00e4ren Gitarrenspiels! Neben seinem au\u00dfergew\u00f6hnlichen Gitarrentalent ist Richie Sambora auch ein genialer Songwriter: Er hat die gr\u00f6\u00dften Hits der amerikanischen Band ma\u00dfgeblich gepr\u00e4gt. Als anspruchsvoller und leidenschaftlicher Musiker suchte er die N\u00e4he gro\u00dfer Gitarrenmarken, um seine eigenen Modelle zu entwickeln. Nach der Zusammenarbeit mit Fender und Kramer lie\u00df Richie Sambora seine eigenen Modelle von Floyd Rose bauen. Diese Floyd Rose Gitarre ist ein einzigartiger Prototyp, der speziell f\u00fcr Richie Sambora gebaut wurde und nicht zur Serienproduktion geh\u00f6rt. Sie wurde nach sehr speziellen technischen Vorgaben konstruiert, die nur f\u00fcr dieses Instrument gelten: ein Floyd Rose Speedloader Tremolosystem, zwei Humbucker und ein einzigartiges Perlmutt-Pickguard. Richie Sambora hat diese Gitarren nach seinen Vorlieben und Spielgewohnheiten individuell gestaltet. Die Gitarre wurde lange von Richie gespielt, wie die Gebrauchsspuren auf der R\u00fcckseite und den Seiten zeigen, die von ihrem Einsatz in seinen H\u00e4nden zeugen. Mehrere Fotos zeigen Richie Sambora mit dieser Gitarre auf der B\u00fchne. Ein au\u00dfergew\u00f6hnliches St\u00fcck mit bemerkenswerter Herkunft!","og_url":"https:\/\/www.matts-guitar-shop.com\/de\/produit\/floyd-rose-black-prototype-ehemals-richie-sambora-bon-jovi\/","og_site_name":"Matt&#039;s Guitar Shop","article_publisher":"https:\/\/www.facebook.com\/profile.php?id=100044359842817","og_image":[{"width":692,"height":1000,"url":"https:\/\/www.matts-guitar-shop.com\/wp-content\/uploads\/2024\/08\/Floyd-Rose-Black-Prototype-Ex-Richie-Sambora-Bon-Jovi-00.jpg","type":"image\/jpeg"}],"twitter_card":"summary_large_image","twitter_misc":{"Gesch\u00e4tzte Lesezeit":"2\u00a0Minuten"},"schema":{"@context":"https:\/\/schema.org","@graph":[{"@type":"WebPage","@id":"https:\/\/www.matts-guitar-shop.com\/de\/produit\/floyd-rose-black-prototype-ehemals-richie-sambora-bon-jovi\/","url":"https:\/\/www.matts-guitar-shop.com\/de\/produit\/floyd-rose-black-prototype-ehemals-richie-sambora-bon-jovi\/","name":"Floyd Rose Black Prototype ehemals Richie Sambora \u2013 Bon Jovi - Matt&#039;s Guitar Shop","isPartOf":{"@id":"https:\/\/www.matts-guitar-shop.com\/de\/#website"},"primaryImageOfPage":{"@id":"https:\/\/www.matts-guitar-shop.com\/de\/produit\/floyd-rose-black-prototype-ehemals-richie-sambora-bon-jovi\/#primaryimage"},"image":{"@id":"https:\/\/www.matts-guitar-shop.com\/de\/produit\/floyd-rose-black-prototype-ehemals-richie-sambora-bon-jovi\/#primaryimage"},"thumbnailUrl":"https:\/\/www.matts-guitar-shop.com\/wp-content\/uploads\/2024\/08\/Floyd-Rose-Black-Prototype-Ex-Richie-Sambora-Bon-Jovi-00.jpg","datePublished":"2024-08-18T13:02:07+00:00","breadcrumb":{"@id":"https:\/\/www.matts-guitar-shop.com\/de\/produit\/floyd-rose-black-prototype-ehemals-richie-sambora-bon-jovi\/#breadcrumb"},"inLanguage":"de","potentialAction":[{"@type":"ReadAction","target":["https:\/\/www.matts-guitar-shop.com\/de\/produit\/floyd-rose-black-prototype-ehemals-richie-sambora-bon-jovi\/"]}]},{"@type":"ImageObject","inLanguage":"de","@id":"https:\/\/www.matts-guitar-shop.com\/de\/produit\/floyd-rose-black-prototype-ehemals-richie-sambora-bon-jovi\/#primaryimage","url":"https:\/\/www.matts-guitar-shop.com\/wp-content\/uploads\/2024\/08\/Floyd-Rose-Black-Prototype-Ex-Richie-Sambora-Bon-Jovi-00.jpg","contentUrl":"https:\/\/www.matts-guitar-shop.com\/wp-content\/uploads\/2024\/08\/Floyd-Rose-Black-Prototype-Ex-Richie-Sambora-Bon-Jovi-00.jpg","width":692,"height":1000},{"@type":"BreadcrumbList","@id":"https:\/\/www.matts-guitar-shop.com\/de\/produit\/floyd-rose-black-prototype-ehemals-richie-sambora-bon-jovi\/#breadcrumb","itemListElement":[{"@type":"ListItem","position":1,"name":"Startseite","item":"https:\/\/www.matts-guitar-shop.com\/de\/"},{"@type":"ListItem","position":2,"name":"Shop","item":"https:\/\/www.matts-guitar-shop.com\/de\/shop\/"},{"@type":"ListItem","position":3,"name":"Floyd Rose Black Prototype ehemals Richie Sambora \u2013 Bon Jovi"}]},{"@type":"WebSite","@id":"https:\/\/www.matts-guitar-shop.com\/de\/#website","url":"https:\/\/www.matts-guitar-shop.com\/de\/","name":"matts-guitar-shop.com","description":"Guitar Shop","publisher":{"@id":"https:\/\/www.matts-guitar-shop.com\/de\/#organization"},"potentialAction":[{"@type":"SearchAction","target":{"@type":"EntryPoint","urlTemplate":"https:\/\/www.matts-guitar-shop.com\/de\/?s={search_term_string}"},"query-input":{"@type":"PropertyValueSpecification","valueRequired":true,"valueName":"search_term_string"}}],"inLanguage":"de"},{"@type":"Organization","@id":"https:\/\/www.matts-guitar-shop.com\/de\/#organization","name":"matts-guitar-shop.com","url":"https:\/\/www.matts-guitar-shop.com\/de\/","logo":{"@type":"ImageObject","inLanguage":"de","@id":"https:\/\/www.matts-guitar-shop.com\/de\/#\/schema\/logo\/image\/","url":"https:\/\/www.matts-guitar-shop.com\/wp-content\/uploads\/2024\/09\/MGS-logo-site-02.png","contentUrl":"https:\/\/www.matts-guitar-shop.com\/wp-content\/uploads\/2024\/09\/MGS-logo-site-02.png","width":200,"height":122,"caption":"matts-guitar-shop.com"},"image":{"@id":"https:\/\/www.matts-guitar-shop.com\/de\/#\/schema\/logo\/image\/"},"sameAs":["https:\/\/www.facebook.com\/profile.php?id=100044359842817","https:\/\/www.instagram.com\/mattsguitarshop\/","https:\/\/www.youtube.com\/@MattLucasMan\/videos"]}]}},"_links":{"self":[{"href":"https:\/\/www.matts-guitar-shop.com\/de\/wp-json\/wp\/v2\/product\/20002","targetHints":{"allow":["GET"]}}],"collection":[{"href":"https:\/\/www.matts-guitar-shop.com\/de\/wp-json\/wp\/v2\/product"}],"about":[{"href":"https:\/\/www.matts-guitar-shop.com\/de\/wp-json\/wp\/v2\/types\/product"}],"replies":[{"embeddable":true,"href":"https:\/\/www.matts-guitar-shop.com\/de\/wp-json\/wp\/v2\/comments?post=20002"}],"wp:featuredmedia":[{"embeddable":true,"href":"https:\/\/www.matts-guitar-shop.com\/de\/wp-json\/wp\/v2\/media\/3343"}],"wp:attachment":[{"href":"https:\/\/www.matts-guitar-shop.com\/de\/wp-json\/wp\/v2\/media?parent=20002"}],"wp:term":[{"taxonomy":"product_brand","embeddable":true,"href":"https:\/\/www.matts-guitar-shop.com\/de\/wp-json\/wp\/v2\/product_brand?post=20002"},{"taxonomy":"product_cat","embeddable":true,"href":"https:\/\/www.matts-guitar-shop.com\/de\/wp-json\/wp\/v2\/product_cat?post=20002"},{"taxonomy":"product_tag","embeddable":true,"href":"https:\/\/www.matts-guitar-shop.com\/de\/wp-json\/wp\/v2\/product_tag?post=20002"}],"curies":[{"name":"wp","href":"https:\/\/api.w.org\/{rel}","templated":true}]}}