{"id":20001,"date":"2024-08-18T14:40:06","date_gmt":"2024-08-18T12:40:06","guid":{"rendered":"https:\/\/www.matts-guitar-shop.com\/produit\/fender-telecaster-bass-paisley-finish-1968\/"},"modified":"2025-10-16T20:25:40","modified_gmt":"2025-10-16T18:25:40","slug":"fender-telecaster-bass-paisley-finish-1968","status":"publish","type":"product","link":"https:\/\/www.matts-guitar-shop.com\/de\/produit\/fender-telecaster-bass-paisley-finish-1968\/","title":{"rendered":"Fender Telecaster Bass Paisley finish 1968"},"content":{"rendered":"<p>Fender Telecaster Bass Paisley finish 1968<\/p>\n","protected":false},"excerpt":{"rendered":"<p><strong>Die 1960er Jahre waren ein Jahrzehnt tiefgreifender gesellschaftlicher Ver\u00e4nderungen, gepr\u00e4gt durch das Aufkommen der Hippie-Gegenkultur. Ihren H\u00f6hepunkt fand diese Bewegung beim legend\u00e4ren Woodstock-Festival am White Lake im August 1969. Diese Jahre des Protests und der Forderungen wurden zum Symbol f\u00fcr Psychedelik. Stunden au\u00dfergew\u00f6hnlicher Freiheit, die durch ihren Umfang einzigartig blieben, wurden gleicherma\u00dfen von den Ger\u00fcchen von Marihuana, den Kompositionen der Beatles und den wilden Soli von Jimi Hendrix gepr\u00e4gt. Ein Motiv fasst dieses au\u00dfergew\u00f6hnliche Jahrzehnt zusammen: das Paisley-Muster (oder Kashmir-Muster). Als orientalisches Tropfen- oder Blattmotiv, meist mit abstrakten Formen verziert, wurde es schnell zu einem ikonischen Symbol der 1960er Jahre, sodass Fender 1968 eine rosa Paisley-Version ihrer Telecaster-Gitarre und ihres Basses entwickelte.<\/strong><\/p>\n<p>In Feier der psychedelischen 60er und des turbulenten Rock \u2019n\u2019 Roll dieser wilden Dekade brachte Fender 1968 eine rosa Paisley-Version ihrer Telecaster-Gitarre und ihres Basses heraus (beide Modelle sind im Matt\u2019s Guitar Shop zu sehen). Fender baute nur wenige Exemplare dieser Gitarren in diesem \u00fcberraschenden und ikonischen Finish, das zu den begehrtesten und seltensten Farben geh\u00f6rt. Die Paisley-Muster wurden durch Aufkleben von Tapeten mit Paisley-Motiv auf die Korpusfl\u00e4chen erzeugt. Nach dem Trocknen des Klebstoffs wurde eine Sunburst-\u00e4hnliche Technik angewendet, um der Oberfl\u00e4che Tiefe zu verleihen, und anschlie\u00dfend erhielten die Korpusse eine transparente Schutzschicht. Sie verf\u00fcgen \u00fcber ein transparentes Kunststoff-Pickguard, das den Effekt der Paisley-Farben besonders hervorhebt.<\/p>\n<p>Die Pink Paisley Telecaster Bass, die im Matt\u2019s Guitar Shop angeboten wird, ist ein seltenes Modell von 1968. Neben ihrem hypnotischen Muster bietet sie einen exzellenten und satten Basssound der 1960er Jahre und entf\u00fchrt mitten hinein in die turbulentesten Jahre des Rock \u2019n\u2019 Roll!<\/p>\n","protected":false},"featured_media":3287,"comment_status":"open","ping_status":"closed","template":"","meta":{"_et_pb_use_builder":"","_et_pb_old_content":"","_et_gb_content_width":""},"product_brand":[],"product_cat":[674,677],"product_tag":[],"class_list":{"0":"post-20001","1":"product","2":"type-product","3":"status-publish","4":"has-post-thumbnail","6":"product_cat-baesse","7":"product_cat-elektrische-gitarren","8":"pa_disponibilite-zu-verkaufen","9":"pa_marque-fender-de","11":"first","12":"instock","13":"shipping-taxable","14":"purchasable","15":"product-type-simple"},"yoast_head":"<!-- This site is optimized with the Yoast SEO plugin v26.8 - https:\/\/yoast.com\/product\/yoast-seo-wordpress\/ -->\n<title>Fender Telecaster Bass Paisley finish 1968 - Matt&#039;s Guitar Shop<\/title>\n<meta name=\"description\" content=\"Matt&#039;s Guitar Shop: Gitarrengesch\u00e4ft in Paris. Matt&#039;s Guitar Shop bietet Ihnen Vintage-E-Gitarren und Custom-Shop-Gitarren an.\" \/>\n<meta name=\"robots\" content=\"index, follow, max-snippet:-1, max-image-preview:large, max-video-preview:-1\" \/>\n<link rel=\"canonical\" href=\"https:\/\/www.matts-guitar-shop.com\/de\/produit\/fender-telecaster-bass-paisley-finish-1968\/\" \/>\n<meta property=\"og:locale\" content=\"de_DE\" \/>\n<meta property=\"og:type\" content=\"article\" \/>\n<meta property=\"og:title\" content=\"Fender Telecaster Bass Paisley finish 1968 - Matt&#039;s Guitar Shop\" \/>\n<meta property=\"og:description\" content=\"Matt&#039;s Guitar Shop: Gitarrengesch\u00e4ft in Paris. Matt&#039;s Guitar Shop bietet Ihnen Vintage-E-Gitarren und Custom-Shop-Gitarren an.\" \/>\n<meta property=\"og:url\" content=\"https:\/\/www.matts-guitar-shop.com\/de\/produit\/fender-telecaster-bass-paisley-finish-1968\/\" \/>\n<meta property=\"og:site_name\" content=\"Matt&#039;s Guitar Shop\" \/>\n<meta property=\"article:publisher\" content=\"https:\/\/www.facebook.com\/profile.php?id=100044359842817\" \/>\n<meta property=\"article:modified_time\" content=\"2025-10-16T18:25:40+00:00\" \/>\n<meta property=\"og:image\" content=\"https:\/\/www.matts-guitar-shop.com\/wp-content\/uploads\/2024\/08\/Fender-Telecaster-Bass-Paisley-finish-1968-01.jpg\" \/>\n\t<meta property=\"og:image:width\" content=\"667\" \/>\n\t<meta property=\"og:image:height\" content=\"1000\" \/>\n\t<meta property=\"og:image:type\" content=\"image\/jpeg\" \/>\n<meta name=\"twitter:card\" content=\"summary_large_image\" \/>\n<script type=\"application\/ld+json\" class=\"yoast-schema-graph\">{\"@context\":\"https:\/\/schema.org\",\"@graph\":[{\"@type\":\"WebPage\",\"@id\":\"https:\/\/www.matts-guitar-shop.com\/de\/produit\/fender-telecaster-bass-paisley-finish-1968\/\",\"url\":\"https:\/\/www.matts-guitar-shop.com\/de\/produit\/fender-telecaster-bass-paisley-finish-1968\/\",\"name\":\"Fender Telecaster Bass Paisley finish 1968 - Matt&#039;s Guitar Shop\",\"isPartOf\":{\"@id\":\"https:\/\/www.matts-guitar-shop.com\/de\/#website\"},\"primaryImageOfPage\":{\"@id\":\"https:\/\/www.matts-guitar-shop.com\/de\/produit\/fender-telecaster-bass-paisley-finish-1968\/#primaryimage\"},\"image\":{\"@id\":\"https:\/\/www.matts-guitar-shop.com\/de\/produit\/fender-telecaster-bass-paisley-finish-1968\/#primaryimage\"},\"thumbnailUrl\":\"https:\/\/www.matts-guitar-shop.com\/wp-content\/uploads\/2024\/08\/Fender-Telecaster-Bass-Paisley-finish-1968-01.jpg\",\"datePublished\":\"2024-08-18T12:40:06+00:00\",\"dateModified\":\"2025-10-16T18:25:40+00:00\",\"description\":\"Matt's Guitar Shop: Gitarrengesch\u00e4ft in Paris. Matt's Guitar Shop bietet Ihnen Vintage-E-Gitarren und Custom-Shop-Gitarren an.\",\"breadcrumb\":{\"@id\":\"https:\/\/www.matts-guitar-shop.com\/de\/produit\/fender-telecaster-bass-paisley-finish-1968\/#breadcrumb\"},\"inLanguage\":\"de\",\"potentialAction\":[{\"@type\":\"ReadAction\",\"target\":[\"https:\/\/www.matts-guitar-shop.com\/de\/produit\/fender-telecaster-bass-paisley-finish-1968\/\"]}]},{\"@type\":\"ImageObject\",\"inLanguage\":\"de\",\"@id\":\"https:\/\/www.matts-guitar-shop.com\/de\/produit\/fender-telecaster-bass-paisley-finish-1968\/#primaryimage\",\"url\":\"https:\/\/www.matts-guitar-shop.com\/wp-content\/uploads\/2024\/08\/Fender-Telecaster-Bass-Paisley-finish-1968-01.jpg\",\"contentUrl\":\"https:\/\/www.matts-guitar-shop.com\/wp-content\/uploads\/2024\/08\/Fender-Telecaster-Bass-Paisley-finish-1968-01.jpg\",\"width\":667,\"height\":1000},{\"@type\":\"BreadcrumbList\",\"@id\":\"https:\/\/www.matts-guitar-shop.com\/de\/produit\/fender-telecaster-bass-paisley-finish-1968\/#breadcrumb\",\"itemListElement\":[{\"@type\":\"ListItem\",\"position\":1,\"name\":\"Startseite\",\"item\":\"https:\/\/www.matts-guitar-shop.com\/de\/\"},{\"@type\":\"ListItem\",\"position\":2,\"name\":\"Shop\",\"item\":\"https:\/\/www.matts-guitar-shop.com\/de\/shop\/\"},{\"@type\":\"ListItem\",\"position\":3,\"name\":\"Fender Telecaster Bass Paisley finish 1968\"}]},{\"@type\":\"WebSite\",\"@id\":\"https:\/\/www.matts-guitar-shop.com\/de\/#website\",\"url\":\"https:\/\/www.matts-guitar-shop.com\/de\/\",\"name\":\"matts-guitar-shop.com\",\"description\":\"Guitar Shop\",\"publisher\":{\"@id\":\"https:\/\/www.matts-guitar-shop.com\/de\/#organization\"},\"potentialAction\":[{\"@type\":\"SearchAction\",\"target\":{\"@type\":\"EntryPoint\",\"urlTemplate\":\"https:\/\/www.matts-guitar-shop.com\/de\/?s={search_term_string}\"},\"query-input\":{\"@type\":\"PropertyValueSpecification\",\"valueRequired\":true,\"valueName\":\"search_term_string\"}}],\"inLanguage\":\"de\"},{\"@type\":\"Organization\",\"@id\":\"https:\/\/www.matts-guitar-shop.com\/de\/#organization\",\"name\":\"matts-guitar-shop.com\",\"url\":\"https:\/\/www.matts-guitar-shop.com\/de\/\",\"logo\":{\"@type\":\"ImageObject\",\"inLanguage\":\"de\",\"@id\":\"https:\/\/www.matts-guitar-shop.com\/de\/#\/schema\/logo\/image\/\",\"url\":\"https:\/\/www.matts-guitar-shop.com\/wp-content\/uploads\/2024\/09\/MGS-logo-site-02.png\",\"contentUrl\":\"https:\/\/www.matts-guitar-shop.com\/wp-content\/uploads\/2024\/09\/MGS-logo-site-02.png\",\"width\":200,\"height\":122,\"caption\":\"matts-guitar-shop.com\"},\"image\":{\"@id\":\"https:\/\/www.matts-guitar-shop.com\/de\/#\/schema\/logo\/image\/\"},\"sameAs\":[\"https:\/\/www.facebook.com\/profile.php?id=100044359842817\",\"https:\/\/www.instagram.com\/mattsguitarshop\/\",\"https:\/\/www.youtube.com\/@MattLucasMan\/videos\"]}]}<\/script>\n<!-- \/ Yoast SEO plugin. -->","yoast_head_json":{"title":"Fender Telecaster Bass Paisley finish 1968 - Matt&#039;s Guitar Shop","description":"Matt's Guitar Shop: Gitarrengesch\u00e4ft in Paris. Matt's Guitar Shop bietet Ihnen Vintage-E-Gitarren und Custom-Shop-Gitarren an.","robots":{"index":"index","follow":"follow","max-snippet":"max-snippet:-1","max-image-preview":"max-image-preview:large","max-video-preview":"max-video-preview:-1"},"canonical":"https:\/\/www.matts-guitar-shop.com\/de\/produit\/fender-telecaster-bass-paisley-finish-1968\/","og_locale":"de_DE","og_type":"article","og_title":"Fender Telecaster Bass Paisley finish 1968 - Matt&#039;s Guitar Shop","og_description":"Matt's Guitar Shop: Gitarrengesch\u00e4ft in Paris. Matt's Guitar Shop bietet Ihnen Vintage-E-Gitarren und Custom-Shop-Gitarren an.","og_url":"https:\/\/www.matts-guitar-shop.com\/de\/produit\/fender-telecaster-bass-paisley-finish-1968\/","og_site_name":"Matt&#039;s Guitar Shop","article_publisher":"https:\/\/www.facebook.com\/profile.php?id=100044359842817","article_modified_time":"2025-10-16T18:25:40+00:00","og_image":[{"width":667,"height":1000,"url":"https:\/\/www.matts-guitar-shop.com\/wp-content\/uploads\/2024\/08\/Fender-Telecaster-Bass-Paisley-finish-1968-01.jpg","type":"image\/jpeg"}],"twitter_card":"summary_large_image","schema":{"@context":"https:\/\/schema.org","@graph":[{"@type":"WebPage","@id":"https:\/\/www.matts-guitar-shop.com\/de\/produit\/fender-telecaster-bass-paisley-finish-1968\/","url":"https:\/\/www.matts-guitar-shop.com\/de\/produit\/fender-telecaster-bass-paisley-finish-1968\/","name":"Fender Telecaster Bass Paisley finish 1968 - Matt&#039;s Guitar Shop","isPartOf":{"@id":"https:\/\/www.matts-guitar-shop.com\/de\/#website"},"primaryImageOfPage":{"@id":"https:\/\/www.matts-guitar-shop.com\/de\/produit\/fender-telecaster-bass-paisley-finish-1968\/#primaryimage"},"image":{"@id":"https:\/\/www.matts-guitar-shop.com\/de\/produit\/fender-telecaster-bass-paisley-finish-1968\/#primaryimage"},"thumbnailUrl":"https:\/\/www.matts-guitar-shop.com\/wp-content\/uploads\/2024\/08\/Fender-Telecaster-Bass-Paisley-finish-1968-01.jpg","datePublished":"2024-08-18T12:40:06+00:00","dateModified":"2025-10-16T18:25:40+00:00","description":"Matt's Guitar Shop: Gitarrengesch\u00e4ft in Paris. Matt's Guitar Shop bietet Ihnen Vintage-E-Gitarren und Custom-Shop-Gitarren an.","breadcrumb":{"@id":"https:\/\/www.matts-guitar-shop.com\/de\/produit\/fender-telecaster-bass-paisley-finish-1968\/#breadcrumb"},"inLanguage":"de","potentialAction":[{"@type":"ReadAction","target":["https:\/\/www.matts-guitar-shop.com\/de\/produit\/fender-telecaster-bass-paisley-finish-1968\/"]}]},{"@type":"ImageObject","inLanguage":"de","@id":"https:\/\/www.matts-guitar-shop.com\/de\/produit\/fender-telecaster-bass-paisley-finish-1968\/#primaryimage","url":"https:\/\/www.matts-guitar-shop.com\/wp-content\/uploads\/2024\/08\/Fender-Telecaster-Bass-Paisley-finish-1968-01.jpg","contentUrl":"https:\/\/www.matts-guitar-shop.com\/wp-content\/uploads\/2024\/08\/Fender-Telecaster-Bass-Paisley-finish-1968-01.jpg","width":667,"height":1000},{"@type":"BreadcrumbList","@id":"https:\/\/www.matts-guitar-shop.com\/de\/produit\/fender-telecaster-bass-paisley-finish-1968\/#breadcrumb","itemListElement":[{"@type":"ListItem","position":1,"name":"Startseite","item":"https:\/\/www.matts-guitar-shop.com\/de\/"},{"@type":"ListItem","position":2,"name":"Shop","item":"https:\/\/www.matts-guitar-shop.com\/de\/shop\/"},{"@type":"ListItem","position":3,"name":"Fender Telecaster Bass Paisley finish 1968"}]},{"@type":"WebSite","@id":"https:\/\/www.matts-guitar-shop.com\/de\/#website","url":"https:\/\/www.matts-guitar-shop.com\/de\/","name":"matts-guitar-shop.com","description":"Guitar Shop","publisher":{"@id":"https:\/\/www.matts-guitar-shop.com\/de\/#organization"},"potentialAction":[{"@type":"SearchAction","target":{"@type":"EntryPoint","urlTemplate":"https:\/\/www.matts-guitar-shop.com\/de\/?s={search_term_string}"},"query-input":{"@type":"PropertyValueSpecification","valueRequired":true,"valueName":"search_term_string"}}],"inLanguage":"de"},{"@type":"Organization","@id":"https:\/\/www.matts-guitar-shop.com\/de\/#organization","name":"matts-guitar-shop.com","url":"https:\/\/www.matts-guitar-shop.com\/de\/","logo":{"@type":"ImageObject","inLanguage":"de","@id":"https:\/\/www.matts-guitar-shop.com\/de\/#\/schema\/logo\/image\/","url":"https:\/\/www.matts-guitar-shop.com\/wp-content\/uploads\/2024\/09\/MGS-logo-site-02.png","contentUrl":"https:\/\/www.matts-guitar-shop.com\/wp-content\/uploads\/2024\/09\/MGS-logo-site-02.png","width":200,"height":122,"caption":"matts-guitar-shop.com"},"image":{"@id":"https:\/\/www.matts-guitar-shop.com\/de\/#\/schema\/logo\/image\/"},"sameAs":["https:\/\/www.facebook.com\/profile.php?id=100044359842817","https:\/\/www.instagram.com\/mattsguitarshop\/","https:\/\/www.youtube.com\/@MattLucasMan\/videos"]}]}},"_links":{"self":[{"href":"https:\/\/www.matts-guitar-shop.com\/de\/wp-json\/wp\/v2\/product\/20001","targetHints":{"allow":["GET"]}}],"collection":[{"href":"https:\/\/www.matts-guitar-shop.com\/de\/wp-json\/wp\/v2\/product"}],"about":[{"href":"https:\/\/www.matts-guitar-shop.com\/de\/wp-json\/wp\/v2\/types\/product"}],"replies":[{"embeddable":true,"href":"https:\/\/www.matts-guitar-shop.com\/de\/wp-json\/wp\/v2\/comments?post=20001"}],"wp:featuredmedia":[{"embeddable":true,"href":"https:\/\/www.matts-guitar-shop.com\/de\/wp-json\/wp\/v2\/media\/3287"}],"wp:attachment":[{"href":"https:\/\/www.matts-guitar-shop.com\/de\/wp-json\/wp\/v2\/media?parent=20001"}],"wp:term":[{"taxonomy":"product_brand","embeddable":true,"href":"https:\/\/www.matts-guitar-shop.com\/de\/wp-json\/wp\/v2\/product_brand?post=20001"},{"taxonomy":"product_cat","embeddable":true,"href":"https:\/\/www.matts-guitar-shop.com\/de\/wp-json\/wp\/v2\/product_cat?post=20001"},{"taxonomy":"product_tag","embeddable":true,"href":"https:\/\/www.matts-guitar-shop.com\/de\/wp-json\/wp\/v2\/product_tag?post=20001"}],"curies":[{"name":"wp","href":"https:\/\/api.w.org\/{rel}","templated":true}]}}