{"id":19999,"date":"2024-08-18T14:12:21","date_gmt":"2024-08-18T12:12:21","guid":{"rendered":"https:\/\/www.matts-guitar-shop.com\/produit\/fender-jazz-bass-1961-ehemals-pino-palladino\/"},"modified":"2025-10-16T20:18:02","modified_gmt":"2025-10-16T18:18:02","slug":"fender-jazz-bass-1961-ehemals-pino-palladino","status":"publish","type":"product","link":"https:\/\/www.matts-guitar-shop.com\/de\/produit\/fender-jazz-bass-1961-ehemals-pino-palladino\/","title":{"rendered":"Fender Jazz Bass 1961 ehemals Pino Palladino"},"content":{"rendered":"<p>Pino Palladino<br \/> (1957)<\/p>\n<p>Band: John Mayer Trio<br \/> Hauptinstrument: Fender Precision 1962<br \/> Unbedingt anh\u00f6ren: Who Do You Think I Was (John Mayer Trio)<\/p>\n<p>Pino Palladino ist vielleicht keine Superstar-Pers\u00f6nlichkeit beim breiten Publikum, doch in Musiker- und Kennerkreisen, die gerne die Booklets von Alben studieren, ist er eine wahre Legende. Der walisische Bassist spielte auf einer derart beeindruckenden Anzahl von Alben, dass es fast schneller w\u00e4re, die Hits der 80er Jahre aufzulisten, auf denen er **nicht** mitwirkt.<\/p>\n<p>Alles begann mit Gary Numans Album *I, Assassin* 1982, dann dem Deb\u00fctalbum von Paul Young \u2013 ab diesem Zeitpunkt wurde er von allen Produzenten als geheime Waffe eingesetzt. Man h\u00f6rt ihn bei David Knopfler, David Gilmour, Tears For Fears, Pete Townshend, Elton John, Don Henley, Phil Collins oder Melissa Etheridge. Bei diesen verschiedenen K\u00fcnstlern entwickelte er seine charakteristische Klangsignatur durch fl\u00fcssige Fretless-Linien, stets musikalisch, pr\u00e4zise und mit dem satten Octaver-Sound seiner Music Man StingRay.<\/p>\n<p>Im Jahr 2000 erneuerte er sich f\u00fcr das legend\u00e4re Album von D\u2019Angelo, *Voodoo*, auf dem er massive Grooves legte, die die Subs auf seiner Precision und Jazz Bass kitzelten. Von da an wurde er auch der gefragte Bassist f\u00fcr Produktionen des neuen Jahrtausends, unter anderem f\u00fcr Adele, Ed Sheeran, John Legend oder sogar Nine Inch Nails. Er spielt regelm\u00e4\u00dfig mit Jeff Beck und ersetzte ab 2002 den verstorbenen John Entwistle bei The Who. Schlie\u00dflich trat er 2005 mit Steve Jordan an den Drums zusammen und bildete die luxuri\u00f6se Rhythmussektion des John Mayer Trios \u2013 eine Formation, die Palladino endlich die Aufmerksamkeit des Publikums f\u00fcr seine Eleganz und Effektivit\u00e4t verschaffte.<\/p>\n","protected":false},"excerpt":{"rendered":"<p><strong>Es gibt Instrumente, die f\u00fcr sich selbst von ihrem beeindruckenden Erbe und ihrem unglaublichen Potenzial sprechen. Diese Fender Jazz Bass von 1961 geh\u00f6rt dazu: Ihr wundersch\u00f6n gealterter Lack, die durch die Zeit veredelte Patina und die wiederkehrenden Risse lassen von der Geschichte des Holzes tr\u00e4umen.<\/strong><\/p>\n<p>Allein wegen ihres Baujahres w\u00e4re diese gro\u00dfartige Jazz Bass ein Spitzenexemplar f\u00fcr jeden Sammler \u2013 1961 war das Jahr der Einf\u00fchrung des Modells, das zur zweiten gro\u00dfen Referenz unter den E-B\u00e4ssen werden sollte. Hinzu kommt das Thema der konzentrischen Reglerkn\u00f6pfe \u2013 statt der \u00fcblichen drei Kn\u00f6pfe \u2013 eine \u00e4u\u00dferst seltene Besonderheit, die nur bei den allerersten Modellen zu finden ist.<\/p>\n<p>Doch diese Jazz Bass ist auch ein St\u00fcck Musikgeschichte, denn ihr ehemaliger Besitzer ist niemand Geringeres als Pino Palladino, der produktivste Bassist der 80er Jahre. Man kann diesen Bass auf den meisten Sessions h\u00f6ren, die er aufgenommen hat (und Gott wei\u00df, wie viele das waren), aber sie kam auch live zum Einsatz, wenn er bei The Who spielte oder im John Mayer Trio auftrat (wahrscheinlich die beste Phase von Mayer und die beste Band, mit der Palladino je gespielt hat).<\/p>\n<p>In den 1980er Jahren wurde diese Jazz Bass mit einer aktiven Elektronik ausgestattet, wie es damals bei Profi-Instrumenten \u00fcblich war. Palladino hatte jedoch die Klugheit, den Original-Pickguard mitsamt den Pickups und Reglern intakt zu lassen. Der flei\u00dfige Musiker hat sie nun wieder in den Originalzustand versetzt, wobei die Spuren der Batterie-Kavit\u00e4t auf der R\u00fcckseite erhalten geblieben sind. Wie jeder viel gespielte Bass hat sie neue B\u00fcnde erhalten und ist somit bereit, ihren runden und warmen Groove noch viele Jahre zu entfalten&#8230;<\/p>\n","protected":false},"featured_media":3129,"comment_status":"open","ping_status":"closed","template":"","meta":{"_et_pb_use_builder":"","_et_pb_old_content":"","_et_gb_content_width":""},"product_brand":[],"product_cat":[673,674,672],"product_tag":[],"class_list":{"0":"post-19999","1":"product","2":"type-product","3":"status-publish","4":"has-post-thumbnail","6":"product_cat-gitarren","7":"product_cat-baesse","8":"product_cat-verkaufte","9":"pa_artiste-pino-palladino-de","10":"pa_disponibilite-verkauft","11":"pa_marque-fender-de","13":"first","14":"outofstock","15":"shipping-taxable","16":"purchasable","17":"product-type-simple"},"yoast_head":"<!-- This site is optimized with the Yoast SEO plugin v26.8 - https:\/\/yoast.com\/product\/yoast-seo-wordpress\/ -->\n<title>Fender Jazz Bass 1961 ehemals Pino Palladino - Matt&#039;s Guitar Shop<\/title>\n<meta name=\"description\" content=\"Es gibt Instrumente, die f\u00fcr sich selbst sprechen \u2013 von ihrem gro\u00dfartigen Erbe und ihrem unglaublichen Potenzial.\" \/>\n<meta name=\"robots\" content=\"index, follow, max-snippet:-1, max-image-preview:large, max-video-preview:-1\" \/>\n<link rel=\"canonical\" href=\"https:\/\/www.matts-guitar-shop.com\/de\/produit\/fender-jazz-bass-1961-ehemals-pino-palladino\/\" \/>\n<meta property=\"og:locale\" content=\"de_DE\" \/>\n<meta property=\"og:type\" content=\"article\" \/>\n<meta property=\"og:title\" content=\"Fender Jazz Bass 1961 ehemals Pino Palladino - Matt&#039;s Guitar Shop\" \/>\n<meta property=\"og:description\" content=\"Es gibt Instrumente, die f\u00fcr sich selbst sprechen \u2013 von ihrem gro\u00dfartigen Erbe und ihrem unglaublichen Potenzial.\" \/>\n<meta property=\"og:url\" content=\"https:\/\/www.matts-guitar-shop.com\/de\/produit\/fender-jazz-bass-1961-ehemals-pino-palladino\/\" \/>\n<meta property=\"og:site_name\" content=\"Matt&#039;s Guitar Shop\" \/>\n<meta property=\"article:publisher\" content=\"https:\/\/www.facebook.com\/profile.php?id=100044359842817\" \/>\n<meta property=\"article:modified_time\" content=\"2025-10-16T18:18:02+00:00\" \/>\n<meta property=\"og:image\" content=\"https:\/\/www.matts-guitar-shop.com\/wp-content\/uploads\/2024\/08\/Fender-Jazz-Bass-1961-Ex-Pino-Palladino-0-00.jpg\" \/>\n\t<meta property=\"og:image:width\" content=\"692\" \/>\n\t<meta property=\"og:image:height\" content=\"1000\" \/>\n\t<meta property=\"og:image:type\" content=\"image\/jpeg\" \/>\n<meta name=\"twitter:card\" content=\"summary_large_image\" \/>\n<meta name=\"twitter:label1\" content=\"Gesch\u00e4tzte Lesezeit\" \/>\n\t<meta name=\"twitter:data1\" content=\"1\u00a0Minute\" \/>\n<script type=\"application\/ld+json\" class=\"yoast-schema-graph\">{\"@context\":\"https:\/\/schema.org\",\"@graph\":[{\"@type\":\"WebPage\",\"@id\":\"https:\/\/www.matts-guitar-shop.com\/de\/produit\/fender-jazz-bass-1961-ehemals-pino-palladino\/\",\"url\":\"https:\/\/www.matts-guitar-shop.com\/de\/produit\/fender-jazz-bass-1961-ehemals-pino-palladino\/\",\"name\":\"Fender Jazz Bass 1961 ehemals Pino Palladino - Matt&#039;s Guitar Shop\",\"isPartOf\":{\"@id\":\"https:\/\/www.matts-guitar-shop.com\/de\/#website\"},\"primaryImageOfPage\":{\"@id\":\"https:\/\/www.matts-guitar-shop.com\/de\/produit\/fender-jazz-bass-1961-ehemals-pino-palladino\/#primaryimage\"},\"image\":{\"@id\":\"https:\/\/www.matts-guitar-shop.com\/de\/produit\/fender-jazz-bass-1961-ehemals-pino-palladino\/#primaryimage\"},\"thumbnailUrl\":\"https:\/\/www.matts-guitar-shop.com\/wp-content\/uploads\/2024\/08\/Fender-Jazz-Bass-1961-Ex-Pino-Palladino-0-00.jpg\",\"datePublished\":\"2024-08-18T12:12:21+00:00\",\"dateModified\":\"2025-10-16T18:18:02+00:00\",\"description\":\"Es gibt Instrumente, die f\u00fcr sich selbst sprechen \u2013 von ihrem gro\u00dfartigen Erbe und ihrem unglaublichen Potenzial.\",\"breadcrumb\":{\"@id\":\"https:\/\/www.matts-guitar-shop.com\/de\/produit\/fender-jazz-bass-1961-ehemals-pino-palladino\/#breadcrumb\"},\"inLanguage\":\"de\",\"potentialAction\":[{\"@type\":\"ReadAction\",\"target\":[\"https:\/\/www.matts-guitar-shop.com\/de\/produit\/fender-jazz-bass-1961-ehemals-pino-palladino\/\"]}]},{\"@type\":\"ImageObject\",\"inLanguage\":\"de\",\"@id\":\"https:\/\/www.matts-guitar-shop.com\/de\/produit\/fender-jazz-bass-1961-ehemals-pino-palladino\/#primaryimage\",\"url\":\"https:\/\/www.matts-guitar-shop.com\/wp-content\/uploads\/2024\/08\/Fender-Jazz-Bass-1961-Ex-Pino-Palladino-0-00.jpg\",\"contentUrl\":\"https:\/\/www.matts-guitar-shop.com\/wp-content\/uploads\/2024\/08\/Fender-Jazz-Bass-1961-Ex-Pino-Palladino-0-00.jpg\",\"width\":692,\"height\":1000},{\"@type\":\"BreadcrumbList\",\"@id\":\"https:\/\/www.matts-guitar-shop.com\/de\/produit\/fender-jazz-bass-1961-ehemals-pino-palladino\/#breadcrumb\",\"itemListElement\":[{\"@type\":\"ListItem\",\"position\":1,\"name\":\"Startseite\",\"item\":\"https:\/\/www.matts-guitar-shop.com\/de\/\"},{\"@type\":\"ListItem\",\"position\":2,\"name\":\"Shop\",\"item\":\"https:\/\/www.matts-guitar-shop.com\/de\/shop\/\"},{\"@type\":\"ListItem\",\"position\":3,\"name\":\"Fender Jazz Bass 1961 ehemals Pino Palladino\"}]},{\"@type\":\"WebSite\",\"@id\":\"https:\/\/www.matts-guitar-shop.com\/de\/#website\",\"url\":\"https:\/\/www.matts-guitar-shop.com\/de\/\",\"name\":\"matts-guitar-shop.com\",\"description\":\"Guitar Shop\",\"publisher\":{\"@id\":\"https:\/\/www.matts-guitar-shop.com\/de\/#organization\"},\"potentialAction\":[{\"@type\":\"SearchAction\",\"target\":{\"@type\":\"EntryPoint\",\"urlTemplate\":\"https:\/\/www.matts-guitar-shop.com\/de\/?s={search_term_string}\"},\"query-input\":{\"@type\":\"PropertyValueSpecification\",\"valueRequired\":true,\"valueName\":\"search_term_string\"}}],\"inLanguage\":\"de\"},{\"@type\":\"Organization\",\"@id\":\"https:\/\/www.matts-guitar-shop.com\/de\/#organization\",\"name\":\"matts-guitar-shop.com\",\"url\":\"https:\/\/www.matts-guitar-shop.com\/de\/\",\"logo\":{\"@type\":\"ImageObject\",\"inLanguage\":\"de\",\"@id\":\"https:\/\/www.matts-guitar-shop.com\/de\/#\/schema\/logo\/image\/\",\"url\":\"https:\/\/www.matts-guitar-shop.com\/wp-content\/uploads\/2024\/09\/MGS-logo-site-02.png\",\"contentUrl\":\"https:\/\/www.matts-guitar-shop.com\/wp-content\/uploads\/2024\/09\/MGS-logo-site-02.png\",\"width\":200,\"height\":122,\"caption\":\"matts-guitar-shop.com\"},\"image\":{\"@id\":\"https:\/\/www.matts-guitar-shop.com\/de\/#\/schema\/logo\/image\/\"},\"sameAs\":[\"https:\/\/www.facebook.com\/profile.php?id=100044359842817\",\"https:\/\/www.instagram.com\/mattsguitarshop\/\",\"https:\/\/www.youtube.com\/@MattLucasMan\/videos\"]}]}<\/script>\n<!-- \/ Yoast SEO plugin. -->","yoast_head_json":{"title":"Fender Jazz Bass 1961 ehemals Pino Palladino - Matt&#039;s Guitar Shop","description":"Es gibt Instrumente, die f\u00fcr sich selbst sprechen \u2013 von ihrem gro\u00dfartigen Erbe und ihrem unglaublichen Potenzial.","robots":{"index":"index","follow":"follow","max-snippet":"max-snippet:-1","max-image-preview":"max-image-preview:large","max-video-preview":"max-video-preview:-1"},"canonical":"https:\/\/www.matts-guitar-shop.com\/de\/produit\/fender-jazz-bass-1961-ehemals-pino-palladino\/","og_locale":"de_DE","og_type":"article","og_title":"Fender Jazz Bass 1961 ehemals Pino Palladino - Matt&#039;s Guitar Shop","og_description":"Es gibt Instrumente, die f\u00fcr sich selbst sprechen \u2013 von ihrem gro\u00dfartigen Erbe und ihrem unglaublichen Potenzial.","og_url":"https:\/\/www.matts-guitar-shop.com\/de\/produit\/fender-jazz-bass-1961-ehemals-pino-palladino\/","og_site_name":"Matt&#039;s Guitar Shop","article_publisher":"https:\/\/www.facebook.com\/profile.php?id=100044359842817","article_modified_time":"2025-10-16T18:18:02+00:00","og_image":[{"width":692,"height":1000,"url":"https:\/\/www.matts-guitar-shop.com\/wp-content\/uploads\/2024\/08\/Fender-Jazz-Bass-1961-Ex-Pino-Palladino-0-00.jpg","type":"image\/jpeg"}],"twitter_card":"summary_large_image","twitter_misc":{"Gesch\u00e4tzte Lesezeit":"1\u00a0Minute"},"schema":{"@context":"https:\/\/schema.org","@graph":[{"@type":"WebPage","@id":"https:\/\/www.matts-guitar-shop.com\/de\/produit\/fender-jazz-bass-1961-ehemals-pino-palladino\/","url":"https:\/\/www.matts-guitar-shop.com\/de\/produit\/fender-jazz-bass-1961-ehemals-pino-palladino\/","name":"Fender Jazz Bass 1961 ehemals Pino Palladino - Matt&#039;s Guitar Shop","isPartOf":{"@id":"https:\/\/www.matts-guitar-shop.com\/de\/#website"},"primaryImageOfPage":{"@id":"https:\/\/www.matts-guitar-shop.com\/de\/produit\/fender-jazz-bass-1961-ehemals-pino-palladino\/#primaryimage"},"image":{"@id":"https:\/\/www.matts-guitar-shop.com\/de\/produit\/fender-jazz-bass-1961-ehemals-pino-palladino\/#primaryimage"},"thumbnailUrl":"https:\/\/www.matts-guitar-shop.com\/wp-content\/uploads\/2024\/08\/Fender-Jazz-Bass-1961-Ex-Pino-Palladino-0-00.jpg","datePublished":"2024-08-18T12:12:21+00:00","dateModified":"2025-10-16T18:18:02+00:00","description":"Es gibt Instrumente, die f\u00fcr sich selbst sprechen \u2013 von ihrem gro\u00dfartigen Erbe und ihrem unglaublichen Potenzial.","breadcrumb":{"@id":"https:\/\/www.matts-guitar-shop.com\/de\/produit\/fender-jazz-bass-1961-ehemals-pino-palladino\/#breadcrumb"},"inLanguage":"de","potentialAction":[{"@type":"ReadAction","target":["https:\/\/www.matts-guitar-shop.com\/de\/produit\/fender-jazz-bass-1961-ehemals-pino-palladino\/"]}]},{"@type":"ImageObject","inLanguage":"de","@id":"https:\/\/www.matts-guitar-shop.com\/de\/produit\/fender-jazz-bass-1961-ehemals-pino-palladino\/#primaryimage","url":"https:\/\/www.matts-guitar-shop.com\/wp-content\/uploads\/2024\/08\/Fender-Jazz-Bass-1961-Ex-Pino-Palladino-0-00.jpg","contentUrl":"https:\/\/www.matts-guitar-shop.com\/wp-content\/uploads\/2024\/08\/Fender-Jazz-Bass-1961-Ex-Pino-Palladino-0-00.jpg","width":692,"height":1000},{"@type":"BreadcrumbList","@id":"https:\/\/www.matts-guitar-shop.com\/de\/produit\/fender-jazz-bass-1961-ehemals-pino-palladino\/#breadcrumb","itemListElement":[{"@type":"ListItem","position":1,"name":"Startseite","item":"https:\/\/www.matts-guitar-shop.com\/de\/"},{"@type":"ListItem","position":2,"name":"Shop","item":"https:\/\/www.matts-guitar-shop.com\/de\/shop\/"},{"@type":"ListItem","position":3,"name":"Fender Jazz Bass 1961 ehemals Pino Palladino"}]},{"@type":"WebSite","@id":"https:\/\/www.matts-guitar-shop.com\/de\/#website","url":"https:\/\/www.matts-guitar-shop.com\/de\/","name":"matts-guitar-shop.com","description":"Guitar Shop","publisher":{"@id":"https:\/\/www.matts-guitar-shop.com\/de\/#organization"},"potentialAction":[{"@type":"SearchAction","target":{"@type":"EntryPoint","urlTemplate":"https:\/\/www.matts-guitar-shop.com\/de\/?s={search_term_string}"},"query-input":{"@type":"PropertyValueSpecification","valueRequired":true,"valueName":"search_term_string"}}],"inLanguage":"de"},{"@type":"Organization","@id":"https:\/\/www.matts-guitar-shop.com\/de\/#organization","name":"matts-guitar-shop.com","url":"https:\/\/www.matts-guitar-shop.com\/de\/","logo":{"@type":"ImageObject","inLanguage":"de","@id":"https:\/\/www.matts-guitar-shop.com\/de\/#\/schema\/logo\/image\/","url":"https:\/\/www.matts-guitar-shop.com\/wp-content\/uploads\/2024\/09\/MGS-logo-site-02.png","contentUrl":"https:\/\/www.matts-guitar-shop.com\/wp-content\/uploads\/2024\/09\/MGS-logo-site-02.png","width":200,"height":122,"caption":"matts-guitar-shop.com"},"image":{"@id":"https:\/\/www.matts-guitar-shop.com\/de\/#\/schema\/logo\/image\/"},"sameAs":["https:\/\/www.facebook.com\/profile.php?id=100044359842817","https:\/\/www.instagram.com\/mattsguitarshop\/","https:\/\/www.youtube.com\/@MattLucasMan\/videos"]}]}},"_links":{"self":[{"href":"https:\/\/www.matts-guitar-shop.com\/de\/wp-json\/wp\/v2\/product\/19999","targetHints":{"allow":["GET"]}}],"collection":[{"href":"https:\/\/www.matts-guitar-shop.com\/de\/wp-json\/wp\/v2\/product"}],"about":[{"href":"https:\/\/www.matts-guitar-shop.com\/de\/wp-json\/wp\/v2\/types\/product"}],"replies":[{"embeddable":true,"href":"https:\/\/www.matts-guitar-shop.com\/de\/wp-json\/wp\/v2\/comments?post=19999"}],"wp:featuredmedia":[{"embeddable":true,"href":"https:\/\/www.matts-guitar-shop.com\/de\/wp-json\/wp\/v2\/media\/3129"}],"wp:attachment":[{"href":"https:\/\/www.matts-guitar-shop.com\/de\/wp-json\/wp\/v2\/media?parent=19999"}],"wp:term":[{"taxonomy":"product_brand","embeddable":true,"href":"https:\/\/www.matts-guitar-shop.com\/de\/wp-json\/wp\/v2\/product_brand?post=19999"},{"taxonomy":"product_cat","embeddable":true,"href":"https:\/\/www.matts-guitar-shop.com\/de\/wp-json\/wp\/v2\/product_cat?post=19999"},{"taxonomy":"product_tag","embeddable":true,"href":"https:\/\/www.matts-guitar-shop.com\/de\/wp-json\/wp\/v2\/product_tag?post=19999"}],"curies":[{"name":"wp","href":"https:\/\/api.w.org\/{rel}","templated":true}]}}