{"id":19997,"date":"2024-08-16T16:53:09","date_gmt":"2024-08-16T14:53:09","guid":{"rendered":"https:\/\/www.matts-guitar-shop.com\/produit\/fender-stratocaster-1962-bob-dylan\/"},"modified":"2025-10-31T19:07:00","modified_gmt":"2025-10-31T18:07:00","slug":"fender-stratocaster-1962-bob-dylan","status":"publish","type":"product","link":"https:\/\/www.matts-guitar-shop.com\/de\/produit\/fender-stratocaster-1962-bob-dylan\/","title":{"rendered":"Fender Stratocaster 1962 Bob Dylan"},"content":{"rendered":"<p>Bob Dylan<br \/> (1941)<\/p>\n<p>Hauptgitarre: Fender Stratocaster<br \/> Unbedingt anh\u00f6ren: Like A Rolling Stone<\/p>\n<p>Bob Dylan ist mehr als eine Legende. Er ist ein Vision\u00e4r, ein revolution\u00e4rer Prophet, der die Rockmusik auf ein neues Level gehoben hat. Vor ihm mussten die Texte popul\u00e4rer Musik einfach und leicht verst\u00e4ndlich f\u00fcr Jugendliche sein.<\/p>\n<p>Nach Dylan durfte man in Songtexten tiefgr\u00fcndig und geheimnisvoll sein, und eine ganze Generation von Dichtern fand ihr Heil in Dylans Hybrid aus Rock und sprachlicher Erforschung. Alles gipfelte 2017 in der Verleihung des Nobelpreises f\u00fcr Literatur \u2013 nicht gerade wenig.<\/p>\n<p>Im Laufe seiner Karriere hat Robert Zimmerman (sein wirklicher Name) sich st\u00e4ndig neu erfunden und verschiedene Facetten gezeigt. Er begann als Folk-Troubadour im New Yorker Greenwich Village mit einem ersten, stark von Woody Guthrie inspirierten Album im Jahr 1962, gefolgt von \u201eThe Freewheelin\u2019\u201c im darauffolgenden Jahr, seinem klassischen Folk-Album mit zeitlosen Texten wie \u201eBlowin\u2019 In The Wind\u201c, \u201eMasters Of War\u201c oder \u201eA Hard Rain\u2019s A-Gonna Fall\u201c.<\/p>\n<p>Doch Dylan begn\u00fcgte sich nicht damit, der erwartete Protests\u00e4nger zu sein; er f\u00fchlte sich nicht wohl als Sprachrohr und entwickelte sich stattdessen zum surrealistischen Dichter, begleitet von einer elektrischen Rockband mit Mike Bloomfield an der Telecaster. Das klassische Album \u201eHighway 61 Revisited\u201c erschien 1965, gefolgt von \u201eBlonde On Blonde\u201c 1966, einem Country-Rock-Album, das in Nashville mit lokalen Musikern aufgenommen wurde.<\/p>\n<p>Dylan erlebte zahlreiche musikalische Leben, begleitet von herausragenden Gitarristen wie Mick Ronson oder Robbie Robertson. Bob selbst ist alles andere als ein schlechter Musiker; er besitzt einen beeindruckenden rhythmischen Stil, der sich im Laufe der Jahre auf Martin Pre-War, Gibson J-45, J-200 oder L-0, Telecaster, Stratocaster, Yamaha, Duesenberg oder sogar James Trussart-Gitarren ausdr\u00fcckte. Ein Cham\u00e4leon bis ins letzte Detail.<\/p>\n","protected":false},"excerpt":{"rendered":"<p><strong>Gitarren, die Bob Dylan geh\u00f6rt haben, sind auf dem Markt \u00e4u\u00dferst selten. Das liegt nicht daran, dass Dylan nur wenige Instrumente besa\u00df \u2013 im Gegenteil, man sah ihn im Laufe seiner Karriere mit einer Vielzahl von Gitarren unterschiedlichster Art, von Martins der 1920er Jahre bis hin zu Yamahas. Diese Seltenheit ist vielmehr dem Charakter des K\u00fcnstlers geschuldet: Dylan wurde zu einem wahren, geheimnisvollen Einsiedler, der niemals Interviews gibt und seine pers\u00f6nlichen Gegenst\u00e4nde nie versteigern lie\u00df. Die wenigen Ausnahmen werden daher von seinen zahlreichen Fans hei\u00df begehrt.<\/strong><\/p>\n<p>Unter diesen Ausnahmen nimmt diese Stratocaster eine besondere Stellung ein, da sie eine spannende Geschichte hat: Diese L-Serie begann ihr Leben 1962 (also als eine der ersten L-Serien) als eine Standard-Slabboard-Gitarre, bevor Dylan sie 1991 bei Fender in Silver Sparkle lackieren lie\u00df und sie zwischen 1991 und 1994 auf der B\u00fchne spielte. Anschlie\u00dfend landete die sch\u00f6ne Gitarre bei Matt Umanov, dem renommierten Musikladen im Greenwich Village von New York, bevor sie zu ihrem n\u00e4chsten Besitzer weiterging.<\/p>\n<p>Die \u00dcberarbeitung des Finishes ist beispielhaft \u2013 und das aus gutem Grund: Sie stammt von J.W. Black, einem Master Builder des Custom Shops, der seine Ausbildung bei Sadowsky absolvierte und anschlie\u00dfend bei Fender arbeitete, unter anderem f\u00fcr Jeff Beck, die Rolling Stones und Eric Clapton, zu einer Zeit, als der Custom Shop vor allem dazu diente, die Bed\u00fcrfnisse dieser prominenten Kundschaft zu erf\u00fcllen. Das Refinish ist sogar durch den Fender-Beleg dokumentiert, der mit dem Instrument geliefert wird. Au\u00dferdem ist bei dieser Strat ein Echtheitszertifikat von Cesar Diaz enthalten, einer weiteren bedeutenden Pers\u00f6nlichkeit der Gitarrenwelt jener Zeit. Nach seiner Arbeit mit Stevie Ray Vaughan, Clapton und den Stones wurde Diaz 1986 Techniker f\u00fcr Dylans Band, bevor er selbst Gitarrist des Meisters wurde. Es ist nicht allt\u00e4glich, die Strat eines Nobelpreistr\u00e4gers f\u00fcr Literatur spielen zu k\u00f6nnen.<\/p>\n","protected":false},"featured_media":2941,"comment_status":"open","ping_status":"closed","template":"","meta":{"_et_pb_use_builder":"","_et_pb_old_content":"","_et_gb_content_width":""},"product_brand":[],"product_cat":[673,677,672],"product_tag":[],"class_list":{"0":"post-19997","1":"product","2":"type-product","3":"status-publish","4":"has-post-thumbnail","6":"product_cat-gitarren","7":"product_cat-elektrische-gitarren","8":"product_cat-verkaufte","9":"pa_artiste-bob-dylan-de","10":"pa_disponibilite-verkauft","11":"pa_marque-fender-de","13":"first","14":"outofstock","15":"shipping-taxable","16":"product-type-simple"},"yoast_head":"<!-- This site is optimized with the Yoast SEO plugin v26.8 - https:\/\/yoast.com\/product\/yoast-seo-wordpress\/ -->\n<title>Fender Stratocaster 1962 Bob Dylan - Matt&#039;s Guitar Shop<\/title>\n<meta name=\"description\" content=\"Fender Stratocaster 1962 Bob Dylan \u2013 legend\u00e4re Vintage-Gitarre, authentischer Folk-Rock-Sound, einzigartiges Sammlerst\u00fcck bei Matt\u2019s Guitar Shop.\" \/>\n<meta name=\"robots\" content=\"index, follow, max-snippet:-1, max-image-preview:large, max-video-preview:-1\" \/>\n<link rel=\"canonical\" href=\"https:\/\/www.matts-guitar-shop.com\/de\/produit\/fender-stratocaster-1962-bob-dylan\/\" \/>\n<meta property=\"og:locale\" content=\"de_DE\" \/>\n<meta property=\"og:type\" content=\"article\" \/>\n<meta property=\"og:title\" content=\"Fender Stratocaster 1962 Bob Dylan - Matt&#039;s Guitar Shop\" \/>\n<meta property=\"og:description\" content=\"Fender Stratocaster 1962 Bob Dylan \u2013 legend\u00e4re Vintage-Gitarre, authentischer Folk-Rock-Sound, einzigartiges Sammlerst\u00fcck bei Matt\u2019s Guitar Shop.\" \/>\n<meta property=\"og:url\" content=\"https:\/\/www.matts-guitar-shop.com\/de\/produit\/fender-stratocaster-1962-bob-dylan\/\" \/>\n<meta property=\"og:site_name\" content=\"Matt&#039;s Guitar Shop\" \/>\n<meta property=\"article:publisher\" content=\"https:\/\/www.facebook.com\/profile.php?id=100044359842817\" \/>\n<meta property=\"article:modified_time\" content=\"2025-10-31T18:07:00+00:00\" \/>\n<meta property=\"og:image\" content=\"https:\/\/www.matts-guitar-shop.com\/wp-content\/uploads\/2024\/08\/Fender-Stratocaster-1962-Bob-Dylan-guitare-00.jpg\" \/>\n\t<meta property=\"og:image:width\" content=\"692\" \/>\n\t<meta property=\"og:image:height\" content=\"1000\" \/>\n\t<meta property=\"og:image:type\" content=\"image\/jpeg\" \/>\n<meta name=\"twitter:card\" content=\"summary_large_image\" \/>\n<meta name=\"twitter:label1\" content=\"Gesch\u00e4tzte Lesezeit\" \/>\n\t<meta name=\"twitter:data1\" content=\"1\u00a0Minute\" \/>\n<script type=\"application\/ld+json\" class=\"yoast-schema-graph\">{\"@context\":\"https:\/\/schema.org\",\"@graph\":[{\"@type\":\"WebPage\",\"@id\":\"https:\/\/www.matts-guitar-shop.com\/de\/produit\/fender-stratocaster-1962-bob-dylan\/\",\"url\":\"https:\/\/www.matts-guitar-shop.com\/de\/produit\/fender-stratocaster-1962-bob-dylan\/\",\"name\":\"Fender Stratocaster 1962 Bob Dylan - Matt&#039;s Guitar Shop\",\"isPartOf\":{\"@id\":\"https:\/\/www.matts-guitar-shop.com\/de\/#website\"},\"primaryImageOfPage\":{\"@id\":\"https:\/\/www.matts-guitar-shop.com\/de\/produit\/fender-stratocaster-1962-bob-dylan\/#primaryimage\"},\"image\":{\"@id\":\"https:\/\/www.matts-guitar-shop.com\/de\/produit\/fender-stratocaster-1962-bob-dylan\/#primaryimage\"},\"thumbnailUrl\":\"https:\/\/www.matts-guitar-shop.com\/wp-content\/uploads\/2024\/08\/Fender-Stratocaster-1962-Bob-Dylan-guitare-00.jpg\",\"datePublished\":\"2024-08-16T14:53:09+00:00\",\"dateModified\":\"2025-10-31T18:07:00+00:00\",\"description\":\"Fender Stratocaster 1962 Bob Dylan \u2013 legend\u00e4re Vintage-Gitarre, authentischer Folk-Rock-Sound, einzigartiges Sammlerst\u00fcck bei Matt\u2019s Guitar Shop.\",\"breadcrumb\":{\"@id\":\"https:\/\/www.matts-guitar-shop.com\/de\/produit\/fender-stratocaster-1962-bob-dylan\/#breadcrumb\"},\"inLanguage\":\"de\",\"potentialAction\":[{\"@type\":\"ReadAction\",\"target\":[\"https:\/\/www.matts-guitar-shop.com\/de\/produit\/fender-stratocaster-1962-bob-dylan\/\"]}]},{\"@type\":\"ImageObject\",\"inLanguage\":\"de\",\"@id\":\"https:\/\/www.matts-guitar-shop.com\/de\/produit\/fender-stratocaster-1962-bob-dylan\/#primaryimage\",\"url\":\"https:\/\/www.matts-guitar-shop.com\/wp-content\/uploads\/2024\/08\/Fender-Stratocaster-1962-Bob-Dylan-guitare-00.jpg\",\"contentUrl\":\"https:\/\/www.matts-guitar-shop.com\/wp-content\/uploads\/2024\/08\/Fender-Stratocaster-1962-Bob-Dylan-guitare-00.jpg\",\"width\":692,\"height\":1000},{\"@type\":\"BreadcrumbList\",\"@id\":\"https:\/\/www.matts-guitar-shop.com\/de\/produit\/fender-stratocaster-1962-bob-dylan\/#breadcrumb\",\"itemListElement\":[{\"@type\":\"ListItem\",\"position\":1,\"name\":\"Startseite\",\"item\":\"https:\/\/www.matts-guitar-shop.com\/de\/\"},{\"@type\":\"ListItem\",\"position\":2,\"name\":\"Shop\",\"item\":\"https:\/\/www.matts-guitar-shop.com\/de\/shop\/\"},{\"@type\":\"ListItem\",\"position\":3,\"name\":\"Fender Stratocaster 1962 Bob Dylan\"}]},{\"@type\":\"WebSite\",\"@id\":\"https:\/\/www.matts-guitar-shop.com\/de\/#website\",\"url\":\"https:\/\/www.matts-guitar-shop.com\/de\/\",\"name\":\"matts-guitar-shop.com\",\"description\":\"Guitar Shop\",\"publisher\":{\"@id\":\"https:\/\/www.matts-guitar-shop.com\/de\/#organization\"},\"potentialAction\":[{\"@type\":\"SearchAction\",\"target\":{\"@type\":\"EntryPoint\",\"urlTemplate\":\"https:\/\/www.matts-guitar-shop.com\/de\/?s={search_term_string}\"},\"query-input\":{\"@type\":\"PropertyValueSpecification\",\"valueRequired\":true,\"valueName\":\"search_term_string\"}}],\"inLanguage\":\"de\"},{\"@type\":\"Organization\",\"@id\":\"https:\/\/www.matts-guitar-shop.com\/de\/#organization\",\"name\":\"matts-guitar-shop.com\",\"url\":\"https:\/\/www.matts-guitar-shop.com\/de\/\",\"logo\":{\"@type\":\"ImageObject\",\"inLanguage\":\"de\",\"@id\":\"https:\/\/www.matts-guitar-shop.com\/de\/#\/schema\/logo\/image\/\",\"url\":\"https:\/\/www.matts-guitar-shop.com\/wp-content\/uploads\/2024\/09\/MGS-logo-site-02.png\",\"contentUrl\":\"https:\/\/www.matts-guitar-shop.com\/wp-content\/uploads\/2024\/09\/MGS-logo-site-02.png\",\"width\":200,\"height\":122,\"caption\":\"matts-guitar-shop.com\"},\"image\":{\"@id\":\"https:\/\/www.matts-guitar-shop.com\/de\/#\/schema\/logo\/image\/\"},\"sameAs\":[\"https:\/\/www.facebook.com\/profile.php?id=100044359842817\",\"https:\/\/www.instagram.com\/mattsguitarshop\/\",\"https:\/\/www.youtube.com\/@MattLucasMan\/videos\"]}]}<\/script>\n<!-- \/ Yoast SEO plugin. -->","yoast_head_json":{"title":"Fender Stratocaster 1962 Bob Dylan - Matt&#039;s Guitar Shop","description":"Fender Stratocaster 1962 Bob Dylan \u2013 legend\u00e4re Vintage-Gitarre, authentischer Folk-Rock-Sound, einzigartiges Sammlerst\u00fcck bei Matt\u2019s Guitar Shop.","robots":{"index":"index","follow":"follow","max-snippet":"max-snippet:-1","max-image-preview":"max-image-preview:large","max-video-preview":"max-video-preview:-1"},"canonical":"https:\/\/www.matts-guitar-shop.com\/de\/produit\/fender-stratocaster-1962-bob-dylan\/","og_locale":"de_DE","og_type":"article","og_title":"Fender Stratocaster 1962 Bob Dylan - Matt&#039;s Guitar Shop","og_description":"Fender Stratocaster 1962 Bob Dylan \u2013 legend\u00e4re Vintage-Gitarre, authentischer Folk-Rock-Sound, einzigartiges Sammlerst\u00fcck bei Matt\u2019s Guitar Shop.","og_url":"https:\/\/www.matts-guitar-shop.com\/de\/produit\/fender-stratocaster-1962-bob-dylan\/","og_site_name":"Matt&#039;s Guitar Shop","article_publisher":"https:\/\/www.facebook.com\/profile.php?id=100044359842817","article_modified_time":"2025-10-31T18:07:00+00:00","og_image":[{"width":692,"height":1000,"url":"https:\/\/www.matts-guitar-shop.com\/wp-content\/uploads\/2024\/08\/Fender-Stratocaster-1962-Bob-Dylan-guitare-00.jpg","type":"image\/jpeg"}],"twitter_card":"summary_large_image","twitter_misc":{"Gesch\u00e4tzte Lesezeit":"1\u00a0Minute"},"schema":{"@context":"https:\/\/schema.org","@graph":[{"@type":"WebPage","@id":"https:\/\/www.matts-guitar-shop.com\/de\/produit\/fender-stratocaster-1962-bob-dylan\/","url":"https:\/\/www.matts-guitar-shop.com\/de\/produit\/fender-stratocaster-1962-bob-dylan\/","name":"Fender Stratocaster 1962 Bob Dylan - Matt&#039;s Guitar Shop","isPartOf":{"@id":"https:\/\/www.matts-guitar-shop.com\/de\/#website"},"primaryImageOfPage":{"@id":"https:\/\/www.matts-guitar-shop.com\/de\/produit\/fender-stratocaster-1962-bob-dylan\/#primaryimage"},"image":{"@id":"https:\/\/www.matts-guitar-shop.com\/de\/produit\/fender-stratocaster-1962-bob-dylan\/#primaryimage"},"thumbnailUrl":"https:\/\/www.matts-guitar-shop.com\/wp-content\/uploads\/2024\/08\/Fender-Stratocaster-1962-Bob-Dylan-guitare-00.jpg","datePublished":"2024-08-16T14:53:09+00:00","dateModified":"2025-10-31T18:07:00+00:00","description":"Fender Stratocaster 1962 Bob Dylan \u2013 legend\u00e4re Vintage-Gitarre, authentischer Folk-Rock-Sound, einzigartiges Sammlerst\u00fcck bei Matt\u2019s Guitar Shop.","breadcrumb":{"@id":"https:\/\/www.matts-guitar-shop.com\/de\/produit\/fender-stratocaster-1962-bob-dylan\/#breadcrumb"},"inLanguage":"de","potentialAction":[{"@type":"ReadAction","target":["https:\/\/www.matts-guitar-shop.com\/de\/produit\/fender-stratocaster-1962-bob-dylan\/"]}]},{"@type":"ImageObject","inLanguage":"de","@id":"https:\/\/www.matts-guitar-shop.com\/de\/produit\/fender-stratocaster-1962-bob-dylan\/#primaryimage","url":"https:\/\/www.matts-guitar-shop.com\/wp-content\/uploads\/2024\/08\/Fender-Stratocaster-1962-Bob-Dylan-guitare-00.jpg","contentUrl":"https:\/\/www.matts-guitar-shop.com\/wp-content\/uploads\/2024\/08\/Fender-Stratocaster-1962-Bob-Dylan-guitare-00.jpg","width":692,"height":1000},{"@type":"BreadcrumbList","@id":"https:\/\/www.matts-guitar-shop.com\/de\/produit\/fender-stratocaster-1962-bob-dylan\/#breadcrumb","itemListElement":[{"@type":"ListItem","position":1,"name":"Startseite","item":"https:\/\/www.matts-guitar-shop.com\/de\/"},{"@type":"ListItem","position":2,"name":"Shop","item":"https:\/\/www.matts-guitar-shop.com\/de\/shop\/"},{"@type":"ListItem","position":3,"name":"Fender Stratocaster 1962 Bob Dylan"}]},{"@type":"WebSite","@id":"https:\/\/www.matts-guitar-shop.com\/de\/#website","url":"https:\/\/www.matts-guitar-shop.com\/de\/","name":"matts-guitar-shop.com","description":"Guitar Shop","publisher":{"@id":"https:\/\/www.matts-guitar-shop.com\/de\/#organization"},"potentialAction":[{"@type":"SearchAction","target":{"@type":"EntryPoint","urlTemplate":"https:\/\/www.matts-guitar-shop.com\/de\/?s={search_term_string}"},"query-input":{"@type":"PropertyValueSpecification","valueRequired":true,"valueName":"search_term_string"}}],"inLanguage":"de"},{"@type":"Organization","@id":"https:\/\/www.matts-guitar-shop.com\/de\/#organization","name":"matts-guitar-shop.com","url":"https:\/\/www.matts-guitar-shop.com\/de\/","logo":{"@type":"ImageObject","inLanguage":"de","@id":"https:\/\/www.matts-guitar-shop.com\/de\/#\/schema\/logo\/image\/","url":"https:\/\/www.matts-guitar-shop.com\/wp-content\/uploads\/2024\/09\/MGS-logo-site-02.png","contentUrl":"https:\/\/www.matts-guitar-shop.com\/wp-content\/uploads\/2024\/09\/MGS-logo-site-02.png","width":200,"height":122,"caption":"matts-guitar-shop.com"},"image":{"@id":"https:\/\/www.matts-guitar-shop.com\/de\/#\/schema\/logo\/image\/"},"sameAs":["https:\/\/www.facebook.com\/profile.php?id=100044359842817","https:\/\/www.instagram.com\/mattsguitarshop\/","https:\/\/www.youtube.com\/@MattLucasMan\/videos"]}]}},"_links":{"self":[{"href":"https:\/\/www.matts-guitar-shop.com\/de\/wp-json\/wp\/v2\/product\/19997","targetHints":{"allow":["GET"]}}],"collection":[{"href":"https:\/\/www.matts-guitar-shop.com\/de\/wp-json\/wp\/v2\/product"}],"about":[{"href":"https:\/\/www.matts-guitar-shop.com\/de\/wp-json\/wp\/v2\/types\/product"}],"replies":[{"embeddable":true,"href":"https:\/\/www.matts-guitar-shop.com\/de\/wp-json\/wp\/v2\/comments?post=19997"}],"wp:featuredmedia":[{"embeddable":true,"href":"https:\/\/www.matts-guitar-shop.com\/de\/wp-json\/wp\/v2\/media\/2941"}],"wp:attachment":[{"href":"https:\/\/www.matts-guitar-shop.com\/de\/wp-json\/wp\/v2\/media?parent=19997"}],"wp:term":[{"taxonomy":"product_brand","embeddable":true,"href":"https:\/\/www.matts-guitar-shop.com\/de\/wp-json\/wp\/v2\/product_brand?post=19997"},{"taxonomy":"product_cat","embeddable":true,"href":"https:\/\/www.matts-guitar-shop.com\/de\/wp-json\/wp\/v2\/product_cat?post=19997"},{"taxonomy":"product_tag","embeddable":true,"href":"https:\/\/www.matts-guitar-shop.com\/de\/wp-json\/wp\/v2\/product_tag?post=19997"}],"curies":[{"name":"wp","href":"https:\/\/api.w.org\/{rel}","templated":true}]}}