{"id":19996,"date":"2024-08-15T21:06:40","date_gmt":"2024-08-15T19:06:40","guid":{"rendered":"https:\/\/www.matts-guitar-shop.com\/produit\/fender-stratocaster-cant-stop-ehemals-john-frusciante-red-hot-chili-peppers\/"},"modified":"2025-12-02T15:42:37","modified_gmt":"2025-12-02T14:42:37","slug":"fender-stratocaster-cant-stop-ehemals-john-frusciante-red-hot-chili-peppers","status":"publish","type":"product","link":"https:\/\/www.matts-guitar-shop.com\/de\/produit\/fender-stratocaster-cant-stop-ehemals-john-frusciante-red-hot-chili-peppers\/","title":{"rendered":"Fender Stratocaster \u201eCan&#8217;t Stop\u201c ehemals John Frusciante \u2013 Red Hot Chili Peppers"},"content":{"rendered":"<h2>John Frusciante<\/h2>\n<p>Um die Jahrtausendwende, als die Red Hot Chili Peppers zu einer neuen kreativen Bl\u00fcte fanden, trat ein gro\u00dfgewachsener, sch\u00fcchterner und au\u00dferhalb der B\u00fchne beinahe unsichtbarer Gitarrist als die Seele der Band hervor: <strong>John Frusciante<\/strong>. Mit seinem zerbrechlichen, aber lodernden Spiel \u2013 einer Mischung aus Funk, Rock und beinahe barocker Sensibilit\u00e4t \u2013 pr\u00e4gte er einen sofort erkennbaren Sound, den man auf <em>Californication<\/em>, <em>By the Way<\/em> oder <em>Stadium Arcadium<\/em> wiederfindet.<\/p>\n<p>John Frusciante strebte nie nach greller Virtuosit\u00e4t. Als instinktiver und sensibler K\u00fcnstler sind es die reine Melodielinie, das einfache, aber zwingende Riff und das Solo, das nur einen Hauch und ein Vibrato braucht, um einen zu durchdringen, die sein Markenzeichen bilden. Er spielt, wie er atmet \u2013 mit einer Aufrichtigkeit, die direkt ins Herz trifft. Auf der B\u00fchne sieht man ihn oft mit geschlossenen Augen, \u00fcber seine Strat gebeugt, als w\u00fcrde er beten. Auf den Aufnahmen webt er Harmonien, die nur ihm geh\u00f6ren.<\/p>\n<p>Doch hinter dem Licht lag Schatten. Alle Fans kennen seinen langen Absturz in die Dunkelheit, jene Zeit, in der die Musik ihn zu verlassen schien und fast alles um ihn herum verschwand. Seine legend\u00e4ren Gitarren verbrannten oder wurden verkauft. Eine der wenigen, die diese Reise an den Rand des Abgrunds \u00fcberstand, war seine VPro \u2013 eine unwahrscheinliche, improvisierte Gitarre, die wie ein letzter Faden zur Musik bei ihm blieb, ein Fragment Leben im Chaos.<\/p>\n<p>Als er zur\u00fcckkam, kam John ganz zur\u00fcck. Bei seiner R\u00fcckkehr zu den Red Hot Chili Peppers brachte er keine Machtdemonstration mit, sondern eine neue Tiefe. Jeder Ton schien von gelebter Erfahrung durchdrungen, jede Melodie von verletzlicher Wahrheit. Sein nach wie vor reduziertes Spiel \u00f6ffnete sich neuen Nuancen, einer Mischung aus elektronischen Einfl\u00fcssen, subtilen Vokalharmonien und einem beinahe spirituellen Verst\u00e4ndnis von Klangraum.<\/p>\n<p>Als unerm\u00fcdlicher Entdecker ver\u00f6ffentlichte er zahlreiche Soloalben, experimentelle Projekte und unerwartete Kooperationen. Immer mit diesem handwerklichen Ansatz: seine Gitarren sorgf\u00e4ltig auszuw\u00e4hlen, wieder aufzubauen, was sich wieder aufbauen l\u00e4sst, und einen Klang zu suchen, der niemals l\u00fcgt. Noch heute zeugen seine sorgf\u00e4ltig ausgew\u00e4hlten Fenders und seine improvisierten Pedale von seinem intimen Verh\u00e4ltnis zum kreativen Prozess: Jedes Werkzeug muss echte Emotion tragen k\u00f6nnen.<\/p>\n<p>Eines steht fest: John Frusciante verk\u00f6rpert das Wesen des wiedergeborenen K\u00fcnstlers. Mit seinem reinen Spiel, seinem verwundeten Lebensweg und seinem strahlenden Comeback bleibt er einer der ber\u00fchrendsten und inspirierendsten Gitarristen seiner Generation. Ein zerbrechlicher, aber vision\u00e4rer Ph\u00f6nix, geleitet von einer einzigen Gewissheit: Solange es eine Gitarre gibt, gibt es einen Weg zur\u00fcck zur Musik.<\/p>\n","protected":false},"excerpt":{"rendered":"<p><strong>In ihrer gro\u00dfen F\u00e4higkeit, ganze Menschenmengen zu begeistern, ist die E-Gitarre im Laufe der Zeit zu einem einzigartigen Instrument geworden, das fasziniert und immer gr\u00f6\u00dfere Publikumszahlen begeistert. \u00dcber einen charakteristischen Klang hinaus hat die Gitarre auch eine visuelle Geschichte geschaffen, in der ihre besonderen Formen und mitunter gewagten Lackierungen Generationen in Staunen versetzt haben. In diesem Kosmos aus Formen und Kl\u00e4ngen sind nur wenige Instrumente in der Lage, von mehreren Hundert Millionen Menschen gesehen worden zu sein. Doch genau dies gilt f\u00fcr diese unverwechselbare Stratocaster in Silver Sparkle, die seit der ersten Ausstrahlung des Musikvideos zu \u201eCan\u2019t Stop\u201c von den Red Hot Chili Peppers im Januar 2003 \u00fcber 300 Millionen Zuschauer magnetisiert hat.<\/strong><\/p>\n<p>Als das Video zum Single-Release von \u201eCan\u2019t Stop\u201c der kalifornischen Band erschien, war es eine \u00e4sthetische und k\u00fcnstlerische Revolution. Die Referenzen des Regisseurs Mark Romanek werden voll \u00fcbernommen, und er setzt seine gestalterischen Absichten konsequent um, um das Projekt zu unterst\u00fctzen. Man sieht die vier Mitglieder der Red Hot Chili Peppers bei \u00e4u\u00dferst abstrakten Aktivit\u00e4ten, wie Gleichgewichtsspiele mit Eimern oder das Rennen mit Neonr\u00f6hren auf dem R\u00fccken. An einigen Stellen des Videos spielt die Band vor einer orangenen Plane und in verschiedenen Szenen. Der Gitarrenprofi John Frusciante spielt dabei auf einer silbernen Fender Stratocaster, die sich perfekt in die gew\u00fcnschte Gesamt\u00e4sthetik des Regisseurs einf\u00fcgt \u2013 zusammen mit dem chromfarbenen Schlagzeug und dem grauen Bass seiner Bandkollegen.<\/p>\n<p>Als Liebhaber origineller und k\u00fcnstlerisch \u00fcberraschender Musikvideos haben sich die Red Hot Chili Peppers mehrfach talentierter Regisseure bedient. Das Video zu \u201eCan\u2019t Stop\u201c trug ma\u00dfgeblich dazu bei, den Song zu einem weltweiten Hit zu machen und Erfolge auf Spezialkan\u00e4len wie MTV zu erzielen. Auf Wunsch des Regisseurs Mark Romanek spielt John Frusciante darin eine orangefarbene Toronado und eine Strat direkt aus dem Custom Shop, das funkelnde Silver Sparkle-Modell. Obwohl diese Gitarren nicht dem \u00fcblichen Stil Frusciantes entsprechen (der normalerweise Vintage-Instrumente bevorzugt), passten sie ideal zur Farbpalette, die der Regisseur w\u00fcnschte. Diese Strat verlie\u00df den Custom Shop im Jahr 1999. Sie wurde legend\u00e4r durch ihr glitzerndes Finish und das spiegelnde Pickguard und ist untrennbar mit dem funky und groovigen Riff verbunden, das der Band Spitzenpl\u00e4tze in den Charts sicherte. Eine der legend\u00e4rsten Gitarren mit beeindruckender Optik, zu entdecken im Matt\u2019s Guitar Shop!<\/p>\n","protected":false},"featured_media":2844,"comment_status":"open","ping_status":"closed","template":"","meta":{"_et_pb_use_builder":"","_et_pb_old_content":"","_et_gb_content_width":""},"product_brand":[],"product_cat":[673,677,672],"product_tag":[],"class_list":{"0":"post-19996","1":"product","2":"type-product","3":"status-publish","4":"has-post-thumbnail","6":"product_cat-gitarren","7":"product_cat-elektrische-gitarren","8":"product_cat-verkaufte","9":"pa_artiste-john-frusciante-de","10":"pa_disponibilite-verkauft","11":"pa_marque-fender-de","13":"first","14":"outofstock","15":"shipping-taxable","16":"product-type-simple"},"yoast_head":"<!-- This site is optimized with the Yoast SEO plugin v26.8 - https:\/\/yoast.com\/product\/yoast-seo-wordpress\/ -->\n<title>Fender Stratocaster \u201eCan&#039;t Stop\u201c ehemals John Frusciante \u2013 Red Hot Chili Peppers - Matt&#039;s Guitar Shop<\/title>\n<meta name=\"description\" content=\"Fender Stratocaster \u201cCan\u2019t Stop\u201d ex-John Frusciante (Red Hot Chili Peppers) \u2013 ikonische Gitarre mit legend\u00e4rem Funk-Rock-Sound, einzigartiges Sammlerst\u00fcck.\" \/>\n<meta name=\"robots\" content=\"index, follow, max-snippet:-1, max-image-preview:large, max-video-preview:-1\" \/>\n<link rel=\"canonical\" href=\"https:\/\/www.matts-guitar-shop.com\/de\/produit\/fender-stratocaster-cant-stop-ehemals-john-frusciante-red-hot-chili-peppers\/\" \/>\n<meta property=\"og:locale\" content=\"de_DE\" \/>\n<meta property=\"og:type\" content=\"article\" \/>\n<meta property=\"og:title\" content=\"Fender Stratocaster \u201eCan&#039;t Stop\u201c ehemals John Frusciante \u2013 Red Hot Chili Peppers - Matt&#039;s Guitar Shop\" \/>\n<meta property=\"og:description\" content=\"Fender Stratocaster \u201cCan\u2019t Stop\u201d ex-John Frusciante (Red Hot Chili Peppers) \u2013 ikonische Gitarre mit legend\u00e4rem Funk-Rock-Sound, einzigartiges Sammlerst\u00fcck.\" \/>\n<meta property=\"og:url\" content=\"https:\/\/www.matts-guitar-shop.com\/de\/produit\/fender-stratocaster-cant-stop-ehemals-john-frusciante-red-hot-chili-peppers\/\" \/>\n<meta property=\"og:site_name\" content=\"Matt&#039;s Guitar Shop\" \/>\n<meta property=\"article:publisher\" content=\"https:\/\/www.facebook.com\/profile.php?id=100044359842817\" \/>\n<meta property=\"article:modified_time\" content=\"2025-12-02T14:42:37+00:00\" \/>\n<meta property=\"og:image\" content=\"https:\/\/www.matts-guitar-shop.com\/wp-content\/uploads\/2024\/08\/Fender-Stratocaster-Cant-Stop-Ex-John-Frusciante-00.jpg\" \/>\n\t<meta property=\"og:image:width\" content=\"692\" \/>\n\t<meta property=\"og:image:height\" content=\"1000\" \/>\n\t<meta property=\"og:image:type\" content=\"image\/jpeg\" \/>\n<meta name=\"twitter:card\" content=\"summary_large_image\" \/>\n<meta name=\"twitter:label1\" content=\"Gesch\u00e4tzte Lesezeit\" \/>\n\t<meta name=\"twitter:data1\" content=\"2\u00a0Minuten\" \/>\n<script type=\"application\/ld+json\" class=\"yoast-schema-graph\">{\"@context\":\"https:\/\/schema.org\",\"@graph\":[{\"@type\":\"WebPage\",\"@id\":\"https:\/\/www.matts-guitar-shop.com\/de\/produit\/fender-stratocaster-cant-stop-ehemals-john-frusciante-red-hot-chili-peppers\/\",\"url\":\"https:\/\/www.matts-guitar-shop.com\/de\/produit\/fender-stratocaster-cant-stop-ehemals-john-frusciante-red-hot-chili-peppers\/\",\"name\":\"Fender Stratocaster \u201eCan't Stop\u201c ehemals John Frusciante \u2013 Red Hot Chili Peppers - Matt&#039;s Guitar Shop\",\"isPartOf\":{\"@id\":\"https:\/\/www.matts-guitar-shop.com\/de\/#website\"},\"primaryImageOfPage\":{\"@id\":\"https:\/\/www.matts-guitar-shop.com\/de\/produit\/fender-stratocaster-cant-stop-ehemals-john-frusciante-red-hot-chili-peppers\/#primaryimage\"},\"image\":{\"@id\":\"https:\/\/www.matts-guitar-shop.com\/de\/produit\/fender-stratocaster-cant-stop-ehemals-john-frusciante-red-hot-chili-peppers\/#primaryimage\"},\"thumbnailUrl\":\"https:\/\/www.matts-guitar-shop.com\/wp-content\/uploads\/2024\/08\/Fender-Stratocaster-Cant-Stop-Ex-John-Frusciante-00.jpg\",\"datePublished\":\"2024-08-15T19:06:40+00:00\",\"dateModified\":\"2025-12-02T14:42:37+00:00\",\"description\":\"Fender Stratocaster \u201cCan\u2019t Stop\u201d ex-John Frusciante (Red Hot Chili Peppers) \u2013 ikonische Gitarre mit legend\u00e4rem Funk-Rock-Sound, einzigartiges Sammlerst\u00fcck.\",\"breadcrumb\":{\"@id\":\"https:\/\/www.matts-guitar-shop.com\/de\/produit\/fender-stratocaster-cant-stop-ehemals-john-frusciante-red-hot-chili-peppers\/#breadcrumb\"},\"inLanguage\":\"de\",\"potentialAction\":[{\"@type\":\"ReadAction\",\"target\":[\"https:\/\/www.matts-guitar-shop.com\/de\/produit\/fender-stratocaster-cant-stop-ehemals-john-frusciante-red-hot-chili-peppers\/\"]}]},{\"@type\":\"ImageObject\",\"inLanguage\":\"de\",\"@id\":\"https:\/\/www.matts-guitar-shop.com\/de\/produit\/fender-stratocaster-cant-stop-ehemals-john-frusciante-red-hot-chili-peppers\/#primaryimage\",\"url\":\"https:\/\/www.matts-guitar-shop.com\/wp-content\/uploads\/2024\/08\/Fender-Stratocaster-Cant-Stop-Ex-John-Frusciante-00.jpg\",\"contentUrl\":\"https:\/\/www.matts-guitar-shop.com\/wp-content\/uploads\/2024\/08\/Fender-Stratocaster-Cant-Stop-Ex-John-Frusciante-00.jpg\",\"width\":692,\"height\":1000},{\"@type\":\"BreadcrumbList\",\"@id\":\"https:\/\/www.matts-guitar-shop.com\/de\/produit\/fender-stratocaster-cant-stop-ehemals-john-frusciante-red-hot-chili-peppers\/#breadcrumb\",\"itemListElement\":[{\"@type\":\"ListItem\",\"position\":1,\"name\":\"Startseite\",\"item\":\"https:\/\/www.matts-guitar-shop.com\/de\/\"},{\"@type\":\"ListItem\",\"position\":2,\"name\":\"Shop\",\"item\":\"https:\/\/www.matts-guitar-shop.com\/de\/shop\/\"},{\"@type\":\"ListItem\",\"position\":3,\"name\":\"Fender Stratocaster \u201eCan&#8217;t Stop\u201c ehemals John Frusciante \u2013 Red Hot Chili Peppers\"}]},{\"@type\":\"WebSite\",\"@id\":\"https:\/\/www.matts-guitar-shop.com\/de\/#website\",\"url\":\"https:\/\/www.matts-guitar-shop.com\/de\/\",\"name\":\"matts-guitar-shop.com\",\"description\":\"Guitar Shop\",\"publisher\":{\"@id\":\"https:\/\/www.matts-guitar-shop.com\/de\/#organization\"},\"potentialAction\":[{\"@type\":\"SearchAction\",\"target\":{\"@type\":\"EntryPoint\",\"urlTemplate\":\"https:\/\/www.matts-guitar-shop.com\/de\/?s={search_term_string}\"},\"query-input\":{\"@type\":\"PropertyValueSpecification\",\"valueRequired\":true,\"valueName\":\"search_term_string\"}}],\"inLanguage\":\"de\"},{\"@type\":\"Organization\",\"@id\":\"https:\/\/www.matts-guitar-shop.com\/de\/#organization\",\"name\":\"matts-guitar-shop.com\",\"url\":\"https:\/\/www.matts-guitar-shop.com\/de\/\",\"logo\":{\"@type\":\"ImageObject\",\"inLanguage\":\"de\",\"@id\":\"https:\/\/www.matts-guitar-shop.com\/de\/#\/schema\/logo\/image\/\",\"url\":\"https:\/\/www.matts-guitar-shop.com\/wp-content\/uploads\/2024\/09\/MGS-logo-site-02.png\",\"contentUrl\":\"https:\/\/www.matts-guitar-shop.com\/wp-content\/uploads\/2024\/09\/MGS-logo-site-02.png\",\"width\":200,\"height\":122,\"caption\":\"matts-guitar-shop.com\"},\"image\":{\"@id\":\"https:\/\/www.matts-guitar-shop.com\/de\/#\/schema\/logo\/image\/\"},\"sameAs\":[\"https:\/\/www.facebook.com\/profile.php?id=100044359842817\",\"https:\/\/www.instagram.com\/mattsguitarshop\/\",\"https:\/\/www.youtube.com\/@MattLucasMan\/videos\"]}]}<\/script>\n<!-- \/ Yoast SEO plugin. -->","yoast_head_json":{"title":"Fender Stratocaster \u201eCan't Stop\u201c ehemals John Frusciante \u2013 Red Hot Chili Peppers - Matt&#039;s Guitar Shop","description":"Fender Stratocaster \u201cCan\u2019t Stop\u201d ex-John Frusciante (Red Hot Chili Peppers) \u2013 ikonische Gitarre mit legend\u00e4rem Funk-Rock-Sound, einzigartiges Sammlerst\u00fcck.","robots":{"index":"index","follow":"follow","max-snippet":"max-snippet:-1","max-image-preview":"max-image-preview:large","max-video-preview":"max-video-preview:-1"},"canonical":"https:\/\/www.matts-guitar-shop.com\/de\/produit\/fender-stratocaster-cant-stop-ehemals-john-frusciante-red-hot-chili-peppers\/","og_locale":"de_DE","og_type":"article","og_title":"Fender Stratocaster \u201eCan't Stop\u201c ehemals John Frusciante \u2013 Red Hot Chili Peppers - Matt&#039;s Guitar Shop","og_description":"Fender Stratocaster \u201cCan\u2019t Stop\u201d ex-John Frusciante (Red Hot Chili Peppers) \u2013 ikonische Gitarre mit legend\u00e4rem Funk-Rock-Sound, einzigartiges Sammlerst\u00fcck.","og_url":"https:\/\/www.matts-guitar-shop.com\/de\/produit\/fender-stratocaster-cant-stop-ehemals-john-frusciante-red-hot-chili-peppers\/","og_site_name":"Matt&#039;s Guitar Shop","article_publisher":"https:\/\/www.facebook.com\/profile.php?id=100044359842817","article_modified_time":"2025-12-02T14:42:37+00:00","og_image":[{"width":692,"height":1000,"url":"https:\/\/www.matts-guitar-shop.com\/wp-content\/uploads\/2024\/08\/Fender-Stratocaster-Cant-Stop-Ex-John-Frusciante-00.jpg","type":"image\/jpeg"}],"twitter_card":"summary_large_image","twitter_misc":{"Gesch\u00e4tzte Lesezeit":"2\u00a0Minuten"},"schema":{"@context":"https:\/\/schema.org","@graph":[{"@type":"WebPage","@id":"https:\/\/www.matts-guitar-shop.com\/de\/produit\/fender-stratocaster-cant-stop-ehemals-john-frusciante-red-hot-chili-peppers\/","url":"https:\/\/www.matts-guitar-shop.com\/de\/produit\/fender-stratocaster-cant-stop-ehemals-john-frusciante-red-hot-chili-peppers\/","name":"Fender Stratocaster \u201eCan't Stop\u201c ehemals John Frusciante \u2013 Red Hot Chili Peppers - Matt&#039;s Guitar Shop","isPartOf":{"@id":"https:\/\/www.matts-guitar-shop.com\/de\/#website"},"primaryImageOfPage":{"@id":"https:\/\/www.matts-guitar-shop.com\/de\/produit\/fender-stratocaster-cant-stop-ehemals-john-frusciante-red-hot-chili-peppers\/#primaryimage"},"image":{"@id":"https:\/\/www.matts-guitar-shop.com\/de\/produit\/fender-stratocaster-cant-stop-ehemals-john-frusciante-red-hot-chili-peppers\/#primaryimage"},"thumbnailUrl":"https:\/\/www.matts-guitar-shop.com\/wp-content\/uploads\/2024\/08\/Fender-Stratocaster-Cant-Stop-Ex-John-Frusciante-00.jpg","datePublished":"2024-08-15T19:06:40+00:00","dateModified":"2025-12-02T14:42:37+00:00","description":"Fender Stratocaster \u201cCan\u2019t Stop\u201d ex-John Frusciante (Red Hot Chili Peppers) \u2013 ikonische Gitarre mit legend\u00e4rem Funk-Rock-Sound, einzigartiges Sammlerst\u00fcck.","breadcrumb":{"@id":"https:\/\/www.matts-guitar-shop.com\/de\/produit\/fender-stratocaster-cant-stop-ehemals-john-frusciante-red-hot-chili-peppers\/#breadcrumb"},"inLanguage":"de","potentialAction":[{"@type":"ReadAction","target":["https:\/\/www.matts-guitar-shop.com\/de\/produit\/fender-stratocaster-cant-stop-ehemals-john-frusciante-red-hot-chili-peppers\/"]}]},{"@type":"ImageObject","inLanguage":"de","@id":"https:\/\/www.matts-guitar-shop.com\/de\/produit\/fender-stratocaster-cant-stop-ehemals-john-frusciante-red-hot-chili-peppers\/#primaryimage","url":"https:\/\/www.matts-guitar-shop.com\/wp-content\/uploads\/2024\/08\/Fender-Stratocaster-Cant-Stop-Ex-John-Frusciante-00.jpg","contentUrl":"https:\/\/www.matts-guitar-shop.com\/wp-content\/uploads\/2024\/08\/Fender-Stratocaster-Cant-Stop-Ex-John-Frusciante-00.jpg","width":692,"height":1000},{"@type":"BreadcrumbList","@id":"https:\/\/www.matts-guitar-shop.com\/de\/produit\/fender-stratocaster-cant-stop-ehemals-john-frusciante-red-hot-chili-peppers\/#breadcrumb","itemListElement":[{"@type":"ListItem","position":1,"name":"Startseite","item":"https:\/\/www.matts-guitar-shop.com\/de\/"},{"@type":"ListItem","position":2,"name":"Shop","item":"https:\/\/www.matts-guitar-shop.com\/de\/shop\/"},{"@type":"ListItem","position":3,"name":"Fender Stratocaster \u201eCan&#8217;t Stop\u201c ehemals John Frusciante \u2013 Red Hot Chili Peppers"}]},{"@type":"WebSite","@id":"https:\/\/www.matts-guitar-shop.com\/de\/#website","url":"https:\/\/www.matts-guitar-shop.com\/de\/","name":"matts-guitar-shop.com","description":"Guitar Shop","publisher":{"@id":"https:\/\/www.matts-guitar-shop.com\/de\/#organization"},"potentialAction":[{"@type":"SearchAction","target":{"@type":"EntryPoint","urlTemplate":"https:\/\/www.matts-guitar-shop.com\/de\/?s={search_term_string}"},"query-input":{"@type":"PropertyValueSpecification","valueRequired":true,"valueName":"search_term_string"}}],"inLanguage":"de"},{"@type":"Organization","@id":"https:\/\/www.matts-guitar-shop.com\/de\/#organization","name":"matts-guitar-shop.com","url":"https:\/\/www.matts-guitar-shop.com\/de\/","logo":{"@type":"ImageObject","inLanguage":"de","@id":"https:\/\/www.matts-guitar-shop.com\/de\/#\/schema\/logo\/image\/","url":"https:\/\/www.matts-guitar-shop.com\/wp-content\/uploads\/2024\/09\/MGS-logo-site-02.png","contentUrl":"https:\/\/www.matts-guitar-shop.com\/wp-content\/uploads\/2024\/09\/MGS-logo-site-02.png","width":200,"height":122,"caption":"matts-guitar-shop.com"},"image":{"@id":"https:\/\/www.matts-guitar-shop.com\/de\/#\/schema\/logo\/image\/"},"sameAs":["https:\/\/www.facebook.com\/profile.php?id=100044359842817","https:\/\/www.instagram.com\/mattsguitarshop\/","https:\/\/www.youtube.com\/@MattLucasMan\/videos"]}]}},"_links":{"self":[{"href":"https:\/\/www.matts-guitar-shop.com\/de\/wp-json\/wp\/v2\/product\/19996","targetHints":{"allow":["GET"]}}],"collection":[{"href":"https:\/\/www.matts-guitar-shop.com\/de\/wp-json\/wp\/v2\/product"}],"about":[{"href":"https:\/\/www.matts-guitar-shop.com\/de\/wp-json\/wp\/v2\/types\/product"}],"replies":[{"embeddable":true,"href":"https:\/\/www.matts-guitar-shop.com\/de\/wp-json\/wp\/v2\/comments?post=19996"}],"wp:featuredmedia":[{"embeddable":true,"href":"https:\/\/www.matts-guitar-shop.com\/de\/wp-json\/wp\/v2\/media\/2844"}],"wp:attachment":[{"href":"https:\/\/www.matts-guitar-shop.com\/de\/wp-json\/wp\/v2\/media?parent=19996"}],"wp:term":[{"taxonomy":"product_brand","embeddable":true,"href":"https:\/\/www.matts-guitar-shop.com\/de\/wp-json\/wp\/v2\/product_brand?post=19996"},{"taxonomy":"product_cat","embeddable":true,"href":"https:\/\/www.matts-guitar-shop.com\/de\/wp-json\/wp\/v2\/product_cat?post=19996"},{"taxonomy":"product_tag","embeddable":true,"href":"https:\/\/www.matts-guitar-shop.com\/de\/wp-json\/wp\/v2\/product_tag?post=19996"}],"curies":[{"name":"wp","href":"https:\/\/api.w.org\/{rel}","templated":true}]}}