{"id":19995,"date":"2024-08-15T20:53:29","date_gmt":"2024-08-15T18:53:29","guid":{"rendered":"https:\/\/www.matts-guitar-shop.com\/produit\/fender-precision-bass-ehemals-colin-greenwood-radiohead\/"},"modified":"2024-08-15T20:53:29","modified_gmt":"2024-08-15T18:53:29","slug":"fender-precision-bass-ehemals-colin-greenwood-radiohead","status":"publish","type":"product","link":"https:\/\/www.matts-guitar-shop.com\/de\/produit\/fender-precision-bass-ehemals-colin-greenwood-radiohead\/","title":{"rendered":"Fender Precision Bass ehemals Colin Greenwood \u2013 Radiohead"},"content":{"rendered":"<p>Haben Sie Fragen zu diesem Produkt? Kontaktieren Sie uns!<\/p>\n","protected":false},"excerpt":{"rendered":"<p><strong>Es gibt Instrumente, die von ihrem beeindruckenden Erbe und ihrer jahrzehntelangen Nutzung selbst erz\u00e4hlen. Diese Fender Precision Bass aus dem Jahr 1960 geh\u00f6rt dazu: Ihre durch die Zeit veredelte Patina und die zahlreichen Gebrauchsspuren lassen erahnen, welche Geschichte in ihrem Holz steckt. Ein Name allein \u2013 Colin Greenwood \u2013 verst\u00e4rkt die mystische Dimension und die Aura dieses gro\u00dfartigen Basses.<\/strong><\/p>\n<p>Die Fender Precision Bass ist ein legend\u00e4res Instrument aus dem Hause Fender, das 1951 eingef\u00fchrt wurde. Sie hat seitdem ihren festen Platz in der Welt der verst\u00e4rkten Musik behauptet und wird in einer Vielzahl von Musikstilen eingesetzt. Von legend\u00e4rer Leichtigkeit, liefert sie \u00fcppige, tiefe und holzige Klangfarben. Dieses Exemplar stammt aus dem Jahr 1960. Die Original-Lackierung wurde entfernt, was eine absolut gro\u00dfartige nat\u00fcrliche Oberfl\u00e4che freilegt, dennoch besitzt sie weiterhin das originale Schildpatt-Pickguard. Ein Jazz-Pickup wurde hinzugef\u00fcgt und die Verkabelung entsprechend angepasst. Hals und Kopf sind original, einzig ein Hipshot-Stimmger\u00e4t wurde erg\u00e4nzt.<\/p>\n<p>Wenn dieses Instrument schon f\u00fcr sich allein eine herausragende Rarit\u00e4t darstellt, vervollst\u00e4ndigt seine Herkunft seine unglaubliche Geschichte. Es wurde von Colin Greenwood, dem Bassisten von Radiohead, beim Recording des Albums \u201eThe Bends\u201c 1994 verwendet, insbesondere auf dem Song \u201eFake Plastic Trees\u201c. Dieser Precision Bass wurde dem RAK Studios in London f\u00fcr die Aufnahme des zweiten Albums der Band zur Verf\u00fcgung gestellt, zusammen mit anderen Instrumenten. Der Toningenieur von Radiohead stellte damals klar, dass nur dieser Bass verwendet wurde, da Colin Greenwood seinen runden und warmen Klang besonders sch\u00e4tzte. Als ob das noch nicht genug w\u00e4re, befand sich dieser Bass sp\u00e4ter in den H\u00e4nden von Steve Harris, dem ber\u00fchmten Bassisten von Iron Maiden\u2026 Ein au\u00dfergew\u00f6hnliches Instrument, bereit, weitere Musiker zu inspirieren!<\/p>\n","protected":false},"featured_media":2759,"comment_status":"open","ping_status":"closed","template":"","meta":{"_et_pb_use_builder":"","_et_pb_old_content":"","_et_gb_content_width":""},"product_brand":[],"product_cat":[673,674,677,670],"product_tag":[],"class_list":{"0":"post-19995","1":"product","2":"type-product","3":"status-publish","4":"has-post-thumbnail","6":"product_cat-gitarren","7":"product_cat-baesse","8":"product_cat-elektrische-gitarren","9":"product_cat-kuenstler","10":"pa_artiste-colin-greenwood-de","11":"pa_disponibilite-zu-verkaufen","12":"pa_marque-fender-de","14":"first","15":"instock","16":"shipping-taxable","17":"product-type-simple"},"yoast_head":"<!-- This site is optimized with the Yoast SEO plugin v26.8 - https:\/\/yoast.com\/product\/yoast-seo-wordpress\/ -->\n<title>Fender Precision Bass ehemals Colin Greenwood \u2013 Radiohead - Matt&#039;s Guitar Shop<\/title>\n<meta name=\"robots\" content=\"index, follow, max-snippet:-1, max-image-preview:large, max-video-preview:-1\" \/>\n<link rel=\"canonical\" href=\"https:\/\/www.matts-guitar-shop.com\/de\/produit\/fender-precision-bass-ehemals-colin-greenwood-radiohead\/\" \/>\n<meta property=\"og:locale\" content=\"de_DE\" \/>\n<meta property=\"og:type\" content=\"article\" \/>\n<meta property=\"og:title\" content=\"Fender Precision Bass ehemals Colin Greenwood \u2013 Radiohead - Matt&#039;s Guitar Shop\" \/>\n<meta property=\"og:description\" content=\"Es gibt Instrumente, die von ihrem beeindruckenden Erbe und ihrer jahrzehntelangen Nutzung selbst erz\u00e4hlen. Diese Fender Precision Bass aus dem Jahr 1960 geh\u00f6rt dazu: Ihre durch die Zeit veredelte Patina und die zahlreichen Gebrauchsspuren lassen erahnen, welche Geschichte in ihrem Holz steckt. Ein Name allein \u2013 Colin Greenwood \u2013 verst\u00e4rkt die mystische Dimension und die Aura dieses gro\u00dfartigen Basses. Die Fender Precision Bass ist ein legend\u00e4res Instrument aus dem Hause Fender, das 1951 eingef\u00fchrt wurde. Sie hat seitdem ihren festen Platz in der Welt der verst\u00e4rkten Musik behauptet und wird in einer Vielzahl von Musikstilen eingesetzt. Von legend\u00e4rer Leichtigkeit, liefert sie \u00fcppige, tiefe und holzige Klangfarben. Dieses Exemplar stammt aus dem Jahr 1960. Die Original-Lackierung wurde entfernt, was eine absolut gro\u00dfartige nat\u00fcrliche Oberfl\u00e4che freilegt, dennoch besitzt sie weiterhin das originale Schildpatt-Pickguard. Ein Jazz-Pickup wurde hinzugef\u00fcgt und die Verkabelung entsprechend angepasst. Hals und Kopf sind original, einzig ein Hipshot-Stimmger\u00e4t wurde erg\u00e4nzt. Wenn dieses Instrument schon f\u00fcr sich allein eine herausragende Rarit\u00e4t darstellt, vervollst\u00e4ndigt seine Herkunft seine unglaubliche Geschichte. Es wurde von Colin Greenwood, dem Bassisten von Radiohead, beim Recording des Albums \u201eThe Bends\u201c 1994 verwendet, insbesondere auf dem Song \u201eFake Plastic Trees\u201c. Dieser Precision Bass wurde dem RAK Studios in London f\u00fcr die Aufnahme des zweiten Albums der Band zur Verf\u00fcgung gestellt, zusammen mit anderen Instrumenten. Der Toningenieur von Radiohead stellte damals klar, dass nur dieser Bass verwendet wurde, da Colin Greenwood seinen runden und warmen Klang besonders sch\u00e4tzte. Als ob das noch nicht genug w\u00e4re, befand sich dieser Bass sp\u00e4ter in den H\u00e4nden von Steve Harris, dem ber\u00fchmten Bassisten von Iron Maiden\u2026 Ein au\u00dfergew\u00f6hnliches Instrument, bereit, weitere Musiker zu inspirieren!\" \/>\n<meta property=\"og:url\" content=\"https:\/\/www.matts-guitar-shop.com\/de\/produit\/fender-precision-bass-ehemals-colin-greenwood-radiohead\/\" \/>\n<meta property=\"og:site_name\" content=\"Matt&#039;s Guitar Shop\" \/>\n<meta property=\"article:publisher\" content=\"https:\/\/www.facebook.com\/profile.php?id=100044359842817\" \/>\n<meta property=\"og:image\" content=\"https:\/\/www.matts-guitar-shop.com\/wp-content\/uploads\/2024\/08\/Fender-Precision-Bass-Ex-Colin-Greenwood-Radiohead-00.jpg\" \/>\n\t<meta property=\"og:image:width\" content=\"692\" \/>\n\t<meta property=\"og:image:height\" content=\"1000\" \/>\n\t<meta property=\"og:image:type\" content=\"image\/jpeg\" \/>\n<meta name=\"twitter:card\" content=\"summary_large_image\" \/>\n<script type=\"application\/ld+json\" class=\"yoast-schema-graph\">{\"@context\":\"https:\/\/schema.org\",\"@graph\":[{\"@type\":\"WebPage\",\"@id\":\"https:\/\/www.matts-guitar-shop.com\/de\/produit\/fender-precision-bass-ehemals-colin-greenwood-radiohead\/\",\"url\":\"https:\/\/www.matts-guitar-shop.com\/de\/produit\/fender-precision-bass-ehemals-colin-greenwood-radiohead\/\",\"name\":\"Fender Precision Bass ehemals Colin Greenwood \u2013 Radiohead - Matt&#039;s Guitar Shop\",\"isPartOf\":{\"@id\":\"https:\/\/www.matts-guitar-shop.com\/de\/#website\"},\"primaryImageOfPage\":{\"@id\":\"https:\/\/www.matts-guitar-shop.com\/de\/produit\/fender-precision-bass-ehemals-colin-greenwood-radiohead\/#primaryimage\"},\"image\":{\"@id\":\"https:\/\/www.matts-guitar-shop.com\/de\/produit\/fender-precision-bass-ehemals-colin-greenwood-radiohead\/#primaryimage\"},\"thumbnailUrl\":\"https:\/\/www.matts-guitar-shop.com\/wp-content\/uploads\/2024\/08\/Fender-Precision-Bass-Ex-Colin-Greenwood-Radiohead-00.jpg\",\"datePublished\":\"2024-08-15T18:53:29+00:00\",\"breadcrumb\":{\"@id\":\"https:\/\/www.matts-guitar-shop.com\/de\/produit\/fender-precision-bass-ehemals-colin-greenwood-radiohead\/#breadcrumb\"},\"inLanguage\":\"de\",\"potentialAction\":[{\"@type\":\"ReadAction\",\"target\":[\"https:\/\/www.matts-guitar-shop.com\/de\/produit\/fender-precision-bass-ehemals-colin-greenwood-radiohead\/\"]}]},{\"@type\":\"ImageObject\",\"inLanguage\":\"de\",\"@id\":\"https:\/\/www.matts-guitar-shop.com\/de\/produit\/fender-precision-bass-ehemals-colin-greenwood-radiohead\/#primaryimage\",\"url\":\"https:\/\/www.matts-guitar-shop.com\/wp-content\/uploads\/2024\/08\/Fender-Precision-Bass-Ex-Colin-Greenwood-Radiohead-00.jpg\",\"contentUrl\":\"https:\/\/www.matts-guitar-shop.com\/wp-content\/uploads\/2024\/08\/Fender-Precision-Bass-Ex-Colin-Greenwood-Radiohead-00.jpg\",\"width\":692,\"height\":1000},{\"@type\":\"BreadcrumbList\",\"@id\":\"https:\/\/www.matts-guitar-shop.com\/de\/produit\/fender-precision-bass-ehemals-colin-greenwood-radiohead\/#breadcrumb\",\"itemListElement\":[{\"@type\":\"ListItem\",\"position\":1,\"name\":\"Startseite\",\"item\":\"https:\/\/www.matts-guitar-shop.com\/de\/\"},{\"@type\":\"ListItem\",\"position\":2,\"name\":\"Shop\",\"item\":\"https:\/\/www.matts-guitar-shop.com\/de\/shop\/\"},{\"@type\":\"ListItem\",\"position\":3,\"name\":\"Fender Precision Bass ehemals Colin Greenwood \u2013 Radiohead\"}]},{\"@type\":\"WebSite\",\"@id\":\"https:\/\/www.matts-guitar-shop.com\/de\/#website\",\"url\":\"https:\/\/www.matts-guitar-shop.com\/de\/\",\"name\":\"matts-guitar-shop.com\",\"description\":\"Guitar Shop\",\"publisher\":{\"@id\":\"https:\/\/www.matts-guitar-shop.com\/de\/#organization\"},\"potentialAction\":[{\"@type\":\"SearchAction\",\"target\":{\"@type\":\"EntryPoint\",\"urlTemplate\":\"https:\/\/www.matts-guitar-shop.com\/de\/?s={search_term_string}\"},\"query-input\":{\"@type\":\"PropertyValueSpecification\",\"valueRequired\":true,\"valueName\":\"search_term_string\"}}],\"inLanguage\":\"de\"},{\"@type\":\"Organization\",\"@id\":\"https:\/\/www.matts-guitar-shop.com\/de\/#organization\",\"name\":\"matts-guitar-shop.com\",\"url\":\"https:\/\/www.matts-guitar-shop.com\/de\/\",\"logo\":{\"@type\":\"ImageObject\",\"inLanguage\":\"de\",\"@id\":\"https:\/\/www.matts-guitar-shop.com\/de\/#\/schema\/logo\/image\/\",\"url\":\"https:\/\/www.matts-guitar-shop.com\/wp-content\/uploads\/2024\/09\/MGS-logo-site-02.png\",\"contentUrl\":\"https:\/\/www.matts-guitar-shop.com\/wp-content\/uploads\/2024\/09\/MGS-logo-site-02.png\",\"width\":200,\"height\":122,\"caption\":\"matts-guitar-shop.com\"},\"image\":{\"@id\":\"https:\/\/www.matts-guitar-shop.com\/de\/#\/schema\/logo\/image\/\"},\"sameAs\":[\"https:\/\/www.facebook.com\/profile.php?id=100044359842817\",\"https:\/\/www.instagram.com\/mattsguitarshop\/\",\"https:\/\/www.youtube.com\/@MattLucasMan\/videos\"]}]}<\/script>\n<!-- \/ Yoast SEO plugin. -->","yoast_head_json":{"title":"Fender Precision Bass ehemals Colin Greenwood \u2013 Radiohead - Matt&#039;s Guitar Shop","robots":{"index":"index","follow":"follow","max-snippet":"max-snippet:-1","max-image-preview":"max-image-preview:large","max-video-preview":"max-video-preview:-1"},"canonical":"https:\/\/www.matts-guitar-shop.com\/de\/produit\/fender-precision-bass-ehemals-colin-greenwood-radiohead\/","og_locale":"de_DE","og_type":"article","og_title":"Fender Precision Bass ehemals Colin Greenwood \u2013 Radiohead - Matt&#039;s Guitar Shop","og_description":"Es gibt Instrumente, die von ihrem beeindruckenden Erbe und ihrer jahrzehntelangen Nutzung selbst erz\u00e4hlen. Diese Fender Precision Bass aus dem Jahr 1960 geh\u00f6rt dazu: Ihre durch die Zeit veredelte Patina und die zahlreichen Gebrauchsspuren lassen erahnen, welche Geschichte in ihrem Holz steckt. Ein Name allein \u2013 Colin Greenwood \u2013 verst\u00e4rkt die mystische Dimension und die Aura dieses gro\u00dfartigen Basses. Die Fender Precision Bass ist ein legend\u00e4res Instrument aus dem Hause Fender, das 1951 eingef\u00fchrt wurde. Sie hat seitdem ihren festen Platz in der Welt der verst\u00e4rkten Musik behauptet und wird in einer Vielzahl von Musikstilen eingesetzt. Von legend\u00e4rer Leichtigkeit, liefert sie \u00fcppige, tiefe und holzige Klangfarben. Dieses Exemplar stammt aus dem Jahr 1960. Die Original-Lackierung wurde entfernt, was eine absolut gro\u00dfartige nat\u00fcrliche Oberfl\u00e4che freilegt, dennoch besitzt sie weiterhin das originale Schildpatt-Pickguard. Ein Jazz-Pickup wurde hinzugef\u00fcgt und die Verkabelung entsprechend angepasst. Hals und Kopf sind original, einzig ein Hipshot-Stimmger\u00e4t wurde erg\u00e4nzt. Wenn dieses Instrument schon f\u00fcr sich allein eine herausragende Rarit\u00e4t darstellt, vervollst\u00e4ndigt seine Herkunft seine unglaubliche Geschichte. Es wurde von Colin Greenwood, dem Bassisten von Radiohead, beim Recording des Albums \u201eThe Bends\u201c 1994 verwendet, insbesondere auf dem Song \u201eFake Plastic Trees\u201c. Dieser Precision Bass wurde dem RAK Studios in London f\u00fcr die Aufnahme des zweiten Albums der Band zur Verf\u00fcgung gestellt, zusammen mit anderen Instrumenten. Der Toningenieur von Radiohead stellte damals klar, dass nur dieser Bass verwendet wurde, da Colin Greenwood seinen runden und warmen Klang besonders sch\u00e4tzte. Als ob das noch nicht genug w\u00e4re, befand sich dieser Bass sp\u00e4ter in den H\u00e4nden von Steve Harris, dem ber\u00fchmten Bassisten von Iron Maiden\u2026 Ein au\u00dfergew\u00f6hnliches Instrument, bereit, weitere Musiker zu inspirieren!","og_url":"https:\/\/www.matts-guitar-shop.com\/de\/produit\/fender-precision-bass-ehemals-colin-greenwood-radiohead\/","og_site_name":"Matt&#039;s Guitar Shop","article_publisher":"https:\/\/www.facebook.com\/profile.php?id=100044359842817","og_image":[{"width":692,"height":1000,"url":"https:\/\/www.matts-guitar-shop.com\/wp-content\/uploads\/2024\/08\/Fender-Precision-Bass-Ex-Colin-Greenwood-Radiohead-00.jpg","type":"image\/jpeg"}],"twitter_card":"summary_large_image","schema":{"@context":"https:\/\/schema.org","@graph":[{"@type":"WebPage","@id":"https:\/\/www.matts-guitar-shop.com\/de\/produit\/fender-precision-bass-ehemals-colin-greenwood-radiohead\/","url":"https:\/\/www.matts-guitar-shop.com\/de\/produit\/fender-precision-bass-ehemals-colin-greenwood-radiohead\/","name":"Fender Precision Bass ehemals Colin Greenwood \u2013 Radiohead - Matt&#039;s Guitar Shop","isPartOf":{"@id":"https:\/\/www.matts-guitar-shop.com\/de\/#website"},"primaryImageOfPage":{"@id":"https:\/\/www.matts-guitar-shop.com\/de\/produit\/fender-precision-bass-ehemals-colin-greenwood-radiohead\/#primaryimage"},"image":{"@id":"https:\/\/www.matts-guitar-shop.com\/de\/produit\/fender-precision-bass-ehemals-colin-greenwood-radiohead\/#primaryimage"},"thumbnailUrl":"https:\/\/www.matts-guitar-shop.com\/wp-content\/uploads\/2024\/08\/Fender-Precision-Bass-Ex-Colin-Greenwood-Radiohead-00.jpg","datePublished":"2024-08-15T18:53:29+00:00","breadcrumb":{"@id":"https:\/\/www.matts-guitar-shop.com\/de\/produit\/fender-precision-bass-ehemals-colin-greenwood-radiohead\/#breadcrumb"},"inLanguage":"de","potentialAction":[{"@type":"ReadAction","target":["https:\/\/www.matts-guitar-shop.com\/de\/produit\/fender-precision-bass-ehemals-colin-greenwood-radiohead\/"]}]},{"@type":"ImageObject","inLanguage":"de","@id":"https:\/\/www.matts-guitar-shop.com\/de\/produit\/fender-precision-bass-ehemals-colin-greenwood-radiohead\/#primaryimage","url":"https:\/\/www.matts-guitar-shop.com\/wp-content\/uploads\/2024\/08\/Fender-Precision-Bass-Ex-Colin-Greenwood-Radiohead-00.jpg","contentUrl":"https:\/\/www.matts-guitar-shop.com\/wp-content\/uploads\/2024\/08\/Fender-Precision-Bass-Ex-Colin-Greenwood-Radiohead-00.jpg","width":692,"height":1000},{"@type":"BreadcrumbList","@id":"https:\/\/www.matts-guitar-shop.com\/de\/produit\/fender-precision-bass-ehemals-colin-greenwood-radiohead\/#breadcrumb","itemListElement":[{"@type":"ListItem","position":1,"name":"Startseite","item":"https:\/\/www.matts-guitar-shop.com\/de\/"},{"@type":"ListItem","position":2,"name":"Shop","item":"https:\/\/www.matts-guitar-shop.com\/de\/shop\/"},{"@type":"ListItem","position":3,"name":"Fender Precision Bass ehemals Colin Greenwood \u2013 Radiohead"}]},{"@type":"WebSite","@id":"https:\/\/www.matts-guitar-shop.com\/de\/#website","url":"https:\/\/www.matts-guitar-shop.com\/de\/","name":"matts-guitar-shop.com","description":"Guitar Shop","publisher":{"@id":"https:\/\/www.matts-guitar-shop.com\/de\/#organization"},"potentialAction":[{"@type":"SearchAction","target":{"@type":"EntryPoint","urlTemplate":"https:\/\/www.matts-guitar-shop.com\/de\/?s={search_term_string}"},"query-input":{"@type":"PropertyValueSpecification","valueRequired":true,"valueName":"search_term_string"}}],"inLanguage":"de"},{"@type":"Organization","@id":"https:\/\/www.matts-guitar-shop.com\/de\/#organization","name":"matts-guitar-shop.com","url":"https:\/\/www.matts-guitar-shop.com\/de\/","logo":{"@type":"ImageObject","inLanguage":"de","@id":"https:\/\/www.matts-guitar-shop.com\/de\/#\/schema\/logo\/image\/","url":"https:\/\/www.matts-guitar-shop.com\/wp-content\/uploads\/2024\/09\/MGS-logo-site-02.png","contentUrl":"https:\/\/www.matts-guitar-shop.com\/wp-content\/uploads\/2024\/09\/MGS-logo-site-02.png","width":200,"height":122,"caption":"matts-guitar-shop.com"},"image":{"@id":"https:\/\/www.matts-guitar-shop.com\/de\/#\/schema\/logo\/image\/"},"sameAs":["https:\/\/www.facebook.com\/profile.php?id=100044359842817","https:\/\/www.instagram.com\/mattsguitarshop\/","https:\/\/www.youtube.com\/@MattLucasMan\/videos"]}]}},"_links":{"self":[{"href":"https:\/\/www.matts-guitar-shop.com\/de\/wp-json\/wp\/v2\/product\/19995","targetHints":{"allow":["GET"]}}],"collection":[{"href":"https:\/\/www.matts-guitar-shop.com\/de\/wp-json\/wp\/v2\/product"}],"about":[{"href":"https:\/\/www.matts-guitar-shop.com\/de\/wp-json\/wp\/v2\/types\/product"}],"replies":[{"embeddable":true,"href":"https:\/\/www.matts-guitar-shop.com\/de\/wp-json\/wp\/v2\/comments?post=19995"}],"wp:featuredmedia":[{"embeddable":true,"href":"https:\/\/www.matts-guitar-shop.com\/de\/wp-json\/wp\/v2\/media\/2759"}],"wp:attachment":[{"href":"https:\/\/www.matts-guitar-shop.com\/de\/wp-json\/wp\/v2\/media?parent=19995"}],"wp:term":[{"taxonomy":"product_brand","embeddable":true,"href":"https:\/\/www.matts-guitar-shop.com\/de\/wp-json\/wp\/v2\/product_brand?post=19995"},{"taxonomy":"product_cat","embeddable":true,"href":"https:\/\/www.matts-guitar-shop.com\/de\/wp-json\/wp\/v2\/product_cat?post=19995"},{"taxonomy":"product_tag","embeddable":true,"href":"https:\/\/www.matts-guitar-shop.com\/de\/wp-json\/wp\/v2\/product_tag?post=19995"}],"curies":[{"name":"wp","href":"https:\/\/api.w.org\/{rel}","templated":true}]}}