{"id":19991,"date":"2024-08-19T17:00:37","date_gmt":"2024-08-19T15:00:37","guid":{"rendered":"https:\/\/www.matts-guitar-shop.com\/produit\/gibson-custom-shop-prototype-dg-335-signiert-von-dave-grohl-foo-fighters\/"},"modified":"2025-12-04T16:22:30","modified_gmt":"2025-12-04T15:22:30","slug":"gibson-custom-shop-prototype-dg-335-signiert-von-dave-grohl-foo-fighters","status":"publish","type":"product","link":"https:\/\/www.matts-guitar-shop.com\/de\/produit\/gibson-custom-shop-prototype-dg-335-signiert-von-dave-grohl-foo-fighters\/","title":{"rendered":"Gibson Custom Shop Prototype DG-335 \u2013 signiert von Dave Grohl (Foo Fighters)"},"content":{"rendered":"<h2>Dave Grohl<\/h2>\n<p>Mitte der 1990er-Jahre, als sich die Rockwelt gerade von dem Verlust einer ihrer wichtigsten Ikonen erholte, trat ein Musiker mit breitem L\u00e4cheln und ansteckender Energie auf den Plan: <strong>Dave Grohl<\/strong>. Nachdem er als Schlagzeuger von Nirvana Musikgeschichte geschrieben hatte, erfand er sich im Tempo eines Riffs neu: ganz allein im Studio, spielte er alle Instrumente des ersten Foo-Fighters-Albums ein und legte damit das Fundament f\u00fcr eine der pr\u00e4gendsten Bands der letzten zwanzig Jahre.<\/p>\n<p>Dave Grohl hat sich nie als Diva inszeniert. Als leidenschaftlicher, bodenst\u00e4ndiger Rockhandwerker geht es ihm um absolute Ehrlichkeit: ein Refrain, der einschl\u00e4gt, fette Gitarren, ein intensiver Gesang und ein Groove, der verr\u00e4t, dass ein ehemaliger Drummer am Werk ist. Songs wie <em>The Pretender<\/em>, <em>Best of You<\/em> oder <em>My Hero<\/em> pr\u00e4gen die DNA der Foo Fighters \u2013 Hymnen, in denen Kraft und Emotion auf entwaffnend einfache Weise zusammentreffen.<\/p>\n<p>Auf der B\u00fchne ist Grohl ein Ph\u00e4nomen. St\u00e4ndig in Bewegung, st\u00e4ndig lachend, schreiend, Geschichten erz\u00e4hlend, rei\u00dft er das Publikum mit einer seltenen Gro\u00dfz\u00fcgigkeit mit. Mit der Gitarre umgeh\u00e4ngt liefert er Klangmarathons ab, ohne je sein L\u00e4cheln zu verlieren. Hinter dieser rohen Energie steckt ein Perfektionist \u2013 ein warmherziger, aber anspruchsvoller Leader, der jede Session in einen Moment kreativer Kameradschaft verwandeln kann.<\/p>\n<p>Nicht nur mit dem Schlagzeug, sondern auch mit Gitarren ist Dave Grohl eng verbunden \u2013 besonders mit seiner Gibson-Signature. Inspiriert von seiner Vintage-Trini-Lopez, spiegelt diese Gitarre mit ihrer eleganten Form und den rautenf\u00f6rmigen Schalll\u00f6chern perfekt seine Philosophie wider: robust, massiv, bereit f\u00fcr endlose Live-Shows, aber gleichzeitig fein genug, um einen klaren, durchsetzungsf\u00e4higen Ton zu liefern, der im Soundwall der Foo Fighters m\u00fchelos h\u00f6rbar bleibt. Grohl hat dieses Modell geformt wie seine Musik: ohne All\u00fcren, aber mit kompromissloser Sorgfalt. Eine echte B\u00fchnen-Gitarre, gebaut f\u00fcr Schwei\u00df, Energie und Refrains, die Tausende mitsingen.<\/p>\n<p>Dave Grohl verk\u00f6rpert das pulsierende Herz des modernen Rock. Mit seinem nat\u00fcrlichen Gesp\u00fcr f\u00fcr starke Melodien und seiner legend\u00e4ren Energie bleibt er einer der letzten Helden, die ganze Generationen unter einem einfachen Motto vereinen: laut spielen, ehrlich spielen \u2013 und niemals den Spa\u00df vergessen.<\/p>\n","protected":false},"excerpt":{"rendered":"<p>Haben Sie Fragen zu diesem Produkt? Kontaktieren Sie uns!<\/p>\n","protected":false},"featured_media":4620,"comment_status":"open","ping_status":"closed","template":"","meta":{"_et_pb_use_builder":"","_et_pb_old_content":"","_et_gb_content_width":""},"product_brand":[],"product_cat":[672],"product_tag":[],"class_list":{"0":"post-19991","1":"product","2":"type-product","3":"status-publish","4":"has-post-thumbnail","6":"product_cat-verkaufte","7":"pa_artiste-dave-grohl-de","8":"pa_disponibilite-verkauft","9":"pa_marque-gibson-de","11":"first","12":"outofstock","13":"shipping-taxable","14":"product-type-simple"},"yoast_head":"<!-- This site is optimized with the Yoast SEO plugin v26.8 - https:\/\/yoast.com\/product\/yoast-seo-wordpress\/ -->\n<title>Gibson Custom Shop Prototype DG-335 \u2013 signiert von Dave Grohl (Foo Fighters) - Matt&#039;s Guitar Shop<\/title>\n<meta name=\"description\" content=\"Gibson Custom Shop Prototype DG-335 \u2013 signiert von Dave Grohl (Foo Fighters), erh\u00e4ltlich in Ihrem Online-Shop Matt\u2019s Guitar.\" \/>\n<meta name=\"robots\" content=\"index, follow, max-snippet:-1, max-image-preview:large, max-video-preview:-1\" \/>\n<link rel=\"canonical\" href=\"https:\/\/www.matts-guitar-shop.com\/de\/produit\/gibson-custom-shop-prototype-dg-335-signiert-von-dave-grohl-foo-fighters\/\" \/>\n<meta property=\"og:locale\" content=\"de_DE\" \/>\n<meta property=\"og:type\" content=\"article\" \/>\n<meta property=\"og:title\" content=\"Gibson Custom Shop Prototype DG-335 \u2013 signiert von Dave Grohl (Foo Fighters) - Matt&#039;s Guitar Shop\" \/>\n<meta property=\"og:description\" content=\"Gibson Custom Shop Prototype DG-335 \u2013 signiert von Dave Grohl (Foo Fighters), erh\u00e4ltlich in Ihrem Online-Shop Matt\u2019s Guitar.\" \/>\n<meta property=\"og:url\" content=\"https:\/\/www.matts-guitar-shop.com\/de\/produit\/gibson-custom-shop-prototype-dg-335-signiert-von-dave-grohl-foo-fighters\/\" \/>\n<meta property=\"og:site_name\" content=\"Matt&#039;s Guitar Shop\" \/>\n<meta property=\"article:publisher\" content=\"https:\/\/www.facebook.com\/profile.php?id=100044359842817\" \/>\n<meta property=\"article:modified_time\" content=\"2025-12-04T15:22:30+00:00\" \/>\n<meta property=\"og:image\" content=\"https:\/\/www.matts-guitar-shop.com\/wp-content\/uploads\/2024\/08\/Gibson-Custom-Shop-Prototype-Signed-Dave-Grohl-00.jpg\" \/>\n\t<meta property=\"og:image:width\" content=\"692\" \/>\n\t<meta property=\"og:image:height\" content=\"1000\" \/>\n\t<meta property=\"og:image:type\" content=\"image\/jpeg\" \/>\n<meta name=\"twitter:card\" content=\"summary_large_image\" \/>\n<meta name=\"twitter:label1\" content=\"Gesch\u00e4tzte Lesezeit\" \/>\n\t<meta name=\"twitter:data1\" content=\"2\u00a0Minuten\" \/>\n<script type=\"application\/ld+json\" class=\"yoast-schema-graph\">{\"@context\":\"https:\/\/schema.org\",\"@graph\":[{\"@type\":\"WebPage\",\"@id\":\"https:\/\/www.matts-guitar-shop.com\/de\/produit\/gibson-custom-shop-prototype-dg-335-signiert-von-dave-grohl-foo-fighters\/\",\"url\":\"https:\/\/www.matts-guitar-shop.com\/de\/produit\/gibson-custom-shop-prototype-dg-335-signiert-von-dave-grohl-foo-fighters\/\",\"name\":\"Gibson Custom Shop Prototype DG-335 \u2013 signiert von Dave Grohl (Foo Fighters) - Matt&#039;s Guitar Shop\",\"isPartOf\":{\"@id\":\"https:\/\/www.matts-guitar-shop.com\/de\/#website\"},\"primaryImageOfPage\":{\"@id\":\"https:\/\/www.matts-guitar-shop.com\/de\/produit\/gibson-custom-shop-prototype-dg-335-signiert-von-dave-grohl-foo-fighters\/#primaryimage\"},\"image\":{\"@id\":\"https:\/\/www.matts-guitar-shop.com\/de\/produit\/gibson-custom-shop-prototype-dg-335-signiert-von-dave-grohl-foo-fighters\/#primaryimage\"},\"thumbnailUrl\":\"https:\/\/www.matts-guitar-shop.com\/wp-content\/uploads\/2024\/08\/Gibson-Custom-Shop-Prototype-Signed-Dave-Grohl-00.jpg\",\"datePublished\":\"2024-08-19T15:00:37+00:00\",\"dateModified\":\"2025-12-04T15:22:30+00:00\",\"description\":\"Gibson Custom Shop Prototype DG-335 \u2013 signiert von Dave Grohl (Foo Fighters), erh\u00e4ltlich in Ihrem Online-Shop Matt\u2019s Guitar.\",\"breadcrumb\":{\"@id\":\"https:\/\/www.matts-guitar-shop.com\/de\/produit\/gibson-custom-shop-prototype-dg-335-signiert-von-dave-grohl-foo-fighters\/#breadcrumb\"},\"inLanguage\":\"de\",\"potentialAction\":[{\"@type\":\"ReadAction\",\"target\":[\"https:\/\/www.matts-guitar-shop.com\/de\/produit\/gibson-custom-shop-prototype-dg-335-signiert-von-dave-grohl-foo-fighters\/\"]}]},{\"@type\":\"ImageObject\",\"inLanguage\":\"de\",\"@id\":\"https:\/\/www.matts-guitar-shop.com\/de\/produit\/gibson-custom-shop-prototype-dg-335-signiert-von-dave-grohl-foo-fighters\/#primaryimage\",\"url\":\"https:\/\/www.matts-guitar-shop.com\/wp-content\/uploads\/2024\/08\/Gibson-Custom-Shop-Prototype-Signed-Dave-Grohl-00.jpg\",\"contentUrl\":\"https:\/\/www.matts-guitar-shop.com\/wp-content\/uploads\/2024\/08\/Gibson-Custom-Shop-Prototype-Signed-Dave-Grohl-00.jpg\",\"width\":692,\"height\":1000},{\"@type\":\"BreadcrumbList\",\"@id\":\"https:\/\/www.matts-guitar-shop.com\/de\/produit\/gibson-custom-shop-prototype-dg-335-signiert-von-dave-grohl-foo-fighters\/#breadcrumb\",\"itemListElement\":[{\"@type\":\"ListItem\",\"position\":1,\"name\":\"Startseite\",\"item\":\"https:\/\/www.matts-guitar-shop.com\/de\/\"},{\"@type\":\"ListItem\",\"position\":2,\"name\":\"Shop\",\"item\":\"https:\/\/www.matts-guitar-shop.com\/de\/shop\/\"},{\"@type\":\"ListItem\",\"position\":3,\"name\":\"Gibson Custom Shop Prototype DG-335 \u2013 signiert von Dave Grohl (Foo Fighters)\"}]},{\"@type\":\"WebSite\",\"@id\":\"https:\/\/www.matts-guitar-shop.com\/de\/#website\",\"url\":\"https:\/\/www.matts-guitar-shop.com\/de\/\",\"name\":\"matts-guitar-shop.com\",\"description\":\"Guitar Shop\",\"publisher\":{\"@id\":\"https:\/\/www.matts-guitar-shop.com\/de\/#organization\"},\"potentialAction\":[{\"@type\":\"SearchAction\",\"target\":{\"@type\":\"EntryPoint\",\"urlTemplate\":\"https:\/\/www.matts-guitar-shop.com\/de\/?s={search_term_string}\"},\"query-input\":{\"@type\":\"PropertyValueSpecification\",\"valueRequired\":true,\"valueName\":\"search_term_string\"}}],\"inLanguage\":\"de\"},{\"@type\":\"Organization\",\"@id\":\"https:\/\/www.matts-guitar-shop.com\/de\/#organization\",\"name\":\"matts-guitar-shop.com\",\"url\":\"https:\/\/www.matts-guitar-shop.com\/de\/\",\"logo\":{\"@type\":\"ImageObject\",\"inLanguage\":\"de\",\"@id\":\"https:\/\/www.matts-guitar-shop.com\/de\/#\/schema\/logo\/image\/\",\"url\":\"https:\/\/www.matts-guitar-shop.com\/wp-content\/uploads\/2024\/09\/MGS-logo-site-02.png\",\"contentUrl\":\"https:\/\/www.matts-guitar-shop.com\/wp-content\/uploads\/2024\/09\/MGS-logo-site-02.png\",\"width\":200,\"height\":122,\"caption\":\"matts-guitar-shop.com\"},\"image\":{\"@id\":\"https:\/\/www.matts-guitar-shop.com\/de\/#\/schema\/logo\/image\/\"},\"sameAs\":[\"https:\/\/www.facebook.com\/profile.php?id=100044359842817\",\"https:\/\/www.instagram.com\/mattsguitarshop\/\",\"https:\/\/www.youtube.com\/@MattLucasMan\/videos\"]}]}<\/script>\n<!-- \/ Yoast SEO plugin. -->","yoast_head_json":{"title":"Gibson Custom Shop Prototype DG-335 \u2013 signiert von Dave Grohl (Foo Fighters) - Matt&#039;s Guitar Shop","description":"Gibson Custom Shop Prototype DG-335 \u2013 signiert von Dave Grohl (Foo Fighters), erh\u00e4ltlich in Ihrem Online-Shop Matt\u2019s Guitar.","robots":{"index":"index","follow":"follow","max-snippet":"max-snippet:-1","max-image-preview":"max-image-preview:large","max-video-preview":"max-video-preview:-1"},"canonical":"https:\/\/www.matts-guitar-shop.com\/de\/produit\/gibson-custom-shop-prototype-dg-335-signiert-von-dave-grohl-foo-fighters\/","og_locale":"de_DE","og_type":"article","og_title":"Gibson Custom Shop Prototype DG-335 \u2013 signiert von Dave Grohl (Foo Fighters) - Matt&#039;s Guitar Shop","og_description":"Gibson Custom Shop Prototype DG-335 \u2013 signiert von Dave Grohl (Foo Fighters), erh\u00e4ltlich in Ihrem Online-Shop Matt\u2019s Guitar.","og_url":"https:\/\/www.matts-guitar-shop.com\/de\/produit\/gibson-custom-shop-prototype-dg-335-signiert-von-dave-grohl-foo-fighters\/","og_site_name":"Matt&#039;s Guitar Shop","article_publisher":"https:\/\/www.facebook.com\/profile.php?id=100044359842817","article_modified_time":"2025-12-04T15:22:30+00:00","og_image":[{"width":692,"height":1000,"url":"https:\/\/www.matts-guitar-shop.com\/wp-content\/uploads\/2024\/08\/Gibson-Custom-Shop-Prototype-Signed-Dave-Grohl-00.jpg","type":"image\/jpeg"}],"twitter_card":"summary_large_image","twitter_misc":{"Gesch\u00e4tzte Lesezeit":"2\u00a0Minuten"},"schema":{"@context":"https:\/\/schema.org","@graph":[{"@type":"WebPage","@id":"https:\/\/www.matts-guitar-shop.com\/de\/produit\/gibson-custom-shop-prototype-dg-335-signiert-von-dave-grohl-foo-fighters\/","url":"https:\/\/www.matts-guitar-shop.com\/de\/produit\/gibson-custom-shop-prototype-dg-335-signiert-von-dave-grohl-foo-fighters\/","name":"Gibson Custom Shop Prototype DG-335 \u2013 signiert von Dave Grohl (Foo Fighters) - Matt&#039;s Guitar Shop","isPartOf":{"@id":"https:\/\/www.matts-guitar-shop.com\/de\/#website"},"primaryImageOfPage":{"@id":"https:\/\/www.matts-guitar-shop.com\/de\/produit\/gibson-custom-shop-prototype-dg-335-signiert-von-dave-grohl-foo-fighters\/#primaryimage"},"image":{"@id":"https:\/\/www.matts-guitar-shop.com\/de\/produit\/gibson-custom-shop-prototype-dg-335-signiert-von-dave-grohl-foo-fighters\/#primaryimage"},"thumbnailUrl":"https:\/\/www.matts-guitar-shop.com\/wp-content\/uploads\/2024\/08\/Gibson-Custom-Shop-Prototype-Signed-Dave-Grohl-00.jpg","datePublished":"2024-08-19T15:00:37+00:00","dateModified":"2025-12-04T15:22:30+00:00","description":"Gibson Custom Shop Prototype DG-335 \u2013 signiert von Dave Grohl (Foo Fighters), erh\u00e4ltlich in Ihrem Online-Shop Matt\u2019s Guitar.","breadcrumb":{"@id":"https:\/\/www.matts-guitar-shop.com\/de\/produit\/gibson-custom-shop-prototype-dg-335-signiert-von-dave-grohl-foo-fighters\/#breadcrumb"},"inLanguage":"de","potentialAction":[{"@type":"ReadAction","target":["https:\/\/www.matts-guitar-shop.com\/de\/produit\/gibson-custom-shop-prototype-dg-335-signiert-von-dave-grohl-foo-fighters\/"]}]},{"@type":"ImageObject","inLanguage":"de","@id":"https:\/\/www.matts-guitar-shop.com\/de\/produit\/gibson-custom-shop-prototype-dg-335-signiert-von-dave-grohl-foo-fighters\/#primaryimage","url":"https:\/\/www.matts-guitar-shop.com\/wp-content\/uploads\/2024\/08\/Gibson-Custom-Shop-Prototype-Signed-Dave-Grohl-00.jpg","contentUrl":"https:\/\/www.matts-guitar-shop.com\/wp-content\/uploads\/2024\/08\/Gibson-Custom-Shop-Prototype-Signed-Dave-Grohl-00.jpg","width":692,"height":1000},{"@type":"BreadcrumbList","@id":"https:\/\/www.matts-guitar-shop.com\/de\/produit\/gibson-custom-shop-prototype-dg-335-signiert-von-dave-grohl-foo-fighters\/#breadcrumb","itemListElement":[{"@type":"ListItem","position":1,"name":"Startseite","item":"https:\/\/www.matts-guitar-shop.com\/de\/"},{"@type":"ListItem","position":2,"name":"Shop","item":"https:\/\/www.matts-guitar-shop.com\/de\/shop\/"},{"@type":"ListItem","position":3,"name":"Gibson Custom Shop Prototype DG-335 \u2013 signiert von Dave Grohl (Foo Fighters)"}]},{"@type":"WebSite","@id":"https:\/\/www.matts-guitar-shop.com\/de\/#website","url":"https:\/\/www.matts-guitar-shop.com\/de\/","name":"matts-guitar-shop.com","description":"Guitar Shop","publisher":{"@id":"https:\/\/www.matts-guitar-shop.com\/de\/#organization"},"potentialAction":[{"@type":"SearchAction","target":{"@type":"EntryPoint","urlTemplate":"https:\/\/www.matts-guitar-shop.com\/de\/?s={search_term_string}"},"query-input":{"@type":"PropertyValueSpecification","valueRequired":true,"valueName":"search_term_string"}}],"inLanguage":"de"},{"@type":"Organization","@id":"https:\/\/www.matts-guitar-shop.com\/de\/#organization","name":"matts-guitar-shop.com","url":"https:\/\/www.matts-guitar-shop.com\/de\/","logo":{"@type":"ImageObject","inLanguage":"de","@id":"https:\/\/www.matts-guitar-shop.com\/de\/#\/schema\/logo\/image\/","url":"https:\/\/www.matts-guitar-shop.com\/wp-content\/uploads\/2024\/09\/MGS-logo-site-02.png","contentUrl":"https:\/\/www.matts-guitar-shop.com\/wp-content\/uploads\/2024\/09\/MGS-logo-site-02.png","width":200,"height":122,"caption":"matts-guitar-shop.com"},"image":{"@id":"https:\/\/www.matts-guitar-shop.com\/de\/#\/schema\/logo\/image\/"},"sameAs":["https:\/\/www.facebook.com\/profile.php?id=100044359842817","https:\/\/www.instagram.com\/mattsguitarshop\/","https:\/\/www.youtube.com\/@MattLucasMan\/videos"]}]}},"_links":{"self":[{"href":"https:\/\/www.matts-guitar-shop.com\/de\/wp-json\/wp\/v2\/product\/19991","targetHints":{"allow":["GET"]}}],"collection":[{"href":"https:\/\/www.matts-guitar-shop.com\/de\/wp-json\/wp\/v2\/product"}],"about":[{"href":"https:\/\/www.matts-guitar-shop.com\/de\/wp-json\/wp\/v2\/types\/product"}],"replies":[{"embeddable":true,"href":"https:\/\/www.matts-guitar-shop.com\/de\/wp-json\/wp\/v2\/comments?post=19991"}],"wp:featuredmedia":[{"embeddable":true,"href":"https:\/\/www.matts-guitar-shop.com\/de\/wp-json\/wp\/v2\/media\/4620"}],"wp:attachment":[{"href":"https:\/\/www.matts-guitar-shop.com\/de\/wp-json\/wp\/v2\/media?parent=19991"}],"wp:term":[{"taxonomy":"product_brand","embeddable":true,"href":"https:\/\/www.matts-guitar-shop.com\/de\/wp-json\/wp\/v2\/product_brand?post=19991"},{"taxonomy":"product_cat","embeddable":true,"href":"https:\/\/www.matts-guitar-shop.com\/de\/wp-json\/wp\/v2\/product_cat?post=19991"},{"taxonomy":"product_tag","embeddable":true,"href":"https:\/\/www.matts-guitar-shop.com\/de\/wp-json\/wp\/v2\/product_tag?post=19991"}],"curies":[{"name":"wp","href":"https:\/\/api.w.org\/{rel}","templated":true}]}}