{"id":19986,"date":"2024-08-19T15:38:50","date_gmt":"2024-08-19T13:38:50","guid":{"rendered":"https:\/\/www.matts-guitar-shop.com\/produit\/gibson-les-paul-mark-knopfler-gealtert-artist-proof-06\/"},"modified":"2025-10-16T20:33:06","modified_gmt":"2025-10-16T18:33:06","slug":"gibson-les-paul-mark-knopfler-gealtert-artist-proof-06","status":"publish","type":"product","link":"https:\/\/www.matts-guitar-shop.com\/de\/produit\/gibson-les-paul-mark-knopfler-gealtert-artist-proof-06\/","title":{"rendered":"Gibson Les Paul Mark Knopfler, gealtert, Artist Proof 06"},"content":{"rendered":"<p>Mark Knopfler<br \/>(1949)<\/p>\n<p>Unbedingt anh\u00f6ren: Sultans Of Swing<\/p>\n<p>Wer h\u00e4tte gedacht, dass vier Musiker, die in Londons Bars mit J.J. Cale-Covern auftraten, DIE Referenzband des elektronischen Rocks der Achtziger werden w\u00fcrden?<\/p>\n<p>Doch genau das war das au\u00dfergew\u00f6hnliche Schicksal von Dire Straits, der Band zweier Br\u00fcder \u2013 der eine Kunstdozent (Mark Knopfler), der andere Sozialarbeiter (David Knopfler) \u2013 die am Ende \u00fcber hundert Millionen Alben verkaufen w\u00fcrden. Sie gr\u00fcndeten ihr Quartett 1977, mit John Illsley am Bass und Pick Withers am Schlagzeug. Sehr schnell katapultierte die Single \u201eSultans Of Swing\u201c die Band von der Vorgruppe zur Headliner-Position, und das zweite Album <i>Communiqu\u00e9<\/i> (1979) festigte diesen Erfolg. W\u00e4hrend der Aufnahmen zu <i>Making Movies<\/i> 1980 unter der Leitung des Produzenten Jimmy Iovine (der Spezialist f\u00fcr dritte Alben, von Tom Petty \u00fcber Bruce Springsteen bis Patti Smith) eskalierten die Spannungen zwischen den Br\u00fcdern, sodass David die Band verlie\u00df und alle von ihm eingespielten Parts auf dem Album ersetzt wurden.<\/p>\n<p>1982 zeigte <i>Love Over Gold<\/i> eine komplexere und synthetischere Seite von Dire Straits. Darauf findet sich das gro\u00dfartige \u201eTelegraph Road\u201c, das sich \u00fcber satte 14 Minuten erstreckt und in dem Knopfler sein bestes fl\u00fcssiges, perkussives und lyrisches Spiel zeigt. Es war auch das letzte Album mit Pick Withers. Schlie\u00dflich war es <i>Brothers In Arms<\/i> 1985 und sein Dobro auf dem Cover, das alle Kritiker \u00fcberzeugte. Mit \u00fcber 30 Millionen verkauften Exemplaren und nicht weniger als f\u00fcnf Singles (darunter das riesige \u201eWalk Of Life\u201c) definierte dieses Album seine Epoche. Auf \u201eMoney For Nothing\u201c verzichtete Knopfler auf seine gewohnte Stratocaster zugunsten einer 1958er Les Paul Standard f\u00fcr ein Riff, dessen Klang bis heute fasziniert.<\/p>\n<p>Unwohl mit seinem Ruhm und der Gr\u00f6\u00dfe der Band l\u00f6ste Mark sie 1988 auf. Eine spektakul\u00e4re Wiedervereinigung folgte 1991 f\u00fcr das Album <i>On Every Street<\/i> (mit den Singles \u201eCalling Elvis\u201c und \u201eHeavy Fuel\u201c) sowie eine gigantische Tour, dokumentiert auf dem Live-Album <i>On The Night<\/i>. Doch Knopflers Herz war schon woanders, und 1995 beendete er die Band endg\u00fcltig, bevor er sein erstes Soloalbum <i>Golden Heart<\/i> ver\u00f6ffentlichte. Trotz ihrer relativ kurzen Existenz bleibt Dire Straits eine unverzichtbare Referenz f\u00fcr viele Musiker \u2013 der Soundtrack einer Generation zwischen Rockgitarre und Pop-Synthesizern.<\/p>\n","protected":false},"excerpt":{"rendered":"<p><strong>Die gr\u00f6\u00dften Gitarristen der Geschichte haben sich oft f\u00fcr ein Schl\u00fcsselmodell entschieden, das sie zu einem Objekt der absoluten Verehrung erhoben. Bei Mark Knopfler, dem englischen Wunderkind, wird diese Aufgabe jedoch besonders schwierig, da der Musiker im Laufe seiner Karriere st\u00e4ndig auf der Suche nach neuen Klangm\u00f6glichkeiten war. Zwar geh\u00f6rt seine legend\u00e4re 1961er Stratocaster, die in Rot umlackiert wurde, zu den Klassikern seines Arsenals, doch auch Gibson spielte eine wichtige Rolle in seiner unerm\u00fcdlichen Suche nach den gew\u00fcnschten Sounds. So griff er auf Les Pauls zur\u00fcck, um zahlreiche Hits einzuspielen und auf Tourneen zu gehen, darunter insbesondere das zeitlose Riff von \u201eMoney for Nothing\u201c. Diese Gibson Les Paul Mark Knopfler Aged Artist Proof 6 ist ein au\u00dfergew\u00f6hnliches Instrument, das auf seiner Lieblings-Les Paul von 1958 basiert und zu den Artist Proof-Prototypen geh\u00f6rt, die der Serienproduktion vorausgingen.<\/strong><\/p>\n<p>Als Mark Knopfler die Les Paul als Referenz \u00fcbernahm, suchte er nach den Qualit\u00e4ten der originalen Bursts. In einer 1983er Reissue \u201959 fand er schlie\u00dflich die gew\u00fcnschten Klangcharakteristiken, die er nach seinen Bed\u00fcrfnissen formte. Die Gitarre, die auf \u201eMoney for Nothing\u201c oder \u201eBrothers in Arms\u201c zu h\u00f6ren ist, vertiefte Knopflers besondere Liebe zu Les Pauls. Immer inspiriert vom einzigartigen Klang dieses Modells, erwarb er einige Jahre sp\u00e4ter zwei originale Bursts, eine von 1958 und eine von 1959. Obwohl letztere als das begehrteste Jahrgangsmodell gilt, bevorzugt Knopfler tendenziell die erste. Diese ist auf dem Album \u201eGolden Heart\u201c zu h\u00f6ren und wurde von ihm mehrfach live gespielt. Diese Gitarre war \u00fcber mehrere Jahre hinweg Mark Knopflers bevorzugter kreativer Partner und pr\u00e4gte den Klang einiger der sch\u00f6nsten Songs des englischen Gitarristen.<\/p>\n<p>Genau auf dieser 1958er Les Paul Burst basierte der Gibson Custom Shop f\u00fcr eine limitierte Serie. Die besten Handwerker f\u00fchrten intensive und sorgf\u00e4ltige Analysen der Originalgitarre mittels R\u00f6ntgenstrahlen durch, um Halsprofil, Deckenform, Optik, Haptik und Klangcharakteristik der originalen 58er Burst von Knopfler exakt nachzubilden. Zu sehen ist ein wunderbar gealtertes Sunburst-Finish, historische Nickel-Beschl\u00e4ge und sorgf\u00e4ltig gewickelte Custom Bucker PAF-Tonabnehmer, die diese Gitarre verbl\u00fcffend realistisch im Vergleich zum Original machen. Das vom Matt\u2019s Guitar Shop angebotene Exemplar ist ein au\u00dfergew\u00f6hnliches Instrument, das zu den Artist Proof-Modellen geh\u00f6rt, die vom Meister selbst freigegeben werden. Als Artist Proof Nummer 6 ist diese Les Paul ein au\u00dfergew\u00f6hnlicher Prototyp mit ph\u00e4nomenalem Klang, der die besten Bem\u00fchungen von Gibson in einer Gitarre vereint. Es ist eine \u00e4u\u00dferst seltene Les Paul, die einer ohnehin schon sehr gelungenen limitierten Edition vorausging, welche die Quintessenz des anspruchsvollen Sounds von Mark Knopfler einf\u00e4ngt\u2026 Nur im Matt\u2019s Guitar Shop zu entdecken!<\/p>\n","protected":false},"featured_media":4225,"comment_status":"open","ping_status":"closed","template":"","meta":{"_et_pb_use_builder":"","_et_pb_old_content":"","_et_gb_content_width":""},"product_brand":[],"product_cat":[672],"product_tag":[],"class_list":{"0":"post-19986","1":"product","2":"type-product","3":"status-publish","4":"has-post-thumbnail","6":"product_cat-verkaufte","7":"pa_artiste-mark-knopfler-de","8":"pa_disponibilite-verkauft","9":"pa_marque-gibson-de","11":"first","12":"outofstock","13":"shipping-taxable","14":"product-type-simple"},"yoast_head":"<!-- This site is optimized with the Yoast SEO plugin v26.8 - https:\/\/yoast.com\/product\/yoast-seo-wordpress\/ -->\n<title>Gibson Les Paul Mark Knopfler, gealtert, Artist Proof 06 - Matt&#039;s Guitar Shop<\/title>\n<meta name=\"description\" content=\"Matt&#039;s Guitar Shop: Gitarrengesch\u00e4ft in Paris. Matt&#039;s Guitar Shop bietet Ihnen Vintage-E-Gitarren und Custom-Shop-Gitarren an.\" \/>\n<meta name=\"robots\" content=\"index, follow, max-snippet:-1, max-image-preview:large, max-video-preview:-1\" \/>\n<link rel=\"canonical\" href=\"https:\/\/www.matts-guitar-shop.com\/de\/produit\/gibson-les-paul-mark-knopfler-gealtert-artist-proof-06\/\" \/>\n<meta property=\"og:locale\" content=\"de_DE\" \/>\n<meta property=\"og:type\" content=\"article\" \/>\n<meta property=\"og:title\" content=\"Gibson Les Paul Mark Knopfler, gealtert, Artist Proof 06 - Matt&#039;s Guitar Shop\" \/>\n<meta property=\"og:description\" content=\"Matt&#039;s Guitar Shop: Gitarrengesch\u00e4ft in Paris. Matt&#039;s Guitar Shop bietet Ihnen Vintage-E-Gitarren und Custom-Shop-Gitarren an.\" \/>\n<meta property=\"og:url\" content=\"https:\/\/www.matts-guitar-shop.com\/de\/produit\/gibson-les-paul-mark-knopfler-gealtert-artist-proof-06\/\" \/>\n<meta property=\"og:site_name\" content=\"Matt&#039;s Guitar Shop\" \/>\n<meta property=\"article:publisher\" content=\"https:\/\/www.facebook.com\/profile.php?id=100044359842817\" \/>\n<meta property=\"article:modified_time\" content=\"2025-10-16T18:33:06+00:00\" \/>\n<meta property=\"og:image\" content=\"https:\/\/www.matts-guitar-shop.com\/wp-content\/uploads\/2024\/08\/Gibson-Les-Paul-Mark-Knopfler-Aged-Artist-Proof-06-guitare-01.jpg\" \/>\n\t<meta property=\"og:image:width\" content=\"667\" \/>\n\t<meta property=\"og:image:height\" content=\"1000\" \/>\n\t<meta property=\"og:image:type\" content=\"image\/jpeg\" \/>\n<meta name=\"twitter:card\" content=\"summary_large_image\" \/>\n<meta name=\"twitter:label1\" content=\"Gesch\u00e4tzte Lesezeit\" \/>\n\t<meta name=\"twitter:data1\" content=\"2\u00a0Minuten\" \/>\n<script type=\"application\/ld+json\" class=\"yoast-schema-graph\">{\"@context\":\"https:\/\/schema.org\",\"@graph\":[{\"@type\":\"WebPage\",\"@id\":\"https:\/\/www.matts-guitar-shop.com\/de\/produit\/gibson-les-paul-mark-knopfler-gealtert-artist-proof-06\/\",\"url\":\"https:\/\/www.matts-guitar-shop.com\/de\/produit\/gibson-les-paul-mark-knopfler-gealtert-artist-proof-06\/\",\"name\":\"Gibson Les Paul Mark Knopfler, gealtert, Artist Proof 06 - Matt&#039;s Guitar Shop\",\"isPartOf\":{\"@id\":\"https:\/\/www.matts-guitar-shop.com\/de\/#website\"},\"primaryImageOfPage\":{\"@id\":\"https:\/\/www.matts-guitar-shop.com\/de\/produit\/gibson-les-paul-mark-knopfler-gealtert-artist-proof-06\/#primaryimage\"},\"image\":{\"@id\":\"https:\/\/www.matts-guitar-shop.com\/de\/produit\/gibson-les-paul-mark-knopfler-gealtert-artist-proof-06\/#primaryimage\"},\"thumbnailUrl\":\"https:\/\/www.matts-guitar-shop.com\/wp-content\/uploads\/2024\/08\/Gibson-Les-Paul-Mark-Knopfler-Aged-Artist-Proof-06-guitare-01.jpg\",\"datePublished\":\"2024-08-19T13:38:50+00:00\",\"dateModified\":\"2025-10-16T18:33:06+00:00\",\"description\":\"Matt's Guitar Shop: Gitarrengesch\u00e4ft in Paris. Matt's Guitar Shop bietet Ihnen Vintage-E-Gitarren und Custom-Shop-Gitarren an.\",\"breadcrumb\":{\"@id\":\"https:\/\/www.matts-guitar-shop.com\/de\/produit\/gibson-les-paul-mark-knopfler-gealtert-artist-proof-06\/#breadcrumb\"},\"inLanguage\":\"de\",\"potentialAction\":[{\"@type\":\"ReadAction\",\"target\":[\"https:\/\/www.matts-guitar-shop.com\/de\/produit\/gibson-les-paul-mark-knopfler-gealtert-artist-proof-06\/\"]}]},{\"@type\":\"ImageObject\",\"inLanguage\":\"de\",\"@id\":\"https:\/\/www.matts-guitar-shop.com\/de\/produit\/gibson-les-paul-mark-knopfler-gealtert-artist-proof-06\/#primaryimage\",\"url\":\"https:\/\/www.matts-guitar-shop.com\/wp-content\/uploads\/2024\/08\/Gibson-Les-Paul-Mark-Knopfler-Aged-Artist-Proof-06-guitare-01.jpg\",\"contentUrl\":\"https:\/\/www.matts-guitar-shop.com\/wp-content\/uploads\/2024\/08\/Gibson-Les-Paul-Mark-Knopfler-Aged-Artist-Proof-06-guitare-01.jpg\",\"width\":667,\"height\":1000},{\"@type\":\"BreadcrumbList\",\"@id\":\"https:\/\/www.matts-guitar-shop.com\/de\/produit\/gibson-les-paul-mark-knopfler-gealtert-artist-proof-06\/#breadcrumb\",\"itemListElement\":[{\"@type\":\"ListItem\",\"position\":1,\"name\":\"Startseite\",\"item\":\"https:\/\/www.matts-guitar-shop.com\/de\/\"},{\"@type\":\"ListItem\",\"position\":2,\"name\":\"Shop\",\"item\":\"https:\/\/www.matts-guitar-shop.com\/de\/shop\/\"},{\"@type\":\"ListItem\",\"position\":3,\"name\":\"Gibson Les Paul Mark Knopfler, gealtert, Artist Proof 06\"}]},{\"@type\":\"WebSite\",\"@id\":\"https:\/\/www.matts-guitar-shop.com\/de\/#website\",\"url\":\"https:\/\/www.matts-guitar-shop.com\/de\/\",\"name\":\"matts-guitar-shop.com\",\"description\":\"Guitar Shop\",\"publisher\":{\"@id\":\"https:\/\/www.matts-guitar-shop.com\/de\/#organization\"},\"potentialAction\":[{\"@type\":\"SearchAction\",\"target\":{\"@type\":\"EntryPoint\",\"urlTemplate\":\"https:\/\/www.matts-guitar-shop.com\/de\/?s={search_term_string}\"},\"query-input\":{\"@type\":\"PropertyValueSpecification\",\"valueRequired\":true,\"valueName\":\"search_term_string\"}}],\"inLanguage\":\"de\"},{\"@type\":\"Organization\",\"@id\":\"https:\/\/www.matts-guitar-shop.com\/de\/#organization\",\"name\":\"matts-guitar-shop.com\",\"url\":\"https:\/\/www.matts-guitar-shop.com\/de\/\",\"logo\":{\"@type\":\"ImageObject\",\"inLanguage\":\"de\",\"@id\":\"https:\/\/www.matts-guitar-shop.com\/de\/#\/schema\/logo\/image\/\",\"url\":\"https:\/\/www.matts-guitar-shop.com\/wp-content\/uploads\/2024\/09\/MGS-logo-site-02.png\",\"contentUrl\":\"https:\/\/www.matts-guitar-shop.com\/wp-content\/uploads\/2024\/09\/MGS-logo-site-02.png\",\"width\":200,\"height\":122,\"caption\":\"matts-guitar-shop.com\"},\"image\":{\"@id\":\"https:\/\/www.matts-guitar-shop.com\/de\/#\/schema\/logo\/image\/\"},\"sameAs\":[\"https:\/\/www.facebook.com\/profile.php?id=100044359842817\",\"https:\/\/www.instagram.com\/mattsguitarshop\/\",\"https:\/\/www.youtube.com\/@MattLucasMan\/videos\"]}]}<\/script>\n<!-- \/ Yoast SEO plugin. -->","yoast_head_json":{"title":"Gibson Les Paul Mark Knopfler, gealtert, Artist Proof 06 - Matt&#039;s Guitar Shop","description":"Matt's Guitar Shop: Gitarrengesch\u00e4ft in Paris. Matt's Guitar Shop bietet Ihnen Vintage-E-Gitarren und Custom-Shop-Gitarren an.","robots":{"index":"index","follow":"follow","max-snippet":"max-snippet:-1","max-image-preview":"max-image-preview:large","max-video-preview":"max-video-preview:-1"},"canonical":"https:\/\/www.matts-guitar-shop.com\/de\/produit\/gibson-les-paul-mark-knopfler-gealtert-artist-proof-06\/","og_locale":"de_DE","og_type":"article","og_title":"Gibson Les Paul Mark Knopfler, gealtert, Artist Proof 06 - Matt&#039;s Guitar Shop","og_description":"Matt's Guitar Shop: Gitarrengesch\u00e4ft in Paris. Matt's Guitar Shop bietet Ihnen Vintage-E-Gitarren und Custom-Shop-Gitarren an.","og_url":"https:\/\/www.matts-guitar-shop.com\/de\/produit\/gibson-les-paul-mark-knopfler-gealtert-artist-proof-06\/","og_site_name":"Matt&#039;s Guitar Shop","article_publisher":"https:\/\/www.facebook.com\/profile.php?id=100044359842817","article_modified_time":"2025-10-16T18:33:06+00:00","og_image":[{"width":667,"height":1000,"url":"https:\/\/www.matts-guitar-shop.com\/wp-content\/uploads\/2024\/08\/Gibson-Les-Paul-Mark-Knopfler-Aged-Artist-Proof-06-guitare-01.jpg","type":"image\/jpeg"}],"twitter_card":"summary_large_image","twitter_misc":{"Gesch\u00e4tzte Lesezeit":"2\u00a0Minuten"},"schema":{"@context":"https:\/\/schema.org","@graph":[{"@type":"WebPage","@id":"https:\/\/www.matts-guitar-shop.com\/de\/produit\/gibson-les-paul-mark-knopfler-gealtert-artist-proof-06\/","url":"https:\/\/www.matts-guitar-shop.com\/de\/produit\/gibson-les-paul-mark-knopfler-gealtert-artist-proof-06\/","name":"Gibson Les Paul Mark Knopfler, gealtert, Artist Proof 06 - Matt&#039;s Guitar Shop","isPartOf":{"@id":"https:\/\/www.matts-guitar-shop.com\/de\/#website"},"primaryImageOfPage":{"@id":"https:\/\/www.matts-guitar-shop.com\/de\/produit\/gibson-les-paul-mark-knopfler-gealtert-artist-proof-06\/#primaryimage"},"image":{"@id":"https:\/\/www.matts-guitar-shop.com\/de\/produit\/gibson-les-paul-mark-knopfler-gealtert-artist-proof-06\/#primaryimage"},"thumbnailUrl":"https:\/\/www.matts-guitar-shop.com\/wp-content\/uploads\/2024\/08\/Gibson-Les-Paul-Mark-Knopfler-Aged-Artist-Proof-06-guitare-01.jpg","datePublished":"2024-08-19T13:38:50+00:00","dateModified":"2025-10-16T18:33:06+00:00","description":"Matt's Guitar Shop: Gitarrengesch\u00e4ft in Paris. Matt's Guitar Shop bietet Ihnen Vintage-E-Gitarren und Custom-Shop-Gitarren an.","breadcrumb":{"@id":"https:\/\/www.matts-guitar-shop.com\/de\/produit\/gibson-les-paul-mark-knopfler-gealtert-artist-proof-06\/#breadcrumb"},"inLanguage":"de","potentialAction":[{"@type":"ReadAction","target":["https:\/\/www.matts-guitar-shop.com\/de\/produit\/gibson-les-paul-mark-knopfler-gealtert-artist-proof-06\/"]}]},{"@type":"ImageObject","inLanguage":"de","@id":"https:\/\/www.matts-guitar-shop.com\/de\/produit\/gibson-les-paul-mark-knopfler-gealtert-artist-proof-06\/#primaryimage","url":"https:\/\/www.matts-guitar-shop.com\/wp-content\/uploads\/2024\/08\/Gibson-Les-Paul-Mark-Knopfler-Aged-Artist-Proof-06-guitare-01.jpg","contentUrl":"https:\/\/www.matts-guitar-shop.com\/wp-content\/uploads\/2024\/08\/Gibson-Les-Paul-Mark-Knopfler-Aged-Artist-Proof-06-guitare-01.jpg","width":667,"height":1000},{"@type":"BreadcrumbList","@id":"https:\/\/www.matts-guitar-shop.com\/de\/produit\/gibson-les-paul-mark-knopfler-gealtert-artist-proof-06\/#breadcrumb","itemListElement":[{"@type":"ListItem","position":1,"name":"Startseite","item":"https:\/\/www.matts-guitar-shop.com\/de\/"},{"@type":"ListItem","position":2,"name":"Shop","item":"https:\/\/www.matts-guitar-shop.com\/de\/shop\/"},{"@type":"ListItem","position":3,"name":"Gibson Les Paul Mark Knopfler, gealtert, Artist Proof 06"}]},{"@type":"WebSite","@id":"https:\/\/www.matts-guitar-shop.com\/de\/#website","url":"https:\/\/www.matts-guitar-shop.com\/de\/","name":"matts-guitar-shop.com","description":"Guitar Shop","publisher":{"@id":"https:\/\/www.matts-guitar-shop.com\/de\/#organization"},"potentialAction":[{"@type":"SearchAction","target":{"@type":"EntryPoint","urlTemplate":"https:\/\/www.matts-guitar-shop.com\/de\/?s={search_term_string}"},"query-input":{"@type":"PropertyValueSpecification","valueRequired":true,"valueName":"search_term_string"}}],"inLanguage":"de"},{"@type":"Organization","@id":"https:\/\/www.matts-guitar-shop.com\/de\/#organization","name":"matts-guitar-shop.com","url":"https:\/\/www.matts-guitar-shop.com\/de\/","logo":{"@type":"ImageObject","inLanguage":"de","@id":"https:\/\/www.matts-guitar-shop.com\/de\/#\/schema\/logo\/image\/","url":"https:\/\/www.matts-guitar-shop.com\/wp-content\/uploads\/2024\/09\/MGS-logo-site-02.png","contentUrl":"https:\/\/www.matts-guitar-shop.com\/wp-content\/uploads\/2024\/09\/MGS-logo-site-02.png","width":200,"height":122,"caption":"matts-guitar-shop.com"},"image":{"@id":"https:\/\/www.matts-guitar-shop.com\/de\/#\/schema\/logo\/image\/"},"sameAs":["https:\/\/www.facebook.com\/profile.php?id=100044359842817","https:\/\/www.instagram.com\/mattsguitarshop\/","https:\/\/www.youtube.com\/@MattLucasMan\/videos"]}]}},"_links":{"self":[{"href":"https:\/\/www.matts-guitar-shop.com\/de\/wp-json\/wp\/v2\/product\/19986","targetHints":{"allow":["GET"]}}],"collection":[{"href":"https:\/\/www.matts-guitar-shop.com\/de\/wp-json\/wp\/v2\/product"}],"about":[{"href":"https:\/\/www.matts-guitar-shop.com\/de\/wp-json\/wp\/v2\/types\/product"}],"replies":[{"embeddable":true,"href":"https:\/\/www.matts-guitar-shop.com\/de\/wp-json\/wp\/v2\/comments?post=19986"}],"wp:featuredmedia":[{"embeddable":true,"href":"https:\/\/www.matts-guitar-shop.com\/de\/wp-json\/wp\/v2\/media\/4225"}],"wp:attachment":[{"href":"https:\/\/www.matts-guitar-shop.com\/de\/wp-json\/wp\/v2\/media?parent=19986"}],"wp:term":[{"taxonomy":"product_brand","embeddable":true,"href":"https:\/\/www.matts-guitar-shop.com\/de\/wp-json\/wp\/v2\/product_brand?post=19986"},{"taxonomy":"product_cat","embeddable":true,"href":"https:\/\/www.matts-guitar-shop.com\/de\/wp-json\/wp\/v2\/product_cat?post=19986"},{"taxonomy":"product_tag","embeddable":true,"href":"https:\/\/www.matts-guitar-shop.com\/de\/wp-json\/wp\/v2\/product_tag?post=19986"}],"curies":[{"name":"wp","href":"https:\/\/api.w.org\/{rel}","templated":true}]}}