{"id":19984,"date":"2024-08-19T14:34:47","date_gmt":"2024-08-19T12:34:47","guid":{"rendered":"https:\/\/www.matts-guitar-shop.com\/produit\/gibson-les-paul-reissue-r9-ehem-joe-bonamassa\/"},"modified":"2025-10-16T20:28:36","modified_gmt":"2025-10-16T18:28:36","slug":"gibson-les-paul-reissue-r9-ehem-joe-bonamassa","status":"publish","type":"product","link":"https:\/\/www.matts-guitar-shop.com\/de\/produit\/gibson-les-paul-reissue-r9-ehem-joe-bonamassa\/","title":{"rendered":"Gibson Les Paul Reissue R9, ehem. Joe Bonamassa"},"content":{"rendered":"<p>Joe Bonamassa<br \/>\n(1977)<\/p>\n<p>Hauptgitarre: Gibson Les Paul Standard 1959<br \/>\nUnbedingt anh\u00f6ren: Sloe Gin<\/p>\n<p>Es ist nicht einfach, sich als erwachsener K\u00fcnstler zu etablieren, wenn man ein Wunderkind war. Joe war Sch\u00fcler von Danny Gatton und Sch\u00fctzling von B.B. King, noch bevor er \u00fcberhaupt Auto fahren durfte, und tourte mit der Band Bloodline (zusammen mit anderen Wunderkindern, S\u00f6hnen von Stars wie Miles Davis oder Robby Krieger), bevor er w\u00e4hlen konnte. Aber alles h\u00e4tte auch abrupt enden k\u00f6nnen \u2013 tats\u00e4chlich sind die anderen Mitglieder von Bloodline alle im \u00c4ther des Showbusiness verschwunden. Bonamassa hingegen hatte stets eine unersch\u00fctterliche Arbeitsethik, und durch unz\u00e4hlige Tourneen entwickelte er schlie\u00dflich seinen eigenen Sound und baute seine Solo-Discografie auf.<\/p>\n<p>Alles begann im Jahr 2000 mit <i>A New Day Yesterday<\/i>, einem soliden Bluesalbum, auf dem G\u00e4ste wie Leslie West, Greg Allman und Rick Derringer den jungen Musiker unterst\u00fctzten. Damals spielte Bonamassa noch auf Strat und Tele, und der Einfluss von Stevie Ray Vaughan war in vielen seiner Phrasen noch h\u00f6rbar. Nach und nach fand er seinen eigenen Weg, als er auf Les Paul umstieg und seine Marshall Silver Jubilee mit einigen Boutique-Verst\u00e4rkern kombinierte \u2013 das Ergebnis war gleicherma\u00dfen bluesig, fett und organisch. Es war auch die Zeit, in der der Produzent Kevin Shirley begann, mit Bonamassa zusammenzuarbeiten, eine Partnerschaft, die mit <i>You &amp; Me<\/i> (2006) startete und bis heute anh\u00e4lt. <i>Sloe Gin<\/i> (2007) und <i>Ballad Of John Henry<\/i> (2009) waren Hits, die Joe den Ruf als Retter des Blues einbrachten \u2013 die Zukunft eines Stils, den man zu Beginn der Rente der Babyboomer schon als verloren geglaubt hatte.<\/p>\n<p>Seitdem hat Bonamassa sein Tourtempo nicht verlangsamt und seine Shows durch kreative Ideen abwechslungsreich gestaltet \u2013 sei es ein Tributkonzert an Muddy Waters und Howlin\u2019 Wolf, eine Tour zu Ehren der drei Blues-Kings oder zum British Blues Boom. Er spielt auch auf den Alben der S\u00e4ngerin Beth Hart sowie mit den Bands Black Country Communion (an der Seite des Bassisten und S\u00e4ngers Glenn Hughes) und Rock Candy Funk Party. Parallel dazu hat sich seine leidenschaftliche Sammelleidenschaft, als Kind eines Gitarrengesch\u00e4ftsbesitzers geboren, noch verst\u00e4rkt: Er besitzt mittlerweile etwa zehn Bursts, zwei V Korina und eine erstaunliche Anzahl seltener Instrumente. Diese Gitarren lagern jedoch nicht im Safe, sondern gehen mit Joe auf die B\u00fchne \u2013 schlie\u00dflich wurden sie genau daf\u00fcr gebaut.<\/p>\n<p>&nbsp;<\/p>\n<p><img decoding=\"async\" class=\"alignnone size-full wp-image-5565\" src=\"https:\/\/www.matts-guitar-shop.com\/wp-content\/uploads\/2024\/08\/Joe-bonamassa-01.jpg\" alt=\"\" width=\"400\" height=\"600\" srcset=\"https:\/\/www.matts-guitar-shop.com\/wp-content\/uploads\/2024\/08\/Joe-bonamassa-01.jpg 400w, https:\/\/www.matts-guitar-shop.com\/wp-content\/uploads\/2024\/08\/Joe-bonamassa-01-200x300.jpg 200w\" sizes=\"(max-width: 400px) 100vw, 400px\" \/><\/p>\n","protected":false},"excerpt":{"rendered":"<p>Haben Sie Fragen zu diesem Produkt? Kontaktieren Sie uns!<\/p>\n","protected":false},"featured_media":3945,"comment_status":"open","ping_status":"closed","template":"","meta":{"_et_pb_use_builder":"","_et_pb_old_content":"","_et_gb_content_width":""},"product_brand":[],"product_cat":[673,677,672,670],"product_tag":[],"class_list":{"0":"post-19984","1":"product","2":"type-product","3":"status-publish","4":"has-post-thumbnail","6":"product_cat-gitarren","7":"product_cat-elektrische-gitarren","8":"product_cat-verkaufte","9":"product_cat-kuenstler","10":"pa_artiste-joe-bonamassa-de","11":"pa_disponibilite-verkauft","12":"pa_marque-gibson-de","14":"first","15":"outofstock","16":"shipping-taxable","17":"purchasable","18":"product-type-simple"},"yoast_head":"<!-- This site is optimized with the Yoast SEO plugin v26.8 - https:\/\/yoast.com\/product\/yoast-seo-wordpress\/ -->\n<title>Gibson Les Paul Reissue R9, ehem. Joe Bonamassa - Matt&#039;s Guitar Shop<\/title>\n<meta name=\"description\" content=\"Gibson Les Paul Reissue R9 ex-Joe Bonamassa. Eine seltene und prestigetr\u00e4chtige Gitarre, exklusives Sammlerst\u00fcck f\u00fcr Vintage-Liebhaber, erh\u00e4ltlich bei Matt\u2019s Guitar Shop.\" \/>\n<meta name=\"robots\" content=\"index, follow, max-snippet:-1, max-image-preview:large, max-video-preview:-1\" \/>\n<link rel=\"canonical\" href=\"https:\/\/www.matts-guitar-shop.com\/de\/produit\/gibson-les-paul-reissue-r9-ehem-joe-bonamassa\/\" \/>\n<meta property=\"og:locale\" content=\"de_DE\" \/>\n<meta property=\"og:type\" content=\"article\" \/>\n<meta property=\"og:title\" content=\"Gibson Les Paul Reissue R9, ehem. Joe Bonamassa - Matt&#039;s Guitar Shop\" \/>\n<meta property=\"og:description\" content=\"Gibson Les Paul Reissue R9 ex-Joe Bonamassa. Eine seltene und prestigetr\u00e4chtige Gitarre, exklusives Sammlerst\u00fcck f\u00fcr Vintage-Liebhaber, erh\u00e4ltlich bei Matt\u2019s Guitar Shop.\" \/>\n<meta property=\"og:url\" content=\"https:\/\/www.matts-guitar-shop.com\/de\/produit\/gibson-les-paul-reissue-r9-ehem-joe-bonamassa\/\" \/>\n<meta property=\"og:site_name\" content=\"Matt&#039;s Guitar Shop\" \/>\n<meta property=\"article:publisher\" content=\"https:\/\/www.facebook.com\/profile.php?id=100044359842817\" \/>\n<meta property=\"article:modified_time\" content=\"2025-10-16T18:28:36+00:00\" \/>\n<meta property=\"og:image\" content=\"https:\/\/www.matts-guitar-shop.com\/wp-content\/uploads\/2024\/08\/Gibson-Les-Paul-Reissue-R9-Ex-Joe-Bonamassa-guitare-00.jpg\" \/>\n\t<meta property=\"og:image:width\" content=\"692\" \/>\n\t<meta property=\"og:image:height\" content=\"1000\" \/>\n\t<meta property=\"og:image:type\" content=\"image\/jpeg\" \/>\n<meta name=\"twitter:card\" content=\"summary_large_image\" \/>\n<meta name=\"twitter:label1\" content=\"Gesch\u00e4tzte Lesezeit\" \/>\n\t<meta name=\"twitter:data1\" content=\"2\u00a0Minuten\" \/>\n<script type=\"application\/ld+json\" class=\"yoast-schema-graph\">{\"@context\":\"https:\/\/schema.org\",\"@graph\":[{\"@type\":\"WebPage\",\"@id\":\"https:\/\/www.matts-guitar-shop.com\/de\/produit\/gibson-les-paul-reissue-r9-ehem-joe-bonamassa\/\",\"url\":\"https:\/\/www.matts-guitar-shop.com\/de\/produit\/gibson-les-paul-reissue-r9-ehem-joe-bonamassa\/\",\"name\":\"Gibson Les Paul Reissue R9, ehem. Joe Bonamassa - Matt&#039;s Guitar Shop\",\"isPartOf\":{\"@id\":\"https:\/\/www.matts-guitar-shop.com\/de\/#website\"},\"primaryImageOfPage\":{\"@id\":\"https:\/\/www.matts-guitar-shop.com\/de\/produit\/gibson-les-paul-reissue-r9-ehem-joe-bonamassa\/#primaryimage\"},\"image\":{\"@id\":\"https:\/\/www.matts-guitar-shop.com\/de\/produit\/gibson-les-paul-reissue-r9-ehem-joe-bonamassa\/#primaryimage\"},\"thumbnailUrl\":\"https:\/\/www.matts-guitar-shop.com\/wp-content\/uploads\/2024\/08\/Gibson-Les-Paul-Reissue-R9-Ex-Joe-Bonamassa-guitare-00.jpg\",\"datePublished\":\"2024-08-19T12:34:47+00:00\",\"dateModified\":\"2025-10-16T18:28:36+00:00\",\"description\":\"Gibson Les Paul Reissue R9 ex-Joe Bonamassa. Eine seltene und prestigetr\u00e4chtige Gitarre, exklusives Sammlerst\u00fcck f\u00fcr Vintage-Liebhaber, erh\u00e4ltlich bei Matt\u2019s Guitar Shop.\",\"breadcrumb\":{\"@id\":\"https:\/\/www.matts-guitar-shop.com\/de\/produit\/gibson-les-paul-reissue-r9-ehem-joe-bonamassa\/#breadcrumb\"},\"inLanguage\":\"de\",\"potentialAction\":[{\"@type\":\"ReadAction\",\"target\":[\"https:\/\/www.matts-guitar-shop.com\/de\/produit\/gibson-les-paul-reissue-r9-ehem-joe-bonamassa\/\"]}]},{\"@type\":\"ImageObject\",\"inLanguage\":\"de\",\"@id\":\"https:\/\/www.matts-guitar-shop.com\/de\/produit\/gibson-les-paul-reissue-r9-ehem-joe-bonamassa\/#primaryimage\",\"url\":\"https:\/\/www.matts-guitar-shop.com\/wp-content\/uploads\/2024\/08\/Gibson-Les-Paul-Reissue-R9-Ex-Joe-Bonamassa-guitare-00.jpg\",\"contentUrl\":\"https:\/\/www.matts-guitar-shop.com\/wp-content\/uploads\/2024\/08\/Gibson-Les-Paul-Reissue-R9-Ex-Joe-Bonamassa-guitare-00.jpg\",\"width\":692,\"height\":1000},{\"@type\":\"BreadcrumbList\",\"@id\":\"https:\/\/www.matts-guitar-shop.com\/de\/produit\/gibson-les-paul-reissue-r9-ehem-joe-bonamassa\/#breadcrumb\",\"itemListElement\":[{\"@type\":\"ListItem\",\"position\":1,\"name\":\"Startseite\",\"item\":\"https:\/\/www.matts-guitar-shop.com\/de\/\"},{\"@type\":\"ListItem\",\"position\":2,\"name\":\"Shop\",\"item\":\"https:\/\/www.matts-guitar-shop.com\/de\/shop\/\"},{\"@type\":\"ListItem\",\"position\":3,\"name\":\"Gibson Les Paul Reissue R9, ehem. Joe Bonamassa\"}]},{\"@type\":\"WebSite\",\"@id\":\"https:\/\/www.matts-guitar-shop.com\/de\/#website\",\"url\":\"https:\/\/www.matts-guitar-shop.com\/de\/\",\"name\":\"matts-guitar-shop.com\",\"description\":\"Guitar Shop\",\"publisher\":{\"@id\":\"https:\/\/www.matts-guitar-shop.com\/de\/#organization\"},\"potentialAction\":[{\"@type\":\"SearchAction\",\"target\":{\"@type\":\"EntryPoint\",\"urlTemplate\":\"https:\/\/www.matts-guitar-shop.com\/de\/?s={search_term_string}\"},\"query-input\":{\"@type\":\"PropertyValueSpecification\",\"valueRequired\":true,\"valueName\":\"search_term_string\"}}],\"inLanguage\":\"de\"},{\"@type\":\"Organization\",\"@id\":\"https:\/\/www.matts-guitar-shop.com\/de\/#organization\",\"name\":\"matts-guitar-shop.com\",\"url\":\"https:\/\/www.matts-guitar-shop.com\/de\/\",\"logo\":{\"@type\":\"ImageObject\",\"inLanguage\":\"de\",\"@id\":\"https:\/\/www.matts-guitar-shop.com\/de\/#\/schema\/logo\/image\/\",\"url\":\"https:\/\/www.matts-guitar-shop.com\/wp-content\/uploads\/2024\/09\/MGS-logo-site-02.png\",\"contentUrl\":\"https:\/\/www.matts-guitar-shop.com\/wp-content\/uploads\/2024\/09\/MGS-logo-site-02.png\",\"width\":200,\"height\":122,\"caption\":\"matts-guitar-shop.com\"},\"image\":{\"@id\":\"https:\/\/www.matts-guitar-shop.com\/de\/#\/schema\/logo\/image\/\"},\"sameAs\":[\"https:\/\/www.facebook.com\/profile.php?id=100044359842817\",\"https:\/\/www.instagram.com\/mattsguitarshop\/\",\"https:\/\/www.youtube.com\/@MattLucasMan\/videos\"]}]}<\/script>\n<!-- \/ Yoast SEO plugin. -->","yoast_head_json":{"title":"Gibson Les Paul Reissue R9, ehem. Joe Bonamassa - Matt&#039;s Guitar Shop","description":"Gibson Les Paul Reissue R9 ex-Joe Bonamassa. Eine seltene und prestigetr\u00e4chtige Gitarre, exklusives Sammlerst\u00fcck f\u00fcr Vintage-Liebhaber, erh\u00e4ltlich bei Matt\u2019s Guitar Shop.","robots":{"index":"index","follow":"follow","max-snippet":"max-snippet:-1","max-image-preview":"max-image-preview:large","max-video-preview":"max-video-preview:-1"},"canonical":"https:\/\/www.matts-guitar-shop.com\/de\/produit\/gibson-les-paul-reissue-r9-ehem-joe-bonamassa\/","og_locale":"de_DE","og_type":"article","og_title":"Gibson Les Paul Reissue R9, ehem. Joe Bonamassa - Matt&#039;s Guitar Shop","og_description":"Gibson Les Paul Reissue R9 ex-Joe Bonamassa. Eine seltene und prestigetr\u00e4chtige Gitarre, exklusives Sammlerst\u00fcck f\u00fcr Vintage-Liebhaber, erh\u00e4ltlich bei Matt\u2019s Guitar Shop.","og_url":"https:\/\/www.matts-guitar-shop.com\/de\/produit\/gibson-les-paul-reissue-r9-ehem-joe-bonamassa\/","og_site_name":"Matt&#039;s Guitar Shop","article_publisher":"https:\/\/www.facebook.com\/profile.php?id=100044359842817","article_modified_time":"2025-10-16T18:28:36+00:00","og_image":[{"width":692,"height":1000,"url":"https:\/\/www.matts-guitar-shop.com\/wp-content\/uploads\/2024\/08\/Gibson-Les-Paul-Reissue-R9-Ex-Joe-Bonamassa-guitare-00.jpg","type":"image\/jpeg"}],"twitter_card":"summary_large_image","twitter_misc":{"Gesch\u00e4tzte Lesezeit":"2\u00a0Minuten"},"schema":{"@context":"https:\/\/schema.org","@graph":[{"@type":"WebPage","@id":"https:\/\/www.matts-guitar-shop.com\/de\/produit\/gibson-les-paul-reissue-r9-ehem-joe-bonamassa\/","url":"https:\/\/www.matts-guitar-shop.com\/de\/produit\/gibson-les-paul-reissue-r9-ehem-joe-bonamassa\/","name":"Gibson Les Paul Reissue R9, ehem. Joe Bonamassa - Matt&#039;s Guitar Shop","isPartOf":{"@id":"https:\/\/www.matts-guitar-shop.com\/de\/#website"},"primaryImageOfPage":{"@id":"https:\/\/www.matts-guitar-shop.com\/de\/produit\/gibson-les-paul-reissue-r9-ehem-joe-bonamassa\/#primaryimage"},"image":{"@id":"https:\/\/www.matts-guitar-shop.com\/de\/produit\/gibson-les-paul-reissue-r9-ehem-joe-bonamassa\/#primaryimage"},"thumbnailUrl":"https:\/\/www.matts-guitar-shop.com\/wp-content\/uploads\/2024\/08\/Gibson-Les-Paul-Reissue-R9-Ex-Joe-Bonamassa-guitare-00.jpg","datePublished":"2024-08-19T12:34:47+00:00","dateModified":"2025-10-16T18:28:36+00:00","description":"Gibson Les Paul Reissue R9 ex-Joe Bonamassa. Eine seltene und prestigetr\u00e4chtige Gitarre, exklusives Sammlerst\u00fcck f\u00fcr Vintage-Liebhaber, erh\u00e4ltlich bei Matt\u2019s Guitar Shop.","breadcrumb":{"@id":"https:\/\/www.matts-guitar-shop.com\/de\/produit\/gibson-les-paul-reissue-r9-ehem-joe-bonamassa\/#breadcrumb"},"inLanguage":"de","potentialAction":[{"@type":"ReadAction","target":["https:\/\/www.matts-guitar-shop.com\/de\/produit\/gibson-les-paul-reissue-r9-ehem-joe-bonamassa\/"]}]},{"@type":"ImageObject","inLanguage":"de","@id":"https:\/\/www.matts-guitar-shop.com\/de\/produit\/gibson-les-paul-reissue-r9-ehem-joe-bonamassa\/#primaryimage","url":"https:\/\/www.matts-guitar-shop.com\/wp-content\/uploads\/2024\/08\/Gibson-Les-Paul-Reissue-R9-Ex-Joe-Bonamassa-guitare-00.jpg","contentUrl":"https:\/\/www.matts-guitar-shop.com\/wp-content\/uploads\/2024\/08\/Gibson-Les-Paul-Reissue-R9-Ex-Joe-Bonamassa-guitare-00.jpg","width":692,"height":1000},{"@type":"BreadcrumbList","@id":"https:\/\/www.matts-guitar-shop.com\/de\/produit\/gibson-les-paul-reissue-r9-ehem-joe-bonamassa\/#breadcrumb","itemListElement":[{"@type":"ListItem","position":1,"name":"Startseite","item":"https:\/\/www.matts-guitar-shop.com\/de\/"},{"@type":"ListItem","position":2,"name":"Shop","item":"https:\/\/www.matts-guitar-shop.com\/de\/shop\/"},{"@type":"ListItem","position":3,"name":"Gibson Les Paul Reissue R9, ehem. Joe Bonamassa"}]},{"@type":"WebSite","@id":"https:\/\/www.matts-guitar-shop.com\/de\/#website","url":"https:\/\/www.matts-guitar-shop.com\/de\/","name":"matts-guitar-shop.com","description":"Guitar Shop","publisher":{"@id":"https:\/\/www.matts-guitar-shop.com\/de\/#organization"},"potentialAction":[{"@type":"SearchAction","target":{"@type":"EntryPoint","urlTemplate":"https:\/\/www.matts-guitar-shop.com\/de\/?s={search_term_string}"},"query-input":{"@type":"PropertyValueSpecification","valueRequired":true,"valueName":"search_term_string"}}],"inLanguage":"de"},{"@type":"Organization","@id":"https:\/\/www.matts-guitar-shop.com\/de\/#organization","name":"matts-guitar-shop.com","url":"https:\/\/www.matts-guitar-shop.com\/de\/","logo":{"@type":"ImageObject","inLanguage":"de","@id":"https:\/\/www.matts-guitar-shop.com\/de\/#\/schema\/logo\/image\/","url":"https:\/\/www.matts-guitar-shop.com\/wp-content\/uploads\/2024\/09\/MGS-logo-site-02.png","contentUrl":"https:\/\/www.matts-guitar-shop.com\/wp-content\/uploads\/2024\/09\/MGS-logo-site-02.png","width":200,"height":122,"caption":"matts-guitar-shop.com"},"image":{"@id":"https:\/\/www.matts-guitar-shop.com\/de\/#\/schema\/logo\/image\/"},"sameAs":["https:\/\/www.facebook.com\/profile.php?id=100044359842817","https:\/\/www.instagram.com\/mattsguitarshop\/","https:\/\/www.youtube.com\/@MattLucasMan\/videos"]}]}},"_links":{"self":[{"href":"https:\/\/www.matts-guitar-shop.com\/de\/wp-json\/wp\/v2\/product\/19984","targetHints":{"allow":["GET"]}}],"collection":[{"href":"https:\/\/www.matts-guitar-shop.com\/de\/wp-json\/wp\/v2\/product"}],"about":[{"href":"https:\/\/www.matts-guitar-shop.com\/de\/wp-json\/wp\/v2\/types\/product"}],"replies":[{"embeddable":true,"href":"https:\/\/www.matts-guitar-shop.com\/de\/wp-json\/wp\/v2\/comments?post=19984"}],"wp:featuredmedia":[{"embeddable":true,"href":"https:\/\/www.matts-guitar-shop.com\/de\/wp-json\/wp\/v2\/media\/3945"}],"wp:attachment":[{"href":"https:\/\/www.matts-guitar-shop.com\/de\/wp-json\/wp\/v2\/media?parent=19984"}],"wp:term":[{"taxonomy":"product_brand","embeddable":true,"href":"https:\/\/www.matts-guitar-shop.com\/de\/wp-json\/wp\/v2\/product_brand?post=19984"},{"taxonomy":"product_cat","embeddable":true,"href":"https:\/\/www.matts-guitar-shop.com\/de\/wp-json\/wp\/v2\/product_cat?post=19984"},{"taxonomy":"product_tag","embeddable":true,"href":"https:\/\/www.matts-guitar-shop.com\/de\/wp-json\/wp\/v2\/product_tag?post=19984"}],"curies":[{"name":"wp","href":"https:\/\/api.w.org\/{rel}","templated":true}]}}