{"id":19981,"date":"2024-08-19T17:29:51","date_gmt":"2024-08-19T15:29:51","guid":{"rendered":"https:\/\/www.matts-guitar-shop.com\/produit\/gibson-explorer-custom-sparkle-silver-ehem-matthias-jabs-scorpions\/"},"modified":"2025-10-31T18:03:30","modified_gmt":"2025-10-31T17:03:30","slug":"gibson-explorer-custom-sparkle-silver-ehem-matthias-jabs-scorpions","status":"publish","type":"product","link":"https:\/\/www.matts-guitar-shop.com\/de\/produit\/gibson-explorer-custom-sparkle-silver-ehem-matthias-jabs-scorpions\/","title":{"rendered":"Gibson Explorer Custom Sparkle Silver, ehem. Matthias Jabs (Scorpions)"},"content":{"rendered":"<p>Gibson Explorer Custom Sparkle Silver Ex Matthias Jabs Scorpions<\/p>\n","protected":false},"excerpt":{"rendered":"<p><strong>Nur wenige Gitarren haben \u00fcber die Jahre hinweg ihren au\u00dfergew\u00f6hnlichen Status bewahrt. Dies gilt jedoch f\u00fcr die Gibson Explorer, diese Gitarren mit scharf ausgepr\u00e4gten Kanten, die die bisher \u00fcblichen Gitarrenformen durch ein futuristisches und k\u00fchnes Design revolutionierte. Eingef\u00fchrt 1958, tat sich die Gitarrenform zun\u00e4chst schwer, ihren Platz im weiten Feld der E-Gitarren zu finden, doch mit der Zeit wurde sie zu einem gesch\u00e4tzten und gefragten Instrument talentierter Musiker. Wild, aggressiv und radikal \u2013 die Explorer wurde zu einem visuellen wie klanglichen Markenzeichen f\u00fcr K\u00fcnstler, die auf massive und pr\u00e4zise Sounds setzen. Zu diesen K\u00fcnstlern, die die Gibson Explorer ber\u00fchmt gemacht haben, geh\u00f6rt Matthias Jabs, der legend\u00e4re Gitarrist der Scorpions. Diese glitzernde Explorer ist ein einzigartiges Exemplar, das vom Gibson Custom Shop speziell f\u00fcr Matthias Jabs gebaut wurde.<\/strong><\/p>\n<p>Als die Gibson Explorer Ende der 1960er Jahre auf den Markt kam, war sie eine Revolution in der Gitarrenwelt. Niemand hatte zuvor solche Formen \u2013 so klar und aggressiv wie ihr Klang \u2013 vorgestellt. Nach mehreren Jahren des Desinteresses wurde die Explorer von mehreren namhaften K\u00fcnstlern \u00fcbernommen, die daran erinnerten, wie einzigartig dieses Design ist. Matthias Jabs geh\u00f6rt zu diesen K\u00fcnstlern. Sein Einsatz von Explorer-Gitarren ist untrennbar mit seinen Riffs bei den Scorpions verbunden: Er trug dazu bei, dieses Modell zu einer Referenz im Hard Rock zu machen. Von seinen Gibson-Explorern bis zu seinen Dommenget-Modellen zeigte Matthias Jabs stets seine Wertsch\u00e4tzung f\u00fcr die Form der Explorer, die er in all seinen Signature-Modellen aufgreift. Die Gitarrenform in Blitzform ist Teil von Matthias Jabs\u2019 Arsenal und pr\u00e4gte die visuelle und klangliche Identit\u00e4t der legend\u00e4ren Hard-Rock-Band.<\/p>\n<p>Diese Gibson Explorer Custom Shop ist eine au\u00dfergew\u00f6hnliche Gitarre, die speziell f\u00fcr Matthias Jabs gefertigt wurde. Sie besitzt zahlreiche Besonderheiten, die sie einzigartig machen. Zun\u00e4chst ist die Lackierung bemerkenswert: eine strahlende Silver Sparkle Explorer, die magisch auf das Umgebungslicht und B\u00fchnenlicht reagiert. Die Griffbrettmarkierungen sind in Rubinoptik gehalten und verleihen der ohnehin schon pr\u00e4chtigen Gitarre eine zus\u00e4tzliche, \u00e4sthetische Note. Schlie\u00dflich ist die Sparkle-Lackierung durchg\u00e4ngig und erstreckt sich sogar \u00fcber den Gitarrenhals. Diese au\u00dfergew\u00f6hnliche Gibson Explorer stammt direkt aus der pers\u00f6nlichen Sammlung von Matthias Jabs und ist im Matt\u2019s Guitar Shop zu entdecken!<\/p>\n","protected":false},"featured_media":4814,"comment_status":"open","ping_status":"closed","template":"","meta":{"_et_pb_use_builder":"","_et_pb_old_content":"","_et_gb_content_width":""},"product_brand":[],"product_cat":[673,677,672],"product_tag":[],"class_list":{"0":"post-19981","1":"product","2":"type-product","3":"status-publish","4":"has-post-thumbnail","6":"product_cat-gitarren","7":"product_cat-elektrische-gitarren","8":"product_cat-verkaufte","9":"pa_artiste-matthias-jabs-de","10":"pa_disponibilite-verkauft","11":"pa_marque-gibson-de","13":"first","14":"outofstock","15":"shipping-taxable","16":"product-type-simple"},"yoast_head":"<!-- This site is optimized with the Yoast SEO plugin v26.8 - https:\/\/yoast.com\/product\/yoast-seo-wordpress\/ -->\n<title>Gibson Explorer Custom Sparkle Silver, ehem. Matthias Jabs (Scorpions) - Matt&#039;s Guitar Shop<\/title>\n<meta name=\"description\" content=\"Gibson Explorer Custom Sparkle Silver ex-Matthias Jabs (Scorpions) ist in Ihrem Online-Shop Matt\u2019s Guitar Shop erh\u00e4ltlich.\" \/>\n<meta name=\"robots\" content=\"index, follow, max-snippet:-1, max-image-preview:large, max-video-preview:-1\" \/>\n<link rel=\"canonical\" href=\"https:\/\/www.matts-guitar-shop.com\/de\/produit\/gibson-explorer-custom-sparkle-silver-ehem-matthias-jabs-scorpions\/\" \/>\n<meta property=\"og:locale\" content=\"de_DE\" \/>\n<meta property=\"og:type\" content=\"article\" \/>\n<meta property=\"og:title\" content=\"Gibson Explorer Custom Sparkle Silver, ehem. Matthias Jabs (Scorpions) - Matt&#039;s Guitar Shop\" \/>\n<meta property=\"og:description\" content=\"Gibson Explorer Custom Sparkle Silver ex-Matthias Jabs (Scorpions) ist in Ihrem Online-Shop Matt\u2019s Guitar Shop erh\u00e4ltlich.\" \/>\n<meta property=\"og:url\" content=\"https:\/\/www.matts-guitar-shop.com\/de\/produit\/gibson-explorer-custom-sparkle-silver-ehem-matthias-jabs-scorpions\/\" \/>\n<meta property=\"og:site_name\" content=\"Matt&#039;s Guitar Shop\" \/>\n<meta property=\"article:publisher\" content=\"https:\/\/www.facebook.com\/profile.php?id=100044359842817\" \/>\n<meta property=\"article:modified_time\" content=\"2025-10-31T17:03:30+00:00\" \/>\n<meta property=\"og:image\" content=\"https:\/\/www.matts-guitar-shop.com\/wp-content\/uploads\/2024\/08\/Gibson-Explorer-Custom-Sparkle-Silver-Ex-Matthias-Jabs-Scorpions-0-01.jpg\" \/>\n\t<meta property=\"og:image:width\" content=\"687\" \/>\n\t<meta property=\"og:image:height\" content=\"1000\" \/>\n\t<meta property=\"og:image:type\" content=\"image\/jpeg\" \/>\n<meta name=\"twitter:card\" content=\"summary_large_image\" \/>\n<script type=\"application\/ld+json\" class=\"yoast-schema-graph\">{\"@context\":\"https:\/\/schema.org\",\"@graph\":[{\"@type\":\"WebPage\",\"@id\":\"https:\/\/www.matts-guitar-shop.com\/de\/produit\/gibson-explorer-custom-sparkle-silver-ehem-matthias-jabs-scorpions\/\",\"url\":\"https:\/\/www.matts-guitar-shop.com\/de\/produit\/gibson-explorer-custom-sparkle-silver-ehem-matthias-jabs-scorpions\/\",\"name\":\"Gibson Explorer Custom Sparkle Silver, ehem. Matthias Jabs (Scorpions) - Matt&#039;s Guitar Shop\",\"isPartOf\":{\"@id\":\"https:\/\/www.matts-guitar-shop.com\/de\/#website\"},\"primaryImageOfPage\":{\"@id\":\"https:\/\/www.matts-guitar-shop.com\/de\/produit\/gibson-explorer-custom-sparkle-silver-ehem-matthias-jabs-scorpions\/#primaryimage\"},\"image\":{\"@id\":\"https:\/\/www.matts-guitar-shop.com\/de\/produit\/gibson-explorer-custom-sparkle-silver-ehem-matthias-jabs-scorpions\/#primaryimage\"},\"thumbnailUrl\":\"https:\/\/www.matts-guitar-shop.com\/wp-content\/uploads\/2024\/08\/Gibson-Explorer-Custom-Sparkle-Silver-Ex-Matthias-Jabs-Scorpions-0-01.jpg\",\"datePublished\":\"2024-08-19T15:29:51+00:00\",\"dateModified\":\"2025-10-31T17:03:30+00:00\",\"description\":\"Gibson Explorer Custom Sparkle Silver ex-Matthias Jabs (Scorpions) ist in Ihrem Online-Shop Matt\u2019s Guitar Shop erh\u00e4ltlich.\",\"breadcrumb\":{\"@id\":\"https:\/\/www.matts-guitar-shop.com\/de\/produit\/gibson-explorer-custom-sparkle-silver-ehem-matthias-jabs-scorpions\/#breadcrumb\"},\"inLanguage\":\"de\",\"potentialAction\":[{\"@type\":\"ReadAction\",\"target\":[\"https:\/\/www.matts-guitar-shop.com\/de\/produit\/gibson-explorer-custom-sparkle-silver-ehem-matthias-jabs-scorpions\/\"]}]},{\"@type\":\"ImageObject\",\"inLanguage\":\"de\",\"@id\":\"https:\/\/www.matts-guitar-shop.com\/de\/produit\/gibson-explorer-custom-sparkle-silver-ehem-matthias-jabs-scorpions\/#primaryimage\",\"url\":\"https:\/\/www.matts-guitar-shop.com\/wp-content\/uploads\/2024\/08\/Gibson-Explorer-Custom-Sparkle-Silver-Ex-Matthias-Jabs-Scorpions-0-01.jpg\",\"contentUrl\":\"https:\/\/www.matts-guitar-shop.com\/wp-content\/uploads\/2024\/08\/Gibson-Explorer-Custom-Sparkle-Silver-Ex-Matthias-Jabs-Scorpions-0-01.jpg\",\"width\":687,\"height\":1000},{\"@type\":\"BreadcrumbList\",\"@id\":\"https:\/\/www.matts-guitar-shop.com\/de\/produit\/gibson-explorer-custom-sparkle-silver-ehem-matthias-jabs-scorpions\/#breadcrumb\",\"itemListElement\":[{\"@type\":\"ListItem\",\"position\":1,\"name\":\"Startseite\",\"item\":\"https:\/\/www.matts-guitar-shop.com\/de\/\"},{\"@type\":\"ListItem\",\"position\":2,\"name\":\"Shop\",\"item\":\"https:\/\/www.matts-guitar-shop.com\/de\/shop\/\"},{\"@type\":\"ListItem\",\"position\":3,\"name\":\"Gibson Explorer Custom Sparkle Silver, ehem. Matthias Jabs (Scorpions)\"}]},{\"@type\":\"WebSite\",\"@id\":\"https:\/\/www.matts-guitar-shop.com\/de\/#website\",\"url\":\"https:\/\/www.matts-guitar-shop.com\/de\/\",\"name\":\"matts-guitar-shop.com\",\"description\":\"Guitar Shop\",\"publisher\":{\"@id\":\"https:\/\/www.matts-guitar-shop.com\/de\/#organization\"},\"potentialAction\":[{\"@type\":\"SearchAction\",\"target\":{\"@type\":\"EntryPoint\",\"urlTemplate\":\"https:\/\/www.matts-guitar-shop.com\/de\/?s={search_term_string}\"},\"query-input\":{\"@type\":\"PropertyValueSpecification\",\"valueRequired\":true,\"valueName\":\"search_term_string\"}}],\"inLanguage\":\"de\"},{\"@type\":\"Organization\",\"@id\":\"https:\/\/www.matts-guitar-shop.com\/de\/#organization\",\"name\":\"matts-guitar-shop.com\",\"url\":\"https:\/\/www.matts-guitar-shop.com\/de\/\",\"logo\":{\"@type\":\"ImageObject\",\"inLanguage\":\"de\",\"@id\":\"https:\/\/www.matts-guitar-shop.com\/de\/#\/schema\/logo\/image\/\",\"url\":\"https:\/\/www.matts-guitar-shop.com\/wp-content\/uploads\/2024\/09\/MGS-logo-site-02.png\",\"contentUrl\":\"https:\/\/www.matts-guitar-shop.com\/wp-content\/uploads\/2024\/09\/MGS-logo-site-02.png\",\"width\":200,\"height\":122,\"caption\":\"matts-guitar-shop.com\"},\"image\":{\"@id\":\"https:\/\/www.matts-guitar-shop.com\/de\/#\/schema\/logo\/image\/\"},\"sameAs\":[\"https:\/\/www.facebook.com\/profile.php?id=100044359842817\",\"https:\/\/www.instagram.com\/mattsguitarshop\/\",\"https:\/\/www.youtube.com\/@MattLucasMan\/videos\"]}]}<\/script>\n<!-- \/ Yoast SEO plugin. -->","yoast_head_json":{"title":"Gibson Explorer Custom Sparkle Silver, ehem. Matthias Jabs (Scorpions) - Matt&#039;s Guitar Shop","description":"Gibson Explorer Custom Sparkle Silver ex-Matthias Jabs (Scorpions) ist in Ihrem Online-Shop Matt\u2019s Guitar Shop erh\u00e4ltlich.","robots":{"index":"index","follow":"follow","max-snippet":"max-snippet:-1","max-image-preview":"max-image-preview:large","max-video-preview":"max-video-preview:-1"},"canonical":"https:\/\/www.matts-guitar-shop.com\/de\/produit\/gibson-explorer-custom-sparkle-silver-ehem-matthias-jabs-scorpions\/","og_locale":"de_DE","og_type":"article","og_title":"Gibson Explorer Custom Sparkle Silver, ehem. Matthias Jabs (Scorpions) - Matt&#039;s Guitar Shop","og_description":"Gibson Explorer Custom Sparkle Silver ex-Matthias Jabs (Scorpions) ist in Ihrem Online-Shop Matt\u2019s Guitar Shop erh\u00e4ltlich.","og_url":"https:\/\/www.matts-guitar-shop.com\/de\/produit\/gibson-explorer-custom-sparkle-silver-ehem-matthias-jabs-scorpions\/","og_site_name":"Matt&#039;s Guitar Shop","article_publisher":"https:\/\/www.facebook.com\/profile.php?id=100044359842817","article_modified_time":"2025-10-31T17:03:30+00:00","og_image":[{"width":687,"height":1000,"url":"https:\/\/www.matts-guitar-shop.com\/wp-content\/uploads\/2024\/08\/Gibson-Explorer-Custom-Sparkle-Silver-Ex-Matthias-Jabs-Scorpions-0-01.jpg","type":"image\/jpeg"}],"twitter_card":"summary_large_image","schema":{"@context":"https:\/\/schema.org","@graph":[{"@type":"WebPage","@id":"https:\/\/www.matts-guitar-shop.com\/de\/produit\/gibson-explorer-custom-sparkle-silver-ehem-matthias-jabs-scorpions\/","url":"https:\/\/www.matts-guitar-shop.com\/de\/produit\/gibson-explorer-custom-sparkle-silver-ehem-matthias-jabs-scorpions\/","name":"Gibson Explorer Custom Sparkle Silver, ehem. Matthias Jabs (Scorpions) - Matt&#039;s Guitar Shop","isPartOf":{"@id":"https:\/\/www.matts-guitar-shop.com\/de\/#website"},"primaryImageOfPage":{"@id":"https:\/\/www.matts-guitar-shop.com\/de\/produit\/gibson-explorer-custom-sparkle-silver-ehem-matthias-jabs-scorpions\/#primaryimage"},"image":{"@id":"https:\/\/www.matts-guitar-shop.com\/de\/produit\/gibson-explorer-custom-sparkle-silver-ehem-matthias-jabs-scorpions\/#primaryimage"},"thumbnailUrl":"https:\/\/www.matts-guitar-shop.com\/wp-content\/uploads\/2024\/08\/Gibson-Explorer-Custom-Sparkle-Silver-Ex-Matthias-Jabs-Scorpions-0-01.jpg","datePublished":"2024-08-19T15:29:51+00:00","dateModified":"2025-10-31T17:03:30+00:00","description":"Gibson Explorer Custom Sparkle Silver ex-Matthias Jabs (Scorpions) ist in Ihrem Online-Shop Matt\u2019s Guitar Shop erh\u00e4ltlich.","breadcrumb":{"@id":"https:\/\/www.matts-guitar-shop.com\/de\/produit\/gibson-explorer-custom-sparkle-silver-ehem-matthias-jabs-scorpions\/#breadcrumb"},"inLanguage":"de","potentialAction":[{"@type":"ReadAction","target":["https:\/\/www.matts-guitar-shop.com\/de\/produit\/gibson-explorer-custom-sparkle-silver-ehem-matthias-jabs-scorpions\/"]}]},{"@type":"ImageObject","inLanguage":"de","@id":"https:\/\/www.matts-guitar-shop.com\/de\/produit\/gibson-explorer-custom-sparkle-silver-ehem-matthias-jabs-scorpions\/#primaryimage","url":"https:\/\/www.matts-guitar-shop.com\/wp-content\/uploads\/2024\/08\/Gibson-Explorer-Custom-Sparkle-Silver-Ex-Matthias-Jabs-Scorpions-0-01.jpg","contentUrl":"https:\/\/www.matts-guitar-shop.com\/wp-content\/uploads\/2024\/08\/Gibson-Explorer-Custom-Sparkle-Silver-Ex-Matthias-Jabs-Scorpions-0-01.jpg","width":687,"height":1000},{"@type":"BreadcrumbList","@id":"https:\/\/www.matts-guitar-shop.com\/de\/produit\/gibson-explorer-custom-sparkle-silver-ehem-matthias-jabs-scorpions\/#breadcrumb","itemListElement":[{"@type":"ListItem","position":1,"name":"Startseite","item":"https:\/\/www.matts-guitar-shop.com\/de\/"},{"@type":"ListItem","position":2,"name":"Shop","item":"https:\/\/www.matts-guitar-shop.com\/de\/shop\/"},{"@type":"ListItem","position":3,"name":"Gibson Explorer Custom Sparkle Silver, ehem. Matthias Jabs (Scorpions)"}]},{"@type":"WebSite","@id":"https:\/\/www.matts-guitar-shop.com\/de\/#website","url":"https:\/\/www.matts-guitar-shop.com\/de\/","name":"matts-guitar-shop.com","description":"Guitar Shop","publisher":{"@id":"https:\/\/www.matts-guitar-shop.com\/de\/#organization"},"potentialAction":[{"@type":"SearchAction","target":{"@type":"EntryPoint","urlTemplate":"https:\/\/www.matts-guitar-shop.com\/de\/?s={search_term_string}"},"query-input":{"@type":"PropertyValueSpecification","valueRequired":true,"valueName":"search_term_string"}}],"inLanguage":"de"},{"@type":"Organization","@id":"https:\/\/www.matts-guitar-shop.com\/de\/#organization","name":"matts-guitar-shop.com","url":"https:\/\/www.matts-guitar-shop.com\/de\/","logo":{"@type":"ImageObject","inLanguage":"de","@id":"https:\/\/www.matts-guitar-shop.com\/de\/#\/schema\/logo\/image\/","url":"https:\/\/www.matts-guitar-shop.com\/wp-content\/uploads\/2024\/09\/MGS-logo-site-02.png","contentUrl":"https:\/\/www.matts-guitar-shop.com\/wp-content\/uploads\/2024\/09\/MGS-logo-site-02.png","width":200,"height":122,"caption":"matts-guitar-shop.com"},"image":{"@id":"https:\/\/www.matts-guitar-shop.com\/de\/#\/schema\/logo\/image\/"},"sameAs":["https:\/\/www.facebook.com\/profile.php?id=100044359842817","https:\/\/www.instagram.com\/mattsguitarshop\/","https:\/\/www.youtube.com\/@MattLucasMan\/videos"]}]}},"_links":{"self":[{"href":"https:\/\/www.matts-guitar-shop.com\/de\/wp-json\/wp\/v2\/product\/19981","targetHints":{"allow":["GET"]}}],"collection":[{"href":"https:\/\/www.matts-guitar-shop.com\/de\/wp-json\/wp\/v2\/product"}],"about":[{"href":"https:\/\/www.matts-guitar-shop.com\/de\/wp-json\/wp\/v2\/types\/product"}],"replies":[{"embeddable":true,"href":"https:\/\/www.matts-guitar-shop.com\/de\/wp-json\/wp\/v2\/comments?post=19981"}],"wp:featuredmedia":[{"embeddable":true,"href":"https:\/\/www.matts-guitar-shop.com\/de\/wp-json\/wp\/v2\/media\/4814"}],"wp:attachment":[{"href":"https:\/\/www.matts-guitar-shop.com\/de\/wp-json\/wp\/v2\/media?parent=19981"}],"wp:term":[{"taxonomy":"product_brand","embeddable":true,"href":"https:\/\/www.matts-guitar-shop.com\/de\/wp-json\/wp\/v2\/product_brand?post=19981"},{"taxonomy":"product_cat","embeddable":true,"href":"https:\/\/www.matts-guitar-shop.com\/de\/wp-json\/wp\/v2\/product_cat?post=19981"},{"taxonomy":"product_tag","embeddable":true,"href":"https:\/\/www.matts-guitar-shop.com\/de\/wp-json\/wp\/v2\/product_tag?post=19981"}],"curies":[{"name":"wp","href":"https:\/\/api.w.org\/{rel}","templated":true}]}}